{"id":5057,"date":"2024-12-19T17:04:15","date_gmt":"2024-12-19T15:04:15","guid":{"rendered":"https:\/\/balufy.com\/?page_id=5057"},"modified":"2025-04-30T22:28:33","modified_gmt":"2025-04-30T20:28:33","slug":"stellenangebot-kundenbetreuung","status":"publish","type":"page","link":"https:\/\/balufy.com\/de\/beschaftigung\/stellenangebot-kundenbetreuung\/","title":{"rendered":"Stellenangebot: Kundenbetreuung"},"content":{"rendered":"<h3 data-sourcepos=\"7:1-7:62\"><span style=\"color: #455b70;\"><strong>Verst\u00e4rken Sie unser Team als Customer Support Agent!<\/strong><\/span><\/h3>\n<p data-sourcepos=\"9:1-9:140\"><strong>Haben Sie eine Leidenschaft daf\u00fcr, Menschen zu helfen und Probleme zu l\u00f6sen? Suchen Sie eine Stelle, bei der Sie Ihre Kommunikations- und Empathief\u00e4higkeit einsetzen k\u00f6nnen?<\/strong><\/p>\n<p data-sourcepos=\"11:1-11:219\">Wir bei Balufy.com suchen einen Kundenbetreuer zur Verst\u00e4rkung unseres Teams. Wenn Sie \u00fcber ausgezeichnete Kommunikationsf\u00e4higkeiten verf\u00fcgen, geduldig sind und es lieben, L\u00f6sungen zu finden, dann ist dies die richtige Gelegenheit f\u00fcr Sie!<\/p>\n<p data-sourcepos=\"13:1-13:456\">In dieser Funktion sind Sie die erste Anlaufstelle f\u00fcr unsere Kunden und helfen ihnen, ihre Fragen effizient und freundlich zu l\u00f6sen. Sie werden f\u00fcr die Bearbeitung von Anrufen, E-Mails und Chats verantwortlich sein und sicherstellen, dass unsere Kunden einen au\u00dfergew\u00f6hnlichen Kundenservice erhalten. Wir bieten ein kollegiales Arbeitsumfeld mit M\u00f6glichkeiten zur beruflichen Weiterentwicklung und ein Team, das Ihnen hilft, Ihre Ziele zu erreichen.<\/p>\n<h3><span style=\"color: #455b70;\"><b>Stellenbeschreibung:<\/b><\/span><\/h3>\n<p>Wir suchen einen <b>Spezialist f\u00fcr Kundenbetreuung<\/b> um pers\u00f6nliche Unterst\u00fctzung zu bieten und Fragen unserer G\u00e4ste und Eigent\u00fcmer zu beantworten.<\/p>\n<h3><span style=\"color: #455b70;\"><b>Zust\u00e4ndigkeiten:<\/b><\/span><\/h3>\n<ul>\n<li aria-level=\"1\">Beantwortung von Anfragen und L\u00f6sung von Problemen per Telefon, Chat und E-Mail.<\/li>\n<li aria-level=\"1\">Bereitstellung von Informationen \u00fcber unsere Immobilien und Dienstleistungen.<\/li>\n<li aria-level=\"1\">Sicherstellung einer zufriedenstellenden Kundenerfahrung.<\/li>\n<\/ul>\n<h3><span style=\"color: #455b70;\"><b>Anforderungen:<\/b><\/span><\/h3>\n<ul>\n<li aria-level=\"1\">Ausgezeichnete Kommunikationsf\u00e4higkeiten.<\/li>\n<li aria-level=\"1\">Fr\u00fchere Erfahrungen im Kundendienst.<\/li>\n<li aria-level=\"1\">Bereitschaft zur Arbeit in Wechselschichten.<\/li>\n<\/ul>","protected":false},"excerpt":{"rendered":"<p>\u00a1\u00danete a nuestro equipo como Agente de Soporte al Cliente! \u00bfTe apasiona ayudar a las personas y resolver problemas? \u00bfBuscas un trabajo donde puedas utilizar tus habilidades de comunicaci\u00f3n y empat\u00eda? En Balufy.com, estamos buscando un Agente de Soporte al Cliente para unirse a nuestro equipo. Si tienes una excelente capacidad para comunicarte, eres paciente [&hellip;]<\/p>","protected":false},"author":31,"featured_media":5859,"parent":3829,"menu_order":0,"comment_status":"closed","ping_status":"closed","template":"","meta":{"footnotes":""},"class_list":["post-5057","page","type-page","status-publish","has-post-thumbnail","hentry"],"yoast_head":"<!-- This site is optimized with the Yoast SEO plugin v27.3 - https:\/\/yoast.com\/product\/yoast-seo-wordpress\/ -->\n<title>Oportunidades de Empleo en Balufy | \u00danete a Nuestro Equipo<\/title>\n<meta name=\"description\" content=\"Oportunidades laborales en Balufy, forma parte de una plataforma l\u00edder en alquiler de lujo. Crece profesionalmente con nosotros.\" \/>\n<meta name=\"robots\" content=\"index, follow, max-snippet:-1, max-image-preview:large, max-video-preview:-1\" \/>\n<link rel=\"canonical\" href=\"https:\/\/balufy.com\/de\/beschaftigung\/stellenangebot-kundenbetreuung\/\" \/>\n<meta property=\"og:locale\" content=\"de_DE\" \/>\n<meta property=\"og:type\" content=\"article\" \/>\n<meta property=\"og:title\" content=\"Oportunidades de Empleo en Balufy | \u00danete a Nuestro Equipo\" \/>\n<meta property=\"og:description\" content=\"Oportunidades laborales en Balufy, forma parte de una plataforma l\u00edder en alquiler de lujo. Crece profesionalmente con nosotros.\" \/>\n<meta property=\"og:url\" content=\"https:\/\/balufy.com\/de\/beschaftigung\/stellenangebot-kundenbetreuung\/\" \/>\n<meta property=\"og:site_name\" content=\"Balufy - The taste of Experience\" \/>\n<meta property=\"article:publisher\" content=\"https:\/\/www.facebook.com\/Balufy-102705001596047\" \/>\n<meta property=\"article:modified_time\" content=\"2025-04-30T20:28:33+00:00\" \/>\n<meta property=\"og:image\" content=\"https:\/\/balufy.com\/wp-content\/uploads\/2025\/01\/cabecera-ofertas-de-empleo-soporte-al-cliente.jpg\" \/>\n\t<meta property=\"og:image:width\" content=\"2560\" \/>\n\t<meta property=\"og:image:height\" content=\"675\" \/>\n\t<meta property=\"og:image:type\" content=\"image\/jpeg\" \/>\n<meta name=\"twitter:card\" content=\"summary_large_image\" \/>\n<meta name=\"twitter:label1\" content=\"Gesch\u00e4tzte Lesezeit\" \/>\n\t<meta name=\"twitter:data1\" content=\"1\u00a0Minute\" \/>\n<script type=\"application\/ld+json\" class=\"yoast-schema-graph\">{\"@context\":\"https:\\\/\\\/schema.org\",\"@graph\":[{\"@type\":\"WebPage\",\"@id\":\"https:\\\/\\\/balufy.com\\\/es\\\/empleo\\\/oferta-de-empleo-soporte-al-cliente\\\/\",\"url\":\"https:\\\/\\\/balufy.com\\\/es\\\/empleo\\\/oferta-de-empleo-soporte-al-cliente\\\/\",\"name\":\"Oportunidades de Empleo en Balufy | \u00danete a Nuestro Equipo\",\"isPartOf\":{\"@id\":\"https:\\\/\\\/balufy.com\\\/es\\\/#website\"},\"primaryImageOfPage\":{\"@id\":\"https:\\\/\\\/balufy.com\\\/es\\\/empleo\\\/oferta-de-empleo-soporte-al-cliente\\\/#primaryimage\"},\"image\":{\"@id\":\"https:\\\/\\\/balufy.com\\\/es\\\/empleo\\\/oferta-de-empleo-soporte-al-cliente\\\/#primaryimage\"},\"thumbnailUrl\":\"https:\\\/\\\/balufy.com\\\/wp-content\\\/uploads\\\/2025\\\/01\\\/cabecera-ofertas-de-empleo-soporte-al-cliente.jpg\",\"datePublished\":\"2024-12-19T15:04:15+00:00\",\"dateModified\":\"2025-04-30T20:28:33+00:00\",\"description\":\"Oportunidades laborales en Balufy, forma parte de una plataforma l\u00edder en alquiler de lujo. Crece profesionalmente con nosotros.\",\"breadcrumb\":{\"@id\":\"https:\\\/\\\/balufy.com\\\/es\\\/empleo\\\/oferta-de-empleo-soporte-al-cliente\\\/#breadcrumb\"},\"inLanguage\":\"de\",\"potentialAction\":[{\"@type\":\"ReadAction\",\"target\":[\"https:\\\/\\\/balufy.com\\\/es\\\/empleo\\\/oferta-de-empleo-soporte-al-cliente\\\/\"]}]},{\"@type\":\"ImageObject\",\"inLanguage\":\"de\",\"@id\":\"https:\\\/\\\/balufy.com\\\/es\\\/empleo\\\/oferta-de-empleo-soporte-al-cliente\\\/#primaryimage\",\"url\":\"https:\\\/\\\/balufy.com\\\/wp-content\\\/uploads\\\/2025\\\/01\\\/cabecera-ofertas-de-empleo-soporte-al-cliente.jpg\",\"contentUrl\":\"https:\\\/\\\/balufy.com\\\/wp-content\\\/uploads\\\/2025\\\/01\\\/cabecera-ofertas-de-empleo-soporte-al-cliente.jpg\",\"width\":2560,\"height\":675},{\"@type\":\"BreadcrumbList\",\"@id\":\"https:\\\/\\\/balufy.com\\\/es\\\/empleo\\\/oferta-de-empleo-soporte-al-cliente\\\/#breadcrumb\",\"itemListElement\":[{\"@type\":\"ListItem\",\"position\":1,\"name\":\"Portada\",\"item\":\"https:\\\/\\\/balufy.com\\\/\"},{\"@type\":\"ListItem\",\"position\":2,\"name\":\"Empleo\",\"item\":\"https:\\\/\\\/balufy.com\\\/es\\\/empleo\\\/\"},{\"@type\":\"ListItem\",\"position\":3,\"name\":\"Oferta de empleo: Soporte al Cliente\"}]},{\"@type\":\"WebSite\",\"@id\":\"https:\\\/\\\/balufy.com\\\/es\\\/#website\",\"url\":\"https:\\\/\\\/balufy.com\\\/es\\\/\",\"name\":\"Balufy - Taste of experience\",\"description\":\"Balufy\",\"publisher\":{\"@id\":\"https:\\\/\\\/balufy.com\\\/es\\\/#organization\"},\"potentialAction\":[{\"@type\":\"SearchAction\",\"target\":{\"@type\":\"EntryPoint\",\"urlTemplate\":\"https:\\\/\\\/balufy.com\\\/es\\\/?s={search_term_string}\"},\"query-input\":{\"@type\":\"PropertyValueSpecification\",\"valueRequired\":true,\"valueName\":\"search_term_string\"}}],\"inLanguage\":\"de\"},{\"@type\":\"Organization\",\"@id\":\"https:\\\/\\\/balufy.com\\\/es\\\/#organization\",\"name\":\"Balufy\",\"url\":\"https:\\\/\\\/balufy.com\\\/es\\\/\",\"logo\":{\"@type\":\"ImageObject\",\"inLanguage\":\"de\",\"@id\":\"https:\\\/\\\/balufy.com\\\/es\\\/#\\\/schema\\\/logo\\\/image\\\/\",\"url\":\"https:\\\/\\\/balufy.com\\\/wp-content\\\/uploads\\\/2022\\\/06\\\/LOGO_PNG.png\",\"contentUrl\":\"https:\\\/\\\/balufy.com\\\/wp-content\\\/uploads\\\/2022\\\/06\\\/LOGO_PNG.png\",\"width\":1366,\"height\":768,\"caption\":\"Balufy\"},\"image\":{\"@id\":\"https:\\\/\\\/balufy.com\\\/es\\\/#\\\/schema\\\/logo\\\/image\\\/\"},\"sameAs\":[\"https:\\\/\\\/www.facebook.com\\\/Balufy-102705001596047\",\"https:\\\/\\\/www.instagram.com\\\/balufy_oficial\\\/\"]}]}<\/script>\n<!-- \/ Yoast SEO plugin. -->","yoast_head_json":{"title":"Jobangebote bei Balufy | Werden Sie Teil unseres Teams","description":"Jobangebote bei Balufy, werden Sie Teil einer f\u00fchrenden Plattform f\u00fcr Luxusvermietung. Wachsen Sie beruflich mit uns.","robots":{"index":"index","follow":"follow","max-snippet":"max-snippet:-1","max-image-preview":"max-image-preview:large","max-video-preview":"max-video-preview:-1"},"canonical":"https:\/\/balufy.com\/de\/beschaftigung\/stellenangebot-kundenbetreuung\/","og_locale":"de_DE","og_type":"article","og_title":"Oportunidades de Empleo en Balufy | \u00danete a Nuestro Equipo","og_description":"Oportunidades laborales en Balufy, forma parte de una plataforma l\u00edder en alquiler de lujo. Crece profesionalmente con nosotros.","og_url":"https:\/\/balufy.com\/de\/beschaftigung\/stellenangebot-kundenbetreuung\/","og_site_name":"Balufy - The taste of Experience","article_publisher":"https:\/\/www.facebook.com\/Balufy-102705001596047","article_modified_time":"2025-04-30T20:28:33+00:00","og_image":[{"width":2560,"height":675,"url":"https:\/\/balufy.com\/wp-content\/uploads\/2025\/01\/cabecera-ofertas-de-empleo-soporte-al-cliente.jpg","type":"image\/jpeg"}],"twitter_card":"summary_large_image","twitter_misc":{"Gesch\u00e4tzte Lesezeit":"1\u00a0Minute"},"schema":{"@context":"https:\/\/schema.org","@graph":[{"@type":"WebPage","@id":"https:\/\/balufy.com\/es\/empleo\/oferta-de-empleo-soporte-al-cliente\/","url":"https:\/\/balufy.com\/es\/empleo\/oferta-de-empleo-soporte-al-cliente\/","name":"Jobangebote bei Balufy | Werden Sie Teil unseres Teams","isPartOf":{"@id":"https:\/\/balufy.com\/es\/#website"},"primaryImageOfPage":{"@id":"https:\/\/balufy.com\/es\/empleo\/oferta-de-empleo-soporte-al-cliente\/#primaryimage"},"image":{"@id":"https:\/\/balufy.com\/es\/empleo\/oferta-de-empleo-soporte-al-cliente\/#primaryimage"},"thumbnailUrl":"https:\/\/balufy.com\/wp-content\/uploads\/2025\/01\/cabecera-ofertas-de-empleo-soporte-al-cliente.jpg","datePublished":"2024-12-19T15:04:15+00:00","dateModified":"2025-04-30T20:28:33+00:00","description":"Jobangebote bei Balufy, werden Sie Teil einer f\u00fchrenden Plattform f\u00fcr Luxusvermietung. Wachsen Sie beruflich mit uns.","breadcrumb":{"@id":"https:\/\/balufy.com\/es\/empleo\/oferta-de-empleo-soporte-al-cliente\/#breadcrumb"},"inLanguage":"de","potentialAction":[{"@type":"ReadAction","target":["https:\/\/balufy.com\/es\/empleo\/oferta-de-empleo-soporte-al-cliente\/"]}]},{"@type":"ImageObject","inLanguage":"de","@id":"https:\/\/balufy.com\/es\/empleo\/oferta-de-empleo-soporte-al-cliente\/#primaryimage","url":"https:\/\/balufy.com\/wp-content\/uploads\/2025\/01\/cabecera-ofertas-de-empleo-soporte-al-cliente.jpg","contentUrl":"https:\/\/balufy.com\/wp-content\/uploads\/2025\/01\/cabecera-ofertas-de-empleo-soporte-al-cliente.jpg","width":2560,"height":675},{"@type":"BreadcrumbList","@id":"https:\/\/balufy.com\/es\/empleo\/oferta-de-empleo-soporte-al-cliente\/#breadcrumb","itemListElement":[{"@type":"ListItem","position":1,"name":"Portada","item":"https:\/\/balufy.com\/"},{"@type":"ListItem","position":2,"name":"Empleo","item":"https:\/\/balufy.com\/es\/empleo\/"},{"@type":"ListItem","position":3,"name":"Oferta de empleo: Soporte al Cliente"}]},{"@type":"WebSite","@id":"https:\/\/balufy.com\/es\/#website","url":"https:\/\/balufy.com\/es\/","name":"Balufy - Geschmack der Erfahrung","description":"Balufy","publisher":{"@id":"https:\/\/balufy.com\/es\/#organization"},"potentialAction":[{"@type":"SearchAction","target":{"@type":"EntryPoint","urlTemplate":"https:\/\/balufy.com\/es\/?s={search_term_string}"},"query-input":{"@type":"PropertyValueSpecification","valueRequired":true,"valueName":"search_term_string"}}],"inLanguage":"de"},{"@type":"Organization","@id":"https:\/\/balufy.com\/es\/#organization","name":"Balufy","url":"https:\/\/balufy.com\/es\/","logo":{"@type":"ImageObject","inLanguage":"de","@id":"https:\/\/balufy.com\/es\/#\/schema\/logo\/image\/","url":"https:\/\/balufy.com\/wp-content\/uploads\/2022\/06\/LOGO_PNG.png","contentUrl":"https:\/\/balufy.com\/wp-content\/uploads\/2022\/06\/LOGO_PNG.png","width":1366,"height":768,"caption":"Balufy"},"image":{"@id":"https:\/\/balufy.com\/es\/#\/schema\/logo\/image\/"},"sameAs":["https:\/\/www.facebook.com\/Balufy-102705001596047","https:\/\/www.instagram.com\/balufy_oficial\/"]}]}},"_links":{"self":[{"href":"https:\/\/balufy.com\/de\/wp-json\/wp\/v2\/pages\/5057","targetHints":{"allow":["GET"]}}],"collection":[{"href":"https:\/\/balufy.com\/de\/wp-json\/wp\/v2\/pages"}],"about":[{"href":"https:\/\/balufy.com\/de\/wp-json\/wp\/v2\/types\/page"}],"author":[{"embeddable":true,"href":"https:\/\/balufy.com\/de\/wp-json\/wp\/v2\/users\/31"}],"replies":[{"embeddable":true,"href":"https:\/\/balufy.com\/de\/wp-json\/wp\/v2\/comments?post=5057"}],"version-history":[{"count":0,"href":"https:\/\/balufy.com\/de\/wp-json\/wp\/v2\/pages\/5057\/revisions"}],"up":[{"embeddable":true,"href":"https:\/\/balufy.com\/de\/wp-json\/wp\/v2\/pages\/3829"}],"wp:featuredmedia":[{"embeddable":true,"href":"https:\/\/balufy.com\/de\/wp-json\/wp\/v2\/media\/5859"}],"wp:attachment":[{"href":"https:\/\/balufy.com\/de\/wp-json\/wp\/v2\/media?parent=5057"}],"curies":[{"name":"wp","href":"https:\/\/api.w.org\/{rel}","templated":true}]}}