{"id":5058,"date":"2024-12-19T17:09:11","date_gmt":"2024-12-19T15:09:11","guid":{"rendered":"https:\/\/balufy.com\/?page_id=5058"},"modified":"2025-04-30T22:33:47","modified_gmt":"2025-04-30T20:33:47","slug":"stellenangebot-verwaltungsassistentin","status":"publish","type":"page","link":"https:\/\/balufy.com\/de\/beschaftigung\/stellenangebot-verwaltungsassistentin\/","title":{"rendered":"Stellenangebot: Verwaltungsassistentin"},"content":{"rendered":"<h3><strong><span style=\"color: #455b70;\">Verst\u00e4rken Sie unser Team als Verwaltungsassistent!<\/span><\/strong><\/h3>\n<p><strong>Suchen Sie nach einer M\u00f6glichkeit, Ihre Karriere in einem dynamischen und professionellen Umfeld zu entwickeln?<\/strong><\/p>\n<p>Bei Balufy.com sch\u00e4tzen wir Talent und Engagement und suchen eine\/n engagierte\/n und proaktive\/n Verwaltungsassistent\/in. Wenn Sie \u00fcber Organisationstalent, Liebe zum Detail und Lernbereitschaft verf\u00fcgen, ist dies die richtige Stelle f\u00fcr Sie!<\/p>\n<p>In dieser Position werden Sie eine Schl\u00fcsselrolle im Tagesgesch\u00e4ft unseres B\u00fcros spielen, indem Sie administrative Aufgaben unterst\u00fctzen, Unterlagen verwalten und mit verschiedenen Abteilungen zusammenarbeiten. Wir bieten ein kollegiales Arbeitsumfeld, Entwicklungsm\u00f6glichkeiten und kontinuierliche Fortbildung.<\/p>\n<h3><strong><span style=\"color: #455b70;\">Stellenbeschreibung:<\/span><\/strong><\/h3>\n<p>Wir suchen einen <b>Verwaltungsassistentin<\/b> Mit Organisationstalent und Liebe zum Detail unterst\u00fctzen Sie die t\u00e4glichen Verwaltungsaufgaben unseres Reiseb\u00fcros.<\/p>\n<h3><strong><span style=\"color: #455b70;\">Zust\u00e4ndigkeiten:<\/span><\/strong><\/h3>\n<ul>\n<li aria-level=\"1\">Verwaltung und Archivierung von Dokumenten.<\/li>\n<li aria-level=\"1\">Aktualisierung von Datenbanken und internen Systemen.<\/li>\n<li aria-level=\"1\">Unterst\u00fctzung bei der Koordinierung von Verwaltungsaufgaben.<\/li>\n<li aria-level=\"1\">Erstellung von Berichten und Schriftverkehr.<\/li>\n<\/ul>\n<h3><strong><span style=\"color: #455b70;\">Anforderungen:<\/span><\/strong><\/h3>\n<ul>\n<li aria-level=\"1\">Fr\u00fchere Erfahrungen mit Verwaltungsaufgaben (w\u00fcnschenswert).<\/li>\n<li aria-level=\"1\">Grundlegende Anwendung von Office-Tools (Excel, Word).<\/li>\n<li aria-level=\"1\">Proaktive Einstellung und organisatorische F\u00e4higkeiten.<\/li>\n<\/ul>","protected":false},"excerpt":{"rendered":"<p>\u00a1\u00danete a nuestro equipo como Auxiliar Administrativo! \u00bfEst\u00e1s buscando una oportunidad para desarrollar tu carrera en un entorno din\u00e1mico y profesional? En Balufy.com, valoramos el talento y la dedicaci\u00f3n, y estamos en busca de un Auxiliar Administrativo comprometido y proactivo. Si tienes habilidades organizativas, atenci\u00f3n al detalle y ganas de aprender, \u00a1esta es tu oportunidad! [&hellip;]<\/p>","protected":false},"author":31,"featured_media":5800,"parent":3829,"menu_order":0,"comment_status":"closed","ping_status":"closed","template":"","meta":{"footnotes":""},"class_list":["post-5058","page","type-page","status-publish","has-post-thumbnail","hentry"],"yoast_head":"<!-- This site is optimized with the Yoast SEO plugin v27.3 - https:\/\/yoast.com\/product\/yoast-seo-wordpress\/ -->\n<title>\u00danete a Balufy como Auxiliar Administrativo | Oportunidad<\/title>\n<meta name=\"description\" content=\"Balufy busca auxiliares administrativos para formar parte de su equipo. Desarrolla tu carrera en un entorno exclusivo.\" \/>\n<meta name=\"robots\" content=\"index, follow, max-snippet:-1, max-image-preview:large, max-video-preview:-1\" \/>\n<link rel=\"canonical\" href=\"https:\/\/balufy.com\/de\/beschaftigung\/stellenangebot-verwaltungsassistentin\/\" \/>\n<meta property=\"og:locale\" content=\"de_DE\" \/>\n<meta property=\"og:type\" content=\"article\" \/>\n<meta property=\"og:title\" content=\"\u00danete a Balufy como Auxiliar Administrativo | Oportunidad\" \/>\n<meta property=\"og:description\" content=\"Balufy busca auxiliares administrativos para formar parte de su equipo. Desarrolla tu carrera en un entorno exclusivo.\" \/>\n<meta property=\"og:url\" content=\"https:\/\/balufy.com\/de\/beschaftigung\/stellenangebot-verwaltungsassistentin\/\" \/>\n<meta property=\"og:site_name\" content=\"Balufy\" \/>\n<meta property=\"article:publisher\" content=\"https:\/\/www.facebook.com\/Balufy-102705001596047\" \/>\n<meta property=\"article:modified_time\" content=\"2025-04-30T20:33:47+00:00\" \/>\n<meta property=\"og:image\" content=\"https:\/\/balufy.com\/wp-content\/uploads\/2025\/01\/cabecera-ofertas-de-empleo-auxiliar-administrwativo-mallorca.jpg\" \/>\n\t<meta property=\"og:image:width\" content=\"2560\" \/>\n\t<meta property=\"og:image:height\" content=\"675\" \/>\n\t<meta property=\"og:image:type\" content=\"image\/jpeg\" \/>\n<meta name=\"twitter:card\" content=\"summary_large_image\" \/>\n<meta name=\"twitter:label1\" content=\"Gesch\u00e4tzte Lesezeit\" \/>\n\t<meta name=\"twitter:data1\" content=\"1\u00a0Minute\" \/>\n<script type=\"application\/ld+json\" class=\"yoast-schema-graph\">{\"@context\":\"https:\\\/\\\/schema.org\",\"@graph\":[{\"@type\":\"WebPage\",\"@id\":\"https:\\\/\\\/balufy.com\\\/es\\\/empleo\\\/oferta-de-empleo-auxiliar-administrativo\\\/\",\"url\":\"https:\\\/\\\/balufy.com\\\/es\\\/empleo\\\/oferta-de-empleo-auxiliar-administrativo\\\/\",\"name\":\"\u00danete a Balufy como Auxiliar Administrativo | Oportunidad\",\"isPartOf\":{\"@id\":\"https:\\\/\\\/balufy.com\\\/es\\\/#website\"},\"primaryImageOfPage\":{\"@id\":\"https:\\\/\\\/balufy.com\\\/es\\\/empleo\\\/oferta-de-empleo-auxiliar-administrativo\\\/#primaryimage\"},\"image\":{\"@id\":\"https:\\\/\\\/balufy.com\\\/es\\\/empleo\\\/oferta-de-empleo-auxiliar-administrativo\\\/#primaryimage\"},\"thumbnailUrl\":\"https:\\\/\\\/balufy.com\\\/wp-content\\\/uploads\\\/2025\\\/01\\\/cabecera-ofertas-de-empleo-auxiliar-administrwativo-mallorca.jpg\",\"datePublished\":\"2024-12-19T15:09:11+00:00\",\"dateModified\":\"2025-04-30T20:33:47+00:00\",\"description\":\"Balufy busca auxiliares administrativos para formar parte de su equipo. Desarrolla tu carrera en un entorno exclusivo.\",\"breadcrumb\":{\"@id\":\"https:\\\/\\\/balufy.com\\\/es\\\/empleo\\\/oferta-de-empleo-auxiliar-administrativo\\\/#breadcrumb\"},\"inLanguage\":\"de\",\"potentialAction\":[{\"@type\":\"ReadAction\",\"target\":[\"https:\\\/\\\/balufy.com\\\/es\\\/empleo\\\/oferta-de-empleo-auxiliar-administrativo\\\/\"]}]},{\"@type\":\"ImageObject\",\"inLanguage\":\"de\",\"@id\":\"https:\\\/\\\/balufy.com\\\/es\\\/empleo\\\/oferta-de-empleo-auxiliar-administrativo\\\/#primaryimage\",\"url\":\"https:\\\/\\\/balufy.com\\\/wp-content\\\/uploads\\\/2025\\\/01\\\/cabecera-ofertas-de-empleo-auxiliar-administrwativo-mallorca.jpg\",\"contentUrl\":\"https:\\\/\\\/balufy.com\\\/wp-content\\\/uploads\\\/2025\\\/01\\\/cabecera-ofertas-de-empleo-auxiliar-administrwativo-mallorca.jpg\",\"width\":2560,\"height\":675},{\"@type\":\"BreadcrumbList\",\"@id\":\"https:\\\/\\\/balufy.com\\\/es\\\/empleo\\\/oferta-de-empleo-auxiliar-administrativo\\\/#breadcrumb\",\"itemListElement\":[{\"@type\":\"ListItem\",\"position\":1,\"name\":\"Portada\",\"item\":\"https:\\\/\\\/balufy.com\\\/\"},{\"@type\":\"ListItem\",\"position\":2,\"name\":\"Empleo\",\"item\":\"https:\\\/\\\/balufy.com\\\/es\\\/empleo\\\/\"},{\"@type\":\"ListItem\",\"position\":3,\"name\":\"Oferta de empleo: Auxiliar administrativo\"}]},{\"@type\":\"WebSite\",\"@id\":\"https:\\\/\\\/balufy.com\\\/es\\\/#website\",\"url\":\"https:\\\/\\\/balufy.com\\\/es\\\/\",\"name\":\"Balufy - Taste of experience\",\"description\":\"Balufy\",\"publisher\":{\"@id\":\"https:\\\/\\\/balufy.com\\\/es\\\/#organization\"},\"potentialAction\":[{\"@type\":\"SearchAction\",\"target\":{\"@type\":\"EntryPoint\",\"urlTemplate\":\"https:\\\/\\\/balufy.com\\\/es\\\/?s={search_term_string}\"},\"query-input\":{\"@type\":\"PropertyValueSpecification\",\"valueRequired\":true,\"valueName\":\"search_term_string\"}}],\"inLanguage\":\"de\"},{\"@type\":\"Organization\",\"@id\":\"https:\\\/\\\/balufy.com\\\/es\\\/#organization\",\"name\":\"Balufy\",\"url\":\"https:\\\/\\\/balufy.com\\\/es\\\/\",\"logo\":{\"@type\":\"ImageObject\",\"inLanguage\":\"de\",\"@id\":\"https:\\\/\\\/balufy.com\\\/es\\\/#\\\/schema\\\/logo\\\/image\\\/\",\"url\":\"https:\\\/\\\/balufy.com\\\/wp-content\\\/uploads\\\/2022\\\/06\\\/LOGO_PNG.png\",\"contentUrl\":\"https:\\\/\\\/balufy.com\\\/wp-content\\\/uploads\\\/2022\\\/06\\\/LOGO_PNG.png\",\"width\":1366,\"height\":768,\"caption\":\"Balufy\"},\"image\":{\"@id\":\"https:\\\/\\\/balufy.com\\\/es\\\/#\\\/schema\\\/logo\\\/image\\\/\"},\"sameAs\":[\"https:\\\/\\\/www.facebook.com\\\/Balufy-102705001596047\",\"https:\\\/\\\/www.instagram.com\\\/balufy_oficial\\\/\"]}]}<\/script>\n<!-- \/ Yoast SEO plugin. -->","yoast_head_json":{"title":"Treten Sie Balufy als Verwaltungsassistent bei | Gelegenheit","description":"Balufy sucht Verwaltungsassistenten zur Verst\u00e4rkung seines Teams. Entwickeln Sie Ihre Karriere in einem exklusiven Umfeld.","robots":{"index":"index","follow":"follow","max-snippet":"max-snippet:-1","max-image-preview":"max-image-preview:large","max-video-preview":"max-video-preview:-1"},"canonical":"https:\/\/balufy.com\/de\/beschaftigung\/stellenangebot-verwaltungsassistentin\/","og_locale":"de_DE","og_type":"article","og_title":"\u00danete a Balufy como Auxiliar Administrativo | Oportunidad","og_description":"Balufy busca auxiliares administrativos para formar parte de su equipo. Desarrolla tu carrera en un entorno exclusivo.","og_url":"https:\/\/balufy.com\/de\/beschaftigung\/stellenangebot-verwaltungsassistentin\/","og_site_name":"Balufy","article_publisher":"https:\/\/www.facebook.com\/Balufy-102705001596047","article_modified_time":"2025-04-30T20:33:47+00:00","og_image":[{"width":2560,"height":675,"url":"https:\/\/balufy.com\/wp-content\/uploads\/2025\/01\/cabecera-ofertas-de-empleo-auxiliar-administrwativo-mallorca.jpg","type":"image\/jpeg"}],"twitter_card":"summary_large_image","twitter_misc":{"Gesch\u00e4tzte Lesezeit":"1\u00a0Minute"},"schema":{"@context":"https:\/\/schema.org","@graph":[{"@type":"WebPage","@id":"https:\/\/balufy.com\/es\/empleo\/oferta-de-empleo-auxiliar-administrativo\/","url":"https:\/\/balufy.com\/es\/empleo\/oferta-de-empleo-auxiliar-administrativo\/","name":"Treten Sie Balufy als Verwaltungsassistent bei | Gelegenheit","isPartOf":{"@id":"https:\/\/balufy.com\/es\/#website"},"primaryImageOfPage":{"@id":"https:\/\/balufy.com\/es\/empleo\/oferta-de-empleo-auxiliar-administrativo\/#primaryimage"},"image":{"@id":"https:\/\/balufy.com\/es\/empleo\/oferta-de-empleo-auxiliar-administrativo\/#primaryimage"},"thumbnailUrl":"https:\/\/balufy.com\/wp-content\/uploads\/2025\/01\/cabecera-ofertas-de-empleo-auxiliar-administrwativo-mallorca.jpg","datePublished":"2024-12-19T15:09:11+00:00","dateModified":"2025-04-30T20:33:47+00:00","description":"Balufy sucht Verwaltungsassistenten zur Verst\u00e4rkung seines Teams. Entwickeln Sie Ihre Karriere in einem exklusiven Umfeld.","breadcrumb":{"@id":"https:\/\/balufy.com\/es\/empleo\/oferta-de-empleo-auxiliar-administrativo\/#breadcrumb"},"inLanguage":"de","potentialAction":[{"@type":"ReadAction","target":["https:\/\/balufy.com\/es\/empleo\/oferta-de-empleo-auxiliar-administrativo\/"]}]},{"@type":"ImageObject","inLanguage":"de","@id":"https:\/\/balufy.com\/es\/empleo\/oferta-de-empleo-auxiliar-administrativo\/#primaryimage","url":"https:\/\/balufy.com\/wp-content\/uploads\/2025\/01\/cabecera-ofertas-de-empleo-auxiliar-administrwativo-mallorca.jpg","contentUrl":"https:\/\/balufy.com\/wp-content\/uploads\/2025\/01\/cabecera-ofertas-de-empleo-auxiliar-administrwativo-mallorca.jpg","width":2560,"height":675},{"@type":"BreadcrumbList","@id":"https:\/\/balufy.com\/es\/empleo\/oferta-de-empleo-auxiliar-administrativo\/#breadcrumb","itemListElement":[{"@type":"ListItem","position":1,"name":"Portada","item":"https:\/\/balufy.com\/"},{"@type":"ListItem","position":2,"name":"Empleo","item":"https:\/\/balufy.com\/es\/empleo\/"},{"@type":"ListItem","position":3,"name":"Oferta de empleo: Auxiliar administrativo"}]},{"@type":"WebSite","@id":"https:\/\/balufy.com\/es\/#website","url":"https:\/\/balufy.com\/es\/","name":"Balufy - Geschmack der Erfahrung","description":"Balufy","publisher":{"@id":"https:\/\/balufy.com\/es\/#organization"},"potentialAction":[{"@type":"SearchAction","target":{"@type":"EntryPoint","urlTemplate":"https:\/\/balufy.com\/es\/?s={search_term_string}"},"query-input":{"@type":"PropertyValueSpecification","valueRequired":true,"valueName":"search_term_string"}}],"inLanguage":"de"},{"@type":"Organization","@id":"https:\/\/balufy.com\/es\/#organization","name":"Balufy","url":"https:\/\/balufy.com\/es\/","logo":{"@type":"ImageObject","inLanguage":"de","@id":"https:\/\/balufy.com\/es\/#\/schema\/logo\/image\/","url":"https:\/\/balufy.com\/wp-content\/uploads\/2022\/06\/LOGO_PNG.png","contentUrl":"https:\/\/balufy.com\/wp-content\/uploads\/2022\/06\/LOGO_PNG.png","width":1366,"height":768,"caption":"Balufy"},"image":{"@id":"https:\/\/balufy.com\/es\/#\/schema\/logo\/image\/"},"sameAs":["https:\/\/www.facebook.com\/Balufy-102705001596047","https:\/\/www.instagram.com\/balufy_oficial\/"]}]}},"_links":{"self":[{"href":"https:\/\/balufy.com\/de\/wp-json\/wp\/v2\/pages\/5058","targetHints":{"allow":["GET"]}}],"collection":[{"href":"https:\/\/balufy.com\/de\/wp-json\/wp\/v2\/pages"}],"about":[{"href":"https:\/\/balufy.com\/de\/wp-json\/wp\/v2\/types\/page"}],"author":[{"embeddable":true,"href":"https:\/\/balufy.com\/de\/wp-json\/wp\/v2\/users\/31"}],"replies":[{"embeddable":true,"href":"https:\/\/balufy.com\/de\/wp-json\/wp\/v2\/comments?post=5058"}],"version-history":[{"count":0,"href":"https:\/\/balufy.com\/de\/wp-json\/wp\/v2\/pages\/5058\/revisions"}],"up":[{"embeddable":true,"href":"https:\/\/balufy.com\/de\/wp-json\/wp\/v2\/pages\/3829"}],"wp:featuredmedia":[{"embeddable":true,"href":"https:\/\/balufy.com\/de\/wp-json\/wp\/v2\/media\/5800"}],"wp:attachment":[{"href":"https:\/\/balufy.com\/de\/wp-json\/wp\/v2\/media?parent=5058"}],"curies":[{"name":"wp","href":"https:\/\/api.w.org\/{rel}","templated":true}]}}