{"id":5059,"date":"2024-12-19T17:02:26","date_gmt":"2024-12-19T15:02:26","guid":{"rendered":"https:\/\/balufy.com\/?page_id=5059"},"modified":"2025-05-01T15:03:06","modified_gmt":"2025-05-01T13:03:06","slug":"stellenangebot-leiter-rechnungswesen","status":"publish","type":"page","link":"https:\/\/balufy.com\/de\/beschaftigung\/stellenangebot-leiter-rechnungswesen\/","title":{"rendered":"Stellenangebot: Accounting Manager"},"content":{"rendered":"<h3 data-sourcepos=\"1:1-1:130\"><span style=\"color: #455b70;\"><strong>Verst\u00e4rken Sie unser Team als Accounting Manager!<\/strong><\/span><\/h3>\n<p data-sourcepos=\"5:1-5:142\">Sie haben eine Leidenschaft f\u00fcr Zahlen und suchen eine Herausforderung in der Buchhaltung? Sie sind organisiert, sorgf\u00e4ltig und haben ein hohes Verantwortungsbewusstsein?<\/p>\n<p data-sourcepos=\"7:1-7:244\">Wir bei Balufy.com suchen einen Accounting Manager (m\/w) zur Verst\u00e4rkung unseres Teams. Wenn Sie Erfahrung in der Buchhaltung haben, \u00fcber solide Kenntnisse der Buchhaltungssoftware verf\u00fcgen und gerne in einem dynamischen Umfeld arbeiten, ist dies die richtige Stelle f\u00fcr Sie!<\/p>\n<h3><span style=\"color: #455b70;\"><b>Stellenbeschreibung:<\/b><\/span><\/h3>\n<p>Wir suchen einen <b>Leiter der Buchhaltung<\/b> Beaufsichtigung und Verwaltung der Buchhaltungsvorg\u00e4nge des Unternehmens.<\/p>\n<h3><span style=\"color: #455b70;\"><b>Zust\u00e4ndigkeiten:<\/b><\/span><\/h3>\n<ul>\n<li aria-level=\"1\">Erfassung von Finanztransaktionen und Bankabstimmungen.<\/li>\n<li aria-level=\"1\">Erstellung von Buchhaltungs- und Finanzberichten.<\/li>\n<li aria-level=\"1\">Aufsicht \u00fcber die Einhaltung der Steuergesetze.<\/li>\n<li aria-level=\"1\">Unterst\u00fctzung bei der Haushaltsplanung.<\/li>\n<\/ul>\n<h3><span style=\"color: #455b70;\"><b>Anforderungen:<\/b><\/span><\/h3>\n<ul>\n<li aria-level=\"1\">Hochschulabschluss in Rechnungswesen, Finanzen oder einem verwandten Bereich.<\/li>\n<li aria-level=\"1\">Kenntnisse in Buchhaltungssoftware (QuickBooks, SAP oder \u00e4hnlich).<\/li>\n<li aria-level=\"1\">Mindestens 2 Jahre Erfahrung in einer \u00e4hnlichen Position.<\/li>\n<\/ul>","protected":false},"excerpt":{"rendered":"<p>\u00a1\u00danete a nuestro equipo como Gestor de Contabilidad! \u00bfTe apasionan los n\u00fameros y buscas un desaf\u00edo en el \u00e1mbito contable? \u00bfEres organizado, meticuloso y con un gran sentido de la responsabilidad? En Balufy.com, estamos buscando un Gestor de Contabilidad para unirse a nuestro equipo. Si tienes experiencia en gesti\u00f3n contable, conocimientos s\u00f3lidos de software contable [&hellip;]<\/p>","protected":false},"author":31,"featured_media":5860,"parent":3829,"menu_order":0,"comment_status":"closed","ping_status":"closed","template":"","meta":{"footnotes":""},"class_list":["post-5059","page","type-page","status-publish","has-post-thumbnail","hentry"],"yoast_head":"<!-- This site is optimized with the Yoast SEO plugin v27.3 - https:\/\/yoast.com\/product\/yoast-seo-wordpress\/ -->\n<title>\u00danete a Balufy como Gestor de Contabilidad | Crecimiento seguro<\/title>\n<meta name=\"description\" content=\"Balufy busca un Gestor de Contabilidad para optimizar la gesti\u00f3n financiera. Desarrolla tu carrera en un entorno exclusivo.\" \/>\n<meta name=\"robots\" content=\"index, follow, max-snippet:-1, max-image-preview:large, max-video-preview:-1\" \/>\n<link rel=\"canonical\" href=\"https:\/\/balufy.com\/de\/beschaftigung\/stellenangebot-leiter-rechnungswesen\/\" \/>\n<meta property=\"og:locale\" content=\"de_DE\" \/>\n<meta property=\"og:type\" content=\"article\" \/>\n<meta property=\"og:title\" content=\"\u00danete a Balufy como Gestor de Contabilidad | Crecimiento seguro\" \/>\n<meta property=\"og:description\" content=\"Balufy busca un Gestor de Contabilidad para optimizar la gesti\u00f3n financiera. Desarrolla tu carrera en un entorno exclusivo.\" \/>\n<meta property=\"og:url\" content=\"https:\/\/balufy.com\/de\/beschaftigung\/stellenangebot-leiter-rechnungswesen\/\" \/>\n<meta property=\"og:site_name\" content=\"Balufy - The taste of Experience\" \/>\n<meta property=\"article:publisher\" content=\"https:\/\/www.facebook.com\/Balufy-102705001596047\" \/>\n<meta property=\"article:modified_time\" content=\"2025-05-01T13:03:06+00:00\" \/>\n<meta property=\"og:image\" content=\"https:\/\/balufy.com\/wp-content\/uploads\/2025\/01\/cabecera-ofertas-de-empleo-gestor-de-contabilidad.jpg\" \/>\n\t<meta property=\"og:image:width\" content=\"2560\" \/>\n\t<meta property=\"og:image:height\" content=\"675\" \/>\n\t<meta property=\"og:image:type\" content=\"image\/jpeg\" \/>\n<meta name=\"twitter:card\" content=\"summary_large_image\" \/>\n<meta name=\"twitter:label1\" content=\"Gesch\u00e4tzte Lesezeit\" \/>\n\t<meta name=\"twitter:data1\" content=\"1\u00a0Minute\" \/>\n<script type=\"application\/ld+json\" class=\"yoast-schema-graph\">{\"@context\":\"https:\\\/\\\/schema.org\",\"@graph\":[{\"@type\":\"WebPage\",\"@id\":\"https:\\\/\\\/balufy.com\\\/es\\\/empleo\\\/oferta-de-empleo-gestor-de-contabilidad\\\/\",\"url\":\"https:\\\/\\\/balufy.com\\\/es\\\/empleo\\\/oferta-de-empleo-gestor-de-contabilidad\\\/\",\"name\":\"\u00danete a Balufy como Gestor de Contabilidad | Crecimiento seguro\",\"isPartOf\":{\"@id\":\"https:\\\/\\\/balufy.com\\\/es\\\/#website\"},\"primaryImageOfPage\":{\"@id\":\"https:\\\/\\\/balufy.com\\\/es\\\/empleo\\\/oferta-de-empleo-gestor-de-contabilidad\\\/#primaryimage\"},\"image\":{\"@id\":\"https:\\\/\\\/balufy.com\\\/es\\\/empleo\\\/oferta-de-empleo-gestor-de-contabilidad\\\/#primaryimage\"},\"thumbnailUrl\":\"https:\\\/\\\/balufy.com\\\/wp-content\\\/uploads\\\/2025\\\/01\\\/cabecera-ofertas-de-empleo-gestor-de-contabilidad.jpg\",\"datePublished\":\"2024-12-19T15:02:26+00:00\",\"dateModified\":\"2025-05-01T13:03:06+00:00\",\"description\":\"Balufy busca un Gestor de Contabilidad para optimizar la gesti\u00f3n financiera. Desarrolla tu carrera en un entorno exclusivo.\",\"breadcrumb\":{\"@id\":\"https:\\\/\\\/balufy.com\\\/es\\\/empleo\\\/oferta-de-empleo-gestor-de-contabilidad\\\/#breadcrumb\"},\"inLanguage\":\"de\",\"potentialAction\":[{\"@type\":\"ReadAction\",\"target\":[\"https:\\\/\\\/balufy.com\\\/es\\\/empleo\\\/oferta-de-empleo-gestor-de-contabilidad\\\/\"]}]},{\"@type\":\"ImageObject\",\"inLanguage\":\"de\",\"@id\":\"https:\\\/\\\/balufy.com\\\/es\\\/empleo\\\/oferta-de-empleo-gestor-de-contabilidad\\\/#primaryimage\",\"url\":\"https:\\\/\\\/balufy.com\\\/wp-content\\\/uploads\\\/2025\\\/01\\\/cabecera-ofertas-de-empleo-gestor-de-contabilidad.jpg\",\"contentUrl\":\"https:\\\/\\\/balufy.com\\\/wp-content\\\/uploads\\\/2025\\\/01\\\/cabecera-ofertas-de-empleo-gestor-de-contabilidad.jpg\",\"width\":2560,\"height\":675},{\"@type\":\"BreadcrumbList\",\"@id\":\"https:\\\/\\\/balufy.com\\\/es\\\/empleo\\\/oferta-de-empleo-gestor-de-contabilidad\\\/#breadcrumb\",\"itemListElement\":[{\"@type\":\"ListItem\",\"position\":1,\"name\":\"Portada\",\"item\":\"https:\\\/\\\/balufy.com\\\/\"},{\"@type\":\"ListItem\",\"position\":2,\"name\":\"Empleo\",\"item\":\"https:\\\/\\\/balufy.com\\\/es\\\/empleo\\\/\"},{\"@type\":\"ListItem\",\"position\":3,\"name\":\"Oferta de empleo: Gestor de Contabilidad\"}]},{\"@type\":\"WebSite\",\"@id\":\"https:\\\/\\\/balufy.com\\\/es\\\/#website\",\"url\":\"https:\\\/\\\/balufy.com\\\/es\\\/\",\"name\":\"Balufy - Taste of experience\",\"description\":\"Balufy\",\"publisher\":{\"@id\":\"https:\\\/\\\/balufy.com\\\/es\\\/#organization\"},\"potentialAction\":[{\"@type\":\"SearchAction\",\"target\":{\"@type\":\"EntryPoint\",\"urlTemplate\":\"https:\\\/\\\/balufy.com\\\/es\\\/?s={search_term_string}\"},\"query-input\":{\"@type\":\"PropertyValueSpecification\",\"valueRequired\":true,\"valueName\":\"search_term_string\"}}],\"inLanguage\":\"de\"},{\"@type\":\"Organization\",\"@id\":\"https:\\\/\\\/balufy.com\\\/es\\\/#organization\",\"name\":\"Balufy\",\"url\":\"https:\\\/\\\/balufy.com\\\/es\\\/\",\"logo\":{\"@type\":\"ImageObject\",\"inLanguage\":\"de\",\"@id\":\"https:\\\/\\\/balufy.com\\\/es\\\/#\\\/schema\\\/logo\\\/image\\\/\",\"url\":\"https:\\\/\\\/balufy.com\\\/wp-content\\\/uploads\\\/2022\\\/06\\\/LOGO_PNG.png\",\"contentUrl\":\"https:\\\/\\\/balufy.com\\\/wp-content\\\/uploads\\\/2022\\\/06\\\/LOGO_PNG.png\",\"width\":1366,\"height\":768,\"caption\":\"Balufy\"},\"image\":{\"@id\":\"https:\\\/\\\/balufy.com\\\/es\\\/#\\\/schema\\\/logo\\\/image\\\/\"},\"sameAs\":[\"https:\\\/\\\/www.facebook.com\\\/Balufy-102705001596047\",\"https:\\\/\\\/www.instagram.com\\\/balufy_oficial\\\/\"]}]}<\/script>\n<!-- \/ Yoast SEO plugin. -->","yoast_head_json":{"title":"Einstieg bei Balufy als Accounting Manager | Wachstum sichern","description":"Balufy sucht einen Accounting Manager (m\/w) zur Optimierung des Finanzmanagements. Entwickeln Sie Ihre Karriere in einem exklusiven Umfeld.","robots":{"index":"index","follow":"follow","max-snippet":"max-snippet:-1","max-image-preview":"max-image-preview:large","max-video-preview":"max-video-preview:-1"},"canonical":"https:\/\/balufy.com\/de\/beschaftigung\/stellenangebot-leiter-rechnungswesen\/","og_locale":"de_DE","og_type":"article","og_title":"\u00danete a Balufy como Gestor de Contabilidad | Crecimiento seguro","og_description":"Balufy busca un Gestor de Contabilidad para optimizar la gesti\u00f3n financiera. Desarrolla tu carrera en un entorno exclusivo.","og_url":"https:\/\/balufy.com\/de\/beschaftigung\/stellenangebot-leiter-rechnungswesen\/","og_site_name":"Balufy - The taste of Experience","article_publisher":"https:\/\/www.facebook.com\/Balufy-102705001596047","article_modified_time":"2025-05-01T13:03:06+00:00","og_image":[{"width":2560,"height":675,"url":"https:\/\/balufy.com\/wp-content\/uploads\/2025\/01\/cabecera-ofertas-de-empleo-gestor-de-contabilidad.jpg","type":"image\/jpeg"}],"twitter_card":"summary_large_image","twitter_misc":{"Gesch\u00e4tzte Lesezeit":"1\u00a0Minute"},"schema":{"@context":"https:\/\/schema.org","@graph":[{"@type":"WebPage","@id":"https:\/\/balufy.com\/es\/empleo\/oferta-de-empleo-gestor-de-contabilidad\/","url":"https:\/\/balufy.com\/es\/empleo\/oferta-de-empleo-gestor-de-contabilidad\/","name":"Einstieg bei Balufy als Accounting Manager | Wachstum sichern","isPartOf":{"@id":"https:\/\/balufy.com\/es\/#website"},"primaryImageOfPage":{"@id":"https:\/\/balufy.com\/es\/empleo\/oferta-de-empleo-gestor-de-contabilidad\/#primaryimage"},"image":{"@id":"https:\/\/balufy.com\/es\/empleo\/oferta-de-empleo-gestor-de-contabilidad\/#primaryimage"},"thumbnailUrl":"https:\/\/balufy.com\/wp-content\/uploads\/2025\/01\/cabecera-ofertas-de-empleo-gestor-de-contabilidad.jpg","datePublished":"2024-12-19T15:02:26+00:00","dateModified":"2025-05-01T13:03:06+00:00","description":"Balufy sucht einen Accounting Manager (m\/w) zur Optimierung des Finanzmanagements. Entwickeln Sie Ihre Karriere in einem exklusiven Umfeld.","breadcrumb":{"@id":"https:\/\/balufy.com\/es\/empleo\/oferta-de-empleo-gestor-de-contabilidad\/#breadcrumb"},"inLanguage":"de","potentialAction":[{"@type":"ReadAction","target":["https:\/\/balufy.com\/es\/empleo\/oferta-de-empleo-gestor-de-contabilidad\/"]}]},{"@type":"ImageObject","inLanguage":"de","@id":"https:\/\/balufy.com\/es\/empleo\/oferta-de-empleo-gestor-de-contabilidad\/#primaryimage","url":"https:\/\/balufy.com\/wp-content\/uploads\/2025\/01\/cabecera-ofertas-de-empleo-gestor-de-contabilidad.jpg","contentUrl":"https:\/\/balufy.com\/wp-content\/uploads\/2025\/01\/cabecera-ofertas-de-empleo-gestor-de-contabilidad.jpg","width":2560,"height":675},{"@type":"BreadcrumbList","@id":"https:\/\/balufy.com\/es\/empleo\/oferta-de-empleo-gestor-de-contabilidad\/#breadcrumb","itemListElement":[{"@type":"ListItem","position":1,"name":"Portada","item":"https:\/\/balufy.com\/"},{"@type":"ListItem","position":2,"name":"Empleo","item":"https:\/\/balufy.com\/es\/empleo\/"},{"@type":"ListItem","position":3,"name":"Oferta de empleo: Gestor de Contabilidad"}]},{"@type":"WebSite","@id":"https:\/\/balufy.com\/es\/#website","url":"https:\/\/balufy.com\/es\/","name":"Balufy - Geschmack der Erfahrung","description":"Balufy","publisher":{"@id":"https:\/\/balufy.com\/es\/#organization"},"potentialAction":[{"@type":"SearchAction","target":{"@type":"EntryPoint","urlTemplate":"https:\/\/balufy.com\/es\/?s={search_term_string}"},"query-input":{"@type":"PropertyValueSpecification","valueRequired":true,"valueName":"search_term_string"}}],"inLanguage":"de"},{"@type":"Organization","@id":"https:\/\/balufy.com\/es\/#organization","name":"Balufy","url":"https:\/\/balufy.com\/es\/","logo":{"@type":"ImageObject","inLanguage":"de","@id":"https:\/\/balufy.com\/es\/#\/schema\/logo\/image\/","url":"https:\/\/balufy.com\/wp-content\/uploads\/2022\/06\/LOGO_PNG.png","contentUrl":"https:\/\/balufy.com\/wp-content\/uploads\/2022\/06\/LOGO_PNG.png","width":1366,"height":768,"caption":"Balufy"},"image":{"@id":"https:\/\/balufy.com\/es\/#\/schema\/logo\/image\/"},"sameAs":["https:\/\/www.facebook.com\/Balufy-102705001596047","https:\/\/www.instagram.com\/balufy_oficial\/"]}]}},"_links":{"self":[{"href":"https:\/\/balufy.com\/de\/wp-json\/wp\/v2\/pages\/5059","targetHints":{"allow":["GET"]}}],"collection":[{"href":"https:\/\/balufy.com\/de\/wp-json\/wp\/v2\/pages"}],"about":[{"href":"https:\/\/balufy.com\/de\/wp-json\/wp\/v2\/types\/page"}],"author":[{"embeddable":true,"href":"https:\/\/balufy.com\/de\/wp-json\/wp\/v2\/users\/31"}],"replies":[{"embeddable":true,"href":"https:\/\/balufy.com\/de\/wp-json\/wp\/v2\/comments?post=5059"}],"version-history":[{"count":0,"href":"https:\/\/balufy.com\/de\/wp-json\/wp\/v2\/pages\/5059\/revisions"}],"up":[{"embeddable":true,"href":"https:\/\/balufy.com\/de\/wp-json\/wp\/v2\/pages\/3829"}],"wp:featuredmedia":[{"embeddable":true,"href":"https:\/\/balufy.com\/de\/wp-json\/wp\/v2\/media\/5860"}],"wp:attachment":[{"href":"https:\/\/balufy.com\/de\/wp-json\/wp\/v2\/media?parent=5059"}],"curies":[{"name":"wp","href":"https:\/\/api.w.org\/{rel}","templated":true}]}}