{"id":5068,"date":"2024-12-19T17:21:51","date_gmt":"2024-12-19T15:21:51","guid":{"rendered":"https:\/\/balufy.com\/?page_id=5068"},"modified":"2025-05-01T14:44:34","modified_gmt":"2025-05-01T12:44:34","slug":"stellenangebot-immobilienerwerb","status":"publish","type":"page","link":"https:\/\/balufy.com\/de\/beschaftigung\/stellenangebot-immobilienerwerb\/","title":{"rendered":"Stellenangebot: Immobilienerwerb"},"content":{"rendered":"<h3 data-sourcepos=\"5:1-5:68\"><span style=\"color: #455b70;\"><strong>Verst\u00e4rken Sie unser Team als Immobilienmakler!<\/strong><\/span><\/h3>\n<p data-sourcepos=\"7:1-7:136\">Sie haben eine Leidenschaft f\u00fcr Immobilien, verf\u00fcgen \u00fcber kaufm\u00e4nnische Kenntnisse und sind eine proaktive Person mit hervorragenden Kommunikationsf\u00e4higkeiten?<\/p>\n<p data-sourcepos=\"9:1-9:244\">Wir von Balufy.com suchen einen Immobilienmakler zur Erweiterung unseres Portfolios. Wenn Sie \u00fcber ein solides Netzwerk von Kontakten verf\u00fcgen, Vertrauen aufbauen k\u00f6nnen und gerne verhandeln, laden wir Sie ein, unser Team zu verst\u00e4rken!<\/p>\n<p data-sourcepos=\"11:1-11:506\">In dieser Funktion sind Sie f\u00fcr die Ermittlung und Kontaktaufnahme mit Vermietern zust\u00e4ndig, die an einem Verkauf oder einer Vermietung ihrer Immobilien interessiert sind. Sie werden Ihr Verhandlungsgeschick einsetzen, um Gesch\u00e4fte abzuschlie\u00dfen und langfristige Beziehungen zu unseren Kunden aufzubauen. Dar\u00fcber hinaus sind Sie f\u00fcr die Durchf\u00fchrung von Immobilienbewertungen, die Erstellung der erforderlichen Unterlagen und die Werbung f\u00fcr unsere Dienstleistungen verantwortlich. Wir bieten ein dynamisches Arbeitsumfeld mit einem attraktiven Verg\u00fctungsplan und M\u00f6glichkeiten zur beruflichen Weiterentwicklung.<\/p>\n<h3><span style=\"color: #455b70;\"><b>Stellenbeschreibung:<\/b><\/span><\/h3>\n<p><b><\/b>Wir suchen einen <b>Immobilien-Recruiter<\/b><br \/>\num unser Angebot an exklusiven Unterk\u00fcnften zu erweitern.<\/p>\n<h3><span style=\"color: #455b70;\"><b>Zust\u00e4ndigkeiten:<\/b><\/span><\/h3>\n<ul>\n<li aria-level=\"1\">Identifizierung und Gewinnung neuer Immobilien mit touristischem Potenzial.<\/li>\n<li aria-level=\"1\">Vertr\u00e4ge mit Vermietern aushandeln.<\/li>\n<li aria-level=\"1\">Aufrechterhaltung enger Kundenbeziehungen.<\/li>\n<li aria-level=\"1\">Analysieren Sie den Markt, um Chancen zu erkennen.<\/li>\n<\/ul>\n<h3><span style=\"color: #455b70;\"><b>Anforderungen:<\/b><\/span><\/h3>\n<ul>\n<li aria-level=\"1\">Erfahrung im Verkauf oder in der Immobilienbranche.<\/li>\n<li aria-level=\"1\">Kenntnis des lokalen touristischen Vermietungsmarktes.<\/li>\n<li aria-level=\"1\">Verhandlungsgeschick und \u00dcberzeugungskraft.<\/li>\n<\/ul>","protected":false},"excerpt":{"rendered":"<p>\u00a1\u00danete a nuestro equipo como Agente de Captaci\u00f3n de Propiedades! \u00bfTe apasiona el mundo inmobiliario y tienes dotes comerciales? \u00bfEres una persona proactiva y con excelentes habilidades de comunicaci\u00f3n? En Balufy.com, buscamos un Agente de Captaci\u00f3n de Propiedades para ampliar nuestro portafolio. Si tienes una red de contactos s\u00f3lida, eres capaz de generar confianza y [&hellip;]<\/p>","protected":false},"author":31,"featured_media":5797,"parent":3829,"menu_order":0,"comment_status":"closed","ping_status":"closed","template":"","meta":{"footnotes":""},"class_list":["post-5068","page","type-page","status-publish","has-post-thumbnail","hentry"],"yoast_head":"<!-- This site is optimized with the Yoast SEO plugin v27.3 - https:\/\/yoast.com\/product\/yoast-seo-wordpress\/ -->\n<title>\u00danete a Balufy como Captador de Propiedades | Tu oportunidad.<\/title>\n<meta name=\"description\" content=\"Balufy busca expertos en captaci\u00f3n de propiedades para expandir su ofertas de lujo. Desarrolla tu carrera en un entorno din\u00e1mico y exclusivo.\" \/>\n<meta name=\"robots\" content=\"index, follow, max-snippet:-1, max-image-preview:large, max-video-preview:-1\" \/>\n<link rel=\"canonical\" href=\"https:\/\/balufy.com\/de\/beschaftigung\/stellenangebot-immobilienerwerb\/\" \/>\n<meta property=\"og:locale\" content=\"de_DE\" \/>\n<meta property=\"og:type\" content=\"article\" \/>\n<meta property=\"og:title\" content=\"\u00danete a Balufy como Captador de Propiedades | Tu oportunidad.\" \/>\n<meta property=\"og:description\" content=\"Balufy busca expertos en captaci\u00f3n de propiedades para expandir su ofertas de lujo. Desarrolla tu carrera en un entorno din\u00e1mico y exclusivo.\" \/>\n<meta property=\"og:url\" content=\"https:\/\/balufy.com\/de\/beschaftigung\/stellenangebot-immobilienerwerb\/\" \/>\n<meta property=\"og:site_name\" content=\"Balufy - The taste of Experience\" \/>\n<meta property=\"article:publisher\" content=\"https:\/\/www.facebook.com\/Balufy-102705001596047\" \/>\n<meta property=\"article:modified_time\" content=\"2025-05-01T12:44:34+00:00\" \/>\n<meta property=\"og:image\" content=\"https:\/\/balufy.com\/wp-content\/uploads\/2025\/01\/cabecera-ofertas-de-empleo-captacion-de-propiedades-mallorca.jpg\" \/>\n\t<meta property=\"og:image:width\" content=\"2560\" \/>\n\t<meta property=\"og:image:height\" content=\"675\" \/>\n\t<meta property=\"og:image:type\" content=\"image\/jpeg\" \/>\n<meta name=\"twitter:card\" content=\"summary_large_image\" \/>\n<meta name=\"twitter:label1\" content=\"Gesch\u00e4tzte Lesezeit\" \/>\n\t<meta name=\"twitter:data1\" content=\"1\u00a0Minute\" \/>\n<script type=\"application\/ld+json\" class=\"yoast-schema-graph\">{\"@context\":\"https:\\\/\\\/schema.org\",\"@graph\":[{\"@type\":\"WebPage\",\"@id\":\"https:\\\/\\\/balufy.com\\\/de\\\/beschaftigung\\\/stellenangebot-immobilienerwerb\\\/\",\"url\":\"https:\\\/\\\/balufy.com\\\/de\\\/beschaftigung\\\/stellenangebot-immobilienerwerb\\\/\",\"name\":\"\u00danete a Balufy como Captador de Propiedades | Tu oportunidad.\",\"isPartOf\":{\"@id\":\"https:\\\/\\\/balufy.com\\\/es\\\/#website\"},\"primaryImageOfPage\":{\"@id\":\"https:\\\/\\\/balufy.com\\\/de\\\/beschaftigung\\\/stellenangebot-immobilienerwerb\\\/#primaryimage\"},\"image\":{\"@id\":\"https:\\\/\\\/balufy.com\\\/de\\\/beschaftigung\\\/stellenangebot-immobilienerwerb\\\/#primaryimage\"},\"thumbnailUrl\":\"https:\\\/\\\/balufy.com\\\/wp-content\\\/uploads\\\/2025\\\/01\\\/cabecera-ofertas-de-empleo-captacion-de-propiedades-mallorca.jpg\",\"datePublished\":\"2024-12-19T15:21:51+00:00\",\"dateModified\":\"2025-05-01T12:44:34+00:00\",\"description\":\"Balufy busca expertos en captaci\u00f3n de propiedades para expandir su ofertas de lujo. Desarrolla tu carrera en un entorno din\u00e1mico y exclusivo.\",\"breadcrumb\":{\"@id\":\"https:\\\/\\\/balufy.com\\\/de\\\/beschaftigung\\\/stellenangebot-immobilienerwerb\\\/#breadcrumb\"},\"inLanguage\":\"de\",\"potentialAction\":[{\"@type\":\"ReadAction\",\"target\":[\"https:\\\/\\\/balufy.com\\\/de\\\/beschaftigung\\\/stellenangebot-immobilienerwerb\\\/\"]}]},{\"@type\":\"ImageObject\",\"inLanguage\":\"de\",\"@id\":\"https:\\\/\\\/balufy.com\\\/de\\\/beschaftigung\\\/stellenangebot-immobilienerwerb\\\/#primaryimage\",\"url\":\"https:\\\/\\\/balufy.com\\\/wp-content\\\/uploads\\\/2025\\\/01\\\/cabecera-ofertas-de-empleo-captacion-de-propiedades-mallorca.jpg\",\"contentUrl\":\"https:\\\/\\\/balufy.com\\\/wp-content\\\/uploads\\\/2025\\\/01\\\/cabecera-ofertas-de-empleo-captacion-de-propiedades-mallorca.jpg\",\"width\":2560,\"height\":675},{\"@type\":\"BreadcrumbList\",\"@id\":\"https:\\\/\\\/balufy.com\\\/de\\\/beschaftigung\\\/stellenangebot-immobilienerwerb\\\/#breadcrumb\",\"itemListElement\":[{\"@type\":\"ListItem\",\"position\":1,\"name\":\"Portada\",\"item\":\"https:\\\/\\\/balufy.com\\\/\"},{\"@type\":\"ListItem\",\"position\":2,\"name\":\"Empleo\",\"item\":\"https:\\\/\\\/balufy.com\\\/es\\\/empleo\\\/\"},{\"@type\":\"ListItem\",\"position\":3,\"name\":\"Oferta de empleo: Captaci\u00f3n de Propiedades\"}]},{\"@type\":\"WebSite\",\"@id\":\"https:\\\/\\\/balufy.com\\\/es\\\/#website\",\"url\":\"https:\\\/\\\/balufy.com\\\/es\\\/\",\"name\":\"Balufy - Taste of experience\",\"description\":\"Balufy\",\"publisher\":{\"@id\":\"https:\\\/\\\/balufy.com\\\/es\\\/#organization\"},\"potentialAction\":[{\"@type\":\"SearchAction\",\"target\":{\"@type\":\"EntryPoint\",\"urlTemplate\":\"https:\\\/\\\/balufy.com\\\/es\\\/?s={search_term_string}\"},\"query-input\":{\"@type\":\"PropertyValueSpecification\",\"valueRequired\":true,\"valueName\":\"search_term_string\"}}],\"inLanguage\":\"de\"},{\"@type\":\"Organization\",\"@id\":\"https:\\\/\\\/balufy.com\\\/es\\\/#organization\",\"name\":\"Balufy\",\"url\":\"https:\\\/\\\/balufy.com\\\/es\\\/\",\"logo\":{\"@type\":\"ImageObject\",\"inLanguage\":\"de\",\"@id\":\"https:\\\/\\\/balufy.com\\\/es\\\/#\\\/schema\\\/logo\\\/image\\\/\",\"url\":\"https:\\\/\\\/balufy.com\\\/wp-content\\\/uploads\\\/2022\\\/06\\\/LOGO_PNG.png\",\"contentUrl\":\"https:\\\/\\\/balufy.com\\\/wp-content\\\/uploads\\\/2022\\\/06\\\/LOGO_PNG.png\",\"width\":1366,\"height\":768,\"caption\":\"Balufy\"},\"image\":{\"@id\":\"https:\\\/\\\/balufy.com\\\/es\\\/#\\\/schema\\\/logo\\\/image\\\/\"},\"sameAs\":[\"https:\\\/\\\/www.facebook.com\\\/Balufy-102705001596047\",\"https:\\\/\\\/www.instagram.com\\\/balufy_oficial\\\/\"]}]}<\/script>\n<!-- \/ Yoast SEO plugin. -->","yoast_head_json":{"title":"Steigen Sie bei Balufy als Immobilien-Recruiter ein - Ihre Chance.","description":"Balufy sucht Experten f\u00fcr den Erwerb von Immobilien, um sein Luxusangebot zu erweitern. Entwickeln Sie Ihre Karriere in einem dynamischen und exklusiven Umfeld.","robots":{"index":"index","follow":"follow","max-snippet":"max-snippet:-1","max-image-preview":"max-image-preview:large","max-video-preview":"max-video-preview:-1"},"canonical":"https:\/\/balufy.com\/de\/beschaftigung\/stellenangebot-immobilienerwerb\/","og_locale":"de_DE","og_type":"article","og_title":"\u00danete a Balufy como Captador de Propiedades | Tu oportunidad.","og_description":"Balufy busca expertos en captaci\u00f3n de propiedades para expandir su ofertas de lujo. Desarrolla tu carrera en un entorno din\u00e1mico y exclusivo.","og_url":"https:\/\/balufy.com\/de\/beschaftigung\/stellenangebot-immobilienerwerb\/","og_site_name":"Balufy - The taste of Experience","article_publisher":"https:\/\/www.facebook.com\/Balufy-102705001596047","article_modified_time":"2025-05-01T12:44:34+00:00","og_image":[{"width":2560,"height":675,"url":"https:\/\/balufy.com\/wp-content\/uploads\/2025\/01\/cabecera-ofertas-de-empleo-captacion-de-propiedades-mallorca.jpg","type":"image\/jpeg"}],"twitter_card":"summary_large_image","twitter_misc":{"Gesch\u00e4tzte Lesezeit":"1\u00a0Minute"},"schema":{"@context":"https:\/\/schema.org","@graph":[{"@type":"WebPage","@id":"https:\/\/balufy.com\/de\/beschaftigung\/stellenangebot-immobilienerwerb\/","url":"https:\/\/balufy.com\/de\/beschaftigung\/stellenangebot-immobilienerwerb\/","name":"Steigen Sie bei Balufy als Immobilien-Recruiter ein - Ihre Chance.","isPartOf":{"@id":"https:\/\/balufy.com\/es\/#website"},"primaryImageOfPage":{"@id":"https:\/\/balufy.com\/de\/beschaftigung\/stellenangebot-immobilienerwerb\/#primaryimage"},"image":{"@id":"https:\/\/balufy.com\/de\/beschaftigung\/stellenangebot-immobilienerwerb\/#primaryimage"},"thumbnailUrl":"https:\/\/balufy.com\/wp-content\/uploads\/2025\/01\/cabecera-ofertas-de-empleo-captacion-de-propiedades-mallorca.jpg","datePublished":"2024-12-19T15:21:51+00:00","dateModified":"2025-05-01T12:44:34+00:00","description":"Balufy sucht Experten f\u00fcr den Erwerb von Immobilien, um sein Luxusangebot zu erweitern. Entwickeln Sie Ihre Karriere in einem dynamischen und exklusiven Umfeld.","breadcrumb":{"@id":"https:\/\/balufy.com\/de\/beschaftigung\/stellenangebot-immobilienerwerb\/#breadcrumb"},"inLanguage":"de","potentialAction":[{"@type":"ReadAction","target":["https:\/\/balufy.com\/de\/beschaftigung\/stellenangebot-immobilienerwerb\/"]}]},{"@type":"ImageObject","inLanguage":"de","@id":"https:\/\/balufy.com\/de\/beschaftigung\/stellenangebot-immobilienerwerb\/#primaryimage","url":"https:\/\/balufy.com\/wp-content\/uploads\/2025\/01\/cabecera-ofertas-de-empleo-captacion-de-propiedades-mallorca.jpg","contentUrl":"https:\/\/balufy.com\/wp-content\/uploads\/2025\/01\/cabecera-ofertas-de-empleo-captacion-de-propiedades-mallorca.jpg","width":2560,"height":675},{"@type":"BreadcrumbList","@id":"https:\/\/balufy.com\/de\/beschaftigung\/stellenangebot-immobilienerwerb\/#breadcrumb","itemListElement":[{"@type":"ListItem","position":1,"name":"Portada","item":"https:\/\/balufy.com\/"},{"@type":"ListItem","position":2,"name":"Empleo","item":"https:\/\/balufy.com\/es\/empleo\/"},{"@type":"ListItem","position":3,"name":"Oferta de empleo: Captaci\u00f3n de Propiedades"}]},{"@type":"WebSite","@id":"https:\/\/balufy.com\/es\/#website","url":"https:\/\/balufy.com\/es\/","name":"Balufy - Geschmack der Erfahrung","description":"Balufy","publisher":{"@id":"https:\/\/balufy.com\/es\/#organization"},"potentialAction":[{"@type":"SearchAction","target":{"@type":"EntryPoint","urlTemplate":"https:\/\/balufy.com\/es\/?s={search_term_string}"},"query-input":{"@type":"PropertyValueSpecification","valueRequired":true,"valueName":"search_term_string"}}],"inLanguage":"de"},{"@type":"Organization","@id":"https:\/\/balufy.com\/es\/#organization","name":"Balufy","url":"https:\/\/balufy.com\/es\/","logo":{"@type":"ImageObject","inLanguage":"de","@id":"https:\/\/balufy.com\/es\/#\/schema\/logo\/image\/","url":"https:\/\/balufy.com\/wp-content\/uploads\/2022\/06\/LOGO_PNG.png","contentUrl":"https:\/\/balufy.com\/wp-content\/uploads\/2022\/06\/LOGO_PNG.png","width":1366,"height":768,"caption":"Balufy"},"image":{"@id":"https:\/\/balufy.com\/es\/#\/schema\/logo\/image\/"},"sameAs":["https:\/\/www.facebook.com\/Balufy-102705001596047","https:\/\/www.instagram.com\/balufy_oficial\/"]}]}},"_links":{"self":[{"href":"https:\/\/balufy.com\/de\/wp-json\/wp\/v2\/pages\/5068","targetHints":{"allow":["GET"]}}],"collection":[{"href":"https:\/\/balufy.com\/de\/wp-json\/wp\/v2\/pages"}],"about":[{"href":"https:\/\/balufy.com\/de\/wp-json\/wp\/v2\/types\/page"}],"author":[{"embeddable":true,"href":"https:\/\/balufy.com\/de\/wp-json\/wp\/v2\/users\/31"}],"replies":[{"embeddable":true,"href":"https:\/\/balufy.com\/de\/wp-json\/wp\/v2\/comments?post=5068"}],"version-history":[{"count":0,"href":"https:\/\/balufy.com\/de\/wp-json\/wp\/v2\/pages\/5068\/revisions"}],"up":[{"embeddable":true,"href":"https:\/\/balufy.com\/de\/wp-json\/wp\/v2\/pages\/3829"}],"wp:featuredmedia":[{"embeddable":true,"href":"https:\/\/balufy.com\/de\/wp-json\/wp\/v2\/media\/5797"}],"wp:attachment":[{"href":"https:\/\/balufy.com\/de\/wp-json\/wp\/v2\/media?parent=5068"}],"curies":[{"name":"wp","href":"https:\/\/api.w.org\/{rel}","templated":true}]}}