{"id":5670,"date":"2024-12-31T08:33:57","date_gmt":"2024-12-31T06:33:57","guid":{"rendered":"https:\/\/balufy.com\/?page_id=5670"},"modified":"2025-05-01T14:56:05","modified_gmt":"2025-05-01T12:56:05","slug":"stellenangebot-privatchauffeur","status":"publish","type":"page","link":"https:\/\/balufy.com\/de\/beschaftigung\/stellenangebot-privatchauffeur\/","title":{"rendered":"Stellenangebot: Privatfahrer"},"content":{"rendered":"<h3><strong><span style=\"color: #455b70;\">Schlie\u00dfen Sie sich unserem Team als Privatfahrer an!<\/span><\/strong><\/h3>\n<p><strong>Suchen Sie nach einer M\u00f6glichkeit, Ihre Karriere in einem dynamischen und professionellen Umfeld zu entwickeln?<\/strong><\/p>\n<p>Wir bei Balufy.com suchen einen professionellen und kundenorientierten Privatchauffeur zur Verst\u00e4rkung unseres Teams. Wenn Sie \u00fcber ausgezeichnete Fahrkenntnisse verf\u00fcgen, eine tadellose Erfolgsbilanz vorweisen k\u00f6nnen und sich darauf konzentrieren, ein komfortables und sicheres Reiseerlebnis zu bieten, suchen wir nach Ihnen!<\/p>\n<p>In dieser Position sind Sie f\u00fcr die Bereitstellung eines sicheren, effizienten und diskreten Transportdienstes f\u00fcr unsere Kunden oder Manager verantwortlich. Sie sind f\u00fcr die grundlegende Fahrzeugwartung, die Routenplanung und die Sicherstellung eines komfortablen und angenehmen Reiseerlebnisses verantwortlich. Wir bieten ein professionelles Arbeitsumfeld mit Entwicklungsm\u00f6glichkeiten und einer pers\u00f6nlichen Note.<\/p>\n<h3><span style=\"color: #455b70;\"><b>Stellenbeschreibung:<\/b><\/span><\/h3>\n<p>Wir suchen einen <b>Privater Chauffeur<\/b> professionell, um unseren G\u00e4sten sichere und hochwertige Transfers zu bieten.<\/p>\n<h3><span style=\"color: #455b70;\"><b>Zust\u00e4ndigkeiten:<\/b><\/span><\/h3>\n<ul>\n<li style=\"font-weight: 400;\" aria-level=\"1\">Bereitstellung von Transfers zu\/von Flugh\u00e4fen und touristischen Zielen.<\/li>\n<li style=\"font-weight: 400;\" aria-level=\"1\">Instandhaltung der Fahrzeuge in optimaler Sauberkeit und Betriebsbereitschaft.<\/li>\n<li style=\"font-weight: 400;\" aria-level=\"1\">Stets p\u00fcnktlich und professionell zu sein.<\/li>\n<\/ul>\n<h3><span style=\"color: #455b70;\"><b>Anforderungen:<\/b><\/span><\/h3>\n<ul>\n<li style=\"font-weight: 400;\" aria-level=\"1\">G\u00fcltiger F\u00fchrerschein und Erfahrung als Privatfahrer.<\/li>\n<li style=\"font-weight: 400;\" aria-level=\"1\">Kenntnis der lokalen Routen und Navigationskenntnisse.<\/li>\n<li style=\"font-weight: 400;\" aria-level=\"1\">Professionelle Einstellung und absolute Diskretion.<\/li>\n<\/ul>","protected":false},"excerpt":{"rendered":"<p>\u00a1\u00danete a nuestro equipo como Chofer Privado! \u00bfEst\u00e1s buscando una oportunidad para desarrollar tu carrera en un entorno din\u00e1mico y profesional? En Balufy.com, buscamos un Ch\u00f3fer Privado profesional y orientado al servicio al cliente para unirse a nuestro equipo. Si posees una excelente conducci\u00f3n, un historial impecable y te enfocas en brindar una experiencia de [&hellip;]<\/p>","protected":false},"author":31,"featured_media":5723,"parent":3829,"menu_order":0,"comment_status":"closed","ping_status":"closed","template":"","meta":{"footnotes":""},"class_list":["post-5670","page","type-page","status-publish","has-post-thumbnail","hentry"],"yoast_head":"<!-- This site is optimized with the Yoast SEO plugin v27.3 - https:\/\/yoast.com\/product\/yoast-seo-wordpress\/ -->\n<title>\u00danete a Balufy como Chofer Privado | Servicio Exclusivo<\/title>\n<meta name=\"description\" content=\"Balufy busca un chofer privado para ofrecer traslados de lujo. Conduce veh\u00edculos de alta gama y brinda un servicio exclusivo.\" \/>\n<meta name=\"robots\" content=\"index, follow, max-snippet:-1, max-image-preview:large, max-video-preview:-1\" \/>\n<link rel=\"canonical\" href=\"https:\/\/balufy.com\/de\/beschaftigung\/stellenangebot-privatchauffeur\/\" \/>\n<meta property=\"og:locale\" content=\"de_DE\" \/>\n<meta property=\"og:type\" content=\"article\" \/>\n<meta property=\"og:title\" content=\"\u00danete a Balufy como Chofer Privado | Servicio Exclusivo\" \/>\n<meta property=\"og:description\" content=\"Balufy busca un chofer privado para ofrecer traslados de lujo. Conduce veh\u00edculos de alta gama y brinda un servicio exclusivo.\" \/>\n<meta property=\"og:url\" content=\"https:\/\/balufy.com\/de\/beschaftigung\/stellenangebot-privatchauffeur\/\" \/>\n<meta property=\"og:site_name\" content=\"Balufy - The taste of Experience\" \/>\n<meta property=\"article:publisher\" content=\"https:\/\/www.facebook.com\/Balufy-102705001596047\" \/>\n<meta property=\"article:modified_time\" content=\"2025-05-01T12:56:05+00:00\" \/>\n<meta property=\"og:image\" content=\"https:\/\/balufy.com\/wp-content\/uploads\/2024\/12\/cabecera-ofertas-de-empleo-chofer-privado-mallorca.jpg\" \/>\n\t<meta property=\"og:image:width\" content=\"2560\" \/>\n\t<meta property=\"og:image:height\" content=\"675\" \/>\n\t<meta property=\"og:image:type\" content=\"image\/jpeg\" \/>\n<meta name=\"twitter:card\" content=\"summary_large_image\" \/>\n<meta name=\"twitter:label1\" content=\"Gesch\u00e4tzte Lesezeit\" \/>\n\t<meta name=\"twitter:data1\" content=\"1\u00a0Minute\" \/>\n<script type=\"application\/ld+json\" class=\"yoast-schema-graph\">{\"@context\":\"https:\\\/\\\/schema.org\",\"@graph\":[{\"@type\":\"WebPage\",\"@id\":\"https:\\\/\\\/balufy.com\\\/de\\\/beschaftigung\\\/stellenangebot-privatchauffeur\\\/\",\"url\":\"https:\\\/\\\/balufy.com\\\/de\\\/beschaftigung\\\/stellenangebot-privatchauffeur\\\/\",\"name\":\"\u00danete a Balufy como Chofer Privado | Servicio Exclusivo\",\"isPartOf\":{\"@id\":\"https:\\\/\\\/balufy.com\\\/es\\\/#website\"},\"primaryImageOfPage\":{\"@id\":\"https:\\\/\\\/balufy.com\\\/de\\\/beschaftigung\\\/stellenangebot-privatchauffeur\\\/#primaryimage\"},\"image\":{\"@id\":\"https:\\\/\\\/balufy.com\\\/de\\\/beschaftigung\\\/stellenangebot-privatchauffeur\\\/#primaryimage\"},\"thumbnailUrl\":\"https:\\\/\\\/balufy.com\\\/wp-content\\\/uploads\\\/2024\\\/12\\\/cabecera-ofertas-de-empleo-chofer-privado-mallorca.jpg\",\"datePublished\":\"2024-12-31T06:33:57+00:00\",\"dateModified\":\"2025-05-01T12:56:05+00:00\",\"description\":\"Balufy busca un chofer privado para ofrecer traslados de lujo. Conduce veh\u00edculos de alta gama y brinda un servicio exclusivo.\",\"breadcrumb\":{\"@id\":\"https:\\\/\\\/balufy.com\\\/de\\\/beschaftigung\\\/stellenangebot-privatchauffeur\\\/#breadcrumb\"},\"inLanguage\":\"de\",\"potentialAction\":[{\"@type\":\"ReadAction\",\"target\":[\"https:\\\/\\\/balufy.com\\\/de\\\/beschaftigung\\\/stellenangebot-privatchauffeur\\\/\"]}]},{\"@type\":\"ImageObject\",\"inLanguage\":\"de\",\"@id\":\"https:\\\/\\\/balufy.com\\\/de\\\/beschaftigung\\\/stellenangebot-privatchauffeur\\\/#primaryimage\",\"url\":\"https:\\\/\\\/balufy.com\\\/wp-content\\\/uploads\\\/2024\\\/12\\\/cabecera-ofertas-de-empleo-chofer-privado-mallorca.jpg\",\"contentUrl\":\"https:\\\/\\\/balufy.com\\\/wp-content\\\/uploads\\\/2024\\\/12\\\/cabecera-ofertas-de-empleo-chofer-privado-mallorca.jpg\",\"width\":2560,\"height\":675},{\"@type\":\"BreadcrumbList\",\"@id\":\"https:\\\/\\\/balufy.com\\\/de\\\/beschaftigung\\\/stellenangebot-privatchauffeur\\\/#breadcrumb\",\"itemListElement\":[{\"@type\":\"ListItem\",\"position\":1,\"name\":\"Portada\",\"item\":\"https:\\\/\\\/balufy.com\\\/\"},{\"@type\":\"ListItem\",\"position\":2,\"name\":\"Empleo\",\"item\":\"https:\\\/\\\/balufy.com\\\/es\\\/empleo\\\/\"},{\"@type\":\"ListItem\",\"position\":3,\"name\":\"Oferta de empleo: Chofer Privado\"}]},{\"@type\":\"WebSite\",\"@id\":\"https:\\\/\\\/balufy.com\\\/es\\\/#website\",\"url\":\"https:\\\/\\\/balufy.com\\\/es\\\/\",\"name\":\"Balufy - Taste of experience\",\"description\":\"Balufy\",\"publisher\":{\"@id\":\"https:\\\/\\\/balufy.com\\\/es\\\/#organization\"},\"potentialAction\":[{\"@type\":\"SearchAction\",\"target\":{\"@type\":\"EntryPoint\",\"urlTemplate\":\"https:\\\/\\\/balufy.com\\\/es\\\/?s={search_term_string}\"},\"query-input\":{\"@type\":\"PropertyValueSpecification\",\"valueRequired\":true,\"valueName\":\"search_term_string\"}}],\"inLanguage\":\"de\"},{\"@type\":\"Organization\",\"@id\":\"https:\\\/\\\/balufy.com\\\/es\\\/#organization\",\"name\":\"Balufy\",\"url\":\"https:\\\/\\\/balufy.com\\\/es\\\/\",\"logo\":{\"@type\":\"ImageObject\",\"inLanguage\":\"de\",\"@id\":\"https:\\\/\\\/balufy.com\\\/es\\\/#\\\/schema\\\/logo\\\/image\\\/\",\"url\":\"https:\\\/\\\/balufy.com\\\/wp-content\\\/uploads\\\/2022\\\/06\\\/LOGO_PNG.png\",\"contentUrl\":\"https:\\\/\\\/balufy.com\\\/wp-content\\\/uploads\\\/2022\\\/06\\\/LOGO_PNG.png\",\"width\":1366,\"height\":768,\"caption\":\"Balufy\"},\"image\":{\"@id\":\"https:\\\/\\\/balufy.com\\\/es\\\/#\\\/schema\\\/logo\\\/image\\\/\"},\"sameAs\":[\"https:\\\/\\\/www.facebook.com\\\/Balufy-102705001596047\",\"https:\\\/\\\/www.instagram.com\\\/balufy_oficial\\\/\"]}]}<\/script>\n<!-- \/ Yoast SEO plugin. -->","yoast_head_json":{"title":"Treten Sie bei Balufy als Privatchauffeur ein - Exklusiver Service","description":"Balufy sucht einen privaten Chauffeur, der Luxustransfers durchf\u00fchrt. Er f\u00e4hrt High-End-Fahrzeuge und bietet einen exklusiven Service.","robots":{"index":"index","follow":"follow","max-snippet":"max-snippet:-1","max-image-preview":"max-image-preview:large","max-video-preview":"max-video-preview:-1"},"canonical":"https:\/\/balufy.com\/de\/beschaftigung\/stellenangebot-privatchauffeur\/","og_locale":"de_DE","og_type":"article","og_title":"\u00danete a Balufy como Chofer Privado | Servicio Exclusivo","og_description":"Balufy busca un chofer privado para ofrecer traslados de lujo. Conduce veh\u00edculos de alta gama y brinda un servicio exclusivo.","og_url":"https:\/\/balufy.com\/de\/beschaftigung\/stellenangebot-privatchauffeur\/","og_site_name":"Balufy - The taste of Experience","article_publisher":"https:\/\/www.facebook.com\/Balufy-102705001596047","article_modified_time":"2025-05-01T12:56:05+00:00","og_image":[{"width":2560,"height":675,"url":"https:\/\/balufy.com\/wp-content\/uploads\/2024\/12\/cabecera-ofertas-de-empleo-chofer-privado-mallorca.jpg","type":"image\/jpeg"}],"twitter_card":"summary_large_image","twitter_misc":{"Gesch\u00e4tzte Lesezeit":"1\u00a0Minute"},"schema":{"@context":"https:\/\/schema.org","@graph":[{"@type":"WebPage","@id":"https:\/\/balufy.com\/de\/beschaftigung\/stellenangebot-privatchauffeur\/","url":"https:\/\/balufy.com\/de\/beschaftigung\/stellenangebot-privatchauffeur\/","name":"Treten Sie bei Balufy als Privatchauffeur ein - Exklusiver Service","isPartOf":{"@id":"https:\/\/balufy.com\/es\/#website"},"primaryImageOfPage":{"@id":"https:\/\/balufy.com\/de\/beschaftigung\/stellenangebot-privatchauffeur\/#primaryimage"},"image":{"@id":"https:\/\/balufy.com\/de\/beschaftigung\/stellenangebot-privatchauffeur\/#primaryimage"},"thumbnailUrl":"https:\/\/balufy.com\/wp-content\/uploads\/2024\/12\/cabecera-ofertas-de-empleo-chofer-privado-mallorca.jpg","datePublished":"2024-12-31T06:33:57+00:00","dateModified":"2025-05-01T12:56:05+00:00","description":"Balufy sucht einen privaten Chauffeur, der Luxustransfers durchf\u00fchrt. Er f\u00e4hrt High-End-Fahrzeuge und bietet einen exklusiven Service.","breadcrumb":{"@id":"https:\/\/balufy.com\/de\/beschaftigung\/stellenangebot-privatchauffeur\/#breadcrumb"},"inLanguage":"de","potentialAction":[{"@type":"ReadAction","target":["https:\/\/balufy.com\/de\/beschaftigung\/stellenangebot-privatchauffeur\/"]}]},{"@type":"ImageObject","inLanguage":"de","@id":"https:\/\/balufy.com\/de\/beschaftigung\/stellenangebot-privatchauffeur\/#primaryimage","url":"https:\/\/balufy.com\/wp-content\/uploads\/2024\/12\/cabecera-ofertas-de-empleo-chofer-privado-mallorca.jpg","contentUrl":"https:\/\/balufy.com\/wp-content\/uploads\/2024\/12\/cabecera-ofertas-de-empleo-chofer-privado-mallorca.jpg","width":2560,"height":675},{"@type":"BreadcrumbList","@id":"https:\/\/balufy.com\/de\/beschaftigung\/stellenangebot-privatchauffeur\/#breadcrumb","itemListElement":[{"@type":"ListItem","position":1,"name":"Portada","item":"https:\/\/balufy.com\/"},{"@type":"ListItem","position":2,"name":"Empleo","item":"https:\/\/balufy.com\/es\/empleo\/"},{"@type":"ListItem","position":3,"name":"Oferta de empleo: Chofer Privado"}]},{"@type":"WebSite","@id":"https:\/\/balufy.com\/es\/#website","url":"https:\/\/balufy.com\/es\/","name":"Balufy - Geschmack der Erfahrung","description":"Balufy","publisher":{"@id":"https:\/\/balufy.com\/es\/#organization"},"potentialAction":[{"@type":"SearchAction","target":{"@type":"EntryPoint","urlTemplate":"https:\/\/balufy.com\/es\/?s={search_term_string}"},"query-input":{"@type":"PropertyValueSpecification","valueRequired":true,"valueName":"search_term_string"}}],"inLanguage":"de"},{"@type":"Organization","@id":"https:\/\/balufy.com\/es\/#organization","name":"Balufy","url":"https:\/\/balufy.com\/es\/","logo":{"@type":"ImageObject","inLanguage":"de","@id":"https:\/\/balufy.com\/es\/#\/schema\/logo\/image\/","url":"https:\/\/balufy.com\/wp-content\/uploads\/2022\/06\/LOGO_PNG.png","contentUrl":"https:\/\/balufy.com\/wp-content\/uploads\/2022\/06\/LOGO_PNG.png","width":1366,"height":768,"caption":"Balufy"},"image":{"@id":"https:\/\/balufy.com\/es\/#\/schema\/logo\/image\/"},"sameAs":["https:\/\/www.facebook.com\/Balufy-102705001596047","https:\/\/www.instagram.com\/balufy_oficial\/"]}]}},"_links":{"self":[{"href":"https:\/\/balufy.com\/de\/wp-json\/wp\/v2\/pages\/5670","targetHints":{"allow":["GET"]}}],"collection":[{"href":"https:\/\/balufy.com\/de\/wp-json\/wp\/v2\/pages"}],"about":[{"href":"https:\/\/balufy.com\/de\/wp-json\/wp\/v2\/types\/page"}],"author":[{"embeddable":true,"href":"https:\/\/balufy.com\/de\/wp-json\/wp\/v2\/users\/31"}],"replies":[{"embeddable":true,"href":"https:\/\/balufy.com\/de\/wp-json\/wp\/v2\/comments?post=5670"}],"version-history":[{"count":0,"href":"https:\/\/balufy.com\/de\/wp-json\/wp\/v2\/pages\/5670\/revisions"}],"up":[{"embeddable":true,"href":"https:\/\/balufy.com\/de\/wp-json\/wp\/v2\/pages\/3829"}],"wp:featuredmedia":[{"embeddable":true,"href":"https:\/\/balufy.com\/de\/wp-json\/wp\/v2\/media\/5723"}],"wp:attachment":[{"href":"https:\/\/balufy.com\/de\/wp-json\/wp\/v2\/media?parent=5670"}],"curies":[{"name":"wp","href":"https:\/\/api.w.org\/{rel}","templated":true}]}}