{"id":5672,"date":"2024-12-31T08:44:14","date_gmt":"2024-12-31T06:44:14","guid":{"rendered":"https:\/\/balufy.com\/?page_id=5672"},"modified":"2025-05-01T14:49:03","modified_gmt":"2025-05-01T12:49:03","slug":"stellenangebot-concierge","status":"publish","type":"page","link":"https:\/\/balufy.com\/de\/beschaftigung\/stellenangebot-concierge\/","title":{"rendered":"Stellenangebot: Concierge"},"content":{"rendered":"<h3><span style=\"color: #455b70;\"><strong>Werden Sie Teil unseres Teams als Concierge!<\/strong><\/span><\/h3>\n<p><strong>Sind Sie auf der Suche nach einer M\u00f6glichkeit, au\u00dfergew\u00f6hnlichen Service zu bieten und unseren Kunden unvergessliche Erlebnisse zu bereiten?<\/strong><\/p>\n<p>Wir bei Balufy.com suchen einen professionellen, proaktiven und probleml\u00f6sungsorientierten Concierge. Wenn Sie leidenschaftlich gerne anderen helfen und \u00fcber ausgezeichnete Kommunikationsf\u00e4higkeiten verf\u00fcgen, suchen wir Sie!<\/p>\n<p>In dieser Funktion sind Sie der Hauptansprechpartner f\u00fcr unsere Kunden und k\u00fcmmern sich um deren Bed\u00fcrfnisse und W\u00fcnsche, von Buchungen und Empfehlungen bis hin zu Eventmanagement und individuellen Erlebnissen. Wir bieten ein dynamisches Arbeitsumfeld mit Entwicklungsm\u00f6glichkeiten und einer pers\u00f6nlichen Note.<\/p>\n<h3><span style=\"color: #455b70;\"><strong>Stellenbeschreibung:<\/strong><\/span><\/h3>\n<p><span style=\"font-weight: 400;\">Wir suchen einen <\/span><b>Concierge<\/b><span style=\"font-weight: 400;\"> um die Erfahrungen unserer G\u00e4ste zu personalisieren und ihnen w\u00e4hrend ihres Aufenthalts au\u00dfergew\u00f6hnliche Dienstleistungen zu bieten.<\/span><\/p>\n<h3><span style=\"color: #455b70;\"><b>Zust\u00e4ndigkeiten:<\/b><\/span><\/h3>\n<ul>\n<li style=\"font-weight: 400;\" aria-level=\"1\"><span style=\"font-weight: 400;\">Organisation von Aktivit\u00e4ten, Transfers und pers\u00f6nlichen Dienstleistungen f\u00fcr die G\u00e4ste.<\/span><\/li>\n<li style=\"font-weight: 400;\" aria-level=\"1\"><span style=\"font-weight: 400;\">Effiziente Erledigung von Sonderw\u00fcnschen.<\/span><\/li>\n<li style=\"font-weight: 400;\" aria-level=\"1\"><span style=\"font-weight: 400;\">Hauptansprechpartner sein, um einen perfekten Aufenthalt zu gew\u00e4hrleisten.<\/span><\/li>\n<\/ul>\n<h3><span style=\"color: #455b70;\"><strong>Anforderungen:<\/strong><\/span><\/h3>\n<ul>\n<li style=\"font-weight: 400;\" aria-level=\"1\"><span style=\"font-weight: 400;\">Erfahrung im Gastgewerbe oder in der Kundenbetreuung.<\/span><\/li>\n<li style=\"font-weight: 400;\" aria-level=\"1\"><span style=\"font-weight: 400;\">Kenntnis der \u00f6rtlichen Dienstleistungen (Restaurants, Touren usw.).<\/span><\/li>\n<li style=\"font-weight: 400;\" aria-level=\"1\"><span style=\"font-weight: 400;\">Freundliche und serviceorientierte Einstellung.<\/span><\/li>\n<\/ul>","protected":false},"excerpt":{"rendered":"<p>\u00a1\u00danete a nuestro equipo como Concierge! \u00bfBuscas una oportunidad para brindar un servicio excepcional y crear experiencias memorables para nuestros clientes? En Balufy.com, buscamos un Concierge profesional, proactivo y orientado a la resoluci\u00f3n de problemas. Si te apasiona ayudar a los dem\u00e1s y tienes excelentes habilidades de comunicaci\u00f3n, \u00a1te estamos buscando! En este puesto, ser\u00e1s [&hellip;]<\/p>","protected":false},"author":31,"featured_media":5798,"parent":3829,"menu_order":0,"comment_status":"closed","ping_status":"closed","template":"","meta":{"footnotes":""},"class_list":["post-5672","page","type-page","status-publish","has-post-thumbnail","hentry"],"yoast_head":"<!-- This site is optimized with the Yoast SEO plugin v27.3 - https:\/\/yoast.com\/product\/yoast-seo-wordpress\/ -->\n<title>\u00danete a Balufy como Concierge | Servicio Exclusivo<\/title>\n<meta name=\"description\" content=\"Forma parte del equipo de Balufy como Concierge y ofrece experiencias de lujo \u00fanicas. Ambiente profesional donde marcar\u00e1s la diferencia\" \/>\n<meta name=\"robots\" content=\"index, follow, max-snippet:-1, max-image-preview:large, max-video-preview:-1\" \/>\n<link rel=\"canonical\" href=\"https:\/\/balufy.com\/de\/beschaftigung\/stellenangebot-concierge\/\" \/>\n<meta property=\"og:locale\" content=\"de_DE\" \/>\n<meta property=\"og:type\" content=\"article\" \/>\n<meta property=\"og:title\" content=\"\u00danete a Balufy como Concierge | Servicio Exclusivo\" \/>\n<meta property=\"og:description\" content=\"Forma parte del equipo de Balufy como Concierge y ofrece experiencias de lujo \u00fanicas. Ambiente profesional donde marcar\u00e1s la diferencia\" \/>\n<meta property=\"og:url\" content=\"https:\/\/balufy.com\/de\/beschaftigung\/stellenangebot-concierge\/\" \/>\n<meta property=\"og:site_name\" content=\"Balufy - The taste of Experience\" \/>\n<meta property=\"article:publisher\" content=\"https:\/\/www.facebook.com\/Balufy-102705001596047\" \/>\n<meta property=\"article:modified_time\" content=\"2025-05-01T12:49:03+00:00\" \/>\n<meta property=\"og:image\" content=\"https:\/\/balufy.com\/wp-content\/uploads\/2025\/01\/cabecera-ofertas-de-empleo-concierge-en-mallorca.jpg\" \/>\n\t<meta property=\"og:image:width\" content=\"2560\" \/>\n\t<meta property=\"og:image:height\" content=\"675\" \/>\n\t<meta property=\"og:image:type\" content=\"image\/jpeg\" \/>\n<meta name=\"twitter:card\" content=\"summary_large_image\" \/>\n<meta name=\"twitter:label1\" content=\"Gesch\u00e4tzte Lesezeit\" \/>\n\t<meta name=\"twitter:data1\" content=\"1\u00a0Minute\" \/>\n<script type=\"application\/ld+json\" class=\"yoast-schema-graph\">{\"@context\":\"https:\\\/\\\/schema.org\",\"@graph\":[{\"@type\":\"WebPage\",\"@id\":\"https:\\\/\\\/balufy.com\\\/es\\\/empleo\\\/oferta-de-empleo-concierge\\\/\",\"url\":\"https:\\\/\\\/balufy.com\\\/es\\\/empleo\\\/oferta-de-empleo-concierge\\\/\",\"name\":\"\u00danete a Balufy como Concierge | Servicio Exclusivo\",\"isPartOf\":{\"@id\":\"https:\\\/\\\/balufy.com\\\/es\\\/#website\"},\"primaryImageOfPage\":{\"@id\":\"https:\\\/\\\/balufy.com\\\/es\\\/empleo\\\/oferta-de-empleo-concierge\\\/#primaryimage\"},\"image\":{\"@id\":\"https:\\\/\\\/balufy.com\\\/es\\\/empleo\\\/oferta-de-empleo-concierge\\\/#primaryimage\"},\"thumbnailUrl\":\"https:\\\/\\\/balufy.com\\\/wp-content\\\/uploads\\\/2025\\\/01\\\/cabecera-ofertas-de-empleo-concierge-en-mallorca.jpg\",\"datePublished\":\"2024-12-31T06:44:14+00:00\",\"dateModified\":\"2025-05-01T12:49:03+00:00\",\"description\":\"Forma parte del equipo de Balufy como Concierge y ofrece experiencias de lujo \u00fanicas. Ambiente profesional donde marcar\u00e1s la diferencia\",\"breadcrumb\":{\"@id\":\"https:\\\/\\\/balufy.com\\\/es\\\/empleo\\\/oferta-de-empleo-concierge\\\/#breadcrumb\"},\"inLanguage\":\"de\",\"potentialAction\":[{\"@type\":\"ReadAction\",\"target\":[\"https:\\\/\\\/balufy.com\\\/es\\\/empleo\\\/oferta-de-empleo-concierge\\\/\"]}]},{\"@type\":\"ImageObject\",\"inLanguage\":\"de\",\"@id\":\"https:\\\/\\\/balufy.com\\\/es\\\/empleo\\\/oferta-de-empleo-concierge\\\/#primaryimage\",\"url\":\"https:\\\/\\\/balufy.com\\\/wp-content\\\/uploads\\\/2025\\\/01\\\/cabecera-ofertas-de-empleo-concierge-en-mallorca.jpg\",\"contentUrl\":\"https:\\\/\\\/balufy.com\\\/wp-content\\\/uploads\\\/2025\\\/01\\\/cabecera-ofertas-de-empleo-concierge-en-mallorca.jpg\",\"width\":2560,\"height\":675},{\"@type\":\"BreadcrumbList\",\"@id\":\"https:\\\/\\\/balufy.com\\\/es\\\/empleo\\\/oferta-de-empleo-concierge\\\/#breadcrumb\",\"itemListElement\":[{\"@type\":\"ListItem\",\"position\":1,\"name\":\"Portada\",\"item\":\"https:\\\/\\\/balufy.com\\\/\"},{\"@type\":\"ListItem\",\"position\":2,\"name\":\"Empleo\",\"item\":\"https:\\\/\\\/balufy.com\\\/es\\\/empleo\\\/\"},{\"@type\":\"ListItem\",\"position\":3,\"name\":\"Oferta de empleo: Concierge\"}]},{\"@type\":\"WebSite\",\"@id\":\"https:\\\/\\\/balufy.com\\\/es\\\/#website\",\"url\":\"https:\\\/\\\/balufy.com\\\/es\\\/\",\"name\":\"Balufy - Taste of experience\",\"description\":\"Balufy\",\"publisher\":{\"@id\":\"https:\\\/\\\/balufy.com\\\/es\\\/#organization\"},\"potentialAction\":[{\"@type\":\"SearchAction\",\"target\":{\"@type\":\"EntryPoint\",\"urlTemplate\":\"https:\\\/\\\/balufy.com\\\/es\\\/?s={search_term_string}\"},\"query-input\":{\"@type\":\"PropertyValueSpecification\",\"valueRequired\":true,\"valueName\":\"search_term_string\"}}],\"inLanguage\":\"de\"},{\"@type\":\"Organization\",\"@id\":\"https:\\\/\\\/balufy.com\\\/es\\\/#organization\",\"name\":\"Balufy\",\"url\":\"https:\\\/\\\/balufy.com\\\/es\\\/\",\"logo\":{\"@type\":\"ImageObject\",\"inLanguage\":\"de\",\"@id\":\"https:\\\/\\\/balufy.com\\\/es\\\/#\\\/schema\\\/logo\\\/image\\\/\",\"url\":\"https:\\\/\\\/balufy.com\\\/wp-content\\\/uploads\\\/2022\\\/06\\\/LOGO_PNG.png\",\"contentUrl\":\"https:\\\/\\\/balufy.com\\\/wp-content\\\/uploads\\\/2022\\\/06\\\/LOGO_PNG.png\",\"width\":1366,\"height\":768,\"caption\":\"Balufy\"},\"image\":{\"@id\":\"https:\\\/\\\/balufy.com\\\/es\\\/#\\\/schema\\\/logo\\\/image\\\/\"},\"sameAs\":[\"https:\\\/\\\/www.facebook.com\\\/Balufy-102705001596047\",\"https:\\\/\\\/www.instagram.com\\\/balufy_oficial\\\/\"]}]}<\/script>\n<!-- \/ Yoast SEO plugin. -->","yoast_head_json":{"title":"Treten Sie Balufy als Concierge bei | Exklusiver Service","description":"Werden Sie Teil des Balufy-Teams als Concierge und bieten Sie einzigartige Luxuserlebnisse. Ein professionelles Umfeld, in dem Sie etwas bewirken werden","robots":{"index":"index","follow":"follow","max-snippet":"max-snippet:-1","max-image-preview":"max-image-preview:large","max-video-preview":"max-video-preview:-1"},"canonical":"https:\/\/balufy.com\/de\/beschaftigung\/stellenangebot-concierge\/","og_locale":"de_DE","og_type":"article","og_title":"\u00danete a Balufy como Concierge | Servicio Exclusivo","og_description":"Forma parte del equipo de Balufy como Concierge y ofrece experiencias de lujo \u00fanicas. Ambiente profesional donde marcar\u00e1s la diferencia","og_url":"https:\/\/balufy.com\/de\/beschaftigung\/stellenangebot-concierge\/","og_site_name":"Balufy - The taste of Experience","article_publisher":"https:\/\/www.facebook.com\/Balufy-102705001596047","article_modified_time":"2025-05-01T12:49:03+00:00","og_image":[{"width":2560,"height":675,"url":"https:\/\/balufy.com\/wp-content\/uploads\/2025\/01\/cabecera-ofertas-de-empleo-concierge-en-mallorca.jpg","type":"image\/jpeg"}],"twitter_card":"summary_large_image","twitter_misc":{"Gesch\u00e4tzte Lesezeit":"1\u00a0Minute"},"schema":{"@context":"https:\/\/schema.org","@graph":[{"@type":"WebPage","@id":"https:\/\/balufy.com\/es\/empleo\/oferta-de-empleo-concierge\/","url":"https:\/\/balufy.com\/es\/empleo\/oferta-de-empleo-concierge\/","name":"Treten Sie Balufy als Concierge bei | Exklusiver Service","isPartOf":{"@id":"https:\/\/balufy.com\/es\/#website"},"primaryImageOfPage":{"@id":"https:\/\/balufy.com\/es\/empleo\/oferta-de-empleo-concierge\/#primaryimage"},"image":{"@id":"https:\/\/balufy.com\/es\/empleo\/oferta-de-empleo-concierge\/#primaryimage"},"thumbnailUrl":"https:\/\/balufy.com\/wp-content\/uploads\/2025\/01\/cabecera-ofertas-de-empleo-concierge-en-mallorca.jpg","datePublished":"2024-12-31T06:44:14+00:00","dateModified":"2025-05-01T12:49:03+00:00","description":"Werden Sie Teil des Balufy-Teams als Concierge und bieten Sie einzigartige Luxuserlebnisse. Ein professionelles Umfeld, in dem Sie etwas bewirken werden","breadcrumb":{"@id":"https:\/\/balufy.com\/es\/empleo\/oferta-de-empleo-concierge\/#breadcrumb"},"inLanguage":"de","potentialAction":[{"@type":"ReadAction","target":["https:\/\/balufy.com\/es\/empleo\/oferta-de-empleo-concierge\/"]}]},{"@type":"ImageObject","inLanguage":"de","@id":"https:\/\/balufy.com\/es\/empleo\/oferta-de-empleo-concierge\/#primaryimage","url":"https:\/\/balufy.com\/wp-content\/uploads\/2025\/01\/cabecera-ofertas-de-empleo-concierge-en-mallorca.jpg","contentUrl":"https:\/\/balufy.com\/wp-content\/uploads\/2025\/01\/cabecera-ofertas-de-empleo-concierge-en-mallorca.jpg","width":2560,"height":675},{"@type":"BreadcrumbList","@id":"https:\/\/balufy.com\/es\/empleo\/oferta-de-empleo-concierge\/#breadcrumb","itemListElement":[{"@type":"ListItem","position":1,"name":"Portada","item":"https:\/\/balufy.com\/"},{"@type":"ListItem","position":2,"name":"Empleo","item":"https:\/\/balufy.com\/es\/empleo\/"},{"@type":"ListItem","position":3,"name":"Oferta de empleo: Concierge"}]},{"@type":"WebSite","@id":"https:\/\/balufy.com\/es\/#website","url":"https:\/\/balufy.com\/es\/","name":"Balufy - Geschmack der Erfahrung","description":"Balufy","publisher":{"@id":"https:\/\/balufy.com\/es\/#organization"},"potentialAction":[{"@type":"SearchAction","target":{"@type":"EntryPoint","urlTemplate":"https:\/\/balufy.com\/es\/?s={search_term_string}"},"query-input":{"@type":"PropertyValueSpecification","valueRequired":true,"valueName":"search_term_string"}}],"inLanguage":"de"},{"@type":"Organization","@id":"https:\/\/balufy.com\/es\/#organization","name":"Balufy","url":"https:\/\/balufy.com\/es\/","logo":{"@type":"ImageObject","inLanguage":"de","@id":"https:\/\/balufy.com\/es\/#\/schema\/logo\/image\/","url":"https:\/\/balufy.com\/wp-content\/uploads\/2022\/06\/LOGO_PNG.png","contentUrl":"https:\/\/balufy.com\/wp-content\/uploads\/2022\/06\/LOGO_PNG.png","width":1366,"height":768,"caption":"Balufy"},"image":{"@id":"https:\/\/balufy.com\/es\/#\/schema\/logo\/image\/"},"sameAs":["https:\/\/www.facebook.com\/Balufy-102705001596047","https:\/\/www.instagram.com\/balufy_oficial\/"]}]}},"_links":{"self":[{"href":"https:\/\/balufy.com\/de\/wp-json\/wp\/v2\/pages\/5672","targetHints":{"allow":["GET"]}}],"collection":[{"href":"https:\/\/balufy.com\/de\/wp-json\/wp\/v2\/pages"}],"about":[{"href":"https:\/\/balufy.com\/de\/wp-json\/wp\/v2\/types\/page"}],"author":[{"embeddable":true,"href":"https:\/\/balufy.com\/de\/wp-json\/wp\/v2\/users\/31"}],"replies":[{"embeddable":true,"href":"https:\/\/balufy.com\/de\/wp-json\/wp\/v2\/comments?post=5672"}],"version-history":[{"count":0,"href":"https:\/\/balufy.com\/de\/wp-json\/wp\/v2\/pages\/5672\/revisions"}],"up":[{"embeddable":true,"href":"https:\/\/balufy.com\/de\/wp-json\/wp\/v2\/pages\/3829"}],"wp:featuredmedia":[{"embeddable":true,"href":"https:\/\/balufy.com\/de\/wp-json\/wp\/v2\/media\/5798"}],"wp:attachment":[{"href":"https:\/\/balufy.com\/de\/wp-json\/wp\/v2\/media?parent=5672"}],"curies":[{"name":"wp","href":"https:\/\/api.w.org\/{rel}","templated":true}]}}