{"id":5674,"date":"2024-12-31T08:53:31","date_gmt":"2024-12-31T06:53:31","guid":{"rendered":"https:\/\/balufy.com\/?page_id=5674"},"modified":"2025-05-01T14:26:30","modified_gmt":"2025-05-01T12:26:30","slug":"stellenangebot-reservekoordinator","status":"publish","type":"page","link":"https:\/\/balufy.com\/de\/beschaftigung\/stellenangebot-reservekoordinator\/","title":{"rendered":"Stellenangebot: Buchungskoordinator"},"content":{"rendered":"<h3><strong><span style=\"color: #455b70;\">Verst\u00e4rken Sie unser Team als Reserve-Koordinator!<\/span><\/strong><\/h3>\n<p><strong>Sind Sie auf der Suche nach einer M\u00f6glichkeit, au\u00dfergew\u00f6hnlichen Service zu bieten und Buchungen f\u00fcr unsere Kunden effizient zu verwalten? <\/strong><\/p>\n<p>Bei Balufy.com suchen wir einen professionellen, proaktiven, management- und organisationsorientierten Reservierungskoordinator. Wenn Sie mit Leidenschaft daf\u00fcr sorgen, dass jede Buchung reibungslos abgewickelt wird, und \u00fcber ausgezeichnete Kommunikations- und Organisationsf\u00e4higkeiten verf\u00fcgen, suchen wir Sie!<\/p>\n<p>In dieser Position sind Sie f\u00fcr die umfassende Verwaltung von Reservierungen, die Bearbeitung von Anfragen, die Best\u00e4tigung von Verf\u00fcgbarkeiten, die Abwicklung von Zahlungen und die Sicherstellung der korrekten Zuweisung von Ressourcen zust\u00e4ndig. Wir bieten ein dynamisches Arbeitsumfeld mit Entwicklungsm\u00f6glichkeiten und einen pers\u00f6nlichen Service.<\/p>\n<h3><span style=\"color: #455b70;\"><b>Stellenbeschreibung:<\/b><\/span><\/h3>\n<p><span style=\"font-weight: 400;\">Wir suchen einen <\/span><b>Buchungs-Koordinator<\/b><span style=\"font-weight: 400;\"> um Unterkunftsanfragen effizient zu bearbeiten und einen reibungslosen Ablauf zu gew\u00e4hrleisten.<\/span><\/p>\n<h3><span style=\"color: #455b70;\"><b>Zust\u00e4ndigkeiten:<\/b><\/span><\/h3>\n<ul>\n<li style=\"font-weight: 400;\" aria-level=\"1\"><span style=\"font-weight: 400;\">Bearbeitung und Best\u00e4tigung von Buchungen im System.<\/span><\/li>\n<li style=\"font-weight: 400;\" aria-level=\"1\"><span style=\"font-weight: 400;\">Koordinieren Sie das Ein- und Auschecken mit G\u00e4sten und Eigent\u00fcmern.<\/span><\/li>\n<li style=\"font-weight: 400;\" aria-level=\"1\"><span style=\"font-weight: 400;\">L\u00f6sung von Problemen im Zusammenhang mit Reservierungen.<\/span><\/li>\n<li style=\"font-weight: 400;\" aria-level=\"1\"><span style=\"font-weight: 400;\">Sicherstellung der korrekten Verf\u00fcgbarkeit von Immobilien auf den Plattformen.<\/span><\/li>\n<\/ul>\n<h3><span style=\"color: #455b70;\"><b>Anforderungen:<\/b><\/span><\/h3>\n<ul>\n<li style=\"font-weight: 400;\" aria-level=\"1\"><span style=\"font-weight: 400;\">Erfahrung in der Reservierungsverwaltung oder im Tourismus.<\/span><\/li>\n<li style=\"font-weight: 400;\" aria-level=\"1\"><span style=\"font-weight: 400;\">Kenntnisse der Reservierungssoftware (PMS oder Channel Manager).<\/span><\/li>\n<li style=\"font-weight: 400;\" aria-level=\"1\"><span style=\"font-weight: 400;\">F\u00e4higkeit, unter Druck zu arbeiten und Aufgaben nach Priorit\u00e4ten zu ordnen.<\/span><\/li>\n<\/ul>","protected":false},"excerpt":{"rendered":"<p>\u00a1\u00danete a nuestro equipo como Coordinador de Reserva! \u00bfBuscas una oportunidad para brindar un servicio excepcional y gestionar reservas de manera eficiente para nuestros clientes? En Balufy.com, buscamos un Coordinador de Reservas profesional, proactivo y orientado a la gesti\u00f3n y organizaci\u00f3n. Si te apasiona asegurar que cada reserva se gestione sin problemas y tienes excelentes [&hellip;]<\/p>","protected":false},"author":31,"featured_media":5799,"parent":3829,"menu_order":0,"comment_status":"closed","ping_status":"closed","template":"","meta":{"footnotes":""},"class_list":["post-5674","page","type-page","status-publish","has-post-thumbnail","hentry"],"yoast_head":"<!-- This site is optimized with the Yoast SEO plugin v27.3 - https:\/\/yoast.com\/product\/yoast-seo-wordpress\/ -->\n<title>\u00danete a Balufy como Coordinador de Reserva | Tu oportunidad<\/title>\n<meta name=\"description\" content=\"Balufy busca un Coordinador de Reserva para gestionar experiencias de lujo. Desarrolla tu carrera en un entorno din\u00e1mico y exclusivo.\" \/>\n<meta name=\"robots\" content=\"index, follow, max-snippet:-1, max-image-preview:large, max-video-preview:-1\" \/>\n<link rel=\"canonical\" href=\"https:\/\/balufy.com\/de\/beschaftigung\/stellenangebot-reservekoordinator\/\" \/>\n<meta property=\"og:locale\" content=\"de_DE\" \/>\n<meta property=\"og:type\" content=\"article\" \/>\n<meta property=\"og:title\" content=\"\u00danete a Balufy como Coordinador de Reserva | Tu oportunidad\" \/>\n<meta property=\"og:description\" content=\"Balufy busca un Coordinador de Reserva para gestionar experiencias de lujo. Desarrolla tu carrera en un entorno din\u00e1mico y exclusivo.\" \/>\n<meta property=\"og:url\" content=\"https:\/\/balufy.com\/de\/beschaftigung\/stellenangebot-reservekoordinator\/\" \/>\n<meta property=\"og:site_name\" content=\"Balufy - The taste of Experience\" \/>\n<meta property=\"article:publisher\" content=\"https:\/\/www.facebook.com\/Balufy-102705001596047\" \/>\n<meta property=\"article:modified_time\" content=\"2025-05-01T12:26:30+00:00\" \/>\n<meta property=\"og:image\" content=\"https:\/\/balufy.com\/wp-content\/uploads\/2025\/01\/cabecera-ofertas-de-empleo-coordinador-de-reservas-mallorca.jpg\" \/>\n\t<meta property=\"og:image:width\" content=\"2560\" \/>\n\t<meta property=\"og:image:height\" content=\"675\" \/>\n\t<meta property=\"og:image:type\" content=\"image\/jpeg\" \/>\n<meta name=\"twitter:card\" content=\"summary_large_image\" \/>\n<meta name=\"twitter:label1\" content=\"Gesch\u00e4tzte Lesezeit\" \/>\n\t<meta name=\"twitter:data1\" content=\"1\u00a0Minute\" \/>\n<script type=\"application\/ld+json\" class=\"yoast-schema-graph\">{\"@context\":\"https:\\\/\\\/schema.org\",\"@graph\":[{\"@type\":\"WebPage\",\"@id\":\"https:\\\/\\\/balufy.com\\\/de\\\/beschaftigung\\\/stellenangebot-reservekoordinator\\\/\",\"url\":\"https:\\\/\\\/balufy.com\\\/de\\\/beschaftigung\\\/stellenangebot-reservekoordinator\\\/\",\"name\":\"\u00danete a Balufy como Coordinador de Reserva | Tu oportunidad\",\"isPartOf\":{\"@id\":\"https:\\\/\\\/balufy.com\\\/es\\\/#website\"},\"primaryImageOfPage\":{\"@id\":\"https:\\\/\\\/balufy.com\\\/de\\\/beschaftigung\\\/stellenangebot-reservekoordinator\\\/#primaryimage\"},\"image\":{\"@id\":\"https:\\\/\\\/balufy.com\\\/de\\\/beschaftigung\\\/stellenangebot-reservekoordinator\\\/#primaryimage\"},\"thumbnailUrl\":\"https:\\\/\\\/balufy.com\\\/wp-content\\\/uploads\\\/2025\\\/01\\\/cabecera-ofertas-de-empleo-coordinador-de-reservas-mallorca.jpg\",\"datePublished\":\"2024-12-31T06:53:31+00:00\",\"dateModified\":\"2025-05-01T12:26:30+00:00\",\"description\":\"Balufy busca un Coordinador de Reserva para gestionar experiencias de lujo. Desarrolla tu carrera en un entorno din\u00e1mico y exclusivo.\",\"breadcrumb\":{\"@id\":\"https:\\\/\\\/balufy.com\\\/de\\\/beschaftigung\\\/stellenangebot-reservekoordinator\\\/#breadcrumb\"},\"inLanguage\":\"de\",\"potentialAction\":[{\"@type\":\"ReadAction\",\"target\":[\"https:\\\/\\\/balufy.com\\\/de\\\/beschaftigung\\\/stellenangebot-reservekoordinator\\\/\"]}]},{\"@type\":\"ImageObject\",\"inLanguage\":\"de\",\"@id\":\"https:\\\/\\\/balufy.com\\\/de\\\/beschaftigung\\\/stellenangebot-reservekoordinator\\\/#primaryimage\",\"url\":\"https:\\\/\\\/balufy.com\\\/wp-content\\\/uploads\\\/2025\\\/01\\\/cabecera-ofertas-de-empleo-coordinador-de-reservas-mallorca.jpg\",\"contentUrl\":\"https:\\\/\\\/balufy.com\\\/wp-content\\\/uploads\\\/2025\\\/01\\\/cabecera-ofertas-de-empleo-coordinador-de-reservas-mallorca.jpg\",\"width\":2560,\"height\":675},{\"@type\":\"BreadcrumbList\",\"@id\":\"https:\\\/\\\/balufy.com\\\/de\\\/beschaftigung\\\/stellenangebot-reservekoordinator\\\/#breadcrumb\",\"itemListElement\":[{\"@type\":\"ListItem\",\"position\":1,\"name\":\"Portada\",\"item\":\"https:\\\/\\\/balufy.com\\\/\"},{\"@type\":\"ListItem\",\"position\":2,\"name\":\"Empleo\",\"item\":\"https:\\\/\\\/balufy.com\\\/es\\\/empleo\\\/\"},{\"@type\":\"ListItem\",\"position\":3,\"name\":\"Oferta de empleo: Coordinador de Reserva\"}]},{\"@type\":\"WebSite\",\"@id\":\"https:\\\/\\\/balufy.com\\\/es\\\/#website\",\"url\":\"https:\\\/\\\/balufy.com\\\/es\\\/\",\"name\":\"Balufy - Taste of experience\",\"description\":\"Balufy\",\"publisher\":{\"@id\":\"https:\\\/\\\/balufy.com\\\/es\\\/#organization\"},\"potentialAction\":[{\"@type\":\"SearchAction\",\"target\":{\"@type\":\"EntryPoint\",\"urlTemplate\":\"https:\\\/\\\/balufy.com\\\/es\\\/?s={search_term_string}\"},\"query-input\":{\"@type\":\"PropertyValueSpecification\",\"valueRequired\":true,\"valueName\":\"search_term_string\"}}],\"inLanguage\":\"de\"},{\"@type\":\"Organization\",\"@id\":\"https:\\\/\\\/balufy.com\\\/es\\\/#organization\",\"name\":\"Balufy\",\"url\":\"https:\\\/\\\/balufy.com\\\/es\\\/\",\"logo\":{\"@type\":\"ImageObject\",\"inLanguage\":\"de\",\"@id\":\"https:\\\/\\\/balufy.com\\\/es\\\/#\\\/schema\\\/logo\\\/image\\\/\",\"url\":\"https:\\\/\\\/balufy.com\\\/wp-content\\\/uploads\\\/2022\\\/06\\\/LOGO_PNG.png\",\"contentUrl\":\"https:\\\/\\\/balufy.com\\\/wp-content\\\/uploads\\\/2022\\\/06\\\/LOGO_PNG.png\",\"width\":1366,\"height\":768,\"caption\":\"Balufy\"},\"image\":{\"@id\":\"https:\\\/\\\/balufy.com\\\/es\\\/#\\\/schema\\\/logo\\\/image\\\/\"},\"sameAs\":[\"https:\\\/\\\/www.facebook.com\\\/Balufy-102705001596047\",\"https:\\\/\\\/www.instagram.com\\\/balufy_oficial\\\/\"]}]}<\/script>\n<!-- \/ Yoast SEO plugin. -->","yoast_head_json":{"title":"Steigen Sie bei Balufy als Buchungskoordinator ein - Ihre Chance","description":"Balufy sucht einen Reservierungskoordinator (m\/w) f\u00fcr die Verwaltung von Luxuserlebnissen. Entwickeln Sie Ihre Karriere in einem dynamischen und exklusiven Umfeld.","robots":{"index":"index","follow":"follow","max-snippet":"max-snippet:-1","max-image-preview":"max-image-preview:large","max-video-preview":"max-video-preview:-1"},"canonical":"https:\/\/balufy.com\/de\/beschaftigung\/stellenangebot-reservekoordinator\/","og_locale":"de_DE","og_type":"article","og_title":"\u00danete a Balufy como Coordinador de Reserva | Tu oportunidad","og_description":"Balufy busca un Coordinador de Reserva para gestionar experiencias de lujo. Desarrolla tu carrera en un entorno din\u00e1mico y exclusivo.","og_url":"https:\/\/balufy.com\/de\/beschaftigung\/stellenangebot-reservekoordinator\/","og_site_name":"Balufy - The taste of Experience","article_publisher":"https:\/\/www.facebook.com\/Balufy-102705001596047","article_modified_time":"2025-05-01T12:26:30+00:00","og_image":[{"width":2560,"height":675,"url":"https:\/\/balufy.com\/wp-content\/uploads\/2025\/01\/cabecera-ofertas-de-empleo-coordinador-de-reservas-mallorca.jpg","type":"image\/jpeg"}],"twitter_card":"summary_large_image","twitter_misc":{"Gesch\u00e4tzte Lesezeit":"1\u00a0Minute"},"schema":{"@context":"https:\/\/schema.org","@graph":[{"@type":"WebPage","@id":"https:\/\/balufy.com\/de\/beschaftigung\/stellenangebot-reservekoordinator\/","url":"https:\/\/balufy.com\/de\/beschaftigung\/stellenangebot-reservekoordinator\/","name":"Steigen Sie bei Balufy als Buchungskoordinator ein - Ihre Chance","isPartOf":{"@id":"https:\/\/balufy.com\/es\/#website"},"primaryImageOfPage":{"@id":"https:\/\/balufy.com\/de\/beschaftigung\/stellenangebot-reservekoordinator\/#primaryimage"},"image":{"@id":"https:\/\/balufy.com\/de\/beschaftigung\/stellenangebot-reservekoordinator\/#primaryimage"},"thumbnailUrl":"https:\/\/balufy.com\/wp-content\/uploads\/2025\/01\/cabecera-ofertas-de-empleo-coordinador-de-reservas-mallorca.jpg","datePublished":"2024-12-31T06:53:31+00:00","dateModified":"2025-05-01T12:26:30+00:00","description":"Balufy sucht einen Reservierungskoordinator (m\/w) f\u00fcr die Verwaltung von Luxuserlebnissen. Entwickeln Sie Ihre Karriere in einem dynamischen und exklusiven Umfeld.","breadcrumb":{"@id":"https:\/\/balufy.com\/de\/beschaftigung\/stellenangebot-reservekoordinator\/#breadcrumb"},"inLanguage":"de","potentialAction":[{"@type":"ReadAction","target":["https:\/\/balufy.com\/de\/beschaftigung\/stellenangebot-reservekoordinator\/"]}]},{"@type":"ImageObject","inLanguage":"de","@id":"https:\/\/balufy.com\/de\/beschaftigung\/stellenangebot-reservekoordinator\/#primaryimage","url":"https:\/\/balufy.com\/wp-content\/uploads\/2025\/01\/cabecera-ofertas-de-empleo-coordinador-de-reservas-mallorca.jpg","contentUrl":"https:\/\/balufy.com\/wp-content\/uploads\/2025\/01\/cabecera-ofertas-de-empleo-coordinador-de-reservas-mallorca.jpg","width":2560,"height":675},{"@type":"BreadcrumbList","@id":"https:\/\/balufy.com\/de\/beschaftigung\/stellenangebot-reservekoordinator\/#breadcrumb","itemListElement":[{"@type":"ListItem","position":1,"name":"Portada","item":"https:\/\/balufy.com\/"},{"@type":"ListItem","position":2,"name":"Empleo","item":"https:\/\/balufy.com\/es\/empleo\/"},{"@type":"ListItem","position":3,"name":"Oferta de empleo: Coordinador de Reserva"}]},{"@type":"WebSite","@id":"https:\/\/balufy.com\/es\/#website","url":"https:\/\/balufy.com\/es\/","name":"Balufy - Geschmack der Erfahrung","description":"Balufy","publisher":{"@id":"https:\/\/balufy.com\/es\/#organization"},"potentialAction":[{"@type":"SearchAction","target":{"@type":"EntryPoint","urlTemplate":"https:\/\/balufy.com\/es\/?s={search_term_string}"},"query-input":{"@type":"PropertyValueSpecification","valueRequired":true,"valueName":"search_term_string"}}],"inLanguage":"de"},{"@type":"Organization","@id":"https:\/\/balufy.com\/es\/#organization","name":"Balufy","url":"https:\/\/balufy.com\/es\/","logo":{"@type":"ImageObject","inLanguage":"de","@id":"https:\/\/balufy.com\/es\/#\/schema\/logo\/image\/","url":"https:\/\/balufy.com\/wp-content\/uploads\/2022\/06\/LOGO_PNG.png","contentUrl":"https:\/\/balufy.com\/wp-content\/uploads\/2022\/06\/LOGO_PNG.png","width":1366,"height":768,"caption":"Balufy"},"image":{"@id":"https:\/\/balufy.com\/es\/#\/schema\/logo\/image\/"},"sameAs":["https:\/\/www.facebook.com\/Balufy-102705001596047","https:\/\/www.instagram.com\/balufy_oficial\/"]}]}},"_links":{"self":[{"href":"https:\/\/balufy.com\/de\/wp-json\/wp\/v2\/pages\/5674","targetHints":{"allow":["GET"]}}],"collection":[{"href":"https:\/\/balufy.com\/de\/wp-json\/wp\/v2\/pages"}],"about":[{"href":"https:\/\/balufy.com\/de\/wp-json\/wp\/v2\/types\/page"}],"author":[{"embeddable":true,"href":"https:\/\/balufy.com\/de\/wp-json\/wp\/v2\/users\/31"}],"replies":[{"embeddable":true,"href":"https:\/\/balufy.com\/de\/wp-json\/wp\/v2\/comments?post=5674"}],"version-history":[{"count":0,"href":"https:\/\/balufy.com\/de\/wp-json\/wp\/v2\/pages\/5674\/revisions"}],"up":[{"embeddable":true,"href":"https:\/\/balufy.com\/de\/wp-json\/wp\/v2\/pages\/3829"}],"wp:featuredmedia":[{"embeddable":true,"href":"https:\/\/balufy.com\/de\/wp-json\/wp\/v2\/media\/5799"}],"wp:attachment":[{"href":"https:\/\/balufy.com\/de\/wp-json\/wp\/v2\/media?parent=5674"}],"curies":[{"name":"wp","href":"https:\/\/api.w.org\/{rel}","templated":true}]}}