{"id":99,"date":"2018-11-02T10:41:38","date_gmt":"2018-11-02T10:41:38","guid":{"rendered":"http:\/\/listeosetupwiz.wpengine.com\/?page_id=47"},"modified":"2025-04-29T22:16:58","modified_gmt":"2025-04-29T20:16:58","slug":"kontakt","status":"publish","type":"page","link":"https:\/\/balufy.com\/de\/kontakt\/","title":{"rendered":"Kontakt"},"content":{"rendered":"<div data-elementor-type=\"wp-page\" data-elementor-id=\"99\" class=\"elementor elementor-99\" data-elementor-post-type=\"page\">\n\t\t\t\t\t\t<section class=\"elementor-section elementor-top-section elementor-element elementor-element-e1aadcb elementor-section-full_width elementor-section-height-default elementor-section-height-default\" data-id=\"e1aadcb\" data-element_type=\"section\" data-e-type=\"section\" data-settings=\"{&quot;jet_parallax_layout_list&quot;:[]}\">\n\t\t\t\t\t\t<div class=\"elementor-container elementor-column-gap-default\">\n\t\t\t\t\t<div class=\"elementor-column elementor-col-100 elementor-top-column elementor-element elementor-element-cfff01e\" data-id=\"cfff01e\" data-element_type=\"column\" data-e-type=\"column\">\n\t\t\t<div class=\"elementor-widget-wrap elementor-element-populated\">\n\t\t\t\t\t\t<section class=\"elementor-section elementor-inner-section elementor-element elementor-element-52afb16 elementor-section-height-min-height elementor-section-full_width elementor-section-height-default\" data-id=\"52afb16\" data-element_type=\"section\" data-e-type=\"section\" data-settings=\"{&quot;background_background&quot;:&quot;classic&quot;,&quot;jet_parallax_layout_list&quot;:[]}\">\n\t\t\t\t\t\t\t<div class=\"elementor-background-overlay\"><\/div>\n\t\t\t\t\t\t\t<div class=\"elementor-container elementor-column-gap-default\">\n\t\t\t\t\t<div class=\"elementor-column elementor-col-50 elementor-inner-column elementor-element elementor-element-70d5da8\" data-id=\"70d5da8\" data-element_type=\"column\" data-e-type=\"column\">\n\t\t\t<div class=\"elementor-widget-wrap elementor-element-populated\">\n\t\t\t\t<div class=\"elementor-element elementor-element-547aca5 e-flex e-con-boxed e-con e-parent\" data-id=\"547aca5\" data-element_type=\"container\" data-e-type=\"container\" data-settings=\"{&quot;jet_parallax_layout_list&quot;:[]}\">\n\t\t\t\t\t<div class=\"e-con-inner\">\n\t\t\t\t<div class=\"elementor-element elementor-element-25549d8 elementor-widget elementor-widget-heading\" data-id=\"25549d8\" data-element_type=\"widget\" data-e-type=\"widget\" data-widget_type=\"heading.default\">\n\t\t\t\t<div class=\"elementor-widget-container\">\n\t\t\t\t\t<h2 class=\"elementor-heading-title elementor-size-default\">Kontakt mit dem Balufy-Team<\/h2>\t\t\t\t<\/div>\n\t\t\t\t<\/div>\n\t\t\t\t<div class=\"elementor-element elementor-element-e10e942 elementor-widget elementor-widget-text-editor\" data-id=\"e10e942\" data-element_type=\"widget\" data-e-type=\"widget\" data-widget_type=\"text-editor.default\">\n\t\t\t\t<div class=\"elementor-widget-container\">\n\t\t\t\t\t\t\t\t\t<p><strong>M\u00fcssen Sie uns kontaktieren?<\/strong> G\u00e4ste, Gastgeber und Partner k\u00f6nnen unser Team jederzeit um Hilfe bitten, sowohl w\u00e4hrend des Aufenthalts als auch vor dessen Beendigung. Unser Kundendienstteam steht Ihnen zur Verf\u00fcgung.<\/p>\t\t\t\t\t\t\t\t<\/div>\n\t\t\t\t<\/div>\n\t\t\t\t<div class=\"elementor-element elementor-element-7827e59 elementor-align-left elementor-widget elementor-widget-button\" data-id=\"7827e59\" data-element_type=\"widget\" data-e-type=\"widget\" data-widget_type=\"button.default\">\n\t\t\t\t<div class=\"elementor-widget-container\">\n\t\t\t\t\t\t\t\t\t<div class=\"elementor-button-wrapper\">\n\t\t\t\t\t<a class=\"elementor-button elementor-button-link elementor-size-sm\" href=\"#form2\">\n\t\t\t\t\t\t<span class=\"elementor-button-content-wrapper\">\n\t\t\t\t\t\t\t\t\t<span class=\"elementor-button-text\">Schreiben Sie uns an<\/span>\n\t\t\t\t\t<\/span>\n\t\t\t\t\t<\/a>\n\t\t\t\t<\/div>\n\t\t\t\t\t\t\t\t<\/div>\n\t\t\t\t<\/div>\n\t\t\t\t\t<\/div>\n\t\t\t\t<\/div>\n\t\t\t\t\t<\/div>\n\t\t<\/div>\n\t\t\t\t<div class=\"elementor-column elementor-col-50 elementor-inner-column elementor-element elementor-element-86d9d48\" data-id=\"86d9d48\" data-element_type=\"column\" data-e-type=\"column\">\n\t\t\t<div class=\"elementor-widget-wrap\">\n\t\t\t\t\t\t\t<\/div>\n\t\t<\/div>\n\t\t\t\t\t<\/div>\n\t\t<\/section>\n\t\t\t\t\t<\/div>\n\t\t<\/div>\n\t\t\t\t\t<\/div>\n\t\t<\/section>\n\t\t<div class=\"elementor-element elementor-element-7f22313 e-flex e-con-boxed e-con e-parent\" data-id=\"7f22313\" data-element_type=\"container\" data-e-type=\"container\" data-settings=\"{&quot;jet_parallax_layout_list&quot;:[]}\">\n\t\t\t\t\t<div class=\"e-con-inner\">\n\t\t<div class=\"elementor-element elementor-element-0b4c84f e-con-full e-flex e-con e-child\" data-id=\"0b4c84f\" data-element_type=\"container\" data-e-type=\"container\" data-settings=\"{&quot;background_background&quot;:&quot;classic&quot;,&quot;jet_parallax_layout_list&quot;:[]}\">\n\t\t<div class=\"elementor-element elementor-element-23b075a e-con-full e-flex e-con e-child\" data-id=\"23b075a\" data-element_type=\"container\" data-e-type=\"container\" data-settings=\"{&quot;background_background&quot;:&quot;classic&quot;,&quot;jet_parallax_layout_list&quot;:[]}\">\n\t\t<div class=\"elementor-element elementor-element-9ff9331 e-con-full e-flex e-con e-child\" data-id=\"9ff9331\" data-element_type=\"container\" data-e-type=\"container\" data-settings=\"{&quot;jet_parallax_layout_list&quot;:[]}\">\n\t\t\t\t<\/div>\n\t\t<div class=\"elementor-element elementor-element-696d513 e-con-full e-flex e-con e-child\" data-id=\"696d513\" data-element_type=\"container\" data-e-type=\"container\" data-settings=\"{&quot;jet_parallax_layout_list&quot;:[]}\">\n\t\t\t\t<div class=\"elementor-element elementor-element-fef0ecc elementor-widget elementor-widget-text-editor\" data-id=\"fef0ecc\" data-element_type=\"widget\" data-e-type=\"widget\" data-widget_type=\"text-editor.default\">\n\t\t\t\t<div class=\"elementor-widget-container\">\n\t\t\t\t\t\t\t\t\t<div class=\"sc-a29d37b0-0 gpOLry\"><h2 class=\"sc-43c8e994-0 sc-43c8e994-1 fxBdnn\" style=\"font-size: 24px; font-weight: 300;\">Kontakt-Formular<\/h2><\/div>\t\t\t\t\t\t\t\t<\/div>\n\t\t\t\t<\/div>\n\t\t<div class=\"elementor-element elementor-element-b501426 e-con-full e-flex e-con e-child\" data-id=\"b501426\" data-element_type=\"container\" data-e-type=\"container\" data-settings=\"{&quot;background_background&quot;:&quot;classic&quot;,&quot;jet_parallax_layout_list&quot;:[]}\">\n\t\t\t\t<div class=\"elementor-element elementor-element-15869b1 elementor-widget elementor-widget-elementskit-contact-form7\" data-id=\"15869b1\" data-element_type=\"widget\" data-e-type=\"widget\" data-widget_type=\"elementskit-contact-form7.default\">\n\t\t\t\t<div class=\"elementor-widget-container\">\n\t\t\t\t\t<div class=\"ekit-wid-con\" ><div class=\"ekit-form\">\n<div class=\"wpcf7 no-js\" id=\"wpcf7-f11075-o1\" lang=\"es-ES\" dir=\"ltr\" data-wpcf7-id=\"11075\">\n<div class=\"screen-reader-response\"><p role=\"status\" aria-live=\"polite\" aria-atomic=\"true\"><\/p> <ul><\/ul><\/div>\n<form action=\"\/de\/wp-json\/wp\/v2\/pages\/99#wpcf7-f11075-o1\" method=\"post\" class=\"wpcf7-form init\" aria-label=\"Kontakt-Formular\" novalidate=\"novalidate\" data-status=\"init\" data-trp-original-action=\"\/de\/wp-json\/wp\/v2\/pages\/99#wpcf7-f11075-o1\">\n<fieldset class=\"hidden-fields-container\"><input type=\"hidden\" name=\"_wpcf7\" value=\"11075\" \/><input type=\"hidden\" name=\"_wpcf7_version\" value=\"6.1.5\" \/><input type=\"hidden\" name=\"_wpcf7_locale\" value=\"es_ES\" \/><input type=\"hidden\" name=\"_wpcf7_unit_tag\" value=\"wpcf7-f11075-o1\" \/><input type=\"hidden\" name=\"_wpcf7_container_post\" value=\"0\" \/><input type=\"hidden\" name=\"_wpcf7_posted_data_hash\" value=\"\" \/><input type=\"hidden\" name=\"_wpcf7dtx_version\" value=\"5.0.5\" \/><input type=\"hidden\" name=\"_wpcf7_recaptcha_response\" value=\"\" \/>\n<\/fieldset>\n<p><label> Name<br \/>\n<span class=\"wpcf7-form-control-wrap\" data-name=\"your-name\"><input size=\"40\" maxlength=\"400\" class=\"wpcf7-form-control wpcf7-text wpcf7-validates-as-required\" autocomplete=\"name\" aria-required=\"true\" aria-invalid=\"false\" value=\"\" type=\"text\" name=\"your-name\" \/><\/span> <\/label><br \/>\n<label> Nachname<br \/>\n<span class=\"wpcf7-form-control-wrap\" data-name=\"your-LastName\"><input size=\"40\" maxlength=\"400\" class=\"wpcf7-form-control wpcf7-text wpcf7-validates-as-required\" autocomplete=\"name\" aria-required=\"true\" aria-invalid=\"false\" value=\"\" type=\"text\" name=\"your-LastName\" \/><\/span> <\/label><br \/>\n<label> Ihre E-Mail Adresse<br \/>\n<span class=\"wpcf7-form-control-wrap\" data-name=\"your-email\"><input size=\"40\" maxlength=\"400\" class=\"wpcf7-form-control wpcf7-email wpcf7-validates-as-required wpcf7-text wpcf7-validates-as-email\" autocomplete=\"email\" aria-required=\"true\" aria-invalid=\"false\" value=\"\" type=\"email\" name=\"your-email\" \/><\/span> <\/label><br \/>\n<label> Telefon<br \/>\n<span class=\"wpcf7-form-control-wrap\" data-name=\"your-phone\"><input size=\"40\" class=\"wpcf7-form-control wpcf7-phonetext wpcf7-validates-as-required wpcf7-text wpcf7-validates-as-phonetext\" autocomplete=\"phone\" aria-required=\"true\" aria-invalid=\"false\" value=\"\" type=\"text\" name=\"your-phone\" \/><input type=\"hidden\" name=\"your-phone-country-code\" class=\"wpcf7-phonetext-country-code\" \/><\/span> <\/label><br \/>\n<label> Land<br \/>\n<span class=\"wpcf7-form-control-wrap\" data-name=\"your-country\"><select class=\"wpcf7-form-control wpcf7-select\" aria-invalid=\"false\" name=\"your-country\"><option value=\"-\">-<\/option><option value=\"Alemania\">Deutschland<\/option><option value=\"Andorra\">Andorra<\/option><option value=\"Antigua y Barbuda\">Antigua und Barbuda<\/option><option value=\"Argentina\">Argentinien<\/option><option value=\"Armenia\">Armenien<\/option><option value=\"Austria\">\u00d6sterreich<\/option><option value=\"Azerbaiy\u00e1n\">Aserbaidschan<\/option><option value=\"Bahamas\">Bahamas<\/option><option value=\"Barbados\">Barbados<\/option><option value=\"B\u00e9lgica\">Belgien<\/option><option value=\"Belice\">Belize<\/option><option value=\"Bolivia\">Bolivien<\/option><option value=\"Bosnia y Herzegovina\">Bosnien und Herzegowina<\/option><option value=\"Brasil\">Brasilien<\/option><option value=\"Canad\u00e1\">Kanada<\/option><option value=\"Chile\">Chile<\/option><option value=\"Colombia\">Kolumbien<\/option><option value=\"Costa Rica\">Costa Rica<\/option><option value=\"Croacia\">Kroatien<\/option><option value=\"Cuba\">Kuba<\/option><option value=\"Dinamarca\">D\u00e4nemark<\/option><option value=\"Dominica\">Dominica<\/option><option value=\"Ecuador\">Ecuador<\/option><option value=\"El Salvador\">El Salvador<\/option><option value=\"Eslovaquia\">Slowakei<\/option><option value=\"Eslovenia\">Slowenien<\/option><option value=\"Espa\u00f1a\">Spanien<\/option><option value=\"Estados Unidos\">Vereinigte Staaten<\/option><option value=\"Estonia\">Estland<\/option><option value=\"Finlandia\">Finnland<\/option><option value=\"Francia\">Frankreich<\/option><option value=\"Georgia\">Georgien<\/option><option value=\"Granada\">Grenada<\/option><option value=\"Grecia\">Griechenland<\/option><option value=\"Guatemala\">Guatemala<\/option><option value=\"Guyana\">Guyana<\/option><option value=\"Hait\u00ed\">Haiti<\/option><option value=\"Honduras\">Honduras<\/option><option value=\"Hungr\u00eda\">Ungarn<\/option><option value=\"Irlanda\">Irland<\/option><option value=\"Islandia\">Island<\/option><option value=\"Italia\">Italien<\/option><option value=\"Jamaica\">Jamaika<\/option><option value=\"Kazajist\u00e1n\">Kasachstan<\/option><option value=\"Letonia\">Lettland<\/option><option value=\"Lichtenstein\">Lichtenstein<\/option><option value=\"Lituania\">Litauen<\/option><option value=\"Luxemburgo\">Luxemburg<\/option><option value=\"Malta\">Malta<\/option><option value=\"M\u00e9xico\">Mexiko<\/option><option value=\"Moldavia\">Moldawien<\/option><option value=\"M\u00f3naco\">Monaco<\/option><option value=\"Montenegro\">Montenegro<\/option><option value=\"Nicaragua\">Nicaragua<\/option><option value=\"Noruega\">Norwegen<\/option><option value=\"Pa\u00edses Bajos\">Die Niederlande<\/option><option value=\"Panam\u00e1\">Panama<\/option><option value=\"Paraguay\">Paraguay<\/option><option value=\"Per\u00fa\">Peru<\/option><option value=\"Polonia\">Polen<\/option><option value=\"Portugal\">Portugal<\/option><option value=\"Reino Unido\">Vereinigtes K\u00f6nigreich<\/option><option value=\"Rep\u00fablica Checa\">Tschechische Republik<\/option><option value=\"Rep\u00fablica Dominicana\">Dominikanische Republik<\/option><option value=\"Ruman\u00eda\">Rum\u00e4nien<\/option><option value=\"Rusia\">Russland<\/option><option value=\"San Crist\u00f3bal y Nieves\">St. Kitts und Nevis<\/option><option value=\"San Marino\">San Marino<\/option><option value=\"San Vicente y las Granadinas\">St. Vincent und die Grenadinen<\/option><option value=\"Santa Luc\u00eda\">St. Lucia<\/option><option value=\"Serbia\">Serbien<\/option><option value=\"Suecia\">Schweden<\/option><option value=\"Suiza\">Schweiz<\/option><option value=\"Surinam\">Surinam<\/option><option value=\"Trinidad y Tobago\">Trinidad und Tobago<\/option><option value=\"Ucrania\">Ukraine<\/option><option value=\"Uruguay\">Uruguay<\/option><option value=\"Venezuela\">Venezuela<\/option><\/select><\/span><\/label>\n<\/p>\n<legend> <span class=\"wpcf7-form-control-wrap\" data-name=\"aceptar-politicas\"><span class=\"wpcf7-form-control wpcf7-acceptance\"><span class=\"wpcf7-list-item\"><label><input type=\"checkbox\" name=\"aceptar-politicas\" value=\"1\" aria-invalid=\"false\" \/><span class=\"wpcf7-list-item-label\"><b> Ich akzeptiere die<\/b><a href='\/de\/politica-de-privacidad\/'>&nbsp;Datenschutzbestimmungen<\/a><b>&nbsp;und die&nbsp;<\/b><a href='\/de\/rechtshinweis\/'>Haftungsausschluss<\/a><\/span><\/label><\/span><\/span><\/span>\n<\/legend>\n \n <!-- Campos ocultos -->\n<input class=\"wpcf7-form-control wpcf7-hidden\" value=\"\" type=\"hidden\" name=\"fecha\" \/>\n<input class=\"wpcf7-form-control wpcf7-hidden\" value=\"\" type=\"hidden\" name=\"hora\" \/>\n<input class=\"wpcf7-form-control wpcf7-hidden\" value=\"\" type=\"hidden\" name=\"url\" \/>\n<input class=\"wpcf7-form-control wpcf7-hidden\" value=\"\" type=\"hidden\" name=\"ip\" \/>\n<input class=\"wpcf7-form-control wpcf7-hidden\" value=\"\" type=\"hidden\" name=\"api_response\" \/>\n<input class=\"wpcf7-form-control wpcf7-hidden clientify_cookie\" value=\"\" type=\"hidden\" name=\"clientify_cookie\" \/>\n<p><input class=\"wpcf7-form-control wpcf7-submit has-spinner\" type=\"submit\" value=\"Senden Sie\" \/>\n<\/p><div class=\"wpcf7-response-output\" aria-hidden=\"true\"><\/div>\n<input type=\"hidden\" name=\"trp-form-language\" value=\"de\"\/><\/form>\n<\/div>\n<\/div><\/div>\t\t\t\t<\/div>\n\t\t\t\t<\/div>\n\t\t\t\t<\/div>\n\t\t\t\t<\/div>\n\t\t<div class=\"elementor-element elementor-element-bfdaa58 e-con-full e-flex e-con e-child\" data-id=\"bfdaa58\" data-element_type=\"container\" data-e-type=\"container\" data-settings=\"{&quot;jet_parallax_layout_list&quot;:[]}\">\n\t\t\t\t<\/div>\n\t\t\t\t<\/div>\n\t\t\t\t<\/div>\n\t\t\t\t\t<\/div>\n\t\t\t\t<\/div>\n\t\t<div class=\"elementor-element elementor-element-a0105c7 e-flex e-con-boxed e-con e-parent\" data-id=\"a0105c7\" data-element_type=\"container\" data-e-type=\"container\" data-settings=\"{&quot;jet_parallax_layout_list&quot;:[]}\">\n\t\t\t\t\t<div class=\"e-con-inner\">\n\t\t\t\t<div class=\"elementor-element elementor-element-986da99 elementor-widget elementor-widget-heading\" data-id=\"986da99\" data-element_type=\"widget\" data-e-type=\"widget\" data-widget_type=\"heading.default\">\n\t\t\t\t<div class=\"elementor-widget-container\">\n\t\t\t\t\t<h3 class=\"elementor-heading-title elementor-size-default\">Entdecken Sie das Hilfezentrum<\/h3>\t\t\t\t<\/div>\n\t\t\t\t<\/div>\n\t\t\t\t<div class=\"elementor-element elementor-element-b069b59 elementor-widget elementor-widget-text-editor\" data-id=\"b069b59\" data-element_type=\"widget\" data-e-type=\"widget\" data-widget_type=\"text-editor.default\">\n\t\t\t\t<div class=\"elementor-widget-container\">\n\t\t\t\t\t\t\t\t\t<p style=\"text-align: center;\"><span class=\"be9konj dir dir-ltr\"><strong>Besuchen Sie unser <a href=\"https:\/\/balufy.com\/de\/hilfe-zentrum\/\">Hilfe-Center<\/a> um Ihre Fragen zu beantworten<\/strong> zu Themen wie den folgenden: <br \/><\/span>Concierge-Dienste, Anfragen, Zahlungen, Erstattungen, Stornierungen und vieles mehr.<\/p>\t\t\t\t\t\t\t\t<\/div>\n\t\t\t\t<\/div>\n\t\t\t\t\t<\/div>\n\t\t\t\t<\/div>\n\t\t\t\t<\/div>","protected":false},"excerpt":{"rendered":"<p>Kontakt zum Balufy-Team M\u00f6chten Sie mit uns in Kontakt treten? G\u00e4ste, Gastgeber und Partner k\u00f6nnen sich jederzeit an unser Team wenden, wenn sie w\u00e4hrend eines Aufenthalts Hilfe ben\u00f6tigen, und zwar schon vor dessen Beginn, wenn er zu Ende ist. Unser Kundendienstteam steht Ihnen zur Verf\u00fcgung. Schreiben Sie uns Kontaktformular Vorname Nachname Ihre E-Mail Adresse Telefon [...]<\/p>","protected":false},"author":31,"featured_media":0,"parent":0,"menu_order":0,"comment_status":"closed","ping_status":"closed","template":"","meta":{"footnotes":""},"class_list":["post-99","page","type-page","status-publish","hentry"],"yoast_head":"<!-- This site is optimized with the Yoast SEO plugin v27.3 - https:\/\/yoast.com\/product\/yoast-seo-wordpress\/ -->\n<title>Contacta con Balufy | atenci\u00f3n personalizada experiencia de lujo<\/title>\n<meta name=\"description\" content=\"\u00bfTienes preguntas o necesitas asistencia? En Balufy te ofrecemos atenci\u00f3n exclusiva y personalizada. Ponte en contacto con nosotros.\" \/>\n<meta name=\"robots\" content=\"index, follow, max-snippet:-1, max-image-preview:large, max-video-preview:-1\" \/>\n<link rel=\"canonical\" href=\"https:\/\/balufy.com\/de\/kontakt\/\" \/>\n<meta property=\"og:locale\" content=\"de_DE\" \/>\n<meta property=\"og:type\" content=\"article\" \/>\n<meta property=\"og:title\" content=\"Contacta con Balufy | atenci\u00f3n personalizada experiencia de lujo\" \/>\n<meta property=\"og:description\" content=\"\u00bfTienes preguntas o necesitas asistencia? En Balufy te ofrecemos atenci\u00f3n exclusiva y personalizada. Ponte en contacto con nosotros.\" \/>\n<meta property=\"og:url\" content=\"https:\/\/balufy.com\/de\/kontakt\/\" \/>\n<meta property=\"og:site_name\" content=\"Balufy - The taste of Experience\" \/>\n<meta property=\"article:publisher\" content=\"https:\/\/www.facebook.com\/Balufy-102705001596047\" \/>\n<meta property=\"article:modified_time\" content=\"2025-04-29T20:16:58+00:00\" \/>\n<meta name=\"twitter:card\" content=\"summary_large_image\" \/>\n<meta name=\"twitter:label1\" content=\"Gesch\u00e4tzte Lesezeit\" \/>\n\t<meta name=\"twitter:data1\" content=\"2\u00a0Minuten\" \/>\n<script type=\"application\/ld+json\" class=\"yoast-schema-graph\">{\"@context\":\"https:\\\/\\\/schema.org\",\"@graph\":[{\"@type\":\"WebPage\",\"@id\":\"https:\\\/\\\/balufy.com\\\/en\\\/contact\\\/\",\"url\":\"https:\\\/\\\/balufy.com\\\/en\\\/contact\\\/\",\"name\":\"Contacta con Balufy | atenci\u00f3n personalizada experiencia de lujo\",\"isPartOf\":{\"@id\":\"https:\\\/\\\/balufy.com\\\/es\\\/#website\"},\"datePublished\":\"2018-11-02T10:41:38+00:00\",\"dateModified\":\"2025-04-29T20:16:58+00:00\",\"description\":\"\u00bfTienes preguntas o necesitas asistencia? En Balufy te ofrecemos atenci\u00f3n exclusiva y personalizada. Ponte en contacto con nosotros.\",\"breadcrumb\":{\"@id\":\"https:\\\/\\\/balufy.com\\\/en\\\/contact\\\/#breadcrumb\"},\"inLanguage\":\"de\",\"potentialAction\":[{\"@type\":\"ReadAction\",\"target\":[\"https:\\\/\\\/balufy.com\\\/en\\\/contact\\\/\"]}]},{\"@type\":\"BreadcrumbList\",\"@id\":\"https:\\\/\\\/balufy.com\\\/en\\\/contact\\\/#breadcrumb\",\"itemListElement\":[{\"@type\":\"ListItem\",\"position\":1,\"name\":\"Portada\",\"item\":\"https:\\\/\\\/balufy.com\\\/\"},{\"@type\":\"ListItem\",\"position\":2,\"name\":\"Contacto\"}]},{\"@type\":\"WebSite\",\"@id\":\"https:\\\/\\\/balufy.com\\\/es\\\/#website\",\"url\":\"https:\\\/\\\/balufy.com\\\/es\\\/\",\"name\":\"Balufy - Taste of experience\",\"description\":\"Balufy\",\"publisher\":{\"@id\":\"https:\\\/\\\/balufy.com\\\/es\\\/#organization\"},\"potentialAction\":[{\"@type\":\"SearchAction\",\"target\":{\"@type\":\"EntryPoint\",\"urlTemplate\":\"https:\\\/\\\/balufy.com\\\/es\\\/?s={search_term_string}\"},\"query-input\":{\"@type\":\"PropertyValueSpecification\",\"valueRequired\":true,\"valueName\":\"search_term_string\"}}],\"inLanguage\":\"de\"},{\"@type\":\"Organization\",\"@id\":\"https:\\\/\\\/balufy.com\\\/es\\\/#organization\",\"name\":\"Balufy\",\"url\":\"https:\\\/\\\/balufy.com\\\/es\\\/\",\"logo\":{\"@type\":\"ImageObject\",\"inLanguage\":\"de\",\"@id\":\"https:\\\/\\\/balufy.com\\\/es\\\/#\\\/schema\\\/logo\\\/image\\\/\",\"url\":\"https:\\\/\\\/balufy.com\\\/wp-content\\\/uploads\\\/2022\\\/06\\\/LOGO_PNG.png\",\"contentUrl\":\"https:\\\/\\\/balufy.com\\\/wp-content\\\/uploads\\\/2022\\\/06\\\/LOGO_PNG.png\",\"width\":1366,\"height\":768,\"caption\":\"Balufy\"},\"image\":{\"@id\":\"https:\\\/\\\/balufy.com\\\/es\\\/#\\\/schema\\\/logo\\\/image\\\/\"},\"sameAs\":[\"https:\\\/\\\/www.facebook.com\\\/Balufy-102705001596047\",\"https:\\\/\\\/www.instagram.com\\\/balufy_oficial\\\/\"]}]}<\/script>\n<!-- \/ Yoast SEO plugin. -->","yoast_head_json":{"title":"Kontakt zu Balufy: Pers\u00f6nliche Aufmerksamkeit - Luxus-Erlebnis","description":"Haben Sie Fragen oder brauchen Sie Hilfe? Bei Balufy bieten wir Ihnen eine exklusive und pers\u00f6nliche Betreuung. Nehmen Sie Kontakt mit uns auf.","robots":{"index":"index","follow":"follow","max-snippet":"max-snippet:-1","max-image-preview":"max-image-preview:large","max-video-preview":"max-video-preview:-1"},"canonical":"https:\/\/balufy.com\/de\/kontakt\/","og_locale":"de_DE","og_type":"article","og_title":"Contacta con Balufy | atenci\u00f3n personalizada experiencia de lujo","og_description":"\u00bfTienes preguntas o necesitas asistencia? En Balufy te ofrecemos atenci\u00f3n exclusiva y personalizada. Ponte en contacto con nosotros.","og_url":"https:\/\/balufy.com\/de\/kontakt\/","og_site_name":"Balufy - The taste of Experience","article_publisher":"https:\/\/www.facebook.com\/Balufy-102705001596047","article_modified_time":"2025-04-29T20:16:58+00:00","twitter_card":"summary_large_image","twitter_misc":{"Gesch\u00e4tzte Lesezeit":"2\u00a0Minuten"},"schema":{"@context":"https:\/\/schema.org","@graph":[{"@type":"WebPage","@id":"https:\/\/balufy.com\/en\/contact\/","url":"https:\/\/balufy.com\/en\/contact\/","name":"Kontakt zu Balufy: Pers\u00f6nliche Aufmerksamkeit - Luxus-Erlebnis","isPartOf":{"@id":"https:\/\/balufy.com\/es\/#website"},"datePublished":"2018-11-02T10:41:38+00:00","dateModified":"2025-04-29T20:16:58+00:00","description":"Haben Sie Fragen oder brauchen Sie Hilfe? Bei Balufy bieten wir Ihnen eine exklusive und pers\u00f6nliche Betreuung. Nehmen Sie Kontakt mit uns auf.","breadcrumb":{"@id":"https:\/\/balufy.com\/en\/contact\/#breadcrumb"},"inLanguage":"de","potentialAction":[{"@type":"ReadAction","target":["https:\/\/balufy.com\/en\/contact\/"]}]},{"@type":"BreadcrumbList","@id":"https:\/\/balufy.com\/en\/contact\/#breadcrumb","itemListElement":[{"@type":"ListItem","position":1,"name":"Portada","item":"https:\/\/balufy.com\/"},{"@type":"ListItem","position":2,"name":"Contacto"}]},{"@type":"WebSite","@id":"https:\/\/balufy.com\/es\/#website","url":"https:\/\/balufy.com\/es\/","name":"Balufy - Geschmack der Erfahrung","description":"Balufy","publisher":{"@id":"https:\/\/balufy.com\/es\/#organization"},"potentialAction":[{"@type":"SearchAction","target":{"@type":"EntryPoint","urlTemplate":"https:\/\/balufy.com\/es\/?s={search_term_string}"},"query-input":{"@type":"PropertyValueSpecification","valueRequired":true,"valueName":"search_term_string"}}],"inLanguage":"de"},{"@type":"Organization","@id":"https:\/\/balufy.com\/es\/#organization","name":"Balufy","url":"https:\/\/balufy.com\/es\/","logo":{"@type":"ImageObject","inLanguage":"de","@id":"https:\/\/balufy.com\/es\/#\/schema\/logo\/image\/","url":"https:\/\/balufy.com\/wp-content\/uploads\/2022\/06\/LOGO_PNG.png","contentUrl":"https:\/\/balufy.com\/wp-content\/uploads\/2022\/06\/LOGO_PNG.png","width":1366,"height":768,"caption":"Balufy"},"image":{"@id":"https:\/\/balufy.com\/es\/#\/schema\/logo\/image\/"},"sameAs":["https:\/\/www.facebook.com\/Balufy-102705001596047","https:\/\/www.instagram.com\/balufy_oficial\/"]}]}},"_links":{"self":[{"href":"https:\/\/balufy.com\/de\/wp-json\/wp\/v2\/pages\/99","targetHints":{"allow":["GET"]}}],"collection":[{"href":"https:\/\/balufy.com\/de\/wp-json\/wp\/v2\/pages"}],"about":[{"href":"https:\/\/balufy.com\/de\/wp-json\/wp\/v2\/types\/page"}],"author":[{"embeddable":true,"href":"https:\/\/balufy.com\/de\/wp-json\/wp\/v2\/users\/31"}],"replies":[{"embeddable":true,"href":"https:\/\/balufy.com\/de\/wp-json\/wp\/v2\/comments?post=99"}],"version-history":[{"count":0,"href":"https:\/\/balufy.com\/de\/wp-json\/wp\/v2\/pages\/99\/revisions"}],"wp:attachment":[{"href":"https:\/\/balufy.com\/de\/wp-json\/wp\/v2\/media?parent=99"}],"curies":[{"name":"wp","href":"https:\/\/api.w.org\/{rel}","templated":true}]}}