{"id":1122,"date":"2021-08-18T18:55:04","date_gmt":"2021-08-18T16:55:04","guid":{"rendered":"https:\/\/alquileres.pulsoweb.es\/product\/chalet-en-binisalem-es-refelot\/"},"modified":"2025-04-02T17:07:51","modified_gmt":"2025-04-02T15:07:51","slug":"villa-in-binisalem-es-refelot","status":"publish","type":"product","link":"https:\/\/balufy.com\/de\/produkt\/villa-in-binisalem-es-refelot\/","title":{"rendered":"Villa in Binisalem Es Refelot"},"content":{"rendered":"<p>Das Es rafalot liegt in Binissalem und bietet einen Garten, einen Au\u00dfenpool und Poolblick. Die klimatisierte Unterkunft liegt 29 km von Palma de Mallorca entfernt und bietet kostenfreies WLAN und Privatparkpl\u00e4tze.<\/p>\n<p>Die Villa verf\u00fcgt \u00fcber 4 Schlafzimmer, einen Fernseher, eine K\u00fcche mit Geschirrsp\u00fcler und Mikrowelle, eine Waschmaschine und 3 B\u00e4der mit einer Dusche.<\/p>\n<p>Die Villa verf\u00fcgt \u00fcber eine Terrasse. Es rafalot bietet eine Fahrrad- und Autovermietung.<\/p>\n<p>Can Pastilla ist 19 km von der Unterkunft entfernt, w\u00e4hrend El Arenal 40 km entfernt ist.<br \/>\nWir sprechen Ihre Sprache!<\/p>","protected":false},"excerpt":{"rendered":"<p>Das Es rafalot liegt in Binissalem und bietet einen Garten, einen Au\u00dfenpool und Poolblick. Die klimatisierte Unterkunft liegt 29 km von Palma de Mallorca entfernt und bietet kostenfreies WLAN und Privatparkpl\u00e4tze. Die Villa verf\u00fcgt \u00fcber 4 Schlafzimmer, einen TV, eine K\u00fcche mit einem Geschirrsp\u00fcler und einer Mikrowelle, eine Waschmaschine und 3 B\u00e4der.<\/p>","protected":false},"featured_media":0,"template":"","meta":[],"product_brand":[],"product_cat":[20],"product_tag":[],"class_list":{"0":"post-1122","1":"product","2":"type-product","3":"status-publish","5":"product_cat-listeo-booking","7":"first","8":"instock","9":"virtual","10":"sold-individually","11":"purchasable","12":"product-type-listing_booking"},"yoast_head":"<!-- This site is optimized with the Yoast SEO plugin v27.3 - https:\/\/yoast.com\/product\/yoast-seo-wordpress\/ -->\n<title>Chalet en Binisalem Es Refelot - Balufy - The taste of Experience<\/title>\n<meta name=\"robots\" content=\"index, follow, max-snippet:-1, max-image-preview:large, max-video-preview:-1\" \/>\n<link rel=\"canonical\" href=\"https:\/\/balufy.com\/de\/produkt\/villa-in-binisalem-es-refelot\/\" \/>\n<meta property=\"og:locale\" content=\"de_DE\" \/>\n<meta property=\"og:type\" content=\"article\" \/>\n<meta property=\"og:title\" content=\"Chalet en Binisalem Es Refelot - Balufy - The taste of Experience\" \/>\n<meta property=\"og:description\" content=\"El Es rafalot se encuentra en Binissalem y ofrece jard\u00edn, piscina al aire libre y vistas a la piscina. Este alojamiento con aire acondicionado est\u00e1 a 29 km de Palma de Mallorca y proporciona WiFi gratuita y aparcamiento privado. La villa tiene 4 dormitorios, TV, cocina equipada con lavavajillas y microondas, lavadora y 3 ba\u00f1os [&hellip;]\" \/>\n<meta property=\"og:url\" content=\"https:\/\/balufy.com\/de\/produkt\/villa-in-binisalem-es-refelot\/\" \/>\n<meta property=\"og:site_name\" content=\"Balufy - The taste of Experience\" \/>\n<meta property=\"article:publisher\" content=\"https:\/\/www.facebook.com\/Balufy-102705001596047\" \/>\n<meta property=\"article:modified_time\" content=\"2025-04-02T15:07:51+00:00\" \/>\n<meta name=\"twitter:card\" content=\"summary_large_image\" \/>\n<script type=\"application\/ld+json\" class=\"yoast-schema-graph\">{\"@context\":\"https:\\\/\\\/schema.org\",\"@graph\":[{\"@type\":\"WebPage\",\"@id\":\"https:\\\/\\\/balufy.com\\\/en\\\/product\\\/villa-in-binisalem-es-refelot\\\/\",\"url\":\"https:\\\/\\\/balufy.com\\\/en\\\/product\\\/villa-in-binisalem-es-refelot\\\/\",\"name\":\"Chalet en Binisalem Es Refelot - Balufy - The taste of Experience\",\"isPartOf\":{\"@id\":\"https:\\\/\\\/balufy.com\\\/es\\\/#website\"},\"datePublished\":\"2021-08-18T16:55:04+00:00\",\"dateModified\":\"2025-04-02T15:07:51+00:00\",\"breadcrumb\":{\"@id\":\"https:\\\/\\\/balufy.com\\\/en\\\/product\\\/villa-in-binisalem-es-refelot\\\/#breadcrumb\"},\"inLanguage\":\"de\",\"potentialAction\":[{\"@type\":\"ReadAction\",\"target\":[\"https:\\\/\\\/balufy.com\\\/en\\\/product\\\/villa-in-binisalem-es-refelot\\\/\"]}]},{\"@type\":\"BreadcrumbList\",\"@id\":\"https:\\\/\\\/balufy.com\\\/en\\\/product\\\/villa-in-binisalem-es-refelot\\\/#breadcrumb\",\"itemListElement\":[{\"@type\":\"ListItem\",\"position\":1,\"name\":\"Portada\",\"item\":\"https:\\\/\\\/balufy.com\\\/\"},{\"@type\":\"ListItem\",\"position\":2,\"name\":\"Shop\",\"item\":\"https:\\\/\\\/balufy.com\\\/es\\\/shop\\\/\"},{\"@type\":\"ListItem\",\"position\":3,\"name\":\"Chalet en Binisalem Es Refelot\"}]},{\"@type\":\"WebSite\",\"@id\":\"https:\\\/\\\/balufy.com\\\/es\\\/#website\",\"url\":\"https:\\\/\\\/balufy.com\\\/es\\\/\",\"name\":\"Balufy - Taste of experience\",\"description\":\"Balufy\",\"publisher\":{\"@id\":\"https:\\\/\\\/balufy.com\\\/es\\\/#organization\"},\"potentialAction\":[{\"@type\":\"SearchAction\",\"target\":{\"@type\":\"EntryPoint\",\"urlTemplate\":\"https:\\\/\\\/balufy.com\\\/es\\\/?s={search_term_string}\"},\"query-input\":{\"@type\":\"PropertyValueSpecification\",\"valueRequired\":true,\"valueName\":\"search_term_string\"}}],\"inLanguage\":\"de\"},{\"@type\":\"Organization\",\"@id\":\"https:\\\/\\\/balufy.com\\\/es\\\/#organization\",\"name\":\"Balufy\",\"url\":\"https:\\\/\\\/balufy.com\\\/es\\\/\",\"logo\":{\"@type\":\"ImageObject\",\"inLanguage\":\"de\",\"@id\":\"https:\\\/\\\/balufy.com\\\/es\\\/#\\\/schema\\\/logo\\\/image\\\/\",\"url\":\"https:\\\/\\\/balufy.com\\\/wp-content\\\/uploads\\\/2022\\\/06\\\/LOGO_PNG.png\",\"contentUrl\":\"https:\\\/\\\/balufy.com\\\/wp-content\\\/uploads\\\/2022\\\/06\\\/LOGO_PNG.png\",\"width\":1366,\"height\":768,\"caption\":\"Balufy\"},\"image\":{\"@id\":\"https:\\\/\\\/balufy.com\\\/es\\\/#\\\/schema\\\/logo\\\/image\\\/\"},\"sameAs\":[\"https:\\\/\\\/www.facebook.com\\\/Balufy-102705001596047\",\"https:\\\/\\\/www.instagram.com\\\/balufy_oficial\\\/\"]}]}<\/script>\n<!-- \/ Yoast SEO plugin. -->","yoast_head_json":{"title":"Villa in Binisalem Es Refelot - Balufy - Der Geschmack der Erfahrung","robots":{"index":"index","follow":"follow","max-snippet":"max-snippet:-1","max-image-preview":"max-image-preview:large","max-video-preview":"max-video-preview:-1"},"canonical":"https:\/\/balufy.com\/de\/produkt\/villa-in-binisalem-es-refelot\/","og_locale":"de_DE","og_type":"article","og_title":"Chalet en Binisalem Es Refelot - Balufy - The taste of Experience","og_description":"El Es rafalot se encuentra en Binissalem y ofrece jard\u00edn, piscina al aire libre y vistas a la piscina. Este alojamiento con aire acondicionado est\u00e1 a 29 km de Palma de Mallorca y proporciona WiFi gratuita y aparcamiento privado. La villa tiene 4 dormitorios, TV, cocina equipada con lavavajillas y microondas, lavadora y 3 ba\u00f1os [&hellip;]","og_url":"https:\/\/balufy.com\/de\/produkt\/villa-in-binisalem-es-refelot\/","og_site_name":"Balufy - The taste of Experience","article_publisher":"https:\/\/www.facebook.com\/Balufy-102705001596047","article_modified_time":"2025-04-02T15:07:51+00:00","twitter_card":"summary_large_image","schema":{"@context":"https:\/\/schema.org","@graph":[{"@type":"WebPage","@id":"https:\/\/balufy.com\/en\/product\/villa-in-binisalem-es-refelot\/","url":"https:\/\/balufy.com\/en\/product\/villa-in-binisalem-es-refelot\/","name":"Villa in Binisalem Es Refelot - Balufy - Der Geschmack der Erfahrung","isPartOf":{"@id":"https:\/\/balufy.com\/es\/#website"},"datePublished":"2021-08-18T16:55:04+00:00","dateModified":"2025-04-02T15:07:51+00:00","breadcrumb":{"@id":"https:\/\/balufy.com\/en\/product\/villa-in-binisalem-es-refelot\/#breadcrumb"},"inLanguage":"de","potentialAction":[{"@type":"ReadAction","target":["https:\/\/balufy.com\/en\/product\/villa-in-binisalem-es-refelot\/"]}]},{"@type":"BreadcrumbList","@id":"https:\/\/balufy.com\/en\/product\/villa-in-binisalem-es-refelot\/#breadcrumb","itemListElement":[{"@type":"ListItem","position":1,"name":"Portada","item":"https:\/\/balufy.com\/"},{"@type":"ListItem","position":2,"name":"Shop","item":"https:\/\/balufy.com\/es\/shop\/"},{"@type":"ListItem","position":3,"name":"Chalet en Binisalem Es Refelot"}]},{"@type":"WebSite","@id":"https:\/\/balufy.com\/es\/#website","url":"https:\/\/balufy.com\/es\/","name":"Balufy - Geschmack der Erfahrung","description":"Balufy","publisher":{"@id":"https:\/\/balufy.com\/es\/#organization"},"potentialAction":[{"@type":"SearchAction","target":{"@type":"EntryPoint","urlTemplate":"https:\/\/balufy.com\/es\/?s={search_term_string}"},"query-input":{"@type":"PropertyValueSpecification","valueRequired":true,"valueName":"search_term_string"}}],"inLanguage":"de"},{"@type":"Organization","@id":"https:\/\/balufy.com\/es\/#organization","name":"Balufy","url":"https:\/\/balufy.com\/es\/","logo":{"@type":"ImageObject","inLanguage":"de","@id":"https:\/\/balufy.com\/es\/#\/schema\/logo\/image\/","url":"https:\/\/balufy.com\/wp-content\/uploads\/2022\/06\/LOGO_PNG.png","contentUrl":"https:\/\/balufy.com\/wp-content\/uploads\/2022\/06\/LOGO_PNG.png","width":1366,"height":768,"caption":"Balufy"},"image":{"@id":"https:\/\/balufy.com\/es\/#\/schema\/logo\/image\/"},"sameAs":["https:\/\/www.facebook.com\/Balufy-102705001596047","https:\/\/www.instagram.com\/balufy_oficial\/"]}]}},"_links":{"self":[{"href":"https:\/\/balufy.com\/de\/wp-json\/wp\/v2\/product\/1122","targetHints":{"allow":["GET"]}}],"collection":[{"href":"https:\/\/balufy.com\/de\/wp-json\/wp\/v2\/product"}],"about":[{"href":"https:\/\/balufy.com\/de\/wp-json\/wp\/v2\/types\/product"}],"version-history":[{"count":0,"href":"https:\/\/balufy.com\/de\/wp-json\/wp\/v2\/product\/1122\/revisions"}],"wp:attachment":[{"href":"https:\/\/balufy.com\/de\/wp-json\/wp\/v2\/media?parent=1122"}],"wp:term":[{"taxonomy":"product_brand","embeddable":true,"href":"https:\/\/balufy.com\/de\/wp-json\/wp\/v2\/product_brand?post=1122"},{"taxonomy":"product_cat","embeddable":true,"href":"https:\/\/balufy.com\/de\/wp-json\/wp\/v2\/product_cat?post=1122"},{"taxonomy":"product_tag","embeddable":true,"href":"https:\/\/balufy.com\/de\/wp-json\/wp\/v2\/product_tag?post=1122"}],"curies":[{"name":"wp","href":"https:\/\/api.w.org\/{rel}","templated":true}]}}