{"id":1183,"date":"2021-08-20T12:13:41","date_gmt":"2021-08-20T10:13:41","guid":{"rendered":"https:\/\/alquileres.pulsoweb.es\/product\/cap-vermel-grand-hotel\/"},"modified":"2022-08-26T22:10:37","modified_gmt":"2022-08-26T20:10:37","slug":"grand-hotel-cap-vermel","status":"publish","type":"product","link":"https:\/\/balufy.com\/de\/produkt\/grand-hotel-cap-vermel\/","title":{"rendered":"Grand Hotel Cap Vermel"},"content":{"rendered":"<p>WOHNKOMFORT<br \/>\nZIMMER UND SUITEN<\/p>\n<p>Genie\u00dfen Sie gehobenen Wohnkomfort, w\u00e4hlen Sie aus 107 \u00fcbergro\u00dfen Junior Suiten, 19 Grand Deluxe Zimmern und 16 luxuri\u00f6sen Suiten im Cap Vermell Grand Hotel.<\/p>\n<p>GRAND-DELUXE-ZIMMER<br \/>\nJUNIOR SUITE GARTEN<br \/>\nJUNIOR-SUITE MIT BLICK AUF DAS RESORT<br \/>\nJUNIOR SUITE MIT TALBLICK<br \/>\nGRAND SUITE GARTEN<br \/>\nBLICK AUF DIE GRAND SUITE<br \/>\nPR\u00c4SIDENTENSUITE<\/p>\n<p>1<br \/>\n\/4<\/p>\n<p>EIN TRAUMHAUS<br \/>\nVILLAS<\/p>\n<p>Die Luxusvillen von Cap Vermell befinden sich in einer privilegierten Lage, die sich durch ihre Natur und Landschaft auszeichnet. Sie bieten einen idyllischen Ort zum Leben, umgeben von frischer Luft und nur 800 Meter vom Haupteingang des Cap Vermell Grand Hotels und nur wenige Minuten von herrlichen Str\u00e4nden und Buchten mit feinem wei\u00dfen Sand entfernt.<\/p>","protected":false},"excerpt":{"rendered":"<p>CONFORT RESIDENCIAL HABITACIONES Y SUITES Disfrute de un sofisticado confort residencial, elija entre las 107 Junior Suites de gran tama\u00f1o, las 19 habitaciones Grand Deluxe y las 16 lujosas suites del Cap Vermell Grand Hotel. GRAND DELUXE ROOM JUNIOR SUITE GARDEN JUNIOR SUITE RESORT VIEW JUNIOR SUITE VALLEY VIEW GRAND SUITE GARDEN GRAND SUITE VIEW [&hellip;]<\/p>","protected":false},"featured_media":0,"template":"","meta":[],"product_brand":[],"product_cat":[20],"product_tag":[],"class_list":{"0":"post-1183","1":"product","2":"type-product","3":"status-publish","5":"product_cat-listeo-booking","7":"first","8":"instock","9":"virtual","10":"sold-individually","11":"purchasable","12":"product-type-listing_booking"},"yoast_head":"<!-- This site is optimized with the Yoast SEO plugin v27.3 - https:\/\/yoast.com\/product\/yoast-seo-wordpress\/ -->\n<title>Cap Vermel Grand Hotel - Balufy - The taste of Experience<\/title>\n<meta name=\"robots\" content=\"index, follow, max-snippet:-1, max-image-preview:large, max-video-preview:-1\" \/>\n<link rel=\"canonical\" href=\"https:\/\/balufy.com\/de\/produkt\/grand-hotel-cap-vermel\/\" \/>\n<meta property=\"og:locale\" content=\"de_DE\" \/>\n<meta property=\"og:type\" content=\"article\" \/>\n<meta property=\"og:title\" content=\"Cap Vermel Grand Hotel - Balufy - The taste of Experience\" \/>\n<meta property=\"og:description\" content=\"CONFORT RESIDENCIAL HABITACIONES Y SUITES Disfrute de un sofisticado confort residencial, elija entre las 107 Junior Suites de gran tama\u00f1o, las 19 habitaciones Grand Deluxe y las 16 lujosas suites del Cap Vermell Grand Hotel. GRAND DELUXE ROOM JUNIOR SUITE GARDEN JUNIOR SUITE RESORT VIEW JUNIOR SUITE VALLEY VIEW GRAND SUITE GARDEN GRAND SUITE VIEW [&hellip;]\" \/>\n<meta property=\"og:url\" content=\"https:\/\/balufy.com\/de\/produkt\/grand-hotel-cap-vermel\/\" \/>\n<meta property=\"og:site_name\" content=\"Balufy - The taste of Experience\" \/>\n<meta property=\"article:publisher\" content=\"https:\/\/www.facebook.com\/Balufy-102705001596047\" \/>\n<meta property=\"article:modified_time\" content=\"2022-08-26T20:10:37+00:00\" \/>\n<meta name=\"twitter:card\" content=\"summary_large_image\" \/>\n<meta name=\"twitter:label1\" content=\"Gesch\u00e4tzte Lesezeit\" \/>\n\t<meta name=\"twitter:data1\" content=\"1\u00a0Minute\" \/>\n<script type=\"application\/ld+json\" class=\"yoast-schema-graph\">{\"@context\":\"https:\\\/\\\/schema.org\",\"@graph\":[{\"@type\":\"WebPage\",\"@id\":\"https:\\\/\\\/balufy.com\\\/es\\\/producto\\\/cap-vermel-grand-hotel\\\/\",\"url\":\"https:\\\/\\\/balufy.com\\\/es\\\/producto\\\/cap-vermel-grand-hotel\\\/\",\"name\":\"Cap Vermel Grand Hotel - Balufy - The taste of Experience\",\"isPartOf\":{\"@id\":\"https:\\\/\\\/balufy.com\\\/es\\\/#website\"},\"datePublished\":\"2021-08-20T10:13:41+00:00\",\"dateModified\":\"2022-08-26T20:10:37+00:00\",\"breadcrumb\":{\"@id\":\"https:\\\/\\\/balufy.com\\\/es\\\/producto\\\/cap-vermel-grand-hotel\\\/#breadcrumb\"},\"inLanguage\":\"de\",\"potentialAction\":[{\"@type\":\"ReadAction\",\"target\":[\"https:\\\/\\\/balufy.com\\\/es\\\/producto\\\/cap-vermel-grand-hotel\\\/\"]}]},{\"@type\":\"BreadcrumbList\",\"@id\":\"https:\\\/\\\/balufy.com\\\/es\\\/producto\\\/cap-vermel-grand-hotel\\\/#breadcrumb\",\"itemListElement\":[{\"@type\":\"ListItem\",\"position\":1,\"name\":\"Portada\",\"item\":\"https:\\\/\\\/balufy.com\\\/\"},{\"@type\":\"ListItem\",\"position\":2,\"name\":\"Shop\",\"item\":\"https:\\\/\\\/balufy.com\\\/es\\\/shop\\\/\"},{\"@type\":\"ListItem\",\"position\":3,\"name\":\"Cap Vermel Grand Hotel\"}]},{\"@type\":\"WebSite\",\"@id\":\"https:\\\/\\\/balufy.com\\\/es\\\/#website\",\"url\":\"https:\\\/\\\/balufy.com\\\/es\\\/\",\"name\":\"Balufy - Taste of experience\",\"description\":\"Balufy\",\"publisher\":{\"@id\":\"https:\\\/\\\/balufy.com\\\/es\\\/#organization\"},\"potentialAction\":[{\"@type\":\"SearchAction\",\"target\":{\"@type\":\"EntryPoint\",\"urlTemplate\":\"https:\\\/\\\/balufy.com\\\/es\\\/?s={search_term_string}\"},\"query-input\":{\"@type\":\"PropertyValueSpecification\",\"valueRequired\":true,\"valueName\":\"search_term_string\"}}],\"inLanguage\":\"de\"},{\"@type\":\"Organization\",\"@id\":\"https:\\\/\\\/balufy.com\\\/es\\\/#organization\",\"name\":\"Balufy\",\"url\":\"https:\\\/\\\/balufy.com\\\/es\\\/\",\"logo\":{\"@type\":\"ImageObject\",\"inLanguage\":\"de\",\"@id\":\"https:\\\/\\\/balufy.com\\\/es\\\/#\\\/schema\\\/logo\\\/image\\\/\",\"url\":\"https:\\\/\\\/balufy.com\\\/wp-content\\\/uploads\\\/2022\\\/06\\\/LOGO_PNG.png\",\"contentUrl\":\"https:\\\/\\\/balufy.com\\\/wp-content\\\/uploads\\\/2022\\\/06\\\/LOGO_PNG.png\",\"width\":1366,\"height\":768,\"caption\":\"Balufy\"},\"image\":{\"@id\":\"https:\\\/\\\/balufy.com\\\/es\\\/#\\\/schema\\\/logo\\\/image\\\/\"},\"sameAs\":[\"https:\\\/\\\/www.facebook.com\\\/Balufy-102705001596047\",\"https:\\\/\\\/www.instagram.com\\\/balufy_oficial\\\/\"]}]}<\/script>\n<!-- \/ Yoast SEO plugin. -->","yoast_head_json":{"title":"Cap Vermel Grand Hotel - Balufy - Der Geschmack der Erfahrung","robots":{"index":"index","follow":"follow","max-snippet":"max-snippet:-1","max-image-preview":"max-image-preview:large","max-video-preview":"max-video-preview:-1"},"canonical":"https:\/\/balufy.com\/de\/produkt\/grand-hotel-cap-vermel\/","og_locale":"de_DE","og_type":"article","og_title":"Cap Vermel Grand Hotel - Balufy - The taste of Experience","og_description":"CONFORT RESIDENCIAL HABITACIONES Y SUITES Disfrute de un sofisticado confort residencial, elija entre las 107 Junior Suites de gran tama\u00f1o, las 19 habitaciones Grand Deluxe y las 16 lujosas suites del Cap Vermell Grand Hotel. GRAND DELUXE ROOM JUNIOR SUITE GARDEN JUNIOR SUITE RESORT VIEW JUNIOR SUITE VALLEY VIEW GRAND SUITE GARDEN GRAND SUITE VIEW [&hellip;]","og_url":"https:\/\/balufy.com\/de\/produkt\/grand-hotel-cap-vermel\/","og_site_name":"Balufy - The taste of Experience","article_publisher":"https:\/\/www.facebook.com\/Balufy-102705001596047","article_modified_time":"2022-08-26T20:10:37+00:00","twitter_card":"summary_large_image","twitter_misc":{"Gesch\u00e4tzte Lesezeit":"1\u00a0Minute"},"schema":{"@context":"https:\/\/schema.org","@graph":[{"@type":"WebPage","@id":"https:\/\/balufy.com\/es\/producto\/cap-vermel-grand-hotel\/","url":"https:\/\/balufy.com\/es\/producto\/cap-vermel-grand-hotel\/","name":"Cap Vermel Grand Hotel - Balufy - Der Geschmack der Erfahrung","isPartOf":{"@id":"https:\/\/balufy.com\/es\/#website"},"datePublished":"2021-08-20T10:13:41+00:00","dateModified":"2022-08-26T20:10:37+00:00","breadcrumb":{"@id":"https:\/\/balufy.com\/es\/producto\/cap-vermel-grand-hotel\/#breadcrumb"},"inLanguage":"de","potentialAction":[{"@type":"ReadAction","target":["https:\/\/balufy.com\/es\/producto\/cap-vermel-grand-hotel\/"]}]},{"@type":"BreadcrumbList","@id":"https:\/\/balufy.com\/es\/producto\/cap-vermel-grand-hotel\/#breadcrumb","itemListElement":[{"@type":"ListItem","position":1,"name":"Portada","item":"https:\/\/balufy.com\/"},{"@type":"ListItem","position":2,"name":"Shop","item":"https:\/\/balufy.com\/es\/shop\/"},{"@type":"ListItem","position":3,"name":"Cap Vermel Grand Hotel"}]},{"@type":"WebSite","@id":"https:\/\/balufy.com\/es\/#website","url":"https:\/\/balufy.com\/es\/","name":"Balufy - Geschmack der Erfahrung","description":"Balufy","publisher":{"@id":"https:\/\/balufy.com\/es\/#organization"},"potentialAction":[{"@type":"SearchAction","target":{"@type":"EntryPoint","urlTemplate":"https:\/\/balufy.com\/es\/?s={search_term_string}"},"query-input":{"@type":"PropertyValueSpecification","valueRequired":true,"valueName":"search_term_string"}}],"inLanguage":"de"},{"@type":"Organization","@id":"https:\/\/balufy.com\/es\/#organization","name":"Balufy","url":"https:\/\/balufy.com\/es\/","logo":{"@type":"ImageObject","inLanguage":"de","@id":"https:\/\/balufy.com\/es\/#\/schema\/logo\/image\/","url":"https:\/\/balufy.com\/wp-content\/uploads\/2022\/06\/LOGO_PNG.png","contentUrl":"https:\/\/balufy.com\/wp-content\/uploads\/2022\/06\/LOGO_PNG.png","width":1366,"height":768,"caption":"Balufy"},"image":{"@id":"https:\/\/balufy.com\/es\/#\/schema\/logo\/image\/"},"sameAs":["https:\/\/www.facebook.com\/Balufy-102705001596047","https:\/\/www.instagram.com\/balufy_oficial\/"]}]}},"_links":{"self":[{"href":"https:\/\/balufy.com\/de\/wp-json\/wp\/v2\/product\/1183","targetHints":{"allow":["GET"]}}],"collection":[{"href":"https:\/\/balufy.com\/de\/wp-json\/wp\/v2\/product"}],"about":[{"href":"https:\/\/balufy.com\/de\/wp-json\/wp\/v2\/types\/product"}],"version-history":[{"count":0,"href":"https:\/\/balufy.com\/de\/wp-json\/wp\/v2\/product\/1183\/revisions"}],"wp:attachment":[{"href":"https:\/\/balufy.com\/de\/wp-json\/wp\/v2\/media?parent=1183"}],"wp:term":[{"taxonomy":"product_brand","embeddable":true,"href":"https:\/\/balufy.com\/de\/wp-json\/wp\/v2\/product_brand?post=1183"},{"taxonomy":"product_cat","embeddable":true,"href":"https:\/\/balufy.com\/de\/wp-json\/wp\/v2\/product_cat?post=1183"},{"taxonomy":"product_tag","embeddable":true,"href":"https:\/\/balufy.com\/de\/wp-json\/wp\/v2\/product_tag?post=1183"}],"curies":[{"name":"wp","href":"https:\/\/api.w.org\/{rel}","templated":true}]}}