{"id":1218,"date":"2021-08-22T13:33:10","date_gmt":"2021-08-22T11:33:10","guid":{"rendered":"https:\/\/alquileres.pulsoweb.es\/product\/alojamiento-portals-nous\/"},"modified":"2025-04-02T17:07:00","modified_gmt":"2025-04-02T15:07:00","slug":"unterkunft-portale-nous","status":"publish","type":"product","link":"https:\/\/balufy.com\/de\/produkt\/unterkunft-portale-nous\/","title":{"rendered":"Unterkunft Portals Nous"},"content":{"rendered":"<p>Die schlichte, moderne Architektur der Villa Maria bildet einen Kontrapunkt zum fesselnden Meerblick. Die n\u00fcchternen Linien dieses Ferienhauses auf Mallorca schaffen ein Ambiente von schlichtem Luxus, genauso wie die Lage in der charmanten Gegend von Portals Nous f\u00fcr einen einfach entspannten Urlaub sorgt. Verbringen Sie Ihren Aufenthalt in der mediterranen Sonne auf der Terrasse oder machen Sie einen kurzen Ausflug zum Strand.<br \/>\nDas Herzst\u00fcck der Villa Maria ist die weitl\u00e4ufige Terrasse, die von einer \u00fcppigen Bepflanzung und einer Glasbalustrade umgeben ist und ein Gef\u00fchl von Privatsph\u00e4re sowie einen Panoramablick auf das Meer bietet. Machen Sie es sich auf einer Liege am Infinity-Pool bequem, genie\u00dfen Sie Erfrischungen im schattigen Bereich eines Sonnenschirms oder ziehen Sie sich in die \u00fcberdachte Au\u00dfenk\u00fcche und den Essbereich zur\u00fcck, wo Sie im Schatten grillen k\u00f6nnen. Im Inneren stehen ein Fernseher und Wi-Fi bereit, damit Sie sich abends entspannen k\u00f6nnen.<br \/>\nW\u00e4hrend die Poolterrasse ebenerdig liegt, befindet sich der gro\u00dfe Raum der Villa eine Etage h\u00f6her, um eine noch bessere Aussicht zu bieten. Das offene Wohnzimmer, das Esszimmer und die voll ausgestattete K\u00fcche bieten einen Blick auf die umliegenden H\u00fcgel durch mehrere T\u00fcren, die den Raum mit einem \u00fcber die gesamte Breite reichenden Balkon verbinden. Neutrale T\u00f6ne, klare Linien und lebendige Kunstwerke sorgen f\u00fcr ein elegantes, modernes Aussehen des gesamten Raumes.<br \/>\nJedes der drei Schlafzimmer der Villa Maria verf\u00fcgt \u00fcber ein Doppelbett und ein eigenes Bad. Gr\u00f6\u00dfere Gruppen k\u00f6nnen auch das Personalzimmer nutzen, das \u00fcber ein eigenes Doppelbett und Zugang zu einem Badezimmer auf dem Flur verf\u00fcgt.<br \/>\nEgal, ob Sie mit Freunden, der Familie oder in den Flitterwochen unterwegs sind, in dem beliebten Ferienort Portals Nous gibt es viel zu erleben. Fahren Sie tags\u00fcber kurz zum Sandstrand von Puerto Portals und lassen Sie sich abends in einem Restaurant oder einer Bar am Strand nieder.<br \/>\nUrheberrecht \u00a9 BALUFY. Alle Rechte vorbehalten.<br \/>\nZulassungsnummer<br \/>\nETV 4730<\/p>\n<p><strong>SCHLAFZIMMER BAD<\/strong><br \/>\nSchlafzimmer 1: Doppelbett, eigenes Bad mit separater Dusche<br \/>\nSchlafzimmer 2: Doppelbett, eigenes Bad mit separater Dusche<br \/>\nSchlafzimmer 3 - Master: Queen-Size-Bett, en-suite Badezimmer mit separater Dusche, Doppelwaschtisch, Terrasse, Safe<br \/>\nZus\u00e4tzliche Bettw\u00e4sche<br \/>\nPersonalzimmer: Queen-Size-Bett, Zugang zum Badezimmer auf dem Flur<\/p>\n<p><strong>EIGENSCHAFTEN UND ANNEHMLICHKEITEN<\/strong><br \/>\nVollst\u00e4ndig ausgestattete K\u00fcche<br \/>\nEspressomaschine<br \/>\nFormelles Esszimmer mit Platz f\u00fcr 6 Personen<br \/>\nFernsehen<br \/>\nWifi<br \/>\nKlimatisierung<br \/>\nBeheizte B\u00f6den<br \/>\nWaschmaschine und Trockner<\/p>\n<p><strong>EXTERNE MERKMALE<\/strong><br \/>\nEssen im Freien<br \/>\nGrillen<br \/>\nTerrasse<br \/>\nParken<br \/>\nBlick auf das Meer<br \/>\nLiegest\u00fchle<\/p>\n<p><strong>PERSONAL UND DIENSTLEISTUNGEN<\/strong><br \/>\nEinschlie\u00dflich:<br \/>\nKleine Reinigung zur Wochenmitte<br \/>\nWechsel der Handt\u00fccher (einmal pro Woche)<br \/>\nZus\u00e4tzliche Reinigung, Wechsel der Bettw\u00e4sche und Handt\u00fccher (einmal pro Woche bei Aufenthalten von mehr als 1 Woche).<br \/>\nVersorgungsunternehmen (April bis Oktober)<br \/>\nZus\u00e4tzliche Kosten (ggf. Voranmeldung erforderlich):<br \/>\nKurtaxe (obligatorisch)<br \/>\nDorf vor der Einlagerung<br \/>\nFlughafen-Transfer<br \/>\nAktivit\u00e4ten und Ausfl\u00fcge<br \/>\nKinderbetten (120 x 60cm) und Hochst\u00fchle: 100 \u20ac \/ Woche<\/p>\n<p>&nbsp;<\/p>","protected":false},"excerpt":{"rendered":"<p>Die schlichte, moderne Architektur der Villa Maria bildet einen Kontrapunkt zum fesselnden Meerblick. Die n\u00fcchternen Linien dieses Ferienhauses auf Mallorca schaffen ein Ambiente von schlichtem Luxus, genauso wie seine Lage in der charmanten Gegend von Portals Nous f\u00fcr einen einfach entspannenden Urlaub sorgt. Verbringen Sie Ihren Aufenthalt mit [...]<\/p>","protected":false},"featured_media":0,"template":"","meta":[],"product_brand":[],"product_cat":[20],"product_tag":[],"class_list":{"0":"post-1218","1":"product","2":"type-product","3":"status-publish","5":"product_cat-listeo-booking","7":"first","8":"instock","9":"virtual","10":"sold-individually","11":"purchasable","12":"product-type-listing_booking"},"yoast_head":"<!-- This site is optimized with the Yoast SEO plugin v27.3 - https:\/\/yoast.com\/product\/yoast-seo-wordpress\/ -->\n<title>Alojamiento Portals Nous - Balufy - The taste of Experience<\/title>\n<meta name=\"robots\" content=\"index, follow, max-snippet:-1, max-image-preview:large, max-video-preview:-1\" \/>\n<link rel=\"canonical\" href=\"https:\/\/balufy.com\/de\/produkt\/unterkunft-portale-nous\/\" \/>\n<meta property=\"og:locale\" content=\"de_DE\" \/>\n<meta property=\"og:type\" content=\"article\" \/>\n<meta property=\"og:title\" content=\"Alojamiento Portals Nous - Balufy - The taste of Experience\" \/>\n<meta property=\"og:description\" content=\"La elegante arquitectura contempor\u00e1nea es un contrapunto a las cautivadoras vistas al mar en Villa Maria. Las l\u00edneas sobrias de este alquiler de vacaciones en Mallorca crean un ambiente de lujo simple, al igual que su ubicaci\u00f3n en la encantadora zona de Portals Nous lo convierte en unas vacaciones simplemente relajantes. Pase su estancia tomando [&hellip;]\" \/>\n<meta property=\"og:url\" content=\"https:\/\/balufy.com\/de\/produkt\/unterkunft-portale-nous\/\" \/>\n<meta property=\"og:site_name\" content=\"Balufy - The taste of Experience\" \/>\n<meta property=\"article:publisher\" content=\"https:\/\/www.facebook.com\/Balufy-102705001596047\" \/>\n<meta property=\"article:modified_time\" content=\"2025-04-02T15:07:00+00:00\" \/>\n<meta name=\"twitter:card\" content=\"summary_large_image\" \/>\n<meta name=\"twitter:label1\" content=\"Gesch\u00e4tzte Lesezeit\" \/>\n\t<meta name=\"twitter:data1\" content=\"3\u00a0Minuten\" \/>\n<script type=\"application\/ld+json\" class=\"yoast-schema-graph\">{\"@context\":\"https:\\\/\\\/schema.org\",\"@graph\":[{\"@type\":\"WebPage\",\"@id\":\"https:\\\/\\\/balufy.com\\\/de\\\/produkt\\\/unterkunft-portale-nous\\\/\",\"url\":\"https:\\\/\\\/balufy.com\\\/de\\\/produkt\\\/unterkunft-portale-nous\\\/\",\"name\":\"Alojamiento Portals Nous - Balufy - The taste of Experience\",\"isPartOf\":{\"@id\":\"https:\\\/\\\/balufy.com\\\/es\\\/#website\"},\"datePublished\":\"2021-08-22T11:33:10+00:00\",\"dateModified\":\"2025-04-02T15:07:00+00:00\",\"breadcrumb\":{\"@id\":\"https:\\\/\\\/balufy.com\\\/de\\\/produkt\\\/unterkunft-portale-nous\\\/#breadcrumb\"},\"inLanguage\":\"de\",\"potentialAction\":[{\"@type\":\"ReadAction\",\"target\":[\"https:\\\/\\\/balufy.com\\\/de\\\/produkt\\\/unterkunft-portale-nous\\\/\"]}]},{\"@type\":\"BreadcrumbList\",\"@id\":\"https:\\\/\\\/balufy.com\\\/de\\\/produkt\\\/unterkunft-portale-nous\\\/#breadcrumb\",\"itemListElement\":[{\"@type\":\"ListItem\",\"position\":1,\"name\":\"Portada\",\"item\":\"https:\\\/\\\/balufy.com\\\/\"},{\"@type\":\"ListItem\",\"position\":2,\"name\":\"Shop\",\"item\":\"https:\\\/\\\/balufy.com\\\/es\\\/shop\\\/\"},{\"@type\":\"ListItem\",\"position\":3,\"name\":\"Alojamiento Portals Nous\"}]},{\"@type\":\"WebSite\",\"@id\":\"https:\\\/\\\/balufy.com\\\/es\\\/#website\",\"url\":\"https:\\\/\\\/balufy.com\\\/es\\\/\",\"name\":\"Balufy - Taste of experience\",\"description\":\"Balufy\",\"publisher\":{\"@id\":\"https:\\\/\\\/balufy.com\\\/es\\\/#organization\"},\"potentialAction\":[{\"@type\":\"SearchAction\",\"target\":{\"@type\":\"EntryPoint\",\"urlTemplate\":\"https:\\\/\\\/balufy.com\\\/es\\\/?s={search_term_string}\"},\"query-input\":{\"@type\":\"PropertyValueSpecification\",\"valueRequired\":true,\"valueName\":\"search_term_string\"}}],\"inLanguage\":\"de\"},{\"@type\":\"Organization\",\"@id\":\"https:\\\/\\\/balufy.com\\\/es\\\/#organization\",\"name\":\"Balufy\",\"url\":\"https:\\\/\\\/balufy.com\\\/es\\\/\",\"logo\":{\"@type\":\"ImageObject\",\"inLanguage\":\"de\",\"@id\":\"https:\\\/\\\/balufy.com\\\/es\\\/#\\\/schema\\\/logo\\\/image\\\/\",\"url\":\"https:\\\/\\\/balufy.com\\\/wp-content\\\/uploads\\\/2022\\\/06\\\/LOGO_PNG.png\",\"contentUrl\":\"https:\\\/\\\/balufy.com\\\/wp-content\\\/uploads\\\/2022\\\/06\\\/LOGO_PNG.png\",\"width\":1366,\"height\":768,\"caption\":\"Balufy\"},\"image\":{\"@id\":\"https:\\\/\\\/balufy.com\\\/es\\\/#\\\/schema\\\/logo\\\/image\\\/\"},\"sameAs\":[\"https:\\\/\\\/www.facebook.com\\\/Balufy-102705001596047\",\"https:\\\/\\\/www.instagram.com\\\/balufy_oficial\\\/\"]}]}<\/script>\n<!-- \/ Yoast SEO plugin. -->","yoast_head_json":{"title":"Unterkunft Portals Nous - Balufy - Der Geschmack der Erfahrung","robots":{"index":"index","follow":"follow","max-snippet":"max-snippet:-1","max-image-preview":"max-image-preview:large","max-video-preview":"max-video-preview:-1"},"canonical":"https:\/\/balufy.com\/de\/produkt\/unterkunft-portale-nous\/","og_locale":"de_DE","og_type":"article","og_title":"Alojamiento Portals Nous - Balufy - The taste of Experience","og_description":"La elegante arquitectura contempor\u00e1nea es un contrapunto a las cautivadoras vistas al mar en Villa Maria. Las l\u00edneas sobrias de este alquiler de vacaciones en Mallorca crean un ambiente de lujo simple, al igual que su ubicaci\u00f3n en la encantadora zona de Portals Nous lo convierte en unas vacaciones simplemente relajantes. Pase su estancia tomando [&hellip;]","og_url":"https:\/\/balufy.com\/de\/produkt\/unterkunft-portale-nous\/","og_site_name":"Balufy - The taste of Experience","article_publisher":"https:\/\/www.facebook.com\/Balufy-102705001596047","article_modified_time":"2025-04-02T15:07:00+00:00","twitter_card":"summary_large_image","twitter_misc":{"Gesch\u00e4tzte Lesezeit":"3\u00a0Minuten"},"schema":{"@context":"https:\/\/schema.org","@graph":[{"@type":"WebPage","@id":"https:\/\/balufy.com\/de\/produkt\/unterkunft-portale-nous\/","url":"https:\/\/balufy.com\/de\/produkt\/unterkunft-portale-nous\/","name":"Unterkunft Portals Nous - Balufy - Der Geschmack der Erfahrung","isPartOf":{"@id":"https:\/\/balufy.com\/es\/#website"},"datePublished":"2021-08-22T11:33:10+00:00","dateModified":"2025-04-02T15:07:00+00:00","breadcrumb":{"@id":"https:\/\/balufy.com\/de\/produkt\/unterkunft-portale-nous\/#breadcrumb"},"inLanguage":"de","potentialAction":[{"@type":"ReadAction","target":["https:\/\/balufy.com\/de\/produkt\/unterkunft-portale-nous\/"]}]},{"@type":"BreadcrumbList","@id":"https:\/\/balufy.com\/de\/produkt\/unterkunft-portale-nous\/#breadcrumb","itemListElement":[{"@type":"ListItem","position":1,"name":"Portada","item":"https:\/\/balufy.com\/"},{"@type":"ListItem","position":2,"name":"Shop","item":"https:\/\/balufy.com\/es\/shop\/"},{"@type":"ListItem","position":3,"name":"Alojamiento Portals Nous"}]},{"@type":"WebSite","@id":"https:\/\/balufy.com\/es\/#website","url":"https:\/\/balufy.com\/es\/","name":"Balufy - Geschmack der Erfahrung","description":"Balufy","publisher":{"@id":"https:\/\/balufy.com\/es\/#organization"},"potentialAction":[{"@type":"SearchAction","target":{"@type":"EntryPoint","urlTemplate":"https:\/\/balufy.com\/es\/?s={search_term_string}"},"query-input":{"@type":"PropertyValueSpecification","valueRequired":true,"valueName":"search_term_string"}}],"inLanguage":"de"},{"@type":"Organization","@id":"https:\/\/balufy.com\/es\/#organization","name":"Balufy","url":"https:\/\/balufy.com\/es\/","logo":{"@type":"ImageObject","inLanguage":"de","@id":"https:\/\/balufy.com\/es\/#\/schema\/logo\/image\/","url":"https:\/\/balufy.com\/wp-content\/uploads\/2022\/06\/LOGO_PNG.png","contentUrl":"https:\/\/balufy.com\/wp-content\/uploads\/2022\/06\/LOGO_PNG.png","width":1366,"height":768,"caption":"Balufy"},"image":{"@id":"https:\/\/balufy.com\/es\/#\/schema\/logo\/image\/"},"sameAs":["https:\/\/www.facebook.com\/Balufy-102705001596047","https:\/\/www.instagram.com\/balufy_oficial\/"]}]}},"_links":{"self":[{"href":"https:\/\/balufy.com\/de\/wp-json\/wp\/v2\/product\/1218","targetHints":{"allow":["GET"]}}],"collection":[{"href":"https:\/\/balufy.com\/de\/wp-json\/wp\/v2\/product"}],"about":[{"href":"https:\/\/balufy.com\/de\/wp-json\/wp\/v2\/types\/product"}],"version-history":[{"count":0,"href":"https:\/\/balufy.com\/de\/wp-json\/wp\/v2\/product\/1218\/revisions"}],"wp:attachment":[{"href":"https:\/\/balufy.com\/de\/wp-json\/wp\/v2\/media?parent=1218"}],"wp:term":[{"taxonomy":"product_brand","embeddable":true,"href":"https:\/\/balufy.com\/de\/wp-json\/wp\/v2\/product_brand?post=1218"},{"taxonomy":"product_cat","embeddable":true,"href":"https:\/\/balufy.com\/de\/wp-json\/wp\/v2\/product_cat?post=1218"},{"taxonomy":"product_tag","embeddable":true,"href":"https:\/\/balufy.com\/de\/wp-json\/wp\/v2\/product_tag?post=1218"}],"curies":[{"name":"wp","href":"https:\/\/api.w.org\/{rel}","templated":true}]}}