{"id":1344,"date":"2021-08-25T19:23:05","date_gmt":"2021-08-25T17:23:05","guid":{"rendered":"https:\/\/alquileres.pulsoweb.es\/product\/astir-iberostar-grand-portals-nous\/"},"modified":"2022-08-26T22:09:39","modified_gmt":"2022-08-26T20:09:39","slug":"astir-iberostar-grand-portals-nous","status":"publish","type":"product","link":"https:\/\/balufy.com\/de\/produkt\/astir-iberostar-grand-portals-nous\/","title":{"rendered":"Astir Iberostar Grand Portals Nous"},"content":{"rendered":"<p><strong>Das Restaurant<\/strong><br \/>\nSp\u00fcren Sie die W\u00e4rme, Eleganz und Frische des Mittelmeers in jedem Gericht.<\/p>\n<p>Astir bietet Ihnen ein avantgardistisches gastronomisches Konzept auf der Grundlage lokaler Produkte in einer einzigartigen Umgebung, nur einen Steinwurf vom Mittelmeer entfernt.<\/p>\n<p>Mit Blick auf das kristallklare Wasser und die Klippen der kleinen Bucht von Portals Nous und exquisit dekoriert von dem niederl\u00e4ndischen Designer Marcel Wanders. Genie\u00dfen Sie mit allen f\u00fcnf Sinnen.<br \/>\n<strong>Fr\u00fchst\u00fcck und Brunch<\/strong><br \/>\nDie fr\u00fchen Stunden des Tages im Restaurant Astir haben einen besonderen Reiz.<\/p>\n<p>Die Eleganz des ruhigen Meeres, das sanfte Morgenlicht und das unvergleichliche Vergn\u00fcgen, in einer privilegierten Umgebung zu fr\u00fchst\u00fccken. Eine unschlagbare Art, den Tag mit einem gesunden mediterranen Fr\u00fchst\u00fcck zu beginnen.<\/p>\n<p>Astir bietet auch den besten Plan f\u00fcr Sonntage mit einem anderen Brunch. Eine k\u00f6stliche Tour durch die Produkte der Insel, die Sie das Gl\u00fcck sp\u00fcren l\u00e4sst, gleichzeitig zu fr\u00fchst\u00fccken und zu Mittag zu essen, und das vor den sch\u00f6nsten Landschaften des Mittelmeers.<\/p>\n<p><strong>Mittagessen<\/strong><br \/>\nMallorca ist eine Insel, die reich an Nuancen, Ecken und Geheimnissen ist. Ein au\u00dfergew\u00f6hnlicher Ort, um ein einzigartiges Mittag- oder Abendessen zu genie\u00dfen.<\/p>\n<p>Wir bieten eine ungezwungene Speisekarte, die sich an eine entspannte Atmosph\u00e4re anpasst, ohne dabei an Essenz zu verlieren. Eine Kombination aus leichten Gerichten zum Knabbern und anspruchsvolleren Speisen, die jedem Gast gerecht werden.<\/p>\n<p>Ein unvergessliches gastronomisches Erlebnis, das von Mallorca, seiner Kultur und seiner Gr\u00f6\u00dfe erz\u00e4hlt. Einzigartige Geschm\u00e4cker und erhabene Momente.<\/p>\n<p><strong>Abendessen<\/strong><br \/>\nMallorca ist eine Insel, die reich an Nuancen, Ecken und Geheimnissen ist. Ein au\u00dfergew\u00f6hnlicher Ort, um ein einzigartiges Mittag- oder Abendessen zu genie\u00dfen.<\/p>\n<p>Wir bieten eine ungezwungene Speisekarte, die sich an eine entspannte Atmosph\u00e4re anpasst, ohne dabei an Essenz zu verlieren. Eine Kombination aus leichten Gerichten zum Knabbern und anspruchsvolleren Speisen, die jedem Gast gerecht werden.<\/p>\n<p>Ein unvergessliches gastronomisches Erlebnis, das von Mallorca, seiner Kultur und seiner Gr\u00f6\u00dfe erz\u00e4hlt. Einzigartige Geschm\u00e4cker und erhabene Momente.<\/p>\n<p><strong>Champagner Bar<\/strong><br \/>\nUnglaubliche Ausblicke auf die kleine Bucht von Portals Nous und ein Glas des besten Champagners sind die besten Zutaten, um einen magischen Moment zu erleben.<\/p>\n<p>Entdecken Sie die exklusivste Ecke des Mittelmeers. Genie\u00dfen Sie den Sonnenuntergang am Ufer des Mittelmeers mit einem Cocktail oder einem der besten Champagner auf Mallorca.<\/p>\n<p>Fr\u00fchst\u00fcck: 07.30 bis 10.30 Uhr.<\/p>\n<p>Mittagessen: 13.00 bis 17:00<\/p>\n<p>Abendessen: 20:00 bis 23:00<\/p>","protected":false},"excerpt":{"rendered":"<p>El Restaurante Sienta la calidez, la elegancia y la frescura del Mediterr\u00e1neo en cada plato. Astir le ofrece un concepto gastron\u00f3mico vanguardista basado en producto local en un entorno \u00fanico a un paso del Mediterr\u00e1neo. Con vistas a las aguas cristalinas y a los acantilados de la calita de Portals Nous y una exquisita decoraci\u00f3n [&hellip;]<\/p>","protected":false},"featured_media":0,"template":"","meta":[],"product_brand":[],"product_cat":[20],"product_tag":[],"class_list":{"0":"post-1344","1":"product","2":"type-product","3":"status-publish","5":"product_cat-listeo-booking","7":"first","8":"instock","9":"virtual","10":"sold-individually","11":"purchasable","12":"product-type-listing_booking"},"yoast_head":"<!-- This site is optimized with the Yoast SEO plugin v27.3 - https:\/\/yoast.com\/product\/yoast-seo-wordpress\/ -->\n<title>Astir Iberostar Grand Portals Nous - Balufy - The taste of Experience<\/title>\n<meta name=\"robots\" content=\"index, follow, max-snippet:-1, max-image-preview:large, max-video-preview:-1\" \/>\n<link rel=\"canonical\" href=\"https:\/\/balufy.com\/de\/produkt\/astir-iberostar-grand-portals-nous\/\" \/>\n<meta property=\"og:locale\" content=\"de_DE\" \/>\n<meta property=\"og:type\" content=\"article\" \/>\n<meta property=\"og:title\" content=\"Astir Iberostar Grand Portals Nous - Balufy - The taste of Experience\" \/>\n<meta property=\"og:description\" content=\"El Restaurante Sienta la calidez, la elegancia y la frescura del Mediterr\u00e1neo en cada plato. Astir le ofrece un concepto gastron\u00f3mico vanguardista basado en producto local en un entorno \u00fanico a un paso del Mediterr\u00e1neo. Con vistas a las aguas cristalinas y a los acantilados de la calita de Portals Nous y una exquisita decoraci\u00f3n [&hellip;]\" \/>\n<meta property=\"og:url\" content=\"https:\/\/balufy.com\/de\/produkt\/astir-iberostar-grand-portals-nous\/\" \/>\n<meta property=\"og:site_name\" content=\"Balufy - The taste of Experience\" \/>\n<meta property=\"article:publisher\" content=\"https:\/\/www.facebook.com\/Balufy-102705001596047\" \/>\n<meta property=\"article:modified_time\" content=\"2022-08-26T20:09:39+00:00\" \/>\n<meta name=\"twitter:card\" content=\"summary_large_image\" \/>\n<meta name=\"twitter:label1\" content=\"Gesch\u00e4tzte Lesezeit\" \/>\n\t<meta name=\"twitter:data1\" content=\"2\u00a0Minuten\" \/>\n<script type=\"application\/ld+json\" class=\"yoast-schema-graph\">{\"@context\":\"https:\\\/\\\/schema.org\",\"@graph\":[{\"@type\":\"WebPage\",\"@id\":\"https:\\\/\\\/balufy.com\\\/en\\\/product\\\/astir-iberostar-grand-portals-nous\\\/\",\"url\":\"https:\\\/\\\/balufy.com\\\/en\\\/product\\\/astir-iberostar-grand-portals-nous\\\/\",\"name\":\"Astir Iberostar Grand Portals Nous - Balufy - The taste of Experience\",\"isPartOf\":{\"@id\":\"https:\\\/\\\/balufy.com\\\/es\\\/#website\"},\"datePublished\":\"2021-08-25T17:23:05+00:00\",\"dateModified\":\"2022-08-26T20:09:39+00:00\",\"breadcrumb\":{\"@id\":\"https:\\\/\\\/balufy.com\\\/en\\\/product\\\/astir-iberostar-grand-portals-nous\\\/#breadcrumb\"},\"inLanguage\":\"de\",\"potentialAction\":[{\"@type\":\"ReadAction\",\"target\":[\"https:\\\/\\\/balufy.com\\\/en\\\/product\\\/astir-iberostar-grand-portals-nous\\\/\"]}]},{\"@type\":\"BreadcrumbList\",\"@id\":\"https:\\\/\\\/balufy.com\\\/en\\\/product\\\/astir-iberostar-grand-portals-nous\\\/#breadcrumb\",\"itemListElement\":[{\"@type\":\"ListItem\",\"position\":1,\"name\":\"Portada\",\"item\":\"https:\\\/\\\/balufy.com\\\/\"},{\"@type\":\"ListItem\",\"position\":2,\"name\":\"Shop\",\"item\":\"https:\\\/\\\/balufy.com\\\/es\\\/shop\\\/\"},{\"@type\":\"ListItem\",\"position\":3,\"name\":\"Astir Iberostar Grand Portals Nous\"}]},{\"@type\":\"WebSite\",\"@id\":\"https:\\\/\\\/balufy.com\\\/es\\\/#website\",\"url\":\"https:\\\/\\\/balufy.com\\\/es\\\/\",\"name\":\"Balufy - Taste of experience\",\"description\":\"Balufy\",\"publisher\":{\"@id\":\"https:\\\/\\\/balufy.com\\\/es\\\/#organization\"},\"potentialAction\":[{\"@type\":\"SearchAction\",\"target\":{\"@type\":\"EntryPoint\",\"urlTemplate\":\"https:\\\/\\\/balufy.com\\\/es\\\/?s={search_term_string}\"},\"query-input\":{\"@type\":\"PropertyValueSpecification\",\"valueRequired\":true,\"valueName\":\"search_term_string\"}}],\"inLanguage\":\"de\"},{\"@type\":\"Organization\",\"@id\":\"https:\\\/\\\/balufy.com\\\/es\\\/#organization\",\"name\":\"Balufy\",\"url\":\"https:\\\/\\\/balufy.com\\\/es\\\/\",\"logo\":{\"@type\":\"ImageObject\",\"inLanguage\":\"de\",\"@id\":\"https:\\\/\\\/balufy.com\\\/es\\\/#\\\/schema\\\/logo\\\/image\\\/\",\"url\":\"https:\\\/\\\/balufy.com\\\/wp-content\\\/uploads\\\/2022\\\/06\\\/LOGO_PNG.png\",\"contentUrl\":\"https:\\\/\\\/balufy.com\\\/wp-content\\\/uploads\\\/2022\\\/06\\\/LOGO_PNG.png\",\"width\":1366,\"height\":768,\"caption\":\"Balufy\"},\"image\":{\"@id\":\"https:\\\/\\\/balufy.com\\\/es\\\/#\\\/schema\\\/logo\\\/image\\\/\"},\"sameAs\":[\"https:\\\/\\\/www.facebook.com\\\/Balufy-102705001596047\",\"https:\\\/\\\/www.instagram.com\\\/balufy_oficial\\\/\"]}]}<\/script>\n<!-- \/ Yoast SEO plugin. -->","yoast_head_json":{"title":"Astir Iberostar Grand Portals Nous - Balufy - Der Geschmack der Erfahrung","robots":{"index":"index","follow":"follow","max-snippet":"max-snippet:-1","max-image-preview":"max-image-preview:large","max-video-preview":"max-video-preview:-1"},"canonical":"https:\/\/balufy.com\/de\/produkt\/astir-iberostar-grand-portals-nous\/","og_locale":"de_DE","og_type":"article","og_title":"Astir Iberostar Grand Portals Nous - Balufy - The taste of Experience","og_description":"El Restaurante Sienta la calidez, la elegancia y la frescura del Mediterr\u00e1neo en cada plato. Astir le ofrece un concepto gastron\u00f3mico vanguardista basado en producto local en un entorno \u00fanico a un paso del Mediterr\u00e1neo. Con vistas a las aguas cristalinas y a los acantilados de la calita de Portals Nous y una exquisita decoraci\u00f3n [&hellip;]","og_url":"https:\/\/balufy.com\/de\/produkt\/astir-iberostar-grand-portals-nous\/","og_site_name":"Balufy - The taste of Experience","article_publisher":"https:\/\/www.facebook.com\/Balufy-102705001596047","article_modified_time":"2022-08-26T20:09:39+00:00","twitter_card":"summary_large_image","twitter_misc":{"Gesch\u00e4tzte Lesezeit":"2\u00a0Minuten"},"schema":{"@context":"https:\/\/schema.org","@graph":[{"@type":"WebPage","@id":"https:\/\/balufy.com\/en\/product\/astir-iberostar-grand-portals-nous\/","url":"https:\/\/balufy.com\/en\/product\/astir-iberostar-grand-portals-nous\/","name":"Astir Iberostar Grand Portals Nous - Balufy - Der Geschmack der Erfahrung","isPartOf":{"@id":"https:\/\/balufy.com\/es\/#website"},"datePublished":"2021-08-25T17:23:05+00:00","dateModified":"2022-08-26T20:09:39+00:00","breadcrumb":{"@id":"https:\/\/balufy.com\/en\/product\/astir-iberostar-grand-portals-nous\/#breadcrumb"},"inLanguage":"de","potentialAction":[{"@type":"ReadAction","target":["https:\/\/balufy.com\/en\/product\/astir-iberostar-grand-portals-nous\/"]}]},{"@type":"BreadcrumbList","@id":"https:\/\/balufy.com\/en\/product\/astir-iberostar-grand-portals-nous\/#breadcrumb","itemListElement":[{"@type":"ListItem","position":1,"name":"Portada","item":"https:\/\/balufy.com\/"},{"@type":"ListItem","position":2,"name":"Shop","item":"https:\/\/balufy.com\/es\/shop\/"},{"@type":"ListItem","position":3,"name":"Astir Iberostar Grand Portals Nous"}]},{"@type":"WebSite","@id":"https:\/\/balufy.com\/es\/#website","url":"https:\/\/balufy.com\/es\/","name":"Balufy - Geschmack der Erfahrung","description":"Balufy","publisher":{"@id":"https:\/\/balufy.com\/es\/#organization"},"potentialAction":[{"@type":"SearchAction","target":{"@type":"EntryPoint","urlTemplate":"https:\/\/balufy.com\/es\/?s={search_term_string}"},"query-input":{"@type":"PropertyValueSpecification","valueRequired":true,"valueName":"search_term_string"}}],"inLanguage":"de"},{"@type":"Organization","@id":"https:\/\/balufy.com\/es\/#organization","name":"Balufy","url":"https:\/\/balufy.com\/es\/","logo":{"@type":"ImageObject","inLanguage":"de","@id":"https:\/\/balufy.com\/es\/#\/schema\/logo\/image\/","url":"https:\/\/balufy.com\/wp-content\/uploads\/2022\/06\/LOGO_PNG.png","contentUrl":"https:\/\/balufy.com\/wp-content\/uploads\/2022\/06\/LOGO_PNG.png","width":1366,"height":768,"caption":"Balufy"},"image":{"@id":"https:\/\/balufy.com\/es\/#\/schema\/logo\/image\/"},"sameAs":["https:\/\/www.facebook.com\/Balufy-102705001596047","https:\/\/www.instagram.com\/balufy_oficial\/"]}]}},"_links":{"self":[{"href":"https:\/\/balufy.com\/de\/wp-json\/wp\/v2\/product\/1344","targetHints":{"allow":["GET"]}}],"collection":[{"href":"https:\/\/balufy.com\/de\/wp-json\/wp\/v2\/product"}],"about":[{"href":"https:\/\/balufy.com\/de\/wp-json\/wp\/v2\/types\/product"}],"version-history":[{"count":0,"href":"https:\/\/balufy.com\/de\/wp-json\/wp\/v2\/product\/1344\/revisions"}],"wp:attachment":[{"href":"https:\/\/balufy.com\/de\/wp-json\/wp\/v2\/media?parent=1344"}],"wp:term":[{"taxonomy":"product_brand","embeddable":true,"href":"https:\/\/balufy.com\/de\/wp-json\/wp\/v2\/product_brand?post=1344"},{"taxonomy":"product_cat","embeddable":true,"href":"https:\/\/balufy.com\/de\/wp-json\/wp\/v2\/product_cat?post=1344"},{"taxonomy":"product_tag","embeddable":true,"href":"https:\/\/balufy.com\/de\/wp-json\/wp\/v2\/product_tag?post=1344"}],"curies":[{"name":"wp","href":"https:\/\/api.w.org\/{rel}","templated":true}]}}