{"id":1362,"date":"2021-08-25T20:20:15","date_gmt":"2021-08-25T18:20:15","guid":{"rendered":"https:\/\/alquileres.pulsoweb.es\/product\/rialto-living-palma\/"},"modified":"2022-08-26T22:09:20","modified_gmt":"2022-08-26T20:09:20","slug":"rialto-living-palma","status":"publish","type":"product","link":"https:\/\/balufy.com\/de\/produkt\/rialto-living-palma\/","title":{"rendered":"Rialto Living Palma"},"content":{"rendered":"<p>Das Caf\u00e9 Rialto bietet einen entspannenden Zufluchtsort in der belebten Stadt und serviert den ganzen Tag \u00fcber Getr\u00e4nke und Speisen. Die Einrichtung spiegelt den Stil des Ladens wider und wird von einem gro\u00dfen Dachfenster mit nat\u00fcrlichem Licht erhellt. Kommen Sie auf einen Drink vorbei oder probieren Sie die k\u00f6stlichen Gerichte, die mit viel Liebe aus frischen lokalen Produkten zubereitet werden. Auf der Speisekarte finden Sie ein ausgezeichnetes Fr\u00fchst\u00fcck, hausgemachtes Geb\u00e4ck oder ein schmackhaftes Mittagessen, das wir jeden Tag auf unserer Tafel ank\u00fcndigen.<\/p>\n<p><strong>CAF\u00c9 RIALTO<\/strong><br \/>\nGenie\u00dfen Sie den ganzen Tag \u00fcber unsere k\u00f6stlichen Gerichte, Sandwiches und hausgemachten Kuchen, begleitet von einem Cappuccino, Kr\u00e4utertee oder Erfrischungsgetr\u00e4nk, in der attraktiven und entspannten Atmosph\u00e4re unseres Rialto-Caf\u00e9s, dem Herzst\u00fcck des Ladens im Erdgeschoss.<\/p>\n<p><strong>FASHION<\/strong><br \/>\nUnsere Kleidung und Accessoires richten sich an Frauen und M\u00e4nner mit einem eleganten und entspannten Stil. Zu unseren internationalen Marken geh\u00f6ren einige Kleidungsst\u00fccke, die exklusiv f\u00fcr Rialto Living entworfen wurden.<\/p>\n<p><strong>INTERIORS<\/strong><br \/>\nLassen Sie sich vom Stil der verschiedenen Atmosph\u00e4ren inspirieren, die in unseren R\u00e4umen, Innen- und Au\u00dfenm\u00f6beln, Beleuchtungselementen, Teppichen, Stoffen und Dekorationsobjekten entstehen. Eine ganze Reihe von Qualit\u00e4t und Funktionalit\u00e4t, ausgew\u00e4hlt von den fachkundigen Augen eines Dekorateurs.<\/p>\n<p><strong>GIFTS<\/strong><br \/>\nFinden Sie das perfekte Geschenk - oder machen Sie sich selbst eine Freude - aus unserer sorgf\u00e4ltig zusammengestellten Auswahl der begehrtesten englischsprachigen B\u00fccher, Schreibwaren, Spielwaren, CDs, raffinierten Parf\u00fcms, Heimd\u00fcfte und vielem mehr.<\/p>\n<p><strong>KUNST<\/strong><br \/>\nBesuchen Sie unsere Kunstgalerie und genie\u00dfen Sie die Ausstellungen aufstrebender und etablierter K\u00fcnstler aus dem In- und Ausland.<\/p>\n<p><strong>INNENARCHITEKTUR-STUDIO<\/strong><br \/>\nRialto Living ist nicht nur eines der aufregendsten Lifestyle-Gesch\u00e4fte Europas, das man in Palma unbedingt besuchen sollte, sondern f\u00fchrt auch Innenarchitekturprojekte durch. Besuchen Sie uns und lassen Sie sich von einigen der einzigartigen Inneneinrichtungen unseres Teams inspirieren.<\/p>\n<p><strong>ES PASSIERT<\/strong><br \/>\nErfahren Sie, was bei Rialto Living los ist, einem Ort, an dem interessante und lebhafte Veranstaltungen stattfinden, und entdecken Sie, was in unserem Gesch\u00e4ft demn\u00e4chst ansteht.<\/p>","protected":false},"excerpt":{"rendered":"<p>Ofreciendo un santuario de relajaci\u00f3n en la bulliciosa ciudad, el Caf\u00e9 Rialto sirve bebidas y comida todo el dia. Iluminado por la luz natural de una gran claraboya, la decoraci\u00f3n refleja el estilo distinguido de la tienda. Ven a tomarte una copa o a probar los deliciosos platos, hechos con amor, utilizando productos locales frescos. [&hellip;]<\/p>","protected":false},"featured_media":0,"template":"","meta":[],"product_brand":[],"product_cat":[20],"product_tag":[],"class_list":{"0":"post-1362","1":"product","2":"type-product","3":"status-publish","5":"product_cat-listeo-booking","7":"first","8":"instock","9":"virtual","10":"sold-individually","11":"purchasable","12":"product-type-listing_booking"},"yoast_head":"<!-- This site is optimized with the Yoast SEO plugin v27.3 - https:\/\/yoast.com\/product\/yoast-seo-wordpress\/ -->\n<title>Rialto Living Palma - Balufy - The taste of Experience<\/title>\n<meta name=\"robots\" content=\"index, follow, max-snippet:-1, max-image-preview:large, max-video-preview:-1\" \/>\n<link rel=\"canonical\" href=\"https:\/\/balufy.com\/de\/produkt\/rialto-living-palma\/\" \/>\n<meta property=\"og:locale\" content=\"de_DE\" \/>\n<meta property=\"og:type\" content=\"article\" \/>\n<meta property=\"og:title\" content=\"Rialto Living Palma - Balufy - The taste of Experience\" \/>\n<meta property=\"og:description\" content=\"Ofreciendo un santuario de relajaci\u00f3n en la bulliciosa ciudad, el Caf\u00e9 Rialto sirve bebidas y comida todo el dia. Iluminado por la luz natural de una gran claraboya, la decoraci\u00f3n refleja el estilo distinguido de la tienda. Ven a tomarte una copa o a probar los deliciosos platos, hechos con amor, utilizando productos locales frescos. [&hellip;]\" \/>\n<meta property=\"og:url\" content=\"https:\/\/balufy.com\/de\/produkt\/rialto-living-palma\/\" \/>\n<meta property=\"og:site_name\" content=\"Balufy - The taste of Experience\" \/>\n<meta property=\"article:publisher\" content=\"https:\/\/www.facebook.com\/Balufy-102705001596047\" \/>\n<meta property=\"article:modified_time\" content=\"2022-08-26T20:09:20+00:00\" \/>\n<meta name=\"twitter:card\" content=\"summary_large_image\" \/>\n<meta name=\"twitter:label1\" content=\"Gesch\u00e4tzte Lesezeit\" \/>\n\t<meta name=\"twitter:data1\" content=\"2\u00a0Minuten\" \/>\n<script type=\"application\/ld+json\" class=\"yoast-schema-graph\">{\"@context\":\"https:\\\/\\\/schema.org\",\"@graph\":[{\"@type\":\"WebPage\",\"@id\":\"https:\\\/\\\/balufy.com\\\/de\\\/produkt\\\/rialto-living-palma\\\/\",\"url\":\"https:\\\/\\\/balufy.com\\\/de\\\/produkt\\\/rialto-living-palma\\\/\",\"name\":\"Rialto Living Palma - Balufy - The taste of Experience\",\"isPartOf\":{\"@id\":\"https:\\\/\\\/balufy.com\\\/es\\\/#website\"},\"datePublished\":\"2021-08-25T18:20:15+00:00\",\"dateModified\":\"2022-08-26T20:09:20+00:00\",\"breadcrumb\":{\"@id\":\"https:\\\/\\\/balufy.com\\\/de\\\/produkt\\\/rialto-living-palma\\\/#breadcrumb\"},\"inLanguage\":\"de\",\"potentialAction\":[{\"@type\":\"ReadAction\",\"target\":[\"https:\\\/\\\/balufy.com\\\/de\\\/produkt\\\/rialto-living-palma\\\/\"]}]},{\"@type\":\"BreadcrumbList\",\"@id\":\"https:\\\/\\\/balufy.com\\\/de\\\/produkt\\\/rialto-living-palma\\\/#breadcrumb\",\"itemListElement\":[{\"@type\":\"ListItem\",\"position\":1,\"name\":\"Portada\",\"item\":\"https:\\\/\\\/balufy.com\\\/\"},{\"@type\":\"ListItem\",\"position\":2,\"name\":\"Shop\",\"item\":\"https:\\\/\\\/balufy.com\\\/es\\\/shop\\\/\"},{\"@type\":\"ListItem\",\"position\":3,\"name\":\"Rialto Living Palma\"}]},{\"@type\":\"WebSite\",\"@id\":\"https:\\\/\\\/balufy.com\\\/es\\\/#website\",\"url\":\"https:\\\/\\\/balufy.com\\\/es\\\/\",\"name\":\"Balufy - Taste of experience\",\"description\":\"Balufy\",\"publisher\":{\"@id\":\"https:\\\/\\\/balufy.com\\\/es\\\/#organization\"},\"potentialAction\":[{\"@type\":\"SearchAction\",\"target\":{\"@type\":\"EntryPoint\",\"urlTemplate\":\"https:\\\/\\\/balufy.com\\\/es\\\/?s={search_term_string}\"},\"query-input\":{\"@type\":\"PropertyValueSpecification\",\"valueRequired\":true,\"valueName\":\"search_term_string\"}}],\"inLanguage\":\"de\"},{\"@type\":\"Organization\",\"@id\":\"https:\\\/\\\/balufy.com\\\/es\\\/#organization\",\"name\":\"Balufy\",\"url\":\"https:\\\/\\\/balufy.com\\\/es\\\/\",\"logo\":{\"@type\":\"ImageObject\",\"inLanguage\":\"de\",\"@id\":\"https:\\\/\\\/balufy.com\\\/es\\\/#\\\/schema\\\/logo\\\/image\\\/\",\"url\":\"https:\\\/\\\/balufy.com\\\/wp-content\\\/uploads\\\/2022\\\/06\\\/LOGO_PNG.png\",\"contentUrl\":\"https:\\\/\\\/balufy.com\\\/wp-content\\\/uploads\\\/2022\\\/06\\\/LOGO_PNG.png\",\"width\":1366,\"height\":768,\"caption\":\"Balufy\"},\"image\":{\"@id\":\"https:\\\/\\\/balufy.com\\\/es\\\/#\\\/schema\\\/logo\\\/image\\\/\"},\"sameAs\":[\"https:\\\/\\\/www.facebook.com\\\/Balufy-102705001596047\",\"https:\\\/\\\/www.instagram.com\\\/balufy_oficial\\\/\"]}]}<\/script>\n<!-- \/ Yoast SEO plugin. -->","yoast_head_json":{"title":"Rialto Living Palma - Balufy - Der Geschmack der Erfahrung","robots":{"index":"index","follow":"follow","max-snippet":"max-snippet:-1","max-image-preview":"max-image-preview:large","max-video-preview":"max-video-preview:-1"},"canonical":"https:\/\/balufy.com\/de\/produkt\/rialto-living-palma\/","og_locale":"de_DE","og_type":"article","og_title":"Rialto Living Palma - Balufy - The taste of Experience","og_description":"Ofreciendo un santuario de relajaci\u00f3n en la bulliciosa ciudad, el Caf\u00e9 Rialto sirve bebidas y comida todo el dia. Iluminado por la luz natural de una gran claraboya, la decoraci\u00f3n refleja el estilo distinguido de la tienda. Ven a tomarte una copa o a probar los deliciosos platos, hechos con amor, utilizando productos locales frescos. [&hellip;]","og_url":"https:\/\/balufy.com\/de\/produkt\/rialto-living-palma\/","og_site_name":"Balufy - The taste of Experience","article_publisher":"https:\/\/www.facebook.com\/Balufy-102705001596047","article_modified_time":"2022-08-26T20:09:20+00:00","twitter_card":"summary_large_image","twitter_misc":{"Gesch\u00e4tzte Lesezeit":"2\u00a0Minuten"},"schema":{"@context":"https:\/\/schema.org","@graph":[{"@type":"WebPage","@id":"https:\/\/balufy.com\/de\/produkt\/rialto-living-palma\/","url":"https:\/\/balufy.com\/de\/produkt\/rialto-living-palma\/","name":"Rialto Living Palma - Balufy - Der Geschmack der Erfahrung","isPartOf":{"@id":"https:\/\/balufy.com\/es\/#website"},"datePublished":"2021-08-25T18:20:15+00:00","dateModified":"2022-08-26T20:09:20+00:00","breadcrumb":{"@id":"https:\/\/balufy.com\/de\/produkt\/rialto-living-palma\/#breadcrumb"},"inLanguage":"de","potentialAction":[{"@type":"ReadAction","target":["https:\/\/balufy.com\/de\/produkt\/rialto-living-palma\/"]}]},{"@type":"BreadcrumbList","@id":"https:\/\/balufy.com\/de\/produkt\/rialto-living-palma\/#breadcrumb","itemListElement":[{"@type":"ListItem","position":1,"name":"Portada","item":"https:\/\/balufy.com\/"},{"@type":"ListItem","position":2,"name":"Shop","item":"https:\/\/balufy.com\/es\/shop\/"},{"@type":"ListItem","position":3,"name":"Rialto Living Palma"}]},{"@type":"WebSite","@id":"https:\/\/balufy.com\/es\/#website","url":"https:\/\/balufy.com\/es\/","name":"Balufy - Geschmack der Erfahrung","description":"Balufy","publisher":{"@id":"https:\/\/balufy.com\/es\/#organization"},"potentialAction":[{"@type":"SearchAction","target":{"@type":"EntryPoint","urlTemplate":"https:\/\/balufy.com\/es\/?s={search_term_string}"},"query-input":{"@type":"PropertyValueSpecification","valueRequired":true,"valueName":"search_term_string"}}],"inLanguage":"de"},{"@type":"Organization","@id":"https:\/\/balufy.com\/es\/#organization","name":"Balufy","url":"https:\/\/balufy.com\/es\/","logo":{"@type":"ImageObject","inLanguage":"de","@id":"https:\/\/balufy.com\/es\/#\/schema\/logo\/image\/","url":"https:\/\/balufy.com\/wp-content\/uploads\/2022\/06\/LOGO_PNG.png","contentUrl":"https:\/\/balufy.com\/wp-content\/uploads\/2022\/06\/LOGO_PNG.png","width":1366,"height":768,"caption":"Balufy"},"image":{"@id":"https:\/\/balufy.com\/es\/#\/schema\/logo\/image\/"},"sameAs":["https:\/\/www.facebook.com\/Balufy-102705001596047","https:\/\/www.instagram.com\/balufy_oficial\/"]}]}},"_links":{"self":[{"href":"https:\/\/balufy.com\/de\/wp-json\/wp\/v2\/product\/1362","targetHints":{"allow":["GET"]}}],"collection":[{"href":"https:\/\/balufy.com\/de\/wp-json\/wp\/v2\/product"}],"about":[{"href":"https:\/\/balufy.com\/de\/wp-json\/wp\/v2\/types\/product"}],"version-history":[{"count":0,"href":"https:\/\/balufy.com\/de\/wp-json\/wp\/v2\/product\/1362\/revisions"}],"wp:attachment":[{"href":"https:\/\/balufy.com\/de\/wp-json\/wp\/v2\/media?parent=1362"}],"wp:term":[{"taxonomy":"product_brand","embeddable":true,"href":"https:\/\/balufy.com\/de\/wp-json\/wp\/v2\/product_brand?post=1362"},{"taxonomy":"product_cat","embeddable":true,"href":"https:\/\/balufy.com\/de\/wp-json\/wp\/v2\/product_cat?post=1362"},{"taxonomy":"product_tag","embeddable":true,"href":"https:\/\/balufy.com\/de\/wp-json\/wp\/v2\/product_tag?post=1362"}],"curies":[{"name":"wp","href":"https:\/\/api.w.org\/{rel}","templated":true}]}}