{"id":1438,"date":"2021-08-28T11:02:21","date_gmt":"2021-08-28T09:02:21","guid":{"rendered":"https:\/\/alquileres.pulsoweb.es\/product\/galeria-cafe-soller\/"},"modified":"2022-08-26T22:08:56","modified_gmt":"2022-08-26T20:08:56","slug":"cafe-soller-galerie","status":"publish","type":"product","link":"https:\/\/balufy.com\/de\/produkt\/cafe-soller-galerie\/","title":{"rendered":"Caf\u00e8 S\u00f3ller Galerie"},"content":{"rendered":"<p><strong>Der Treffpunkt im Zentrum. Ein Caf\u00e9 mit einer handwerklichen B\u00e4ckerei und einer mit Liebe zubereiteten Speisekarte.<\/strong><\/p>\n<p><strong>Unsere K\u00fcche<\/strong><\/p>\n<p>Hausgemachte, das ist, was uns definiert. Wir pr\u00e4sentieren eine klassische K\u00fcche gemacht 100% handgemacht, wo totale Hingabe und die Qualit\u00e4t unserer Produkte sind unsere Priorit\u00e4t.<\/p>\n<p>Wir bem\u00fchen uns, so viele lokale, nachhaltige und biologische Produkte wie m\u00f6glich auf den Tisch zu bringen, um unser Engagement f\u00fcr eine lebensf\u00e4hige und umweltbewusste Wirtschaft zu st\u00e4rken.<\/p>\n<p>Auf unserer Speisekarte finden Sie Tartares, Tapas, vegetarische Gerichte, Salate, hochwertige Fleischsorten, frische Pasta und frischen Fisch von lokalen Anbietern.<\/p>\n<p>Im Caf\u00e9 S\u00f3ller stellen wir alle unsere Back- und Konditoreiprodukte von Hand her, alle unsere Rezepte sind authentisch und unverwechselbar.<\/p>\n<p>Nicht zu vergessen unsere sorgf\u00e4ltig ausgew\u00e4hlten mallorquinischen Bioweine und die hochwertigen mallorquinischen Lik\u00f6re.<\/p>\n<p><strong>Cafeteria<\/strong><br \/>\n<strong>Auch unsere Cafeteria ist nachhaltig.<\/strong><\/p>\n<p>Das Caf\u00e9 S\u00f3ller ist der perfekte Treffpunkt und Ort, um echten 100% Arabica-Kaffee zu probieren, der sorgf\u00e4ltig von Farmen mit au\u00dfergew\u00f6hnlichen Kaffeebohnen ausgew\u00e4hlt wird. Unsere gro\u00dfe Auswahl an Tees ist biologisch.<\/p>\n<p>Ab dem Fr\u00fchst\u00fcck gibt es ein Men\u00fc, das f\u00fcr Veganer, Vegetarier und die anspruchsvollsten Gaumen geeignet ist. Au\u00dferdem finden Sie hier unsere t\u00e4gliche Auswahl an Geb\u00e4ck, darunter hausgemachte Krapfen und unsere einzigartigen Kuchen.<\/p>\n<p>&nbsp;<\/p>","protected":false},"excerpt":{"rendered":"<p>El punto de encuentro en el centro. Caf\u00e9\u00a0con obrador artesanal y un men\u00fa hecho con amor. Nuestra cocina Hecho en casa, eso nos define. Presentamos una cocina cl\u00e1sica hecha 100% artesanalmente donde prima la dedicaci\u00f3n total y la calidad de nuestros productos. Nos esforzamos por llevar a la mesa la mayor cantidad posible de productos [&hellip;]<\/p>","protected":false},"featured_media":0,"template":"","meta":[],"product_brand":[],"product_cat":[20],"product_tag":[],"class_list":{"0":"post-1438","1":"product","2":"type-product","3":"status-publish","5":"product_cat-listeo-booking","7":"first","8":"instock","9":"virtual","10":"sold-individually","11":"purchasable","12":"product-type-listing_booking"},"yoast_head":"<!-- This site is optimized with the Yoast SEO plugin v27.3 - https:\/\/yoast.com\/product\/yoast-seo-wordpress\/ -->\n<title>Galeria Caf\u00e8 S\u00f3ller - Balufy - The taste of Experience<\/title>\n<meta name=\"robots\" content=\"index, follow, max-snippet:-1, max-image-preview:large, max-video-preview:-1\" \/>\n<link rel=\"canonical\" href=\"https:\/\/balufy.com\/de\/produkt\/cafe-soller-galerie\/\" \/>\n<meta property=\"og:locale\" content=\"de_DE\" \/>\n<meta property=\"og:type\" content=\"article\" \/>\n<meta property=\"og:title\" content=\"Galeria Caf\u00e8 S\u00f3ller - Balufy - The taste of Experience\" \/>\n<meta property=\"og:description\" content=\"El punto de encuentro en el centro. Caf\u00e9\u00a0con obrador artesanal y un men\u00fa hecho con amor. Nuestra cocina Hecho en casa, eso nos define. Presentamos una cocina cl\u00e1sica hecha 100% artesanalmente donde prima la dedicaci\u00f3n total y la calidad de nuestros productos. Nos esforzamos por llevar a la mesa la mayor cantidad posible de productos [&hellip;]\" \/>\n<meta property=\"og:url\" content=\"https:\/\/balufy.com\/de\/produkt\/cafe-soller-galerie\/\" \/>\n<meta property=\"og:site_name\" content=\"Balufy - The taste of Experience\" \/>\n<meta property=\"article:publisher\" content=\"https:\/\/www.facebook.com\/Balufy-102705001596047\" \/>\n<meta property=\"article:modified_time\" content=\"2022-08-26T20:08:56+00:00\" \/>\n<meta name=\"twitter:card\" content=\"summary_large_image\" \/>\n<meta name=\"twitter:label1\" content=\"Gesch\u00e4tzte Lesezeit\" \/>\n\t<meta name=\"twitter:data1\" content=\"1\u00a0Minute\" \/>\n<script type=\"application\/ld+json\" class=\"yoast-schema-graph\">{\"@context\":\"https:\\\/\\\/schema.org\",\"@graph\":[{\"@type\":\"WebPage\",\"@id\":\"https:\\\/\\\/balufy.com\\\/de\\\/produkt\\\/cafe-soller-galerie\\\/\",\"url\":\"https:\\\/\\\/balufy.com\\\/de\\\/produkt\\\/cafe-soller-galerie\\\/\",\"name\":\"Galeria Caf\u00e8 S\u00f3ller - Balufy - The taste of Experience\",\"isPartOf\":{\"@id\":\"https:\\\/\\\/balufy.com\\\/es\\\/#website\"},\"datePublished\":\"2021-08-28T09:02:21+00:00\",\"dateModified\":\"2022-08-26T20:08:56+00:00\",\"breadcrumb\":{\"@id\":\"https:\\\/\\\/balufy.com\\\/de\\\/produkt\\\/cafe-soller-galerie\\\/#breadcrumb\"},\"inLanguage\":\"de\",\"potentialAction\":[{\"@type\":\"ReadAction\",\"target\":[\"https:\\\/\\\/balufy.com\\\/de\\\/produkt\\\/cafe-soller-galerie\\\/\"]}]},{\"@type\":\"BreadcrumbList\",\"@id\":\"https:\\\/\\\/balufy.com\\\/de\\\/produkt\\\/cafe-soller-galerie\\\/#breadcrumb\",\"itemListElement\":[{\"@type\":\"ListItem\",\"position\":1,\"name\":\"Portada\",\"item\":\"https:\\\/\\\/balufy.com\\\/\"},{\"@type\":\"ListItem\",\"position\":2,\"name\":\"Shop\",\"item\":\"https:\\\/\\\/balufy.com\\\/es\\\/shop\\\/\"},{\"@type\":\"ListItem\",\"position\":3,\"name\":\"Galeria Caf\u00e8 S\u00f3ller\"}]},{\"@type\":\"WebSite\",\"@id\":\"https:\\\/\\\/balufy.com\\\/es\\\/#website\",\"url\":\"https:\\\/\\\/balufy.com\\\/es\\\/\",\"name\":\"Balufy - Taste of experience\",\"description\":\"Balufy\",\"publisher\":{\"@id\":\"https:\\\/\\\/balufy.com\\\/es\\\/#organization\"},\"potentialAction\":[{\"@type\":\"SearchAction\",\"target\":{\"@type\":\"EntryPoint\",\"urlTemplate\":\"https:\\\/\\\/balufy.com\\\/es\\\/?s={search_term_string}\"},\"query-input\":{\"@type\":\"PropertyValueSpecification\",\"valueRequired\":true,\"valueName\":\"search_term_string\"}}],\"inLanguage\":\"de\"},{\"@type\":\"Organization\",\"@id\":\"https:\\\/\\\/balufy.com\\\/es\\\/#organization\",\"name\":\"Balufy\",\"url\":\"https:\\\/\\\/balufy.com\\\/es\\\/\",\"logo\":{\"@type\":\"ImageObject\",\"inLanguage\":\"de\",\"@id\":\"https:\\\/\\\/balufy.com\\\/es\\\/#\\\/schema\\\/logo\\\/image\\\/\",\"url\":\"https:\\\/\\\/balufy.com\\\/wp-content\\\/uploads\\\/2022\\\/06\\\/LOGO_PNG.png\",\"contentUrl\":\"https:\\\/\\\/balufy.com\\\/wp-content\\\/uploads\\\/2022\\\/06\\\/LOGO_PNG.png\",\"width\":1366,\"height\":768,\"caption\":\"Balufy\"},\"image\":{\"@id\":\"https:\\\/\\\/balufy.com\\\/es\\\/#\\\/schema\\\/logo\\\/image\\\/\"},\"sameAs\":[\"https:\\\/\\\/www.facebook.com\\\/Balufy-102705001596047\",\"https:\\\/\\\/www.instagram.com\\\/balufy_oficial\\\/\"]}]}<\/script>\n<!-- \/ Yoast SEO plugin. -->","yoast_head_json":{"title":"Galeria Caf\u00e8 S\u00f3ller - Balufy - Der Geschmack der Erfahrung","robots":{"index":"index","follow":"follow","max-snippet":"max-snippet:-1","max-image-preview":"max-image-preview:large","max-video-preview":"max-video-preview:-1"},"canonical":"https:\/\/balufy.com\/de\/produkt\/cafe-soller-galerie\/","og_locale":"de_DE","og_type":"article","og_title":"Galeria Caf\u00e8 S\u00f3ller - Balufy - The taste of Experience","og_description":"El punto de encuentro en el centro. Caf\u00e9\u00a0con obrador artesanal y un men\u00fa hecho con amor. Nuestra cocina Hecho en casa, eso nos define. Presentamos una cocina cl\u00e1sica hecha 100% artesanalmente donde prima la dedicaci\u00f3n total y la calidad de nuestros productos. Nos esforzamos por llevar a la mesa la mayor cantidad posible de productos [&hellip;]","og_url":"https:\/\/balufy.com\/de\/produkt\/cafe-soller-galerie\/","og_site_name":"Balufy - The taste of Experience","article_publisher":"https:\/\/www.facebook.com\/Balufy-102705001596047","article_modified_time":"2022-08-26T20:08:56+00:00","twitter_card":"summary_large_image","twitter_misc":{"Gesch\u00e4tzte Lesezeit":"1\u00a0Minute"},"schema":{"@context":"https:\/\/schema.org","@graph":[{"@type":"WebPage","@id":"https:\/\/balufy.com\/de\/produkt\/cafe-soller-galerie\/","url":"https:\/\/balufy.com\/de\/produkt\/cafe-soller-galerie\/","name":"Galeria Caf\u00e8 S\u00f3ller - Balufy - Der Geschmack der Erfahrung","isPartOf":{"@id":"https:\/\/balufy.com\/es\/#website"},"datePublished":"2021-08-28T09:02:21+00:00","dateModified":"2022-08-26T20:08:56+00:00","breadcrumb":{"@id":"https:\/\/balufy.com\/de\/produkt\/cafe-soller-galerie\/#breadcrumb"},"inLanguage":"de","potentialAction":[{"@type":"ReadAction","target":["https:\/\/balufy.com\/de\/produkt\/cafe-soller-galerie\/"]}]},{"@type":"BreadcrumbList","@id":"https:\/\/balufy.com\/de\/produkt\/cafe-soller-galerie\/#breadcrumb","itemListElement":[{"@type":"ListItem","position":1,"name":"Portada","item":"https:\/\/balufy.com\/"},{"@type":"ListItem","position":2,"name":"Shop","item":"https:\/\/balufy.com\/es\/shop\/"},{"@type":"ListItem","position":3,"name":"Galeria Caf\u00e8 S\u00f3ller"}]},{"@type":"WebSite","@id":"https:\/\/balufy.com\/es\/#website","url":"https:\/\/balufy.com\/es\/","name":"Balufy - Geschmack der Erfahrung","description":"Balufy","publisher":{"@id":"https:\/\/balufy.com\/es\/#organization"},"potentialAction":[{"@type":"SearchAction","target":{"@type":"EntryPoint","urlTemplate":"https:\/\/balufy.com\/es\/?s={search_term_string}"},"query-input":{"@type":"PropertyValueSpecification","valueRequired":true,"valueName":"search_term_string"}}],"inLanguage":"de"},{"@type":"Organization","@id":"https:\/\/balufy.com\/es\/#organization","name":"Balufy","url":"https:\/\/balufy.com\/es\/","logo":{"@type":"ImageObject","inLanguage":"de","@id":"https:\/\/balufy.com\/es\/#\/schema\/logo\/image\/","url":"https:\/\/balufy.com\/wp-content\/uploads\/2022\/06\/LOGO_PNG.png","contentUrl":"https:\/\/balufy.com\/wp-content\/uploads\/2022\/06\/LOGO_PNG.png","width":1366,"height":768,"caption":"Balufy"},"image":{"@id":"https:\/\/balufy.com\/es\/#\/schema\/logo\/image\/"},"sameAs":["https:\/\/www.facebook.com\/Balufy-102705001596047","https:\/\/www.instagram.com\/balufy_oficial\/"]}]}},"_links":{"self":[{"href":"https:\/\/balufy.com\/de\/wp-json\/wp\/v2\/product\/1438","targetHints":{"allow":["GET"]}}],"collection":[{"href":"https:\/\/balufy.com\/de\/wp-json\/wp\/v2\/product"}],"about":[{"href":"https:\/\/balufy.com\/de\/wp-json\/wp\/v2\/types\/product"}],"version-history":[{"count":0,"href":"https:\/\/balufy.com\/de\/wp-json\/wp\/v2\/product\/1438\/revisions"}],"wp:attachment":[{"href":"https:\/\/balufy.com\/de\/wp-json\/wp\/v2\/media?parent=1438"}],"wp:term":[{"taxonomy":"product_brand","embeddable":true,"href":"https:\/\/balufy.com\/de\/wp-json\/wp\/v2\/product_brand?post=1438"},{"taxonomy":"product_cat","embeddable":true,"href":"https:\/\/balufy.com\/de\/wp-json\/wp\/v2\/product_cat?post=1438"},{"taxonomy":"product_tag","embeddable":true,"href":"https:\/\/balufy.com\/de\/wp-json\/wp\/v2\/product_tag?post=1438"}],"curies":[{"name":"wp","href":"https:\/\/api.w.org\/{rel}","templated":true}]}}