{"id":1534,"date":"2021-08-28T15:27:28","date_gmt":"2021-08-28T13:27:28","guid":{"rendered":"https:\/\/alquileres.pulsoweb.es\/product\/steigenberger-hotel-and-resort-camp-de-mar\/"},"modified":"2025-04-02T17:00:09","modified_gmt":"2025-04-02T15:00:09","slug":"steigenberger-hotel-und-resort-camp-de-mar","status":"publish","type":"product","link":"https:\/\/balufy.com\/de\/produkt\/steigenberger-hotel-und-resort-camp-de-mar\/","title":{"rendered":"Steigenberger Hotel und Resort Camp de Mar"},"content":{"rendered":"<p>Dieses luxuri\u00f6se Resort liegt zwischen den Bergen und dem Mittelmeer und bietet ein kostenloses Spa und einen Golfplatz (gegen Aufpreis). Der Strand Camp de Mar liegt 300 m entfernt.<\/p>\n<p>Seine maurisch inspirierten Geb\u00e4ude sind von den Wegen des Golfclubs von Andratx umgeben, die direkten Zugang zu einem der renommiertesten Golfpl\u00e4tze der Insel bieten.<\/p>\n<p>Die Zimmer im Steigenberger Hotel and Resort Camp de Mar bieten Blick auf den Pool, das Meer oder den Golfplatz und verf\u00fcgen \u00fcber ein eigenes Bad mit Badem\u00e4nteln, Hausschuhen und kostenlosen Toilettenartikeln. Kostenloses WLAN ist im gesamten Geb\u00e4ude verf\u00fcgbar.<\/p>\n<p>Das Wellnesscenter verf\u00fcgt \u00fcber einen Innenpool und ein kostenloses Fitnesscenter. Massagen und Sch\u00f6nheitsanwendungen sind gegen Aufpreis erh\u00e4ltlich.<\/p>\n<p>Sie k\u00f6nnen zu jeder Tageszeit einen Drink am Pool genie\u00dfen. Das Restaurant des Resorts serviert mallorquinische Spezialit\u00e4ten.<\/p>","protected":false},"excerpt":{"rendered":"<p>Este lujoso complejo vacacional, situado entre las monta\u00f1as y el mar Mediterr\u00e1neo, ofrece un spa de uso gratuito y un campo de golf disponible por un suplemento. La playa de Camp de Mar est\u00e1 a 300 metros. Sus edificios, de inspiraci\u00f3n morisca, est\u00e1n rodeados por los caminos del club de golf de Andratx, que permiten [&hellip;]<\/p>","protected":false},"featured_media":0,"template":"","meta":[],"product_brand":[],"product_cat":[20],"product_tag":[],"class_list":{"0":"post-1534","1":"product","2":"type-product","3":"status-publish","5":"product_cat-listeo-booking","7":"first","8":"instock","9":"virtual","10":"sold-individually","11":"purchasable","12":"product-type-listing_booking"},"yoast_head":"<!-- This site is optimized with the Yoast SEO plugin v27.3 - https:\/\/yoast.com\/product\/yoast-seo-wordpress\/ -->\n<title>Steigenberger Hotel and Resort Camp de Mar - Balufy - The taste of Experience<\/title>\n<meta name=\"robots\" content=\"index, follow, max-snippet:-1, max-image-preview:large, max-video-preview:-1\" \/>\n<link rel=\"canonical\" href=\"https:\/\/balufy.com\/de\/produkt\/steigenberger-hotel-und-resort-camp-de-mar\/\" \/>\n<meta property=\"og:locale\" content=\"de_DE\" \/>\n<meta property=\"og:type\" content=\"article\" \/>\n<meta property=\"og:title\" content=\"Steigenberger Hotel and Resort Camp de Mar - Balufy - The taste of Experience\" \/>\n<meta property=\"og:description\" content=\"Este lujoso complejo vacacional, situado entre las monta\u00f1as y el mar Mediterr\u00e1neo, ofrece un spa de uso gratuito y un campo de golf disponible por un suplemento. La playa de Camp de Mar est\u00e1 a 300 metros. Sus edificios, de inspiraci\u00f3n morisca, est\u00e1n rodeados por los caminos del club de golf de Andratx, que permiten [&hellip;]\" \/>\n<meta property=\"og:url\" content=\"https:\/\/balufy.com\/de\/produkt\/steigenberger-hotel-und-resort-camp-de-mar\/\" \/>\n<meta property=\"og:site_name\" content=\"Balufy - The taste of Experience\" \/>\n<meta property=\"article:publisher\" content=\"https:\/\/www.facebook.com\/Balufy-102705001596047\" \/>\n<meta property=\"article:modified_time\" content=\"2025-04-02T15:00:09+00:00\" \/>\n<meta name=\"twitter:card\" content=\"summary_large_image\" \/>\n<meta name=\"twitter:label1\" content=\"Gesch\u00e4tzte Lesezeit\" \/>\n\t<meta name=\"twitter:data1\" content=\"1\u00a0Minute\" \/>\n<script type=\"application\/ld+json\" class=\"yoast-schema-graph\">{\"@context\":\"https:\\\/\\\/schema.org\",\"@graph\":[{\"@type\":\"WebPage\",\"@id\":\"https:\\\/\\\/balufy.com\\\/es\\\/producto\\\/steigenberger-hotel-and-resort-camp-de-mar\\\/\",\"url\":\"https:\\\/\\\/balufy.com\\\/es\\\/producto\\\/steigenberger-hotel-and-resort-camp-de-mar\\\/\",\"name\":\"Steigenberger Hotel and Resort Camp de Mar - Balufy - The taste of Experience\",\"isPartOf\":{\"@id\":\"https:\\\/\\\/balufy.com\\\/es\\\/#website\"},\"datePublished\":\"2021-08-28T13:27:28+00:00\",\"dateModified\":\"2025-04-02T15:00:09+00:00\",\"breadcrumb\":{\"@id\":\"https:\\\/\\\/balufy.com\\\/es\\\/producto\\\/steigenberger-hotel-and-resort-camp-de-mar\\\/#breadcrumb\"},\"inLanguage\":\"de\",\"potentialAction\":[{\"@type\":\"ReadAction\",\"target\":[\"https:\\\/\\\/balufy.com\\\/es\\\/producto\\\/steigenberger-hotel-and-resort-camp-de-mar\\\/\"]}]},{\"@type\":\"BreadcrumbList\",\"@id\":\"https:\\\/\\\/balufy.com\\\/es\\\/producto\\\/steigenberger-hotel-and-resort-camp-de-mar\\\/#breadcrumb\",\"itemListElement\":[{\"@type\":\"ListItem\",\"position\":1,\"name\":\"Portada\",\"item\":\"https:\\\/\\\/balufy.com\\\/\"},{\"@type\":\"ListItem\",\"position\":2,\"name\":\"Shop\",\"item\":\"https:\\\/\\\/balufy.com\\\/es\\\/shop\\\/\"},{\"@type\":\"ListItem\",\"position\":3,\"name\":\"Steigenberger Hotel and Resort Camp de Mar\"}]},{\"@type\":\"WebSite\",\"@id\":\"https:\\\/\\\/balufy.com\\\/es\\\/#website\",\"url\":\"https:\\\/\\\/balufy.com\\\/es\\\/\",\"name\":\"Balufy - Taste of experience\",\"description\":\"Balufy\",\"publisher\":{\"@id\":\"https:\\\/\\\/balufy.com\\\/es\\\/#organization\"},\"potentialAction\":[{\"@type\":\"SearchAction\",\"target\":{\"@type\":\"EntryPoint\",\"urlTemplate\":\"https:\\\/\\\/balufy.com\\\/es\\\/?s={search_term_string}\"},\"query-input\":{\"@type\":\"PropertyValueSpecification\",\"valueRequired\":true,\"valueName\":\"search_term_string\"}}],\"inLanguage\":\"de\"},{\"@type\":\"Organization\",\"@id\":\"https:\\\/\\\/balufy.com\\\/es\\\/#organization\",\"name\":\"Balufy\",\"url\":\"https:\\\/\\\/balufy.com\\\/es\\\/\",\"logo\":{\"@type\":\"ImageObject\",\"inLanguage\":\"de\",\"@id\":\"https:\\\/\\\/balufy.com\\\/es\\\/#\\\/schema\\\/logo\\\/image\\\/\",\"url\":\"https:\\\/\\\/balufy.com\\\/wp-content\\\/uploads\\\/2022\\\/06\\\/LOGO_PNG.png\",\"contentUrl\":\"https:\\\/\\\/balufy.com\\\/wp-content\\\/uploads\\\/2022\\\/06\\\/LOGO_PNG.png\",\"width\":1366,\"height\":768,\"caption\":\"Balufy\"},\"image\":{\"@id\":\"https:\\\/\\\/balufy.com\\\/es\\\/#\\\/schema\\\/logo\\\/image\\\/\"},\"sameAs\":[\"https:\\\/\\\/www.facebook.com\\\/Balufy-102705001596047\",\"https:\\\/\\\/www.instagram.com\\\/balufy_oficial\\\/\"]}]}<\/script>\n<!-- \/ Yoast SEO plugin. -->","yoast_head_json":{"title":"Steigenberger Hotel und Resort Camp de Mar - Balufy - Der Geschmack von Erfahrung","robots":{"index":"index","follow":"follow","max-snippet":"max-snippet:-1","max-image-preview":"max-image-preview:large","max-video-preview":"max-video-preview:-1"},"canonical":"https:\/\/balufy.com\/de\/produkt\/steigenberger-hotel-und-resort-camp-de-mar\/","og_locale":"de_DE","og_type":"article","og_title":"Steigenberger Hotel and Resort Camp de Mar - Balufy - The taste of Experience","og_description":"Este lujoso complejo vacacional, situado entre las monta\u00f1as y el mar Mediterr\u00e1neo, ofrece un spa de uso gratuito y un campo de golf disponible por un suplemento. La playa de Camp de Mar est\u00e1 a 300 metros. Sus edificios, de inspiraci\u00f3n morisca, est\u00e1n rodeados por los caminos del club de golf de Andratx, que permiten [&hellip;]","og_url":"https:\/\/balufy.com\/de\/produkt\/steigenberger-hotel-und-resort-camp-de-mar\/","og_site_name":"Balufy - The taste of Experience","article_publisher":"https:\/\/www.facebook.com\/Balufy-102705001596047","article_modified_time":"2025-04-02T15:00:09+00:00","twitter_card":"summary_large_image","twitter_misc":{"Gesch\u00e4tzte Lesezeit":"1\u00a0Minute"},"schema":{"@context":"https:\/\/schema.org","@graph":[{"@type":"WebPage","@id":"https:\/\/balufy.com\/es\/producto\/steigenberger-hotel-and-resort-camp-de-mar\/","url":"https:\/\/balufy.com\/es\/producto\/steigenberger-hotel-and-resort-camp-de-mar\/","name":"Steigenberger Hotel und Resort Camp de Mar - Balufy - Der Geschmack von Erfahrung","isPartOf":{"@id":"https:\/\/balufy.com\/es\/#website"},"datePublished":"2021-08-28T13:27:28+00:00","dateModified":"2025-04-02T15:00:09+00:00","breadcrumb":{"@id":"https:\/\/balufy.com\/es\/producto\/steigenberger-hotel-and-resort-camp-de-mar\/#breadcrumb"},"inLanguage":"de","potentialAction":[{"@type":"ReadAction","target":["https:\/\/balufy.com\/es\/producto\/steigenberger-hotel-and-resort-camp-de-mar\/"]}]},{"@type":"BreadcrumbList","@id":"https:\/\/balufy.com\/es\/producto\/steigenberger-hotel-and-resort-camp-de-mar\/#breadcrumb","itemListElement":[{"@type":"ListItem","position":1,"name":"Portada","item":"https:\/\/balufy.com\/"},{"@type":"ListItem","position":2,"name":"Shop","item":"https:\/\/balufy.com\/es\/shop\/"},{"@type":"ListItem","position":3,"name":"Steigenberger Hotel and Resort Camp de Mar"}]},{"@type":"WebSite","@id":"https:\/\/balufy.com\/es\/#website","url":"https:\/\/balufy.com\/es\/","name":"Balufy - Geschmack der Erfahrung","description":"Balufy","publisher":{"@id":"https:\/\/balufy.com\/es\/#organization"},"potentialAction":[{"@type":"SearchAction","target":{"@type":"EntryPoint","urlTemplate":"https:\/\/balufy.com\/es\/?s={search_term_string}"},"query-input":{"@type":"PropertyValueSpecification","valueRequired":true,"valueName":"search_term_string"}}],"inLanguage":"de"},{"@type":"Organization","@id":"https:\/\/balufy.com\/es\/#organization","name":"Balufy","url":"https:\/\/balufy.com\/es\/","logo":{"@type":"ImageObject","inLanguage":"de","@id":"https:\/\/balufy.com\/es\/#\/schema\/logo\/image\/","url":"https:\/\/balufy.com\/wp-content\/uploads\/2022\/06\/LOGO_PNG.png","contentUrl":"https:\/\/balufy.com\/wp-content\/uploads\/2022\/06\/LOGO_PNG.png","width":1366,"height":768,"caption":"Balufy"},"image":{"@id":"https:\/\/balufy.com\/es\/#\/schema\/logo\/image\/"},"sameAs":["https:\/\/www.facebook.com\/Balufy-102705001596047","https:\/\/www.instagram.com\/balufy_oficial\/"]}]}},"_links":{"self":[{"href":"https:\/\/balufy.com\/de\/wp-json\/wp\/v2\/product\/1534","targetHints":{"allow":["GET"]}}],"collection":[{"href":"https:\/\/balufy.com\/de\/wp-json\/wp\/v2\/product"}],"about":[{"href":"https:\/\/balufy.com\/de\/wp-json\/wp\/v2\/types\/product"}],"version-history":[{"count":0,"href":"https:\/\/balufy.com\/de\/wp-json\/wp\/v2\/product\/1534\/revisions"}],"wp:attachment":[{"href":"https:\/\/balufy.com\/de\/wp-json\/wp\/v2\/media?parent=1534"}],"wp:term":[{"taxonomy":"product_brand","embeddable":true,"href":"https:\/\/balufy.com\/de\/wp-json\/wp\/v2\/product_brand?post=1534"},{"taxonomy":"product_cat","embeddable":true,"href":"https:\/\/balufy.com\/de\/wp-json\/wp\/v2\/product_cat?post=1534"},{"taxonomy":"product_tag","embeddable":true,"href":"https:\/\/balufy.com\/de\/wp-json\/wp\/v2\/product_tag?post=1534"}],"curies":[{"name":"wp","href":"https:\/\/api.w.org\/{rel}","templated":true}]}}