{"id":1580,"date":"2021-08-29T12:50:11","date_gmt":"2021-08-29T10:50:11","guid":{"rendered":"https:\/\/alquileres.pulsoweb.es\/product\/49-steps-bar-grill\/"},"modified":"2022-08-26T22:04:27","modified_gmt":"2022-08-26T20:04:27","slug":"49-steps-bar-grill","status":"publish","type":"product","link":"https:\/\/balufy.com\/de\/produkt\/49-steps-bar-grill\/","title":{"rendered":"49 Steps Bar &amp; Grill"},"content":{"rendered":"<p><strong>Restaurant und Terrasse im Herzen des Hafens von Moll Vell mit dem besten Blick auf die Bucht und das Zentrum von Palma.<\/strong><\/p>\n<p>Zwanglose Atmosph\u00e4re, gute Musik, eine Auswahl an nationalen und internationalen Weinen, die Sie mit einem gastronomischen Angebot begleiten k\u00f6nnen, das sich durch seine Frische und seinen Geschmack auszeichnet.<\/p>\n<p>Probieren Sie unsere Raw Bar in der Sky Lounge, w\u00e4hrend Sie den Sonnenuntergang genie\u00dfen. Eine urbane Oase im Herzen von Palma, die Ihren Besuch zum sch\u00f6nsten Moment des Tages macht.<\/p>\n<p>Ein cooles, schickes Ambiente, in dem eine gro\u00dfe, offene K\u00fcche, eine Leidenschaft f\u00fcr den Geschmack des Mittelmeers und die N\u00e4he zur Altstadt von Palma de Mallorca hervorstechen.<\/p>\n<p>Genie\u00dfen Sie einen einzigartigen Sonnenuntergang auf der Insel mit au\u00dfergew\u00f6hnlichem Blick auf die Bucht von Palma. Entdecken Sie unser Raw Bar Men\u00fc, inspiriert von asiatischer Fusion.<\/p>\n<p>Reservieren Sie JETZT Ihren Tisch!<\/p>\n<p>Sky Lounge:<br \/>\nVon Montag bis Sonntag von 18:00 bis 1:00<br \/>\nGastro-Bar:<br \/>\nVon Montag bis Sonntag von 18:30 bis 1:00<br \/>\nK\u00fcche von 18:30 bis 22:30<\/p>","protected":false},"excerpt":{"rendered":"<p>Restaurante y terraza ubicados en el coraz\u00f3n del puerto de Moll Vell con las mejores vistas sobre la bah\u00eda y el centro de Palma. Ambiente desenfadado, buena m\u00fasica, selecci\u00f3n de vinos nacionales e internacionales, que podr\u00e1s acompa\u00f1ar de una oferta gastron\u00f3mica que destaca por su frescura y sabor. Prueba nuestro Raw Bar en el Sky [&hellip;]<\/p>","protected":false},"featured_media":0,"template":"","meta":[],"product_brand":[],"product_cat":[20],"product_tag":[],"class_list":{"0":"post-1580","1":"product","2":"type-product","3":"status-publish","5":"product_cat-listeo-booking","7":"first","8":"instock","9":"virtual","10":"sold-individually","11":"purchasable","12":"product-type-listing_booking"},"yoast_head":"<!-- This site is optimized with the Yoast SEO plugin v27.3 - https:\/\/yoast.com\/product\/yoast-seo-wordpress\/ -->\n<title>49 Steps Bar &amp; Grill - Balufy<\/title>\n<meta name=\"robots\" content=\"index, follow, max-snippet:-1, max-image-preview:large, max-video-preview:-1\" \/>\n<link rel=\"canonical\" href=\"https:\/\/balufy.com\/de\/produkt\/49-steps-bar-grill\/\" \/>\n<meta property=\"og:locale\" content=\"de_DE\" \/>\n<meta property=\"og:type\" content=\"article\" \/>\n<meta property=\"og:title\" content=\"49 Steps Bar &amp; Grill - Balufy\" \/>\n<meta property=\"og:description\" content=\"Restaurante y terraza ubicados en el coraz\u00f3n del puerto de Moll Vell con las mejores vistas sobre la bah\u00eda y el centro de Palma. Ambiente desenfadado, buena m\u00fasica, selecci\u00f3n de vinos nacionales e internacionales, que podr\u00e1s acompa\u00f1ar de una oferta gastron\u00f3mica que destaca por su frescura y sabor. Prueba nuestro Raw Bar en el Sky [&hellip;]\" \/>\n<meta property=\"og:url\" content=\"https:\/\/balufy.com\/de\/produkt\/49-steps-bar-grill\/\" \/>\n<meta property=\"og:site_name\" content=\"Balufy\" \/>\n<meta property=\"article:publisher\" content=\"https:\/\/www.facebook.com\/Balufy-102705001596047\" \/>\n<meta property=\"article:modified_time\" content=\"2022-08-26T20:04:27+00:00\" \/>\n<meta name=\"twitter:card\" content=\"summary_large_image\" \/>\n<meta name=\"twitter:label1\" content=\"Gesch\u00e4tzte Lesezeit\" \/>\n\t<meta name=\"twitter:data1\" content=\"1\u00a0Minute\" \/>\n<script type=\"application\/ld+json\" class=\"yoast-schema-graph\">{\"@context\":\"https:\\\/\\\/schema.org\",\"@graph\":[{\"@type\":\"WebPage\",\"@id\":\"https:\\\/\\\/balufy.com\\\/de\\\/produkt\\\/49-steps-bar-grill\\\/\",\"url\":\"https:\\\/\\\/balufy.com\\\/de\\\/produkt\\\/49-steps-bar-grill\\\/\",\"name\":\"49 Steps Bar & Grill - Balufy\",\"isPartOf\":{\"@id\":\"https:\\\/\\\/balufy.com\\\/es\\\/#website\"},\"datePublished\":\"2021-08-29T10:50:11+00:00\",\"dateModified\":\"2022-08-26T20:04:27+00:00\",\"breadcrumb\":{\"@id\":\"https:\\\/\\\/balufy.com\\\/de\\\/produkt\\\/49-steps-bar-grill\\\/#breadcrumb\"},\"inLanguage\":\"de\",\"potentialAction\":[{\"@type\":\"ReadAction\",\"target\":[\"https:\\\/\\\/balufy.com\\\/de\\\/produkt\\\/49-steps-bar-grill\\\/\"]}]},{\"@type\":\"BreadcrumbList\",\"@id\":\"https:\\\/\\\/balufy.com\\\/de\\\/produkt\\\/49-steps-bar-grill\\\/#breadcrumb\",\"itemListElement\":[{\"@type\":\"ListItem\",\"position\":1,\"name\":\"Portada\",\"item\":\"https:\\\/\\\/balufy.com\\\/\"},{\"@type\":\"ListItem\",\"position\":2,\"name\":\"Shop\",\"item\":\"https:\\\/\\\/balufy.com\\\/es\\\/shop\\\/\"},{\"@type\":\"ListItem\",\"position\":3,\"name\":\"49 Steps Bar &#038; Grill\"}]},{\"@type\":\"WebSite\",\"@id\":\"https:\\\/\\\/balufy.com\\\/es\\\/#website\",\"url\":\"https:\\\/\\\/balufy.com\\\/es\\\/\",\"name\":\"Balufy - Taste of experience\",\"description\":\"Balufy\",\"publisher\":{\"@id\":\"https:\\\/\\\/balufy.com\\\/es\\\/#organization\"},\"potentialAction\":[{\"@type\":\"SearchAction\",\"target\":{\"@type\":\"EntryPoint\",\"urlTemplate\":\"https:\\\/\\\/balufy.com\\\/es\\\/?s={search_term_string}\"},\"query-input\":{\"@type\":\"PropertyValueSpecification\",\"valueRequired\":true,\"valueName\":\"search_term_string\"}}],\"inLanguage\":\"de\"},{\"@type\":\"Organization\",\"@id\":\"https:\\\/\\\/balufy.com\\\/es\\\/#organization\",\"name\":\"Balufy\",\"url\":\"https:\\\/\\\/balufy.com\\\/es\\\/\",\"logo\":{\"@type\":\"ImageObject\",\"inLanguage\":\"de\",\"@id\":\"https:\\\/\\\/balufy.com\\\/es\\\/#\\\/schema\\\/logo\\\/image\\\/\",\"url\":\"https:\\\/\\\/balufy.com\\\/wp-content\\\/uploads\\\/2022\\\/06\\\/LOGO_PNG.png\",\"contentUrl\":\"https:\\\/\\\/balufy.com\\\/wp-content\\\/uploads\\\/2022\\\/06\\\/LOGO_PNG.png\",\"width\":1366,\"height\":768,\"caption\":\"Balufy\"},\"image\":{\"@id\":\"https:\\\/\\\/balufy.com\\\/es\\\/#\\\/schema\\\/logo\\\/image\\\/\"},\"sameAs\":[\"https:\\\/\\\/www.facebook.com\\\/Balufy-102705001596047\",\"https:\\\/\\\/www.instagram.com\\\/balufy_oficial\\\/\"]}]}<\/script>\n<!-- \/ Yoast SEO plugin. -->","yoast_head_json":{"title":"49 Steps Bar &amp; Grill - Balufy","robots":{"index":"index","follow":"follow","max-snippet":"max-snippet:-1","max-image-preview":"max-image-preview:large","max-video-preview":"max-video-preview:-1"},"canonical":"https:\/\/balufy.com\/de\/produkt\/49-steps-bar-grill\/","og_locale":"de_DE","og_type":"article","og_title":"49 Steps Bar & Grill - Balufy","og_description":"Restaurante y terraza ubicados en el coraz\u00f3n del puerto de Moll Vell con las mejores vistas sobre la bah\u00eda y el centro de Palma. Ambiente desenfadado, buena m\u00fasica, selecci\u00f3n de vinos nacionales e internacionales, que podr\u00e1s acompa\u00f1ar de una oferta gastron\u00f3mica que destaca por su frescura y sabor. Prueba nuestro Raw Bar en el Sky [&hellip;]","og_url":"https:\/\/balufy.com\/de\/produkt\/49-steps-bar-grill\/","og_site_name":"Balufy","article_publisher":"https:\/\/www.facebook.com\/Balufy-102705001596047","article_modified_time":"2022-08-26T20:04:27+00:00","twitter_card":"summary_large_image","twitter_misc":{"Gesch\u00e4tzte Lesezeit":"1\u00a0Minute"},"schema":{"@context":"https:\/\/schema.org","@graph":[{"@type":"WebPage","@id":"https:\/\/balufy.com\/de\/produkt\/49-steps-bar-grill\/","url":"https:\/\/balufy.com\/de\/produkt\/49-steps-bar-grill\/","name":"49 Steps Bar &amp; Grill - Balufy","isPartOf":{"@id":"https:\/\/balufy.com\/es\/#website"},"datePublished":"2021-08-29T10:50:11+00:00","dateModified":"2022-08-26T20:04:27+00:00","breadcrumb":{"@id":"https:\/\/balufy.com\/de\/produkt\/49-steps-bar-grill\/#breadcrumb"},"inLanguage":"de","potentialAction":[{"@type":"ReadAction","target":["https:\/\/balufy.com\/de\/produkt\/49-steps-bar-grill\/"]}]},{"@type":"BreadcrumbList","@id":"https:\/\/balufy.com\/de\/produkt\/49-steps-bar-grill\/#breadcrumb","itemListElement":[{"@type":"ListItem","position":1,"name":"Portada","item":"https:\/\/balufy.com\/"},{"@type":"ListItem","position":2,"name":"Shop","item":"https:\/\/balufy.com\/es\/shop\/"},{"@type":"ListItem","position":3,"name":"49 Steps Bar &#038; Grill"}]},{"@type":"WebSite","@id":"https:\/\/balufy.com\/es\/#website","url":"https:\/\/balufy.com\/es\/","name":"Balufy - Geschmack der Erfahrung","description":"Balufy","publisher":{"@id":"https:\/\/balufy.com\/es\/#organization"},"potentialAction":[{"@type":"SearchAction","target":{"@type":"EntryPoint","urlTemplate":"https:\/\/balufy.com\/es\/?s={search_term_string}"},"query-input":{"@type":"PropertyValueSpecification","valueRequired":true,"valueName":"search_term_string"}}],"inLanguage":"de"},{"@type":"Organization","@id":"https:\/\/balufy.com\/es\/#organization","name":"Balufy","url":"https:\/\/balufy.com\/es\/","logo":{"@type":"ImageObject","inLanguage":"de","@id":"https:\/\/balufy.com\/es\/#\/schema\/logo\/image\/","url":"https:\/\/balufy.com\/wp-content\/uploads\/2022\/06\/LOGO_PNG.png","contentUrl":"https:\/\/balufy.com\/wp-content\/uploads\/2022\/06\/LOGO_PNG.png","width":1366,"height":768,"caption":"Balufy"},"image":{"@id":"https:\/\/balufy.com\/es\/#\/schema\/logo\/image\/"},"sameAs":["https:\/\/www.facebook.com\/Balufy-102705001596047","https:\/\/www.instagram.com\/balufy_oficial\/"]}]}},"_links":{"self":[{"href":"https:\/\/balufy.com\/de\/wp-json\/wp\/v2\/product\/1580","targetHints":{"allow":["GET"]}}],"collection":[{"href":"https:\/\/balufy.com\/de\/wp-json\/wp\/v2\/product"}],"about":[{"href":"https:\/\/balufy.com\/de\/wp-json\/wp\/v2\/types\/product"}],"version-history":[{"count":0,"href":"https:\/\/balufy.com\/de\/wp-json\/wp\/v2\/product\/1580\/revisions"}],"wp:attachment":[{"href":"https:\/\/balufy.com\/de\/wp-json\/wp\/v2\/media?parent=1580"}],"wp:term":[{"taxonomy":"product_brand","embeddable":true,"href":"https:\/\/balufy.com\/de\/wp-json\/wp\/v2\/product_brand?post=1580"},{"taxonomy":"product_cat","embeddable":true,"href":"https:\/\/balufy.com\/de\/wp-json\/wp\/v2\/product_cat?post=1580"},{"taxonomy":"product_tag","embeddable":true,"href":"https:\/\/balufy.com\/de\/wp-json\/wp\/v2\/product_tag?post=1580"}],"curies":[{"name":"wp","href":"https:\/\/api.w.org\/{rel}","templated":true}]}}