{"id":1602,"date":"2021-08-29T13:16:30","date_gmt":"2021-08-29T11:16:30","guid":{"rendered":"https:\/\/alquileres.pulsoweb.es\/product\/um-chambao-portals\/"},"modified":"2025-04-02T17:27:40","modified_gmt":"2025-04-02T15:27:40","slug":"a-chambao-portale","status":"publish","type":"product","link":"https:\/\/balufy.com\/de\/produkt\/a-chambao-portale\/","title":{"rendered":"UM Chambao Portale"},"content":{"rendered":"<p><strong>IHR SOMMERREFUGIUM, EINE UMGEBUNG VOLLER ENERGIE UND SPASS, KOMBINIERT MIT FARBE UND EINFACHHEIT. EINE K\u00dcHLE BRISE AM STRAND, GEBRATENER FISCH UND EISKALTES BIER.<\/strong><\/p>\n<p><strong>EIN ORT ZUM FEIERN<\/strong><br \/>\nDie gem\u00fctliche und warme Atmosph\u00e4re des UM Chambao macht es zum idealen Ort f\u00fcr Ihre beruflichen Veranstaltungen und privaten Feiern.<br \/>\nEine inspirierende Ecke am Meer, eingebettet in die Natur, mit fesselnden organischen Strukturen, die zu einem stimmungsvollen Rahmen werden, in dem man Momente erlebt, die zu ewigen Erinnerungen werden.<\/p>\n<p><strong>ESSEN &amp; TRINKEN<\/strong><br \/>\n<strong>SITZUNGSGASTRONOMIE<\/strong><\/p>\n<p>Einfach und mediterran.<br \/>\nLokale Wurzeln und Kultur sind die Grundlage unserer K\u00fcche.<br \/>\nUM unterstreicht den Geschmack seines Landes.<\/p>\n<p>\u00d6FFNUNGSZEITEN<\/p>\n<p>MONAT - DIENSTAG<br \/>\nVon 4PM bis 12AM<\/p>\n<p>K\u00dcCHE 4PM bis 10:30PM<br \/>\nBAR 4PM bis 11:30PM<\/p>\n<p>FREITAG - SONNTAG<br \/>\nVon 1PM bis 12AM<\/p>\n<p>K\u00dcCHE 13:00 bis 22:30 Uhr<br \/>\nBAR 1PM bis 11:30PM<\/p>","protected":false},"excerpt":{"rendered":"<p>TU ESCONDITE DE VERANO, UN ENTORNO LLENO DE ENERG\u00cdA Y DIVERSI\u00d3N COMBINADO CON COLORES Y SIMPLICIDAD. BRISA FRESCA A PIE DE PLAYA, PESCADITO FRITO Y CERVEZA HELADA UN LUGAR PARA CELEBRAR El entorno recogido y c\u00e1lido de UM Chambao lo convierten en el lugar ideal para tus eventos profesionales y celebraciones personales. Un rinc\u00f3n inspirador [&hellip;]<\/p>","protected":false},"featured_media":0,"template":"","meta":[],"product_brand":[],"product_cat":[20],"product_tag":[],"class_list":{"0":"post-1602","1":"product","2":"type-product","3":"status-publish","5":"product_cat-listeo-booking","7":"first","8":"instock","9":"virtual","10":"sold-individually","11":"purchasable","12":"product-type-listing_booking"},"yoast_head":"<!-- This site is optimized with the Yoast SEO plugin v27.3 - https:\/\/yoast.com\/product\/yoast-seo-wordpress\/ -->\n<title>UM Chambao Portals - Balufy - The taste of Experience<\/title>\n<meta name=\"robots\" content=\"index, follow, max-snippet:-1, max-image-preview:large, max-video-preview:-1\" \/>\n<link rel=\"canonical\" href=\"https:\/\/balufy.com\/de\/produkt\/a-chambao-portale\/\" \/>\n<meta property=\"og:locale\" content=\"de_DE\" \/>\n<meta property=\"og:type\" content=\"article\" \/>\n<meta property=\"og:title\" content=\"UM Chambao Portals - Balufy - The taste of Experience\" \/>\n<meta property=\"og:description\" content=\"TU ESCONDITE DE VERANO, UN ENTORNO LLENO DE ENERG\u00cdA Y DIVERSI\u00d3N COMBINADO CON COLORES Y SIMPLICIDAD. BRISA FRESCA A PIE DE PLAYA, PESCADITO FRITO Y CERVEZA HELADA UN LUGAR PARA CELEBRAR El entorno recogido y c\u00e1lido de UM Chambao lo convierten en el lugar ideal para tus eventos profesionales y celebraciones personales. Un rinc\u00f3n inspirador [&hellip;]\" \/>\n<meta property=\"og:url\" content=\"https:\/\/balufy.com\/de\/produkt\/a-chambao-portale\/\" \/>\n<meta property=\"og:site_name\" content=\"Balufy - The taste of Experience\" \/>\n<meta property=\"article:publisher\" content=\"https:\/\/www.facebook.com\/Balufy-102705001596047\" \/>\n<meta property=\"article:modified_time\" content=\"2025-04-02T15:27:40+00:00\" \/>\n<meta name=\"twitter:card\" content=\"summary_large_image\" \/>\n<meta name=\"twitter:label1\" content=\"Gesch\u00e4tzte Lesezeit\" \/>\n\t<meta name=\"twitter:data1\" content=\"1\u00a0Minute\" \/>\n<script type=\"application\/ld+json\" class=\"yoast-schema-graph\">{\"@context\":\"https:\\\/\\\/schema.org\",\"@graph\":[{\"@type\":\"WebPage\",\"@id\":\"https:\\\/\\\/balufy.com\\\/en\\\/product\\\/a-chambao-portals\\\/\",\"url\":\"https:\\\/\\\/balufy.com\\\/en\\\/product\\\/a-chambao-portals\\\/\",\"name\":\"UM Chambao Portals - Balufy - The taste of Experience\",\"isPartOf\":{\"@id\":\"https:\\\/\\\/balufy.com\\\/es\\\/#website\"},\"datePublished\":\"2021-08-29T11:16:30+00:00\",\"dateModified\":\"2025-04-02T15:27:40+00:00\",\"breadcrumb\":{\"@id\":\"https:\\\/\\\/balufy.com\\\/en\\\/product\\\/a-chambao-portals\\\/#breadcrumb\"},\"inLanguage\":\"de\",\"potentialAction\":[{\"@type\":\"ReadAction\",\"target\":[\"https:\\\/\\\/balufy.com\\\/en\\\/product\\\/a-chambao-portals\\\/\"]}]},{\"@type\":\"BreadcrumbList\",\"@id\":\"https:\\\/\\\/balufy.com\\\/en\\\/product\\\/a-chambao-portals\\\/#breadcrumb\",\"itemListElement\":[{\"@type\":\"ListItem\",\"position\":1,\"name\":\"Portada\",\"item\":\"https:\\\/\\\/balufy.com\\\/\"},{\"@type\":\"ListItem\",\"position\":2,\"name\":\"Shop\",\"item\":\"https:\\\/\\\/balufy.com\\\/es\\\/shop\\\/\"},{\"@type\":\"ListItem\",\"position\":3,\"name\":\"UM Chambao Portals\"}]},{\"@type\":\"WebSite\",\"@id\":\"https:\\\/\\\/balufy.com\\\/es\\\/#website\",\"url\":\"https:\\\/\\\/balufy.com\\\/es\\\/\",\"name\":\"Balufy - Taste of experience\",\"description\":\"Balufy\",\"publisher\":{\"@id\":\"https:\\\/\\\/balufy.com\\\/es\\\/#organization\"},\"potentialAction\":[{\"@type\":\"SearchAction\",\"target\":{\"@type\":\"EntryPoint\",\"urlTemplate\":\"https:\\\/\\\/balufy.com\\\/es\\\/?s={search_term_string}\"},\"query-input\":{\"@type\":\"PropertyValueSpecification\",\"valueRequired\":true,\"valueName\":\"search_term_string\"}}],\"inLanguage\":\"de\"},{\"@type\":\"Organization\",\"@id\":\"https:\\\/\\\/balufy.com\\\/es\\\/#organization\",\"name\":\"Balufy\",\"url\":\"https:\\\/\\\/balufy.com\\\/es\\\/\",\"logo\":{\"@type\":\"ImageObject\",\"inLanguage\":\"de\",\"@id\":\"https:\\\/\\\/balufy.com\\\/es\\\/#\\\/schema\\\/logo\\\/image\\\/\",\"url\":\"https:\\\/\\\/balufy.com\\\/wp-content\\\/uploads\\\/2022\\\/06\\\/LOGO_PNG.png\",\"contentUrl\":\"https:\\\/\\\/balufy.com\\\/wp-content\\\/uploads\\\/2022\\\/06\\\/LOGO_PNG.png\",\"width\":1366,\"height\":768,\"caption\":\"Balufy\"},\"image\":{\"@id\":\"https:\\\/\\\/balufy.com\\\/es\\\/#\\\/schema\\\/logo\\\/image\\\/\"},\"sameAs\":[\"https:\\\/\\\/www.facebook.com\\\/Balufy-102705001596047\",\"https:\\\/\\\/www.instagram.com\\\/balufy_oficial\\\/\"]}]}<\/script>\n<!-- \/ Yoast SEO plugin. -->","yoast_head_json":{"title":"UM Chambao Portals - Balufy - Der Geschmack der Erfahrung","robots":{"index":"index","follow":"follow","max-snippet":"max-snippet:-1","max-image-preview":"max-image-preview:large","max-video-preview":"max-video-preview:-1"},"canonical":"https:\/\/balufy.com\/de\/produkt\/a-chambao-portale\/","og_locale":"de_DE","og_type":"article","og_title":"UM Chambao Portals - Balufy - The taste of Experience","og_description":"TU ESCONDITE DE VERANO, UN ENTORNO LLENO DE ENERG\u00cdA Y DIVERSI\u00d3N COMBINADO CON COLORES Y SIMPLICIDAD. BRISA FRESCA A PIE DE PLAYA, PESCADITO FRITO Y CERVEZA HELADA UN LUGAR PARA CELEBRAR El entorno recogido y c\u00e1lido de UM Chambao lo convierten en el lugar ideal para tus eventos profesionales y celebraciones personales. Un rinc\u00f3n inspirador [&hellip;]","og_url":"https:\/\/balufy.com\/de\/produkt\/a-chambao-portale\/","og_site_name":"Balufy - The taste of Experience","article_publisher":"https:\/\/www.facebook.com\/Balufy-102705001596047","article_modified_time":"2025-04-02T15:27:40+00:00","twitter_card":"summary_large_image","twitter_misc":{"Gesch\u00e4tzte Lesezeit":"1\u00a0Minute"},"schema":{"@context":"https:\/\/schema.org","@graph":[{"@type":"WebPage","@id":"https:\/\/balufy.com\/en\/product\/a-chambao-portals\/","url":"https:\/\/balufy.com\/en\/product\/a-chambao-portals\/","name":"UM Chambao Portals - Balufy - Der Geschmack der Erfahrung","isPartOf":{"@id":"https:\/\/balufy.com\/es\/#website"},"datePublished":"2021-08-29T11:16:30+00:00","dateModified":"2025-04-02T15:27:40+00:00","breadcrumb":{"@id":"https:\/\/balufy.com\/en\/product\/a-chambao-portals\/#breadcrumb"},"inLanguage":"de","potentialAction":[{"@type":"ReadAction","target":["https:\/\/balufy.com\/en\/product\/a-chambao-portals\/"]}]},{"@type":"BreadcrumbList","@id":"https:\/\/balufy.com\/en\/product\/a-chambao-portals\/#breadcrumb","itemListElement":[{"@type":"ListItem","position":1,"name":"Portada","item":"https:\/\/balufy.com\/"},{"@type":"ListItem","position":2,"name":"Shop","item":"https:\/\/balufy.com\/es\/shop\/"},{"@type":"ListItem","position":3,"name":"UM Chambao Portals"}]},{"@type":"WebSite","@id":"https:\/\/balufy.com\/es\/#website","url":"https:\/\/balufy.com\/es\/","name":"Balufy - Geschmack der Erfahrung","description":"Balufy","publisher":{"@id":"https:\/\/balufy.com\/es\/#organization"},"potentialAction":[{"@type":"SearchAction","target":{"@type":"EntryPoint","urlTemplate":"https:\/\/balufy.com\/es\/?s={search_term_string}"},"query-input":{"@type":"PropertyValueSpecification","valueRequired":true,"valueName":"search_term_string"}}],"inLanguage":"de"},{"@type":"Organization","@id":"https:\/\/balufy.com\/es\/#organization","name":"Balufy","url":"https:\/\/balufy.com\/es\/","logo":{"@type":"ImageObject","inLanguage":"de","@id":"https:\/\/balufy.com\/es\/#\/schema\/logo\/image\/","url":"https:\/\/balufy.com\/wp-content\/uploads\/2022\/06\/LOGO_PNG.png","contentUrl":"https:\/\/balufy.com\/wp-content\/uploads\/2022\/06\/LOGO_PNG.png","width":1366,"height":768,"caption":"Balufy"},"image":{"@id":"https:\/\/balufy.com\/es\/#\/schema\/logo\/image\/"},"sameAs":["https:\/\/www.facebook.com\/Balufy-102705001596047","https:\/\/www.instagram.com\/balufy_oficial\/"]}]}},"_links":{"self":[{"href":"https:\/\/balufy.com\/de\/wp-json\/wp\/v2\/product\/1602","targetHints":{"allow":["GET"]}}],"collection":[{"href":"https:\/\/balufy.com\/de\/wp-json\/wp\/v2\/product"}],"about":[{"href":"https:\/\/balufy.com\/de\/wp-json\/wp\/v2\/types\/product"}],"version-history":[{"count":0,"href":"https:\/\/balufy.com\/de\/wp-json\/wp\/v2\/product\/1602\/revisions"}],"wp:attachment":[{"href":"https:\/\/balufy.com\/de\/wp-json\/wp\/v2\/media?parent=1602"}],"wp:term":[{"taxonomy":"product_brand","embeddable":true,"href":"https:\/\/balufy.com\/de\/wp-json\/wp\/v2\/product_brand?post=1602"},{"taxonomy":"product_cat","embeddable":true,"href":"https:\/\/balufy.com\/de\/wp-json\/wp\/v2\/product_cat?post=1602"},{"taxonomy":"product_tag","embeddable":true,"href":"https:\/\/balufy.com\/de\/wp-json\/wp\/v2\/product_tag?post=1602"}],"curies":[{"name":"wp","href":"https:\/\/api.w.org\/{rel}","templated":true}]}}