{"id":1683,"date":"2021-08-30T23:24:56","date_gmt":"2021-08-30T21:24:56","guid":{"rendered":"https:\/\/alquileres.pulsoweb.es\/product\/fabulosa-villa-en-son-gual-con-piscina-pista-de-tenis-gym-bbq-columpios\/"},"modified":"2025-04-11T19:34:09","modified_gmt":"2025-04-11T17:34:09","slug":"fabelhafte-villa-in-son-gual-mit-pool-tennisplatz-fitnessstudio-bbq-schaukeln","status":"publish","type":"product","link":"https:\/\/balufy.com\/de\/produkt\/fabelhafte-villa-in-son-gual-mit-pool-tennisplatz-fitnessstudio-bbq-schaukeln\/","title":{"rendered":"TESTS TESTS -M\u00e4rchenhafte Villa in Son Gual mit Schwimmbad"},"content":{"rendered":"<p>Villa in Son Gual, herrlicher Blick auf die Bucht von Palma und das Meer, ideal f\u00fcr einen komfortablen erholsamen Urlaub mit Familie und Freunden. Bei einem 700 Meter zu Fu\u00df zum Golfplatz 'Son Gual'. Tennisplatz, Internet WIFI. Es hat einen privaten Swimmingpool 8 Meter lang x 4 Meter breit und einen Grill. Kleines Kinderbecken mit einer Tiefe von 60 cm. Schaukeln. \u00dcberdachte Terrasse mit Blick auf den Pool und die Bucht von Palma. Tischtennisplatte. Neue Villa von 450 m\u00b2 bebauter Fl\u00e4che. Stilvoll eingerichtet auf einem privaten Grundst\u00fcck von 8.000 Metern und 1.000 m Garten in einer sch\u00f6nen ruhigen Gegend von Mallorca. Alle Schlafzimmer haben Badezimmer en suite. Es verf\u00fcgt \u00fcber ein gro\u00dfes Esszimmer und 2 Wohnzimmer, eines im ersten Hauptgeschoss und eines im Obergeschoss, beide mit bequemen Sofas. Es hat einen gro\u00dfen Flachbildfernseher, Satellitenfernsehen und DVD. Zus\u00e4tzlich zu 60 m\u00b2. der \u00fcberdachten Terrasse und einem sch\u00f6nen Stein Patio von 200 m\u00b2. Klimaanlage und Heizung in allen Schlafzimmern und Wohnr\u00e4umen.<\/p>\n<p>Der Golfplatz Son Gual liegt 700 m entfernt an einer Privatstra\u00dfe.<br \/>\nZulassungsnummer: VT\/1578<\/p>\n<p>&nbsp;<\/p>\n<p>Sobald Sie Ihre Unterkunftsbuchung abgeschlossen haben, k\u00f6nnen Sie eine breite Palette an personalisierten Premium-Dienstleistungen buchen, um Ihren Aufenthalt zu versch\u00f6nern, wie z. B.:<\/p>\n<p>Flughafen-Transport<\/p>\n<p>Internes Personal<\/p>\n<p>Lieferung von Lebensmitteln nach Hause<\/p>\n<p>K\u00fcchenchef und Catering im Haus<\/p>\n<p>Hubschrauber, Jets, Privatjachten<\/p>\n<p>Private gef\u00fchrte Tour<\/p>\n<p>Pers\u00f6nliche Trainer<\/p>\n<p>Sch\u00f6nheits- und Wellness-Therapeuten<\/p>","protected":false},"excerpt":{"rendered":"<p>Villa in Son Gual, herrlicher Blick auf die Bucht von Palma und das Meer, ideal f\u00fcr einen komfortablen erholsamen Urlaub mit Familie und Freunden. Bei einem 700 Meter zu Fu\u00df zum Golfplatz 'Son Gual'. Tennisplatz, Internet WIFI. Es hat einen privaten Swimmingpool von 8 Metern L\u00e4nge x 4 Metern [...]<\/p>","protected":false},"featured_media":0,"template":"","meta":[],"product_brand":[],"product_cat":[20],"product_tag":[],"class_list":{"0":"post-1683","1":"product","2":"type-product","3":"status-publish","5":"product_cat-listeo-booking","7":"first","8":"instock","9":"virtual","10":"sold-individually","11":"purchasable","12":"product-type-listing_booking"},"yoast_head":"<!-- This site is optimized with the Yoast SEO plugin v27.3 - https:\/\/yoast.com\/product\/yoast-seo-wordpress\/ -->\n<title>PRUEBAS PRUEBAS -Fabulosa villa en Son Gual con piscina - Balufy - The taste of Experience<\/title>\n<meta name=\"robots\" content=\"index, follow, max-snippet:-1, max-image-preview:large, max-video-preview:-1\" \/>\n<link rel=\"canonical\" href=\"https:\/\/balufy.com\/de\/produkt\/fabelhafte-villa-in-son-gual-mit-pool-tennisplatz-fitnessstudio-bbq-schaukeln\/\" \/>\n<meta property=\"og:locale\" content=\"de_DE\" \/>\n<meta property=\"og:type\" content=\"article\" \/>\n<meta property=\"og:title\" content=\"PRUEBAS PRUEBAS -Fabulosa villa en Son Gual con piscina - Balufy - The taste of Experience\" \/>\n<meta property=\"og:description\" content=\"Villa en Son Gual, maravillosas vistas a la bah\u00eda de Palma y mar, ideal para unas vacaciones c\u00f3modas de relax con la familia y amigos. A un paseo de 700 metros al campo de golf &#8216;Son Gual&#8217;. Pista de tenis, Internet WIFI. Cuenta con una piscina privada de 8 metros de largo x 4 metros [&hellip;]\" \/>\n<meta property=\"og:url\" content=\"https:\/\/balufy.com\/de\/produkt\/fabelhafte-villa-in-son-gual-mit-pool-tennisplatz-fitnessstudio-bbq-schaukeln\/\" \/>\n<meta property=\"og:site_name\" content=\"Balufy - The taste of Experience\" \/>\n<meta property=\"article:publisher\" content=\"https:\/\/www.facebook.com\/Balufy-102705001596047\" \/>\n<meta property=\"article:modified_time\" content=\"2025-04-11T17:34:09+00:00\" \/>\n<meta name=\"twitter:card\" content=\"summary_large_image\" \/>\n<meta name=\"twitter:label1\" content=\"Gesch\u00e4tzte Lesezeit\" \/>\n\t<meta name=\"twitter:data1\" content=\"1\u00a0Minute\" \/>\n<script type=\"application\/ld+json\" class=\"yoast-schema-graph\">{\"@context\":\"https:\\\/\\\/schema.org\",\"@graph\":[{\"@type\":\"WebPage\",\"@id\":\"https:\\\/\\\/balufy.com\\\/de\\\/produkt\\\/fabelhafte-villa-in-son-gual-mit-pool-tennisplatz-fitnessstudio-bbq-schaukeln\\\/\",\"url\":\"https:\\\/\\\/balufy.com\\\/de\\\/produkt\\\/fabelhafte-villa-in-son-gual-mit-pool-tennisplatz-fitnessstudio-bbq-schaukeln\\\/\",\"name\":\"PRUEBAS PRUEBAS -Fabulosa villa en Son Gual con piscina - Balufy - The taste of Experience\",\"isPartOf\":{\"@id\":\"https:\\\/\\\/balufy.com\\\/es\\\/#website\"},\"datePublished\":\"2021-08-30T21:24:56+00:00\",\"dateModified\":\"2025-04-11T17:34:09+00:00\",\"breadcrumb\":{\"@id\":\"https:\\\/\\\/balufy.com\\\/de\\\/produkt\\\/fabelhafte-villa-in-son-gual-mit-pool-tennisplatz-fitnessstudio-bbq-schaukeln\\\/#breadcrumb\"},\"inLanguage\":\"de\",\"potentialAction\":[{\"@type\":\"ReadAction\",\"target\":[\"https:\\\/\\\/balufy.com\\\/de\\\/produkt\\\/fabelhafte-villa-in-son-gual-mit-pool-tennisplatz-fitnessstudio-bbq-schaukeln\\\/\"]}]},{\"@type\":\"BreadcrumbList\",\"@id\":\"https:\\\/\\\/balufy.com\\\/de\\\/produkt\\\/fabelhafte-villa-in-son-gual-mit-pool-tennisplatz-fitnessstudio-bbq-schaukeln\\\/#breadcrumb\",\"itemListElement\":[{\"@type\":\"ListItem\",\"position\":1,\"name\":\"Portada\",\"item\":\"https:\\\/\\\/balufy.com\\\/\"},{\"@type\":\"ListItem\",\"position\":2,\"name\":\"Shop\",\"item\":\"https:\\\/\\\/balufy.com\\\/es\\\/shop\\\/\"},{\"@type\":\"ListItem\",\"position\":3,\"name\":\"PRUEBAS PRUEBAS -Fabulosa villa en Son Gual con piscina\"}]},{\"@type\":\"WebSite\",\"@id\":\"https:\\\/\\\/balufy.com\\\/es\\\/#website\",\"url\":\"https:\\\/\\\/balufy.com\\\/es\\\/\",\"name\":\"Balufy - Taste of experience\",\"description\":\"Balufy\",\"publisher\":{\"@id\":\"https:\\\/\\\/balufy.com\\\/es\\\/#organization\"},\"potentialAction\":[{\"@type\":\"SearchAction\",\"target\":{\"@type\":\"EntryPoint\",\"urlTemplate\":\"https:\\\/\\\/balufy.com\\\/es\\\/?s={search_term_string}\"},\"query-input\":{\"@type\":\"PropertyValueSpecification\",\"valueRequired\":true,\"valueName\":\"search_term_string\"}}],\"inLanguage\":\"de\"},{\"@type\":\"Organization\",\"@id\":\"https:\\\/\\\/balufy.com\\\/es\\\/#organization\",\"name\":\"Balufy\",\"url\":\"https:\\\/\\\/balufy.com\\\/es\\\/\",\"logo\":{\"@type\":\"ImageObject\",\"inLanguage\":\"de\",\"@id\":\"https:\\\/\\\/balufy.com\\\/es\\\/#\\\/schema\\\/logo\\\/image\\\/\",\"url\":\"https:\\\/\\\/balufy.com\\\/wp-content\\\/uploads\\\/2022\\\/06\\\/LOGO_PNG.png\",\"contentUrl\":\"https:\\\/\\\/balufy.com\\\/wp-content\\\/uploads\\\/2022\\\/06\\\/LOGO_PNG.png\",\"width\":1366,\"height\":768,\"caption\":\"Balufy\"},\"image\":{\"@id\":\"https:\\\/\\\/balufy.com\\\/es\\\/#\\\/schema\\\/logo\\\/image\\\/\"},\"sameAs\":[\"https:\\\/\\\/www.facebook.com\\\/Balufy-102705001596047\",\"https:\\\/\\\/www.instagram.com\\\/balufy_oficial\\\/\"]}]}<\/script>\n<!-- \/ Yoast SEO plugin. -->","yoast_head_json":{"title":"TASTES TESTS -M\u00e4rchenhafte Villa in Son Gual mit Pool - Balufy - The taste of Experience","robots":{"index":"index","follow":"follow","max-snippet":"max-snippet:-1","max-image-preview":"max-image-preview:large","max-video-preview":"max-video-preview:-1"},"canonical":"https:\/\/balufy.com\/de\/produkt\/fabelhafte-villa-in-son-gual-mit-pool-tennisplatz-fitnessstudio-bbq-schaukeln\/","og_locale":"de_DE","og_type":"article","og_title":"PRUEBAS PRUEBAS -Fabulosa villa en Son Gual con piscina - Balufy - The taste of Experience","og_description":"Villa en Son Gual, maravillosas vistas a la bah\u00eda de Palma y mar, ideal para unas vacaciones c\u00f3modas de relax con la familia y amigos. A un paseo de 700 metros al campo de golf &#8216;Son Gual&#8217;. Pista de tenis, Internet WIFI. Cuenta con una piscina privada de 8 metros de largo x 4 metros [&hellip;]","og_url":"https:\/\/balufy.com\/de\/produkt\/fabelhafte-villa-in-son-gual-mit-pool-tennisplatz-fitnessstudio-bbq-schaukeln\/","og_site_name":"Balufy - The taste of Experience","article_publisher":"https:\/\/www.facebook.com\/Balufy-102705001596047","article_modified_time":"2025-04-11T17:34:09+00:00","twitter_card":"summary_large_image","twitter_misc":{"Gesch\u00e4tzte Lesezeit":"1\u00a0Minute"},"schema":{"@context":"https:\/\/schema.org","@graph":[{"@type":"WebPage","@id":"https:\/\/balufy.com\/de\/produkt\/fabelhafte-villa-in-son-gual-mit-pool-tennisplatz-fitnessstudio-bbq-schaukeln\/","url":"https:\/\/balufy.com\/de\/produkt\/fabelhafte-villa-in-son-gual-mit-pool-tennisplatz-fitnessstudio-bbq-schaukeln\/","name":"TASTES TESTS -M\u00e4rchenhafte Villa in Son Gual mit Pool - Balufy - The taste of Experience","isPartOf":{"@id":"https:\/\/balufy.com\/es\/#website"},"datePublished":"2021-08-30T21:24:56+00:00","dateModified":"2025-04-11T17:34:09+00:00","breadcrumb":{"@id":"https:\/\/balufy.com\/de\/produkt\/fabelhafte-villa-in-son-gual-mit-pool-tennisplatz-fitnessstudio-bbq-schaukeln\/#breadcrumb"},"inLanguage":"de","potentialAction":[{"@type":"ReadAction","target":["https:\/\/balufy.com\/de\/produkt\/fabelhafte-villa-in-son-gual-mit-pool-tennisplatz-fitnessstudio-bbq-schaukeln\/"]}]},{"@type":"BreadcrumbList","@id":"https:\/\/balufy.com\/de\/produkt\/fabelhafte-villa-in-son-gual-mit-pool-tennisplatz-fitnessstudio-bbq-schaukeln\/#breadcrumb","itemListElement":[{"@type":"ListItem","position":1,"name":"Portada","item":"https:\/\/balufy.com\/"},{"@type":"ListItem","position":2,"name":"Shop","item":"https:\/\/balufy.com\/es\/shop\/"},{"@type":"ListItem","position":3,"name":"PRUEBAS PRUEBAS -Fabulosa villa en Son Gual con piscina"}]},{"@type":"WebSite","@id":"https:\/\/balufy.com\/es\/#website","url":"https:\/\/balufy.com\/es\/","name":"Balufy - Geschmack der Erfahrung","description":"Balufy","publisher":{"@id":"https:\/\/balufy.com\/es\/#organization"},"potentialAction":[{"@type":"SearchAction","target":{"@type":"EntryPoint","urlTemplate":"https:\/\/balufy.com\/es\/?s={search_term_string}"},"query-input":{"@type":"PropertyValueSpecification","valueRequired":true,"valueName":"search_term_string"}}],"inLanguage":"de"},{"@type":"Organization","@id":"https:\/\/balufy.com\/es\/#organization","name":"Balufy","url":"https:\/\/balufy.com\/es\/","logo":{"@type":"ImageObject","inLanguage":"de","@id":"https:\/\/balufy.com\/es\/#\/schema\/logo\/image\/","url":"https:\/\/balufy.com\/wp-content\/uploads\/2022\/06\/LOGO_PNG.png","contentUrl":"https:\/\/balufy.com\/wp-content\/uploads\/2022\/06\/LOGO_PNG.png","width":1366,"height":768,"caption":"Balufy"},"image":{"@id":"https:\/\/balufy.com\/es\/#\/schema\/logo\/image\/"},"sameAs":["https:\/\/www.facebook.com\/Balufy-102705001596047","https:\/\/www.instagram.com\/balufy_oficial\/"]}]}},"_links":{"self":[{"href":"https:\/\/balufy.com\/de\/wp-json\/wp\/v2\/product\/1683","targetHints":{"allow":["GET"]}}],"collection":[{"href":"https:\/\/balufy.com\/de\/wp-json\/wp\/v2\/product"}],"about":[{"href":"https:\/\/balufy.com\/de\/wp-json\/wp\/v2\/types\/product"}],"version-history":[{"count":0,"href":"https:\/\/balufy.com\/de\/wp-json\/wp\/v2\/product\/1683\/revisions"}],"wp:attachment":[{"href":"https:\/\/balufy.com\/de\/wp-json\/wp\/v2\/media?parent=1683"}],"wp:term":[{"taxonomy":"product_brand","embeddable":true,"href":"https:\/\/balufy.com\/de\/wp-json\/wp\/v2\/product_brand?post=1683"},{"taxonomy":"product_cat","embeddable":true,"href":"https:\/\/balufy.com\/de\/wp-json\/wp\/v2\/product_cat?post=1683"},{"taxonomy":"product_tag","embeddable":true,"href":"https:\/\/balufy.com\/de\/wp-json\/wp\/v2\/product_tag?post=1683"}],"curies":[{"name":"wp","href":"https:\/\/api.w.org\/{rel}","templated":true}]}}