{"id":1725,"date":"2021-08-31T08:46:12","date_gmt":"2021-08-31T06:46:12","guid":{"rendered":"https:\/\/alquileres.pulsoweb.es\/product\/princess-72\/"},"modified":"2022-09-23T14:52:23","modified_gmt":"2022-09-23T12:52:23","slug":"prinzessin-72","status":"publish","type":"product","link":"https:\/\/balufy.com\/de\/produkt\/prinzessin-72\/","title":{"rendered":"Prinzessin 72"},"content":{"rendered":"<p><strong>Der beste Urlaub Ihres Lebens beginnt hier ...<\/strong><br \/>\nWir sind stolz darauf, unser <strong>Prinzessin 72<\/strong> 2014 zu vermieten in der sch\u00f6nen Cala d'or auf Mallorca, wo die Sonne immer scheint!<\/p>\n<p>Das Boot hat 4 Kabinen und eine Crew-Kabine f\u00fcr unseren Skipper und Personal. Das Boot ist mit der neuesten Elektronik und Polsterung ausgestattet, nachdem es Ende 2018 umger\u00fcstet wurde, einschlie\u00dflich Flossenstabilisatoren, Williams Sportjet 395 2018 Tender und Seabob 2018.<\/p>\n<p>Das Boot bietet bequem Platz f\u00fcr 8 Personen und tags\u00fcber f\u00fcr 12 Personen an Bord. Die Kombination aus den sch\u00f6nen und ger\u00e4umigen Sonnendecks, unserem aufmerksamen Personal und Mallorcas atemberaubender Landschaft und Klima wird sicherstellen, dass Sie und Ihre Familie den besten Urlaub Ihres Lebens haben.<\/p>\n<p>Spa\u00df ohne Ende oder atemberaubende Entspannung - Sie haben die Wahl!<\/p>\n<p><strong>Spezifikation<\/strong><br \/>\nLOA: 22,35 m \/ 73 ft 3 in.<br \/>\nBreite: 5,49 m \/ 18 ft<br \/>\nTiefgang: 1,68 m \/ 5 ft 6 in.<br \/>\nMotoren: 2 x Caterpillar 1800Hp<br \/>\nReisegeschwindigkeit: 20 Knoten<br \/>\nH\u00f6chstgeschwindigkeit: 34 Knoten<br \/>\nExtras<\/p>\n<p>Flossenstabilisierung Klimatisierung<br \/>\nKomplette professionelle K\u00fcche<br \/>\nTV \u00fcberall<br \/>\nHohe\/niedrige Badeplattform.<br \/>\nPortugiesischer Bogen<br \/>\nBimini<br \/>\nFeste und freistehende Liegest\u00fchle<br \/>\nTender und Spielzeug<br \/>\nWilliams Sportjet 395 Tender<br \/>\nSeabob<br \/>\nSchnorcheln<br \/>\nPaddelsurfen<br \/>\nFischen auf Anfrage<br \/>\nTauchen auf Anfrage<\/p>\n<p><strong>Was ist enthalten?<\/strong> Liegeplatz in Cala d'Or Mallorca Professioneller Kapit\u00e4n und Crew<\/p>\n<p><strong> Was nicht enthalten ist<\/strong> Kraftstoff - Alkoholische Getr\u00e4nke - Lebensmittel - Liegegeb\u00fchren au\u00dferhalb von Cala d'Or<\/p>","protected":false},"excerpt":{"rendered":"<p>Las mejores vacaciones de tu vida comienzan aqu\u00ed &#8230; Estamos orgullosos de ofrecer nuestro Princess 72 2014 en alquiler desde la hermosa Cala d&#8217;or en Mallorca, \u00a1donde el sol siempre brilla! El barco cuenta con 4 camarotes y un camarote de tripulaci\u00f3n para nuestro patr\u00f3n y personal. El barco est\u00e1 equipado con lo \u00faltimo en [&hellip;]<\/p>","protected":false},"featured_media":0,"template":"","meta":[],"product_brand":[],"product_cat":[20],"product_tag":[],"class_list":{"0":"post-1725","1":"product","2":"type-product","3":"status-publish","5":"product_cat-listeo-booking","7":"first","8":"instock","9":"virtual","10":"sold-individually","11":"purchasable","12":"product-type-listing_booking"},"yoast_head":"<!-- This site is optimized with the Yoast SEO plugin v27.3 - https:\/\/yoast.com\/product\/yoast-seo-wordpress\/ -->\n<title>Princess 72 - Balufy - The taste of Experience<\/title>\n<meta name=\"robots\" content=\"index, follow, max-snippet:-1, max-image-preview:large, max-video-preview:-1\" \/>\n<link rel=\"canonical\" href=\"https:\/\/balufy.com\/de\/produkt\/prinzessin-72\/\" \/>\n<meta property=\"og:locale\" content=\"de_DE\" \/>\n<meta property=\"og:type\" content=\"article\" \/>\n<meta property=\"og:title\" content=\"Princess 72 - Balufy - The taste of Experience\" \/>\n<meta property=\"og:description\" content=\"Las mejores vacaciones de tu vida comienzan aqu\u00ed &#8230; Estamos orgullosos de ofrecer nuestro Princess 72 2014 en alquiler desde la hermosa Cala d&#8217;or en Mallorca, \u00a1donde el sol siempre brilla! El barco cuenta con 4 camarotes y un camarote de tripulaci\u00f3n para nuestro patr\u00f3n y personal. El barco est\u00e1 equipado con lo \u00faltimo en [&hellip;]\" \/>\n<meta property=\"og:url\" content=\"https:\/\/balufy.com\/de\/produkt\/prinzessin-72\/\" \/>\n<meta property=\"og:site_name\" content=\"Balufy - The taste of Experience\" \/>\n<meta property=\"article:publisher\" content=\"https:\/\/www.facebook.com\/Balufy-102705001596047\" \/>\n<meta property=\"article:modified_time\" content=\"2022-09-23T12:52:23+00:00\" \/>\n<meta name=\"twitter:card\" content=\"summary_large_image\" \/>\n<meta name=\"twitter:label1\" content=\"Gesch\u00e4tzte Lesezeit\" \/>\n\t<meta name=\"twitter:data1\" content=\"1\u00a0Minute\" \/>\n<script type=\"application\/ld+json\" class=\"yoast-schema-graph\">{\"@context\":\"https:\\\/\\\/schema.org\",\"@graph\":[{\"@type\":\"WebPage\",\"@id\":\"https:\\\/\\\/balufy.com\\\/de\\\/produkt\\\/prinzessin-72\\\/\",\"url\":\"https:\\\/\\\/balufy.com\\\/de\\\/produkt\\\/prinzessin-72\\\/\",\"name\":\"Princess 72 - Balufy - The taste of Experience\",\"isPartOf\":{\"@id\":\"https:\\\/\\\/balufy.com\\\/es\\\/#website\"},\"datePublished\":\"2021-08-31T06:46:12+00:00\",\"dateModified\":\"2022-09-23T12:52:23+00:00\",\"breadcrumb\":{\"@id\":\"https:\\\/\\\/balufy.com\\\/de\\\/produkt\\\/prinzessin-72\\\/#breadcrumb\"},\"inLanguage\":\"de\",\"potentialAction\":[{\"@type\":\"ReadAction\",\"target\":[\"https:\\\/\\\/balufy.com\\\/de\\\/produkt\\\/prinzessin-72\\\/\"]}]},{\"@type\":\"BreadcrumbList\",\"@id\":\"https:\\\/\\\/balufy.com\\\/de\\\/produkt\\\/prinzessin-72\\\/#breadcrumb\",\"itemListElement\":[{\"@type\":\"ListItem\",\"position\":1,\"name\":\"Portada\",\"item\":\"https:\\\/\\\/balufy.com\\\/\"},{\"@type\":\"ListItem\",\"position\":2,\"name\":\"Shop\",\"item\":\"https:\\\/\\\/balufy.com\\\/es\\\/shop\\\/\"},{\"@type\":\"ListItem\",\"position\":3,\"name\":\"Princess 72\"}]},{\"@type\":\"WebSite\",\"@id\":\"https:\\\/\\\/balufy.com\\\/es\\\/#website\",\"url\":\"https:\\\/\\\/balufy.com\\\/es\\\/\",\"name\":\"Balufy - Taste of experience\",\"description\":\"Balufy\",\"publisher\":{\"@id\":\"https:\\\/\\\/balufy.com\\\/es\\\/#organization\"},\"potentialAction\":[{\"@type\":\"SearchAction\",\"target\":{\"@type\":\"EntryPoint\",\"urlTemplate\":\"https:\\\/\\\/balufy.com\\\/es\\\/?s={search_term_string}\"},\"query-input\":{\"@type\":\"PropertyValueSpecification\",\"valueRequired\":true,\"valueName\":\"search_term_string\"}}],\"inLanguage\":\"de\"},{\"@type\":\"Organization\",\"@id\":\"https:\\\/\\\/balufy.com\\\/es\\\/#organization\",\"name\":\"Balufy\",\"url\":\"https:\\\/\\\/balufy.com\\\/es\\\/\",\"logo\":{\"@type\":\"ImageObject\",\"inLanguage\":\"de\",\"@id\":\"https:\\\/\\\/balufy.com\\\/es\\\/#\\\/schema\\\/logo\\\/image\\\/\",\"url\":\"https:\\\/\\\/balufy.com\\\/wp-content\\\/uploads\\\/2022\\\/06\\\/LOGO_PNG.png\",\"contentUrl\":\"https:\\\/\\\/balufy.com\\\/wp-content\\\/uploads\\\/2022\\\/06\\\/LOGO_PNG.png\",\"width\":1366,\"height\":768,\"caption\":\"Balufy\"},\"image\":{\"@id\":\"https:\\\/\\\/balufy.com\\\/es\\\/#\\\/schema\\\/logo\\\/image\\\/\"},\"sameAs\":[\"https:\\\/\\\/www.facebook.com\\\/Balufy-102705001596047\",\"https:\\\/\\\/www.instagram.com\\\/balufy_oficial\\\/\"]}]}<\/script>\n<!-- \/ Yoast SEO plugin. -->","yoast_head_json":{"title":"Princess 72 - Balufy - Der Geschmack der Erfahrung","robots":{"index":"index","follow":"follow","max-snippet":"max-snippet:-1","max-image-preview":"max-image-preview:large","max-video-preview":"max-video-preview:-1"},"canonical":"https:\/\/balufy.com\/de\/produkt\/prinzessin-72\/","og_locale":"de_DE","og_type":"article","og_title":"Princess 72 - Balufy - The taste of Experience","og_description":"Las mejores vacaciones de tu vida comienzan aqu\u00ed &#8230; Estamos orgullosos de ofrecer nuestro Princess 72 2014 en alquiler desde la hermosa Cala d&#8217;or en Mallorca, \u00a1donde el sol siempre brilla! El barco cuenta con 4 camarotes y un camarote de tripulaci\u00f3n para nuestro patr\u00f3n y personal. El barco est\u00e1 equipado con lo \u00faltimo en [&hellip;]","og_url":"https:\/\/balufy.com\/de\/produkt\/prinzessin-72\/","og_site_name":"Balufy - The taste of Experience","article_publisher":"https:\/\/www.facebook.com\/Balufy-102705001596047","article_modified_time":"2022-09-23T12:52:23+00:00","twitter_card":"summary_large_image","twitter_misc":{"Gesch\u00e4tzte Lesezeit":"1\u00a0Minute"},"schema":{"@context":"https:\/\/schema.org","@graph":[{"@type":"WebPage","@id":"https:\/\/balufy.com\/de\/produkt\/prinzessin-72\/","url":"https:\/\/balufy.com\/de\/produkt\/prinzessin-72\/","name":"Princess 72 - Balufy - Der Geschmack der Erfahrung","isPartOf":{"@id":"https:\/\/balufy.com\/es\/#website"},"datePublished":"2021-08-31T06:46:12+00:00","dateModified":"2022-09-23T12:52:23+00:00","breadcrumb":{"@id":"https:\/\/balufy.com\/de\/produkt\/prinzessin-72\/#breadcrumb"},"inLanguage":"de","potentialAction":[{"@type":"ReadAction","target":["https:\/\/balufy.com\/de\/produkt\/prinzessin-72\/"]}]},{"@type":"BreadcrumbList","@id":"https:\/\/balufy.com\/de\/produkt\/prinzessin-72\/#breadcrumb","itemListElement":[{"@type":"ListItem","position":1,"name":"Portada","item":"https:\/\/balufy.com\/"},{"@type":"ListItem","position":2,"name":"Shop","item":"https:\/\/balufy.com\/es\/shop\/"},{"@type":"ListItem","position":3,"name":"Princess 72"}]},{"@type":"WebSite","@id":"https:\/\/balufy.com\/es\/#website","url":"https:\/\/balufy.com\/es\/","name":"Balufy - Geschmack der Erfahrung","description":"Balufy","publisher":{"@id":"https:\/\/balufy.com\/es\/#organization"},"potentialAction":[{"@type":"SearchAction","target":{"@type":"EntryPoint","urlTemplate":"https:\/\/balufy.com\/es\/?s={search_term_string}"},"query-input":{"@type":"PropertyValueSpecification","valueRequired":true,"valueName":"search_term_string"}}],"inLanguage":"de"},{"@type":"Organization","@id":"https:\/\/balufy.com\/es\/#organization","name":"Balufy","url":"https:\/\/balufy.com\/es\/","logo":{"@type":"ImageObject","inLanguage":"de","@id":"https:\/\/balufy.com\/es\/#\/schema\/logo\/image\/","url":"https:\/\/balufy.com\/wp-content\/uploads\/2022\/06\/LOGO_PNG.png","contentUrl":"https:\/\/balufy.com\/wp-content\/uploads\/2022\/06\/LOGO_PNG.png","width":1366,"height":768,"caption":"Balufy"},"image":{"@id":"https:\/\/balufy.com\/es\/#\/schema\/logo\/image\/"},"sameAs":["https:\/\/www.facebook.com\/Balufy-102705001596047","https:\/\/www.instagram.com\/balufy_oficial\/"]}]}},"_links":{"self":[{"href":"https:\/\/balufy.com\/de\/wp-json\/wp\/v2\/product\/1725","targetHints":{"allow":["GET"]}}],"collection":[{"href":"https:\/\/balufy.com\/de\/wp-json\/wp\/v2\/product"}],"about":[{"href":"https:\/\/balufy.com\/de\/wp-json\/wp\/v2\/types\/product"}],"version-history":[{"count":0,"href":"https:\/\/balufy.com\/de\/wp-json\/wp\/v2\/product\/1725\/revisions"}],"wp:attachment":[{"href":"https:\/\/balufy.com\/de\/wp-json\/wp\/v2\/media?parent=1725"}],"wp:term":[{"taxonomy":"product_brand","embeddable":true,"href":"https:\/\/balufy.com\/de\/wp-json\/wp\/v2\/product_brand?post=1725"},{"taxonomy":"product_cat","embeddable":true,"href":"https:\/\/balufy.com\/de\/wp-json\/wp\/v2\/product_cat?post=1725"},{"taxonomy":"product_tag","embeddable":true,"href":"https:\/\/balufy.com\/de\/wp-json\/wp\/v2\/product_tag?post=1725"}],"curies":[{"name":"wp","href":"https:\/\/api.w.org\/{rel}","templated":true}]}}