{"id":1754,"date":"2021-08-31T09:33:25","date_gmt":"2021-08-31T07:33:25","guid":{"rendered":"https:\/\/alquileres.pulsoweb.es\/product\/villa-los-biutres-bon-aire\/"},"modified":"2025-04-02T16:53:46","modified_gmt":"2025-04-02T14:53:46","slug":"villa-los-biutres-bon-aire","status":"publish","type":"product","link":"https:\/\/balufy.com\/de\/produkt\/villa-los-biutres-bon-aire\/","title":{"rendered":"Villa Bon Aire"},"content":{"rendered":"<p>Die Villa in Alcudia hat 9 Schlafzimmer und bietet Platz f\u00fcr 20 Personen.<br \/>\nUnterkunft von 2.900 m\u00b2.<br \/>\nDie Unterkunft ist mit folgenden Dingen ausgestattet: Garten, Gartenm\u00f6bel, eingez\u00e4untes Grundst\u00fcck, Terrasse, Grill, Kamin, B\u00fcgeleisen, Internet (wifi), Haartrockner, Balkon, Tennisplatz, Fitnessraum, Sauna, Jacuzzi, Spa, Zentralheizung, Klimaanlage, privates Schwimmbad, privates beheiztes Schwimmbad, Garage (16 Pl\u00e4tze) im selben Geb\u00e4ude, Fernseher, Satellit (Sprachen: Spanisch, Englisch, Deutsch).<br \/>\nIn der unabh\u00e4ngigen Induktionsk\u00fcche sind K\u00fchlschrank, Mikrowelle, Backofen, Gefrierschrank, Waschmaschine, Trockner, Sp\u00fclmaschine, Geschirr\/Besteck, K\u00fcchenutensilien, Kaffeemaschine, Friteuse, Toaster, Wasserkocher und Saftpresse vorhanden.<\/p>\n<p>Haustiere erlaubt: ja<br \/>\nRauchen erlaubt: nein<\/p>\n<p>&nbsp;<\/p>\n<p>Sobald Sie Ihre Unterkunftsbuchung abgeschlossen haben, k\u00f6nnen Sie eine breite Palette an personalisierten Premium-Dienstleistungen buchen, um Ihren Aufenthalt zu versch\u00f6nern, wie z. B.:<\/p>\n<p>Flughafen-Transport<\/p>\n<p>Internes Personal<\/p>\n<p>Lieferung von Lebensmitteln nach Hause<\/p>\n<p>K\u00fcchenchef und Catering im Haus<\/p>\n<p>Hubschrauber, Jets, Privatjachten<\/p>\n<p>Private gef\u00fchrte Tour<\/p>\n<p>Pers\u00f6nliche Trainer<\/p>\n<p>Sch\u00f6nheits- und Wellness-Therapeuten<\/p>","protected":false},"excerpt":{"rendered":"<p>La villa en Alc\u00fadia posee 9 dormitorio(s) y capacidad para 20 personas. Alojamiento de 2.900 m\u00b2. Dispone de jard\u00edn, mobiliario jard\u00edn, parcela vallada, terraza, barbacoa, chimenea, plancha, acceso\u00a0internet (wifi), secador, balc\u00f3n, pista de tenis, gimnasio, sauna, jacuzzi, spa, calefacci\u00f3n\u00a0central, aire\u00a0acondicionado, piscina privada, piscina climatizada privada, garaje (16 plazas) en mismo edificio, Televisi\u00f3n, sat\u00e9lite (Idiomas: Espa\u00f1ol, [&hellip;]<\/p>","protected":false},"featured_media":0,"template":"","meta":[],"product_brand":[],"product_cat":[20],"product_tag":[],"class_list":{"0":"post-1754","1":"product","2":"type-product","3":"status-publish","5":"product_cat-listeo-booking","7":"first","8":"instock","9":"virtual","10":"sold-individually","11":"purchasable","12":"product-type-listing_booking"},"yoast_head":"<!-- This site is optimized with the Yoast SEO plugin v27.3 - https:\/\/yoast.com\/product\/yoast-seo-wordpress\/ -->\n<title>Villa Bon Aire - Balufy - The taste of Experience<\/title>\n<meta name=\"robots\" content=\"index, follow, max-snippet:-1, max-image-preview:large, max-video-preview:-1\" \/>\n<link rel=\"canonical\" href=\"https:\/\/balufy.com\/de\/produkt\/villa-los-biutres-bon-aire\/\" \/>\n<meta property=\"og:locale\" content=\"de_DE\" \/>\n<meta property=\"og:type\" content=\"article\" \/>\n<meta property=\"og:title\" content=\"Villa Bon Aire - Balufy - The taste of Experience\" \/>\n<meta property=\"og:description\" content=\"La villa en Alc\u00fadia posee 9 dormitorio(s) y capacidad para 20 personas. Alojamiento de 2.900 m\u00b2. Dispone de jard\u00edn, mobiliario jard\u00edn, parcela vallada, terraza, barbacoa, chimenea, plancha, acceso\u00a0internet (wifi), secador, balc\u00f3n, pista de tenis, gimnasio, sauna, jacuzzi, spa, calefacci\u00f3n\u00a0central, aire\u00a0acondicionado, piscina privada, piscina climatizada privada, garaje (16 plazas) en mismo edificio, Televisi\u00f3n, sat\u00e9lite (Idiomas: Espa\u00f1ol, [&hellip;]\" \/>\n<meta property=\"og:url\" content=\"https:\/\/balufy.com\/de\/produkt\/villa-los-biutres-bon-aire\/\" \/>\n<meta property=\"og:site_name\" content=\"Balufy - The taste of Experience\" \/>\n<meta property=\"article:publisher\" content=\"https:\/\/www.facebook.com\/Balufy-102705001596047\" \/>\n<meta property=\"article:modified_time\" content=\"2025-04-02T14:53:46+00:00\" \/>\n<meta name=\"twitter:card\" content=\"summary_large_image\" \/>\n<meta name=\"twitter:label1\" content=\"Gesch\u00e4tzte Lesezeit\" \/>\n\t<meta name=\"twitter:data1\" content=\"1\u00a0Minute\" \/>\n<script type=\"application\/ld+json\" class=\"yoast-schema-graph\">{\"@context\":\"https:\\\/\\\/schema.org\",\"@graph\":[{\"@type\":\"WebPage\",\"@id\":\"https:\\\/\\\/balufy.com\\\/en\\\/product\\\/villa-los-biutres-bon-aire\\\/\",\"url\":\"https:\\\/\\\/balufy.com\\\/en\\\/product\\\/villa-los-biutres-bon-aire\\\/\",\"name\":\"Villa Bon Aire - Balufy - The taste of Experience\",\"isPartOf\":{\"@id\":\"https:\\\/\\\/balufy.com\\\/es\\\/#website\"},\"datePublished\":\"2021-08-31T07:33:25+00:00\",\"dateModified\":\"2025-04-02T14:53:46+00:00\",\"breadcrumb\":{\"@id\":\"https:\\\/\\\/balufy.com\\\/en\\\/product\\\/villa-los-biutres-bon-aire\\\/#breadcrumb\"},\"inLanguage\":\"de\",\"potentialAction\":[{\"@type\":\"ReadAction\",\"target\":[\"https:\\\/\\\/balufy.com\\\/en\\\/product\\\/villa-los-biutres-bon-aire\\\/\"]}]},{\"@type\":\"BreadcrumbList\",\"@id\":\"https:\\\/\\\/balufy.com\\\/en\\\/product\\\/villa-los-biutres-bon-aire\\\/#breadcrumb\",\"itemListElement\":[{\"@type\":\"ListItem\",\"position\":1,\"name\":\"Portada\",\"item\":\"https:\\\/\\\/balufy.com\\\/\"},{\"@type\":\"ListItem\",\"position\":2,\"name\":\"Shop\",\"item\":\"https:\\\/\\\/balufy.com\\\/es\\\/shop\\\/\"},{\"@type\":\"ListItem\",\"position\":3,\"name\":\"Villa Bon Aire\"}]},{\"@type\":\"WebSite\",\"@id\":\"https:\\\/\\\/balufy.com\\\/es\\\/#website\",\"url\":\"https:\\\/\\\/balufy.com\\\/es\\\/\",\"name\":\"Balufy - Taste of experience\",\"description\":\"Balufy\",\"publisher\":{\"@id\":\"https:\\\/\\\/balufy.com\\\/es\\\/#organization\"},\"potentialAction\":[{\"@type\":\"SearchAction\",\"target\":{\"@type\":\"EntryPoint\",\"urlTemplate\":\"https:\\\/\\\/balufy.com\\\/es\\\/?s={search_term_string}\"},\"query-input\":{\"@type\":\"PropertyValueSpecification\",\"valueRequired\":true,\"valueName\":\"search_term_string\"}}],\"inLanguage\":\"de\"},{\"@type\":\"Organization\",\"@id\":\"https:\\\/\\\/balufy.com\\\/es\\\/#organization\",\"name\":\"Balufy\",\"url\":\"https:\\\/\\\/balufy.com\\\/es\\\/\",\"logo\":{\"@type\":\"ImageObject\",\"inLanguage\":\"de\",\"@id\":\"https:\\\/\\\/balufy.com\\\/es\\\/#\\\/schema\\\/logo\\\/image\\\/\",\"url\":\"https:\\\/\\\/balufy.com\\\/wp-content\\\/uploads\\\/2022\\\/06\\\/LOGO_PNG.png\",\"contentUrl\":\"https:\\\/\\\/balufy.com\\\/wp-content\\\/uploads\\\/2022\\\/06\\\/LOGO_PNG.png\",\"width\":1366,\"height\":768,\"caption\":\"Balufy\"},\"image\":{\"@id\":\"https:\\\/\\\/balufy.com\\\/es\\\/#\\\/schema\\\/logo\\\/image\\\/\"},\"sameAs\":[\"https:\\\/\\\/www.facebook.com\\\/Balufy-102705001596047\",\"https:\\\/\\\/www.instagram.com\\\/balufy_oficial\\\/\"]}]}<\/script>\n<!-- \/ Yoast SEO plugin. -->","yoast_head_json":{"title":"Villa Bon Aire - Balufy - Der Geschmack der Erfahrung","robots":{"index":"index","follow":"follow","max-snippet":"max-snippet:-1","max-image-preview":"max-image-preview:large","max-video-preview":"max-video-preview:-1"},"canonical":"https:\/\/balufy.com\/de\/produkt\/villa-los-biutres-bon-aire\/","og_locale":"de_DE","og_type":"article","og_title":"Villa Bon Aire - Balufy - The taste of Experience","og_description":"La villa en Alc\u00fadia posee 9 dormitorio(s) y capacidad para 20 personas. Alojamiento de 2.900 m\u00b2. Dispone de jard\u00edn, mobiliario jard\u00edn, parcela vallada, terraza, barbacoa, chimenea, plancha, acceso\u00a0internet (wifi), secador, balc\u00f3n, pista de tenis, gimnasio, sauna, jacuzzi, spa, calefacci\u00f3n\u00a0central, aire\u00a0acondicionado, piscina privada, piscina climatizada privada, garaje (16 plazas) en mismo edificio, Televisi\u00f3n, sat\u00e9lite (Idiomas: Espa\u00f1ol, [&hellip;]","og_url":"https:\/\/balufy.com\/de\/produkt\/villa-los-biutres-bon-aire\/","og_site_name":"Balufy - The taste of Experience","article_publisher":"https:\/\/www.facebook.com\/Balufy-102705001596047","article_modified_time":"2025-04-02T14:53:46+00:00","twitter_card":"summary_large_image","twitter_misc":{"Gesch\u00e4tzte Lesezeit":"1\u00a0Minute"},"schema":{"@context":"https:\/\/schema.org","@graph":[{"@type":"WebPage","@id":"https:\/\/balufy.com\/en\/product\/villa-los-biutres-bon-aire\/","url":"https:\/\/balufy.com\/en\/product\/villa-los-biutres-bon-aire\/","name":"Villa Bon Aire - Balufy - Der Geschmack der Erfahrung","isPartOf":{"@id":"https:\/\/balufy.com\/es\/#website"},"datePublished":"2021-08-31T07:33:25+00:00","dateModified":"2025-04-02T14:53:46+00:00","breadcrumb":{"@id":"https:\/\/balufy.com\/en\/product\/villa-los-biutres-bon-aire\/#breadcrumb"},"inLanguage":"de","potentialAction":[{"@type":"ReadAction","target":["https:\/\/balufy.com\/en\/product\/villa-los-biutres-bon-aire\/"]}]},{"@type":"BreadcrumbList","@id":"https:\/\/balufy.com\/en\/product\/villa-los-biutres-bon-aire\/#breadcrumb","itemListElement":[{"@type":"ListItem","position":1,"name":"Portada","item":"https:\/\/balufy.com\/"},{"@type":"ListItem","position":2,"name":"Shop","item":"https:\/\/balufy.com\/es\/shop\/"},{"@type":"ListItem","position":3,"name":"Villa Bon Aire"}]},{"@type":"WebSite","@id":"https:\/\/balufy.com\/es\/#website","url":"https:\/\/balufy.com\/es\/","name":"Balufy - Geschmack der Erfahrung","description":"Balufy","publisher":{"@id":"https:\/\/balufy.com\/es\/#organization"},"potentialAction":[{"@type":"SearchAction","target":{"@type":"EntryPoint","urlTemplate":"https:\/\/balufy.com\/es\/?s={search_term_string}"},"query-input":{"@type":"PropertyValueSpecification","valueRequired":true,"valueName":"search_term_string"}}],"inLanguage":"de"},{"@type":"Organization","@id":"https:\/\/balufy.com\/es\/#organization","name":"Balufy","url":"https:\/\/balufy.com\/es\/","logo":{"@type":"ImageObject","inLanguage":"de","@id":"https:\/\/balufy.com\/es\/#\/schema\/logo\/image\/","url":"https:\/\/balufy.com\/wp-content\/uploads\/2022\/06\/LOGO_PNG.png","contentUrl":"https:\/\/balufy.com\/wp-content\/uploads\/2022\/06\/LOGO_PNG.png","width":1366,"height":768,"caption":"Balufy"},"image":{"@id":"https:\/\/balufy.com\/es\/#\/schema\/logo\/image\/"},"sameAs":["https:\/\/www.facebook.com\/Balufy-102705001596047","https:\/\/www.instagram.com\/balufy_oficial\/"]}]}},"_links":{"self":[{"href":"https:\/\/balufy.com\/de\/wp-json\/wp\/v2\/product\/1754","targetHints":{"allow":["GET"]}}],"collection":[{"href":"https:\/\/balufy.com\/de\/wp-json\/wp\/v2\/product"}],"about":[{"href":"https:\/\/balufy.com\/de\/wp-json\/wp\/v2\/types\/product"}],"version-history":[{"count":0,"href":"https:\/\/balufy.com\/de\/wp-json\/wp\/v2\/product\/1754\/revisions"}],"wp:attachment":[{"href":"https:\/\/balufy.com\/de\/wp-json\/wp\/v2\/media?parent=1754"}],"wp:term":[{"taxonomy":"product_brand","embeddable":true,"href":"https:\/\/balufy.com\/de\/wp-json\/wp\/v2\/product_brand?post=1754"},{"taxonomy":"product_cat","embeddable":true,"href":"https:\/\/balufy.com\/de\/wp-json\/wp\/v2\/product_cat?post=1754"},{"taxonomy":"product_tag","embeddable":true,"href":"https:\/\/balufy.com\/de\/wp-json\/wp\/v2\/product_tag?post=1754"}],"curies":[{"name":"wp","href":"https:\/\/api.w.org\/{rel}","templated":true}]}}