{"id":1756,"date":"2021-08-31T09:35:14","date_gmt":"2021-08-31T07:35:14","guid":{"rendered":"https:\/\/alquileres.pulsoweb.es\/product\/princess-88\/"},"modified":"2022-09-23T14:57:56","modified_gmt":"2022-09-23T12:57:56","slug":"prinzessin-88","status":"publish","type":"product","link":"https:\/\/balufy.com\/de\/produkt\/prinzessin-88\/","title":{"rendered":"PRINZESSIN 88"},"content":{"rendered":"<p><strong>K\u00f6nnte dies der beste Urlaub Ihres Lebens sein?<\/strong><br \/>\nWir freuen uns, J4 anbieten zu k\u00f6nnen, <strong>Prinzessin 88<\/strong> zu vermieten, von der sch\u00f6nen Hauptstadt Mallorcas, Palma.<\/p>\n<p>Das Boot hat 4 Kabinen und eine Mannschaftskabine f\u00fcr unseren Skipper und die Crew.<\/p>\n<p>Gro\u00dfz\u00fcgige Deckfl\u00e4chen bieten den G\u00e4sten Platz zum Entspannen und Sonnenbaden.<\/p>\n<p>Das Boot bietet bequem 8 Schlafpl\u00e4tze und tags\u00fcber Platz f\u00fcr 12 Personen an Bord. F\u00fcr Wassersportler gibt es eine ganze Reihe von Spielzeugen, darunter ein Seabob und aufblasbare Attraktionen.<\/p>\n<p>Wunderbar ger\u00e4umige Terrassen, eine atemberaubende Landschaft und das mallorquinische Klima, kombiniert mit unserem aufmerksamen Team, bieten Ihnen die M\u00f6glichkeit, den besten Urlaub Ihres Lebens zu genie\u00dfen.<\/p>\n<p>Machen Sie sich auf den Weg zu pausenlosem Spa\u00df oder entspannen Sie sich und genie\u00dfen Sie die Sonne. Alles, was Sie tun m\u00fcssen, ist zu w\u00e4hlen.<\/p>\n<p><strong>Kurze Zusammenfassung<\/strong><br \/>\nBoot: Princess 88 2015<br \/>\nStabilisierung: Flosse<br \/>\nHauptsitz: Palma, Mallorca<br \/>\nKabinen: 4 + Crew<br \/>\nPersonen pro Tag\/Nacht: 12\/8<br \/>\nDuschen\/Toiletten: 4\/4<br \/>\nPreis: 49.000 \u20ac inkl. MwSt. pro Woche<\/p>\n<p><strong>Spezifikation<\/strong><br \/>\nLOA: 27 m \/ 88 ft 7 in.<br \/>\nBreite: 6,3 m \/ 20 ft. 9 in.<br \/>\nTiefgang: 1,78 m \/ 5 ft. 10 in.<br \/>\nMotoren: 2 x MTU M94 (je 2 x 1948 PS)<br \/>\nReisegeschwindigkeit: 20 Knoten<br \/>\nH\u00f6chstgeschwindigkeit: 27 Knoten<br \/>\nExtras<\/p>\n<p>Klappenstabilisierung - Trac vor Anker und w\u00e4hrend der Fahrt<br \/>\nBalkon im Wohnzimmer<br \/>\nKlimatisierung im gesamten Geb\u00e4ude<br \/>\nKomplette professionelle K\u00fcche<br \/>\nTV \u00fcberall<br \/>\nFlybridge in Teakholz verlegt<br \/>\nEsstisch im Freien mit einem U-f\u00f6rmigen Sofa<br \/>\nBereich zum Sonnenbaden<br \/>\nBarbecue und Wet Bar im Schatten des Hardtops mit hydraulisch bet\u00e4tigtem Bimini-Top.<\/p>\n<p><strong>Tender und Spielzeug<\/strong><br \/>\nNeu Williams 460 Sport Jet<br \/>\n2 x Seabob<br \/>\nElektrisches Jetboard<\/p>\n<p><strong>Was ist enthalten?<\/strong><br \/>\nLiegeplatz in Moll Valls Mallorca<br \/>\nProfessioneller Kapit\u00e4n und Mannschaft<\/p>\n<p><strong>Was nicht enthalten ist<\/strong><br \/>\nKraftstoff<br \/>\nLebensmittel und Getr\u00e4nke<br \/>\nLiegeplatzgeb\u00fchren au\u00dferhalb von Palma<\/p>","protected":false},"excerpt":{"rendered":"<p>\u00bfPodr\u00edan ser estas las mejores vacaciones de tu vida? Estamos encantados de ofrecer J4, Princess 88 en alquiler, desde la hermosa capital de Mallorca, Palma. El barco cuenta con 4 cabinas y una cabina de tripulaci\u00f3n para nuestro patr\u00f3n y tripulaci\u00f3n. Las espaciosas \u00e1reas de la cubierta brindan a los hu\u00e9spedes un espacio para relajarse [&hellip;]<\/p>","protected":false},"featured_media":0,"template":"","meta":[],"product_brand":[],"product_cat":[20],"product_tag":[],"class_list":{"0":"post-1756","1":"product","2":"type-product","3":"status-publish","5":"product_cat-listeo-booking","7":"first","8":"instock","9":"virtual","10":"sold-individually","11":"purchasable","12":"product-type-listing_booking"},"yoast_head":"<!-- This site is optimized with the Yoast SEO plugin v27.3 - https:\/\/yoast.com\/product\/yoast-seo-wordpress\/ -->\n<title>PRINCESS 88 - Balufy - The taste of Experience<\/title>\n<meta name=\"robots\" content=\"index, follow, max-snippet:-1, max-image-preview:large, max-video-preview:-1\" \/>\n<link rel=\"canonical\" href=\"https:\/\/balufy.com\/de\/produkt\/prinzessin-88\/\" \/>\n<meta property=\"og:locale\" content=\"de_DE\" \/>\n<meta property=\"og:type\" content=\"article\" \/>\n<meta property=\"og:title\" content=\"PRINCESS 88 - Balufy - The taste of Experience\" \/>\n<meta property=\"og:description\" content=\"\u00bfPodr\u00edan ser estas las mejores vacaciones de tu vida? Estamos encantados de ofrecer J4, Princess 88 en alquiler, desde la hermosa capital de Mallorca, Palma. El barco cuenta con 4 cabinas y una cabina de tripulaci\u00f3n para nuestro patr\u00f3n y tripulaci\u00f3n. Las espaciosas \u00e1reas de la cubierta brindan a los hu\u00e9spedes un espacio para relajarse [&hellip;]\" \/>\n<meta property=\"og:url\" content=\"https:\/\/balufy.com\/de\/produkt\/prinzessin-88\/\" \/>\n<meta property=\"og:site_name\" content=\"Balufy - The taste of Experience\" \/>\n<meta property=\"article:publisher\" content=\"https:\/\/www.facebook.com\/Balufy-102705001596047\" \/>\n<meta property=\"article:modified_time\" content=\"2022-09-23T12:57:56+00:00\" \/>\n<meta name=\"twitter:card\" content=\"summary_large_image\" \/>\n<meta name=\"twitter:label1\" content=\"Gesch\u00e4tzte Lesezeit\" \/>\n\t<meta name=\"twitter:data1\" content=\"2\u00a0Minuten\" \/>\n<script type=\"application\/ld+json\" class=\"yoast-schema-graph\">{\"@context\":\"https:\\\/\\\/schema.org\",\"@graph\":[{\"@type\":\"WebPage\",\"@id\":\"https:\\\/\\\/balufy.com\\\/es\\\/producto\\\/princess-88\\\/\",\"url\":\"https:\\\/\\\/balufy.com\\\/es\\\/producto\\\/princess-88\\\/\",\"name\":\"PRINCESS 88 - Balufy - The taste of Experience\",\"isPartOf\":{\"@id\":\"https:\\\/\\\/balufy.com\\\/es\\\/#website\"},\"datePublished\":\"2021-08-31T07:35:14+00:00\",\"dateModified\":\"2022-09-23T12:57:56+00:00\",\"breadcrumb\":{\"@id\":\"https:\\\/\\\/balufy.com\\\/es\\\/producto\\\/princess-88\\\/#breadcrumb\"},\"inLanguage\":\"de\",\"potentialAction\":[{\"@type\":\"ReadAction\",\"target\":[\"https:\\\/\\\/balufy.com\\\/es\\\/producto\\\/princess-88\\\/\"]}]},{\"@type\":\"BreadcrumbList\",\"@id\":\"https:\\\/\\\/balufy.com\\\/es\\\/producto\\\/princess-88\\\/#breadcrumb\",\"itemListElement\":[{\"@type\":\"ListItem\",\"position\":1,\"name\":\"Portada\",\"item\":\"https:\\\/\\\/balufy.com\\\/\"},{\"@type\":\"ListItem\",\"position\":2,\"name\":\"Shop\",\"item\":\"https:\\\/\\\/balufy.com\\\/es\\\/shop\\\/\"},{\"@type\":\"ListItem\",\"position\":3,\"name\":\"PRINCESS 88\"}]},{\"@type\":\"WebSite\",\"@id\":\"https:\\\/\\\/balufy.com\\\/es\\\/#website\",\"url\":\"https:\\\/\\\/balufy.com\\\/es\\\/\",\"name\":\"Balufy - Taste of experience\",\"description\":\"Balufy\",\"publisher\":{\"@id\":\"https:\\\/\\\/balufy.com\\\/es\\\/#organization\"},\"potentialAction\":[{\"@type\":\"SearchAction\",\"target\":{\"@type\":\"EntryPoint\",\"urlTemplate\":\"https:\\\/\\\/balufy.com\\\/es\\\/?s={search_term_string}\"},\"query-input\":{\"@type\":\"PropertyValueSpecification\",\"valueRequired\":true,\"valueName\":\"search_term_string\"}}],\"inLanguage\":\"de\"},{\"@type\":\"Organization\",\"@id\":\"https:\\\/\\\/balufy.com\\\/es\\\/#organization\",\"name\":\"Balufy\",\"url\":\"https:\\\/\\\/balufy.com\\\/es\\\/\",\"logo\":{\"@type\":\"ImageObject\",\"inLanguage\":\"de\",\"@id\":\"https:\\\/\\\/balufy.com\\\/es\\\/#\\\/schema\\\/logo\\\/image\\\/\",\"url\":\"https:\\\/\\\/balufy.com\\\/wp-content\\\/uploads\\\/2022\\\/06\\\/LOGO_PNG.png\",\"contentUrl\":\"https:\\\/\\\/balufy.com\\\/wp-content\\\/uploads\\\/2022\\\/06\\\/LOGO_PNG.png\",\"width\":1366,\"height\":768,\"caption\":\"Balufy\"},\"image\":{\"@id\":\"https:\\\/\\\/balufy.com\\\/es\\\/#\\\/schema\\\/logo\\\/image\\\/\"},\"sameAs\":[\"https:\\\/\\\/www.facebook.com\\\/Balufy-102705001596047\",\"https:\\\/\\\/www.instagram.com\\\/balufy_oficial\\\/\"]}]}<\/script>\n<!-- \/ Yoast SEO plugin. -->","yoast_head_json":{"title":"PRINCESS 88 - Balufy - Der Geschmack der Erfahrung","robots":{"index":"index","follow":"follow","max-snippet":"max-snippet:-1","max-image-preview":"max-image-preview:large","max-video-preview":"max-video-preview:-1"},"canonical":"https:\/\/balufy.com\/de\/produkt\/prinzessin-88\/","og_locale":"de_DE","og_type":"article","og_title":"PRINCESS 88 - Balufy - The taste of Experience","og_description":"\u00bfPodr\u00edan ser estas las mejores vacaciones de tu vida? Estamos encantados de ofrecer J4, Princess 88 en alquiler, desde la hermosa capital de Mallorca, Palma. El barco cuenta con 4 cabinas y una cabina de tripulaci\u00f3n para nuestro patr\u00f3n y tripulaci\u00f3n. Las espaciosas \u00e1reas de la cubierta brindan a los hu\u00e9spedes un espacio para relajarse [&hellip;]","og_url":"https:\/\/balufy.com\/de\/produkt\/prinzessin-88\/","og_site_name":"Balufy - The taste of Experience","article_publisher":"https:\/\/www.facebook.com\/Balufy-102705001596047","article_modified_time":"2022-09-23T12:57:56+00:00","twitter_card":"summary_large_image","twitter_misc":{"Gesch\u00e4tzte Lesezeit":"2\u00a0Minuten"},"schema":{"@context":"https:\/\/schema.org","@graph":[{"@type":"WebPage","@id":"https:\/\/balufy.com\/es\/producto\/princess-88\/","url":"https:\/\/balufy.com\/es\/producto\/princess-88\/","name":"PRINCESS 88 - Balufy - Der Geschmack der Erfahrung","isPartOf":{"@id":"https:\/\/balufy.com\/es\/#website"},"datePublished":"2021-08-31T07:35:14+00:00","dateModified":"2022-09-23T12:57:56+00:00","breadcrumb":{"@id":"https:\/\/balufy.com\/es\/producto\/princess-88\/#breadcrumb"},"inLanguage":"de","potentialAction":[{"@type":"ReadAction","target":["https:\/\/balufy.com\/es\/producto\/princess-88\/"]}]},{"@type":"BreadcrumbList","@id":"https:\/\/balufy.com\/es\/producto\/princess-88\/#breadcrumb","itemListElement":[{"@type":"ListItem","position":1,"name":"Portada","item":"https:\/\/balufy.com\/"},{"@type":"ListItem","position":2,"name":"Shop","item":"https:\/\/balufy.com\/es\/shop\/"},{"@type":"ListItem","position":3,"name":"PRINCESS 88"}]},{"@type":"WebSite","@id":"https:\/\/balufy.com\/es\/#website","url":"https:\/\/balufy.com\/es\/","name":"Balufy - Geschmack der Erfahrung","description":"Balufy","publisher":{"@id":"https:\/\/balufy.com\/es\/#organization"},"potentialAction":[{"@type":"SearchAction","target":{"@type":"EntryPoint","urlTemplate":"https:\/\/balufy.com\/es\/?s={search_term_string}"},"query-input":{"@type":"PropertyValueSpecification","valueRequired":true,"valueName":"search_term_string"}}],"inLanguage":"de"},{"@type":"Organization","@id":"https:\/\/balufy.com\/es\/#organization","name":"Balufy","url":"https:\/\/balufy.com\/es\/","logo":{"@type":"ImageObject","inLanguage":"de","@id":"https:\/\/balufy.com\/es\/#\/schema\/logo\/image\/","url":"https:\/\/balufy.com\/wp-content\/uploads\/2022\/06\/LOGO_PNG.png","contentUrl":"https:\/\/balufy.com\/wp-content\/uploads\/2022\/06\/LOGO_PNG.png","width":1366,"height":768,"caption":"Balufy"},"image":{"@id":"https:\/\/balufy.com\/es\/#\/schema\/logo\/image\/"},"sameAs":["https:\/\/www.facebook.com\/Balufy-102705001596047","https:\/\/www.instagram.com\/balufy_oficial\/"]}]}},"_links":{"self":[{"href":"https:\/\/balufy.com\/de\/wp-json\/wp\/v2\/product\/1756","targetHints":{"allow":["GET"]}}],"collection":[{"href":"https:\/\/balufy.com\/de\/wp-json\/wp\/v2\/product"}],"about":[{"href":"https:\/\/balufy.com\/de\/wp-json\/wp\/v2\/types\/product"}],"version-history":[{"count":0,"href":"https:\/\/balufy.com\/de\/wp-json\/wp\/v2\/product\/1756\/revisions"}],"wp:attachment":[{"href":"https:\/\/balufy.com\/de\/wp-json\/wp\/v2\/media?parent=1756"}],"wp:term":[{"taxonomy":"product_brand","embeddable":true,"href":"https:\/\/balufy.com\/de\/wp-json\/wp\/v2\/product_brand?post=1756"},{"taxonomy":"product_cat","embeddable":true,"href":"https:\/\/balufy.com\/de\/wp-json\/wp\/v2\/product_cat?post=1756"},{"taxonomy":"product_tag","embeddable":true,"href":"https:\/\/balufy.com\/de\/wp-json\/wp\/v2\/product_tag?post=1756"}],"curies":[{"name":"wp","href":"https:\/\/api.w.org\/{rel}","templated":true}]}}