{"id":1871,"date":"2021-08-31T10:04:06","date_gmt":"2021-08-31T08:04:06","guid":{"rendered":"https:\/\/alquileres.pulsoweb.es\/product\/villa-marvelo-pollensa\/"},"modified":"2025-07-01T16:15:05","modified_gmt":"2025-07-01T14:15:05","slug":"villa-marvelo-pollensa","status":"publish","type":"product","link":"https:\/\/balufy.com\/de\/produkt\/villa-marvelo-pollensa\/","title":{"rendered":"Villa Marvelo Pollensa"},"content":{"rendered":"<p>Diese beeindruckende, neu gebaute Villa ist eine der herausragendsten Luxusmietobjekte im Norden Mallorcas.<\/p>\n<p>Frisches, schickes und zeitgem\u00e4\u00dfes Design und die Verwendung der besten verf\u00fcgbaren Materialien.<\/p>\n<p>Das Haus liegt an einem sanften Hang mit Blick auf das Meer, und die gro\u00dfen Fenster lassen das weiche mediterrane Licht in den Innenraum eindringen und schaffen eine entspannte Atmosph\u00e4re.<\/p>\n<p>Auf drei Etagen k\u00f6nnen bis zu 15 Personen unter luxuri\u00f6sen Bedingungen untergebracht werden.<\/p>\n<p>Der Eingang der Villa Marvelo befindet sich in der obersten Etage, ebenso wie ein gro\u00dfes Schlafzimmer mit Doppelbett, Bad und begehbarem Kleiderschrank. Von der gro\u00dfen Terrasse aus haben Sie einen herrlichen Blick \u00fcber die gesamte Bucht.<\/p>\n<p>In diesem Obergeschoss gibt es auch eine Doppelgarage (\u00fcberdacht) und einen Fahrradraum mit Etagenbett, falls Radfahrer das sch\u00f6ne Tramuntana-Gebirge erkunden m\u00f6chten.<\/p>\n<p>\u00dcber die Treppe (oder den Aufzug) gelangen Sie in die zweite Etage, wo Sie eine herrliche Master-Suite mit einem Schlafzimmer mit Doppelbett en-suite und Zugang zu einer gro\u00dfen Terrasse, ein separates Schlafzimmer mit Doppelbett en-suite (als 2 Einzelbetten konfigurierbar) und einem Einzelbett, ein weiteres Schlafzimmer mit Doppelbett en-suite und ein Schlafzimmer mit 3 Etagenbetten vorfinden.<\/p>\n<p>Der beeindruckende Wohnbereich im Erdgeschoss besteht aus einem ger\u00e4umigen und komfortablen Wohn-\/Esszimmer, das durch die Glasfront auf die gro\u00dfe \u00fcberdachte Terrasse f\u00fchrt. Perfekt zum Entspannen mit Familie und Freunden....<\/p>\n<p>Die gro\u00dfe, moderne Bulthaup\/Gaggenau-Designerk\u00fcche befindet sich ebenfalls auf dieser Ebene: der ideale Ort f\u00fcr eine Mahlzeit mit Familie und Freunden. Es gibt auch einen privaten Kinoraum (mit einem Schlafsofa f\u00fcr G\u00e4ste), um Ihren Urlaub noch angenehmer zu gestalten.<\/p>\n<p>Selbstverst\u00e4ndlich verf\u00fcgt die Villa Marvelo \u00fcber eine Klimaanlage (warm und kalt) und eine Fu\u00dfbodenheizung f\u00fcr maximalen Komfort. Au\u00dferdem gibt es \u00fcberall WiFi und Satellitenfernsehen, damit Sie Ihre Lieblingssendungen verfolgen k\u00f6nnen. Sie k\u00f6nnen auch Ihre Freunde oder Familie zu einer Partie Tischtennis herausfordern.<\/p>\n<p>Und dann ist da noch der private beheizte Swimmingpool (ohne Aufpreis, aber nicht verf\u00fcgbar zwischen November und M\u00e4rz) und die Terrasse. Es ist auch auf der gro\u00dfen Seite, (17m x 5m x 1,7m ca.) mit einem stufenf\u00f6rmigen Eingang f\u00fcr einen einfachen Zugang. Es gibt keinen besseren Ort, um morgens ein erfrischendes Bad zu nehmen oder sich von der hei\u00dfen Mittelmeersonne abzuk\u00fchlen.<\/p>\n<p>Von hier aus haben Sie eine herrliche Aussicht und k\u00f6nnen die luxuri\u00f6sen Liegest\u00fchle am Pool nutzen. Der umliegende Garten ist voll von sch\u00f6nen Blumen und Str\u00e4uchern.<\/p>\n<p>Die Lage in der Gegend von Puerto Pollensa im Norden Mallorcas bedeutet, dass Sie die besten Einrichtungen praktisch vor der Haust\u00fcr haben. Es gibt Golfpl\u00e4tze, sch\u00f6ne, flache Sandstr\u00e4nde und kristallklares Wasser, ideal f\u00fcr Wassersport.<\/p>\n<p>Sie werden es sicher genie\u00dfen, in einem der vielen ausgezeichneten Restaurants des Ortes entlang der Strandpromenade zu speisen. Vielleicht steht auch ein Besuch der charmanten Altstadt von Pollensa mit ihrer bezaubernden Kultur und exquisiten Architektur auf Ihrer Liste der Aktivit\u00e4ten.<\/p>\n<p>Kurz gesagt, die Villa Marvelo bietet Ihnen einen fabelhaften mallorquinischen Familienurlaub in luxuri\u00f6ser Umgebung. Ein Ort, an dem Sie tun k\u00f6nnen, was Sie wollen, wann Sie wollen, ohne sich Sorgen zu machen.<\/p>\n<p>Bitte beachten:<\/p>\n<p>- F\u00fcr jede Buchung wird eine Buchungsgeb\u00fchr von 70 EUR erhoben.<\/p>\n<p>- Bei der Buchung ist die balearische \u00d6kosteuer von 2,20 Euro pro Nacht und pro Person zu entrichten.<\/p>\n<p>- Eine r\u00fcckzahlbare Kaution, deren H\u00f6he sich nach dem Objekt richtet, wird ebenfalls bei der Buchung verlangt.<\/p>\n<p>- Poolheizung: falls am gew\u00fcnschten Objekt vorhanden, bitte kontaktieren Sie uns f\u00fcr weitere Details.<\/p>\n<p>Haustiere erlaubt: nein<br \/>\nRauchen erlaubt: nein<br \/>\nSonstiges: Jugendgruppen nicht erlaubt<br \/>\nZulassungsnummer: ETV\/10159<\/p>\n<p>Sobald Sie Ihre Unterkunftsbuchung abgeschlossen haben, k\u00f6nnen Sie eine breite Palette an personalisierten Premium-Dienstleistungen buchen, um Ihren Aufenthalt zu versch\u00f6nern, wie z. B.:<\/p>\n<p>Flughafen-Transport<\/p>\n<p>Internes Personal<\/p>\n<p>Lieferung von Lebensmitteln nach Hause<\/p>\n<p>K\u00fcchenchef und Catering im Haus<\/p>\n<p>Hubschrauber, Jets, Privatjachten<\/p>\n<p>Private gef\u00fchrte Tour<\/p>\n<p>Pers\u00f6nliche Trainer<\/p>\n<p>Sch\u00f6nheits- und Wellness-Therapeuten<\/p>","protected":false},"excerpt":{"rendered":"<p>Esta impresionante villa reci\u00e9n construida es una de las propiedades de alquiler de lujo m\u00e1s destacadas del norte de Mallorca. De dise\u00f1o fresco, chic y contempor\u00e1neo y construida con los mejores materiales disponibles. Situado en una suave ladera con vistas al mar, los grandes ventanales permiten que la suave luz mediterr\u00e1nea inunde el interior, creando [&hellip;]<\/p>","protected":false},"featured_media":0,"template":"","meta":[],"product_brand":[],"product_cat":[20],"product_tag":[],"class_list":{"0":"post-1871","1":"product","2":"type-product","3":"status-publish","5":"product_cat-listeo-booking","7":"first","8":"instock","9":"virtual","10":"sold-individually","11":"purchasable","12":"product-type-listing_booking"},"yoast_head":"<!-- This site is optimized with the Yoast SEO plugin v27.3 - https:\/\/yoast.com\/product\/yoast-seo-wordpress\/ -->\n<title>villa Marvelo Pollensa - Balufy - The taste of Experience<\/title>\n<meta name=\"robots\" content=\"index, follow, max-snippet:-1, max-image-preview:large, max-video-preview:-1\" \/>\n<link rel=\"canonical\" href=\"https:\/\/balufy.com\/de\/produkt\/villa-marvelo-pollensa\/\" \/>\n<meta property=\"og:locale\" content=\"de_DE\" \/>\n<meta property=\"og:type\" content=\"article\" \/>\n<meta property=\"og:title\" content=\"villa Marvelo Pollensa - Balufy - The taste of Experience\" \/>\n<meta property=\"og:description\" content=\"Esta impresionante villa reci\u00e9n construida es una de las propiedades de alquiler de lujo m\u00e1s destacadas del norte de Mallorca. De dise\u00f1o fresco, chic y contempor\u00e1neo y construida con los mejores materiales disponibles. Situado en una suave ladera con vistas al mar, los grandes ventanales permiten que la suave luz mediterr\u00e1nea inunde el interior, creando [&hellip;]\" \/>\n<meta property=\"og:url\" content=\"https:\/\/balufy.com\/de\/produkt\/villa-marvelo-pollensa\/\" \/>\n<meta property=\"og:site_name\" content=\"Balufy - The taste of Experience\" \/>\n<meta property=\"article:publisher\" content=\"https:\/\/www.facebook.com\/Balufy-102705001596047\" \/>\n<meta property=\"article:modified_time\" content=\"2025-07-01T14:15:05+00:00\" \/>\n<meta name=\"twitter:card\" content=\"summary_large_image\" \/>\n<meta name=\"twitter:label1\" content=\"Gesch\u00e4tzte Lesezeit\" \/>\n\t<meta name=\"twitter:data1\" content=\"4\u00a0Minuten\" \/>\n<script type=\"application\/ld+json\" class=\"yoast-schema-graph\">{\"@context\":\"https:\\\/\\\/schema.org\",\"@graph\":[{\"@type\":\"WebPage\",\"@id\":\"https:\\\/\\\/balufy.com\\\/en\\\/product\\\/villa-marvelo-pollensa\\\/\",\"url\":\"https:\\\/\\\/balufy.com\\\/en\\\/product\\\/villa-marvelo-pollensa\\\/\",\"name\":\"villa Marvelo Pollensa - Balufy - The taste of Experience\",\"isPartOf\":{\"@id\":\"https:\\\/\\\/balufy.com\\\/es\\\/#website\"},\"datePublished\":\"2021-08-31T08:04:06+00:00\",\"dateModified\":\"2025-07-01T14:15:05+00:00\",\"breadcrumb\":{\"@id\":\"https:\\\/\\\/balufy.com\\\/en\\\/product\\\/villa-marvelo-pollensa\\\/#breadcrumb\"},\"inLanguage\":\"de\",\"potentialAction\":[{\"@type\":\"ReadAction\",\"target\":[\"https:\\\/\\\/balufy.com\\\/en\\\/product\\\/villa-marvelo-pollensa\\\/\"]}]},{\"@type\":\"BreadcrumbList\",\"@id\":\"https:\\\/\\\/balufy.com\\\/en\\\/product\\\/villa-marvelo-pollensa\\\/#breadcrumb\",\"itemListElement\":[{\"@type\":\"ListItem\",\"position\":1,\"name\":\"Portada\",\"item\":\"https:\\\/\\\/balufy.com\\\/\"},{\"@type\":\"ListItem\",\"position\":2,\"name\":\"Shop\",\"item\":\"https:\\\/\\\/balufy.com\\\/es\\\/shop\\\/\"},{\"@type\":\"ListItem\",\"position\":3,\"name\":\"villa Marvelo Pollensa\"}]},{\"@type\":\"WebSite\",\"@id\":\"https:\\\/\\\/balufy.com\\\/es\\\/#website\",\"url\":\"https:\\\/\\\/balufy.com\\\/es\\\/\",\"name\":\"Balufy - Taste of experience\",\"description\":\"Balufy\",\"publisher\":{\"@id\":\"https:\\\/\\\/balufy.com\\\/es\\\/#organization\"},\"potentialAction\":[{\"@type\":\"SearchAction\",\"target\":{\"@type\":\"EntryPoint\",\"urlTemplate\":\"https:\\\/\\\/balufy.com\\\/es\\\/?s={search_term_string}\"},\"query-input\":{\"@type\":\"PropertyValueSpecification\",\"valueRequired\":true,\"valueName\":\"search_term_string\"}}],\"inLanguage\":\"de\"},{\"@type\":\"Organization\",\"@id\":\"https:\\\/\\\/balufy.com\\\/es\\\/#organization\",\"name\":\"Balufy\",\"url\":\"https:\\\/\\\/balufy.com\\\/es\\\/\",\"logo\":{\"@type\":\"ImageObject\",\"inLanguage\":\"de\",\"@id\":\"https:\\\/\\\/balufy.com\\\/es\\\/#\\\/schema\\\/logo\\\/image\\\/\",\"url\":\"https:\\\/\\\/balufy.com\\\/wp-content\\\/uploads\\\/2022\\\/06\\\/LOGO_PNG.png\",\"contentUrl\":\"https:\\\/\\\/balufy.com\\\/wp-content\\\/uploads\\\/2022\\\/06\\\/LOGO_PNG.png\",\"width\":1366,\"height\":768,\"caption\":\"Balufy\"},\"image\":{\"@id\":\"https:\\\/\\\/balufy.com\\\/es\\\/#\\\/schema\\\/logo\\\/image\\\/\"},\"sameAs\":[\"https:\\\/\\\/www.facebook.com\\\/Balufy-102705001596047\",\"https:\\\/\\\/www.instagram.com\\\/balufy_oficial\\\/\"]}]}<\/script>\n<!-- \/ Yoast SEO plugin. -->","yoast_head_json":{"title":"Villa Marvelo Pollensa - Balufy - Der Geschmack der Erfahrung","robots":{"index":"index","follow":"follow","max-snippet":"max-snippet:-1","max-image-preview":"max-image-preview:large","max-video-preview":"max-video-preview:-1"},"canonical":"https:\/\/balufy.com\/de\/produkt\/villa-marvelo-pollensa\/","og_locale":"de_DE","og_type":"article","og_title":"villa Marvelo Pollensa - Balufy - The taste of Experience","og_description":"Esta impresionante villa reci\u00e9n construida es una de las propiedades de alquiler de lujo m\u00e1s destacadas del norte de Mallorca. De dise\u00f1o fresco, chic y contempor\u00e1neo y construida con los mejores materiales disponibles. Situado en una suave ladera con vistas al mar, los grandes ventanales permiten que la suave luz mediterr\u00e1nea inunde el interior, creando [&hellip;]","og_url":"https:\/\/balufy.com\/de\/produkt\/villa-marvelo-pollensa\/","og_site_name":"Balufy - The taste of Experience","article_publisher":"https:\/\/www.facebook.com\/Balufy-102705001596047","article_modified_time":"2025-07-01T14:15:05+00:00","twitter_card":"summary_large_image","twitter_misc":{"Gesch\u00e4tzte Lesezeit":"4\u00a0Minuten"},"schema":{"@context":"https:\/\/schema.org","@graph":[{"@type":"WebPage","@id":"https:\/\/balufy.com\/en\/product\/villa-marvelo-pollensa\/","url":"https:\/\/balufy.com\/en\/product\/villa-marvelo-pollensa\/","name":"Villa Marvelo Pollensa - Balufy - Der Geschmack der Erfahrung","isPartOf":{"@id":"https:\/\/balufy.com\/es\/#website"},"datePublished":"2021-08-31T08:04:06+00:00","dateModified":"2025-07-01T14:15:05+00:00","breadcrumb":{"@id":"https:\/\/balufy.com\/en\/product\/villa-marvelo-pollensa\/#breadcrumb"},"inLanguage":"de","potentialAction":[{"@type":"ReadAction","target":["https:\/\/balufy.com\/en\/product\/villa-marvelo-pollensa\/"]}]},{"@type":"BreadcrumbList","@id":"https:\/\/balufy.com\/en\/product\/villa-marvelo-pollensa\/#breadcrumb","itemListElement":[{"@type":"ListItem","position":1,"name":"Portada","item":"https:\/\/balufy.com\/"},{"@type":"ListItem","position":2,"name":"Shop","item":"https:\/\/balufy.com\/es\/shop\/"},{"@type":"ListItem","position":3,"name":"villa Marvelo Pollensa"}]},{"@type":"WebSite","@id":"https:\/\/balufy.com\/es\/#website","url":"https:\/\/balufy.com\/es\/","name":"Balufy - Geschmack der Erfahrung","description":"Balufy","publisher":{"@id":"https:\/\/balufy.com\/es\/#organization"},"potentialAction":[{"@type":"SearchAction","target":{"@type":"EntryPoint","urlTemplate":"https:\/\/balufy.com\/es\/?s={search_term_string}"},"query-input":{"@type":"PropertyValueSpecification","valueRequired":true,"valueName":"search_term_string"}}],"inLanguage":"de"},{"@type":"Organization","@id":"https:\/\/balufy.com\/es\/#organization","name":"Balufy","url":"https:\/\/balufy.com\/es\/","logo":{"@type":"ImageObject","inLanguage":"de","@id":"https:\/\/balufy.com\/es\/#\/schema\/logo\/image\/","url":"https:\/\/balufy.com\/wp-content\/uploads\/2022\/06\/LOGO_PNG.png","contentUrl":"https:\/\/balufy.com\/wp-content\/uploads\/2022\/06\/LOGO_PNG.png","width":1366,"height":768,"caption":"Balufy"},"image":{"@id":"https:\/\/balufy.com\/es\/#\/schema\/logo\/image\/"},"sameAs":["https:\/\/www.facebook.com\/Balufy-102705001596047","https:\/\/www.instagram.com\/balufy_oficial\/"]}]}},"_links":{"self":[{"href":"https:\/\/balufy.com\/de\/wp-json\/wp\/v2\/product\/1871","targetHints":{"allow":["GET"]}}],"collection":[{"href":"https:\/\/balufy.com\/de\/wp-json\/wp\/v2\/product"}],"about":[{"href":"https:\/\/balufy.com\/de\/wp-json\/wp\/v2\/types\/product"}],"version-history":[{"count":0,"href":"https:\/\/balufy.com\/de\/wp-json\/wp\/v2\/product\/1871\/revisions"}],"wp:attachment":[{"href":"https:\/\/balufy.com\/de\/wp-json\/wp\/v2\/media?parent=1871"}],"wp:term":[{"taxonomy":"product_brand","embeddable":true,"href":"https:\/\/balufy.com\/de\/wp-json\/wp\/v2\/product_brand?post=1871"},{"taxonomy":"product_cat","embeddable":true,"href":"https:\/\/balufy.com\/de\/wp-json\/wp\/v2\/product_cat?post=1871"},{"taxonomy":"product_tag","embeddable":true,"href":"https:\/\/balufy.com\/de\/wp-json\/wp\/v2\/product_tag?post=1871"}],"curies":[{"name":"wp","href":"https:\/\/api.w.org\/{rel}","templated":true}]}}