{"id":1891,"date":"2021-08-31T10:35:25","date_gmt":"2021-08-31T08:35:25","guid":{"rendered":"https:\/\/alquileres.pulsoweb.es\/product\/lujosa-villa-primera-linea-mar-cala-deia\/"},"modified":"2025-04-02T16:51:39","modified_gmt":"2025-04-02T14:51:39","slug":"luxusvilla-erste-linie-meer-cala-deia","status":"publish","type":"product","link":"https:\/\/balufy.com\/de\/produkt\/luxusvilla-erste-linie-meer-cala-deia\/","title":{"rendered":"Luxusvilla in erster Meereslinie Cala Deia"},"content":{"rendered":"<p>Die Luxury Villa First Line liegt 200 m vom Strand Cala Deia in Deia entfernt und bietet direkten Zugang zum Strand und eine K\u00fcche. Dieses Ferienhaus verf\u00fcgt \u00fcber kostenfreies WLAN, Wassersportm\u00f6glichkeiten und Grillm\u00f6glichkeiten.<\/p>\n<p>Diese klimatisierte Unterkunft mit Meerblick verf\u00fcgt \u00fcber einen Flachbild-TV mit Kabelkan\u00e4len, eine Klimaanlage, einen Sitzbereich, einen Schreibtisch, 3 Schlafzimmer, ein Badezimmer mit einer Whirlpool-Badewanne, ein Badezimmer mit einer Dusche und ein zus\u00e4tzliches WC.<\/p>\n<p>Dieses Ferienhaus verf\u00fcgt \u00fcber einen Whirlpool und eine Terrasse und bietet Schnorchelm\u00f6glichkeiten in der N\u00e4he.<\/p>\n<p>Der n\u00e4chstgelegene Flughafen ist der Flughafen Palma de Mallorca, 40 km entfernt.<br \/>\nWir sprechen Ihre Sprache!<\/p>\n<p>&nbsp;<\/p>\n<p>PREIS F\u00dcR SOMMER 2022 PR\u00dcFEN<\/p>\n<p>&nbsp;<\/p>\n<p>Sobald Sie Ihre Unterkunftsbuchung abgeschlossen haben, k\u00f6nnen Sie eine breite Palette an personalisierten Premium-Dienstleistungen buchen, um Ihren Aufenthalt zu versch\u00f6nern, wie z. B.:<\/p>\n<p>Flughafen-Transport<\/p>\n<p>Internes Personal<\/p>\n<p>Lieferung von Lebensmitteln nach Hause<\/p>\n<p>K\u00fcchenchef und Catering im Haus<\/p>\n<p>Hubschrauber, Jets, Privatjachten<\/p>\n<p>Private gef\u00fchrte Tour<\/p>\n<p>Pers\u00f6nliche Trainer<\/p>\n<p>Sch\u00f6nheits- und Wellness-Therapeuten<\/p>","protected":false},"excerpt":{"rendered":"<p>La Luxury Villa First Line se encuentra a 200 metros de la playa de Cala Deia, en Deia, ofrece acceso directo a la playa y dispone de cocina. Esta casa proporciona WiFi gratuita y alberga instalaciones para deportes acu\u00e1ticos y una zona de barbacoa. Este alojamiento goza de vistas al mar y cuenta con TV [&hellip;]<\/p>","protected":false},"featured_media":0,"template":"","meta":[],"product_brand":[],"product_cat":[20],"product_tag":[],"class_list":{"0":"post-1891","1":"product","2":"type-product","3":"status-publish","5":"product_cat-listeo-booking","7":"first","8":"instock","9":"virtual","10":"sold-individually","11":"purchasable","12":"product-type-listing_booking"},"yoast_head":"<!-- This site is optimized with the Yoast SEO plugin v27.3 - https:\/\/yoast.com\/product\/yoast-seo-wordpress\/ -->\n<title>Lujosa villa primera linea mar Cala Deia - Balufy - The taste of Experience<\/title>\n<meta name=\"robots\" content=\"index, follow, max-snippet:-1, max-image-preview:large, max-video-preview:-1\" \/>\n<link rel=\"canonical\" href=\"https:\/\/balufy.com\/de\/produkt\/luxusvilla-erste-linie-meer-cala-deia\/\" \/>\n<meta property=\"og:locale\" content=\"de_DE\" \/>\n<meta property=\"og:type\" content=\"article\" \/>\n<meta property=\"og:title\" content=\"Lujosa villa primera linea mar Cala Deia - Balufy - The taste of Experience\" \/>\n<meta property=\"og:description\" content=\"La Luxury Villa First Line se encuentra a 200 metros de la playa de Cala Deia, en Deia, ofrece acceso directo a la playa y dispone de cocina. Esta casa proporciona WiFi gratuita y alberga instalaciones para deportes acu\u00e1ticos y una zona de barbacoa. Este alojamiento goza de vistas al mar y cuenta con TV [&hellip;]\" \/>\n<meta property=\"og:url\" content=\"https:\/\/balufy.com\/de\/produkt\/luxusvilla-erste-linie-meer-cala-deia\/\" \/>\n<meta property=\"og:site_name\" content=\"Balufy - The taste of Experience\" \/>\n<meta property=\"article:publisher\" content=\"https:\/\/www.facebook.com\/Balufy-102705001596047\" \/>\n<meta property=\"article:modified_time\" content=\"2025-04-02T14:51:39+00:00\" \/>\n<meta name=\"twitter:card\" content=\"summary_large_image\" \/>\n<meta name=\"twitter:label1\" content=\"Gesch\u00e4tzte Lesezeit\" \/>\n\t<meta name=\"twitter:data1\" content=\"1\u00a0Minute\" \/>\n<script type=\"application\/ld+json\" class=\"yoast-schema-graph\">{\"@context\":\"https:\\\/\\\/schema.org\",\"@graph\":[{\"@type\":\"WebPage\",\"@id\":\"https:\\\/\\\/balufy.com\\\/de\\\/produkt\\\/luxusvilla-erste-linie-meer-cala-deia\\\/\",\"url\":\"https:\\\/\\\/balufy.com\\\/de\\\/produkt\\\/luxusvilla-erste-linie-meer-cala-deia\\\/\",\"name\":\"Lujosa villa primera linea mar Cala Deia - Balufy - The taste of Experience\",\"isPartOf\":{\"@id\":\"https:\\\/\\\/balufy.com\\\/es\\\/#website\"},\"datePublished\":\"2021-08-31T08:35:25+00:00\",\"dateModified\":\"2025-04-02T14:51:39+00:00\",\"breadcrumb\":{\"@id\":\"https:\\\/\\\/balufy.com\\\/de\\\/produkt\\\/luxusvilla-erste-linie-meer-cala-deia\\\/#breadcrumb\"},\"inLanguage\":\"de\",\"potentialAction\":[{\"@type\":\"ReadAction\",\"target\":[\"https:\\\/\\\/balufy.com\\\/de\\\/produkt\\\/luxusvilla-erste-linie-meer-cala-deia\\\/\"]}]},{\"@type\":\"BreadcrumbList\",\"@id\":\"https:\\\/\\\/balufy.com\\\/de\\\/produkt\\\/luxusvilla-erste-linie-meer-cala-deia\\\/#breadcrumb\",\"itemListElement\":[{\"@type\":\"ListItem\",\"position\":1,\"name\":\"Portada\",\"item\":\"https:\\\/\\\/balufy.com\\\/\"},{\"@type\":\"ListItem\",\"position\":2,\"name\":\"Shop\",\"item\":\"https:\\\/\\\/balufy.com\\\/es\\\/shop\\\/\"},{\"@type\":\"ListItem\",\"position\":3,\"name\":\"Lujosa villa primera linea mar Cala Deia\"}]},{\"@type\":\"WebSite\",\"@id\":\"https:\\\/\\\/balufy.com\\\/es\\\/#website\",\"url\":\"https:\\\/\\\/balufy.com\\\/es\\\/\",\"name\":\"Balufy - Taste of experience\",\"description\":\"Balufy\",\"publisher\":{\"@id\":\"https:\\\/\\\/balufy.com\\\/es\\\/#organization\"},\"potentialAction\":[{\"@type\":\"SearchAction\",\"target\":{\"@type\":\"EntryPoint\",\"urlTemplate\":\"https:\\\/\\\/balufy.com\\\/es\\\/?s={search_term_string}\"},\"query-input\":{\"@type\":\"PropertyValueSpecification\",\"valueRequired\":true,\"valueName\":\"search_term_string\"}}],\"inLanguage\":\"de\"},{\"@type\":\"Organization\",\"@id\":\"https:\\\/\\\/balufy.com\\\/es\\\/#organization\",\"name\":\"Balufy\",\"url\":\"https:\\\/\\\/balufy.com\\\/es\\\/\",\"logo\":{\"@type\":\"ImageObject\",\"inLanguage\":\"de\",\"@id\":\"https:\\\/\\\/balufy.com\\\/es\\\/#\\\/schema\\\/logo\\\/image\\\/\",\"url\":\"https:\\\/\\\/balufy.com\\\/wp-content\\\/uploads\\\/2022\\\/06\\\/LOGO_PNG.png\",\"contentUrl\":\"https:\\\/\\\/balufy.com\\\/wp-content\\\/uploads\\\/2022\\\/06\\\/LOGO_PNG.png\",\"width\":1366,\"height\":768,\"caption\":\"Balufy\"},\"image\":{\"@id\":\"https:\\\/\\\/balufy.com\\\/es\\\/#\\\/schema\\\/logo\\\/image\\\/\"},\"sameAs\":[\"https:\\\/\\\/www.facebook.com\\\/Balufy-102705001596047\",\"https:\\\/\\\/www.instagram.com\\\/balufy_oficial\\\/\"]}]}<\/script>\n<!-- \/ Yoast SEO plugin. -->","yoast_head_json":{"title":"Luxusvilla direkt am Meer in Cala Deia - Balufy - The taste of Experience","robots":{"index":"index","follow":"follow","max-snippet":"max-snippet:-1","max-image-preview":"max-image-preview:large","max-video-preview":"max-video-preview:-1"},"canonical":"https:\/\/balufy.com\/de\/produkt\/luxusvilla-erste-linie-meer-cala-deia\/","og_locale":"de_DE","og_type":"article","og_title":"Lujosa villa primera linea mar Cala Deia - Balufy - The taste of Experience","og_description":"La Luxury Villa First Line se encuentra a 200 metros de la playa de Cala Deia, en Deia, ofrece acceso directo a la playa y dispone de cocina. Esta casa proporciona WiFi gratuita y alberga instalaciones para deportes acu\u00e1ticos y una zona de barbacoa. Este alojamiento goza de vistas al mar y cuenta con TV [&hellip;]","og_url":"https:\/\/balufy.com\/de\/produkt\/luxusvilla-erste-linie-meer-cala-deia\/","og_site_name":"Balufy - The taste of Experience","article_publisher":"https:\/\/www.facebook.com\/Balufy-102705001596047","article_modified_time":"2025-04-02T14:51:39+00:00","twitter_card":"summary_large_image","twitter_misc":{"Gesch\u00e4tzte Lesezeit":"1\u00a0Minute"},"schema":{"@context":"https:\/\/schema.org","@graph":[{"@type":"WebPage","@id":"https:\/\/balufy.com\/de\/produkt\/luxusvilla-erste-linie-meer-cala-deia\/","url":"https:\/\/balufy.com\/de\/produkt\/luxusvilla-erste-linie-meer-cala-deia\/","name":"Luxusvilla direkt am Meer in Cala Deia - Balufy - The taste of Experience","isPartOf":{"@id":"https:\/\/balufy.com\/es\/#website"},"datePublished":"2021-08-31T08:35:25+00:00","dateModified":"2025-04-02T14:51:39+00:00","breadcrumb":{"@id":"https:\/\/balufy.com\/de\/produkt\/luxusvilla-erste-linie-meer-cala-deia\/#breadcrumb"},"inLanguage":"de","potentialAction":[{"@type":"ReadAction","target":["https:\/\/balufy.com\/de\/produkt\/luxusvilla-erste-linie-meer-cala-deia\/"]}]},{"@type":"BreadcrumbList","@id":"https:\/\/balufy.com\/de\/produkt\/luxusvilla-erste-linie-meer-cala-deia\/#breadcrumb","itemListElement":[{"@type":"ListItem","position":1,"name":"Portada","item":"https:\/\/balufy.com\/"},{"@type":"ListItem","position":2,"name":"Shop","item":"https:\/\/balufy.com\/es\/shop\/"},{"@type":"ListItem","position":3,"name":"Lujosa villa primera linea mar Cala Deia"}]},{"@type":"WebSite","@id":"https:\/\/balufy.com\/es\/#website","url":"https:\/\/balufy.com\/es\/","name":"Balufy - Geschmack der Erfahrung","description":"Balufy","publisher":{"@id":"https:\/\/balufy.com\/es\/#organization"},"potentialAction":[{"@type":"SearchAction","target":{"@type":"EntryPoint","urlTemplate":"https:\/\/balufy.com\/es\/?s={search_term_string}"},"query-input":{"@type":"PropertyValueSpecification","valueRequired":true,"valueName":"search_term_string"}}],"inLanguage":"de"},{"@type":"Organization","@id":"https:\/\/balufy.com\/es\/#organization","name":"Balufy","url":"https:\/\/balufy.com\/es\/","logo":{"@type":"ImageObject","inLanguage":"de","@id":"https:\/\/balufy.com\/es\/#\/schema\/logo\/image\/","url":"https:\/\/balufy.com\/wp-content\/uploads\/2022\/06\/LOGO_PNG.png","contentUrl":"https:\/\/balufy.com\/wp-content\/uploads\/2022\/06\/LOGO_PNG.png","width":1366,"height":768,"caption":"Balufy"},"image":{"@id":"https:\/\/balufy.com\/es\/#\/schema\/logo\/image\/"},"sameAs":["https:\/\/www.facebook.com\/Balufy-102705001596047","https:\/\/www.instagram.com\/balufy_oficial\/"]}]}},"_links":{"self":[{"href":"https:\/\/balufy.com\/de\/wp-json\/wp\/v2\/product\/1891","targetHints":{"allow":["GET"]}}],"collection":[{"href":"https:\/\/balufy.com\/de\/wp-json\/wp\/v2\/product"}],"about":[{"href":"https:\/\/balufy.com\/de\/wp-json\/wp\/v2\/types\/product"}],"version-history":[{"count":0,"href":"https:\/\/balufy.com\/de\/wp-json\/wp\/v2\/product\/1891\/revisions"}],"wp:attachment":[{"href":"https:\/\/balufy.com\/de\/wp-json\/wp\/v2\/media?parent=1891"}],"wp:term":[{"taxonomy":"product_brand","embeddable":true,"href":"https:\/\/balufy.com\/de\/wp-json\/wp\/v2\/product_brand?post=1891"},{"taxonomy":"product_cat","embeddable":true,"href":"https:\/\/balufy.com\/de\/wp-json\/wp\/v2\/product_cat?post=1891"},{"taxonomy":"product_tag","embeddable":true,"href":"https:\/\/balufy.com\/de\/wp-json\/wp\/v2\/product_tag?post=1891"}],"curies":[{"name":"wp","href":"https:\/\/api.w.org\/{rel}","templated":true}]}}