{"id":1947,"date":"2021-09-05T09:38:59","date_gmt":"2021-09-05T07:38:59","guid":{"rendered":"https:\/\/balufy.com\/product\/puro-beach-palma\/"},"modified":"2025-04-02T17:26:41","modified_gmt":"2025-04-02T15:26:41","slug":"pure-beach-palma","status":"publish","type":"product","link":"https:\/\/balufy.com\/de\/produkt\/pure-beach-palma\/","title":{"rendered":"Puro Strand Palma"},"content":{"rendered":"<p><strong>STRANDCLUB IN PALMA DE MALLORCA<\/strong><br \/>\nAls Ikone des Wohlbefindens und der Geselligkeit ist unser erster Purobeach (er\u00f6ffnet im Juni 2005) ein privilegierter Ort am Meer auf Mallorca. Eine kleine Halbinsel mit 180\u00b0 Meerblick. Purobeach \"Oasis del Mar\" ist eine Begegnung zwischen dem Mittelmeer und einem konzeptionellen Lebensstil mit Lounge, Terrasse, Schwimmbad, Restaurant und Wellness-Behandlungen.<\/p>\n<p>Ein Ort, an dem sich Tag und Nacht treffen und an dem Sie eine Erfahrung machen k\u00f6nnen, die von unseren G\u00e4sten als \"eine Oase des Gl\u00fccks\" bezeichnet wird. Lassen Sie Ihren K\u00f6rper in eine bequeme H\u00e4ngematte fallen, entspannen Sie sich bei einer Massage am Meer, k\u00fchlen Sie sich bei einem Cocktail in unserem Pool ab und genie\u00dfen Sie unsere kosmopolitische K\u00fcche, die Aromen aus aller Welt vereint.<\/p>\n<p><strong>POOL<\/strong><br \/>\nMIT BLICK AUF DAS MITTELMEER<br \/>\nTauchen Sie ein in ein erfrischendes Erlebnis der Empfindungen in unserem Lavapool, wo Sie von Puro Music begleitet werden, w\u00e4hrend sich Ihr Blick im Wasser des Mittelmeers verliert. Die Buchung der H\u00e4ngematte beinhaltet ein Handtuch und ein Willkommenstablett mit frischem Obst, Mineralwasser, After Sun und Smoothie.<\/p>\n<p><strong>RESTAURANT<\/strong><br \/>\nAROMEN DER WELT<br \/>\nUnsere K\u00fcche, die aus der Verschmelzung von Weltkulturen und deren aufregenden Aromen und Farben entstanden ist, vereint Einfl\u00fcsse aus Miami, Marrakesch und Melbourne. Gesund, schmackhaft und mit biologischen Zutaten zubereitet, soll sie jeden Gaumen zufriedenstellen.<\/p>\n<p><strong>WELLNESS-ZONE<\/strong><br \/>\nINNERER FRIEDEN<br \/>\nSchlie\u00dfen Sie die Augen. Lassen Sie Ihren K\u00f6rper im Schatten eines wei\u00dfen Haimas ausruhen, w\u00e4hrend die Meeresbrise Sie streichelt und jede Zelle Ihrer Haut mit unseren Wellness-Behandlungen repariert wird.<\/p>\n<p><strong>TERRASSEN-BAR<\/strong><br \/>\nF\u00dcHLEN SIE DAS MITTELMEER<br \/>\nErleben Sie, wie die Sonne im Rhythmus der Puro-Musik am Horizont verschwindet und mit einer Lichtexplosion, die unseren Beach Club in goldene Momente taucht, im Himmel verschwindet... Ein #puro-Erlebnis, das Sie nicht vergessen werden!<\/p>\n<p><strong>OASIS ROOFTOP<\/strong><br \/>\nDIE BESTEN AUSSICHTEN<br \/>\nDer neue Bereich unseres Beachclubs bietet Ihnen Ruhe und Entspannung in privilegierter Lage: Von unserem Oasis Rooftop aus haben Sie einen Panoramablick auf das kristallklare Wasser des Mittelmeers!<\/p>\n<p><strong>SHOP<\/strong><br \/>\nMODE, ACCESSOIRES UND MUSIK<br \/>\nDenn wir wissen, dass die besten Geschenke Erlebnisse sind... Finden Sie das perfekte Souvenir f\u00fcr Ihr #puro-Erlebnis in unserem Puro-Shop!<\/p>","protected":false},"excerpt":{"rendered":"<p>BEACH CLUB EN PALMA DE MALLORCA Icono del bienestar y de la sociabilidad, nuestro primer Purobeach (abierto en Junio del 2005) es un lugar privilegiado junto al mar en Mallorca. Una peque\u00f1a pen\u00ednsula con unas vistas al mar de 180\u00b0. Purobeach \u201cOasis del Mar\u201d es un encuentro entre el Mediterr\u00e1neo y un estilo de vida [&hellip;]<\/p>","protected":false},"featured_media":0,"template":"","meta":[],"product_brand":[],"product_cat":[20],"product_tag":[],"class_list":{"0":"post-1947","1":"product","2":"type-product","3":"status-publish","5":"product_cat-listeo-booking","7":"first","8":"instock","9":"virtual","10":"sold-individually","11":"purchasable","12":"product-type-listing_booking"},"yoast_head":"<!-- This site is optimized with the Yoast SEO plugin v27.3 - https:\/\/yoast.com\/product\/yoast-seo-wordpress\/ -->\n<title>Puro Beach Palma - Balufy - The taste of Experience<\/title>\n<meta name=\"robots\" content=\"index, follow, max-snippet:-1, max-image-preview:large, max-video-preview:-1\" \/>\n<link rel=\"canonical\" href=\"https:\/\/balufy.com\/de\/produkt\/pure-beach-palma\/\" \/>\n<meta property=\"og:locale\" content=\"de_DE\" \/>\n<meta property=\"og:type\" content=\"article\" \/>\n<meta property=\"og:title\" content=\"Puro Beach Palma - Balufy - The taste of Experience\" \/>\n<meta property=\"og:description\" content=\"BEACH CLUB EN PALMA DE MALLORCA Icono del bienestar y de la sociabilidad, nuestro primer Purobeach (abierto en Junio del 2005) es un lugar privilegiado junto al mar en Mallorca. Una peque\u00f1a pen\u00ednsula con unas vistas al mar de 180\u00b0. Purobeach \u201cOasis del Mar\u201d es un encuentro entre el Mediterr\u00e1neo y un estilo de vida [&hellip;]\" \/>\n<meta property=\"og:url\" content=\"https:\/\/balufy.com\/de\/produkt\/pure-beach-palma\/\" \/>\n<meta property=\"og:site_name\" content=\"Balufy - The taste of Experience\" \/>\n<meta property=\"article:publisher\" content=\"https:\/\/www.facebook.com\/Balufy-102705001596047\" \/>\n<meta property=\"article:modified_time\" content=\"2025-04-02T15:26:41+00:00\" \/>\n<meta name=\"twitter:card\" content=\"summary_large_image\" \/>\n<meta name=\"twitter:label1\" content=\"Gesch\u00e4tzte Lesezeit\" \/>\n\t<meta name=\"twitter:data1\" content=\"2\u00a0Minuten\" \/>\n<script type=\"application\/ld+json\" class=\"yoast-schema-graph\">{\"@context\":\"https:\\\/\\\/schema.org\",\"@graph\":[{\"@type\":\"WebPage\",\"@id\":\"https:\\\/\\\/balufy.com\\\/en\\\/product\\\/pure-beach-palma\\\/\",\"url\":\"https:\\\/\\\/balufy.com\\\/en\\\/product\\\/pure-beach-palma\\\/\",\"name\":\"Puro Beach Palma - Balufy - The taste of Experience\",\"isPartOf\":{\"@id\":\"https:\\\/\\\/balufy.com\\\/es\\\/#website\"},\"datePublished\":\"2021-09-05T07:38:59+00:00\",\"dateModified\":\"2025-04-02T15:26:41+00:00\",\"breadcrumb\":{\"@id\":\"https:\\\/\\\/balufy.com\\\/en\\\/product\\\/pure-beach-palma\\\/#breadcrumb\"},\"inLanguage\":\"de\",\"potentialAction\":[{\"@type\":\"ReadAction\",\"target\":[\"https:\\\/\\\/balufy.com\\\/en\\\/product\\\/pure-beach-palma\\\/\"]}]},{\"@type\":\"BreadcrumbList\",\"@id\":\"https:\\\/\\\/balufy.com\\\/en\\\/product\\\/pure-beach-palma\\\/#breadcrumb\",\"itemListElement\":[{\"@type\":\"ListItem\",\"position\":1,\"name\":\"Portada\",\"item\":\"https:\\\/\\\/balufy.com\\\/\"},{\"@type\":\"ListItem\",\"position\":2,\"name\":\"Shop\",\"item\":\"https:\\\/\\\/balufy.com\\\/es\\\/shop\\\/\"},{\"@type\":\"ListItem\",\"position\":3,\"name\":\"Puro Beach Palma\"}]},{\"@type\":\"WebSite\",\"@id\":\"https:\\\/\\\/balufy.com\\\/es\\\/#website\",\"url\":\"https:\\\/\\\/balufy.com\\\/es\\\/\",\"name\":\"Balufy - Taste of experience\",\"description\":\"Balufy\",\"publisher\":{\"@id\":\"https:\\\/\\\/balufy.com\\\/es\\\/#organization\"},\"potentialAction\":[{\"@type\":\"SearchAction\",\"target\":{\"@type\":\"EntryPoint\",\"urlTemplate\":\"https:\\\/\\\/balufy.com\\\/es\\\/?s={search_term_string}\"},\"query-input\":{\"@type\":\"PropertyValueSpecification\",\"valueRequired\":true,\"valueName\":\"search_term_string\"}}],\"inLanguage\":\"de\"},{\"@type\":\"Organization\",\"@id\":\"https:\\\/\\\/balufy.com\\\/es\\\/#organization\",\"name\":\"Balufy\",\"url\":\"https:\\\/\\\/balufy.com\\\/es\\\/\",\"logo\":{\"@type\":\"ImageObject\",\"inLanguage\":\"de\",\"@id\":\"https:\\\/\\\/balufy.com\\\/es\\\/#\\\/schema\\\/logo\\\/image\\\/\",\"url\":\"https:\\\/\\\/balufy.com\\\/wp-content\\\/uploads\\\/2022\\\/06\\\/LOGO_PNG.png\",\"contentUrl\":\"https:\\\/\\\/balufy.com\\\/wp-content\\\/uploads\\\/2022\\\/06\\\/LOGO_PNG.png\",\"width\":1366,\"height\":768,\"caption\":\"Balufy\"},\"image\":{\"@id\":\"https:\\\/\\\/balufy.com\\\/es\\\/#\\\/schema\\\/logo\\\/image\\\/\"},\"sameAs\":[\"https:\\\/\\\/www.facebook.com\\\/Balufy-102705001596047\",\"https:\\\/\\\/www.instagram.com\\\/balufy_oficial\\\/\"]}]}<\/script>\n<!-- \/ Yoast SEO plugin. -->","yoast_head_json":{"title":"Puro Beach Palma - Balufy - Der Geschmack der Erfahrung","robots":{"index":"index","follow":"follow","max-snippet":"max-snippet:-1","max-image-preview":"max-image-preview:large","max-video-preview":"max-video-preview:-1"},"canonical":"https:\/\/balufy.com\/de\/produkt\/pure-beach-palma\/","og_locale":"de_DE","og_type":"article","og_title":"Puro Beach Palma - Balufy - The taste of Experience","og_description":"BEACH CLUB EN PALMA DE MALLORCA Icono del bienestar y de la sociabilidad, nuestro primer Purobeach (abierto en Junio del 2005) es un lugar privilegiado junto al mar en Mallorca. Una peque\u00f1a pen\u00ednsula con unas vistas al mar de 180\u00b0. Purobeach \u201cOasis del Mar\u201d es un encuentro entre el Mediterr\u00e1neo y un estilo de vida [&hellip;]","og_url":"https:\/\/balufy.com\/de\/produkt\/pure-beach-palma\/","og_site_name":"Balufy - The taste of Experience","article_publisher":"https:\/\/www.facebook.com\/Balufy-102705001596047","article_modified_time":"2025-04-02T15:26:41+00:00","twitter_card":"summary_large_image","twitter_misc":{"Gesch\u00e4tzte Lesezeit":"2\u00a0Minuten"},"schema":{"@context":"https:\/\/schema.org","@graph":[{"@type":"WebPage","@id":"https:\/\/balufy.com\/en\/product\/pure-beach-palma\/","url":"https:\/\/balufy.com\/en\/product\/pure-beach-palma\/","name":"Puro Beach Palma - Balufy - Der Geschmack der Erfahrung","isPartOf":{"@id":"https:\/\/balufy.com\/es\/#website"},"datePublished":"2021-09-05T07:38:59+00:00","dateModified":"2025-04-02T15:26:41+00:00","breadcrumb":{"@id":"https:\/\/balufy.com\/en\/product\/pure-beach-palma\/#breadcrumb"},"inLanguage":"de","potentialAction":[{"@type":"ReadAction","target":["https:\/\/balufy.com\/en\/product\/pure-beach-palma\/"]}]},{"@type":"BreadcrumbList","@id":"https:\/\/balufy.com\/en\/product\/pure-beach-palma\/#breadcrumb","itemListElement":[{"@type":"ListItem","position":1,"name":"Portada","item":"https:\/\/balufy.com\/"},{"@type":"ListItem","position":2,"name":"Shop","item":"https:\/\/balufy.com\/es\/shop\/"},{"@type":"ListItem","position":3,"name":"Puro Beach Palma"}]},{"@type":"WebSite","@id":"https:\/\/balufy.com\/es\/#website","url":"https:\/\/balufy.com\/es\/","name":"Balufy - Geschmack der Erfahrung","description":"Balufy","publisher":{"@id":"https:\/\/balufy.com\/es\/#organization"},"potentialAction":[{"@type":"SearchAction","target":{"@type":"EntryPoint","urlTemplate":"https:\/\/balufy.com\/es\/?s={search_term_string}"},"query-input":{"@type":"PropertyValueSpecification","valueRequired":true,"valueName":"search_term_string"}}],"inLanguage":"de"},{"@type":"Organization","@id":"https:\/\/balufy.com\/es\/#organization","name":"Balufy","url":"https:\/\/balufy.com\/es\/","logo":{"@type":"ImageObject","inLanguage":"de","@id":"https:\/\/balufy.com\/es\/#\/schema\/logo\/image\/","url":"https:\/\/balufy.com\/wp-content\/uploads\/2022\/06\/LOGO_PNG.png","contentUrl":"https:\/\/balufy.com\/wp-content\/uploads\/2022\/06\/LOGO_PNG.png","width":1366,"height":768,"caption":"Balufy"},"image":{"@id":"https:\/\/balufy.com\/es\/#\/schema\/logo\/image\/"},"sameAs":["https:\/\/www.facebook.com\/Balufy-102705001596047","https:\/\/www.instagram.com\/balufy_oficial\/"]}]}},"_links":{"self":[{"href":"https:\/\/balufy.com\/de\/wp-json\/wp\/v2\/product\/1947","targetHints":{"allow":["GET"]}}],"collection":[{"href":"https:\/\/balufy.com\/de\/wp-json\/wp\/v2\/product"}],"about":[{"href":"https:\/\/balufy.com\/de\/wp-json\/wp\/v2\/types\/product"}],"version-history":[{"count":0,"href":"https:\/\/balufy.com\/de\/wp-json\/wp\/v2\/product\/1947\/revisions"}],"wp:attachment":[{"href":"https:\/\/balufy.com\/de\/wp-json\/wp\/v2\/media?parent=1947"}],"wp:term":[{"taxonomy":"product_brand","embeddable":true,"href":"https:\/\/balufy.com\/de\/wp-json\/wp\/v2\/product_brand?post=1947"},{"taxonomy":"product_cat","embeddable":true,"href":"https:\/\/balufy.com\/de\/wp-json\/wp\/v2\/product_cat?post=1947"},{"taxonomy":"product_tag","embeddable":true,"href":"https:\/\/balufy.com\/de\/wp-json\/wp\/v2\/product_tag?post=1947"}],"curies":[{"name":"wp","href":"https:\/\/api.w.org\/{rel}","templated":true}]}}