{"id":2208,"date":"2021-09-17T11:35:55","date_gmt":"2021-09-17T09:35:55","guid":{"rendered":"https:\/\/balufy.com\/product\/finca-rull\/"},"modified":"2025-04-02T16:42:28","modified_gmt":"2025-04-02T14:42:28","slug":"rumpelkammer","status":"publish","type":"product","link":"https:\/\/balufy.com\/de\/produkt\/rumpelkammer\/","title":{"rendered":"Gut Rull"},"content":{"rendered":"<p>Die Finca befindet sich auf einem 42.000 m\u00b2 gro\u00dfen Hanggrundst\u00fcck mit spektakul\u00e4rem Meerblick, umgeben von B\u00e4umen, Str\u00e4uchern und Palmen.<\/p>\n<p>Das Haus hat 2 Etagen, im Erdgeschoss gibt es 2 Schlafzimmer, 2 B\u00e4der, 1 Toilette und ein Wohnzimmer mit Sitzecke. Neben dem Eingang, neben dem Schwimmbad, finden Sie unter einer \u00fcberdachten Terrasse, den Billardtisch und den Fu\u00dfballtisch.<\/p>\n<p>Der Hauptwohnbereich befindet sich im Obergeschoss, es gibt ein Wohn-\/Esszimmer mit Sat-TV, CD- und DVD-Player, Klavier, Stereoanlage und einem Esstisch. Vom Essbereich aus gelangt man in die voll ausgestattete K\u00fcche mit Geschirrsp\u00fcler, Mikrowelle, Kaffeemaschine, Gasherd, T\u00f6pfen und Pfannen, Geschirr, Essecke, etc. Von der K\u00fcche aus gelangt man auf die teilweise \u00fcberdachte Terrasse mit Esstisch und spektakul\u00e4rem Blick \u00fcber den Pool und hinunter zum Meer. Au\u00dferdem gibt es im Obergeschoss 4 Schlafzimmer und 4 B\u00e4der. Die Finca hat Zentralheizung.<\/p>\n<p>Drau\u00dfen gibt es einen gro\u00dfen Swimmingpool von 12 \u00d7 5,5 m, eine Au\u00dfendusche, Liegest\u00fchle, Grillplatz und eine Liegewiese. Von der Poolterrasse hat man einen sch\u00f6nen Blick auf das Meer.<\/p>\n<p>Die Finca ist auch ideal f\u00fcr mehrere Familien und Gruppen von bis zu 12 Personen.<\/p>","protected":false},"excerpt":{"rendered":"<p>La finca se encuentra en una gran propiedad de una ladera de 42,000 m\u00b2 con espectaculares vistas al mar, rodeada de \u00e1rboles, arbustos y palmeras. La casa tiene 2 plantas, en la planta baja hay 2 dormitorios, 2 ba\u00f1os, 1 aseo y una sala de estar con zona de estar. Junto a la entrada, junto [&hellip;]<\/p>","protected":false},"featured_media":0,"template":"","meta":[],"product_brand":[],"product_cat":[20],"product_tag":[],"class_list":{"0":"post-2208","1":"product","2":"type-product","3":"status-publish","5":"product_cat-listeo-booking","7":"first","8":"instock","9":"virtual","10":"sold-individually","11":"purchasable","12":"product-type-listing_booking"},"yoast_head":"<!-- This site is optimized with the Yoast SEO plugin v27.3 - https:\/\/yoast.com\/product\/yoast-seo-wordpress\/ -->\n<title>Finca Rull - Balufy - The taste of Experience<\/title>\n<meta name=\"robots\" content=\"index, follow, max-snippet:-1, max-image-preview:large, max-video-preview:-1\" \/>\n<link rel=\"canonical\" href=\"https:\/\/balufy.com\/de\/produkt\/rumpelkammer\/\" \/>\n<meta property=\"og:locale\" content=\"de_DE\" \/>\n<meta property=\"og:type\" content=\"article\" \/>\n<meta property=\"og:title\" content=\"Finca Rull - Balufy - The taste of Experience\" \/>\n<meta property=\"og:description\" content=\"La finca se encuentra en una gran propiedad de una ladera de 42,000 m\u00b2 con espectaculares vistas al mar, rodeada de \u00e1rboles, arbustos y palmeras. La casa tiene 2 plantas, en la planta baja hay 2 dormitorios, 2 ba\u00f1os, 1 aseo y una sala de estar con zona de estar. Junto a la entrada, junto [&hellip;]\" \/>\n<meta property=\"og:url\" content=\"https:\/\/balufy.com\/de\/produkt\/rumpelkammer\/\" \/>\n<meta property=\"og:site_name\" content=\"Balufy - The taste of Experience\" \/>\n<meta property=\"article:publisher\" content=\"https:\/\/www.facebook.com\/Balufy-102705001596047\" \/>\n<meta property=\"article:modified_time\" content=\"2025-04-02T14:42:28+00:00\" \/>\n<meta name=\"twitter:card\" content=\"summary_large_image\" \/>\n<meta name=\"twitter:label1\" content=\"Gesch\u00e4tzte Lesezeit\" \/>\n\t<meta name=\"twitter:data1\" content=\"1\u00a0Minute\" \/>\n<script type=\"application\/ld+json\" class=\"yoast-schema-graph\">{\"@context\":\"https:\\\/\\\/schema.org\",\"@graph\":[{\"@type\":\"WebPage\",\"@id\":\"https:\\\/\\\/balufy.com\\\/en\\\/product\\\/rull-estate\\\/\",\"url\":\"https:\\\/\\\/balufy.com\\\/en\\\/product\\\/rull-estate\\\/\",\"name\":\"Finca Rull - Balufy - The taste of Experience\",\"isPartOf\":{\"@id\":\"https:\\\/\\\/balufy.com\\\/es\\\/#website\"},\"datePublished\":\"2021-09-17T09:35:55+00:00\",\"dateModified\":\"2025-04-02T14:42:28+00:00\",\"breadcrumb\":{\"@id\":\"https:\\\/\\\/balufy.com\\\/en\\\/product\\\/rull-estate\\\/#breadcrumb\"},\"inLanguage\":\"de\",\"potentialAction\":[{\"@type\":\"ReadAction\",\"target\":[\"https:\\\/\\\/balufy.com\\\/en\\\/product\\\/rull-estate\\\/\"]}]},{\"@type\":\"BreadcrumbList\",\"@id\":\"https:\\\/\\\/balufy.com\\\/en\\\/product\\\/rull-estate\\\/#breadcrumb\",\"itemListElement\":[{\"@type\":\"ListItem\",\"position\":1,\"name\":\"Portada\",\"item\":\"https:\\\/\\\/balufy.com\\\/\"},{\"@type\":\"ListItem\",\"position\":2,\"name\":\"Shop\",\"item\":\"https:\\\/\\\/balufy.com\\\/es\\\/shop\\\/\"},{\"@type\":\"ListItem\",\"position\":3,\"name\":\"Finca Rull\"}]},{\"@type\":\"WebSite\",\"@id\":\"https:\\\/\\\/balufy.com\\\/es\\\/#website\",\"url\":\"https:\\\/\\\/balufy.com\\\/es\\\/\",\"name\":\"Balufy - Taste of experience\",\"description\":\"Balufy\",\"publisher\":{\"@id\":\"https:\\\/\\\/balufy.com\\\/es\\\/#organization\"},\"potentialAction\":[{\"@type\":\"SearchAction\",\"target\":{\"@type\":\"EntryPoint\",\"urlTemplate\":\"https:\\\/\\\/balufy.com\\\/es\\\/?s={search_term_string}\"},\"query-input\":{\"@type\":\"PropertyValueSpecification\",\"valueRequired\":true,\"valueName\":\"search_term_string\"}}],\"inLanguage\":\"de\"},{\"@type\":\"Organization\",\"@id\":\"https:\\\/\\\/balufy.com\\\/es\\\/#organization\",\"name\":\"Balufy\",\"url\":\"https:\\\/\\\/balufy.com\\\/es\\\/\",\"logo\":{\"@type\":\"ImageObject\",\"inLanguage\":\"de\",\"@id\":\"https:\\\/\\\/balufy.com\\\/es\\\/#\\\/schema\\\/logo\\\/image\\\/\",\"url\":\"https:\\\/\\\/balufy.com\\\/wp-content\\\/uploads\\\/2022\\\/06\\\/LOGO_PNG.png\",\"contentUrl\":\"https:\\\/\\\/balufy.com\\\/wp-content\\\/uploads\\\/2022\\\/06\\\/LOGO_PNG.png\",\"width\":1366,\"height\":768,\"caption\":\"Balufy\"},\"image\":{\"@id\":\"https:\\\/\\\/balufy.com\\\/es\\\/#\\\/schema\\\/logo\\\/image\\\/\"},\"sameAs\":[\"https:\\\/\\\/www.facebook.com\\\/Balufy-102705001596047\",\"https:\\\/\\\/www.instagram.com\\\/balufy_oficial\\\/\"]}]}<\/script>\n<!-- \/ Yoast SEO plugin. -->","yoast_head_json":{"title":"Finca Rull - Balufy - Der Geschmack der Erfahrung","robots":{"index":"index","follow":"follow","max-snippet":"max-snippet:-1","max-image-preview":"max-image-preview:large","max-video-preview":"max-video-preview:-1"},"canonical":"https:\/\/balufy.com\/de\/produkt\/rumpelkammer\/","og_locale":"de_DE","og_type":"article","og_title":"Finca Rull - Balufy - The taste of Experience","og_description":"La finca se encuentra en una gran propiedad de una ladera de 42,000 m\u00b2 con espectaculares vistas al mar, rodeada de \u00e1rboles, arbustos y palmeras. La casa tiene 2 plantas, en la planta baja hay 2 dormitorios, 2 ba\u00f1os, 1 aseo y una sala de estar con zona de estar. Junto a la entrada, junto [&hellip;]","og_url":"https:\/\/balufy.com\/de\/produkt\/rumpelkammer\/","og_site_name":"Balufy - The taste of Experience","article_publisher":"https:\/\/www.facebook.com\/Balufy-102705001596047","article_modified_time":"2025-04-02T14:42:28+00:00","twitter_card":"summary_large_image","twitter_misc":{"Gesch\u00e4tzte Lesezeit":"1\u00a0Minute"},"schema":{"@context":"https:\/\/schema.org","@graph":[{"@type":"WebPage","@id":"https:\/\/balufy.com\/en\/product\/rull-estate\/","url":"https:\/\/balufy.com\/en\/product\/rull-estate\/","name":"Finca Rull - Balufy - Der Geschmack der Erfahrung","isPartOf":{"@id":"https:\/\/balufy.com\/es\/#website"},"datePublished":"2021-09-17T09:35:55+00:00","dateModified":"2025-04-02T14:42:28+00:00","breadcrumb":{"@id":"https:\/\/balufy.com\/en\/product\/rull-estate\/#breadcrumb"},"inLanguage":"de","potentialAction":[{"@type":"ReadAction","target":["https:\/\/balufy.com\/en\/product\/rull-estate\/"]}]},{"@type":"BreadcrumbList","@id":"https:\/\/balufy.com\/en\/product\/rull-estate\/#breadcrumb","itemListElement":[{"@type":"ListItem","position":1,"name":"Portada","item":"https:\/\/balufy.com\/"},{"@type":"ListItem","position":2,"name":"Shop","item":"https:\/\/balufy.com\/es\/shop\/"},{"@type":"ListItem","position":3,"name":"Finca Rull"}]},{"@type":"WebSite","@id":"https:\/\/balufy.com\/es\/#website","url":"https:\/\/balufy.com\/es\/","name":"Balufy - Geschmack der Erfahrung","description":"Balufy","publisher":{"@id":"https:\/\/balufy.com\/es\/#organization"},"potentialAction":[{"@type":"SearchAction","target":{"@type":"EntryPoint","urlTemplate":"https:\/\/balufy.com\/es\/?s={search_term_string}"},"query-input":{"@type":"PropertyValueSpecification","valueRequired":true,"valueName":"search_term_string"}}],"inLanguage":"de"},{"@type":"Organization","@id":"https:\/\/balufy.com\/es\/#organization","name":"Balufy","url":"https:\/\/balufy.com\/es\/","logo":{"@type":"ImageObject","inLanguage":"de","@id":"https:\/\/balufy.com\/es\/#\/schema\/logo\/image\/","url":"https:\/\/balufy.com\/wp-content\/uploads\/2022\/06\/LOGO_PNG.png","contentUrl":"https:\/\/balufy.com\/wp-content\/uploads\/2022\/06\/LOGO_PNG.png","width":1366,"height":768,"caption":"Balufy"},"image":{"@id":"https:\/\/balufy.com\/es\/#\/schema\/logo\/image\/"},"sameAs":["https:\/\/www.facebook.com\/Balufy-102705001596047","https:\/\/www.instagram.com\/balufy_oficial\/"]}]}},"_links":{"self":[{"href":"https:\/\/balufy.com\/de\/wp-json\/wp\/v2\/product\/2208","targetHints":{"allow":["GET"]}}],"collection":[{"href":"https:\/\/balufy.com\/de\/wp-json\/wp\/v2\/product"}],"about":[{"href":"https:\/\/balufy.com\/de\/wp-json\/wp\/v2\/types\/product"}],"version-history":[{"count":0,"href":"https:\/\/balufy.com\/de\/wp-json\/wp\/v2\/product\/2208\/revisions"}],"wp:attachment":[{"href":"https:\/\/balufy.com\/de\/wp-json\/wp\/v2\/media?parent=2208"}],"wp:term":[{"taxonomy":"product_brand","embeddable":true,"href":"https:\/\/balufy.com\/de\/wp-json\/wp\/v2\/product_brand?post=2208"},{"taxonomy":"product_cat","embeddable":true,"href":"https:\/\/balufy.com\/de\/wp-json\/wp\/v2\/product_cat?post=2208"},{"taxonomy":"product_tag","embeddable":true,"href":"https:\/\/balufy.com\/de\/wp-json\/wp\/v2\/product_tag?post=2208"}],"curies":[{"name":"wp","href":"https:\/\/api.w.org\/{rel}","templated":true}]}}