{"id":2509,"date":"2022-09-05T23:12:14","date_gmt":"2022-09-05T21:12:14","guid":{"rendered":"https:\/\/balufy.com\/product\/go-beach-club-barcelona\/"},"modified":"2025-04-02T17:20:13","modified_gmt":"2025-04-02T15:20:13","slug":"go-beach-club-barcelona","status":"publish","type":"product","link":"https:\/\/balufy.com\/de\/produkt\/go-beach-club-barcelona\/","title":{"rendered":"GO Beach Club Barcelona"},"content":{"rendered":"<p><strong>DAS BEACH CLUB ERLEBNIS<\/strong><\/p>\n<p>Willkommen in einem gro\u00dfartigen multifunktionalen Raum, der sich \u00fcber vier Etagen erstreckt, zwei au\u00dfen und zwei innen. Sie k\u00f6nnen alle zusammen oder einzeln genutzt werden.<br \/>\nSeine minimalistische Architektur basiert auf Wei\u00df-, Ecru- und Blaut\u00f6nen und schafft eine organische Identit\u00e4t, die typisch f\u00fcr jede Mittelmeerinsel ist. Mit seiner privilegierten Lage direkt am Meer und seinem atemberaubenden Blick ist der GO Beach Club das ganze Jahr \u00fcber der ideale Ort f\u00fcr die Organisation von Veranstaltungen jeder Art.<\/p>\n<p><strong>H\u00c4NGEMATTENSOFAS &amp; BALINESEN<\/strong><br \/>\nGenie\u00dfen Sie die Sonne an einem Ort mit der besten Aussicht, Live-Musik, Schwimmbad und dem besten Service. Bei GO Beach garantieren wir Ihnen den maximalen Komfort, damit Sie das Erlebnis genie\u00dfen k\u00f6nnen. Die exklusive Atmosph\u00e4re und der Service bis ins kleinste Detail werden Ihren Besuch zu einem unvergesslichen Tag machen. Es ist ideal, um abzuschalten oder ihn mit Ihrem Partner oder Freunden zu teilen. Jeden Tag in der Woche erwarten wir Sie, um mit Ihnen die sch\u00f6nsten Momente des Sommers zu genie\u00dfen. Wir bieten Ihnen die M\u00f6glichkeit, Ihre BALINESA, SOFA oder HAMACA zu buchen, mit dem Service von Handt\u00fcchern, Schlie\u00dff\u00e4chern und Zugang zu Umkleider\u00e4umen. Genie\u00dfen Sie die Erfahrung des Beachclubs.<\/p>\n<p><strong>SCHWIMMPOLEXKLUSIVER ZUGANG<\/strong><br \/>\nDer Zugang zum Schwimmbad ist exklusiv, wenn Sie einen der Beach Club-Pl\u00e4tze buchen. Ein S\u00fc\u00dfwassertauchgang, umgeben von einem mediterranen Ambiente und mit bestem Blick auf das Meer. Eine ausgezeichnete Gelegenheit, sich in der Sonne abzuk\u00fchlen und das Erlebnis auf eine einzigartige und besondere Weise zu erleben.<\/p>\n<p><strong>SNACKS&amp;VORSPEISEN<\/strong><br \/>\nEine Auswahl an frischen und leichten Gerichten ist ideal, um Ihre sch\u00f6nsten Momente im GO BEACH zu genie\u00dfen. Wir haben ein Men\u00fc entworfen und konzipiert, das Sie mit Ihrer Lieblingsflasche, Shisha oder Cocktail genie\u00dfen k\u00f6nnen.<\/p>\n<p><strong>SERVICEFLASCHENBAR, SHISHAS &amp; COCKTAILS<\/strong><br \/>\nWir haben den besten Service an Basis- und Premium-Flaschen f\u00fcr Ihren Tisch. Eine gro\u00dfe Auswahl an Shishas Geschmacksrichtungen und die beste Auswahl an Cocktails sind die perfekte Kombination, um Ihren Tag bei uns besonders zu machen. Sie k\u00f6nnen die Dienstleistungen, die Sie w\u00fcnschen, kombinieren und ein komplettes Erlebnis genie\u00dfen, um alle Annehmlichkeiten zu f\u00fchlen, die GO BEACH zu bieten hat.<\/p>","protected":false},"excerpt":{"rendered":"<p>THE BEACH CLUB EXPERIENCE Willkommen in einem gro\u00dfartigen multifunktionalen Raum, der sich \u00fcber vier Etagen erstreckt, zwei Au\u00dfen- und zwei Innenetagen. Sie k\u00f6nnen alle zusammen oder einzeln genutzt werden. Seine minimalistische Architektur basiert auf Wei\u00df-, Ecru- und Blaut\u00f6nen, die eine organische Identit\u00e4t schaffen, die typisch f\u00fcr jede Mittelmeerinsel ist. Mit einer privilegierten Lage [...]<\/p>","protected":false},"featured_media":0,"template":"","meta":[],"product_brand":[],"product_cat":[20],"product_tag":[],"class_list":{"0":"post-2509","1":"product","2":"type-product","3":"status-publish","5":"product_cat-listeo-booking","7":"first","8":"instock","9":"virtual","10":"sold-individually","11":"purchasable","12":"product-type-listing_booking"},"yoast_head":"<!-- This site is optimized with the Yoast SEO plugin v27.3 - https:\/\/yoast.com\/product\/yoast-seo-wordpress\/ -->\n<title>GO Beach Club Barcelona - Balufy - The taste of Experience<\/title>\n<meta name=\"robots\" content=\"index, follow, max-snippet:-1, max-image-preview:large, max-video-preview:-1\" \/>\n<link rel=\"canonical\" href=\"https:\/\/balufy.com\/de\/produkt\/go-beach-club-barcelona\/\" \/>\n<meta property=\"og:locale\" content=\"de_DE\" \/>\n<meta property=\"og:type\" content=\"article\" \/>\n<meta property=\"og:title\" content=\"GO Beach Club Barcelona - Balufy - The taste of Experience\" \/>\n<meta property=\"og:description\" content=\"THE BEACH CLUB EXPERIENCE Bienvenidos a un magn\u00edfico espacio multifuncional distribuido en cuatro plantas dos exteriores y dos interiores. Todas ellas acondicionadas para ser utilizadas conjuntamente o de manera individual. Su arquitectura minimalista apuesta por los tonos blancos, crudos y azules conformando una identidad org\u00e1nica t\u00edpica de cualquier isla del Mediterr\u00e1neo. Con una privilegiada situaci\u00f3n [&hellip;]\" \/>\n<meta property=\"og:url\" content=\"https:\/\/balufy.com\/de\/produkt\/go-beach-club-barcelona\/\" \/>\n<meta property=\"og:site_name\" content=\"Balufy - The taste of Experience\" \/>\n<meta property=\"article:publisher\" content=\"https:\/\/www.facebook.com\/Balufy-102705001596047\" \/>\n<meta property=\"article:modified_time\" content=\"2025-04-02T15:20:13+00:00\" \/>\n<meta name=\"twitter:card\" content=\"summary_large_image\" \/>\n<meta name=\"twitter:label1\" content=\"Gesch\u00e4tzte Lesezeit\" \/>\n\t<meta name=\"twitter:data1\" content=\"2\u00a0Minuten\" \/>\n<script type=\"application\/ld+json\" class=\"yoast-schema-graph\">{\"@context\":\"https:\\\/\\\/schema.org\",\"@graph\":[{\"@type\":\"WebPage\",\"@id\":\"https:\\\/\\\/balufy.com\\\/es\\\/producto\\\/go-beach-club-barcelona\\\/\",\"url\":\"https:\\\/\\\/balufy.com\\\/es\\\/producto\\\/go-beach-club-barcelona\\\/\",\"name\":\"GO Beach Club Barcelona - Balufy - The taste of Experience\",\"isPartOf\":{\"@id\":\"https:\\\/\\\/balufy.com\\\/es\\\/#website\"},\"datePublished\":\"2022-09-05T21:12:14+00:00\",\"dateModified\":\"2025-04-02T15:20:13+00:00\",\"breadcrumb\":{\"@id\":\"https:\\\/\\\/balufy.com\\\/es\\\/producto\\\/go-beach-club-barcelona\\\/#breadcrumb\"},\"inLanguage\":\"de\",\"potentialAction\":[{\"@type\":\"ReadAction\",\"target\":[\"https:\\\/\\\/balufy.com\\\/es\\\/producto\\\/go-beach-club-barcelona\\\/\"]}]},{\"@type\":\"BreadcrumbList\",\"@id\":\"https:\\\/\\\/balufy.com\\\/es\\\/producto\\\/go-beach-club-barcelona\\\/#breadcrumb\",\"itemListElement\":[{\"@type\":\"ListItem\",\"position\":1,\"name\":\"Portada\",\"item\":\"https:\\\/\\\/balufy.com\\\/\"},{\"@type\":\"ListItem\",\"position\":2,\"name\":\"Shop\",\"item\":\"https:\\\/\\\/balufy.com\\\/es\\\/shop\\\/\"},{\"@type\":\"ListItem\",\"position\":3,\"name\":\"GO Beach Club Barcelona\"}]},{\"@type\":\"WebSite\",\"@id\":\"https:\\\/\\\/balufy.com\\\/es\\\/#website\",\"url\":\"https:\\\/\\\/balufy.com\\\/es\\\/\",\"name\":\"Balufy - Taste of experience\",\"description\":\"Balufy\",\"publisher\":{\"@id\":\"https:\\\/\\\/balufy.com\\\/es\\\/#organization\"},\"potentialAction\":[{\"@type\":\"SearchAction\",\"target\":{\"@type\":\"EntryPoint\",\"urlTemplate\":\"https:\\\/\\\/balufy.com\\\/es\\\/?s={search_term_string}\"},\"query-input\":{\"@type\":\"PropertyValueSpecification\",\"valueRequired\":true,\"valueName\":\"search_term_string\"}}],\"inLanguage\":\"de\"},{\"@type\":\"Organization\",\"@id\":\"https:\\\/\\\/balufy.com\\\/es\\\/#organization\",\"name\":\"Balufy\",\"url\":\"https:\\\/\\\/balufy.com\\\/es\\\/\",\"logo\":{\"@type\":\"ImageObject\",\"inLanguage\":\"de\",\"@id\":\"https:\\\/\\\/balufy.com\\\/es\\\/#\\\/schema\\\/logo\\\/image\\\/\",\"url\":\"https:\\\/\\\/balufy.com\\\/wp-content\\\/uploads\\\/2022\\\/06\\\/LOGO_PNG.png\",\"contentUrl\":\"https:\\\/\\\/balufy.com\\\/wp-content\\\/uploads\\\/2022\\\/06\\\/LOGO_PNG.png\",\"width\":1366,\"height\":768,\"caption\":\"Balufy\"},\"image\":{\"@id\":\"https:\\\/\\\/balufy.com\\\/es\\\/#\\\/schema\\\/logo\\\/image\\\/\"},\"sameAs\":[\"https:\\\/\\\/www.facebook.com\\\/Balufy-102705001596047\",\"https:\\\/\\\/www.instagram.com\\\/balufy_oficial\\\/\"]}]}<\/script>\n<!-- \/ Yoast SEO plugin. -->","yoast_head_json":{"title":"GO Beach Club Barcelona - Balufy - Der Geschmack der Erfahrung","robots":{"index":"index","follow":"follow","max-snippet":"max-snippet:-1","max-image-preview":"max-image-preview:large","max-video-preview":"max-video-preview:-1"},"canonical":"https:\/\/balufy.com\/de\/produkt\/go-beach-club-barcelona\/","og_locale":"de_DE","og_type":"article","og_title":"GO Beach Club Barcelona - Balufy - The taste of Experience","og_description":"THE BEACH CLUB EXPERIENCE Bienvenidos a un magn\u00edfico espacio multifuncional distribuido en cuatro plantas dos exteriores y dos interiores. Todas ellas acondicionadas para ser utilizadas conjuntamente o de manera individual. Su arquitectura minimalista apuesta por los tonos blancos, crudos y azules conformando una identidad org\u00e1nica t\u00edpica de cualquier isla del Mediterr\u00e1neo. Con una privilegiada situaci\u00f3n [&hellip;]","og_url":"https:\/\/balufy.com\/de\/produkt\/go-beach-club-barcelona\/","og_site_name":"Balufy - The taste of Experience","article_publisher":"https:\/\/www.facebook.com\/Balufy-102705001596047","article_modified_time":"2025-04-02T15:20:13+00:00","twitter_card":"summary_large_image","twitter_misc":{"Gesch\u00e4tzte Lesezeit":"2\u00a0Minuten"},"schema":{"@context":"https:\/\/schema.org","@graph":[{"@type":"WebPage","@id":"https:\/\/balufy.com\/es\/producto\/go-beach-club-barcelona\/","url":"https:\/\/balufy.com\/es\/producto\/go-beach-club-barcelona\/","name":"GO Beach Club Barcelona - Balufy - Der Geschmack der Erfahrung","isPartOf":{"@id":"https:\/\/balufy.com\/es\/#website"},"datePublished":"2022-09-05T21:12:14+00:00","dateModified":"2025-04-02T15:20:13+00:00","breadcrumb":{"@id":"https:\/\/balufy.com\/es\/producto\/go-beach-club-barcelona\/#breadcrumb"},"inLanguage":"de","potentialAction":[{"@type":"ReadAction","target":["https:\/\/balufy.com\/es\/producto\/go-beach-club-barcelona\/"]}]},{"@type":"BreadcrumbList","@id":"https:\/\/balufy.com\/es\/producto\/go-beach-club-barcelona\/#breadcrumb","itemListElement":[{"@type":"ListItem","position":1,"name":"Portada","item":"https:\/\/balufy.com\/"},{"@type":"ListItem","position":2,"name":"Shop","item":"https:\/\/balufy.com\/es\/shop\/"},{"@type":"ListItem","position":3,"name":"GO Beach Club Barcelona"}]},{"@type":"WebSite","@id":"https:\/\/balufy.com\/es\/#website","url":"https:\/\/balufy.com\/es\/","name":"Balufy - Geschmack der Erfahrung","description":"Balufy","publisher":{"@id":"https:\/\/balufy.com\/es\/#organization"},"potentialAction":[{"@type":"SearchAction","target":{"@type":"EntryPoint","urlTemplate":"https:\/\/balufy.com\/es\/?s={search_term_string}"},"query-input":{"@type":"PropertyValueSpecification","valueRequired":true,"valueName":"search_term_string"}}],"inLanguage":"de"},{"@type":"Organization","@id":"https:\/\/balufy.com\/es\/#organization","name":"Balufy","url":"https:\/\/balufy.com\/es\/","logo":{"@type":"ImageObject","inLanguage":"de","@id":"https:\/\/balufy.com\/es\/#\/schema\/logo\/image\/","url":"https:\/\/balufy.com\/wp-content\/uploads\/2022\/06\/LOGO_PNG.png","contentUrl":"https:\/\/balufy.com\/wp-content\/uploads\/2022\/06\/LOGO_PNG.png","width":1366,"height":768,"caption":"Balufy"},"image":{"@id":"https:\/\/balufy.com\/es\/#\/schema\/logo\/image\/"},"sameAs":["https:\/\/www.facebook.com\/Balufy-102705001596047","https:\/\/www.instagram.com\/balufy_oficial\/"]}]}},"_links":{"self":[{"href":"https:\/\/balufy.com\/de\/wp-json\/wp\/v2\/product\/2509","targetHints":{"allow":["GET"]}}],"collection":[{"href":"https:\/\/balufy.com\/de\/wp-json\/wp\/v2\/product"}],"about":[{"href":"https:\/\/balufy.com\/de\/wp-json\/wp\/v2\/types\/product"}],"version-history":[{"count":0,"href":"https:\/\/balufy.com\/de\/wp-json\/wp\/v2\/product\/2509\/revisions"}],"wp:attachment":[{"href":"https:\/\/balufy.com\/de\/wp-json\/wp\/v2\/media?parent=2509"}],"wp:term":[{"taxonomy":"product_brand","embeddable":true,"href":"https:\/\/balufy.com\/de\/wp-json\/wp\/v2\/product_brand?post=2509"},{"taxonomy":"product_cat","embeddable":true,"href":"https:\/\/balufy.com\/de\/wp-json\/wp\/v2\/product_cat?post=2509"},{"taxonomy":"product_tag","embeddable":true,"href":"https:\/\/balufy.com\/de\/wp-json\/wp\/v2\/product_tag?post=2509"}],"curies":[{"name":"wp","href":"https:\/\/api.w.org\/{rel}","templated":true}]}}