{"id":2603,"date":"2022-09-23T15:57:49","date_gmt":"2022-09-23T13:57:49","guid":{"rendered":"https:\/\/balufy.com\/product\/apartamento-dreta-de-leixample\/"},"modified":"2025-04-02T16:40:31","modified_gmt":"2025-04-02T14:40:31","slug":"wohnung-dreta-de-leixample","status":"publish","type":"product","link":"https:\/\/balufy.com\/de\/produkt\/wohnung-dreta-de-leixample\/","title":{"rendered":"Dreta de l'Eixample Wohnung"},"content":{"rendered":"<p>In der N\u00e4he dieser familienfreundlichen Wohnung k\u00f6nnen Sie unter anderem Motorbootfahren und Radfahren. Von der Plaza de Catalu\u00f1a trennen Sie 9 Gehminuten und von La Rambla 10 Gehminuten. Entdecken Sie andere Gegenden und gelangen Sie weiter nach Barcelona: Von der Metrostation Tetu\u00e1n oder der Metrostation Urquinaona, die nur 5 Gehminuten entfernt ist, k\u00f6nnen Sie die U-Bahn nehmen. Die K\u00fcche ist mit einem Backofen, einem Herd und einem K\u00fchlschrank ausgestattet, au\u00dferdem mit einer Kaffee- und Teemaschine, einem Wasserkocher und einer Mikrowelle. Nutzen Sie das kostenlose Wi-Fi oder entspannen Sie sich vor dem Kabel- oder Satellitenfernseher (Videothek vorhanden). Es gibt auch einen DVD-Player und eine Stereoanlage. Das Badezimmer ist mit einem Haartrockner, Handt\u00fcchern und Toilettenpapier ausgestattet. Au\u00dferdem k\u00f6nnen Sie die Waschmaschine und den W\u00e4schetrockner nutzen, so dass Sie keine zus\u00e4tzliche Kleidung mitbringen m\u00fcssen. Zu den weiteren Annehmlichkeiten in dieser Wohnung mit 2 Schlafzimmern und 2 B\u00e4dern geh\u00f6ren Bettw\u00e4sche, ein B\u00fcgelbrett, eine Klimaanlage und eine Heizung.<\/p>\n<p><strong>Politiken\u00a0<\/strong><\/p>\n<p>Sie erhalten 100 % des gezahlten Betrags zur\u00fcck, wenn Sie mindestens 14 Tage vor dem Check-in stornieren.<br \/>\nSie erhalten 50 % des gezahlten Betrags (ohne Servicegeb\u00fchr) zur\u00fcck, wenn Sie mindestens 7 Tage vor dem Check-in stornieren.<br \/>\nKeine R\u00fcckerstattung, wenn Sie weniger als 7 Tage vor der Ankunft stornieren.<\/p>","protected":false},"excerpt":{"rendered":"<p>Cerca de este apartamento para familias podr\u00e1s disfrutar de la navegaci\u00f3n en lancha motora y del ciclismo, entre muchas otras cosas. Estar\u00e1s a 9\u00a0min a pie de Plaza de Catalu\u00f1a y a 10\u00a0min a pie de La Rambla. Descubre otras zonas y ad\u00e9ntrate m\u00e1s en Barcelona: puedes coger el metro en la Estaci\u00f3n de metro [&hellip;]<\/p>","protected":false},"featured_media":0,"template":"","meta":[],"product_brand":[],"product_cat":[20],"product_tag":[],"class_list":{"0":"post-2603","1":"product","2":"type-product","3":"status-publish","5":"product_cat-listeo-booking","7":"first","8":"instock","9":"virtual","10":"sold-individually","11":"purchasable","12":"product-type-listing_booking"},"yoast_head":"<!-- This site is optimized with the Yoast SEO plugin v27.3 - https:\/\/yoast.com\/product\/yoast-seo-wordpress\/ -->\n<title>Apartamento Dreta de l&#039;Eixample - Balufy - The taste of Experience<\/title>\n<meta name=\"robots\" content=\"index, follow, max-snippet:-1, max-image-preview:large, max-video-preview:-1\" \/>\n<link rel=\"canonical\" href=\"https:\/\/balufy.com\/de\/produkt\/wohnung-dreta-de-leixample\/\" \/>\n<meta property=\"og:locale\" content=\"de_DE\" \/>\n<meta property=\"og:type\" content=\"article\" \/>\n<meta property=\"og:title\" content=\"Apartamento Dreta de l&#039;Eixample - Balufy - The taste of Experience\" \/>\n<meta property=\"og:description\" content=\"Cerca de este apartamento para familias podr\u00e1s disfrutar de la navegaci\u00f3n en lancha motora y del ciclismo, entre muchas otras cosas. Estar\u00e1s a 9\u00a0min a pie de Plaza de Catalu\u00f1a y a 10\u00a0min a pie de La Rambla. Descubre otras zonas y ad\u00e9ntrate m\u00e1s en Barcelona: puedes coger el metro en la Estaci\u00f3n de metro [&hellip;]\" \/>\n<meta property=\"og:url\" content=\"https:\/\/balufy.com\/de\/produkt\/wohnung-dreta-de-leixample\/\" \/>\n<meta property=\"og:site_name\" content=\"Balufy - The taste of Experience\" \/>\n<meta property=\"article:publisher\" content=\"https:\/\/www.facebook.com\/Balufy-102705001596047\" \/>\n<meta property=\"article:modified_time\" content=\"2025-04-02T14:40:31+00:00\" \/>\n<meta name=\"twitter:card\" content=\"summary_large_image\" \/>\n<meta name=\"twitter:label1\" content=\"Gesch\u00e4tzte Lesezeit\" \/>\n\t<meta name=\"twitter:data1\" content=\"1\u00a0Minute\" \/>\n<script type=\"application\/ld+json\" class=\"yoast-schema-graph\">{\"@context\":\"https:\\\/\\\/schema.org\",\"@graph\":[{\"@type\":\"WebPage\",\"@id\":\"https:\\\/\\\/balufy.com\\\/en\\\/product\\\/flat-dreta-de-leixample\\\/\",\"url\":\"https:\\\/\\\/balufy.com\\\/en\\\/product\\\/flat-dreta-de-leixample\\\/\",\"name\":\"Apartamento Dreta de l'Eixample - Balufy - The taste of Experience\",\"isPartOf\":{\"@id\":\"https:\\\/\\\/balufy.com\\\/es\\\/#website\"},\"datePublished\":\"2022-09-23T13:57:49+00:00\",\"dateModified\":\"2025-04-02T14:40:31+00:00\",\"breadcrumb\":{\"@id\":\"https:\\\/\\\/balufy.com\\\/en\\\/product\\\/flat-dreta-de-leixample\\\/#breadcrumb\"},\"inLanguage\":\"de\",\"potentialAction\":[{\"@type\":\"ReadAction\",\"target\":[\"https:\\\/\\\/balufy.com\\\/en\\\/product\\\/flat-dreta-de-leixample\\\/\"]}]},{\"@type\":\"BreadcrumbList\",\"@id\":\"https:\\\/\\\/balufy.com\\\/en\\\/product\\\/flat-dreta-de-leixample\\\/#breadcrumb\",\"itemListElement\":[{\"@type\":\"ListItem\",\"position\":1,\"name\":\"Portada\",\"item\":\"https:\\\/\\\/balufy.com\\\/\"},{\"@type\":\"ListItem\",\"position\":2,\"name\":\"Shop\",\"item\":\"https:\\\/\\\/balufy.com\\\/es\\\/shop\\\/\"},{\"@type\":\"ListItem\",\"position\":3,\"name\":\"Apartamento Dreta de l&#8217;Eixample\"}]},{\"@type\":\"WebSite\",\"@id\":\"https:\\\/\\\/balufy.com\\\/es\\\/#website\",\"url\":\"https:\\\/\\\/balufy.com\\\/es\\\/\",\"name\":\"Balufy - Taste of experience\",\"description\":\"Balufy\",\"publisher\":{\"@id\":\"https:\\\/\\\/balufy.com\\\/es\\\/#organization\"},\"potentialAction\":[{\"@type\":\"SearchAction\",\"target\":{\"@type\":\"EntryPoint\",\"urlTemplate\":\"https:\\\/\\\/balufy.com\\\/es\\\/?s={search_term_string}\"},\"query-input\":{\"@type\":\"PropertyValueSpecification\",\"valueRequired\":true,\"valueName\":\"search_term_string\"}}],\"inLanguage\":\"de\"},{\"@type\":\"Organization\",\"@id\":\"https:\\\/\\\/balufy.com\\\/es\\\/#organization\",\"name\":\"Balufy\",\"url\":\"https:\\\/\\\/balufy.com\\\/es\\\/\",\"logo\":{\"@type\":\"ImageObject\",\"inLanguage\":\"de\",\"@id\":\"https:\\\/\\\/balufy.com\\\/es\\\/#\\\/schema\\\/logo\\\/image\\\/\",\"url\":\"https:\\\/\\\/balufy.com\\\/wp-content\\\/uploads\\\/2022\\\/06\\\/LOGO_PNG.png\",\"contentUrl\":\"https:\\\/\\\/balufy.com\\\/wp-content\\\/uploads\\\/2022\\\/06\\\/LOGO_PNG.png\",\"width\":1366,\"height\":768,\"caption\":\"Balufy\"},\"image\":{\"@id\":\"https:\\\/\\\/balufy.com\\\/es\\\/#\\\/schema\\\/logo\\\/image\\\/\"},\"sameAs\":[\"https:\\\/\\\/www.facebook.com\\\/Balufy-102705001596047\",\"https:\\\/\\\/www.instagram.com\\\/balufy_oficial\\\/\"]}]}<\/script>\n<!-- \/ Yoast SEO plugin. -->","yoast_head_json":{"title":"Wohnung Dreta de l'Eixample - Balufy - Der Geschmack der Erfahrung","robots":{"index":"index","follow":"follow","max-snippet":"max-snippet:-1","max-image-preview":"max-image-preview:large","max-video-preview":"max-video-preview:-1"},"canonical":"https:\/\/balufy.com\/de\/produkt\/wohnung-dreta-de-leixample\/","og_locale":"de_DE","og_type":"article","og_title":"Apartamento Dreta de l'Eixample - Balufy - The taste of Experience","og_description":"Cerca de este apartamento para familias podr\u00e1s disfrutar de la navegaci\u00f3n en lancha motora y del ciclismo, entre muchas otras cosas. Estar\u00e1s a 9\u00a0min a pie de Plaza de Catalu\u00f1a y a 10\u00a0min a pie de La Rambla. Descubre otras zonas y ad\u00e9ntrate m\u00e1s en Barcelona: puedes coger el metro en la Estaci\u00f3n de metro [&hellip;]","og_url":"https:\/\/balufy.com\/de\/produkt\/wohnung-dreta-de-leixample\/","og_site_name":"Balufy - The taste of Experience","article_publisher":"https:\/\/www.facebook.com\/Balufy-102705001596047","article_modified_time":"2025-04-02T14:40:31+00:00","twitter_card":"summary_large_image","twitter_misc":{"Gesch\u00e4tzte Lesezeit":"1\u00a0Minute"},"schema":{"@context":"https:\/\/schema.org","@graph":[{"@type":"WebPage","@id":"https:\/\/balufy.com\/en\/product\/flat-dreta-de-leixample\/","url":"https:\/\/balufy.com\/en\/product\/flat-dreta-de-leixample\/","name":"Wohnung Dreta de l'Eixample - Balufy - Der Geschmack der Erfahrung","isPartOf":{"@id":"https:\/\/balufy.com\/es\/#website"},"datePublished":"2022-09-23T13:57:49+00:00","dateModified":"2025-04-02T14:40:31+00:00","breadcrumb":{"@id":"https:\/\/balufy.com\/en\/product\/flat-dreta-de-leixample\/#breadcrumb"},"inLanguage":"de","potentialAction":[{"@type":"ReadAction","target":["https:\/\/balufy.com\/en\/product\/flat-dreta-de-leixample\/"]}]},{"@type":"BreadcrumbList","@id":"https:\/\/balufy.com\/en\/product\/flat-dreta-de-leixample\/#breadcrumb","itemListElement":[{"@type":"ListItem","position":1,"name":"Portada","item":"https:\/\/balufy.com\/"},{"@type":"ListItem","position":2,"name":"Shop","item":"https:\/\/balufy.com\/es\/shop\/"},{"@type":"ListItem","position":3,"name":"Apartamento Dreta de l&#8217;Eixample"}]},{"@type":"WebSite","@id":"https:\/\/balufy.com\/es\/#website","url":"https:\/\/balufy.com\/es\/","name":"Balufy - Geschmack der Erfahrung","description":"Balufy","publisher":{"@id":"https:\/\/balufy.com\/es\/#organization"},"potentialAction":[{"@type":"SearchAction","target":{"@type":"EntryPoint","urlTemplate":"https:\/\/balufy.com\/es\/?s={search_term_string}"},"query-input":{"@type":"PropertyValueSpecification","valueRequired":true,"valueName":"search_term_string"}}],"inLanguage":"de"},{"@type":"Organization","@id":"https:\/\/balufy.com\/es\/#organization","name":"Balufy","url":"https:\/\/balufy.com\/es\/","logo":{"@type":"ImageObject","inLanguage":"de","@id":"https:\/\/balufy.com\/es\/#\/schema\/logo\/image\/","url":"https:\/\/balufy.com\/wp-content\/uploads\/2022\/06\/LOGO_PNG.png","contentUrl":"https:\/\/balufy.com\/wp-content\/uploads\/2022\/06\/LOGO_PNG.png","width":1366,"height":768,"caption":"Balufy"},"image":{"@id":"https:\/\/balufy.com\/es\/#\/schema\/logo\/image\/"},"sameAs":["https:\/\/www.facebook.com\/Balufy-102705001596047","https:\/\/www.instagram.com\/balufy_oficial\/"]}]}},"_links":{"self":[{"href":"https:\/\/balufy.com\/de\/wp-json\/wp\/v2\/product\/2603","targetHints":{"allow":["GET"]}}],"collection":[{"href":"https:\/\/balufy.com\/de\/wp-json\/wp\/v2\/product"}],"about":[{"href":"https:\/\/balufy.com\/de\/wp-json\/wp\/v2\/types\/product"}],"version-history":[{"count":0,"href":"https:\/\/balufy.com\/de\/wp-json\/wp\/v2\/product\/2603\/revisions"}],"wp:attachment":[{"href":"https:\/\/balufy.com\/de\/wp-json\/wp\/v2\/media?parent=2603"}],"wp:term":[{"taxonomy":"product_brand","embeddable":true,"href":"https:\/\/balufy.com\/de\/wp-json\/wp\/v2\/product_brand?post=2603"},{"taxonomy":"product_cat","embeddable":true,"href":"https:\/\/balufy.com\/de\/wp-json\/wp\/v2\/product_cat?post=2603"},{"taxonomy":"product_tag","embeddable":true,"href":"https:\/\/balufy.com\/de\/wp-json\/wp\/v2\/product_tag?post=2603"}],"curies":[{"name":"wp","href":"https:\/\/api.w.org\/{rel}","templated":true}]}}