{"id":2627,"date":"2022-09-23T20:04:45","date_gmt":"2022-09-23T18:04:45","guid":{"rendered":"https:\/\/balufy.com\/product\/can-bou-petit-finca-mallorquina\/"},"modified":"2025-07-01T16:12:45","modified_gmt":"2025-07-01T14:12:45","slug":"can-bou-petit-finca-mallorquina","status":"publish","type":"product","link":"https:\/\/balufy.com\/de\/produkt\/can-bou-petit-finca-mallorquina\/","title":{"rendered":"Kleiner mallorquinischer Landsitz Ca'n bou"},"content":{"rendered":"<p>5 DOPPELZIMMER F\u00dcR 10 PERSONEN. M\u00d6GLICHKEIT F\u00dcR BIS ZU 2 WEITERE PERSONEN MIT 2 OPTIONALEN EINZELZIMMERN, DIE NICHT IM URSPR\u00dcNGLICHEN PREIS ENTHALTEN SIND. BESONDERS F\u00dcR GROSSE FAMILIEN ODER GROSSE GRUPPEN. FRAGEN SIE DEN EIGENT\u00dcMER NACH VERF\u00dcGBARKEIT UND ZUS\u00c4TZLICHEN PREISEN. MIETE VON SAMSTAG BIS SAMSTAG IM JUNI, JULI, AUGUST UND SEPTEMBER.<\/p>\n<p>Mit einer neuen Inneneinrichtung, neuen Betten, neuen Sofas und komplett renovierten M\u00f6beln liegt Ca'n Bou Petit nur 4 km von Puerto Pollen\u00e7a, 6 km von Cala San Vicente und 2 km von der Stadt Pollen\u00e7a entfernt. Es gibt einige Orte zu besuchen. Im Norden gibt es ein h\u00fcbsches Dorf mit wei\u00dfen Sandstr\u00e4nden, die zum Schwimmen einladen. In Pollen\u00e7a gibt es einen Golfplatz in 4 km und einen weiteren in 12 km Entfernung. Wenn Sie Wassersport bevorzugen, gibt es in Puerto Pollen\u00e7a eine Segelschule und einen Boots- und Segelverleih. Es werden auch Ausfl\u00fcge zu den sch\u00f6nen Str\u00e4nden und Buchten in der Umgebung angeboten. Diese Touren sind sehr zu empfehlen. Wenn Sie tauchen m\u00f6chten, gibt es nur wenige Tauchzentren. Ob in der Stadt Pollen\u00e7a, Puerto Pollensa oder Cala San Vicente, es gibt sehr gute Restaurants zu essen, so frischen Fisch aus der Bucht oder gegrilltes Fleisch. Die Besitzer empfehlen Ihnen gerne welche, wenn Sie es w\u00fcnschen. Die Besitzer sprechen Englisch (ein wenig). 50 Meter entfernt haben wir eine weitere Villa f\u00fcr 6 Personen (REF: El reconet de n'Aina 448 266), die ideal f\u00fcr gro\u00dfe Familien ist, die vielleicht mehr Zimmer ben\u00f6tigen.<\/p>\n<p>Wir haben auch eine andere Villa nur einen Kilometer von ca'n bou petit entfernt, Name CA NA POLIDA f\u00fcr 6 Personen REF: 1067882<\/p>\n<p>Sehr ruhig und gute Nachbarschaft: ideales Haus f\u00fcr gro\u00dfe Familien oder Gruppen von Freunden.<\/p>\n<p>Vollst\u00e4ndig f\u00fcr den Autoverkehr gesperrt.<\/p>\n<p>In allen Zimmern gibt es Deckenventilatoren und eine Klimaanlage.<\/p>\n<p>Sehr ruhig und mit guten Nachbarn. Keine l\u00e4stige Aktivit\u00e4t um.<\/p>\n<p>Anreise-Paket auf Anfrage (verschiedene Pakete): Reinigung (Mitte der Woche und w\u00f6chentlich) inkl. Kinderbett und \/ Stuhl auf Anfrage. Satelliten-TV mit USB. M \/ Welle. W \/ Maschine. D \/ Waschmaschine. F \/ Gefrierschrank. Garten und Terrasse mit M\u00f6beln. Liegest\u00fchle. Eingebauter Grill. Billardtisch. Ausreichend Parkpl\u00e4tze. Privates Schwimmbad (9. 5m x 4. 5m; Tiefe 1m - 2m). S\u00fc\u00dfwasser<\/p>\n<p>Entfernung zu Pollen\u00e7a 2 km<\/p>\n<p>Strand von Puerto Pollen\u00e7a 6 km<\/p>\n<p>N\u00e4chstgelegene Einrichtungen 2 km<\/p>\n<p><strong>Stornierungsbedingungen<\/strong><\/p>\n<p>Sie erhalten 100 % des gezahlten Betrags zur\u00fcck, wenn Sie mindestens 60 Tage vor dem Check-in stornieren.<br \/>\nSie erhalten 50 % des gezahlten Betrags (ohne Servicegeb\u00fchr) zur\u00fcck, wenn Sie mindestens 30 Tage vor dem Check-in stornieren.<br \/>\nKeine R\u00fcckerstattung, wenn Sie weniger als 30 Tage vor der Ankunft stornieren.<\/p>","protected":false},"excerpt":{"rendered":"<p>5 HABITACIONES DOBLES PARA 10 PERSONAS. POSIBILIDAD HASTA 2 PERSONAS M\u00c1S CON 2 HABITACIONES INDIVIDUALES OPCIONALES NO INCLUIDAS EN EL PRECIO ORIGINAL. ESPECIAL PARA FAMILIAS NUMEROSAS O GRUPOS GRANDES. PREGUNTE AL PROPIETARIO DISPONIBILIDAD Y PRECIOS ADICIONALES. ALQUILER S\u00c1BADO A S\u00c1BADO EN JUNIO, JULIO, AGOSTO Y SEPTEMBRE. Con una nueva decoraci\u00f3n interior, con camas nuevas, sof\u00e1s [&hellip;]<\/p>","protected":false},"featured_media":0,"template":"","meta":[],"product_brand":[],"product_cat":[20],"product_tag":[],"class_list":{"0":"post-2627","1":"product","2":"type-product","3":"status-publish","5":"product_cat-listeo-booking","7":"first","8":"instock","9":"virtual","10":"sold-individually","11":"purchasable","12":"product-type-listing_booking"},"yoast_head":"<!-- This site is optimized with the Yoast SEO plugin v27.3 - https:\/\/yoast.com\/product\/yoast-seo-wordpress\/ -->\n<title>Ca&#039;n bou petit Finca mallorquina - Balufy - The taste of Experience<\/title>\n<meta name=\"robots\" content=\"index, follow, max-snippet:-1, max-image-preview:large, max-video-preview:-1\" \/>\n<link rel=\"canonical\" href=\"https:\/\/balufy.com\/de\/produkt\/can-bou-petit-finca-mallorquina\/\" \/>\n<meta property=\"og:locale\" content=\"de_DE\" \/>\n<meta property=\"og:type\" content=\"article\" \/>\n<meta property=\"og:title\" content=\"Ca&#039;n bou petit Finca mallorquina - Balufy - The taste of Experience\" \/>\n<meta property=\"og:description\" content=\"5 HABITACIONES DOBLES PARA 10 PERSONAS. POSIBILIDAD HASTA 2 PERSONAS M\u00c1S CON 2 HABITACIONES INDIVIDUALES OPCIONALES NO INCLUIDAS EN EL PRECIO ORIGINAL. ESPECIAL PARA FAMILIAS NUMEROSAS O GRUPOS GRANDES. PREGUNTE AL PROPIETARIO DISPONIBILIDAD Y PRECIOS ADICIONALES. ALQUILER S\u00c1BADO A S\u00c1BADO EN JUNIO, JULIO, AGOSTO Y SEPTEMBRE. Con una nueva decoraci\u00f3n interior, con camas nuevas, sof\u00e1s [&hellip;]\" \/>\n<meta property=\"og:url\" content=\"https:\/\/balufy.com\/de\/produkt\/can-bou-petit-finca-mallorquina\/\" \/>\n<meta property=\"og:site_name\" content=\"Balufy - The taste of Experience\" \/>\n<meta property=\"article:publisher\" content=\"https:\/\/www.facebook.com\/Balufy-102705001596047\" \/>\n<meta property=\"article:modified_time\" content=\"2025-07-01T14:12:45+00:00\" \/>\n<meta name=\"twitter:card\" content=\"summary_large_image\" \/>\n<meta name=\"twitter:label1\" content=\"Gesch\u00e4tzte Lesezeit\" \/>\n\t<meta name=\"twitter:data1\" content=\"2\u00a0Minuten\" \/>\n<script type=\"application\/ld+json\" class=\"yoast-schema-graph\">{\"@context\":\"https:\\\/\\\/schema.org\",\"@graph\":[{\"@type\":\"WebPage\",\"@id\":\"https:\\\/\\\/balufy.com\\\/en\\\/product\\\/can-bou-petit-finca-mallorquina\\\/\",\"url\":\"https:\\\/\\\/balufy.com\\\/en\\\/product\\\/can-bou-petit-finca-mallorquina\\\/\",\"name\":\"Ca'n bou petit Finca mallorquina - Balufy - The taste of Experience\",\"isPartOf\":{\"@id\":\"https:\\\/\\\/balufy.com\\\/es\\\/#website\"},\"datePublished\":\"2022-09-23T18:04:45+00:00\",\"dateModified\":\"2025-07-01T14:12:45+00:00\",\"breadcrumb\":{\"@id\":\"https:\\\/\\\/balufy.com\\\/en\\\/product\\\/can-bou-petit-finca-mallorquina\\\/#breadcrumb\"},\"inLanguage\":\"de\",\"potentialAction\":[{\"@type\":\"ReadAction\",\"target\":[\"https:\\\/\\\/balufy.com\\\/en\\\/product\\\/can-bou-petit-finca-mallorquina\\\/\"]}]},{\"@type\":\"BreadcrumbList\",\"@id\":\"https:\\\/\\\/balufy.com\\\/en\\\/product\\\/can-bou-petit-finca-mallorquina\\\/#breadcrumb\",\"itemListElement\":[{\"@type\":\"ListItem\",\"position\":1,\"name\":\"Portada\",\"item\":\"https:\\\/\\\/balufy.com\\\/\"},{\"@type\":\"ListItem\",\"position\":2,\"name\":\"Shop\",\"item\":\"https:\\\/\\\/balufy.com\\\/es\\\/shop\\\/\"},{\"@type\":\"ListItem\",\"position\":3,\"name\":\"Ca&#8217;n bou petit Finca mallorquina\"}]},{\"@type\":\"WebSite\",\"@id\":\"https:\\\/\\\/balufy.com\\\/es\\\/#website\",\"url\":\"https:\\\/\\\/balufy.com\\\/es\\\/\",\"name\":\"Balufy - Taste of experience\",\"description\":\"Balufy\",\"publisher\":{\"@id\":\"https:\\\/\\\/balufy.com\\\/es\\\/#organization\"},\"potentialAction\":[{\"@type\":\"SearchAction\",\"target\":{\"@type\":\"EntryPoint\",\"urlTemplate\":\"https:\\\/\\\/balufy.com\\\/es\\\/?s={search_term_string}\"},\"query-input\":{\"@type\":\"PropertyValueSpecification\",\"valueRequired\":true,\"valueName\":\"search_term_string\"}}],\"inLanguage\":\"de\"},{\"@type\":\"Organization\",\"@id\":\"https:\\\/\\\/balufy.com\\\/es\\\/#organization\",\"name\":\"Balufy\",\"url\":\"https:\\\/\\\/balufy.com\\\/es\\\/\",\"logo\":{\"@type\":\"ImageObject\",\"inLanguage\":\"de\",\"@id\":\"https:\\\/\\\/balufy.com\\\/es\\\/#\\\/schema\\\/logo\\\/image\\\/\",\"url\":\"https:\\\/\\\/balufy.com\\\/wp-content\\\/uploads\\\/2022\\\/06\\\/LOGO_PNG.png\",\"contentUrl\":\"https:\\\/\\\/balufy.com\\\/wp-content\\\/uploads\\\/2022\\\/06\\\/LOGO_PNG.png\",\"width\":1366,\"height\":768,\"caption\":\"Balufy\"},\"image\":{\"@id\":\"https:\\\/\\\/balufy.com\\\/es\\\/#\\\/schema\\\/logo\\\/image\\\/\"},\"sameAs\":[\"https:\\\/\\\/www.facebook.com\\\/Balufy-102705001596047\",\"https:\\\/\\\/www.instagram.com\\\/balufy_oficial\\\/\"]}]}<\/script>\n<!-- \/ Yoast SEO plugin. -->","yoast_head_json":{"title":"Ca'n bou petit mallorquinische Finca - Balufy - Der Geschmack der Erfahrung","robots":{"index":"index","follow":"follow","max-snippet":"max-snippet:-1","max-image-preview":"max-image-preview:large","max-video-preview":"max-video-preview:-1"},"canonical":"https:\/\/balufy.com\/de\/produkt\/can-bou-petit-finca-mallorquina\/","og_locale":"de_DE","og_type":"article","og_title":"Ca'n bou petit Finca mallorquina - Balufy - The taste of Experience","og_description":"5 HABITACIONES DOBLES PARA 10 PERSONAS. POSIBILIDAD HASTA 2 PERSONAS M\u00c1S CON 2 HABITACIONES INDIVIDUALES OPCIONALES NO INCLUIDAS EN EL PRECIO ORIGINAL. ESPECIAL PARA FAMILIAS NUMEROSAS O GRUPOS GRANDES. PREGUNTE AL PROPIETARIO DISPONIBILIDAD Y PRECIOS ADICIONALES. ALQUILER S\u00c1BADO A S\u00c1BADO EN JUNIO, JULIO, AGOSTO Y SEPTEMBRE. Con una nueva decoraci\u00f3n interior, con camas nuevas, sof\u00e1s [&hellip;]","og_url":"https:\/\/balufy.com\/de\/produkt\/can-bou-petit-finca-mallorquina\/","og_site_name":"Balufy - The taste of Experience","article_publisher":"https:\/\/www.facebook.com\/Balufy-102705001596047","article_modified_time":"2025-07-01T14:12:45+00:00","twitter_card":"summary_large_image","twitter_misc":{"Gesch\u00e4tzte Lesezeit":"2\u00a0Minuten"},"schema":{"@context":"https:\/\/schema.org","@graph":[{"@type":"WebPage","@id":"https:\/\/balufy.com\/en\/product\/can-bou-petit-finca-mallorquina\/","url":"https:\/\/balufy.com\/en\/product\/can-bou-petit-finca-mallorquina\/","name":"Ca'n bou petit mallorquinische Finca - Balufy - Der Geschmack der Erfahrung","isPartOf":{"@id":"https:\/\/balufy.com\/es\/#website"},"datePublished":"2022-09-23T18:04:45+00:00","dateModified":"2025-07-01T14:12:45+00:00","breadcrumb":{"@id":"https:\/\/balufy.com\/en\/product\/can-bou-petit-finca-mallorquina\/#breadcrumb"},"inLanguage":"de","potentialAction":[{"@type":"ReadAction","target":["https:\/\/balufy.com\/en\/product\/can-bou-petit-finca-mallorquina\/"]}]},{"@type":"BreadcrumbList","@id":"https:\/\/balufy.com\/en\/product\/can-bou-petit-finca-mallorquina\/#breadcrumb","itemListElement":[{"@type":"ListItem","position":1,"name":"Portada","item":"https:\/\/balufy.com\/"},{"@type":"ListItem","position":2,"name":"Shop","item":"https:\/\/balufy.com\/es\/shop\/"},{"@type":"ListItem","position":3,"name":"Ca&#8217;n bou petit Finca mallorquina"}]},{"@type":"WebSite","@id":"https:\/\/balufy.com\/es\/#website","url":"https:\/\/balufy.com\/es\/","name":"Balufy - Geschmack der Erfahrung","description":"Balufy","publisher":{"@id":"https:\/\/balufy.com\/es\/#organization"},"potentialAction":[{"@type":"SearchAction","target":{"@type":"EntryPoint","urlTemplate":"https:\/\/balufy.com\/es\/?s={search_term_string}"},"query-input":{"@type":"PropertyValueSpecification","valueRequired":true,"valueName":"search_term_string"}}],"inLanguage":"de"},{"@type":"Organization","@id":"https:\/\/balufy.com\/es\/#organization","name":"Balufy","url":"https:\/\/balufy.com\/es\/","logo":{"@type":"ImageObject","inLanguage":"de","@id":"https:\/\/balufy.com\/es\/#\/schema\/logo\/image\/","url":"https:\/\/balufy.com\/wp-content\/uploads\/2022\/06\/LOGO_PNG.png","contentUrl":"https:\/\/balufy.com\/wp-content\/uploads\/2022\/06\/LOGO_PNG.png","width":1366,"height":768,"caption":"Balufy"},"image":{"@id":"https:\/\/balufy.com\/es\/#\/schema\/logo\/image\/"},"sameAs":["https:\/\/www.facebook.com\/Balufy-102705001596047","https:\/\/www.instagram.com\/balufy_oficial\/"]}]}},"_links":{"self":[{"href":"https:\/\/balufy.com\/de\/wp-json\/wp\/v2\/product\/2627","targetHints":{"allow":["GET"]}}],"collection":[{"href":"https:\/\/balufy.com\/de\/wp-json\/wp\/v2\/product"}],"about":[{"href":"https:\/\/balufy.com\/de\/wp-json\/wp\/v2\/types\/product"}],"version-history":[{"count":0,"href":"https:\/\/balufy.com\/de\/wp-json\/wp\/v2\/product\/2627\/revisions"}],"wp:attachment":[{"href":"https:\/\/balufy.com\/de\/wp-json\/wp\/v2\/media?parent=2627"}],"wp:term":[{"taxonomy":"product_brand","embeddable":true,"href":"https:\/\/balufy.com\/de\/wp-json\/wp\/v2\/product_brand?post=2627"},{"taxonomy":"product_cat","embeddable":true,"href":"https:\/\/balufy.com\/de\/wp-json\/wp\/v2\/product_cat?post=2627"},{"taxonomy":"product_tag","embeddable":true,"href":"https:\/\/balufy.com\/de\/wp-json\/wp\/v2\/product_tag?post=2627"}],"curies":[{"name":"wp","href":"https:\/\/api.w.org\/{rel}","templated":true}]}}