{"id":2728,"date":"2024-04-11T14:22:11","date_gmt":"2024-04-11T12:22:11","guid":{"rendered":"https:\/\/balufy.com\/product\/ferrari-296-gtb\/"},"modified":"2024-04-11T14:55:33","modified_gmt":"2024-04-11T12:55:33","slug":"ferrari-296-gtb","status":"publish","type":"product","link":"https:\/\/balufy.com\/de\/produkt\/ferrari-296-gtb\/","title":{"rendered":"FERRARI 296 GTB"},"content":{"rendered":"<p>Warum sollten Sie sich mit einem herk\u00f6mmlichen Auto zufrieden geben, wenn Sie einen Ferrari fahren k\u00f6nnen? Mieten Sie einen Ferrari 296 GTB und tauchen Sie ein in die Welt der Kraft und Raffinesse eines hochmodernen Sportwagens, der Eleganz und technologische Innovation zu einem unvergleichlichen Fahrerlebnis vereint.<\/p>\n<p>Der Ferrari 296 GTB ist mit einem V6-Plug-in-Hybridmotor ausgestattet, der insgesamt 830 PS leistet. Mit seinem Hybridsystem erleben Sie eine atemberaubende Beschleunigung und eine sofortige Reaktion. Aber die Leistung ist nicht das einzige Highlight des Ferrari 296 GTB. Sein schlankes, aerodynamisches Design zieht nicht nur \u00fcberall die Blicke auf sich, sondern verbessert auch die Effizienz und Stabilit\u00e4t auf der Stra\u00dfe. Jedes Detail wurde sorgf\u00e4ltig entwickelt, um den Luftstrom zu maximieren und ein au\u00dfergew\u00f6hnliches Fahrerlebnis zu bieten.<\/p>\n<p><strong>Ein Superauto f\u00fcr ein tolles Erlebnis<\/strong><br \/>\nWenn Sie sich hinter das Steuer des Ferrari 296 GTB setzen, werden Sie eine einzigartige Kombination aus Kraft und Pr\u00e4zision sp\u00fcren. Die Lenkung ist agil und reaktionsschnell, so dass Sie ein unvergleichlich sportliches Fahrgef\u00fchl genie\u00dfen k\u00f6nnen. Die Federung und die Hochleistungsbremsen geben Ihnen bei jedem Man\u00f6ver die volle Kontrolle.<\/p>\n<p>Der Innenraum des Ferrari 296 GTB ist ein Spiegelbild des italienischen Luxus. Hochwertige Materialien, Sportsitze und Handwerkskunst schaffen eine exklusive und komfortable Umgebung f\u00fcr Fahrer und Beifahrer. Jedes Detail, von der Instrumententafel bis zu den ergonomischen Bedienelementen, wurde entwickelt, um Ihnen ein umfassendes und anspruchsvolles Fahrerlebnis zu bieten.<\/p>\n<p><strong>Unser Ferrari 296 GTB Vermietungsservice<\/strong><br \/>\nEinen Ferrari 296 GTB zu mieten war noch nie so schnell und einfach. Unter <strong>BALUFY<\/strong> bieten wir Ihnen den besten Service zu attraktiven Preisen, damit Sie die neuesten Luxusfahrzeuge genie\u00dfen k\u00f6nnen. Wir garantieren Ihnen, dass Sie immer das vorgeschlagene Modell erhalten, auch wenn interne Komponenten oder die Motorleistung variieren k\u00f6nnen. Wenn es einen Unterschied gibt, senden wir Ihnen die vollst\u00e4ndige Spezifikation, bevor wir Ihre Reservierung best\u00e4tigen.<\/p>\n<p>In unserem Angebot sind die Kilometer, die Vollkaskoversicherung und alle Zahlungen im Zusammenhang mit der Tagesmiete enthalten, mit Ausnahme der Garantie. Dar\u00fcber hinaus beinhaltet unser Ferrari 296 GTB Mietservice die Lieferung des Fahrzeugs an die von Ihnen angegebene Adresse, und falls erforderlich, bieten wir Ihnen die M\u00f6glichkeit, das Auto in einer anderen Stadt zur\u00fcckzugeben. F\u00fcr die Anmietung m\u00fcssen Sie lediglich einen g\u00fcltigen F\u00fchrerschein vorlegen und das Mindestalter sowie die erforderliche Fahrpraxis erf\u00fcllen.<\/p>\n<p>In unserem Bestreben, Ihnen Flexibilit\u00e4t zu bieten, bieten wir Ihnen die wettbewerbsf\u00e4higsten Preise auf dem Markt und spezielle Rabatte f\u00fcr unsere Stammkunden. Dar\u00fcber hinaus k\u00f6nnen Sie einen Ferrari 296 GTB mieten mit <strong>BALUFY,<\/strong> Sie haben rund um die Uhr Zugang zu unserem Support-Service, sodass Sie uns jederzeit kontaktieren k\u00f6nnen, wenn Sie es w\u00fcnschen. Wir m\u00f6chten, dass Ihre Erfahrung angenehm und sorgenfrei ist. Deshalb haben wir den Buchungsprozess vereinfacht, so dass Sie online, per E-Mail oder WhatsApp buchen k\u00f6nnen - wir berechnen keine Provision oder versteckte Geb\u00fchren! Sie k\u00f6nnen die Bedingungen des Mietvertrags unter dem folgenden Link einsehen.<\/p>\n<p><strong>Ihr Auto, wo immer Sie wollen<\/strong><br \/>\nMachen Sie sich keine Gedanken \u00fcber die Logistik. Mieten Sie einen Ferrari 296 GTB und wir k\u00fcmmern uns um den Rest. Wir liefern das Auto an den Ort und zur Zeit Ihrer Wahl, mit allen Spezifikationen, die Sie ben\u00f6tigen, und garantieren Ihnen absolute Vertraulichkeit. Au\u00dferdem k\u00f6nnen Sie den Wagen bei Bedarf problemlos in einer anderen Stadt zur\u00fcckgeben. Die Anmietung ist ganz einfach: Sie m\u00fcssen nur einen g\u00fcltigen F\u00fchrerschein vorlegen, 25 Jahre alt sein und mindestens 2 Jahre Fahrpraxis haben - dann m\u00fcssen Sie sich nur noch hinter das Steuer setzen und das Erlebnis genie\u00dfen!<\/p>\n<p>Verpassen Sie nicht diese Gelegenheit, Ihre Tr\u00e4ume wahr werden zu lassen. Mieten Sie einen Ferrari 296 GTB und machen Sie eine Erfahrung, die Sie nie vergessen werden. Setzen Sie sich mit uns in Verbindung und wir werden Ihnen den genauen Mietpreis berechnen.<\/p>\n<p><strong>Mietbedingungen<\/strong><br \/>\nWenn Sie sich f\u00fcr eine Anmietung mit <strong>BALUFY<\/strong> sollten Sie die Bedingungen unseres Premium-Autovermietungsdienstes kennen, um sicherzustellen, dass Sie sie erf\u00fcllen, bevor Sie ein unvergessliches Erlebnis auf der Stra\u00dfe haben k\u00f6nnen.<\/p>\n<p>25 Jahre alt sein.<br \/>\nF\u00fchrerschein, der seit mindestens 2 Jahren g\u00fcltig ist.<br \/>\nSie m\u00fcssen eine Bankkarte besitzen.<br \/>\nWir akzeptieren verschiedene Zahlungsarten FIAT und CRYPTO.<br \/>\n\u00dcberpr\u00fcfen Sie den Standort des Fahrzeugs. Der Transfer ist nicht im Preis inbegriffen.<br \/>\nPr\u00fcfen Sie den Preis f\u00fcr den Transfer des Fahrzeugs zu Ihrem Haus, Hotel oder anderen Orten.<br \/>\nBitte kl\u00e4ren Sie die Stornierungsbedingungen mit dem Handelsvertreter.<br \/>\nWir behalten uns das Recht vor, die Dienstleistung zu erbringen.<br \/>\nDer Mietpreis und die Kaution m\u00fcssen vor der Inanspruchnahme der Dienstleistung bezahlt werden.<br \/>\nKonsultieren Sie den Rabatt f\u00fcr mehrere Tage.<br \/>\nErkundigen Sie sich bei der Verkaufsstelle nach der Mindestanzahl von Tagen, die f\u00fcr eine Buchung erforderlich sind (je nach Saison).<\/p>","protected":false},"excerpt":{"rendered":"<p>\u00bfPor qu\u00e9 conformarte con un coche convencional cuando puedes vivir la experiencia de conducir un Ferrari? Alquila un Ferrari 296 GTB y ad\u00e9ntrate en el mundo de la potencia y la sofisticaci\u00f3n con un deportivo de \u00faltima generaci\u00f3n que combina la elegancia y la innovaci\u00f3n tecnol\u00f3gica para brindarte una experiencia de conducci\u00f3n inigualable. El Ferrari [&hellip;]<\/p>","protected":false},"featured_media":0,"template":"","meta":[],"product_brand":[],"product_cat":[20],"product_tag":[],"class_list":{"0":"post-2728","1":"product","2":"type-product","3":"status-publish","5":"product_cat-listeo-booking","7":"first","8":"instock","9":"virtual","10":"sold-individually","11":"purchasable","12":"product-type-listing_booking"},"yoast_head":"<!-- This site is optimized with the Yoast SEO plugin v27.3 - https:\/\/yoast.com\/product\/yoast-seo-wordpress\/ -->\n<title>FERRARI 296 GTB - Balufy - The taste of Experience<\/title>\n<meta name=\"robots\" content=\"index, follow, max-snippet:-1, max-image-preview:large, max-video-preview:-1\" \/>\n<link rel=\"canonical\" href=\"https:\/\/balufy.com\/de\/produkt\/ferrari-296-gtb\/\" \/>\n<meta property=\"og:locale\" content=\"de_DE\" \/>\n<meta property=\"og:type\" content=\"article\" \/>\n<meta property=\"og:title\" content=\"FERRARI 296 GTB - Balufy - The taste of Experience\" \/>\n<meta property=\"og:description\" content=\"\u00bfPor qu\u00e9 conformarte con un coche convencional cuando puedes vivir la experiencia de conducir un Ferrari? Alquila un Ferrari 296 GTB y ad\u00e9ntrate en el mundo de la potencia y la sofisticaci\u00f3n con un deportivo de \u00faltima generaci\u00f3n que combina la elegancia y la innovaci\u00f3n tecnol\u00f3gica para brindarte una experiencia de conducci\u00f3n inigualable. El Ferrari [&hellip;]\" \/>\n<meta property=\"og:url\" content=\"https:\/\/balufy.com\/de\/produkt\/ferrari-296-gtb\/\" \/>\n<meta property=\"og:site_name\" content=\"Balufy - The taste of Experience\" \/>\n<meta property=\"article:publisher\" content=\"https:\/\/www.facebook.com\/Balufy-102705001596047\" \/>\n<meta property=\"article:modified_time\" content=\"2024-04-11T12:55:33+00:00\" \/>\n<meta name=\"twitter:card\" content=\"summary_large_image\" \/>\n<meta name=\"twitter:label1\" content=\"Gesch\u00e4tzte Lesezeit\" \/>\n\t<meta name=\"twitter:data1\" content=\"4\u00a0Minuten\" \/>\n<script type=\"application\/ld+json\" class=\"yoast-schema-graph\">{\"@context\":\"https:\\\/\\\/schema.org\",\"@graph\":[{\"@type\":\"WebPage\",\"@id\":\"https:\\\/\\\/balufy.com\\\/en\\\/product\\\/ferrari-296-gtb\\\/\",\"url\":\"https:\\\/\\\/balufy.com\\\/en\\\/product\\\/ferrari-296-gtb\\\/\",\"name\":\"FERRARI 296 GTB - Balufy - The taste of Experience\",\"isPartOf\":{\"@id\":\"https:\\\/\\\/balufy.com\\\/es\\\/#website\"},\"datePublished\":\"2024-04-11T12:22:11+00:00\",\"dateModified\":\"2024-04-11T12:55:33+00:00\",\"breadcrumb\":{\"@id\":\"https:\\\/\\\/balufy.com\\\/en\\\/product\\\/ferrari-296-gtb\\\/#breadcrumb\"},\"inLanguage\":\"de\",\"potentialAction\":[{\"@type\":\"ReadAction\",\"target\":[\"https:\\\/\\\/balufy.com\\\/en\\\/product\\\/ferrari-296-gtb\\\/\"]}]},{\"@type\":\"BreadcrumbList\",\"@id\":\"https:\\\/\\\/balufy.com\\\/en\\\/product\\\/ferrari-296-gtb\\\/#breadcrumb\",\"itemListElement\":[{\"@type\":\"ListItem\",\"position\":1,\"name\":\"Portada\",\"item\":\"https:\\\/\\\/balufy.com\\\/\"},{\"@type\":\"ListItem\",\"position\":2,\"name\":\"Shop\",\"item\":\"https:\\\/\\\/balufy.com\\\/es\\\/shop\\\/\"},{\"@type\":\"ListItem\",\"position\":3,\"name\":\"FERRARI 296 GTB\"}]},{\"@type\":\"WebSite\",\"@id\":\"https:\\\/\\\/balufy.com\\\/es\\\/#website\",\"url\":\"https:\\\/\\\/balufy.com\\\/es\\\/\",\"name\":\"Balufy - Taste of experience\",\"description\":\"Balufy\",\"publisher\":{\"@id\":\"https:\\\/\\\/balufy.com\\\/es\\\/#organization\"},\"potentialAction\":[{\"@type\":\"SearchAction\",\"target\":{\"@type\":\"EntryPoint\",\"urlTemplate\":\"https:\\\/\\\/balufy.com\\\/es\\\/?s={search_term_string}\"},\"query-input\":{\"@type\":\"PropertyValueSpecification\",\"valueRequired\":true,\"valueName\":\"search_term_string\"}}],\"inLanguage\":\"de\"},{\"@type\":\"Organization\",\"@id\":\"https:\\\/\\\/balufy.com\\\/es\\\/#organization\",\"name\":\"Balufy\",\"url\":\"https:\\\/\\\/balufy.com\\\/es\\\/\",\"logo\":{\"@type\":\"ImageObject\",\"inLanguage\":\"de\",\"@id\":\"https:\\\/\\\/balufy.com\\\/es\\\/#\\\/schema\\\/logo\\\/image\\\/\",\"url\":\"https:\\\/\\\/balufy.com\\\/wp-content\\\/uploads\\\/2022\\\/06\\\/LOGO_PNG.png\",\"contentUrl\":\"https:\\\/\\\/balufy.com\\\/wp-content\\\/uploads\\\/2022\\\/06\\\/LOGO_PNG.png\",\"width\":1366,\"height\":768,\"caption\":\"Balufy\"},\"image\":{\"@id\":\"https:\\\/\\\/balufy.com\\\/es\\\/#\\\/schema\\\/logo\\\/image\\\/\"},\"sameAs\":[\"https:\\\/\\\/www.facebook.com\\\/Balufy-102705001596047\",\"https:\\\/\\\/www.instagram.com\\\/balufy_oficial\\\/\"]}]}<\/script>\n<!-- \/ Yoast SEO plugin. -->","yoast_head_json":{"title":"FERRARI 296 GTB - Balufy - Der Geschmack der Erfahrung","robots":{"index":"index","follow":"follow","max-snippet":"max-snippet:-1","max-image-preview":"max-image-preview:large","max-video-preview":"max-video-preview:-1"},"canonical":"https:\/\/balufy.com\/de\/produkt\/ferrari-296-gtb\/","og_locale":"de_DE","og_type":"article","og_title":"FERRARI 296 GTB - Balufy - The taste of Experience","og_description":"\u00bfPor qu\u00e9 conformarte con un coche convencional cuando puedes vivir la experiencia de conducir un Ferrari? Alquila un Ferrari 296 GTB y ad\u00e9ntrate en el mundo de la potencia y la sofisticaci\u00f3n con un deportivo de \u00faltima generaci\u00f3n que combina la elegancia y la innovaci\u00f3n tecnol\u00f3gica para brindarte una experiencia de conducci\u00f3n inigualable. El Ferrari [&hellip;]","og_url":"https:\/\/balufy.com\/de\/produkt\/ferrari-296-gtb\/","og_site_name":"Balufy - The taste of Experience","article_publisher":"https:\/\/www.facebook.com\/Balufy-102705001596047","article_modified_time":"2024-04-11T12:55:33+00:00","twitter_card":"summary_large_image","twitter_misc":{"Gesch\u00e4tzte Lesezeit":"4\u00a0Minuten"},"schema":{"@context":"https:\/\/schema.org","@graph":[{"@type":"WebPage","@id":"https:\/\/balufy.com\/en\/product\/ferrari-296-gtb\/","url":"https:\/\/balufy.com\/en\/product\/ferrari-296-gtb\/","name":"FERRARI 296 GTB - Balufy - Der Geschmack der Erfahrung","isPartOf":{"@id":"https:\/\/balufy.com\/es\/#website"},"datePublished":"2024-04-11T12:22:11+00:00","dateModified":"2024-04-11T12:55:33+00:00","breadcrumb":{"@id":"https:\/\/balufy.com\/en\/product\/ferrari-296-gtb\/#breadcrumb"},"inLanguage":"de","potentialAction":[{"@type":"ReadAction","target":["https:\/\/balufy.com\/en\/product\/ferrari-296-gtb\/"]}]},{"@type":"BreadcrumbList","@id":"https:\/\/balufy.com\/en\/product\/ferrari-296-gtb\/#breadcrumb","itemListElement":[{"@type":"ListItem","position":1,"name":"Portada","item":"https:\/\/balufy.com\/"},{"@type":"ListItem","position":2,"name":"Shop","item":"https:\/\/balufy.com\/es\/shop\/"},{"@type":"ListItem","position":3,"name":"FERRARI 296 GTB"}]},{"@type":"WebSite","@id":"https:\/\/balufy.com\/es\/#website","url":"https:\/\/balufy.com\/es\/","name":"Balufy - Geschmack der Erfahrung","description":"Balufy","publisher":{"@id":"https:\/\/balufy.com\/es\/#organization"},"potentialAction":[{"@type":"SearchAction","target":{"@type":"EntryPoint","urlTemplate":"https:\/\/balufy.com\/es\/?s={search_term_string}"},"query-input":{"@type":"PropertyValueSpecification","valueRequired":true,"valueName":"search_term_string"}}],"inLanguage":"de"},{"@type":"Organization","@id":"https:\/\/balufy.com\/es\/#organization","name":"Balufy","url":"https:\/\/balufy.com\/es\/","logo":{"@type":"ImageObject","inLanguage":"de","@id":"https:\/\/balufy.com\/es\/#\/schema\/logo\/image\/","url":"https:\/\/balufy.com\/wp-content\/uploads\/2022\/06\/LOGO_PNG.png","contentUrl":"https:\/\/balufy.com\/wp-content\/uploads\/2022\/06\/LOGO_PNG.png","width":1366,"height":768,"caption":"Balufy"},"image":{"@id":"https:\/\/balufy.com\/es\/#\/schema\/logo\/image\/"},"sameAs":["https:\/\/www.facebook.com\/Balufy-102705001596047","https:\/\/www.instagram.com\/balufy_oficial\/"]}]}},"_links":{"self":[{"href":"https:\/\/balufy.com\/de\/wp-json\/wp\/v2\/product\/2728","targetHints":{"allow":["GET"]}}],"collection":[{"href":"https:\/\/balufy.com\/de\/wp-json\/wp\/v2\/product"}],"about":[{"href":"https:\/\/balufy.com\/de\/wp-json\/wp\/v2\/types\/product"}],"version-history":[{"count":0,"href":"https:\/\/balufy.com\/de\/wp-json\/wp\/v2\/product\/2728\/revisions"}],"wp:attachment":[{"href":"https:\/\/balufy.com\/de\/wp-json\/wp\/v2\/media?parent=2728"}],"wp:term":[{"taxonomy":"product_brand","embeddable":true,"href":"https:\/\/balufy.com\/de\/wp-json\/wp\/v2\/product_brand?post=2728"},{"taxonomy":"product_cat","embeddable":true,"href":"https:\/\/balufy.com\/de\/wp-json\/wp\/v2\/product_cat?post=2728"},{"taxonomy":"product_tag","embeddable":true,"href":"https:\/\/balufy.com\/de\/wp-json\/wp\/v2\/product_tag?post=2728"}],"curies":[{"name":"wp","href":"https:\/\/api.w.org\/{rel}","templated":true}]}}