{"id":2770,"date":"2024-04-11T17:53:17","date_gmt":"2024-04-11T15:53:17","guid":{"rendered":"https:\/\/balufy.com\/product\/lamborghini-huracan-spyder\/"},"modified":"2024-04-11T18:02:14","modified_gmt":"2024-04-11T16:02:14","slug":"lamborghini-huracan-spyder","status":"publish","type":"product","link":"https:\/\/balufy.com\/de\/produkt\/lamborghini-huracan-spyder\/","title":{"rendered":"LAMBORGHINI HURACAN SPYDER"},"content":{"rendered":"<p>M\u00f6chten Sie ein aufregendes und dynamisches Fahrerlebnis erleben? Mieten Sie einen Lamborghini Hurac\u00e1n Spyder und erleben Sie, wie Geschwindigkeit und Design Hand in Hand gehen.<\/p>\n<p>Dieser offene Supersportwagen verbindet elegantes Aussehen mit spektakul\u00e4rer Leistung. Sein 610 PS starker V10-Motor und die Beschleunigung von 0-100 km\/h in nur 3,4 Sekunden lassen Sie Geschwindigkeit und Adrenalin wie nie zuvor sp\u00fcren. Der Lamborghini Hurac\u00e1n Spyder zeichnet sich jedoch nicht nur durch seine Leistung aus. Seine Leistung und sein aerodynamisches Design mit aggressiven Linien verleihen ihm eine einzigartige \u00c4sthetik, die ihn zum Mittelpunkt der Aufmerksamkeit macht. Und dank des versenkbaren Dachs k\u00f6nnen Sie die kurvenreichen Bergstra\u00dfen oder Ihre Fahrt durch die Gro\u00dfstadt mit einem unvergleichlichen Gef\u00fchl der Freiheit genie\u00dfen.<\/p>\n<p><strong>Ein offener Supersportwagen f\u00fcr ein gro\u00dfartiges Erlebnis<\/strong><br \/>\nMit dem Lamborghini Hurac\u00e1n Spyder Cabrio erleben Sie ein Fahrerlebnis wie kein anderes. Sind Sie bereit, eine sofortige Verbindung mit der Stra\u00dfe zu sp\u00fcren? Mit seiner pr\u00e4zisen Lenkung und dem Sportfahrwerk, das ein agiles und stabiles Fahrverhalten bietet, wird jede Kurve zu einer einzigartigen Gelegenheit, das au\u00dfergew\u00f6hnliche Handling und die Stabilit\u00e4t dieses Supersportwagens zu genie\u00dfen.<\/p>\n<p><strong>Unser Lamborghini Hurac\u00e1n Spyder Verleihservice<\/strong><br \/>\nMieten Sie einen Lamborghini Hurac\u00e1n Spyder mit <strong>BALUFY<\/strong> ist ein unkomplizierter, schneller und bequemer Prozess. Wir arbeiten daran, den besten Service zu attraktiven Preisen anzubieten, damit Sie die neuesten Innovationen auf dem Markt fahren k\u00f6nnen. Wir garantieren das von uns vorgeschlagene Modell, auch wenn die internen Komponenten oder die Motorleistung variieren k\u00f6nnen. Sollte dies der Fall sein, senden wir Ihnen vor der Best\u00e4tigung der Reservierung alle Spezifikationen zu.<\/p>\n<p>Unser Angebot umfasst Kilometergeld, Versicherung, Tagesmiete und alle zus\u00e4tzlichen Zahlungen au\u00dfer der Garantie. Dar\u00fcber hinaus beinhaltet unser Lamborghini Hurac\u00e1n Spyder Mietservice auch die Lieferung des Fahrzeugs an die angegebene Adresse und die M\u00f6glichkeit, es bei Bedarf in einer anderen Stadt zur\u00fcckzugeben. Alles, was Sie f\u00fcr die Anmietung des Fahrzeugs ben\u00f6tigen, ist ein g\u00fcltiger F\u00fchrerschein und die Erf\u00fcllung der Anforderungen an Mindestalter und Fahrpraxis.<\/p>\n<p>Wir bieten Ihnen die flexibelsten Preise auf dem Markt und spezielle Rabatte f\u00fcr unsere Stammkunden. Au\u00dferdem, wenn Sie einen Lamborghini Hurac\u00e1n Spyder mieten mit <strong>BALUFY<\/strong>Sie haben rund um die Uhr Zugang zu unserem Support-Service, so dass Sie uns jederzeit kontaktieren k\u00f6nnen, wenn Sie es w\u00fcnschen.<\/p>\n<p>Unser Ziel ist es, dass Sie Ihr Auto ohne Sorgen genie\u00dfen k\u00f6nnen, deshalb machen wir es Ihnen leicht, Ihr Luxusfahrzeug \u00fcber unsere Website, E-Mail oder WhatsApp zu buchen. Wir verlangen keine Provision und es gibt keine versteckten Geb\u00fchren! Sie k\u00f6nnen die Bedingungen des Mietvertrags hier einsehen.<\/p>\n<p><strong>Ihr Auto, wo immer Sie wollen<\/strong><br \/>\nMieten Sie einen Lamborghini Hurac\u00e1n Spyder mit <strong>BALUFY<\/strong> Keine Sorge, wir k\u00fcmmern uns um alles. Wir liefern das Fahrzeug an den Ort und die Zeit Ihrer Wahl, mit allen Spezifikationen und garantieren absolute Vertraulichkeit. Dar\u00fcber hinaus k\u00f6nnen Sie das Auto bei Bedarf problemlos in einer anderen Stadt zur\u00fcckgeben. Die Anmietung ist ganz einfach: Sie brauchen nur einen F\u00fchrerschein, m\u00fcssen 25 Jahre alt sein und mindestens 2 Jahre Fahrpraxis haben, dann k\u00f6nnen Sie die Stra\u00dfe genie\u00dfen!<\/p>\n<p>Verpassen Sie nicht diese Gelegenheit, Ihre Tr\u00e4ume wahr werden zu lassen. Mieten Sie einen Lamborghini Hurac\u00e1n Spyder und erleben Sie ein unvergessliches Erlebnis. Kontaktieren Sie uns und wir werden den genauen Mietpreis berechnen.<\/p>\n<p><strong>Mietbedingungen<\/strong><br \/>\nWenn Sie mit dem Gedanken spielen, ein Auto bei BALUFY zu mieten, sollten Sie die Bedingungen unserer High-End-Autovermietung kennen, um sicherzustellen, dass Sie sie erf\u00fcllen, bevor Sie ein unvergessliches Erlebnis auf der Stra\u00dfe erleben k\u00f6nnen.<\/p>\n<p>25 Jahre alt sein.<br \/>\nF\u00fchrerschein, der seit mindestens 2 Jahren g\u00fcltig ist.<br \/>\nSie m\u00fcssen eine Bankkarte besitzen.<br \/>\nWir akzeptieren verschiedene Zahlungsarten FIAT und CRYPTO.<br \/>\n\u00dcberpr\u00fcfen Sie den Standort des Fahrzeugs. Der Transfer ist nicht im Preis inbegriffen.<br \/>\nPr\u00fcfen Sie den Preis f\u00fcr den Transfer des Fahrzeugs zu Ihrem Haus, Hotel oder anderen Orten.<br \/>\nBitte kl\u00e4ren Sie die Stornierungsbedingungen mit dem Handelsvertreter.<br \/>\nWir behalten uns das Recht vor, die Dienstleistung zu erbringen.<br \/>\nDer Mietpreis und die Kaution m\u00fcssen vor der Inanspruchnahme der Dienstleistung bezahlt werden.<br \/>\nKonsultieren Sie den Rabatt f\u00fcr mehrere Tage.<br \/>\nErkundigen Sie sich bei der Verkaufsstelle nach der Mindestanzahl von Tagen, die f\u00fcr eine Buchung erforderlich sind (je nach Saison).<\/p>\n<p>&nbsp;<\/p>","protected":false},"excerpt":{"rendered":"<p>\u00bfQuieres vivir una experiencia de conducci\u00f3n emocionante y vibrante? Alquila un Lamborghini Hurac\u00e1n Spyder y siente como la velocidad y el dise\u00f1o van de la mano. Este superdeportivo descapotable combina una apariencia elegante con un rendimiento espectacular. Su motor V10 de 610 caballos y una aceleraci\u00f3n de 0 a 100 km\/h en solo 3.4 segundos [&hellip;]<\/p>","protected":false},"featured_media":0,"template":"","meta":[],"product_brand":[],"product_cat":[20],"product_tag":[],"class_list":{"0":"post-2770","1":"product","2":"type-product","3":"status-publish","5":"product_cat-listeo-booking","7":"first","8":"instock","9":"virtual","10":"sold-individually","11":"purchasable","12":"product-type-listing_booking"},"yoast_head":"<!-- This site is optimized with the Yoast SEO plugin v27.3 - https:\/\/yoast.com\/product\/yoast-seo-wordpress\/ -->\n<title>LAMBORGHINI HURAC\u00c1N SPYDER - Balufy - The taste of Experience<\/title>\n<meta name=\"robots\" content=\"index, follow, max-snippet:-1, max-image-preview:large, max-video-preview:-1\" \/>\n<link rel=\"canonical\" href=\"https:\/\/balufy.com\/de\/produkt\/lamborghini-huracan-spyder\/\" \/>\n<meta property=\"og:locale\" content=\"de_DE\" \/>\n<meta property=\"og:type\" content=\"article\" \/>\n<meta property=\"og:title\" content=\"LAMBORGHINI HURAC\u00c1N SPYDER - Balufy - The taste of Experience\" \/>\n<meta property=\"og:description\" content=\"\u00bfQuieres vivir una experiencia de conducci\u00f3n emocionante y vibrante? Alquila un Lamborghini Hurac\u00e1n Spyder y siente como la velocidad y el dise\u00f1o van de la mano. Este superdeportivo descapotable combina una apariencia elegante con un rendimiento espectacular. Su motor V10 de 610 caballos y una aceleraci\u00f3n de 0 a 100 km\/h en solo 3.4 segundos [&hellip;]\" \/>\n<meta property=\"og:url\" content=\"https:\/\/balufy.com\/de\/produkt\/lamborghini-huracan-spyder\/\" \/>\n<meta property=\"og:site_name\" content=\"Balufy - The taste of Experience\" \/>\n<meta property=\"article:publisher\" content=\"https:\/\/www.facebook.com\/Balufy-102705001596047\" \/>\n<meta property=\"article:modified_time\" content=\"2024-04-11T16:02:14+00:00\" \/>\n<meta name=\"twitter:card\" content=\"summary_large_image\" \/>\n<meta name=\"twitter:label1\" content=\"Gesch\u00e4tzte Lesezeit\" \/>\n\t<meta name=\"twitter:data1\" content=\"4\u00a0Minuten\" \/>\n<script type=\"application\/ld+json\" class=\"yoast-schema-graph\">{\"@context\":\"https:\\\/\\\/schema.org\",\"@graph\":[{\"@type\":\"WebPage\",\"@id\":\"https:\\\/\\\/balufy.com\\\/en\\\/product\\\/lamborghini-huracan-spyder\\\/\",\"url\":\"https:\\\/\\\/balufy.com\\\/en\\\/product\\\/lamborghini-huracan-spyder\\\/\",\"name\":\"LAMBORGHINI HURAC\u00c1N SPYDER - Balufy - The taste of Experience\",\"isPartOf\":{\"@id\":\"https:\\\/\\\/balufy.com\\\/es\\\/#website\"},\"datePublished\":\"2024-04-11T15:53:17+00:00\",\"dateModified\":\"2024-04-11T16:02:14+00:00\",\"breadcrumb\":{\"@id\":\"https:\\\/\\\/balufy.com\\\/en\\\/product\\\/lamborghini-huracan-spyder\\\/#breadcrumb\"},\"inLanguage\":\"de\",\"potentialAction\":[{\"@type\":\"ReadAction\",\"target\":[\"https:\\\/\\\/balufy.com\\\/en\\\/product\\\/lamborghini-huracan-spyder\\\/\"]}]},{\"@type\":\"BreadcrumbList\",\"@id\":\"https:\\\/\\\/balufy.com\\\/en\\\/product\\\/lamborghini-huracan-spyder\\\/#breadcrumb\",\"itemListElement\":[{\"@type\":\"ListItem\",\"position\":1,\"name\":\"Portada\",\"item\":\"https:\\\/\\\/balufy.com\\\/\"},{\"@type\":\"ListItem\",\"position\":2,\"name\":\"Shop\",\"item\":\"https:\\\/\\\/balufy.com\\\/es\\\/shop\\\/\"},{\"@type\":\"ListItem\",\"position\":3,\"name\":\"LAMBORGHINI HURAC\u00c1N SPYDER\"}]},{\"@type\":\"WebSite\",\"@id\":\"https:\\\/\\\/balufy.com\\\/es\\\/#website\",\"url\":\"https:\\\/\\\/balufy.com\\\/es\\\/\",\"name\":\"Balufy - Taste of experience\",\"description\":\"Balufy\",\"publisher\":{\"@id\":\"https:\\\/\\\/balufy.com\\\/es\\\/#organization\"},\"potentialAction\":[{\"@type\":\"SearchAction\",\"target\":{\"@type\":\"EntryPoint\",\"urlTemplate\":\"https:\\\/\\\/balufy.com\\\/es\\\/?s={search_term_string}\"},\"query-input\":{\"@type\":\"PropertyValueSpecification\",\"valueRequired\":true,\"valueName\":\"search_term_string\"}}],\"inLanguage\":\"de\"},{\"@type\":\"Organization\",\"@id\":\"https:\\\/\\\/balufy.com\\\/es\\\/#organization\",\"name\":\"Balufy\",\"url\":\"https:\\\/\\\/balufy.com\\\/es\\\/\",\"logo\":{\"@type\":\"ImageObject\",\"inLanguage\":\"de\",\"@id\":\"https:\\\/\\\/balufy.com\\\/es\\\/#\\\/schema\\\/logo\\\/image\\\/\",\"url\":\"https:\\\/\\\/balufy.com\\\/wp-content\\\/uploads\\\/2022\\\/06\\\/LOGO_PNG.png\",\"contentUrl\":\"https:\\\/\\\/balufy.com\\\/wp-content\\\/uploads\\\/2022\\\/06\\\/LOGO_PNG.png\",\"width\":1366,\"height\":768,\"caption\":\"Balufy\"},\"image\":{\"@id\":\"https:\\\/\\\/balufy.com\\\/es\\\/#\\\/schema\\\/logo\\\/image\\\/\"},\"sameAs\":[\"https:\\\/\\\/www.facebook.com\\\/Balufy-102705001596047\",\"https:\\\/\\\/www.instagram.com\\\/balufy_oficial\\\/\"]}]}<\/script>\n<!-- \/ Yoast SEO plugin. -->","yoast_head_json":{"title":"LAMBORGHINI HURACAN SPYDER - Balufy - Der Geschmack der Erfahrung","robots":{"index":"index","follow":"follow","max-snippet":"max-snippet:-1","max-image-preview":"max-image-preview:large","max-video-preview":"max-video-preview:-1"},"canonical":"https:\/\/balufy.com\/de\/produkt\/lamborghini-huracan-spyder\/","og_locale":"de_DE","og_type":"article","og_title":"LAMBORGHINI HURAC\u00c1N SPYDER - Balufy - The taste of Experience","og_description":"\u00bfQuieres vivir una experiencia de conducci\u00f3n emocionante y vibrante? Alquila un Lamborghini Hurac\u00e1n Spyder y siente como la velocidad y el dise\u00f1o van de la mano. Este superdeportivo descapotable combina una apariencia elegante con un rendimiento espectacular. Su motor V10 de 610 caballos y una aceleraci\u00f3n de 0 a 100 km\/h en solo 3.4 segundos [&hellip;]","og_url":"https:\/\/balufy.com\/de\/produkt\/lamborghini-huracan-spyder\/","og_site_name":"Balufy - The taste of Experience","article_publisher":"https:\/\/www.facebook.com\/Balufy-102705001596047","article_modified_time":"2024-04-11T16:02:14+00:00","twitter_card":"summary_large_image","twitter_misc":{"Gesch\u00e4tzte Lesezeit":"4\u00a0Minuten"},"schema":{"@context":"https:\/\/schema.org","@graph":[{"@type":"WebPage","@id":"https:\/\/balufy.com\/en\/product\/lamborghini-huracan-spyder\/","url":"https:\/\/balufy.com\/en\/product\/lamborghini-huracan-spyder\/","name":"LAMBORGHINI HURACAN SPYDER - Balufy - Der Geschmack der Erfahrung","isPartOf":{"@id":"https:\/\/balufy.com\/es\/#website"},"datePublished":"2024-04-11T15:53:17+00:00","dateModified":"2024-04-11T16:02:14+00:00","breadcrumb":{"@id":"https:\/\/balufy.com\/en\/product\/lamborghini-huracan-spyder\/#breadcrumb"},"inLanguage":"de","potentialAction":[{"@type":"ReadAction","target":["https:\/\/balufy.com\/en\/product\/lamborghini-huracan-spyder\/"]}]},{"@type":"BreadcrumbList","@id":"https:\/\/balufy.com\/en\/product\/lamborghini-huracan-spyder\/#breadcrumb","itemListElement":[{"@type":"ListItem","position":1,"name":"Portada","item":"https:\/\/balufy.com\/"},{"@type":"ListItem","position":2,"name":"Shop","item":"https:\/\/balufy.com\/es\/shop\/"},{"@type":"ListItem","position":3,"name":"LAMBORGHINI HURAC\u00c1N SPYDER"}]},{"@type":"WebSite","@id":"https:\/\/balufy.com\/es\/#website","url":"https:\/\/balufy.com\/es\/","name":"Balufy - Geschmack der Erfahrung","description":"Balufy","publisher":{"@id":"https:\/\/balufy.com\/es\/#organization"},"potentialAction":[{"@type":"SearchAction","target":{"@type":"EntryPoint","urlTemplate":"https:\/\/balufy.com\/es\/?s={search_term_string}"},"query-input":{"@type":"PropertyValueSpecification","valueRequired":true,"valueName":"search_term_string"}}],"inLanguage":"de"},{"@type":"Organization","@id":"https:\/\/balufy.com\/es\/#organization","name":"Balufy","url":"https:\/\/balufy.com\/es\/","logo":{"@type":"ImageObject","inLanguage":"de","@id":"https:\/\/balufy.com\/es\/#\/schema\/logo\/image\/","url":"https:\/\/balufy.com\/wp-content\/uploads\/2022\/06\/LOGO_PNG.png","contentUrl":"https:\/\/balufy.com\/wp-content\/uploads\/2022\/06\/LOGO_PNG.png","width":1366,"height":768,"caption":"Balufy"},"image":{"@id":"https:\/\/balufy.com\/es\/#\/schema\/logo\/image\/"},"sameAs":["https:\/\/www.facebook.com\/Balufy-102705001596047","https:\/\/www.instagram.com\/balufy_oficial\/"]}]}},"_links":{"self":[{"href":"https:\/\/balufy.com\/de\/wp-json\/wp\/v2\/product\/2770","targetHints":{"allow":["GET"]}}],"collection":[{"href":"https:\/\/balufy.com\/de\/wp-json\/wp\/v2\/product"}],"about":[{"href":"https:\/\/balufy.com\/de\/wp-json\/wp\/v2\/types\/product"}],"version-history":[{"count":0,"href":"https:\/\/balufy.com\/de\/wp-json\/wp\/v2\/product\/2770\/revisions"}],"wp:attachment":[{"href":"https:\/\/balufy.com\/de\/wp-json\/wp\/v2\/media?parent=2770"}],"wp:term":[{"taxonomy":"product_brand","embeddable":true,"href":"https:\/\/balufy.com\/de\/wp-json\/wp\/v2\/product_brand?post=2770"},{"taxonomy":"product_cat","embeddable":true,"href":"https:\/\/balufy.com\/de\/wp-json\/wp\/v2\/product_cat?post=2770"},{"taxonomy":"product_tag","embeddable":true,"href":"https:\/\/balufy.com\/de\/wp-json\/wp\/v2\/product_tag?post=2770"}],"curies":[{"name":"wp","href":"https:\/\/api.w.org\/{rel}","templated":true}]}}