{"id":2784,"date":"2024-04-11T18:09:09","date_gmt":"2024-04-11T16:09:09","guid":{"rendered":"https:\/\/balufy.com\/product\/audi-rs-6-avant\/"},"modified":"2024-04-11T18:18:34","modified_gmt":"2024-04-11T16:18:34","slug":"audi-rs-6-avant","status":"publish","type":"product","link":"https:\/\/balufy.com\/de\/produkt\/audi-rs-6-avant\/","title":{"rendered":"AUDI RS 6 AVANT"},"content":{"rendered":"<p>M\u00f6chten Sie einen prestigetr\u00e4chtigen Sportwagen fahren? Mieten Sie einen Audi RS 6 Avant und genie\u00dfen Sie un\u00fcbertroffene Dynamik und Luxus in jedem Detail. Entdecken Sie die perfekte Kombination aus Leistung, Stil und Funktionalit\u00e4t in einem einzigen Fahrzeug mit diesem Sportwagen, der die Erwartungen neu definiert und ein aufregendes und vielseitiges Fahrerlebnis bietet.<\/p>\n<p>Ob beim Cruisen durch eine Gro\u00dfstadt, beim Beschleunigen auf der Autobahn oder beim Genie\u00dfen von Kurven auf einer Bergstra\u00dfe - der Audi RS 6 Avant gibt Ihnen das Gef\u00fchl absoluter Kraft und Kontrolle. Mit einem 4,0-Liter-V8-Motor mit Doppelturboaufladung und 600 PS wird jeder Moment hinter dem Steuer zu einem intensiven und aufregenden Erlebnis. Der Audi RS 6 Avant \u00fcberzeugt nicht nur durch seine Leistung, sondern auch durch seinen Stil. Sein k\u00fchnes, aerodynamisches Design mit sportlichen Details und ein Innenraum, der Luxus und Funktionalit\u00e4t mit Ledersitzen kombiniert, wird die Aufmerksamkeit aller auf sich ziehen, wohin Sie auch gehen.<\/p>\n<p><strong>Ein Sportwagen f\u00fcr ein tolles Erlebnis<\/strong><br \/>\nSind Sie bereit, das unvergleichliche Fahrgef\u00fchl in einem Audi RS 6 Avant zu erleben? Der quattro-Allradantrieb sorgt f\u00fcr au\u00dfergew\u00f6hnlichen Grip auf jedem Untergrund und erm\u00f6glicht Ihnen jederzeit eine sichere und spannende Fahrt. Die pr\u00e4zise Lenkung und das Sportfahrwerk erm\u00f6glichen Ihnen ein agiles und dynamisches Fahrerlebnis, w\u00e4hrend die fortschrittlichen Fahrerassistenzsysteme f\u00fcr mehr Sicherheit auf der Stra\u00dfe sorgen.<\/p>\n<p><strong>Unser Audi RS 6 Avant-Mietservice<\/strong><br \/>\nMieten Sie einen Audi RS 6 Avant einfach, schnell und bequem. Unter<strong> BALUFY<\/strong>Wir arbeiten daran, Ihnen einen optimalen Service zu attraktiven Preisen zu bieten, damit Sie die neuesten Fahrzeuge der Spitzenklasse fahren k\u00f6nnen. Wir garantieren immer das gew\u00fcnschte Modell, auch wenn es m\u00f6glich ist, dass interne Komponenten oder die Motorleistung variieren k\u00f6nnen. In diesem Fall senden wir Ihnen vor der Best\u00e4tigung der Reservierung immer alle relevanten Spezifikationen zu.<\/p>\n<p>Unser Angebot deckt Kilometerstand, Versicherung, Tagesmiete und andere Zahlungen ab, mit Ausnahme der Garantie. Dar\u00fcber hinaus umfasst unser Mietservice f\u00fcr den Audi RS 6 Avant die Lieferung des Fahrzeugs an die angegebene Adresse und die M\u00f6glichkeit, es bei Bedarf in einer anderen Stadt zur\u00fcckzugeben. F\u00fcr die Anmietung sind lediglich ein g\u00fcltiger F\u00fchrerschein sowie die Einhaltung des Mindestalters und der Fahrpraxis erforderlich.<\/p>\n<p>Wir bieten die flexibelsten Preise auf dem Markt und gew\u00e4hren unseren Stammkunden Rabatte. Au\u00dferdem, wenn Sie einen Audi RS 6 Avant mieten mit<strong> BALUFY<\/strong>Wenn Sie Fragen haben, haben Sie rund um die Uhr Zugang zu unserem Support-Service, so dass Sie uns jederzeit kontaktieren k\u00f6nnen. Unser Ziel ist es, dass Sie eine sorgenfreie Erfahrung machen, deshalb machen wir alles so einfach wie m\u00f6glich f\u00fcr Sie und geben Ihnen die M\u00f6glichkeit, ein Fahrzeug online, per E-Mail oder WhatsApp zu buchen, ohne Provisionen oder versteckte Geb\u00fchren! Wenn Sie m\u00f6chten, k\u00f6nnen Sie die Bedingungen des Mietvertrags hier einsehen.<\/p>\n<p><strong>Ihr Auto, wo immer Sie wollen<\/strong><br \/>\nVergessen Sie die logistischen Details. Mieten Sie einen Audi RS 6 Avant und wir k\u00fcmmern uns um alles. Wir liefern das Fahrzeug an den Ort und zur Zeit Ihrer Wahl, mit allen Spezifikationen und unter Gew\u00e4hrleistung absoluter Vertraulichkeit. Und wenn n\u00f6tig, k\u00f6nnen Sie den Audi RS 6 Avant in einer anderen Stadt zur\u00fcckgeben. Alles, was Sie f\u00fcr Ihre Anmietung tun m\u00fcssen, ist, einen F\u00fchrerschein zu besitzen, 25 Jahre alt zu sein und mindestens 2 Jahre Fahrpraxis zu haben - alles, was Sie tun m\u00fcssen, ist, das Erlebnis auf der Stra\u00dfe zu genie\u00dfen!<\/p>\n<p>Verpassen Sie nicht diese Gelegenheit, Ihre Tr\u00e4ume wahr werden zu lassen. Mieten Sie einen Audi RS 6 Avant und erleben Sie eine Erfahrung, die Sie nie vergessen werden. Kontaktieren Sie uns und wir werden den genauen Mietpreis berechnen.<\/p>\n<p><strong>Mietbedingungen<\/strong><br \/>\nWenn Sie sich f\u00fcr eine Anmietung mit <strong>BALUFY<\/strong> sollten Sie die Bedingungen unseres Premium-Autovermietungsdienstes kennen, um sicherzustellen, dass Sie sie erf\u00fcllen, bevor Sie ein unvergessliches Erlebnis auf der Stra\u00dfe haben k\u00f6nnen.<\/p>\n<p>25 Jahre alt sein.<br \/>\nF\u00fchrerschein, der seit mindestens 2 Jahren g\u00fcltig ist.<br \/>\nSie m\u00fcssen eine Bankkarte besitzen.<br \/>\nWir akzeptieren verschiedene Zahlungsarten FIAT und CRYPTO.<br \/>\n\u00dcberpr\u00fcfen Sie den Standort des Fahrzeugs. Der Transfer ist nicht im Preis inbegriffen.<br \/>\nPr\u00fcfen Sie den Preis f\u00fcr den Transfer des Fahrzeugs zu Ihrem Haus, Hotel oder anderen Orten.<br \/>\nBitte kl\u00e4ren Sie die Stornierungsbedingungen mit dem Handelsvertreter.<br \/>\nWir behalten uns das Recht vor, die Dienstleistung zu erbringen.<br \/>\nDer Mietpreis und die Kaution m\u00fcssen vor der Inanspruchnahme der Dienstleistung bezahlt werden.<br \/>\nKonsultieren Sie den Rabatt f\u00fcr mehrere Tage.<br \/>\nErkundigen Sie sich bei der Verkaufsstelle nach der Mindestanzahl von Tagen, die f\u00fcr eine Buchung erforderlich sind (je nach Saison).<\/p>","protected":false},"excerpt":{"rendered":"<p>\u00bfTe gustar\u00eda conducir un coche deportivo de prestigio? Alquila un Audi RS 6 Avant y disfruta de una din\u00e1mica y un lujo insuperables en cada detalle. Descubre la combinaci\u00f3n perfecta de potencia, estilo y funcionalidad en un solo veh\u00edculo con este deportivo que redefine las expectativas, ofreciendo una experiencia de conducci\u00f3n emocionante y vers\u00e1til. Ya [&hellip;]<\/p>","protected":false},"featured_media":0,"template":"","meta":[],"product_brand":[],"product_cat":[20],"product_tag":[],"class_list":{"0":"post-2784","1":"product","2":"type-product","3":"status-publish","5":"product_cat-listeo-booking","7":"first","8":"instock","9":"virtual","10":"sold-individually","11":"purchasable","12":"product-type-listing_booking"},"yoast_head":"<!-- This site is optimized with the Yoast SEO plugin v27.3 - https:\/\/yoast.com\/product\/yoast-seo-wordpress\/ -->\n<title>AUDI RS 6 AVANT - Balufy - The taste of Experience<\/title>\n<meta name=\"robots\" content=\"index, follow, max-snippet:-1, max-image-preview:large, max-video-preview:-1\" \/>\n<link rel=\"canonical\" href=\"https:\/\/balufy.com\/de\/produkt\/audi-rs-6-avant\/\" \/>\n<meta property=\"og:locale\" content=\"de_DE\" \/>\n<meta property=\"og:type\" content=\"article\" \/>\n<meta property=\"og:title\" content=\"AUDI RS 6 AVANT - Balufy - The taste of Experience\" \/>\n<meta property=\"og:description\" content=\"\u00bfTe gustar\u00eda conducir un coche deportivo de prestigio? Alquila un Audi RS 6 Avant y disfruta de una din\u00e1mica y un lujo insuperables en cada detalle. Descubre la combinaci\u00f3n perfecta de potencia, estilo y funcionalidad en un solo veh\u00edculo con este deportivo que redefine las expectativas, ofreciendo una experiencia de conducci\u00f3n emocionante y vers\u00e1til. Ya [&hellip;]\" \/>\n<meta property=\"og:url\" content=\"https:\/\/balufy.com\/de\/produkt\/audi-rs-6-avant\/\" \/>\n<meta property=\"og:site_name\" content=\"Balufy - The taste of Experience\" \/>\n<meta property=\"article:publisher\" content=\"https:\/\/www.facebook.com\/Balufy-102705001596047\" \/>\n<meta property=\"article:modified_time\" content=\"2024-04-11T16:18:34+00:00\" \/>\n<meta name=\"twitter:card\" content=\"summary_large_image\" \/>\n<meta name=\"twitter:label1\" content=\"Gesch\u00e4tzte Lesezeit\" \/>\n\t<meta name=\"twitter:data1\" content=\"4\u00a0Minuten\" \/>\n<script type=\"application\/ld+json\" class=\"yoast-schema-graph\">{\"@context\":\"https:\\\/\\\/schema.org\",\"@graph\":[{\"@type\":\"WebPage\",\"@id\":\"https:\\\/\\\/balufy.com\\\/en\\\/product\\\/audi-rs-6-avant\\\/\",\"url\":\"https:\\\/\\\/balufy.com\\\/en\\\/product\\\/audi-rs-6-avant\\\/\",\"name\":\"AUDI RS 6 AVANT - Balufy - The taste of Experience\",\"isPartOf\":{\"@id\":\"https:\\\/\\\/balufy.com\\\/es\\\/#website\"},\"datePublished\":\"2024-04-11T16:09:09+00:00\",\"dateModified\":\"2024-04-11T16:18:34+00:00\",\"breadcrumb\":{\"@id\":\"https:\\\/\\\/balufy.com\\\/en\\\/product\\\/audi-rs-6-avant\\\/#breadcrumb\"},\"inLanguage\":\"de\",\"potentialAction\":[{\"@type\":\"ReadAction\",\"target\":[\"https:\\\/\\\/balufy.com\\\/en\\\/product\\\/audi-rs-6-avant\\\/\"]}]},{\"@type\":\"BreadcrumbList\",\"@id\":\"https:\\\/\\\/balufy.com\\\/en\\\/product\\\/audi-rs-6-avant\\\/#breadcrumb\",\"itemListElement\":[{\"@type\":\"ListItem\",\"position\":1,\"name\":\"Portada\",\"item\":\"https:\\\/\\\/balufy.com\\\/\"},{\"@type\":\"ListItem\",\"position\":2,\"name\":\"Shop\",\"item\":\"https:\\\/\\\/balufy.com\\\/es\\\/shop\\\/\"},{\"@type\":\"ListItem\",\"position\":3,\"name\":\"AUDI RS 6 AVANT\"}]},{\"@type\":\"WebSite\",\"@id\":\"https:\\\/\\\/balufy.com\\\/es\\\/#website\",\"url\":\"https:\\\/\\\/balufy.com\\\/es\\\/\",\"name\":\"Balufy - Taste of experience\",\"description\":\"Balufy\",\"publisher\":{\"@id\":\"https:\\\/\\\/balufy.com\\\/es\\\/#organization\"},\"potentialAction\":[{\"@type\":\"SearchAction\",\"target\":{\"@type\":\"EntryPoint\",\"urlTemplate\":\"https:\\\/\\\/balufy.com\\\/es\\\/?s={search_term_string}\"},\"query-input\":{\"@type\":\"PropertyValueSpecification\",\"valueRequired\":true,\"valueName\":\"search_term_string\"}}],\"inLanguage\":\"de\"},{\"@type\":\"Organization\",\"@id\":\"https:\\\/\\\/balufy.com\\\/es\\\/#organization\",\"name\":\"Balufy\",\"url\":\"https:\\\/\\\/balufy.com\\\/es\\\/\",\"logo\":{\"@type\":\"ImageObject\",\"inLanguage\":\"de\",\"@id\":\"https:\\\/\\\/balufy.com\\\/es\\\/#\\\/schema\\\/logo\\\/image\\\/\",\"url\":\"https:\\\/\\\/balufy.com\\\/wp-content\\\/uploads\\\/2022\\\/06\\\/LOGO_PNG.png\",\"contentUrl\":\"https:\\\/\\\/balufy.com\\\/wp-content\\\/uploads\\\/2022\\\/06\\\/LOGO_PNG.png\",\"width\":1366,\"height\":768,\"caption\":\"Balufy\"},\"image\":{\"@id\":\"https:\\\/\\\/balufy.com\\\/es\\\/#\\\/schema\\\/logo\\\/image\\\/\"},\"sameAs\":[\"https:\\\/\\\/www.facebook.com\\\/Balufy-102705001596047\",\"https:\\\/\\\/www.instagram.com\\\/balufy_oficial\\\/\"]}]}<\/script>\n<!-- \/ Yoast SEO plugin. -->","yoast_head_json":{"title":"AUDI RS 6 AVANT - Balufy - Der Geschmack der Erfahrung","robots":{"index":"index","follow":"follow","max-snippet":"max-snippet:-1","max-image-preview":"max-image-preview:large","max-video-preview":"max-video-preview:-1"},"canonical":"https:\/\/balufy.com\/de\/produkt\/audi-rs-6-avant\/","og_locale":"de_DE","og_type":"article","og_title":"AUDI RS 6 AVANT - Balufy - The taste of Experience","og_description":"\u00bfTe gustar\u00eda conducir un coche deportivo de prestigio? Alquila un Audi RS 6 Avant y disfruta de una din\u00e1mica y un lujo insuperables en cada detalle. Descubre la combinaci\u00f3n perfecta de potencia, estilo y funcionalidad en un solo veh\u00edculo con este deportivo que redefine las expectativas, ofreciendo una experiencia de conducci\u00f3n emocionante y vers\u00e1til. Ya [&hellip;]","og_url":"https:\/\/balufy.com\/de\/produkt\/audi-rs-6-avant\/","og_site_name":"Balufy - The taste of Experience","article_publisher":"https:\/\/www.facebook.com\/Balufy-102705001596047","article_modified_time":"2024-04-11T16:18:34+00:00","twitter_card":"summary_large_image","twitter_misc":{"Gesch\u00e4tzte Lesezeit":"4\u00a0Minuten"},"schema":{"@context":"https:\/\/schema.org","@graph":[{"@type":"WebPage","@id":"https:\/\/balufy.com\/en\/product\/audi-rs-6-avant\/","url":"https:\/\/balufy.com\/en\/product\/audi-rs-6-avant\/","name":"AUDI RS 6 AVANT - Balufy - Der Geschmack der Erfahrung","isPartOf":{"@id":"https:\/\/balufy.com\/es\/#website"},"datePublished":"2024-04-11T16:09:09+00:00","dateModified":"2024-04-11T16:18:34+00:00","breadcrumb":{"@id":"https:\/\/balufy.com\/en\/product\/audi-rs-6-avant\/#breadcrumb"},"inLanguage":"de","potentialAction":[{"@type":"ReadAction","target":["https:\/\/balufy.com\/en\/product\/audi-rs-6-avant\/"]}]},{"@type":"BreadcrumbList","@id":"https:\/\/balufy.com\/en\/product\/audi-rs-6-avant\/#breadcrumb","itemListElement":[{"@type":"ListItem","position":1,"name":"Portada","item":"https:\/\/balufy.com\/"},{"@type":"ListItem","position":2,"name":"Shop","item":"https:\/\/balufy.com\/es\/shop\/"},{"@type":"ListItem","position":3,"name":"AUDI RS 6 AVANT"}]},{"@type":"WebSite","@id":"https:\/\/balufy.com\/es\/#website","url":"https:\/\/balufy.com\/es\/","name":"Balufy - Geschmack der Erfahrung","description":"Balufy","publisher":{"@id":"https:\/\/balufy.com\/es\/#organization"},"potentialAction":[{"@type":"SearchAction","target":{"@type":"EntryPoint","urlTemplate":"https:\/\/balufy.com\/es\/?s={search_term_string}"},"query-input":{"@type":"PropertyValueSpecification","valueRequired":true,"valueName":"search_term_string"}}],"inLanguage":"de"},{"@type":"Organization","@id":"https:\/\/balufy.com\/es\/#organization","name":"Balufy","url":"https:\/\/balufy.com\/es\/","logo":{"@type":"ImageObject","inLanguage":"de","@id":"https:\/\/balufy.com\/es\/#\/schema\/logo\/image\/","url":"https:\/\/balufy.com\/wp-content\/uploads\/2022\/06\/LOGO_PNG.png","contentUrl":"https:\/\/balufy.com\/wp-content\/uploads\/2022\/06\/LOGO_PNG.png","width":1366,"height":768,"caption":"Balufy"},"image":{"@id":"https:\/\/balufy.com\/es\/#\/schema\/logo\/image\/"},"sameAs":["https:\/\/www.facebook.com\/Balufy-102705001596047","https:\/\/www.instagram.com\/balufy_oficial\/"]}]}},"_links":{"self":[{"href":"https:\/\/balufy.com\/de\/wp-json\/wp\/v2\/product\/2784","targetHints":{"allow":["GET"]}}],"collection":[{"href":"https:\/\/balufy.com\/de\/wp-json\/wp\/v2\/product"}],"about":[{"href":"https:\/\/balufy.com\/de\/wp-json\/wp\/v2\/types\/product"}],"version-history":[{"count":0,"href":"https:\/\/balufy.com\/de\/wp-json\/wp\/v2\/product\/2784\/revisions"}],"wp:attachment":[{"href":"https:\/\/balufy.com\/de\/wp-json\/wp\/v2\/media?parent=2784"}],"wp:term":[{"taxonomy":"product_brand","embeddable":true,"href":"https:\/\/balufy.com\/de\/wp-json\/wp\/v2\/product_brand?post=2784"},{"taxonomy":"product_cat","embeddable":true,"href":"https:\/\/balufy.com\/de\/wp-json\/wp\/v2\/product_cat?post=2784"},{"taxonomy":"product_tag","embeddable":true,"href":"https:\/\/balufy.com\/de\/wp-json\/wp\/v2\/product_tag?post=2784"}],"curies":[{"name":"wp","href":"https:\/\/api.w.org\/{rel}","templated":true}]}}