{"id":2791,"date":"2024-04-11T18:17:30","date_gmt":"2024-04-11T16:17:30","guid":{"rendered":"https:\/\/balufy.com\/product\/audi-q8-line\/"},"modified":"2024-04-11T18:18:35","modified_gmt":"2024-04-11T16:18:35","slug":"audi-q8-linie","status":"publish","type":"product","link":"https:\/\/balufy.com\/de\/produkt\/audi-q8-linie\/","title":{"rendered":"AUDI Q8 LINE"},"content":{"rendered":"<p>M\u00f6chten Sie das Gef\u00fchl erleben, einen Premium-SUV zu fahren? Mieten Sie einen Audi Q8 S Line und erleben Sie die perfekte Kombination aus Luxus und Leistung in einem Auto. Mit seinem eleganten und sportlichen Design wird der Audi Q8 S Line Sie vom ersten Moment an in seinen Bann ziehen.<br \/>\nSein V6-Turbomotor liefert eine beeindruckende Leistung, mit der Sie jederzeit eine sanfte und schnelle Beschleunigung genie\u00dfen k\u00f6nnen. Dar\u00fcber hinaus ist der Audi Q8 S Line mit modernster Technik ausgestattet und sein ger\u00e4umiger und luxuri\u00f6ser Innenraum bietet ein einladendes Ambiente, in dem jedes Detail f\u00fcr den Komfort von Ihnen und Ihrer Familie ausgelegt ist. Die Ledersportsitze und das hochwertige Soundsystem werden Sie auf traumhaften Stra\u00dfen in ein au\u00dfergew\u00f6hnliches Erlebnis einh\u00fcllen.<\/p>\n<p><strong>Ein sportlicher SUV f\u00fcr ein tolles Familienerlebnis<\/strong><br \/>\nWer einen Audi Q8 S Line f\u00e4hrt, hat das Gef\u00fchl, die Stra\u00dfe zu beherrschen. Der quattro-Allradantrieb und das adaptive Fahrwerk bieten Ihnen ein au\u00dfergew\u00f6hnliches Handling und eine beeindruckende Stabilit\u00e4t auf jedem Terrain. Jede Kurve und jede Gerade ist ein Genuss f\u00fcr die Sinne und erm\u00f6glicht Ihnen eine agile, aufregende und sichere Fahrt. Sind Sie bereit, die perfekte Kombination aus Luxus, Leistung und Technologie zu entdecken? Erleben Sie das Fahrgef\u00fchl eines Audi Q8 S Line und lassen Sie sich von seiner Eleganz und Kraft einh\u00fcllen.<\/p>\n<p><strong>Unser Audi Q8 S Line Mietservice<\/strong><br \/>\nWenn Sie einen Audi Q8 S Line mieten m\u00f6chten bei<strong> BALUFY<\/strong> wir machen es Ihnen leicht. Das Verfahren ist schnell und bequem. Sie ben\u00f6tigen lediglich einen g\u00fcltigen F\u00fchrerschein und m\u00fcssen das Mindestalter und die erforderliche Fahrpraxis erf\u00fcllen.<br \/>\nIn unserem Angebot sind Kilometergeld, Versicherung und alle Zahlungen im Zusammenhang mit der Tagesmiete enthalten, mit Ausnahme der Garantie. Dar\u00fcber hinaus beinhaltet unser Audi Q8 S Line Mietservice auch die Lieferung des Fahrzeugs an die von Ihnen angegebene Adresse mit der M\u00f6glichkeit, das Fahrzeug bei Bedarf in einer anderen Stadt zur\u00fcckzugeben. Unter<strong> BALUFY<\/strong>Wir bieten die flexibelsten Preise auf dem Markt und k\u00fcmmern uns um unsere Stammkunden, indem wir ihnen spezielle Rabatte auf ihre Buchungen anbieten.<br \/>\nWir garantieren Ihnen einen optimalen und hochwertigen Service zu sehr attraktiven Preisen, damit Sie in den Genuss der neuesten High-End-Fahrzeuge kommen. Wir werden immer das vorgeschlagene Modell liefern, auch wenn die Motorleistung oder die internen Komponenten variieren k\u00f6nnen. Wenn es \u00c4nderungen gibt, werden wir Ihnen immer alle Details schicken, bevor wir die Reservierung best\u00e4tigen.<br \/>\nWenn Sie einen Audi Q8 S Line mieten, k\u00f6nnen Sie au\u00dferdem <strong>BALUFY<\/strong>Sie haben rund um die Uhr Zugang zu unserem Support-Service, so dass Sie uns jederzeit kontaktieren k\u00f6nnen, wenn Sie es brauchen. Da wir m\u00f6chten, dass Sie eine gro\u00dfartige Erfahrung haben und sich um nichts k\u00fcmmern m\u00fcssen, haben wir den Buchungsprozess vereinfacht, so dass Sie online, per E-Mail oder WhatsApp buchen k\u00f6nnen, wir erheben keine Provisionen oder versteckte Geb\u00fchren! Sie k\u00f6nnen die allgemeinen Gesch\u00e4ftsbedingungen des Mietvertrags hier einsehen.<\/p>\n<p><strong>Ihr Auto, wo immer Sie wollen<\/strong><br \/>\nWir m\u00f6chten nicht, dass Sie sich um die logistischen Details sorgen m\u00fcssen, wir k\u00fcmmern uns um alles. Mieten Sie einen Audi Q8 S Line und wir liefern Ihnen das Fahrzeug an den Ort und zu der Zeit Ihrer Wahl in aller Vertraulichkeit. Au\u00dferdem k\u00f6nnen Sie das Fahrzeug bei Bedarf in einer anderen Stadt zur\u00fcckgeben. Um einen Audi Q8 S Line zu mieten, m\u00fcssen Sie nur einen F\u00fchrerschein besitzen, 25 Jahre alt sein und mindestens 2 Jahre Fahrpraxis haben - machen Sie sich keine Sorgen, setzen Sie sich hinter das Steuer und fahren Sie los!<br \/>\nVerpassen Sie nicht die Gelegenheit, Ihre Tr\u00e4ume wahr werden zu lassen. Mieten Sie einen Audi Q8 S Line und erleben Sie ein unvergessliches Erlebnis. Kontaktieren Sie uns und wir berechnen Ihnen den genauen Mietpreis.<\/p>\n<p><strong>Mietbedingungen<\/strong><br \/>\nWenn Sie sich f\u00fcr eine Anmietung mit <strong>BALUFY<\/strong> sollten Sie die Bedingungen unseres Premium-Autovermietungsdienstes kennen, um sicherzustellen, dass Sie sie erf\u00fcllen, bevor Sie ein unvergessliches Erlebnis auf der Stra\u00dfe haben k\u00f6nnen.<\/p>\n<p>25 Jahre alt sein.<br \/>\nF\u00fchrerschein, der seit mindestens 2 Jahren g\u00fcltig ist.<br \/>\nSie m\u00fcssen eine Bankkarte besitzen.<br \/>\nWir akzeptieren verschiedene Zahlungsarten FIAT und CRYPTO.<br \/>\n\u00dcberpr\u00fcfen Sie den Standort des Fahrzeugs. Der Transfer ist nicht im Preis inbegriffen.<br \/>\nPr\u00fcfen Sie den Preis f\u00fcr den Transfer des Fahrzeugs zu Ihrem Haus, Hotel oder anderen Orten.<br \/>\nBitte kl\u00e4ren Sie die Stornierungsbedingungen mit dem Handelsvertreter.<br \/>\nWir behalten uns das Recht vor, die Dienstleistung zu erbringen.<br \/>\nDer Mietpreis und die Kaution m\u00fcssen vor der Inanspruchnahme der Dienstleistung bezahlt werden.<br \/>\nKonsultieren Sie den Rabatt f\u00fcr mehrere Tage.<br \/>\nErkundigen Sie sich bei der Verkaufsstelle nach der Mindestanzahl von Tagen, die f\u00fcr eine Buchung erforderlich sind (je nach Saison).<\/p>","protected":false},"excerpt":{"rendered":"<p>\u00bfQuieres vivir la sensaci\u00f3n de conducir un SUV de alta gama? Alquila un Audi Q8 S Line y experimenta la combinaci\u00f3n perfecta de lujo y rendimiento en un solo autom\u00f3vil. Con su dise\u00f1o elegante y deportivo, el Audi Q8 S Line te cautivar\u00e1 desde el primer momento. Su motor V6 turboalimentado ofrece una potencia impresionante, [&hellip;]<\/p>","protected":false},"featured_media":0,"template":"","meta":[],"product_brand":[],"product_cat":[20],"product_tag":[],"class_list":{"0":"post-2791","1":"product","2":"type-product","3":"status-publish","5":"product_cat-listeo-booking","7":"first","8":"instock","9":"virtual","10":"sold-individually","11":"purchasable","12":"product-type-listing_booking"},"yoast_head":"<!-- This site is optimized with the Yoast SEO plugin v27.3 - https:\/\/yoast.com\/product\/yoast-seo-wordpress\/ -->\n<title>AUDI Q8 LINE - Balufy - The taste of Experience<\/title>\n<meta name=\"robots\" content=\"index, follow, max-snippet:-1, max-image-preview:large, max-video-preview:-1\" \/>\n<link rel=\"canonical\" href=\"https:\/\/balufy.com\/de\/produkt\/audi-q8-linie\/\" \/>\n<meta property=\"og:locale\" content=\"de_DE\" \/>\n<meta property=\"og:type\" content=\"article\" \/>\n<meta property=\"og:title\" content=\"AUDI Q8 LINE - Balufy - The taste of Experience\" \/>\n<meta property=\"og:description\" content=\"\u00bfQuieres vivir la sensaci\u00f3n de conducir un SUV de alta gama? Alquila un Audi Q8 S Line y experimenta la combinaci\u00f3n perfecta de lujo y rendimiento en un solo autom\u00f3vil. Con su dise\u00f1o elegante y deportivo, el Audi Q8 S Line te cautivar\u00e1 desde el primer momento. Su motor V6 turboalimentado ofrece una potencia impresionante, [&hellip;]\" \/>\n<meta property=\"og:url\" content=\"https:\/\/balufy.com\/de\/produkt\/audi-q8-linie\/\" \/>\n<meta property=\"og:site_name\" content=\"Balufy - The taste of Experience\" \/>\n<meta property=\"article:publisher\" content=\"https:\/\/www.facebook.com\/Balufy-102705001596047\" \/>\n<meta property=\"article:modified_time\" content=\"2024-04-11T16:18:35+00:00\" \/>\n<meta name=\"twitter:card\" content=\"summary_large_image\" \/>\n<meta name=\"twitter:label1\" content=\"Gesch\u00e4tzte Lesezeit\" \/>\n\t<meta name=\"twitter:data1\" content=\"4\u00a0Minuten\" \/>\n<script type=\"application\/ld+json\" class=\"yoast-schema-graph\">{\"@context\":\"https:\\\/\\\/schema.org\",\"@graph\":[{\"@type\":\"WebPage\",\"@id\":\"https:\\\/\\\/balufy.com\\\/en\\\/product\\\/audi-q8-line\\\/\",\"url\":\"https:\\\/\\\/balufy.com\\\/en\\\/product\\\/audi-q8-line\\\/\",\"name\":\"AUDI Q8 LINE - Balufy - The taste of Experience\",\"isPartOf\":{\"@id\":\"https:\\\/\\\/balufy.com\\\/es\\\/#website\"},\"datePublished\":\"2024-04-11T16:17:30+00:00\",\"dateModified\":\"2024-04-11T16:18:35+00:00\",\"breadcrumb\":{\"@id\":\"https:\\\/\\\/balufy.com\\\/en\\\/product\\\/audi-q8-line\\\/#breadcrumb\"},\"inLanguage\":\"de\",\"potentialAction\":[{\"@type\":\"ReadAction\",\"target\":[\"https:\\\/\\\/balufy.com\\\/en\\\/product\\\/audi-q8-line\\\/\"]}]},{\"@type\":\"BreadcrumbList\",\"@id\":\"https:\\\/\\\/balufy.com\\\/en\\\/product\\\/audi-q8-line\\\/#breadcrumb\",\"itemListElement\":[{\"@type\":\"ListItem\",\"position\":1,\"name\":\"Portada\",\"item\":\"https:\\\/\\\/balufy.com\\\/\"},{\"@type\":\"ListItem\",\"position\":2,\"name\":\"Shop\",\"item\":\"https:\\\/\\\/balufy.com\\\/es\\\/shop\\\/\"},{\"@type\":\"ListItem\",\"position\":3,\"name\":\"AUDI Q8 LINE\"}]},{\"@type\":\"WebSite\",\"@id\":\"https:\\\/\\\/balufy.com\\\/es\\\/#website\",\"url\":\"https:\\\/\\\/balufy.com\\\/es\\\/\",\"name\":\"Balufy - Taste of experience\",\"description\":\"Balufy\",\"publisher\":{\"@id\":\"https:\\\/\\\/balufy.com\\\/es\\\/#organization\"},\"potentialAction\":[{\"@type\":\"SearchAction\",\"target\":{\"@type\":\"EntryPoint\",\"urlTemplate\":\"https:\\\/\\\/balufy.com\\\/es\\\/?s={search_term_string}\"},\"query-input\":{\"@type\":\"PropertyValueSpecification\",\"valueRequired\":true,\"valueName\":\"search_term_string\"}}],\"inLanguage\":\"de\"},{\"@type\":\"Organization\",\"@id\":\"https:\\\/\\\/balufy.com\\\/es\\\/#organization\",\"name\":\"Balufy\",\"url\":\"https:\\\/\\\/balufy.com\\\/es\\\/\",\"logo\":{\"@type\":\"ImageObject\",\"inLanguage\":\"de\",\"@id\":\"https:\\\/\\\/balufy.com\\\/es\\\/#\\\/schema\\\/logo\\\/image\\\/\",\"url\":\"https:\\\/\\\/balufy.com\\\/wp-content\\\/uploads\\\/2022\\\/06\\\/LOGO_PNG.png\",\"contentUrl\":\"https:\\\/\\\/balufy.com\\\/wp-content\\\/uploads\\\/2022\\\/06\\\/LOGO_PNG.png\",\"width\":1366,\"height\":768,\"caption\":\"Balufy\"},\"image\":{\"@id\":\"https:\\\/\\\/balufy.com\\\/es\\\/#\\\/schema\\\/logo\\\/image\\\/\"},\"sameAs\":[\"https:\\\/\\\/www.facebook.com\\\/Balufy-102705001596047\",\"https:\\\/\\\/www.instagram.com\\\/balufy_oficial\\\/\"]}]}<\/script>\n<!-- \/ Yoast SEO plugin. -->","yoast_head_json":{"title":"AUDI Q8 LINE - Balufy - Der Geschmack der Erfahrung","robots":{"index":"index","follow":"follow","max-snippet":"max-snippet:-1","max-image-preview":"max-image-preview:large","max-video-preview":"max-video-preview:-1"},"canonical":"https:\/\/balufy.com\/de\/produkt\/audi-q8-linie\/","og_locale":"de_DE","og_type":"article","og_title":"AUDI Q8 LINE - Balufy - The taste of Experience","og_description":"\u00bfQuieres vivir la sensaci\u00f3n de conducir un SUV de alta gama? Alquila un Audi Q8 S Line y experimenta la combinaci\u00f3n perfecta de lujo y rendimiento en un solo autom\u00f3vil. Con su dise\u00f1o elegante y deportivo, el Audi Q8 S Line te cautivar\u00e1 desde el primer momento. Su motor V6 turboalimentado ofrece una potencia impresionante, [&hellip;]","og_url":"https:\/\/balufy.com\/de\/produkt\/audi-q8-linie\/","og_site_name":"Balufy - The taste of Experience","article_publisher":"https:\/\/www.facebook.com\/Balufy-102705001596047","article_modified_time":"2024-04-11T16:18:35+00:00","twitter_card":"summary_large_image","twitter_misc":{"Gesch\u00e4tzte Lesezeit":"4\u00a0Minuten"},"schema":{"@context":"https:\/\/schema.org","@graph":[{"@type":"WebPage","@id":"https:\/\/balufy.com\/en\/product\/audi-q8-line\/","url":"https:\/\/balufy.com\/en\/product\/audi-q8-line\/","name":"AUDI Q8 LINE - Balufy - Der Geschmack der Erfahrung","isPartOf":{"@id":"https:\/\/balufy.com\/es\/#website"},"datePublished":"2024-04-11T16:17:30+00:00","dateModified":"2024-04-11T16:18:35+00:00","breadcrumb":{"@id":"https:\/\/balufy.com\/en\/product\/audi-q8-line\/#breadcrumb"},"inLanguage":"de","potentialAction":[{"@type":"ReadAction","target":["https:\/\/balufy.com\/en\/product\/audi-q8-line\/"]}]},{"@type":"BreadcrumbList","@id":"https:\/\/balufy.com\/en\/product\/audi-q8-line\/#breadcrumb","itemListElement":[{"@type":"ListItem","position":1,"name":"Portada","item":"https:\/\/balufy.com\/"},{"@type":"ListItem","position":2,"name":"Shop","item":"https:\/\/balufy.com\/es\/shop\/"},{"@type":"ListItem","position":3,"name":"AUDI Q8 LINE"}]},{"@type":"WebSite","@id":"https:\/\/balufy.com\/es\/#website","url":"https:\/\/balufy.com\/es\/","name":"Balufy - Geschmack der Erfahrung","description":"Balufy","publisher":{"@id":"https:\/\/balufy.com\/es\/#organization"},"potentialAction":[{"@type":"SearchAction","target":{"@type":"EntryPoint","urlTemplate":"https:\/\/balufy.com\/es\/?s={search_term_string}"},"query-input":{"@type":"PropertyValueSpecification","valueRequired":true,"valueName":"search_term_string"}}],"inLanguage":"de"},{"@type":"Organization","@id":"https:\/\/balufy.com\/es\/#organization","name":"Balufy","url":"https:\/\/balufy.com\/es\/","logo":{"@type":"ImageObject","inLanguage":"de","@id":"https:\/\/balufy.com\/es\/#\/schema\/logo\/image\/","url":"https:\/\/balufy.com\/wp-content\/uploads\/2022\/06\/LOGO_PNG.png","contentUrl":"https:\/\/balufy.com\/wp-content\/uploads\/2022\/06\/LOGO_PNG.png","width":1366,"height":768,"caption":"Balufy"},"image":{"@id":"https:\/\/balufy.com\/es\/#\/schema\/logo\/image\/"},"sameAs":["https:\/\/www.facebook.com\/Balufy-102705001596047","https:\/\/www.instagram.com\/balufy_oficial\/"]}]}},"_links":{"self":[{"href":"https:\/\/balufy.com\/de\/wp-json\/wp\/v2\/product\/2791","targetHints":{"allow":["GET"]}}],"collection":[{"href":"https:\/\/balufy.com\/de\/wp-json\/wp\/v2\/product"}],"about":[{"href":"https:\/\/balufy.com\/de\/wp-json\/wp\/v2\/types\/product"}],"version-history":[{"count":0,"href":"https:\/\/balufy.com\/de\/wp-json\/wp\/v2\/product\/2791\/revisions"}],"wp:attachment":[{"href":"https:\/\/balufy.com\/de\/wp-json\/wp\/v2\/media?parent=2791"}],"wp:term":[{"taxonomy":"product_brand","embeddable":true,"href":"https:\/\/balufy.com\/de\/wp-json\/wp\/v2\/product_brand?post=2791"},{"taxonomy":"product_cat","embeddable":true,"href":"https:\/\/balufy.com\/de\/wp-json\/wp\/v2\/product_cat?post=2791"},{"taxonomy":"product_tag","embeddable":true,"href":"https:\/\/balufy.com\/de\/wp-json\/wp\/v2\/product_tag?post=2791"}],"curies":[{"name":"wp","href":"https:\/\/api.w.org\/{rel}","templated":true}]}}