{"id":2842,"date":"2024-04-11T19:34:25","date_gmt":"2024-04-11T17:34:25","guid":{"rendered":"https:\/\/balufy.com\/product\/range-rover-sport-dynamic-se-mhev\/"},"modified":"2024-04-11T19:47:48","modified_gmt":"2024-04-11T17:47:48","slug":"range-rover-sport-dynamic-se-mhev","status":"publish","type":"product","link":"https:\/\/balufy.com\/de\/produkt\/range-rover-sport-dynamic-se-mhev\/","title":{"rendered":"RANGE ROVER SPORT DYNAMIC SE MHEV"},"content":{"rendered":"<p>Sie suchen nach Luxus, Vielseitigkeit und Leistung? Mieten Sie einen Range Rover Sport und erleben Sie ein au\u00dfergew\u00f6hnliches Fahrerlebnis auf allen Arten von Stra\u00dfen, ob asphaltiert oder in schwierigem Gel\u00e4nde.<\/p>\n<p>Die V6- und V8-Motoren des Range Rover Sport Dynamic SE MHEV liefern gro\u00dfartige Leistung und eine sanfte, kraftvolle Beschleunigung. Dank des Allradantriebs sp\u00fcren Sie eine au\u00dfergew\u00f6hnliche Bodenhaftung und k\u00f6nnen jedes Terrain, das vor Ihnen liegt, souver\u00e4n und sicher bew\u00e4ltigen. Neben seiner Leistung ist es vor allem sein sportliches, elegantes und anspruchsvolles Design, das diesen SUV auszeichnet. Der raffinierte Innenraum bietet bequeme Ledersitze und eine Reihe fortschrittlicher Technologien, die daf\u00fcr sorgen, dass alle Familienmitglieder miteinander verbunden sind und sich unterhalten f\u00fchlen, egal wie lang die Reise ist.<\/p>\n<p><strong>Ein sportlicher SUV f\u00fcr ein tolles Erlebnis<\/strong><br \/>\nWenn Sie das Gef\u00fchl haben wollen, die Stra\u00dfe absolut zu beherrschen, ist der Range Rover Sport Dynamic SE MHEV das richtige Fahrzeug f\u00fcr Sie. Seine adaptive Luftfederung sorgt f\u00fcr ein sanftes und komfortables Fahrgef\u00fchl, selbst auf unwegsamem und schwierigem Gel\u00e4nde. Und mit seinen Fahrerassistenz- und fortschrittlichen Sicherheitssystemen haben Sie die Gewissheit, dass Sie immer sicher unterwegs sind, egal wie weit das Ziel entfernt ist.<\/p>\n<p><strong>Unser Range Rover Sport Dynamic SE MHEV-Mietservice<\/strong><br \/>\nGenie\u00dfen Sie den Komfort und die Agilit\u00e4t eines Range Rover Sport Dynamic SE MHEV mit <strong>BALUFY<\/strong>. Wir sind stets bestrebt, den besten Service zu attraktiven Preisen zu bieten, damit Sie in den Genuss der neuesten Entwicklungen im Bereich der Luxusautomobile kommen. Wir garantieren Ihnen jederzeit das vorgeschlagene Modell, auch wenn die internen Elemente oder die Motorleistung variieren k\u00f6nnen. Sollte dies der Fall sein, stellen wir Ihnen vor der Best\u00e4tigung der Reservierung die vollst\u00e4ndigen Spezifikationen zur Verf\u00fcgung.<\/p>\n<p>Unser Mietangebot umfasst Kilometer, Versicherung, Tagesmiete und alle zus\u00e4tzlichen Zahlungen au\u00dfer der Garantie. Dar\u00fcber hinaus bietet unser Range Rover Sport Dynamic SE MHEV-Mietservice die M\u00f6glichkeit, das Fahrzeug an einer Adresse Ihrer Wahl abzuholen und es bei Bedarf in einer anderen Stadt wieder abzugeben. F\u00fcr die Anmietung ben\u00f6tigen Sie lediglich einen g\u00fcltigen F\u00fchrerschein und m\u00fcssen das Mindestalter und die erforderliche Fahrpraxis erf\u00fcllen.<\/p>\n<p>Wir bieten Ihnen die flexibelsten Preise auf dem Markt und haben spezielle Rabatte f\u00fcr Stammkunden. Und wenn Sie einen Range Rover Sport Dynamic SE MHEV leasen mit <strong>BALUFY<\/strong>Wir m\u00f6chten, dass Sie Ihre Reise in vollen Z\u00fcgen und ohne Sorgen genie\u00dfen k\u00f6nnen. Deshalb machen wir es Ihnen leicht: Sie k\u00f6nnen online, per E-Mail oder \u00fcber WhatsApp buchen. Wir m\u00f6chten, dass Sie Ihren Aufenthalt in vollen Z\u00fcgen genie\u00dfen, daher machen wir es Ihnen leicht: Sie k\u00f6nnen online, per E-Mail oder \u00fcber WhatsApp buchen - ohne versteckte Geb\u00fchren oder Provisionen! Die Bedingungen des Mietvertrags k\u00f6nnen Sie hier einsehen.<\/p>\n<p><strong>Ihr Auto, wo immer Sie wollen<\/strong><br \/>\nErleben Sie den Komfort und den Seelenfrieden beim Mieten eines Range Rover Sport Dynamic SE MHEV mit <strong>BALUFY<\/strong>. Wir k\u00fcmmern uns um alles, damit Sie sich ganz auf das Auto und die Stra\u00dfe konzentrieren k\u00f6nnen. Wir liefern das Fahrzeug an dem Ort und zu der Zeit Ihrer Wahl, mit allen Spezifikationen, die Sie ben\u00f6tigen und mit absoluter Vertraulichkeit. Wir bieten Ihnen auch die M\u00f6glichkeit, das Fahrzeug in einer anderen Stadt zur\u00fcckzugeben, wenn Sie dies w\u00fcnschen. Der Vermietungsprozess mit <strong>BALUFY<\/strong> ist einfach: Sie brauchen nur einen F\u00fchrerschein, m\u00fcssen 25 Jahre alt sein und mindestens 2 Jahre Fahrpraxis haben.<\/p>\n<p>Mieten Sie einen Range Rover Sport Dynamic SE MHEV und verpassen Sie nicht die Gelegenheit, eine unvergessliche Erfahrung zu machen. Kontaktieren Sie uns und wir berechnen Ihnen den genauen Mietpreis.<\/p>\n<p><strong>Mietbedingungen<\/strong><br \/>\nWenn Sie sich f\u00fcr eine Anmietung mit <strong>BALUFY<\/strong> sollten Sie die Bedingungen unseres Premium-Autovermietungsdienstes kennen, um sicherzustellen, dass Sie sie erf\u00fcllen, bevor Sie ein unvergessliches Erlebnis auf der Stra\u00dfe haben k\u00f6nnen.<\/p>\n<p>25 Jahre alt sein.<br \/>\nF\u00fchrerschein, der seit mindestens 2 Jahren g\u00fcltig ist.<br \/>\nSie m\u00fcssen eine Bankkarte besitzen.<br \/>\nWir akzeptieren verschiedene Zahlungsarten FIAT und CRYPTO.<br \/>\n\u00dcberpr\u00fcfen Sie den Standort des Fahrzeugs. Der Transfer ist nicht im Preis inbegriffen.<br \/>\nPr\u00fcfen Sie den Preis f\u00fcr den Transfer des Fahrzeugs zu Ihrem Haus, Hotel oder anderen Orten.<br \/>\nBitte kl\u00e4ren Sie die Stornierungsbedingungen mit dem Handelsvertreter.<br \/>\nWir behalten uns das Recht vor, die Dienstleistung zu erbringen.<br \/>\nDer Mietpreis und die Kaution m\u00fcssen vor der Inanspruchnahme der Dienstleistung bezahlt werden.<br \/>\nKonsultieren Sie den Rabatt f\u00fcr mehrere Tage.<br \/>\nErkundigen Sie sich bei der Verkaufsstelle nach der Mindestanzahl von Tagen, die f\u00fcr eine Buchung erforderlich sind (je nach Saison).<\/p>","protected":false},"excerpt":{"rendered":"<p>\u00bfBuscas lujo, versatilidad y rendimiento? Alquila un Range Rover Sport y vive una experiencia de conducci\u00f3n excepcional en todo tipos de carreteras, ya sean pavimentadas o en terrenos m\u00e1s desafiantes. Los motores V6 y V8 del Range Rover Sport Dynamic SE MHEV ofrecen un gran rendimiento y una aceleraci\u00f3n suave y contundente. Con el sistema [&hellip;]<\/p>","protected":false},"featured_media":0,"template":"","meta":[],"product_brand":[],"product_cat":[20],"product_tag":[],"class_list":{"0":"post-2842","1":"product","2":"type-product","3":"status-publish","5":"product_cat-listeo-booking","7":"first","8":"instock","9":"virtual","10":"sold-individually","11":"purchasable","12":"product-type-listing_booking"},"yoast_head":"<!-- This site is optimized with the Yoast SEO plugin v27.3 - https:\/\/yoast.com\/product\/yoast-seo-wordpress\/ -->\n<title>RANGE ROVER SPORT DYNAMIC SE MHEV - Balufy - The taste of Experience<\/title>\n<meta name=\"robots\" content=\"index, follow, max-snippet:-1, max-image-preview:large, max-video-preview:-1\" \/>\n<link rel=\"canonical\" href=\"https:\/\/balufy.com\/de\/produkt\/range-rover-sport-dynamic-se-mhev\/\" \/>\n<meta property=\"og:locale\" content=\"de_DE\" \/>\n<meta property=\"og:type\" content=\"article\" \/>\n<meta property=\"og:title\" content=\"RANGE ROVER SPORT DYNAMIC SE MHEV - Balufy - The taste of Experience\" \/>\n<meta property=\"og:description\" content=\"\u00bfBuscas lujo, versatilidad y rendimiento? Alquila un Range Rover Sport y vive una experiencia de conducci\u00f3n excepcional en todo tipos de carreteras, ya sean pavimentadas o en terrenos m\u00e1s desafiantes. Los motores V6 y V8 del Range Rover Sport Dynamic SE MHEV ofrecen un gran rendimiento y una aceleraci\u00f3n suave y contundente. Con el sistema [&hellip;]\" \/>\n<meta property=\"og:url\" content=\"https:\/\/balufy.com\/de\/produkt\/range-rover-sport-dynamic-se-mhev\/\" \/>\n<meta property=\"og:site_name\" content=\"Balufy - The taste of Experience\" \/>\n<meta property=\"article:publisher\" content=\"https:\/\/www.facebook.com\/Balufy-102705001596047\" \/>\n<meta property=\"article:modified_time\" content=\"2024-04-11T17:47:48+00:00\" \/>\n<meta name=\"twitter:card\" content=\"summary_large_image\" \/>\n<meta name=\"twitter:label1\" content=\"Gesch\u00e4tzte Lesezeit\" \/>\n\t<meta name=\"twitter:data1\" content=\"4\u00a0Minuten\" \/>\n<script type=\"application\/ld+json\" class=\"yoast-schema-graph\">{\"@context\":\"https:\\\/\\\/schema.org\",\"@graph\":[{\"@type\":\"WebPage\",\"@id\":\"https:\\\/\\\/balufy.com\\\/en\\\/product\\\/range-rover-sport-dynamic-se-mhev\\\/\",\"url\":\"https:\\\/\\\/balufy.com\\\/en\\\/product\\\/range-rover-sport-dynamic-se-mhev\\\/\",\"name\":\"RANGE ROVER SPORT DYNAMIC SE MHEV - Balufy - The taste of Experience\",\"isPartOf\":{\"@id\":\"https:\\\/\\\/balufy.com\\\/es\\\/#website\"},\"datePublished\":\"2024-04-11T17:34:25+00:00\",\"dateModified\":\"2024-04-11T17:47:48+00:00\",\"breadcrumb\":{\"@id\":\"https:\\\/\\\/balufy.com\\\/en\\\/product\\\/range-rover-sport-dynamic-se-mhev\\\/#breadcrumb\"},\"inLanguage\":\"de\",\"potentialAction\":[{\"@type\":\"ReadAction\",\"target\":[\"https:\\\/\\\/balufy.com\\\/en\\\/product\\\/range-rover-sport-dynamic-se-mhev\\\/\"]}]},{\"@type\":\"BreadcrumbList\",\"@id\":\"https:\\\/\\\/balufy.com\\\/en\\\/product\\\/range-rover-sport-dynamic-se-mhev\\\/#breadcrumb\",\"itemListElement\":[{\"@type\":\"ListItem\",\"position\":1,\"name\":\"Portada\",\"item\":\"https:\\\/\\\/balufy.com\\\/\"},{\"@type\":\"ListItem\",\"position\":2,\"name\":\"Shop\",\"item\":\"https:\\\/\\\/balufy.com\\\/es\\\/shop\\\/\"},{\"@type\":\"ListItem\",\"position\":3,\"name\":\"RANGE ROVER SPORT DYNAMIC SE MHEV\"}]},{\"@type\":\"WebSite\",\"@id\":\"https:\\\/\\\/balufy.com\\\/es\\\/#website\",\"url\":\"https:\\\/\\\/balufy.com\\\/es\\\/\",\"name\":\"Balufy - Taste of experience\",\"description\":\"Balufy\",\"publisher\":{\"@id\":\"https:\\\/\\\/balufy.com\\\/es\\\/#organization\"},\"potentialAction\":[{\"@type\":\"SearchAction\",\"target\":{\"@type\":\"EntryPoint\",\"urlTemplate\":\"https:\\\/\\\/balufy.com\\\/es\\\/?s={search_term_string}\"},\"query-input\":{\"@type\":\"PropertyValueSpecification\",\"valueRequired\":true,\"valueName\":\"search_term_string\"}}],\"inLanguage\":\"de\"},{\"@type\":\"Organization\",\"@id\":\"https:\\\/\\\/balufy.com\\\/es\\\/#organization\",\"name\":\"Balufy\",\"url\":\"https:\\\/\\\/balufy.com\\\/es\\\/\",\"logo\":{\"@type\":\"ImageObject\",\"inLanguage\":\"de\",\"@id\":\"https:\\\/\\\/balufy.com\\\/es\\\/#\\\/schema\\\/logo\\\/image\\\/\",\"url\":\"https:\\\/\\\/balufy.com\\\/wp-content\\\/uploads\\\/2022\\\/06\\\/LOGO_PNG.png\",\"contentUrl\":\"https:\\\/\\\/balufy.com\\\/wp-content\\\/uploads\\\/2022\\\/06\\\/LOGO_PNG.png\",\"width\":1366,\"height\":768,\"caption\":\"Balufy\"},\"image\":{\"@id\":\"https:\\\/\\\/balufy.com\\\/es\\\/#\\\/schema\\\/logo\\\/image\\\/\"},\"sameAs\":[\"https:\\\/\\\/www.facebook.com\\\/Balufy-102705001596047\",\"https:\\\/\\\/www.instagram.com\\\/balufy_oficial\\\/\"]}]}<\/script>\n<!-- \/ Yoast SEO plugin. -->","yoast_head_json":{"title":"RANGE ROVER SPORT DYNAMIC SE MHEV - Balufy - Der Geschmack der Erfahrung","robots":{"index":"index","follow":"follow","max-snippet":"max-snippet:-1","max-image-preview":"max-image-preview:large","max-video-preview":"max-video-preview:-1"},"canonical":"https:\/\/balufy.com\/de\/produkt\/range-rover-sport-dynamic-se-mhev\/","og_locale":"de_DE","og_type":"article","og_title":"RANGE ROVER SPORT DYNAMIC SE MHEV - Balufy - The taste of Experience","og_description":"\u00bfBuscas lujo, versatilidad y rendimiento? Alquila un Range Rover Sport y vive una experiencia de conducci\u00f3n excepcional en todo tipos de carreteras, ya sean pavimentadas o en terrenos m\u00e1s desafiantes. Los motores V6 y V8 del Range Rover Sport Dynamic SE MHEV ofrecen un gran rendimiento y una aceleraci\u00f3n suave y contundente. Con el sistema [&hellip;]","og_url":"https:\/\/balufy.com\/de\/produkt\/range-rover-sport-dynamic-se-mhev\/","og_site_name":"Balufy - The taste of Experience","article_publisher":"https:\/\/www.facebook.com\/Balufy-102705001596047","article_modified_time":"2024-04-11T17:47:48+00:00","twitter_card":"summary_large_image","twitter_misc":{"Gesch\u00e4tzte Lesezeit":"4\u00a0Minuten"},"schema":{"@context":"https:\/\/schema.org","@graph":[{"@type":"WebPage","@id":"https:\/\/balufy.com\/en\/product\/range-rover-sport-dynamic-se-mhev\/","url":"https:\/\/balufy.com\/en\/product\/range-rover-sport-dynamic-se-mhev\/","name":"RANGE ROVER SPORT DYNAMIC SE MHEV - Balufy - Der Geschmack der Erfahrung","isPartOf":{"@id":"https:\/\/balufy.com\/es\/#website"},"datePublished":"2024-04-11T17:34:25+00:00","dateModified":"2024-04-11T17:47:48+00:00","breadcrumb":{"@id":"https:\/\/balufy.com\/en\/product\/range-rover-sport-dynamic-se-mhev\/#breadcrumb"},"inLanguage":"de","potentialAction":[{"@type":"ReadAction","target":["https:\/\/balufy.com\/en\/product\/range-rover-sport-dynamic-se-mhev\/"]}]},{"@type":"BreadcrumbList","@id":"https:\/\/balufy.com\/en\/product\/range-rover-sport-dynamic-se-mhev\/#breadcrumb","itemListElement":[{"@type":"ListItem","position":1,"name":"Portada","item":"https:\/\/balufy.com\/"},{"@type":"ListItem","position":2,"name":"Shop","item":"https:\/\/balufy.com\/es\/shop\/"},{"@type":"ListItem","position":3,"name":"RANGE ROVER SPORT DYNAMIC SE MHEV"}]},{"@type":"WebSite","@id":"https:\/\/balufy.com\/es\/#website","url":"https:\/\/balufy.com\/es\/","name":"Balufy - Geschmack der Erfahrung","description":"Balufy","publisher":{"@id":"https:\/\/balufy.com\/es\/#organization"},"potentialAction":[{"@type":"SearchAction","target":{"@type":"EntryPoint","urlTemplate":"https:\/\/balufy.com\/es\/?s={search_term_string}"},"query-input":{"@type":"PropertyValueSpecification","valueRequired":true,"valueName":"search_term_string"}}],"inLanguage":"de"},{"@type":"Organization","@id":"https:\/\/balufy.com\/es\/#organization","name":"Balufy","url":"https:\/\/balufy.com\/es\/","logo":{"@type":"ImageObject","inLanguage":"de","@id":"https:\/\/balufy.com\/es\/#\/schema\/logo\/image\/","url":"https:\/\/balufy.com\/wp-content\/uploads\/2022\/06\/LOGO_PNG.png","contentUrl":"https:\/\/balufy.com\/wp-content\/uploads\/2022\/06\/LOGO_PNG.png","width":1366,"height":768,"caption":"Balufy"},"image":{"@id":"https:\/\/balufy.com\/es\/#\/schema\/logo\/image\/"},"sameAs":["https:\/\/www.facebook.com\/Balufy-102705001596047","https:\/\/www.instagram.com\/balufy_oficial\/"]}]}},"_links":{"self":[{"href":"https:\/\/balufy.com\/de\/wp-json\/wp\/v2\/product\/2842","targetHints":{"allow":["GET"]}}],"collection":[{"href":"https:\/\/balufy.com\/de\/wp-json\/wp\/v2\/product"}],"about":[{"href":"https:\/\/balufy.com\/de\/wp-json\/wp\/v2\/types\/product"}],"version-history":[{"count":0,"href":"https:\/\/balufy.com\/de\/wp-json\/wp\/v2\/product\/2842\/revisions"}],"wp:attachment":[{"href":"https:\/\/balufy.com\/de\/wp-json\/wp\/v2\/media?parent=2842"}],"wp:term":[{"taxonomy":"product_brand","embeddable":true,"href":"https:\/\/balufy.com\/de\/wp-json\/wp\/v2\/product_brand?post=2842"},{"taxonomy":"product_cat","embeddable":true,"href":"https:\/\/balufy.com\/de\/wp-json\/wp\/v2\/product_cat?post=2842"},{"taxonomy":"product_tag","embeddable":true,"href":"https:\/\/balufy.com\/de\/wp-json\/wp\/v2\/product_tag?post=2842"}],"curies":[{"name":"wp","href":"https:\/\/api.w.org\/{rel}","templated":true}]}}