{"id":2848,"date":"2024-04-11T19:41:20","date_gmt":"2024-04-11T17:41:20","guid":{"rendered":"https:\/\/balufy.com\/product\/bentley-continental-gtc\/"},"modified":"2024-04-11T19:47:47","modified_gmt":"2024-04-11T17:47:47","slug":"bentley-continental-gtc","status":"publish","type":"product","link":"https:\/\/balufy.com\/de\/produkt\/bentley-continental-gtc\/","title":{"rendered":"BENTLEY CONTINENTAL GTC"},"content":{"rendered":"<p>Mieten Sie einen Bentley Continental GTC und erleben Sie den Nervenkitzel beim Fahren eines Elite-Automobils. Sind Sie bereit, eine Welt des Luxus und der Exklusivit\u00e4t vom Feinsten zu entdecken?<\/p>\n<p>Dieses Hochleistungs-Cabriolet verbindet elegantes Design mit einem leistungsstarken Motor und bietet ein Fahrerlebnis, das Ihre Vorstellungen von Luxus neu definiert. Der Bentley Continental GTC wird von einem 4,0-Liter-V8-Benzinmotor mit Doppelturboaufladung angetrieben. Mit einer Beschleunigung von 0-100 km\/h in nur 4,1 Sekunden und einer H\u00f6chstgeschwindigkeit von 318 km\/h ist dieser Wagen ein Meisterwerk der Leistung.<\/p>\n<p><strong>Ein leistungsstarker Grand Tourer mit offenem Verdeck<\/strong><br \/>\nDas Fahrgef\u00fchl in diesem Bentley ist einfach atemberaubend. Seine pr\u00e4zise und reaktionsschnelle Lenkung bietet Ihnen eine au\u00dfergew\u00f6hnliche Kontrolle, w\u00e4hrend die adaptive Federung eine sanfte und luxuri\u00f6se Fahrt erm\u00f6glicht. Jede Kurve wird zu einer Gelegenheit, das au\u00dfergew\u00f6hnliche Handling und die Stabilit\u00e4t dieses offenen Grand Tourers zu genie\u00dfen. Au\u00dferdem k\u00f6nnen Sie dank des versenkbaren Dachs die frische Luft und die Sinfonie des Motors genie\u00dfen, w\u00e4hrend Sie lange Stra\u00dfen entlangfahren.<\/p>\n<p><strong>Unser Bentley Continental GTC-Mietservice<\/strong><br \/>\nMieten Sie einen Bentley Continental GTC bequem und schnell. Unter <strong>BALUFY<\/strong>Wir sind bestrebt, Ihnen einen au\u00dfergew\u00f6hnlichen Service zu attraktiven Preisen zu bieten und Ihnen die M\u00f6glichkeit zu geben, die neuesten Luxusfahrzeuge auf dem Markt zu genie\u00dfen. Wir garantieren Ihnen immer, dass Sie das von Ihnen gew\u00fcnschte Modell erhalten, auch wenn die internen Komponenten oder die Motorleistung variieren k\u00f6nnen. In diesem Fall werden wir Ihnen vor der Best\u00e4tigung Ihrer Reservierung alle relevanten Spezifikationen mitteilen.<\/p>\n<p>Unser Angebot deckt die Kosten f\u00fcr Kilometer, Versicherung, Tagesmiete und andere Zahlungen ab, mit Ausnahme der Garantie. Dar\u00fcber hinaus beinhaltet unser Bentley Continental GTC Mietservice die Lieferung des Fahrzeugs an eine Adresse Ihrer Wahl und die M\u00f6glichkeit, es bei Bedarf in einer anderen Stadt zur\u00fcckzugeben. Um einen Bentley Continental GTC zu mieten, ben\u00f6tigen Sie lediglich einen g\u00fcltigen F\u00fchrerschein und m\u00fcssen das Mindestalter und die erforderliche Fahrpraxis erf\u00fcllen.<\/p>\n<p>Wir bieten die flexibelsten Preise auf dem Markt und gew\u00e4hren unseren Stammkunden Rabatte. Dar\u00fcber hinaus, wenn Sie einen Bentley Continental GTC mieten mit<strong> BALUFY<\/strong>Bei Fragen haben Sie rund um die Uhr Zugang zu unserem Support-Service, so dass Sie uns jederzeit kontaktieren k\u00f6nnen, wenn Sie es w\u00fcnschen. Unser Ziel ist es, Ihre Erfahrung so sorglos wie m\u00f6glich zu machen, deshalb machen wir den Buchungsprozess so einfach wie m\u00f6glich und erlauben Ihnen, online, per E-Mail oder WhatsApp zu buchen, ohne Provisionen oder versteckte Kosten! Wenn Sie m\u00f6chten, k\u00f6nnen Sie die Bedingungen des Mietvertrags hier einsehen.<\/p>\n<p><strong>Ihr Auto, wo immer Sie wollen<\/strong><br \/>\nMachen Sie sich keine Gedanken \u00fcber die logistischen Details. Mieten Sie einen Bentley Continental GTC und wir k\u00fcmmern uns um alle Details. Wir liefern das Fahrzeug an den Ort und zu der Zeit Ihrer Wahl, mit allen notwendigen Spezifikationen und unter Gew\u00e4hrleistung der \u00e4u\u00dfersten Vertraulichkeit. Bei Bedarf haben Sie die M\u00f6glichkeit, den Bentley Continental GTC in einer anderen Stadt zur\u00fcckzugeben. Um den Bentley Continental GTC zu mieten, m\u00fcssen Sie nur einen F\u00fchrerschein besitzen, 25 Jahre alt sein und mindestens 2 Jahre Fahrpraxis haben - und schon k\u00f6nnen Sie das Erlebnis auf der Stra\u00dfe genie\u00dfen!<\/p>\n<p><strong>Mietbedingungen<\/strong><br \/>\nWenn Sie sich f\u00fcr eine Anmietung mit <strong>BALUFY<\/strong> sollten Sie die Bedingungen unseres Premium-Autovermietungsdienstes kennen, um sicherzustellen, dass Sie sie erf\u00fcllen, bevor Sie ein unvergessliches Erlebnis auf der Stra\u00dfe haben k\u00f6nnen.<\/p>\n<p>25 Jahre alt sein.<br \/>\nF\u00fchrerschein, der seit mindestens 2 Jahren g\u00fcltig ist.<br \/>\nSie m\u00fcssen eine Bankkarte besitzen.<br \/>\nWir akzeptieren verschiedene Zahlungsarten FIAT und CRYPTO.<br \/>\n\u00dcberpr\u00fcfen Sie den Standort des Fahrzeugs. Der Transfer ist nicht im Preis inbegriffen.<br \/>\nPr\u00fcfen Sie den Preis f\u00fcr den Transfer des Fahrzeugs zu Ihrem Haus, Hotel oder anderen Orten.<br \/>\nBitte kl\u00e4ren Sie die Stornierungsbedingungen mit dem Handelsvertreter.<br \/>\nWir behalten uns das Recht vor, die Dienstleistung zu erbringen.<br \/>\nDer Mietpreis und die Kaution m\u00fcssen vor der Inanspruchnahme der Dienstleistung bezahlt werden.<br \/>\nKonsultieren Sie den Rabatt f\u00fcr mehrere Tage.<br \/>\nErkundigen Sie sich bei der Verkaufsstelle nach der Mindestanzahl von Tagen, die f\u00fcr eine Buchung erforderlich sind (je nach Saison).<\/p>","protected":false},"excerpt":{"rendered":"<p>Alquila un Bentley Continental GTC y experimenta la emoci\u00f3n de conducir un autom\u00f3vil de \u00e9lite. \u00bfListo para descubrir un mundo de lujo y exclusividad en su m\u00e1xima expresi\u00f3n? Este descapotable de alto rendimiento combina un dise\u00f1o elegante con un motor potente, ofreciendo una experiencia de conducci\u00f3n que redefinir\u00e1 tus est\u00e1ndares de lujo. El Bentley Continental [&hellip;]<\/p>","protected":false},"featured_media":0,"template":"","meta":[],"product_brand":[],"product_cat":[20],"product_tag":[],"class_list":{"0":"post-2848","1":"product","2":"type-product","3":"status-publish","5":"product_cat-listeo-booking","7":"first","8":"instock","9":"virtual","10":"sold-individually","11":"purchasable","12":"product-type-listing_booking"},"yoast_head":"<!-- This site is optimized with the Yoast SEO plugin v27.3 - https:\/\/yoast.com\/product\/yoast-seo-wordpress\/ -->\n<title>BENTLEY CONTINENTAL GTC - Balufy - The taste of Experience<\/title>\n<meta name=\"robots\" content=\"index, follow, max-snippet:-1, max-image-preview:large, max-video-preview:-1\" \/>\n<link rel=\"canonical\" href=\"https:\/\/balufy.com\/de\/produkt\/bentley-continental-gtc\/\" \/>\n<meta property=\"og:locale\" content=\"de_DE\" \/>\n<meta property=\"og:type\" content=\"article\" \/>\n<meta property=\"og:title\" content=\"BENTLEY CONTINENTAL GTC - Balufy - The taste of Experience\" \/>\n<meta property=\"og:description\" content=\"Alquila un Bentley Continental GTC y experimenta la emoci\u00f3n de conducir un autom\u00f3vil de \u00e9lite. \u00bfListo para descubrir un mundo de lujo y exclusividad en su m\u00e1xima expresi\u00f3n? Este descapotable de alto rendimiento combina un dise\u00f1o elegante con un motor potente, ofreciendo una experiencia de conducci\u00f3n que redefinir\u00e1 tus est\u00e1ndares de lujo. El Bentley Continental [&hellip;]\" \/>\n<meta property=\"og:url\" content=\"https:\/\/balufy.com\/de\/produkt\/bentley-continental-gtc\/\" \/>\n<meta property=\"og:site_name\" content=\"Balufy - The taste of Experience\" \/>\n<meta property=\"article:publisher\" content=\"https:\/\/www.facebook.com\/Balufy-102705001596047\" \/>\n<meta property=\"article:modified_time\" content=\"2024-04-11T17:47:47+00:00\" \/>\n<meta name=\"twitter:card\" content=\"summary_large_image\" \/>\n<meta name=\"twitter:label1\" content=\"Gesch\u00e4tzte Lesezeit\" \/>\n\t<meta name=\"twitter:data1\" content=\"4\u00a0Minuten\" \/>\n<script type=\"application\/ld+json\" class=\"yoast-schema-graph\">{\"@context\":\"https:\\\/\\\/schema.org\",\"@graph\":[{\"@type\":\"WebPage\",\"@id\":\"https:\\\/\\\/balufy.com\\\/de\\\/produkt\\\/bentley-continental-gtc\\\/\",\"url\":\"https:\\\/\\\/balufy.com\\\/de\\\/produkt\\\/bentley-continental-gtc\\\/\",\"name\":\"BENTLEY CONTINENTAL GTC - Balufy - The taste of Experience\",\"isPartOf\":{\"@id\":\"https:\\\/\\\/balufy.com\\\/es\\\/#website\"},\"datePublished\":\"2024-04-11T17:41:20+00:00\",\"dateModified\":\"2024-04-11T17:47:47+00:00\",\"breadcrumb\":{\"@id\":\"https:\\\/\\\/balufy.com\\\/de\\\/produkt\\\/bentley-continental-gtc\\\/#breadcrumb\"},\"inLanguage\":\"de\",\"potentialAction\":[{\"@type\":\"ReadAction\",\"target\":[\"https:\\\/\\\/balufy.com\\\/de\\\/produkt\\\/bentley-continental-gtc\\\/\"]}]},{\"@type\":\"BreadcrumbList\",\"@id\":\"https:\\\/\\\/balufy.com\\\/de\\\/produkt\\\/bentley-continental-gtc\\\/#breadcrumb\",\"itemListElement\":[{\"@type\":\"ListItem\",\"position\":1,\"name\":\"Portada\",\"item\":\"https:\\\/\\\/balufy.com\\\/\"},{\"@type\":\"ListItem\",\"position\":2,\"name\":\"Shop\",\"item\":\"https:\\\/\\\/balufy.com\\\/es\\\/shop\\\/\"},{\"@type\":\"ListItem\",\"position\":3,\"name\":\"BENTLEY CONTINENTAL GTC\"}]},{\"@type\":\"WebSite\",\"@id\":\"https:\\\/\\\/balufy.com\\\/es\\\/#website\",\"url\":\"https:\\\/\\\/balufy.com\\\/es\\\/\",\"name\":\"Balufy - Taste of experience\",\"description\":\"Balufy\",\"publisher\":{\"@id\":\"https:\\\/\\\/balufy.com\\\/es\\\/#organization\"},\"potentialAction\":[{\"@type\":\"SearchAction\",\"target\":{\"@type\":\"EntryPoint\",\"urlTemplate\":\"https:\\\/\\\/balufy.com\\\/es\\\/?s={search_term_string}\"},\"query-input\":{\"@type\":\"PropertyValueSpecification\",\"valueRequired\":true,\"valueName\":\"search_term_string\"}}],\"inLanguage\":\"de\"},{\"@type\":\"Organization\",\"@id\":\"https:\\\/\\\/balufy.com\\\/es\\\/#organization\",\"name\":\"Balufy\",\"url\":\"https:\\\/\\\/balufy.com\\\/es\\\/\",\"logo\":{\"@type\":\"ImageObject\",\"inLanguage\":\"de\",\"@id\":\"https:\\\/\\\/balufy.com\\\/es\\\/#\\\/schema\\\/logo\\\/image\\\/\",\"url\":\"https:\\\/\\\/balufy.com\\\/wp-content\\\/uploads\\\/2022\\\/06\\\/LOGO_PNG.png\",\"contentUrl\":\"https:\\\/\\\/balufy.com\\\/wp-content\\\/uploads\\\/2022\\\/06\\\/LOGO_PNG.png\",\"width\":1366,\"height\":768,\"caption\":\"Balufy\"},\"image\":{\"@id\":\"https:\\\/\\\/balufy.com\\\/es\\\/#\\\/schema\\\/logo\\\/image\\\/\"},\"sameAs\":[\"https:\\\/\\\/www.facebook.com\\\/Balufy-102705001596047\",\"https:\\\/\\\/www.instagram.com\\\/balufy_oficial\\\/\"]}]}<\/script>\n<!-- \/ Yoast SEO plugin. -->","yoast_head_json":{"title":"BENTLEY CONTINENTAL GTC - Balufy - Der Geschmack der Erfahrung","robots":{"index":"index","follow":"follow","max-snippet":"max-snippet:-1","max-image-preview":"max-image-preview:large","max-video-preview":"max-video-preview:-1"},"canonical":"https:\/\/balufy.com\/de\/produkt\/bentley-continental-gtc\/","og_locale":"de_DE","og_type":"article","og_title":"BENTLEY CONTINENTAL GTC - Balufy - The taste of Experience","og_description":"Alquila un Bentley Continental GTC y experimenta la emoci\u00f3n de conducir un autom\u00f3vil de \u00e9lite. \u00bfListo para descubrir un mundo de lujo y exclusividad en su m\u00e1xima expresi\u00f3n? Este descapotable de alto rendimiento combina un dise\u00f1o elegante con un motor potente, ofreciendo una experiencia de conducci\u00f3n que redefinir\u00e1 tus est\u00e1ndares de lujo. El Bentley Continental [&hellip;]","og_url":"https:\/\/balufy.com\/de\/produkt\/bentley-continental-gtc\/","og_site_name":"Balufy - The taste of Experience","article_publisher":"https:\/\/www.facebook.com\/Balufy-102705001596047","article_modified_time":"2024-04-11T17:47:47+00:00","twitter_card":"summary_large_image","twitter_misc":{"Gesch\u00e4tzte Lesezeit":"4\u00a0Minuten"},"schema":{"@context":"https:\/\/schema.org","@graph":[{"@type":"WebPage","@id":"https:\/\/balufy.com\/de\/produkt\/bentley-continental-gtc\/","url":"https:\/\/balufy.com\/de\/produkt\/bentley-continental-gtc\/","name":"BENTLEY CONTINENTAL GTC - Balufy - Der Geschmack der Erfahrung","isPartOf":{"@id":"https:\/\/balufy.com\/es\/#website"},"datePublished":"2024-04-11T17:41:20+00:00","dateModified":"2024-04-11T17:47:47+00:00","breadcrumb":{"@id":"https:\/\/balufy.com\/de\/produkt\/bentley-continental-gtc\/#breadcrumb"},"inLanguage":"de","potentialAction":[{"@type":"ReadAction","target":["https:\/\/balufy.com\/de\/produkt\/bentley-continental-gtc\/"]}]},{"@type":"BreadcrumbList","@id":"https:\/\/balufy.com\/de\/produkt\/bentley-continental-gtc\/#breadcrumb","itemListElement":[{"@type":"ListItem","position":1,"name":"Portada","item":"https:\/\/balufy.com\/"},{"@type":"ListItem","position":2,"name":"Shop","item":"https:\/\/balufy.com\/es\/shop\/"},{"@type":"ListItem","position":3,"name":"BENTLEY CONTINENTAL GTC"}]},{"@type":"WebSite","@id":"https:\/\/balufy.com\/es\/#website","url":"https:\/\/balufy.com\/es\/","name":"Balufy - Geschmack der Erfahrung","description":"Balufy","publisher":{"@id":"https:\/\/balufy.com\/es\/#organization"},"potentialAction":[{"@type":"SearchAction","target":{"@type":"EntryPoint","urlTemplate":"https:\/\/balufy.com\/es\/?s={search_term_string}"},"query-input":{"@type":"PropertyValueSpecification","valueRequired":true,"valueName":"search_term_string"}}],"inLanguage":"de"},{"@type":"Organization","@id":"https:\/\/balufy.com\/es\/#organization","name":"Balufy","url":"https:\/\/balufy.com\/es\/","logo":{"@type":"ImageObject","inLanguage":"de","@id":"https:\/\/balufy.com\/es\/#\/schema\/logo\/image\/","url":"https:\/\/balufy.com\/wp-content\/uploads\/2022\/06\/LOGO_PNG.png","contentUrl":"https:\/\/balufy.com\/wp-content\/uploads\/2022\/06\/LOGO_PNG.png","width":1366,"height":768,"caption":"Balufy"},"image":{"@id":"https:\/\/balufy.com\/es\/#\/schema\/logo\/image\/"},"sameAs":["https:\/\/www.facebook.com\/Balufy-102705001596047","https:\/\/www.instagram.com\/balufy_oficial\/"]}]}},"_links":{"self":[{"href":"https:\/\/balufy.com\/de\/wp-json\/wp\/v2\/product\/2848","targetHints":{"allow":["GET"]}}],"collection":[{"href":"https:\/\/balufy.com\/de\/wp-json\/wp\/v2\/product"}],"about":[{"href":"https:\/\/balufy.com\/de\/wp-json\/wp\/v2\/types\/product"}],"version-history":[{"count":0,"href":"https:\/\/balufy.com\/de\/wp-json\/wp\/v2\/product\/2848\/revisions"}],"wp:attachment":[{"href":"https:\/\/balufy.com\/de\/wp-json\/wp\/v2\/media?parent=2848"}],"wp:term":[{"taxonomy":"product_brand","embeddable":true,"href":"https:\/\/balufy.com\/de\/wp-json\/wp\/v2\/product_brand?post=2848"},{"taxonomy":"product_cat","embeddable":true,"href":"https:\/\/balufy.com\/de\/wp-json\/wp\/v2\/product_cat?post=2848"},{"taxonomy":"product_tag","embeddable":true,"href":"https:\/\/balufy.com\/de\/wp-json\/wp\/v2\/product_tag?post=2848"}],"curies":[{"name":"wp","href":"https:\/\/api.w.org\/{rel}","templated":true}]}}