{"id":2985,"date":"2024-04-23T20:36:44","date_gmt":"2024-04-23T18:36:44","guid":{"rendered":"https:\/\/balufy.com\/product\/casa-aurora\/"},"modified":"2025-04-02T16:38:42","modified_gmt":"2025-04-02T14:38:42","slug":"aurorahaus","status":"publish","type":"product","link":"https:\/\/balufy.com\/de\/produkt\/aurorahaus\/","title":{"rendered":"Haus Aurora"},"content":{"rendered":"<p>Das Chalet in Santanyi hat 7 Schlafzimmer und Platz f\u00fcr 12 Personen.<br \/>\nGem\u00fctliche und voll ausgestattete 300 m\u00b2 gro\u00dfe Unterkunft mit Meer- und Gartenblick.<br \/>\nDie Unterkunft ist mit folgenden Dingen ausgestattet: Garten, Gartenm\u00f6bel, eingez\u00e4untes Grundst\u00fcck, Terrasse, Grill, B\u00fcgeleisen, Internet (wifi), Haartrockner, privates Schwimmbad, Parkplatz im Freien im selben Geb\u00e4ude, 2 Fernseher, Satellitenfernsehen (Sprachen: Spanisch, Deutsch).<br \/>\nDie offene Elektrok\u00fcche ist mit K\u00fchlschrank, Mikrowelle, Backofen, Gefrierschrank, Waschmaschine, Geschirrsp\u00fcler, Geschirr\/Besteck, K\u00fcchenutensilien, Kaffeemaschine, Toaster und Wasserkocher ausgestattet.<\/p>\n<p><strong>Was gibt es im Dorf?<\/strong><br \/>\nBettw\u00e4sche und Handt\u00fccher werden den G\u00e4sten zur Verf\u00fcgung gestellt. In der K\u00fcche gibt es einen kleinen Grundvorrat an Gew\u00fcrzen und \u00d6l. Sp\u00fclmittel, Geschirrsp\u00fcltabletten und 1-2 M\u00fclls\u00e4cke sind ebenfalls vorhanden. Sollte ein Artikel nicht mehr verf\u00fcgbar sein, wird er selbstverst\u00e4ndlich gekauft, wenn Sie sich selbst versorgen. In den Toiletten gibt es Handseife und 1-2 Rollen Toilettenpapier f\u00fcr die Anreise. Wenn Sie noch etwas zur Grundausstattung ben\u00f6tigen, wenden Sie sich bitte an uns.<\/p>\n<p>Bettw\u00e4sche: Inklusive (Wechsel alle 7 Tage), Handt\u00fccher: Inklusive (Wechsel alle 7 Tage), Endreinigung: 250,00 \u20ac \/Buchung.<br \/>\n<strong>Informationen \u00fcber das Gebiet<\/strong>:<br \/>\nEs liegt 150 m vom Sandstrand \"Cala Santany\u00ed\", 150 m vom Busbahnhof \"Cala Santany\u00ed\", 150 m vom Restaurant \"Restaurants in Cala Santany\u00ed\", 2 km vom Supermarkt \"Spar Supermarkt in Cala Santany\u00ed\", 3 km vom Restaurant \"Restaurants in Cala Figuera\", 3 km vom Ort \"Santany\u00ed\", 4 km vom Supermarkt \"Eroski, Lidel, Agromart in Santany\u00ed\", 4 km vom Restaurant \"Restaurants in Santany\u00ed\" entfernt, 6 km zum Naturpark \"Naturpark Mondrag\u00f3\", 6 km zum Sandstrand \"Cala S'Amarador\", 10 km zum Sandstrand \"Cala Llombards\", 18 km zum Felsenstrand \"Cap de Ses Salines\", 19 km zum Golfplatz \"Vall D'Or Golf\", 20 km zum Sandstrand \"Es Trenc\", 42 km zum Wasserpark \"Agualand El Arenal\", 50 km zum Flughafen \"Palma de Mallorca Airport (PMI)\" und befindet sich in einer idealen Gegend f\u00fcr Familien und am Meer.<\/p>\n<p><strong>WICHTIG!<\/strong><br \/>\nDer Gast ist verpflichtet, \u00fcber die Agentur eine Schadensversicherung abzuschlie\u00dfen, die Sch\u00e4den an der Immobilie bis zu 5.000 Euro abdeckt. Alle G\u00e4ste, die in einem Ferienhaus auf Mallorca \u00fcbernachten, sind verpflichtet, die \u00f6rtliche Kurtaxe zu zahlen. Einige Portale erheben sie nicht. In diesem Fall erhalten Sie gesonderte Informationen \u00fcber diese Zahlung. Bitte beachten Sie au\u00dferdem, dass die Agentur eine r\u00fcckzahlbare Kaution erhebt. Alle Einzelheiten werden Ihnen in der Buchungsbest\u00e4tigung per E-Mail mitgeteilt.<br \/>\nKaution (r\u00fcckzahlbar)<br \/>\nBetrag: 400,00 \u20ac\/Buchung, Zahlungsart: Kreditkartenabzug: Bei Ankunft zu zahlen.<br \/>\nBemerkung:<br \/>\n- Diese Vermietung akzeptiert keine Gruppen von Jugendlichen (bis 22 Jahre).<br \/>\n- Rauchen ist nicht erlaubt<br \/>\n- Haustiere sind nicht erlaubt - Zugang zur Unterkunft ohne Treppen.<\/p>","protected":false},"excerpt":{"rendered":"<p>El chalet en Santanyi posee 7 dormitorio(s) y capacidad para 12 personas. Alojamiento de 300 m\u00b2 acogedor y totalmente equipado, con vistas al mar y al jard\u00edn. Dispone de jard\u00edn, mobiliario jard\u00edn, parcela vallada, terraza, barbacoa, plancha, acceso internet (wifi), secador, piscina privada, parking aire libre en mismo edificio, 2 Televisores, tv satelite (Idiomas: Espa\u00f1ol, [&hellip;]<\/p>","protected":false},"featured_media":0,"template":"","meta":[],"product_brand":[],"product_cat":[20],"product_tag":[],"class_list":{"0":"post-2985","1":"product","2":"type-product","3":"status-publish","5":"product_cat-listeo-booking","7":"first","8":"instock","9":"virtual","10":"sold-individually","11":"purchasable","12":"product-type-listing_booking"},"yoast_head":"<!-- This site is optimized with the Yoast SEO plugin v27.3 - https:\/\/yoast.com\/product\/yoast-seo-wordpress\/ -->\n<title>Casa Aurora - Balufy - The taste of Experience<\/title>\n<meta name=\"robots\" content=\"index, follow, max-snippet:-1, max-image-preview:large, max-video-preview:-1\" \/>\n<link rel=\"canonical\" href=\"https:\/\/balufy.com\/de\/produkt\/aurorahaus\/\" \/>\n<meta property=\"og:locale\" content=\"de_DE\" \/>\n<meta property=\"og:type\" content=\"article\" \/>\n<meta property=\"og:title\" content=\"Casa Aurora - Balufy - The taste of Experience\" \/>\n<meta property=\"og:description\" content=\"El chalet en Santanyi posee 7 dormitorio(s) y capacidad para 12 personas. Alojamiento de 300 m\u00b2 acogedor y totalmente equipado, con vistas al mar y al jard\u00edn. Dispone de jard\u00edn, mobiliario jard\u00edn, parcela vallada, terraza, barbacoa, plancha, acceso internet (wifi), secador, piscina privada, parking aire libre en mismo edificio, 2 Televisores, tv satelite (Idiomas: Espa\u00f1ol, [&hellip;]\" \/>\n<meta property=\"og:url\" content=\"https:\/\/balufy.com\/de\/produkt\/aurorahaus\/\" \/>\n<meta property=\"og:site_name\" content=\"Balufy - The taste of Experience\" \/>\n<meta property=\"article:publisher\" content=\"https:\/\/www.facebook.com\/Balufy-102705001596047\" \/>\n<meta property=\"article:modified_time\" content=\"2025-04-02T14:38:42+00:00\" \/>\n<meta name=\"twitter:card\" content=\"summary_large_image\" \/>\n<meta name=\"twitter:label1\" content=\"Gesch\u00e4tzte Lesezeit\" \/>\n\t<meta name=\"twitter:data1\" content=\"2\u00a0Minuten\" \/>\n<script type=\"application\/ld+json\" class=\"yoast-schema-graph\">{\"@context\":\"https:\\\/\\\/schema.org\",\"@graph\":[{\"@type\":\"WebPage\",\"@id\":\"https:\\\/\\\/balufy.com\\\/en\\\/product\\\/aurora-house\\\/\",\"url\":\"https:\\\/\\\/balufy.com\\\/en\\\/product\\\/aurora-house\\\/\",\"name\":\"Casa Aurora - Balufy - The taste of Experience\",\"isPartOf\":{\"@id\":\"https:\\\/\\\/balufy.com\\\/es\\\/#website\"},\"datePublished\":\"2024-04-23T18:36:44+00:00\",\"dateModified\":\"2025-04-02T14:38:42+00:00\",\"breadcrumb\":{\"@id\":\"https:\\\/\\\/balufy.com\\\/en\\\/product\\\/aurora-house\\\/#breadcrumb\"},\"inLanguage\":\"de\",\"potentialAction\":[{\"@type\":\"ReadAction\",\"target\":[\"https:\\\/\\\/balufy.com\\\/en\\\/product\\\/aurora-house\\\/\"]}]},{\"@type\":\"BreadcrumbList\",\"@id\":\"https:\\\/\\\/balufy.com\\\/en\\\/product\\\/aurora-house\\\/#breadcrumb\",\"itemListElement\":[{\"@type\":\"ListItem\",\"position\":1,\"name\":\"Portada\",\"item\":\"https:\\\/\\\/balufy.com\\\/\"},{\"@type\":\"ListItem\",\"position\":2,\"name\":\"Shop\",\"item\":\"https:\\\/\\\/balufy.com\\\/es\\\/shop\\\/\"},{\"@type\":\"ListItem\",\"position\":3,\"name\":\"Casa Aurora\"}]},{\"@type\":\"WebSite\",\"@id\":\"https:\\\/\\\/balufy.com\\\/es\\\/#website\",\"url\":\"https:\\\/\\\/balufy.com\\\/es\\\/\",\"name\":\"Balufy - Taste of experience\",\"description\":\"Balufy\",\"publisher\":{\"@id\":\"https:\\\/\\\/balufy.com\\\/es\\\/#organization\"},\"potentialAction\":[{\"@type\":\"SearchAction\",\"target\":{\"@type\":\"EntryPoint\",\"urlTemplate\":\"https:\\\/\\\/balufy.com\\\/es\\\/?s={search_term_string}\"},\"query-input\":{\"@type\":\"PropertyValueSpecification\",\"valueRequired\":true,\"valueName\":\"search_term_string\"}}],\"inLanguage\":\"de\"},{\"@type\":\"Organization\",\"@id\":\"https:\\\/\\\/balufy.com\\\/es\\\/#organization\",\"name\":\"Balufy\",\"url\":\"https:\\\/\\\/balufy.com\\\/es\\\/\",\"logo\":{\"@type\":\"ImageObject\",\"inLanguage\":\"de\",\"@id\":\"https:\\\/\\\/balufy.com\\\/es\\\/#\\\/schema\\\/logo\\\/image\\\/\",\"url\":\"https:\\\/\\\/balufy.com\\\/wp-content\\\/uploads\\\/2022\\\/06\\\/LOGO_PNG.png\",\"contentUrl\":\"https:\\\/\\\/balufy.com\\\/wp-content\\\/uploads\\\/2022\\\/06\\\/LOGO_PNG.png\",\"width\":1366,\"height\":768,\"caption\":\"Balufy\"},\"image\":{\"@id\":\"https:\\\/\\\/balufy.com\\\/es\\\/#\\\/schema\\\/logo\\\/image\\\/\"},\"sameAs\":[\"https:\\\/\\\/www.facebook.com\\\/Balufy-102705001596047\",\"https:\\\/\\\/www.instagram.com\\\/balufy_oficial\\\/\"]}]}<\/script>\n<!-- \/ Yoast SEO plugin. -->","yoast_head_json":{"title":"Casa Aurora - Balufy - Der Geschmack der Erfahrung","robots":{"index":"index","follow":"follow","max-snippet":"max-snippet:-1","max-image-preview":"max-image-preview:large","max-video-preview":"max-video-preview:-1"},"canonical":"https:\/\/balufy.com\/de\/produkt\/aurorahaus\/","og_locale":"de_DE","og_type":"article","og_title":"Casa Aurora - Balufy - The taste of Experience","og_description":"El chalet en Santanyi posee 7 dormitorio(s) y capacidad para 12 personas. Alojamiento de 300 m\u00b2 acogedor y totalmente equipado, con vistas al mar y al jard\u00edn. Dispone de jard\u00edn, mobiliario jard\u00edn, parcela vallada, terraza, barbacoa, plancha, acceso internet (wifi), secador, piscina privada, parking aire libre en mismo edificio, 2 Televisores, tv satelite (Idiomas: Espa\u00f1ol, [&hellip;]","og_url":"https:\/\/balufy.com\/de\/produkt\/aurorahaus\/","og_site_name":"Balufy - The taste of Experience","article_publisher":"https:\/\/www.facebook.com\/Balufy-102705001596047","article_modified_time":"2025-04-02T14:38:42+00:00","twitter_card":"summary_large_image","twitter_misc":{"Gesch\u00e4tzte Lesezeit":"2\u00a0Minuten"},"schema":{"@context":"https:\/\/schema.org","@graph":[{"@type":"WebPage","@id":"https:\/\/balufy.com\/en\/product\/aurora-house\/","url":"https:\/\/balufy.com\/en\/product\/aurora-house\/","name":"Casa Aurora - Balufy - Der Geschmack der Erfahrung","isPartOf":{"@id":"https:\/\/balufy.com\/es\/#website"},"datePublished":"2024-04-23T18:36:44+00:00","dateModified":"2025-04-02T14:38:42+00:00","breadcrumb":{"@id":"https:\/\/balufy.com\/en\/product\/aurora-house\/#breadcrumb"},"inLanguage":"de","potentialAction":[{"@type":"ReadAction","target":["https:\/\/balufy.com\/en\/product\/aurora-house\/"]}]},{"@type":"BreadcrumbList","@id":"https:\/\/balufy.com\/en\/product\/aurora-house\/#breadcrumb","itemListElement":[{"@type":"ListItem","position":1,"name":"Portada","item":"https:\/\/balufy.com\/"},{"@type":"ListItem","position":2,"name":"Shop","item":"https:\/\/balufy.com\/es\/shop\/"},{"@type":"ListItem","position":3,"name":"Casa Aurora"}]},{"@type":"WebSite","@id":"https:\/\/balufy.com\/es\/#website","url":"https:\/\/balufy.com\/es\/","name":"Balufy - Geschmack der Erfahrung","description":"Balufy","publisher":{"@id":"https:\/\/balufy.com\/es\/#organization"},"potentialAction":[{"@type":"SearchAction","target":{"@type":"EntryPoint","urlTemplate":"https:\/\/balufy.com\/es\/?s={search_term_string}"},"query-input":{"@type":"PropertyValueSpecification","valueRequired":true,"valueName":"search_term_string"}}],"inLanguage":"de"},{"@type":"Organization","@id":"https:\/\/balufy.com\/es\/#organization","name":"Balufy","url":"https:\/\/balufy.com\/es\/","logo":{"@type":"ImageObject","inLanguage":"de","@id":"https:\/\/balufy.com\/es\/#\/schema\/logo\/image\/","url":"https:\/\/balufy.com\/wp-content\/uploads\/2022\/06\/LOGO_PNG.png","contentUrl":"https:\/\/balufy.com\/wp-content\/uploads\/2022\/06\/LOGO_PNG.png","width":1366,"height":768,"caption":"Balufy"},"image":{"@id":"https:\/\/balufy.com\/es\/#\/schema\/logo\/image\/"},"sameAs":["https:\/\/www.facebook.com\/Balufy-102705001596047","https:\/\/www.instagram.com\/balufy_oficial\/"]}]}},"_links":{"self":[{"href":"https:\/\/balufy.com\/de\/wp-json\/wp\/v2\/product\/2985","targetHints":{"allow":["GET"]}}],"collection":[{"href":"https:\/\/balufy.com\/de\/wp-json\/wp\/v2\/product"}],"about":[{"href":"https:\/\/balufy.com\/de\/wp-json\/wp\/v2\/types\/product"}],"version-history":[{"count":0,"href":"https:\/\/balufy.com\/de\/wp-json\/wp\/v2\/product\/2985\/revisions"}],"wp:attachment":[{"href":"https:\/\/balufy.com\/de\/wp-json\/wp\/v2\/media?parent=2985"}],"wp:term":[{"taxonomy":"product_brand","embeddable":true,"href":"https:\/\/balufy.com\/de\/wp-json\/wp\/v2\/product_brand?post=2985"},{"taxonomy":"product_cat","embeddable":true,"href":"https:\/\/balufy.com\/de\/wp-json\/wp\/v2\/product_cat?post=2985"},{"taxonomy":"product_tag","embeddable":true,"href":"https:\/\/balufy.com\/de\/wp-json\/wp\/v2\/product_tag?post=2985"}],"curies":[{"name":"wp","href":"https:\/\/api.w.org\/{rel}","templated":true}]}}