{"id":3007,"date":"2024-04-24T12:23:06","date_gmt":"2024-04-24T10:23:06","guid":{"rendered":"https:\/\/balufy.com\/product\/sa-madoneta\/"},"modified":"2025-04-02T16:37:47","modified_gmt":"2025-04-02T14:37:47","slug":"sa-madoneta","status":"publish","type":"product","link":"https:\/\/balufy.com\/de\/produkt\/sa-madoneta\/","title":{"rendered":"Sa Madoneta"},"content":{"rendered":"<p><strong>Beschreibung der Immobilie:<\/strong><\/p>\n<p>Umgeben von Mandel- und Johannisbrotb\u00e4umen bietet die Finca Damian ein einzigartiges Ambiente inmitten der Natur f\u00fcr erholsame Tage auf der Insel. Dank der leichten Hanglage der Finca und der Ausrichtung nach S\u00fcden genie\u00dfen Sie einen traumhaften Blick \u00fcber die gesamte Landschaft bis hin zur K\u00fcste und in der Ferne k\u00f6nnen Sie sogar die Nachbarinsel Cabrera sehen.<\/p>\n<p>Die Finca Sa Madoneta verf\u00fcgt \u00fcber zwei Schlafzimmer, eines mit einem Doppelbett und das andere mit einem Einzelbett und einem Etagenbett, die insgesamt Platz f\u00fcr f\u00fcnf Personen bieten. Vom Wohn-Essbereich mit voll ausgestatteter offener K\u00fcche, einem gro\u00dfz\u00fcgigen Esstisch und einer gem\u00fctlichen Sofaecke haben Sie direkten Zugang zur herrlichen Sonnenterrasse mit Liegest\u00fchlen und Sonnenschirmen. Eine Abk\u00fchlung im t\u00fcrkisblauen Swimmingpool l\u00e4sst Sie den Alltag vergessen und entspannen. Unter der \u00fcberdachten Terrasse k\u00f6nnen Sie gem\u00fctlich sitzen und essen oder auf den Grillmeister warten, der Ihnen das Essen auf den Tisch bringt. Hier werden Sie mit Sicherheit unvergessliche Sommerabende mit Ihren Lieben verbringen.<\/p>\n<p>Bitte beachten Sie, dass f\u00fcr die Nutzung der Klimaanlage eine zus\u00e4tzliche Geb\u00fchr von 15 \u20ac pro Tag anf\u00e4llt. Diese Geb\u00fchr wird nicht im Voraus berechnet, sondern wird direkt vor Ort vom Eigent\u00fcmer erhoben. Wir m\u00f6chten unsere G\u00e4ste darauf hinweisen, dass dieser Service v\u00f6llig optional ist und nur bei Bedarf genutzt werden sollte.<\/p>\n<p>Wir laden Sie ein, das sch\u00f6ne Finca-Leben auf Mallorca mit uns zu erleben.<\/p>\n<p><strong>Was gibt es im Dorf?<\/strong><br \/>\nBettw\u00e4sche, Handt\u00fccher und Poolhandt\u00fccher werden den G\u00e4sten zur Verf\u00fcgung gestellt. In der K\u00fcche gibt es einen kleinen Grundvorrat an Gew\u00fcrzen und \u00d6l. Sp\u00fclmittel, Geschirrsp\u00fcltabletten und 1-2 M\u00fclls\u00e4cke sind ebenfalls vorhanden. Sollte ein Artikel nicht mehr verf\u00fcgbar sein, wird er selbstverst\u00e4ndlich gekauft, wenn Sie sich selbst versorgen. In den Toiletten gibt es Handseife und 1-2 Rollen Toilettenpapier f\u00fcr die Anreise. Wenn Sie noch etwas zur Grundausstattung ben\u00f6tigen, wenden Sie sich bitte an uns.<\/p>\n<p><strong>Informationen:<\/strong><\/p>\n<p>Die Finca Sa Madoneta liegt am Fu\u00dfe des Hamburger H\u00fcgels, ca. 2 km in Richtung Cas Concos von Santany\u00ed entfernt, im S\u00fcdosten der Insel. In dem charmanten Dorf Santany\u00ed, das in wenigen Minuten zu erreichen ist, finden Sie Superm\u00e4rkte, Restaurants, Boutiquen zum Einkaufen und zweimal w\u00f6chentlich einen bunten Wochenmarkt im Zentrum des Dorfes mit lokalen Produkten. Hier k\u00f6nnen Sie frisches Obst und Gem\u00fcse aus der Region sowie handgefertigte Souvenirs kaufen.<\/p>\n<p>Die sch\u00f6nsten Str\u00e4nde der Insel, wie Cala Santany\u00ed, Cala Llombards oder Cala S'amarador, sind etwa 9 km von der Finca entfernt. Hier kann man sich im wei\u00dfen Sand sonnen, einen erfrischenden Drink in einer der Strandbars oder in den spanischen \"chiringuitos\" genie\u00dfen, tauchen und schnorcheln. Die gesamte S\u00fcdostk\u00fcste ist f\u00fcr ihren sanften Tourismus abseits der Massen bekannt und verzaubert mit ihren zahlreichen, in T\u00fcrkist\u00f6ne getauchten Buchten, die sich entlang der gesamten K\u00fcstenlinie bis in den Nordosten erstrecken. Entdecken Sie die Vielfalt Mallorcas auf eine bezaubernde Art und Weise und lernen Sie die Insel von einer neuen und ganz besonderen Seite kennen, die sicher auch Sie verzaubern wird.<\/p>\n<p>Besuchen Sie den S\u00fcdosten von Mallorca und entdecken Sie die verborgenen Sch\u00e4tze der Insel.<\/p>\n<p><strong>WICHTIG!<\/strong><br \/>\nAlle G\u00e4ste, die in einem Ferienhaus auf Mallorca \u00fcbernachten, sind verpflichtet, die \u00f6rtliche Touristensteuer zu zahlen. Einige Portale erheben sie nicht. In diesem Fall erhalten Sie gesonderte Informationen \u00fcber diese Zahlung. Bitte beachten Sie au\u00dferdem, dass die Agentur eine r\u00fcckzahlbare Kaution erhebt. Es besteht die M\u00f6glichkeit, die Kaution auf 100 \u20ac pro Aufenthalt zu reduzieren, wenn der Gast eine Versicherung abschlie\u00dft, um eventuelle Sch\u00e4den am Ferienhaus abzudecken. N\u00e4here Informationen erhalten Sie in der Buchungsbest\u00e4tigung per E-Mail.<\/p>\n<p>Kaution (r\u00fcckzahlbar)<br \/>\nBetrag: 400,00 \u20ac\/Buchung. Zahlungsweise: Einbehalt der Kreditkarte bei der Ankunft zu zahlen.<br \/>\nKurtaxe: im Gesamtpreis inbegriffen<br \/>\n<strong>\u00a0Bemerkungen<\/strong><\/p>\n<p>Klimaanlage vorhanden:<br \/>\nVon 1\/6 bis 30\/9<br \/>\nPreis: 15,00 \u20ac\/Nacht<\/p>\n<p>-Heizung: 10,00 \u20ac\/Nacht<br \/>\n- Diese Vermietung akzeptiert keine Gruppen von Jugendlichen (bis 22 Jahre).<br \/>\n- Rauchen ist nicht erlaubt<br \/>\n- Haustiere sind in dieser Unterkunft erlaubt, mit Ausnahme von gef\u00e4hrlichen Rassen.<br \/>\nIn der Nebensaison sind die Check-in und Check-out Zeiten flexibel. Bitte kontaktieren Sie die Agentur, um die Zeiten zu vereinbaren.<\/p>\n<p>Ankunft au\u00dferhalb der \u00d6ffnungszeiten: Schl\u00fcssel im Briefkasten mit Code. Der Gesamtbetrag der Buchung muss im Voraus bezahlt werden.<\/p>","protected":false},"excerpt":{"rendered":"<p>Descripci\u00f3n de la propiedad: Rodeada de almendros y algarrobos, la Finca Damian ofrece un ambiente \u00fanico en medio de la naturaleza para d\u00edas relajados en la isla. Gracias a la ligera inclinaci\u00f3n de la finca y su orientaci\u00f3n hacia el sur, disfrutar\u00e1 de una vista de ensue\u00f1o de todo el paisaje hasta la costa, y [&hellip;]<\/p>","protected":false},"featured_media":0,"template":"","meta":[],"product_brand":[],"product_cat":[20],"product_tag":[],"class_list":{"0":"post-3007","1":"product","2":"type-product","3":"status-publish","5":"product_cat-listeo-booking","7":"first","8":"instock","9":"virtual","10":"sold-individually","11":"purchasable","12":"product-type-listing_booking"},"yoast_head":"<!-- This site is optimized with the Yoast SEO plugin v27.3 - https:\/\/yoast.com\/product\/yoast-seo-wordpress\/ -->\n<title>Sa Madoneta - Balufy - The taste of Experience<\/title>\n<meta name=\"robots\" content=\"index, follow, max-snippet:-1, max-image-preview:large, max-video-preview:-1\" \/>\n<link rel=\"canonical\" href=\"https:\/\/balufy.com\/de\/produkt\/sa-madoneta\/\" \/>\n<meta property=\"og:locale\" content=\"de_DE\" \/>\n<meta property=\"og:type\" content=\"article\" \/>\n<meta property=\"og:title\" content=\"Sa Madoneta - Balufy - The taste of Experience\" \/>\n<meta property=\"og:description\" content=\"Descripci\u00f3n de la propiedad: Rodeada de almendros y algarrobos, la Finca Damian ofrece un ambiente \u00fanico en medio de la naturaleza para d\u00edas relajados en la isla. Gracias a la ligera inclinaci\u00f3n de la finca y su orientaci\u00f3n hacia el sur, disfrutar\u00e1 de una vista de ensue\u00f1o de todo el paisaje hasta la costa, y [&hellip;]\" \/>\n<meta property=\"og:url\" content=\"https:\/\/balufy.com\/de\/produkt\/sa-madoneta\/\" \/>\n<meta property=\"og:site_name\" content=\"Balufy - The taste of Experience\" \/>\n<meta property=\"article:publisher\" content=\"https:\/\/www.facebook.com\/Balufy-102705001596047\" \/>\n<meta property=\"article:modified_time\" content=\"2025-04-02T14:37:47+00:00\" \/>\n<meta name=\"twitter:card\" content=\"summary_large_image\" \/>\n<meta name=\"twitter:label1\" content=\"Gesch\u00e4tzte Lesezeit\" \/>\n\t<meta name=\"twitter:data1\" content=\"4\u00a0Minuten\" \/>\n<script type=\"application\/ld+json\" class=\"yoast-schema-graph\">{\"@context\":\"https:\\\/\\\/schema.org\",\"@graph\":[{\"@type\":\"WebPage\",\"@id\":\"https:\\\/\\\/balufy.com\\\/es\\\/producto\\\/sa-madoneta\\\/\",\"url\":\"https:\\\/\\\/balufy.com\\\/es\\\/producto\\\/sa-madoneta\\\/\",\"name\":\"Sa Madoneta - Balufy - The taste of Experience\",\"isPartOf\":{\"@id\":\"https:\\\/\\\/balufy.com\\\/es\\\/#website\"},\"datePublished\":\"2024-04-24T10:23:06+00:00\",\"dateModified\":\"2025-04-02T14:37:47+00:00\",\"breadcrumb\":{\"@id\":\"https:\\\/\\\/balufy.com\\\/es\\\/producto\\\/sa-madoneta\\\/#breadcrumb\"},\"inLanguage\":\"de\",\"potentialAction\":[{\"@type\":\"ReadAction\",\"target\":[\"https:\\\/\\\/balufy.com\\\/es\\\/producto\\\/sa-madoneta\\\/\"]}]},{\"@type\":\"BreadcrumbList\",\"@id\":\"https:\\\/\\\/balufy.com\\\/es\\\/producto\\\/sa-madoneta\\\/#breadcrumb\",\"itemListElement\":[{\"@type\":\"ListItem\",\"position\":1,\"name\":\"Portada\",\"item\":\"https:\\\/\\\/balufy.com\\\/\"},{\"@type\":\"ListItem\",\"position\":2,\"name\":\"Shop\",\"item\":\"https:\\\/\\\/balufy.com\\\/es\\\/shop\\\/\"},{\"@type\":\"ListItem\",\"position\":3,\"name\":\"Sa Madoneta\"}]},{\"@type\":\"WebSite\",\"@id\":\"https:\\\/\\\/balufy.com\\\/es\\\/#website\",\"url\":\"https:\\\/\\\/balufy.com\\\/es\\\/\",\"name\":\"Balufy - Taste of experience\",\"description\":\"Balufy\",\"publisher\":{\"@id\":\"https:\\\/\\\/balufy.com\\\/es\\\/#organization\"},\"potentialAction\":[{\"@type\":\"SearchAction\",\"target\":{\"@type\":\"EntryPoint\",\"urlTemplate\":\"https:\\\/\\\/balufy.com\\\/es\\\/?s={search_term_string}\"},\"query-input\":{\"@type\":\"PropertyValueSpecification\",\"valueRequired\":true,\"valueName\":\"search_term_string\"}}],\"inLanguage\":\"de\"},{\"@type\":\"Organization\",\"@id\":\"https:\\\/\\\/balufy.com\\\/es\\\/#organization\",\"name\":\"Balufy\",\"url\":\"https:\\\/\\\/balufy.com\\\/es\\\/\",\"logo\":{\"@type\":\"ImageObject\",\"inLanguage\":\"de\",\"@id\":\"https:\\\/\\\/balufy.com\\\/es\\\/#\\\/schema\\\/logo\\\/image\\\/\",\"url\":\"https:\\\/\\\/balufy.com\\\/wp-content\\\/uploads\\\/2022\\\/06\\\/LOGO_PNG.png\",\"contentUrl\":\"https:\\\/\\\/balufy.com\\\/wp-content\\\/uploads\\\/2022\\\/06\\\/LOGO_PNG.png\",\"width\":1366,\"height\":768,\"caption\":\"Balufy\"},\"image\":{\"@id\":\"https:\\\/\\\/balufy.com\\\/es\\\/#\\\/schema\\\/logo\\\/image\\\/\"},\"sameAs\":[\"https:\\\/\\\/www.facebook.com\\\/Balufy-102705001596047\",\"https:\\\/\\\/www.instagram.com\\\/balufy_oficial\\\/\"]}]}<\/script>\n<!-- \/ Yoast SEO plugin. -->","yoast_head_json":{"title":"Sa Madoneta - Balufy - Der Geschmack der Erfahrung","robots":{"index":"index","follow":"follow","max-snippet":"max-snippet:-1","max-image-preview":"max-image-preview:large","max-video-preview":"max-video-preview:-1"},"canonical":"https:\/\/balufy.com\/de\/produkt\/sa-madoneta\/","og_locale":"de_DE","og_type":"article","og_title":"Sa Madoneta - Balufy - The taste of Experience","og_description":"Descripci\u00f3n de la propiedad: Rodeada de almendros y algarrobos, la Finca Damian ofrece un ambiente \u00fanico en medio de la naturaleza para d\u00edas relajados en la isla. Gracias a la ligera inclinaci\u00f3n de la finca y su orientaci\u00f3n hacia el sur, disfrutar\u00e1 de una vista de ensue\u00f1o de todo el paisaje hasta la costa, y [&hellip;]","og_url":"https:\/\/balufy.com\/de\/produkt\/sa-madoneta\/","og_site_name":"Balufy - The taste of Experience","article_publisher":"https:\/\/www.facebook.com\/Balufy-102705001596047","article_modified_time":"2025-04-02T14:37:47+00:00","twitter_card":"summary_large_image","twitter_misc":{"Gesch\u00e4tzte Lesezeit":"4\u00a0Minuten"},"schema":{"@context":"https:\/\/schema.org","@graph":[{"@type":"WebPage","@id":"https:\/\/balufy.com\/es\/producto\/sa-madoneta\/","url":"https:\/\/balufy.com\/es\/producto\/sa-madoneta\/","name":"Sa Madoneta - Balufy - Der Geschmack der Erfahrung","isPartOf":{"@id":"https:\/\/balufy.com\/es\/#website"},"datePublished":"2024-04-24T10:23:06+00:00","dateModified":"2025-04-02T14:37:47+00:00","breadcrumb":{"@id":"https:\/\/balufy.com\/es\/producto\/sa-madoneta\/#breadcrumb"},"inLanguage":"de","potentialAction":[{"@type":"ReadAction","target":["https:\/\/balufy.com\/es\/producto\/sa-madoneta\/"]}]},{"@type":"BreadcrumbList","@id":"https:\/\/balufy.com\/es\/producto\/sa-madoneta\/#breadcrumb","itemListElement":[{"@type":"ListItem","position":1,"name":"Portada","item":"https:\/\/balufy.com\/"},{"@type":"ListItem","position":2,"name":"Shop","item":"https:\/\/balufy.com\/es\/shop\/"},{"@type":"ListItem","position":3,"name":"Sa Madoneta"}]},{"@type":"WebSite","@id":"https:\/\/balufy.com\/es\/#website","url":"https:\/\/balufy.com\/es\/","name":"Balufy - Geschmack der Erfahrung","description":"Balufy","publisher":{"@id":"https:\/\/balufy.com\/es\/#organization"},"potentialAction":[{"@type":"SearchAction","target":{"@type":"EntryPoint","urlTemplate":"https:\/\/balufy.com\/es\/?s={search_term_string}"},"query-input":{"@type":"PropertyValueSpecification","valueRequired":true,"valueName":"search_term_string"}}],"inLanguage":"de"},{"@type":"Organization","@id":"https:\/\/balufy.com\/es\/#organization","name":"Balufy","url":"https:\/\/balufy.com\/es\/","logo":{"@type":"ImageObject","inLanguage":"de","@id":"https:\/\/balufy.com\/es\/#\/schema\/logo\/image\/","url":"https:\/\/balufy.com\/wp-content\/uploads\/2022\/06\/LOGO_PNG.png","contentUrl":"https:\/\/balufy.com\/wp-content\/uploads\/2022\/06\/LOGO_PNG.png","width":1366,"height":768,"caption":"Balufy"},"image":{"@id":"https:\/\/balufy.com\/es\/#\/schema\/logo\/image\/"},"sameAs":["https:\/\/www.facebook.com\/Balufy-102705001596047","https:\/\/www.instagram.com\/balufy_oficial\/"]}]}},"_links":{"self":[{"href":"https:\/\/balufy.com\/de\/wp-json\/wp\/v2\/product\/3007","targetHints":{"allow":["GET"]}}],"collection":[{"href":"https:\/\/balufy.com\/de\/wp-json\/wp\/v2\/product"}],"about":[{"href":"https:\/\/balufy.com\/de\/wp-json\/wp\/v2\/types\/product"}],"version-history":[{"count":0,"href":"https:\/\/balufy.com\/de\/wp-json\/wp\/v2\/product\/3007\/revisions"}],"wp:attachment":[{"href":"https:\/\/balufy.com\/de\/wp-json\/wp\/v2\/media?parent=3007"}],"wp:term":[{"taxonomy":"product_brand","embeddable":true,"href":"https:\/\/balufy.com\/de\/wp-json\/wp\/v2\/product_brand?post=3007"},{"taxonomy":"product_cat","embeddable":true,"href":"https:\/\/balufy.com\/de\/wp-json\/wp\/v2\/product_cat?post=3007"},{"taxonomy":"product_tag","embeddable":true,"href":"https:\/\/balufy.com\/de\/wp-json\/wp\/v2\/product_tag?post=3007"}],"curies":[{"name":"wp","href":"https:\/\/api.w.org\/{rel}","templated":true}]}}