{"id":3049,"date":"2024-04-24T13:07:45","date_gmt":"2024-04-24T11:07:45","guid":{"rendered":"https:\/\/balufy.com\/product\/villa-ancora\/"},"modified":"2025-04-02T16:36:57","modified_gmt":"2025-04-02T14:36:57","slug":"villa-ancora","status":"publish","type":"product","link":"https:\/\/balufy.com\/de\/produkt\/villa-ancora\/","title":{"rendered":"Villa Ancora"},"content":{"rendered":"<p>Ancora ist eine Ferienvilla in erster Linie in Santany\u00ed, Mallorca, mit privatem Pool.<br \/>\n5 Schlafzimmer, 5 Badezimmer Villa mit Meerblick und privatem Pool, Klimaanlage, WiFi, Smart TV, in der N\u00e4he von Golf, f\u00fcr bis zu 10 Personen.<\/p>\n<p>Der geformte Pool hat einen herrlichen Blick auf das Meer, einen angrenzenden Bankbereich, der sich perfekt f\u00fcr kleine Kinder eignet, und ist au\u00dferdem mit einer K\u00fcchenzeile ausgestattet, um Ihre Getr\u00e4nke kalt zu halten, einer G\u00e4stetoilette mit Umkleidebereich, zwei \u00fcberdachten Chill-out-Bereichen und einem Esstisch, der in den Schatten hinein- oder herausgefahren werden kann.<\/p>\n<p>Die Ferienvilla liegt nur wenige Minuten von dem malerischen Fischerdorf Porto Petro mit seiner herrlichen K\u00fcstenlandschaft und weitere 5 Minuten von der gr\u00f6\u00dferen und lebhaften Cala d`Or entfernt, die eine gro\u00dfe Auswahl an Restaurants, Bars und Str\u00e4nden bietet.<br \/>\nF\u00fcr Strandliebhaber oder diejenigen, die einfach nur in der Privatsph\u00e4re einer luxuri\u00f6sen Villa entspannen m\u00f6chten, ist Ancora die richtige Wahl, um Ihren Urlaub auf Mallorca zu genie\u00dfen.<\/p>\n<p><strong>Bitte beachten:<\/strong><\/p>\n<p>\u00d6ffnungszeiten:T\u00e4glich von 16:00 bis 0:00 Uhr<\/p>\n<p>Abfahrtszeit:Vor 10:00h<br \/>\n- F\u00fcr jede Buchung wird eine Buchungsgeb\u00fchr von 150 EUR erhoben.<br \/>\n- Die balearische \u00d6kosteuer in H\u00f6he von 2,20 EUR pro Nacht und pro Person ist bei der Buchung zu entrichten.<br \/>\n- Eine r\u00fcckzahlbare Kaution, deren H\u00f6he sich nach dem Objekt richtet, wird ebenfalls bei der Buchung verlangt.<br \/>\n- Kostenloses WIFI verf\u00fcgbar<\/p>\n<p>Kaution (r\u00fcckzahlbar)<br \/>\nBetrag: 2.000,00 \u20ac\/Buchung. Zahlungsweise: Einbehalt auf Kreditkarte bei der letzten Zahlung.<\/p>\n<p><strong>Bemerkungen<\/strong><\/p>\n<p>- Diese Vermietung akzeptiert keine Gruppen von Jugendlichen (bis 18 Jahre).<br \/>\n- Rauchen ist nicht erlaubt<br \/>\n- Haustiere sind nicht erlaubt - Zugang zur Unterkunft ohne Treppen.<\/p>","protected":false},"excerpt":{"rendered":"<p>Ancora es una villa de vacaciones en primera l\u00ednea en Santany\u00ed, Mallorca, con piscina privada Villa de 5 dormitorios, 5 ba\u00f1os con vistas al mar y piscina privada, aire acondicionado, WiFi, Smart TV, cerca del golf , Tiene capacidad para un m\u00e1ximo de 10 personas La piscina con forma tiene una gloriosa vista al mar, [&hellip;]<\/p>","protected":false},"featured_media":0,"template":"","meta":[],"product_brand":[],"product_cat":[20],"product_tag":[],"class_list":{"0":"post-3049","1":"product","2":"type-product","3":"status-publish","5":"product_cat-listeo-booking","7":"first","8":"instock","9":"virtual","10":"sold-individually","11":"purchasable","12":"product-type-listing_booking"},"yoast_head":"<!-- This site is optimized with the Yoast SEO plugin v27.3 - https:\/\/yoast.com\/product\/yoast-seo-wordpress\/ -->\n<title>Villa Ancora - Balufy - The taste of Experience<\/title>\n<meta name=\"robots\" content=\"index, follow, max-snippet:-1, max-image-preview:large, max-video-preview:-1\" \/>\n<link rel=\"canonical\" href=\"https:\/\/balufy.com\/de\/produkt\/villa-ancora\/\" \/>\n<meta property=\"og:locale\" content=\"de_DE\" \/>\n<meta property=\"og:type\" content=\"article\" \/>\n<meta property=\"og:title\" content=\"Villa Ancora - Balufy - The taste of Experience\" \/>\n<meta property=\"og:description\" content=\"Ancora es una villa de vacaciones en primera l\u00ednea en Santany\u00ed, Mallorca, con piscina privada Villa de 5 dormitorios, 5 ba\u00f1os con vistas al mar y piscina privada, aire acondicionado, WiFi, Smart TV, cerca del golf , Tiene capacidad para un m\u00e1ximo de 10 personas La piscina con forma tiene una gloriosa vista al mar, [&hellip;]\" \/>\n<meta property=\"og:url\" content=\"https:\/\/balufy.com\/de\/produkt\/villa-ancora\/\" \/>\n<meta property=\"og:site_name\" content=\"Balufy - The taste of Experience\" \/>\n<meta property=\"article:publisher\" content=\"https:\/\/www.facebook.com\/Balufy-102705001596047\" \/>\n<meta property=\"article:modified_time\" content=\"2025-04-02T14:36:57+00:00\" \/>\n<meta name=\"twitter:card\" content=\"summary_large_image\" \/>\n<meta name=\"twitter:label1\" content=\"Gesch\u00e4tzte Lesezeit\" \/>\n\t<meta name=\"twitter:data1\" content=\"2\u00a0Minuten\" \/>\n<script type=\"application\/ld+json\" class=\"yoast-schema-graph\">{\"@context\":\"https:\\\/\\\/schema.org\",\"@graph\":[{\"@type\":\"WebPage\",\"@id\":\"https:\\\/\\\/balufy.com\\\/es\\\/producto\\\/villa-ancora\\\/\",\"url\":\"https:\\\/\\\/balufy.com\\\/es\\\/producto\\\/villa-ancora\\\/\",\"name\":\"Villa Ancora - Balufy - The taste of Experience\",\"isPartOf\":{\"@id\":\"https:\\\/\\\/balufy.com\\\/es\\\/#website\"},\"datePublished\":\"2024-04-24T11:07:45+00:00\",\"dateModified\":\"2025-04-02T14:36:57+00:00\",\"breadcrumb\":{\"@id\":\"https:\\\/\\\/balufy.com\\\/es\\\/producto\\\/villa-ancora\\\/#breadcrumb\"},\"inLanguage\":\"de\",\"potentialAction\":[{\"@type\":\"ReadAction\",\"target\":[\"https:\\\/\\\/balufy.com\\\/es\\\/producto\\\/villa-ancora\\\/\"]}]},{\"@type\":\"BreadcrumbList\",\"@id\":\"https:\\\/\\\/balufy.com\\\/es\\\/producto\\\/villa-ancora\\\/#breadcrumb\",\"itemListElement\":[{\"@type\":\"ListItem\",\"position\":1,\"name\":\"Portada\",\"item\":\"https:\\\/\\\/balufy.com\\\/\"},{\"@type\":\"ListItem\",\"position\":2,\"name\":\"Shop\",\"item\":\"https:\\\/\\\/balufy.com\\\/es\\\/shop\\\/\"},{\"@type\":\"ListItem\",\"position\":3,\"name\":\"Villa Ancora\"}]},{\"@type\":\"WebSite\",\"@id\":\"https:\\\/\\\/balufy.com\\\/es\\\/#website\",\"url\":\"https:\\\/\\\/balufy.com\\\/es\\\/\",\"name\":\"Balufy - Taste of experience\",\"description\":\"Balufy\",\"publisher\":{\"@id\":\"https:\\\/\\\/balufy.com\\\/es\\\/#organization\"},\"potentialAction\":[{\"@type\":\"SearchAction\",\"target\":{\"@type\":\"EntryPoint\",\"urlTemplate\":\"https:\\\/\\\/balufy.com\\\/es\\\/?s={search_term_string}\"},\"query-input\":{\"@type\":\"PropertyValueSpecification\",\"valueRequired\":true,\"valueName\":\"search_term_string\"}}],\"inLanguage\":\"de\"},{\"@type\":\"Organization\",\"@id\":\"https:\\\/\\\/balufy.com\\\/es\\\/#organization\",\"name\":\"Balufy\",\"url\":\"https:\\\/\\\/balufy.com\\\/es\\\/\",\"logo\":{\"@type\":\"ImageObject\",\"inLanguage\":\"de\",\"@id\":\"https:\\\/\\\/balufy.com\\\/es\\\/#\\\/schema\\\/logo\\\/image\\\/\",\"url\":\"https:\\\/\\\/balufy.com\\\/wp-content\\\/uploads\\\/2022\\\/06\\\/LOGO_PNG.png\",\"contentUrl\":\"https:\\\/\\\/balufy.com\\\/wp-content\\\/uploads\\\/2022\\\/06\\\/LOGO_PNG.png\",\"width\":1366,\"height\":768,\"caption\":\"Balufy\"},\"image\":{\"@id\":\"https:\\\/\\\/balufy.com\\\/es\\\/#\\\/schema\\\/logo\\\/image\\\/\"},\"sameAs\":[\"https:\\\/\\\/www.facebook.com\\\/Balufy-102705001596047\",\"https:\\\/\\\/www.instagram.com\\\/balufy_oficial\\\/\"]}]}<\/script>\n<!-- \/ Yoast SEO plugin. -->","yoast_head_json":{"title":"Villa Ancora - Balufy - Der Geschmack der Erfahrung","robots":{"index":"index","follow":"follow","max-snippet":"max-snippet:-1","max-image-preview":"max-image-preview:large","max-video-preview":"max-video-preview:-1"},"canonical":"https:\/\/balufy.com\/de\/produkt\/villa-ancora\/","og_locale":"de_DE","og_type":"article","og_title":"Villa Ancora - Balufy - The taste of Experience","og_description":"Ancora es una villa de vacaciones en primera l\u00ednea en Santany\u00ed, Mallorca, con piscina privada Villa de 5 dormitorios, 5 ba\u00f1os con vistas al mar y piscina privada, aire acondicionado, WiFi, Smart TV, cerca del golf , Tiene capacidad para un m\u00e1ximo de 10 personas La piscina con forma tiene una gloriosa vista al mar, [&hellip;]","og_url":"https:\/\/balufy.com\/de\/produkt\/villa-ancora\/","og_site_name":"Balufy - The taste of Experience","article_publisher":"https:\/\/www.facebook.com\/Balufy-102705001596047","article_modified_time":"2025-04-02T14:36:57+00:00","twitter_card":"summary_large_image","twitter_misc":{"Gesch\u00e4tzte Lesezeit":"2\u00a0Minuten"},"schema":{"@context":"https:\/\/schema.org","@graph":[{"@type":"WebPage","@id":"https:\/\/balufy.com\/es\/producto\/villa-ancora\/","url":"https:\/\/balufy.com\/es\/producto\/villa-ancora\/","name":"Villa Ancora - Balufy - Der Geschmack der Erfahrung","isPartOf":{"@id":"https:\/\/balufy.com\/es\/#website"},"datePublished":"2024-04-24T11:07:45+00:00","dateModified":"2025-04-02T14:36:57+00:00","breadcrumb":{"@id":"https:\/\/balufy.com\/es\/producto\/villa-ancora\/#breadcrumb"},"inLanguage":"de","potentialAction":[{"@type":"ReadAction","target":["https:\/\/balufy.com\/es\/producto\/villa-ancora\/"]}]},{"@type":"BreadcrumbList","@id":"https:\/\/balufy.com\/es\/producto\/villa-ancora\/#breadcrumb","itemListElement":[{"@type":"ListItem","position":1,"name":"Portada","item":"https:\/\/balufy.com\/"},{"@type":"ListItem","position":2,"name":"Shop","item":"https:\/\/balufy.com\/es\/shop\/"},{"@type":"ListItem","position":3,"name":"Villa Ancora"}]},{"@type":"WebSite","@id":"https:\/\/balufy.com\/es\/#website","url":"https:\/\/balufy.com\/es\/","name":"Balufy - Geschmack der Erfahrung","description":"Balufy","publisher":{"@id":"https:\/\/balufy.com\/es\/#organization"},"potentialAction":[{"@type":"SearchAction","target":{"@type":"EntryPoint","urlTemplate":"https:\/\/balufy.com\/es\/?s={search_term_string}"},"query-input":{"@type":"PropertyValueSpecification","valueRequired":true,"valueName":"search_term_string"}}],"inLanguage":"de"},{"@type":"Organization","@id":"https:\/\/balufy.com\/es\/#organization","name":"Balufy","url":"https:\/\/balufy.com\/es\/","logo":{"@type":"ImageObject","inLanguage":"de","@id":"https:\/\/balufy.com\/es\/#\/schema\/logo\/image\/","url":"https:\/\/balufy.com\/wp-content\/uploads\/2022\/06\/LOGO_PNG.png","contentUrl":"https:\/\/balufy.com\/wp-content\/uploads\/2022\/06\/LOGO_PNG.png","width":1366,"height":768,"caption":"Balufy"},"image":{"@id":"https:\/\/balufy.com\/es\/#\/schema\/logo\/image\/"},"sameAs":["https:\/\/www.facebook.com\/Balufy-102705001596047","https:\/\/www.instagram.com\/balufy_oficial\/"]}]}},"_links":{"self":[{"href":"https:\/\/balufy.com\/de\/wp-json\/wp\/v2\/product\/3049","targetHints":{"allow":["GET"]}}],"collection":[{"href":"https:\/\/balufy.com\/de\/wp-json\/wp\/v2\/product"}],"about":[{"href":"https:\/\/balufy.com\/de\/wp-json\/wp\/v2\/types\/product"}],"version-history":[{"count":0,"href":"https:\/\/balufy.com\/de\/wp-json\/wp\/v2\/product\/3049\/revisions"}],"wp:attachment":[{"href":"https:\/\/balufy.com\/de\/wp-json\/wp\/v2\/media?parent=3049"}],"wp:term":[{"taxonomy":"product_brand","embeddable":true,"href":"https:\/\/balufy.com\/de\/wp-json\/wp\/v2\/product_brand?post=3049"},{"taxonomy":"product_cat","embeddable":true,"href":"https:\/\/balufy.com\/de\/wp-json\/wp\/v2\/product_cat?post=3049"},{"taxonomy":"product_tag","embeddable":true,"href":"https:\/\/balufy.com\/de\/wp-json\/wp\/v2\/product_tag?post=3049"}],"curies":[{"name":"wp","href":"https:\/\/api.w.org\/{rel}","templated":true}]}}