{"id":3072,"date":"2024-04-24T13:44:35","date_gmt":"2024-04-24T11:44:35","guid":{"rendered":"https:\/\/balufy.com\/product\/villa-sol\/"},"modified":"2025-04-07T06:13:26","modified_gmt":"2025-04-07T04:13:26","slug":"villa-sol","status":"publish","type":"product","link":"https:\/\/balufy.com\/de\/produkt\/villa-sol\/","title":{"rendered":"Villa Sol"},"content":{"rendered":"<p>Die Villa in Cala Santanyi hat 5 Schlafzimmer und bietet Platz f\u00fcr 10 Personen.<br \/>\nEine gem\u00fctliche und voll ausgestattete 200 m\u00b2 gro\u00dfe Unterkunft mit Blick auf den Garten und das Schwimmbad.<\/p>\n<p>Die Unterkunft ist mit folgenden Dingen ausgestattet: Garten, Gartenm\u00f6bel, eingez\u00e4untes Grundst\u00fcck, Terrasse, Grill, B\u00fcgeleisen, Internet (wifi), Haartrockner, Balkon, Klimaanlage, Klimaanlage, privates Schwimmbad, Parkplatz im Freien im selben Geb\u00e4ude, Fernseher, Satellit (Sprachen: Spanisch, Deutsch), Radio.<\/p>\n<p>In der offenen K\u00fcche mit Glaskeramik sind K\u00fchlschrank, Backofen, Gefrierschrank, Waschmaschine, Geschirrsp\u00fcler, Geschirr\/Besteck, K\u00fcchenutensilien, Kaffeemaschine, Toaster, Wasserkocher und Saftpresse vorhanden.<\/p>\n<p><strong>Was gibt es im Dorf?<\/strong><br \/>\nBettw\u00e4sche, Handt\u00fccher und Poolhandt\u00fccher werden den G\u00e4sten zur Verf\u00fcgung gestellt. In der K\u00fcche gibt es einen kleinen Grundvorrat an Gew\u00fcrzen und \u00d6l. Sp\u00fclmittel, Geschirrsp\u00fcltabletten und 1-2 M\u00fclls\u00e4cke sind ebenfalls vorhanden. Sollte ein Artikel nicht mehr verf\u00fcgbar sein, wird er selbstverst\u00e4ndlich gekauft, wenn Sie sich selbst versorgen. In den Toiletten gibt es Handseife und 1-2 Rollen Toilettenpapier f\u00fcr die Anreise. Wenn Sie noch etwas zur Grundausstattung ben\u00f6tigen, wenden Sie sich bitte an uns.<\/p>\n<p><strong>N\u00fctzliche Informationen:<\/strong><\/p>\n<p>Es befindet sich 800 m vom Sandstrand \"Cala Santany\u00ed\", 800 m von der Stadt \"Cala Santany\u00ed\", 800 m vom Supermarkt \"Spar Supermarkt Cala Santany\u00ed\", 800 m von der Bushaltestelle \"Cala Santany\u00ed\", 800 m vom Restaurant \"Restaurants in Cala Santany\u00ed\", 3 km vom Restaurant \"Restaurants in Santany\u00ed\", 3 km vom Supermarkt \"Eroski, Lidel, Agromart in Santany\u00ed\", 3 km vom Ort \"Santany\u00ed\", 4 km vom Restaurant \"Restaurants in Cala Figuera\", 6 km zum Sandstrand \"Cala S'Amarador\", 6 km zum Naturpark \"Naturpark Mondrag\u00f3\", 10 km zum Sandstrand \"Cala Llombards\", 14 km zum Golfplatz \"Vall D'Or Golf\", 18 km zum Felsstrand \"Cap de Ses Salines\", 19 km zum Supermarkt \"Aldi\", 20 km zum Sandstrand \"Es Trenc\", 43 km zum Wasserpark \"Aqualand El Arenal\", 50 km zum Flughafen \"Palma de Mallorca Airport (PMI)\" und befindet sich in einer idealen Gegend f\u00fcr Familien und innerhalb einer Urbanisation.<\/p>\n<p><strong>WICHTIG!<\/strong><br \/>\nAlle G\u00e4ste, die in einem Ferienhaus auf Mallorca \u00fcbernachten, sind verpflichtet, die \u00f6rtliche Touristensteuer zu zahlen. Einige Portale erheben sie nicht. In diesem Fall erhalten Sie gesonderte Informationen \u00fcber diese Zahlung. Bitte beachten Sie au\u00dferdem, dass die Agentur eine r\u00fcckzahlbare Kaution erhebt. Es besteht die M\u00f6glichkeit, die Kaution auf 100 \u20ac pro Aufenthalt zu reduzieren, wenn der Gast eine Versicherung abschlie\u00dft, um eventuelle Sch\u00e4den am Ferienhaus abzudecken. N\u00e4here Informationen erhalten Sie in der Buchungsbest\u00e4tigung per E-Mail.<\/p>\n<p><strong>Obligatorische oder eingeschlossene Dienstleistungen<\/strong><\/p>\n<p>Internetzugang: Inbegriffen<br \/>\nEndreinigung: 250,00 \u20ac\/Reservierung<br \/>\nBettw\u00e4sche: Inklusive (Wechsel alle 7 Tage)<br \/>\nHandt\u00fccher: Inklusive (Wechsel alle 7 Tage)<\/p>\n<p><strong>Fakultative Dienste<\/strong><br \/>\nKlimaanlage: Je nach Saison Verf\u00fcgbar:Von 1\/6 bis 30\/9 Preis: Inbegriffen<br \/>\nHeizung: Inklusive<br \/>\nKinderbett: Inklusive<br \/>\ndes 2. Kinderbettes: 40,00 \u20ac \/Buchung<br \/>\nFr\u00fches Einchecken: 60,00 \u20ac\/Reservierung<br \/>\nSp\u00e4ter Check-Out: 60,00 \u20ac\/Reservierung<br \/>\nBabysitz: Inklusive<br \/>\nStrandt\u00fccher: Je nach Saison Verf\u00fcgbar:Vom 1\/5 bis 31\/10. Preis: 15,00 \u20ac \/Person<br \/>\n<strong>Organisieren Sie Ihren Zeitplan<\/strong><br \/>\n\u00d6ffnungszeiten:T\u00e4glich von 16:00 bis 0:00 Uhr<\/p>\n<p>Abfahrtszeit:Vor 10:00h<\/p>\n<p>Kaution (r\u00fcckzahlbar)<br \/>\nBetrag: 400,00 \u20ac\/Buchung Zahlungsweise: Bei der Ankunft zu zahlen.<br \/>\n<strong>\u00a0Bemerkungen<\/strong><\/p>\n<p>- Diese Vermietung akzeptiert keine Gruppen von Jugendlichen (bis 22 Jahre).<br \/>\n- Rauchen ist nicht erlaubt<br \/>\n- Haustiere sind nicht erlaubt<\/p>\n<p><strong>Zus\u00e4tzliche Hinweise<\/strong><br \/>\nIn der Nebensaison sind die Check-in und Check-out Zeiten flexibel. Bitte kontaktieren Sie die Agentur, um die Zeiten zu vereinbaren.<br \/>\nAnkunft au\u00dferhalb der \u00d6ffnungszeiten: Schl\u00fcssel im Briefkasten mit Code. Der Gesamtbetrag der Buchung muss im Voraus bezahlt werden.<\/p>\n<p>&nbsp;<\/p>\n<p>&nbsp;<\/p>","protected":false},"excerpt":{"rendered":"<p>Die Villa in Cala Santanyi hat 5 Schlafzimmer und bietet Platz f\u00fcr 10 Personen. Die Villa ist gem\u00fctlich, voll ausgestattet und hat 200 m\u00b2, mit Blick auf den Garten und das Schwimmbad. Die Unterkunft ist mit den folgenden Dingen ausgestattet: Garten, Gartenm\u00f6bel, eingez\u00e4untes Grundst\u00fcck, Terrasse, Grill, B\u00fcgeleisen, Internet (wifi), Haartrockner, Balkon, Klimaanlage, Klimaanlage, privater Swimmingpool, Parkplatz im Freien [...].<\/p>","protected":false},"featured_media":0,"template":"","meta":[],"product_brand":[],"product_cat":[20],"product_tag":[],"class_list":{"0":"post-3072","1":"product","2":"type-product","3":"status-publish","5":"product_cat-listeo-booking","7":"first","8":"instock","9":"virtual","10":"sold-individually","11":"purchasable","12":"product-type-listing_booking"},"yoast_head":"<!-- This site is optimized with the Yoast SEO plugin v27.3 - https:\/\/yoast.com\/product\/yoast-seo-wordpress\/ -->\n<title>Villa Sol - Balufy - The taste of Experience<\/title>\n<meta name=\"robots\" content=\"index, follow, max-snippet:-1, max-image-preview:large, max-video-preview:-1\" \/>\n<link rel=\"canonical\" href=\"https:\/\/balufy.com\/de\/produkt\/villa-sol\/\" \/>\n<meta property=\"og:locale\" content=\"de_DE\" \/>\n<meta property=\"og:type\" content=\"article\" \/>\n<meta property=\"og:title\" content=\"Villa Sol - Balufy - The taste of Experience\" \/>\n<meta property=\"og:description\" content=\"La villa en Cala Santanyi posee 5 dormitorio(s) y capacidad para 10 personas. Alojamiento de 200 m\u00b2 coqueto y totalmente equipado, con vistas al jard\u00edn y a la piscina. Dispone de jard\u00edn, mobiliario jard\u00edn, parcela vallada, terraza, barbacoa, plancha, acceso internet (wifi), secador, balc\u00f3n, calefacci\u00f3n bomba de calor, aire acondicionado, piscina privada, parking aire libre [&hellip;]\" \/>\n<meta property=\"og:url\" content=\"https:\/\/balufy.com\/de\/produkt\/villa-sol\/\" \/>\n<meta property=\"og:site_name\" content=\"Balufy - The taste of Experience\" \/>\n<meta property=\"article:publisher\" content=\"https:\/\/www.facebook.com\/Balufy-102705001596047\" \/>\n<meta property=\"article:modified_time\" content=\"2025-04-07T04:13:26+00:00\" \/>\n<meta name=\"twitter:card\" content=\"summary_large_image\" \/>\n<meta name=\"twitter:label1\" content=\"Gesch\u00e4tzte Lesezeit\" \/>\n\t<meta name=\"twitter:data1\" content=\"3\u00a0Minuten\" \/>\n<script type=\"application\/ld+json\" class=\"yoast-schema-graph\">{\"@context\":\"https:\\\/\\\/schema.org\",\"@graph\":[{\"@type\":\"WebPage\",\"@id\":\"https:\\\/\\\/balufy.com\\\/producto\\\/villa-sol\\\/\",\"url\":\"https:\\\/\\\/balufy.com\\\/producto\\\/villa-sol\\\/\",\"name\":\"Villa Sol - Balufy - The taste of Experience\",\"isPartOf\":{\"@id\":\"https:\\\/\\\/balufy.com\\\/es\\\/#website\"},\"datePublished\":\"2024-04-24T11:44:35+00:00\",\"dateModified\":\"2025-04-07T04:13:26+00:00\",\"breadcrumb\":{\"@id\":\"https:\\\/\\\/balufy.com\\\/producto\\\/villa-sol\\\/#breadcrumb\"},\"inLanguage\":\"de\",\"potentialAction\":[{\"@type\":\"ReadAction\",\"target\":[\"https:\\\/\\\/balufy.com\\\/producto\\\/villa-sol\\\/\"]}]},{\"@type\":\"BreadcrumbList\",\"@id\":\"https:\\\/\\\/balufy.com\\\/producto\\\/villa-sol\\\/#breadcrumb\",\"itemListElement\":[{\"@type\":\"ListItem\",\"position\":1,\"name\":\"Portada\",\"item\":\"https:\\\/\\\/balufy.com\\\/\"},{\"@type\":\"ListItem\",\"position\":2,\"name\":\"Shop\",\"item\":\"https:\\\/\\\/balufy.com\\\/es\\\/shop\\\/\"},{\"@type\":\"ListItem\",\"position\":3,\"name\":\"Villa Sol\"}]},{\"@type\":\"WebSite\",\"@id\":\"https:\\\/\\\/balufy.com\\\/es\\\/#website\",\"url\":\"https:\\\/\\\/balufy.com\\\/es\\\/\",\"name\":\"Balufy - Taste of experience\",\"description\":\"Balufy\",\"publisher\":{\"@id\":\"https:\\\/\\\/balufy.com\\\/es\\\/#organization\"},\"potentialAction\":[{\"@type\":\"SearchAction\",\"target\":{\"@type\":\"EntryPoint\",\"urlTemplate\":\"https:\\\/\\\/balufy.com\\\/es\\\/?s={search_term_string}\"},\"query-input\":{\"@type\":\"PropertyValueSpecification\",\"valueRequired\":true,\"valueName\":\"search_term_string\"}}],\"inLanguage\":\"de\"},{\"@type\":\"Organization\",\"@id\":\"https:\\\/\\\/balufy.com\\\/es\\\/#organization\",\"name\":\"Balufy\",\"url\":\"https:\\\/\\\/balufy.com\\\/es\\\/\",\"logo\":{\"@type\":\"ImageObject\",\"inLanguage\":\"de\",\"@id\":\"https:\\\/\\\/balufy.com\\\/es\\\/#\\\/schema\\\/logo\\\/image\\\/\",\"url\":\"https:\\\/\\\/balufy.com\\\/wp-content\\\/uploads\\\/2022\\\/06\\\/LOGO_PNG.png\",\"contentUrl\":\"https:\\\/\\\/balufy.com\\\/wp-content\\\/uploads\\\/2022\\\/06\\\/LOGO_PNG.png\",\"width\":1366,\"height\":768,\"caption\":\"Balufy\"},\"image\":{\"@id\":\"https:\\\/\\\/balufy.com\\\/es\\\/#\\\/schema\\\/logo\\\/image\\\/\"},\"sameAs\":[\"https:\\\/\\\/www.facebook.com\\\/Balufy-102705001596047\",\"https:\\\/\\\/www.instagram.com\\\/balufy_oficial\\\/\"]}]}<\/script>\n<!-- \/ Yoast SEO plugin. -->","yoast_head_json":{"title":"Villa Sol - Balufy - Der Geschmack der Erfahrung","robots":{"index":"index","follow":"follow","max-snippet":"max-snippet:-1","max-image-preview":"max-image-preview:large","max-video-preview":"max-video-preview:-1"},"canonical":"https:\/\/balufy.com\/de\/produkt\/villa-sol\/","og_locale":"de_DE","og_type":"article","og_title":"Villa Sol - Balufy - The taste of Experience","og_description":"La villa en Cala Santanyi posee 5 dormitorio(s) y capacidad para 10 personas. Alojamiento de 200 m\u00b2 coqueto y totalmente equipado, con vistas al jard\u00edn y a la piscina. Dispone de jard\u00edn, mobiliario jard\u00edn, parcela vallada, terraza, barbacoa, plancha, acceso internet (wifi), secador, balc\u00f3n, calefacci\u00f3n bomba de calor, aire acondicionado, piscina privada, parking aire libre [&hellip;]","og_url":"https:\/\/balufy.com\/de\/produkt\/villa-sol\/","og_site_name":"Balufy - The taste of Experience","article_publisher":"https:\/\/www.facebook.com\/Balufy-102705001596047","article_modified_time":"2025-04-07T04:13:26+00:00","twitter_card":"summary_large_image","twitter_misc":{"Gesch\u00e4tzte Lesezeit":"3\u00a0Minuten"},"schema":{"@context":"https:\/\/schema.org","@graph":[{"@type":"WebPage","@id":"https:\/\/balufy.com\/producto\/villa-sol\/","url":"https:\/\/balufy.com\/producto\/villa-sol\/","name":"Villa Sol - Balufy - Der Geschmack der Erfahrung","isPartOf":{"@id":"https:\/\/balufy.com\/es\/#website"},"datePublished":"2024-04-24T11:44:35+00:00","dateModified":"2025-04-07T04:13:26+00:00","breadcrumb":{"@id":"https:\/\/balufy.com\/producto\/villa-sol\/#breadcrumb"},"inLanguage":"de","potentialAction":[{"@type":"ReadAction","target":["https:\/\/balufy.com\/producto\/villa-sol\/"]}]},{"@type":"BreadcrumbList","@id":"https:\/\/balufy.com\/producto\/villa-sol\/#breadcrumb","itemListElement":[{"@type":"ListItem","position":1,"name":"Portada","item":"https:\/\/balufy.com\/"},{"@type":"ListItem","position":2,"name":"Shop","item":"https:\/\/balufy.com\/es\/shop\/"},{"@type":"ListItem","position":3,"name":"Villa Sol"}]},{"@type":"WebSite","@id":"https:\/\/balufy.com\/es\/#website","url":"https:\/\/balufy.com\/es\/","name":"Balufy - Geschmack der Erfahrung","description":"Balufy","publisher":{"@id":"https:\/\/balufy.com\/es\/#organization"},"potentialAction":[{"@type":"SearchAction","target":{"@type":"EntryPoint","urlTemplate":"https:\/\/balufy.com\/es\/?s={search_term_string}"},"query-input":{"@type":"PropertyValueSpecification","valueRequired":true,"valueName":"search_term_string"}}],"inLanguage":"de"},{"@type":"Organization","@id":"https:\/\/balufy.com\/es\/#organization","name":"Balufy","url":"https:\/\/balufy.com\/es\/","logo":{"@type":"ImageObject","inLanguage":"de","@id":"https:\/\/balufy.com\/es\/#\/schema\/logo\/image\/","url":"https:\/\/balufy.com\/wp-content\/uploads\/2022\/06\/LOGO_PNG.png","contentUrl":"https:\/\/balufy.com\/wp-content\/uploads\/2022\/06\/LOGO_PNG.png","width":1366,"height":768,"caption":"Balufy"},"image":{"@id":"https:\/\/balufy.com\/es\/#\/schema\/logo\/image\/"},"sameAs":["https:\/\/www.facebook.com\/Balufy-102705001596047","https:\/\/www.instagram.com\/balufy_oficial\/"]}]}},"_links":{"self":[{"href":"https:\/\/balufy.com\/de\/wp-json\/wp\/v2\/product\/3072","targetHints":{"allow":["GET"]}}],"collection":[{"href":"https:\/\/balufy.com\/de\/wp-json\/wp\/v2\/product"}],"about":[{"href":"https:\/\/balufy.com\/de\/wp-json\/wp\/v2\/types\/product"}],"version-history":[{"count":0,"href":"https:\/\/balufy.com\/de\/wp-json\/wp\/v2\/product\/3072\/revisions"}],"wp:attachment":[{"href":"https:\/\/balufy.com\/de\/wp-json\/wp\/v2\/media?parent=3072"}],"wp:term":[{"taxonomy":"product_brand","embeddable":true,"href":"https:\/\/balufy.com\/de\/wp-json\/wp\/v2\/product_brand?post=3072"},{"taxonomy":"product_cat","embeddable":true,"href":"https:\/\/balufy.com\/de\/wp-json\/wp\/v2\/product_cat?post=3072"},{"taxonomy":"product_tag","embeddable":true,"href":"https:\/\/balufy.com\/de\/wp-json\/wp\/v2\/product_tag?post=3072"}],"curies":[{"name":"wp","href":"https:\/\/api.w.org\/{rel}","templated":true}]}}