{"id":3187,"date":"2024-04-24T21:00:40","date_gmt":"2024-04-24T19:00:40","guid":{"rendered":"https:\/\/balufy.com\/product\/can-blai-blai\/"},"modified":"2025-04-07T06:12:18","modified_gmt":"2025-04-07T04:12:18","slug":"dose-blai-blai","status":"publish","type":"product","link":"https:\/\/balufy.com\/de\/produkt\/dose-blai-blai\/","title":{"rendered":"Can Blai Blai"},"content":{"rendered":"<p>Inmitten von Mandelhainen, nur ca. 2,5 km von Santany\u00ed entfernt, bietet die Finca Can Blai Blai mit ihrer einzigartigen Lage alles, was das Landleben auf Mallorca so besonders macht: absolute Ruhe in einer traumhaften Umgebung. Das Haus wurde 2015 komplett renoviert und auf hohem Niveau k\u00fcnstlerisch neu gestaltet. Mit einem ger\u00e4umigen Wohn-\/Esszimmer, zwei Schlafzimmern, einer sehr gut ausgestatteten K\u00fcche (mit Sp\u00fclmaschine) und zwei \u00fcberdachten Terrassen ist das Haus ein idealer R\u00fcckzugsort f\u00fcr 4 Personen. Das umgebaute Gartenhaus kann als Studio mit einem Digitalpiano genutzt werden und bietet zus\u00e4tzlichen Wohnraum. An k\u00e4lteren Tagen sorgen ein Pelletofen, der das ganze Haus beheizt, einschlie\u00dflich Fu\u00dfbodenheizung, und ein Holzofen f\u00fcr wohlige W\u00e4rme. Der Swimmingpool (2,5 x 7,5 m) mit Au\u00dfendusche im sch\u00f6n angelegten Garten bietet im Sommer erfrischende Entspannung.<\/p>\n<p>Finden Sie Ruhe abseits der touristischen Zentren Mallorcas! Wer Wert auf eine einzigartige Inneneinrichtung legt, wird die k\u00fcnstlerische und liebevolle Dekoration des Hauses zu sch\u00e4tzen wissen.<\/p>\n<p>Der Swimmingpool mit seinem chlorfreien Wasser ist ein besonderes Highlight und ideal f\u00fcr die hei\u00dfen Tage des Jahres. F\u00fcr jedes Wetter gibt es gro\u00dfz\u00fcgige Terrassen: eine bietet Schatten unter einem Schilfdach, die andere ist vor Regen gesch\u00fctzt und rund um den Pool kann man die freie Luft mit freiem Blick auf die umliegenden Wiesen und Mandelhaine genie\u00dfen. Dar\u00fcber hinaus bietet der weitl\u00e4ufige Garten viele M\u00f6glichkeiten, angenehme Pl\u00e4tze zu finden. Von der Dachterrasse hat man einen sch\u00f6nen Blick \u00fcber die Landschaft bis nach Santany\u00ed. Sogar das Meer ist zu sehen. Das Gartenhaus bietet einen sch\u00f6nen R\u00fcckzugsort, wo man ungest\u00f6rt auf dem Digitalpiano spielen kann.<\/p>\n<p>Bitte beachten Sie, dass im Haus eine Katze lebt, die oft zu Gast ist. Dies ist eine wichtige Information f\u00fcr Allergiker, da das Haus f\u00fcr Allergiker m\u00f6glicherweise nicht geeignet ist.<\/p>\n<p>Die Eigent\u00fcmer des Hauses lehnen es strikt ab, am selben Tag noch \u00c4nderungen vorzunehmen, da sie jedem Gast ein au\u00dfergew\u00f6hnliches Erlebnis bieten m\u00f6chten, ohne den n\u00e4chsten Gast zu dr\u00e4ngen. Dadurch wird sichergestellt, dass das Haus sorgf\u00e4ltig f\u00fcr Ihren Aufenthalt vorbereitet ist, so dass Sie Ihren Urlaub vom ersten Moment an genie\u00dfen k\u00f6nnen.<\/p>\n<p>Es gibt einen Flachbildfernseher mit allen spanischen und deutschen Kan\u00e4len. F\u00fcr Kinder sind ein Kinderbett und ein Hochstuhl vorhanden. F\u00fcr alle F\u00e4lle ist auch eine Waschmaschine vorhanden.<\/p>\n<p><strong>Was ist im Haus?<\/strong><br \/>\nBettw\u00e4sche und Handt\u00fccher werden den G\u00e4sten zur Verf\u00fcgung gestellt. In der K\u00fcche gibt es einen kleinen Grundvorrat an Gew\u00fcrzen und \u00d6l. Sp\u00fclmittel, Geschirrsp\u00fcltabletten und 1-2 M\u00fclls\u00e4cke sind ebenfalls vorhanden. Sollte ein Artikel nicht mehr verf\u00fcgbar sein, wird er selbstverst\u00e4ndlich gekauft, wenn Sie sich selbst versorgen. In den Toiletten gibt es Handseife und 1-2 Rollen Toilettenpapier f\u00fcr die Anreise. Wenn Sie noch etwas zur Grundausstattung ben\u00f6tigen, wenden Sie sich bitte an uns.<\/p>\n<p><strong>WICHTIG!<\/strong><br \/>\nDer Gast ist verpflichtet, \u00fcber die Agentur eine Schadensversicherung abzuschlie\u00dfen, die Sch\u00e4den an der Immobilie bis zu 5.000 Euro abdeckt. Alle G\u00e4ste, die in einem Ferienhaus auf Mallorca \u00fcbernachten, sind verpflichtet, die \u00f6rtliche Kurtaxe zu zahlen. Einige Portale erheben sie nicht. In diesem Fall erhalten Sie gesonderte Informationen \u00fcber diese Zahlung. Bitte beachten Sie au\u00dferdem, dass die Agentur eine r\u00fcckzahlbare Kaution erhebt. Alle Einzelheiten werden Ihnen in der Buchungsbest\u00e4tigung per E-Mail mitgeteilt.<\/p>\n<p><strong>Obligatorische oder eingeschlossene Dienstleistungen<\/strong><br \/>\nInternetzugang: Inbegriffen<br \/>\nDesinfektion: inbegriffen<br \/>\nEndreinigung: 200,00 \u20ac\/Reservierung<br \/>\nBettw\u00e4sche: Inklusive<br \/>\nHandt\u00fccher: Inklusive<\/p>\n<p><strong>Fakultative Dienste<\/strong><br \/>\nParken im Freien: Inbegriffen<br \/>\nHeizung: Inklusive<br \/>\nKinderbett: Inklusive<br \/>\ndes 2. Kinderbettes: 40,00 \u20ac \/Buchung<br \/>\nFr\u00fches Einchecken: 60,00 \u20ac\/Reservierung<br \/>\nSp\u00e4ter Check-Out: 60,00 \u20ac\/Reservierung<br \/>\nBabysitz: Inklusive<br \/>\nStrandt\u00fccher: Je nach Saison. Verf\u00fcgbar:Von 1\/5 bis 31\/10. Preis: 15,00 \u20ac \/ Person<\/p>\n<p><strong>Geb\u00fchren<\/strong><br \/>\nKurtaxe: im Gesamtpreis inbegriffen<\/p>\n<p><strong>Organisieren Sie Ihren Zeitplan<\/strong><br \/>\nEinlasszeiten T\u00e4glich von 16:00 bis 0:00 Uhr<br \/>\nAbfahrtszeit Vor 10:00h<\/p>\n<p>Kaution (r\u00fcckzahlbar)<br \/>\nBetrag: 400,00 \u20ac\/Buchung.Zahlungsart: Einbehaltung auf Kreditkarte. Bei der Ankunft zu zahlen.<br \/>\n<strong>\u00a0Bemerkungen<\/strong><\/p>\n<p>- Diese Vermietung akzeptiert keine Gruppen von Jugendlichen (bis 25 Jahre).<br \/>\n- Rauchen ist nicht erlaubt<br \/>\n- Haustiere sind nicht erlaubt<\/p>","protected":false},"excerpt":{"rendered":"<p>Inmitten von Mandelhainen, nur ca. 2,5 km von Santany\u00ed entfernt, bietet die Finca Can Blai Blai mit ihrer einzigartigen Lage alles, was das Landleben auf Mallorca so besonders macht: absolute Ruhe in einer traumhaften Umgebung. Das Haus wurde im Jahr 2015 komplett renoviert und k\u00fcnstlerisch hochwertig umgestaltet [...]<\/p>","protected":false},"featured_media":0,"template":"","meta":[],"product_brand":[],"product_cat":[20],"product_tag":[],"class_list":{"0":"post-3187","1":"product","2":"type-product","3":"status-publish","5":"product_cat-listeo-booking","7":"first","8":"instock","9":"virtual","10":"sold-individually","11":"purchasable","12":"product-type-listing_booking"},"yoast_head":"<!-- This site is optimized with the Yoast SEO plugin v27.3 - https:\/\/yoast.com\/product\/yoast-seo-wordpress\/ -->\n<title>Can Blai Blai - Balufy - The taste of Experience<\/title>\n<meta name=\"robots\" content=\"index, follow, max-snippet:-1, max-image-preview:large, max-video-preview:-1\" \/>\n<link rel=\"canonical\" href=\"https:\/\/balufy.com\/de\/produkt\/dose-blai-blai\/\" \/>\n<meta property=\"og:locale\" content=\"de_DE\" \/>\n<meta property=\"og:type\" content=\"article\" \/>\n<meta property=\"og:title\" content=\"Can Blai Blai - Balufy - The taste of Experience\" \/>\n<meta property=\"og:description\" content=\"Ubicada en medio de almendrales, a solo unos 2,5 km de Santany\u00ed, la finca Can Blai Blai ofrece con su ubicaci\u00f3n \u00fanica todo lo que hace tan especial la vida en el campo en Mallorca: tranquilidad absoluta en un entorno de ensue\u00f1o. La casa fue completamente renovada en 2015 y redise\u00f1ada art\u00edsticamente a un alto [&hellip;]\" \/>\n<meta property=\"og:url\" content=\"https:\/\/balufy.com\/de\/produkt\/dose-blai-blai\/\" \/>\n<meta property=\"og:site_name\" content=\"Balufy - The taste of Experience\" \/>\n<meta property=\"article:publisher\" content=\"https:\/\/www.facebook.com\/Balufy-102705001596047\" \/>\n<meta property=\"article:modified_time\" content=\"2025-04-07T04:12:18+00:00\" \/>\n<meta name=\"twitter:card\" content=\"summary_large_image\" \/>\n<meta name=\"twitter:label1\" content=\"Gesch\u00e4tzte Lesezeit\" \/>\n\t<meta name=\"twitter:data1\" content=\"4\u00a0Minuten\" \/>\n<script type=\"application\/ld+json\" class=\"yoast-schema-graph\">{\"@context\":\"https:\\\/\\\/schema.org\",\"@graph\":[{\"@type\":\"WebPage\",\"@id\":\"https:\\\/\\\/balufy.com\\\/producto\\\/can-blai-blai\\\/\",\"url\":\"https:\\\/\\\/balufy.com\\\/producto\\\/can-blai-blai\\\/\",\"name\":\"Can Blai Blai - Balufy - The taste of Experience\",\"isPartOf\":{\"@id\":\"https:\\\/\\\/balufy.com\\\/es\\\/#website\"},\"datePublished\":\"2024-04-24T19:00:40+00:00\",\"dateModified\":\"2025-04-07T04:12:18+00:00\",\"breadcrumb\":{\"@id\":\"https:\\\/\\\/balufy.com\\\/producto\\\/can-blai-blai\\\/#breadcrumb\"},\"inLanguage\":\"de\",\"potentialAction\":[{\"@type\":\"ReadAction\",\"target\":[\"https:\\\/\\\/balufy.com\\\/producto\\\/can-blai-blai\\\/\"]}]},{\"@type\":\"BreadcrumbList\",\"@id\":\"https:\\\/\\\/balufy.com\\\/producto\\\/can-blai-blai\\\/#breadcrumb\",\"itemListElement\":[{\"@type\":\"ListItem\",\"position\":1,\"name\":\"Portada\",\"item\":\"https:\\\/\\\/balufy.com\\\/\"},{\"@type\":\"ListItem\",\"position\":2,\"name\":\"Shop\",\"item\":\"https:\\\/\\\/balufy.com\\\/es\\\/shop\\\/\"},{\"@type\":\"ListItem\",\"position\":3,\"name\":\"Can Blai Blai\"}]},{\"@type\":\"WebSite\",\"@id\":\"https:\\\/\\\/balufy.com\\\/es\\\/#website\",\"url\":\"https:\\\/\\\/balufy.com\\\/es\\\/\",\"name\":\"Balufy - Taste of experience\",\"description\":\"Balufy\",\"publisher\":{\"@id\":\"https:\\\/\\\/balufy.com\\\/es\\\/#organization\"},\"potentialAction\":[{\"@type\":\"SearchAction\",\"target\":{\"@type\":\"EntryPoint\",\"urlTemplate\":\"https:\\\/\\\/balufy.com\\\/es\\\/?s={search_term_string}\"},\"query-input\":{\"@type\":\"PropertyValueSpecification\",\"valueRequired\":true,\"valueName\":\"search_term_string\"}}],\"inLanguage\":\"de\"},{\"@type\":\"Organization\",\"@id\":\"https:\\\/\\\/balufy.com\\\/es\\\/#organization\",\"name\":\"Balufy\",\"url\":\"https:\\\/\\\/balufy.com\\\/es\\\/\",\"logo\":{\"@type\":\"ImageObject\",\"inLanguage\":\"de\",\"@id\":\"https:\\\/\\\/balufy.com\\\/es\\\/#\\\/schema\\\/logo\\\/image\\\/\",\"url\":\"https:\\\/\\\/balufy.com\\\/wp-content\\\/uploads\\\/2022\\\/06\\\/LOGO_PNG.png\",\"contentUrl\":\"https:\\\/\\\/balufy.com\\\/wp-content\\\/uploads\\\/2022\\\/06\\\/LOGO_PNG.png\",\"width\":1366,\"height\":768,\"caption\":\"Balufy\"},\"image\":{\"@id\":\"https:\\\/\\\/balufy.com\\\/es\\\/#\\\/schema\\\/logo\\\/image\\\/\"},\"sameAs\":[\"https:\\\/\\\/www.facebook.com\\\/Balufy-102705001596047\",\"https:\\\/\\\/www.instagram.com\\\/balufy_oficial\\\/\"]}]}<\/script>\n<!-- \/ Yoast SEO plugin. -->","yoast_head_json":{"title":"Can Blai Blai - Balufy - Der Geschmack der Erfahrung","robots":{"index":"index","follow":"follow","max-snippet":"max-snippet:-1","max-image-preview":"max-image-preview:large","max-video-preview":"max-video-preview:-1"},"canonical":"https:\/\/balufy.com\/de\/produkt\/dose-blai-blai\/","og_locale":"de_DE","og_type":"article","og_title":"Can Blai Blai - Balufy - The taste of Experience","og_description":"Ubicada en medio de almendrales, a solo unos 2,5 km de Santany\u00ed, la finca Can Blai Blai ofrece con su ubicaci\u00f3n \u00fanica todo lo que hace tan especial la vida en el campo en Mallorca: tranquilidad absoluta en un entorno de ensue\u00f1o. La casa fue completamente renovada en 2015 y redise\u00f1ada art\u00edsticamente a un alto [&hellip;]","og_url":"https:\/\/balufy.com\/de\/produkt\/dose-blai-blai\/","og_site_name":"Balufy - The taste of Experience","article_publisher":"https:\/\/www.facebook.com\/Balufy-102705001596047","article_modified_time":"2025-04-07T04:12:18+00:00","twitter_card":"summary_large_image","twitter_misc":{"Gesch\u00e4tzte Lesezeit":"4\u00a0Minuten"},"schema":{"@context":"https:\/\/schema.org","@graph":[{"@type":"WebPage","@id":"https:\/\/balufy.com\/producto\/can-blai-blai\/","url":"https:\/\/balufy.com\/producto\/can-blai-blai\/","name":"Can Blai Blai - Balufy - Der Geschmack der Erfahrung","isPartOf":{"@id":"https:\/\/balufy.com\/es\/#website"},"datePublished":"2024-04-24T19:00:40+00:00","dateModified":"2025-04-07T04:12:18+00:00","breadcrumb":{"@id":"https:\/\/balufy.com\/producto\/can-blai-blai\/#breadcrumb"},"inLanguage":"de","potentialAction":[{"@type":"ReadAction","target":["https:\/\/balufy.com\/producto\/can-blai-blai\/"]}]},{"@type":"BreadcrumbList","@id":"https:\/\/balufy.com\/producto\/can-blai-blai\/#breadcrumb","itemListElement":[{"@type":"ListItem","position":1,"name":"Portada","item":"https:\/\/balufy.com\/"},{"@type":"ListItem","position":2,"name":"Shop","item":"https:\/\/balufy.com\/es\/shop\/"},{"@type":"ListItem","position":3,"name":"Can Blai Blai"}]},{"@type":"WebSite","@id":"https:\/\/balufy.com\/es\/#website","url":"https:\/\/balufy.com\/es\/","name":"Balufy - Geschmack der Erfahrung","description":"Balufy","publisher":{"@id":"https:\/\/balufy.com\/es\/#organization"},"potentialAction":[{"@type":"SearchAction","target":{"@type":"EntryPoint","urlTemplate":"https:\/\/balufy.com\/es\/?s={search_term_string}"},"query-input":{"@type":"PropertyValueSpecification","valueRequired":true,"valueName":"search_term_string"}}],"inLanguage":"de"},{"@type":"Organization","@id":"https:\/\/balufy.com\/es\/#organization","name":"Balufy","url":"https:\/\/balufy.com\/es\/","logo":{"@type":"ImageObject","inLanguage":"de","@id":"https:\/\/balufy.com\/es\/#\/schema\/logo\/image\/","url":"https:\/\/balufy.com\/wp-content\/uploads\/2022\/06\/LOGO_PNG.png","contentUrl":"https:\/\/balufy.com\/wp-content\/uploads\/2022\/06\/LOGO_PNG.png","width":1366,"height":768,"caption":"Balufy"},"image":{"@id":"https:\/\/balufy.com\/es\/#\/schema\/logo\/image\/"},"sameAs":["https:\/\/www.facebook.com\/Balufy-102705001596047","https:\/\/www.instagram.com\/balufy_oficial\/"]}]}},"_links":{"self":[{"href":"https:\/\/balufy.com\/de\/wp-json\/wp\/v2\/product\/3187","targetHints":{"allow":["GET"]}}],"collection":[{"href":"https:\/\/balufy.com\/de\/wp-json\/wp\/v2\/product"}],"about":[{"href":"https:\/\/balufy.com\/de\/wp-json\/wp\/v2\/types\/product"}],"version-history":[{"count":0,"href":"https:\/\/balufy.com\/de\/wp-json\/wp\/v2\/product\/3187\/revisions"}],"wp:attachment":[{"href":"https:\/\/balufy.com\/de\/wp-json\/wp\/v2\/media?parent=3187"}],"wp:term":[{"taxonomy":"product_brand","embeddable":true,"href":"https:\/\/balufy.com\/de\/wp-json\/wp\/v2\/product_brand?post=3187"},{"taxonomy":"product_cat","embeddable":true,"href":"https:\/\/balufy.com\/de\/wp-json\/wp\/v2\/product_cat?post=3187"},{"taxonomy":"product_tag","embeddable":true,"href":"https:\/\/balufy.com\/de\/wp-json\/wp\/v2\/product_tag?post=3187"}],"curies":[{"name":"wp","href":"https:\/\/api.w.org\/{rel}","templated":true}]}}