{"id":3259,"date":"2024-04-28T04:09:25","date_gmt":"2024-04-28T02:09:25","guid":{"rendered":"https:\/\/balufy.com\/product\/can-xesquet-comuna-168\/"},"modified":"2025-04-02T16:31:35","modified_gmt":"2025-04-02T14:31:35","slug":"can-xesquet-comune-168","status":"publish","type":"product","link":"https:\/\/balufy.com\/de\/produkt\/can-xesquet-comune-168\/","title":{"rendered":"Can Xesquet Gemeinde 168"},"content":{"rendered":"<p>In einer idyllischen l\u00e4ndlichen Umgebung, umgeben von Wald und mit absoluter Privatsph\u00e4re.<\/p>\n<p>Das Haus ist in einer Mischung aus modernem und rustikalem Stil eingerichtet, mit viel Geschmack und Sorgfalt.<br \/>\nDas Wohnzimmer ist ger\u00e4umig und wird Sie mit seinem Sofa, Satellitenfernsehen, Wifi, Designerlampen, Deckenbalken und einer spektakul\u00e4ren Eisentreppe \u00fcberraschen... alles mit direktem Zugang zu den Terrassen und dem Swimmingpool.<br \/>\nIn der halboffenen K\u00fcche finden Sie alles, was Sie f\u00fcr die Zubereitung guter Mahlzeiten ben\u00f6tigen.<\/p>\n<p>Im Erdgeschoss befinden sich die Gemeinschaftsr\u00e4ume und ein Schlafzimmer mit Doppelbett, Ventilator und Kleiderschrank, gefolgt von einem Badezimmer mit Dusche. Im Obergeschoss finden Sie zwei weitere Schlafzimmer, eines mit einem Doppelbett und das andere mit zwei Einzelbetten; beide mit Sorgfalt eingerichtet, jeweils mit einem Kleiderschrank und einem Ventilator. Neben ihnen befindet sich ein weiteres Bad.<\/p>\n<p>Das Haus wird durch Sonnenkollektoren mit Strom versorgt und hat f\u00fcr die Wintermonate zwei Pelletkamine, einen im Obergeschoss und einen im Erdgeschoss.<\/p>\n<p>Drau\u00dfen gibt es zwei halb \u00fcberdachte Terrassen mit Tisch und St\u00fchlen, ideal f\u00fcr einen Drink oder einfach nur zum Entspannen... ein Grill, Liegest\u00fchle...<br \/>\nDer 10 m x 4,5 m gro\u00dfe Swimmingpool ist ideal zur Abk\u00fchlung und daneben befindet sich die Au\u00dfendusche.<br \/>\nNachts ist der Pool beleuchtet, falls Sie schwimmen m\u00f6chten.<\/p>\n<p><strong>Obligatorische oder eingeschlossene Dienstleistungen<\/strong><br \/>\nInternetzugang: Inbegriffen<br \/>\nParken im Freien: Inbegriffen<br \/>\nBetreuung w\u00e4hrend Ihres Aufenthalts 24h 7 Tage: Inklusive<br \/>\nKosten f\u00fcr Elektroide: inbegriffen<br \/>\nKinderbett: Inklusive<br \/>\nInklusive Strom mit einem Limit von 3 kw\/h pro Person und Tag: Inklusive<br \/>\nEndreinigung: 285,00 \u20ac\/Reservierung<br \/>\nHaustier: Eingeschlossen<br \/>\nBettw\u00e4sche: Inklusive<br \/>\nBabysitz: Inklusive<br \/>\nHandt\u00fccher: Inklusive<br \/>\nWeniger sehen<\/p>\n<p>Geb\u00fchren<br \/>\nKurtaxe: im Gesamtpreis inbegriffen<\/p>\n<p><strong>Organisieren Sie Ihren Zeitplan<\/strong><br \/>\nCheck-in Zeiten:Jeden Tag von 16:00 bis 22:00<\/p>\n<p>Abfahrtszeit: Vor 10:00 Uhr.<\/p>\n<p>Kaution (r\u00fcckzahlbar)<br \/>\nBetrag: 300,00 \u20ac \/Buchung. Zahlungsweise: Einbehaltung auf Kreditkarte. Bei der Ankunft zu zahlen.<br \/>\n<strong>\u00a0Bemerkungen<\/strong><\/p>\n<p>- Rauchen ist nicht erlaubt<br \/>\n- Haustiere sind in dieser Unterkunft erlaubt, mit Ausnahme von gef\u00e4hrlichen Rassen.<\/p>\n<p><strong>WICHTIG!<\/strong><br \/>\n- Alle G\u00e4ste \u00fcber 16 Jahre, die in einem Ferienhaus \u00fcbernachten, m\u00fcssen die Kurtaxe bezahlen. Einige Portale erheben keine Kurtaxe. In diesem Fall erhalten Sie eine gesonderte Nachricht, um diese Zahlung zu leisten.<br \/>\n- Elektrizit\u00e4t inbegriffen (3 kw\/Tag und Person)<br \/>\n- Es wird eine r\u00fcckzahlbare Kaution erhoben.<br \/>\n- Partys sind nicht erlaubt.<br \/>\n- Um die gesetzlichen Bestimmungen einzuhalten, wird von allen G\u00e4sten vor dem Betreten des Hauses ein Ausweis verlangt.<\/p>\n<p>Tauchen Sie ein in die Authentizit\u00e4t von Ses Salines, einem charmanten Dorf auf Mallorca, das Geschichte und Gelassenheit miteinander verbindet. Umgeben von salzhaltigen Landschaften und in der N\u00e4he von unber\u00fchrten Str\u00e4nden bietet Ses Salines ein einzigartiges Erlebnis. Erkunden Sie die traditionellen engen Gassen, probieren Sie die lokale Gastronomie und tauchen Sie in die mallorquinische Kultur ein. Strategisch g\u00fcnstig gelegen und mit vielen Entspannungsm\u00f6glichkeiten, ist Ses Salines das ideale Ziel f\u00fcr einen authentischen Inselurlaub. Entdecken Sie Mallorca in der Ruhe und Authentizit\u00e4t von Ses Salines!<\/p>\n<p><strong>Zus\u00e4tzliche Hinweise<\/strong><br \/>\nWenn Sie an Ihrem Zielort angekommen sind, setzen Sie sich bitte telefonisch mit uns in Verbindung und begeben Sie sich direkt zu Ihrer Unterkunft oder dem vereinbarten Treffpunkt.<\/p>","protected":false},"excerpt":{"rendered":"<p>In einer idyllischen l\u00e4ndlichen Umgebung, umgeben von Wald und mit absoluter Privatsph\u00e4re. Das Haus ist mit einer Mischung aus modernem und rustikalem Stil, mit viel Geschmack und Zuneigung eingerichtet. Das Wohnzimmer ist ger\u00e4umig und wird Sie mit seinem Sofa, Sat-TV, Wifi, Designer-Lampen, Deckenbalken und eine spektakul\u00e4re Holztreppe \u00fcberraschen.<\/p>","protected":false},"featured_media":0,"template":"","meta":[],"product_brand":[],"product_cat":[20],"product_tag":[],"class_list":{"0":"post-3259","1":"product","2":"type-product","3":"status-publish","5":"product_cat-listeo-booking","7":"first","8":"instock","9":"virtual","10":"sold-individually","11":"purchasable","12":"product-type-listing_booking"},"yoast_head":"<!-- This site is optimized with the Yoast SEO plugin v27.3 - https:\/\/yoast.com\/product\/yoast-seo-wordpress\/ -->\n<title>Can Xesquet Comuna 168 - Balufy - The taste of Experience<\/title>\n<meta name=\"robots\" content=\"index, follow, max-snippet:-1, max-image-preview:large, max-video-preview:-1\" \/>\n<link rel=\"canonical\" href=\"https:\/\/balufy.com\/de\/produkt\/can-xesquet-comune-168\/\" \/>\n<meta property=\"og:locale\" content=\"de_DE\" \/>\n<meta property=\"og:type\" content=\"article\" \/>\n<meta property=\"og:title\" content=\"Can Xesquet Comuna 168 - Balufy - The taste of Experience\" \/>\n<meta property=\"og:description\" content=\"En un id\u00edlico entorno rural, rodeado de bosque y con total privacidad . La casa est\u00e1 decorada con una mezcla de estilo moderno y r\u00fastico, con gran gusto y cari\u00f1o. El sal\u00f3n es amplio y te sorprender\u00e1 con su sof\u00e1, TV v\u00eda sat\u00e9lite, wifi, l\u00e1mparas de dise\u00f1o, vigas del techo y una espectacular escalera de [&hellip;]\" \/>\n<meta property=\"og:url\" content=\"https:\/\/balufy.com\/de\/produkt\/can-xesquet-comune-168\/\" \/>\n<meta property=\"og:site_name\" content=\"Balufy - The taste of Experience\" \/>\n<meta property=\"article:publisher\" content=\"https:\/\/www.facebook.com\/Balufy-102705001596047\" \/>\n<meta property=\"article:modified_time\" content=\"2025-04-02T14:31:35+00:00\" \/>\n<meta name=\"twitter:card\" content=\"summary_large_image\" \/>\n<meta name=\"twitter:label1\" content=\"Gesch\u00e4tzte Lesezeit\" \/>\n\t<meta name=\"twitter:data1\" content=\"3\u00a0Minuten\" \/>\n<script type=\"application\/ld+json\" class=\"yoast-schema-graph\">{\"@context\":\"https:\\\/\\\/schema.org\",\"@graph\":[{\"@type\":\"WebPage\",\"@id\":\"https:\\\/\\\/balufy.com\\\/es\\\/producto\\\/can-xesquet-comuna-168\\\/\",\"url\":\"https:\\\/\\\/balufy.com\\\/es\\\/producto\\\/can-xesquet-comuna-168\\\/\",\"name\":\"Can Xesquet Comuna 168 - Balufy - The taste of Experience\",\"isPartOf\":{\"@id\":\"https:\\\/\\\/balufy.com\\\/es\\\/#website\"},\"datePublished\":\"2024-04-28T02:09:25+00:00\",\"dateModified\":\"2025-04-02T14:31:35+00:00\",\"breadcrumb\":{\"@id\":\"https:\\\/\\\/balufy.com\\\/es\\\/producto\\\/can-xesquet-comuna-168\\\/#breadcrumb\"},\"inLanguage\":\"de\",\"potentialAction\":[{\"@type\":\"ReadAction\",\"target\":[\"https:\\\/\\\/balufy.com\\\/es\\\/producto\\\/can-xesquet-comuna-168\\\/\"]}]},{\"@type\":\"BreadcrumbList\",\"@id\":\"https:\\\/\\\/balufy.com\\\/es\\\/producto\\\/can-xesquet-comuna-168\\\/#breadcrumb\",\"itemListElement\":[{\"@type\":\"ListItem\",\"position\":1,\"name\":\"Portada\",\"item\":\"https:\\\/\\\/balufy.com\\\/\"},{\"@type\":\"ListItem\",\"position\":2,\"name\":\"Shop\",\"item\":\"https:\\\/\\\/balufy.com\\\/es\\\/shop\\\/\"},{\"@type\":\"ListItem\",\"position\":3,\"name\":\"Can Xesquet Comuna 168\"}]},{\"@type\":\"WebSite\",\"@id\":\"https:\\\/\\\/balufy.com\\\/es\\\/#website\",\"url\":\"https:\\\/\\\/balufy.com\\\/es\\\/\",\"name\":\"Balufy - Taste of experience\",\"description\":\"Balufy\",\"publisher\":{\"@id\":\"https:\\\/\\\/balufy.com\\\/es\\\/#organization\"},\"potentialAction\":[{\"@type\":\"SearchAction\",\"target\":{\"@type\":\"EntryPoint\",\"urlTemplate\":\"https:\\\/\\\/balufy.com\\\/es\\\/?s={search_term_string}\"},\"query-input\":{\"@type\":\"PropertyValueSpecification\",\"valueRequired\":true,\"valueName\":\"search_term_string\"}}],\"inLanguage\":\"de\"},{\"@type\":\"Organization\",\"@id\":\"https:\\\/\\\/balufy.com\\\/es\\\/#organization\",\"name\":\"Balufy\",\"url\":\"https:\\\/\\\/balufy.com\\\/es\\\/\",\"logo\":{\"@type\":\"ImageObject\",\"inLanguage\":\"de\",\"@id\":\"https:\\\/\\\/balufy.com\\\/es\\\/#\\\/schema\\\/logo\\\/image\\\/\",\"url\":\"https:\\\/\\\/balufy.com\\\/wp-content\\\/uploads\\\/2022\\\/06\\\/LOGO_PNG.png\",\"contentUrl\":\"https:\\\/\\\/balufy.com\\\/wp-content\\\/uploads\\\/2022\\\/06\\\/LOGO_PNG.png\",\"width\":1366,\"height\":768,\"caption\":\"Balufy\"},\"image\":{\"@id\":\"https:\\\/\\\/balufy.com\\\/es\\\/#\\\/schema\\\/logo\\\/image\\\/\"},\"sameAs\":[\"https:\\\/\\\/www.facebook.com\\\/Balufy-102705001596047\",\"https:\\\/\\\/www.instagram.com\\\/balufy_oficial\\\/\"]}]}<\/script>\n<!-- \/ Yoast SEO plugin. -->","yoast_head_json":{"title":"Can Xesquet Comuna 168 - Balufy - Der Geschmack der Erfahrung","robots":{"index":"index","follow":"follow","max-snippet":"max-snippet:-1","max-image-preview":"max-image-preview:large","max-video-preview":"max-video-preview:-1"},"canonical":"https:\/\/balufy.com\/de\/produkt\/can-xesquet-comune-168\/","og_locale":"de_DE","og_type":"article","og_title":"Can Xesquet Comuna 168 - Balufy - The taste of Experience","og_description":"En un id\u00edlico entorno rural, rodeado de bosque y con total privacidad . La casa est\u00e1 decorada con una mezcla de estilo moderno y r\u00fastico, con gran gusto y cari\u00f1o. El sal\u00f3n es amplio y te sorprender\u00e1 con su sof\u00e1, TV v\u00eda sat\u00e9lite, wifi, l\u00e1mparas de dise\u00f1o, vigas del techo y una espectacular escalera de [&hellip;]","og_url":"https:\/\/balufy.com\/de\/produkt\/can-xesquet-comune-168\/","og_site_name":"Balufy - The taste of Experience","article_publisher":"https:\/\/www.facebook.com\/Balufy-102705001596047","article_modified_time":"2025-04-02T14:31:35+00:00","twitter_card":"summary_large_image","twitter_misc":{"Gesch\u00e4tzte Lesezeit":"3\u00a0Minuten"},"schema":{"@context":"https:\/\/schema.org","@graph":[{"@type":"WebPage","@id":"https:\/\/balufy.com\/es\/producto\/can-xesquet-comuna-168\/","url":"https:\/\/balufy.com\/es\/producto\/can-xesquet-comuna-168\/","name":"Can Xesquet Comuna 168 - Balufy - Der Geschmack der Erfahrung","isPartOf":{"@id":"https:\/\/balufy.com\/es\/#website"},"datePublished":"2024-04-28T02:09:25+00:00","dateModified":"2025-04-02T14:31:35+00:00","breadcrumb":{"@id":"https:\/\/balufy.com\/es\/producto\/can-xesquet-comuna-168\/#breadcrumb"},"inLanguage":"de","potentialAction":[{"@type":"ReadAction","target":["https:\/\/balufy.com\/es\/producto\/can-xesquet-comuna-168\/"]}]},{"@type":"BreadcrumbList","@id":"https:\/\/balufy.com\/es\/producto\/can-xesquet-comuna-168\/#breadcrumb","itemListElement":[{"@type":"ListItem","position":1,"name":"Portada","item":"https:\/\/balufy.com\/"},{"@type":"ListItem","position":2,"name":"Shop","item":"https:\/\/balufy.com\/es\/shop\/"},{"@type":"ListItem","position":3,"name":"Can Xesquet Comuna 168"}]},{"@type":"WebSite","@id":"https:\/\/balufy.com\/es\/#website","url":"https:\/\/balufy.com\/es\/","name":"Balufy - Geschmack der Erfahrung","description":"Balufy","publisher":{"@id":"https:\/\/balufy.com\/es\/#organization"},"potentialAction":[{"@type":"SearchAction","target":{"@type":"EntryPoint","urlTemplate":"https:\/\/balufy.com\/es\/?s={search_term_string}"},"query-input":{"@type":"PropertyValueSpecification","valueRequired":true,"valueName":"search_term_string"}}],"inLanguage":"de"},{"@type":"Organization","@id":"https:\/\/balufy.com\/es\/#organization","name":"Balufy","url":"https:\/\/balufy.com\/es\/","logo":{"@type":"ImageObject","inLanguage":"de","@id":"https:\/\/balufy.com\/es\/#\/schema\/logo\/image\/","url":"https:\/\/balufy.com\/wp-content\/uploads\/2022\/06\/LOGO_PNG.png","contentUrl":"https:\/\/balufy.com\/wp-content\/uploads\/2022\/06\/LOGO_PNG.png","width":1366,"height":768,"caption":"Balufy"},"image":{"@id":"https:\/\/balufy.com\/es\/#\/schema\/logo\/image\/"},"sameAs":["https:\/\/www.facebook.com\/Balufy-102705001596047","https:\/\/www.instagram.com\/balufy_oficial\/"]}]}},"_links":{"self":[{"href":"https:\/\/balufy.com\/de\/wp-json\/wp\/v2\/product\/3259","targetHints":{"allow":["GET"]}}],"collection":[{"href":"https:\/\/balufy.com\/de\/wp-json\/wp\/v2\/product"}],"about":[{"href":"https:\/\/balufy.com\/de\/wp-json\/wp\/v2\/types\/product"}],"version-history":[{"count":0,"href":"https:\/\/balufy.com\/de\/wp-json\/wp\/v2\/product\/3259\/revisions"}],"wp:attachment":[{"href":"https:\/\/balufy.com\/de\/wp-json\/wp\/v2\/media?parent=3259"}],"wp:term":[{"taxonomy":"product_brand","embeddable":true,"href":"https:\/\/balufy.com\/de\/wp-json\/wp\/v2\/product_brand?post=3259"},{"taxonomy":"product_cat","embeddable":true,"href":"https:\/\/balufy.com\/de\/wp-json\/wp\/v2\/product_cat?post=3259"},{"taxonomy":"product_tag","embeddable":true,"href":"https:\/\/balufy.com\/de\/wp-json\/wp\/v2\/product_tag?post=3259"}],"curies":[{"name":"wp","href":"https:\/\/api.w.org\/{rel}","templated":true}]}}