{"id":3300,"date":"2024-04-28T20:41:22","date_gmt":"2024-04-28T18:41:22","guid":{"rendered":"https:\/\/balufy.com\/product\/finca-can-perdiu\/"},"modified":"2025-04-07T06:11:41","modified_gmt":"2025-04-07T04:11:41","slug":"nachlass-can-perdiu","status":"publish","type":"product","link":"https:\/\/balufy.com\/de\/produkt\/nachlass-can-perdiu\/","title":{"rendered":"Landgut Can Perdiu"},"content":{"rendered":"<p><strong>Finca Can Perdiu ist ein Ferienhaus in Santanyi, Mallorca mit privatem Pool.<\/strong><br \/>\nLandhaus mit 4 Schlafzimmern und 6 Badezimmern, privatem Pool, Klimaanlage und WiFi. Schlafpl\u00e4tze f\u00fcr bis zu 8 Personen<\/p>\n<p>In der Finca Can Perdiu, in der N\u00e4he des sch\u00f6nen mallorquinischen Dorfes Santanyi, k\u00f6nnen Sie Ihre Zeit genie\u00dfen und entspannen.<\/p>\n<p>Die Finca ist mit allem Komfort ausgestattet. Sie hat einen modernen und funktionalen Stil, kombiniert mit einer besonderen pers\u00f6nlichen Note.<\/p>\n<p>Im Haupthaus befinden sich vier Schlafzimmer mit drei modernen Badezimmern (eines davon eine Master-Suite mit eigenem Bad). Ein weiteres Wohnzimmer mit eigenem Bad befindet sich in separaten Nebengeb\u00e4uden, von denen jedes unabh\u00e4ngig ist. In einem dieser Nebengeb\u00e4ude befindet sich auch eine kleine K\u00fcche.<\/p>\n<p>Sowohl die Finca als auch die beiden Nebengeb\u00e4ude sind mit Klimaanlage und Zentralheizung ausgestattet, so dass die H\u00e4user zu allen Jahreszeiten genutzt werden k\u00f6nnen.<\/p>\n<p>Ideal f\u00fcr den Winter ist auch die Sauna mit Dusche in einem anderen Raum.<\/p>\n<p>Die Finca ist wundersch\u00f6n angelegt und bietet einen fantastischen Blick auf den Pool und den Garten. Sie finden eine wunderbare \"Chill Out\", wo Sie die Sonnenunterg\u00e4nge der Insel genie\u00dfen k\u00f6nnen.<\/p>\n<p><strong>Bitte beachten:<\/strong><\/p>\n<p>- F\u00fcr jede Buchung wird eine Buchungsgeb\u00fchr von 150 EUR erhoben.<br \/>\n- Die balearische \u00d6kosteuer in H\u00f6he von 2,20 EUR pro Nacht und pro Person ist bei der Buchung zu entrichten.<br \/>\n- Eine r\u00fcckzahlbare Kaution, deren H\u00f6he sich nach dem Objekt richtet, wird ebenfalls bei der Buchung verlangt.<br \/>\n- \u00d6l-Zentralheizung auf Anfrage zwischen November und M\u00e4rz gegen einen Aufpreis von 30 EUR pro Tag erh\u00e4ltlich.<br \/>\nObligatorische oder eingeschlossene Dienstleistungen<br \/>\nBuchungsgeb\u00fchr: 150,00 \u20ac\/Reservierung<\/p>\n<p><strong>Fakultative Dienste<\/strong><br \/>\nInternetzugang: Inbegriffen<\/p>\n<p>Geb\u00fchren<br \/>\nKurtaxe: im Gesamtpreis inbegriffen<\/p>\n<p><strong>Organisieren Sie Ihren Zeitplan<\/strong><br \/>\nCheck-in Zeiten:Jeden Tag von 16:00 bis 0:00<\/p>\n<p>Abfahrtszeit:Vor 10:00 Uhr morgens.<\/p>\n<p>Kaution (r\u00fcckzahlbar)<br \/>\nBetrag: 500,00 \u20ac \/Buchung.Zahlungsform: Einbehaltung auf Karte.bei der letzten Zahlung.<br \/>\n<strong>\u00a0Bemerkungen<\/strong><\/p>\n<p>- Rauchen ist nicht erlaubt<br \/>\n- Haustiere sind nicht erlaubt<\/p>","protected":false},"excerpt":{"rendered":"<p>Finca Can Perdiu es una casa de vacaciones en Santanyi, Mallorca con piscina privada Casa de campo de 4 dormitorios y 6 ba\u00f1os con piscina privada, aire acondicionado y WiFi. Tiene capacidad para un m\u00e1ximo de 8 personas En Finca Can Perdiu, cerca del hermoso pueblo mallorquin de Santanyi, podr\u00e1 disfrutar de su tiempo y [&hellip;]<\/p>","protected":false},"featured_media":0,"template":"","meta":[],"product_brand":[],"product_cat":[20],"product_tag":[],"class_list":{"0":"post-3300","1":"product","2":"type-product","3":"status-publish","5":"product_cat-listeo-booking","7":"first","8":"instock","9":"virtual","10":"sold-individually","11":"purchasable","12":"product-type-listing_booking"},"yoast_head":"<!-- This site is optimized with the Yoast SEO plugin v27.3 - https:\/\/yoast.com\/product\/yoast-seo-wordpress\/ -->\n<title>Finca Can Perdiu - Balufy - The taste of Experience<\/title>\n<meta name=\"robots\" content=\"index, follow, max-snippet:-1, max-image-preview:large, max-video-preview:-1\" \/>\n<link rel=\"canonical\" href=\"https:\/\/balufy.com\/de\/produkt\/nachlass-can-perdiu\/\" \/>\n<meta property=\"og:locale\" content=\"de_DE\" \/>\n<meta property=\"og:type\" content=\"article\" \/>\n<meta property=\"og:title\" content=\"Finca Can Perdiu - Balufy - The taste of Experience\" \/>\n<meta property=\"og:description\" content=\"Finca Can Perdiu es una casa de vacaciones en Santanyi, Mallorca con piscina privada Casa de campo de 4 dormitorios y 6 ba\u00f1os con piscina privada, aire acondicionado y WiFi. Tiene capacidad para un m\u00e1ximo de 8 personas En Finca Can Perdiu, cerca del hermoso pueblo mallorquin de Santanyi, podr\u00e1 disfrutar de su tiempo y [&hellip;]\" \/>\n<meta property=\"og:url\" content=\"https:\/\/balufy.com\/de\/produkt\/nachlass-can-perdiu\/\" \/>\n<meta property=\"og:site_name\" content=\"Balufy - The taste of Experience\" \/>\n<meta property=\"article:publisher\" content=\"https:\/\/www.facebook.com\/Balufy-102705001596047\" \/>\n<meta property=\"article:modified_time\" content=\"2025-04-07T04:11:41+00:00\" \/>\n<meta name=\"twitter:card\" content=\"summary_large_image\" \/>\n<meta name=\"twitter:label1\" content=\"Gesch\u00e4tzte Lesezeit\" \/>\n\t<meta name=\"twitter:data1\" content=\"2\u00a0Minuten\" \/>\n<script type=\"application\/ld+json\" class=\"yoast-schema-graph\">{\"@context\":\"https:\\\/\\\/schema.org\",\"@graph\":[{\"@type\":\"WebPage\",\"@id\":\"https:\\\/\\\/balufy.com\\\/producto\\\/finca-can-perdiu\\\/\",\"url\":\"https:\\\/\\\/balufy.com\\\/producto\\\/finca-can-perdiu\\\/\",\"name\":\"Finca Can Perdiu - Balufy - The taste of Experience\",\"isPartOf\":{\"@id\":\"https:\\\/\\\/balufy.com\\\/es\\\/#website\"},\"datePublished\":\"2024-04-28T18:41:22+00:00\",\"dateModified\":\"2025-04-07T04:11:41+00:00\",\"breadcrumb\":{\"@id\":\"https:\\\/\\\/balufy.com\\\/producto\\\/finca-can-perdiu\\\/#breadcrumb\"},\"inLanguage\":\"de\",\"potentialAction\":[{\"@type\":\"ReadAction\",\"target\":[\"https:\\\/\\\/balufy.com\\\/producto\\\/finca-can-perdiu\\\/\"]}]},{\"@type\":\"BreadcrumbList\",\"@id\":\"https:\\\/\\\/balufy.com\\\/producto\\\/finca-can-perdiu\\\/#breadcrumb\",\"itemListElement\":[{\"@type\":\"ListItem\",\"position\":1,\"name\":\"Portada\",\"item\":\"https:\\\/\\\/balufy.com\\\/\"},{\"@type\":\"ListItem\",\"position\":2,\"name\":\"Shop\",\"item\":\"https:\\\/\\\/balufy.com\\\/es\\\/shop\\\/\"},{\"@type\":\"ListItem\",\"position\":3,\"name\":\"Finca Can Perdiu\"}]},{\"@type\":\"WebSite\",\"@id\":\"https:\\\/\\\/balufy.com\\\/es\\\/#website\",\"url\":\"https:\\\/\\\/balufy.com\\\/es\\\/\",\"name\":\"Balufy - Taste of experience\",\"description\":\"Balufy\",\"publisher\":{\"@id\":\"https:\\\/\\\/balufy.com\\\/es\\\/#organization\"},\"potentialAction\":[{\"@type\":\"SearchAction\",\"target\":{\"@type\":\"EntryPoint\",\"urlTemplate\":\"https:\\\/\\\/balufy.com\\\/es\\\/?s={search_term_string}\"},\"query-input\":{\"@type\":\"PropertyValueSpecification\",\"valueRequired\":true,\"valueName\":\"search_term_string\"}}],\"inLanguage\":\"de\"},{\"@type\":\"Organization\",\"@id\":\"https:\\\/\\\/balufy.com\\\/es\\\/#organization\",\"name\":\"Balufy\",\"url\":\"https:\\\/\\\/balufy.com\\\/es\\\/\",\"logo\":{\"@type\":\"ImageObject\",\"inLanguage\":\"de\",\"@id\":\"https:\\\/\\\/balufy.com\\\/es\\\/#\\\/schema\\\/logo\\\/image\\\/\",\"url\":\"https:\\\/\\\/balufy.com\\\/wp-content\\\/uploads\\\/2022\\\/06\\\/LOGO_PNG.png\",\"contentUrl\":\"https:\\\/\\\/balufy.com\\\/wp-content\\\/uploads\\\/2022\\\/06\\\/LOGO_PNG.png\",\"width\":1366,\"height\":768,\"caption\":\"Balufy\"},\"image\":{\"@id\":\"https:\\\/\\\/balufy.com\\\/es\\\/#\\\/schema\\\/logo\\\/image\\\/\"},\"sameAs\":[\"https:\\\/\\\/www.facebook.com\\\/Balufy-102705001596047\",\"https:\\\/\\\/www.instagram.com\\\/balufy_oficial\\\/\"]}]}<\/script>\n<!-- \/ Yoast SEO plugin. -->","yoast_head_json":{"title":"Finca Can Perdiu - Balufy - Der Geschmack der Erfahrung","robots":{"index":"index","follow":"follow","max-snippet":"max-snippet:-1","max-image-preview":"max-image-preview:large","max-video-preview":"max-video-preview:-1"},"canonical":"https:\/\/balufy.com\/de\/produkt\/nachlass-can-perdiu\/","og_locale":"de_DE","og_type":"article","og_title":"Finca Can Perdiu - Balufy - The taste of Experience","og_description":"Finca Can Perdiu es una casa de vacaciones en Santanyi, Mallorca con piscina privada Casa de campo de 4 dormitorios y 6 ba\u00f1os con piscina privada, aire acondicionado y WiFi. Tiene capacidad para un m\u00e1ximo de 8 personas En Finca Can Perdiu, cerca del hermoso pueblo mallorquin de Santanyi, podr\u00e1 disfrutar de su tiempo y [&hellip;]","og_url":"https:\/\/balufy.com\/de\/produkt\/nachlass-can-perdiu\/","og_site_name":"Balufy - The taste of Experience","article_publisher":"https:\/\/www.facebook.com\/Balufy-102705001596047","article_modified_time":"2025-04-07T04:11:41+00:00","twitter_card":"summary_large_image","twitter_misc":{"Gesch\u00e4tzte Lesezeit":"2\u00a0Minuten"},"schema":{"@context":"https:\/\/schema.org","@graph":[{"@type":"WebPage","@id":"https:\/\/balufy.com\/producto\/finca-can-perdiu\/","url":"https:\/\/balufy.com\/producto\/finca-can-perdiu\/","name":"Finca Can Perdiu - Balufy - Der Geschmack der Erfahrung","isPartOf":{"@id":"https:\/\/balufy.com\/es\/#website"},"datePublished":"2024-04-28T18:41:22+00:00","dateModified":"2025-04-07T04:11:41+00:00","breadcrumb":{"@id":"https:\/\/balufy.com\/producto\/finca-can-perdiu\/#breadcrumb"},"inLanguage":"de","potentialAction":[{"@type":"ReadAction","target":["https:\/\/balufy.com\/producto\/finca-can-perdiu\/"]}]},{"@type":"BreadcrumbList","@id":"https:\/\/balufy.com\/producto\/finca-can-perdiu\/#breadcrumb","itemListElement":[{"@type":"ListItem","position":1,"name":"Portada","item":"https:\/\/balufy.com\/"},{"@type":"ListItem","position":2,"name":"Shop","item":"https:\/\/balufy.com\/es\/shop\/"},{"@type":"ListItem","position":3,"name":"Finca Can Perdiu"}]},{"@type":"WebSite","@id":"https:\/\/balufy.com\/es\/#website","url":"https:\/\/balufy.com\/es\/","name":"Balufy - Geschmack der Erfahrung","description":"Balufy","publisher":{"@id":"https:\/\/balufy.com\/es\/#organization"},"potentialAction":[{"@type":"SearchAction","target":{"@type":"EntryPoint","urlTemplate":"https:\/\/balufy.com\/es\/?s={search_term_string}"},"query-input":{"@type":"PropertyValueSpecification","valueRequired":true,"valueName":"search_term_string"}}],"inLanguage":"de"},{"@type":"Organization","@id":"https:\/\/balufy.com\/es\/#organization","name":"Balufy","url":"https:\/\/balufy.com\/es\/","logo":{"@type":"ImageObject","inLanguage":"de","@id":"https:\/\/balufy.com\/es\/#\/schema\/logo\/image\/","url":"https:\/\/balufy.com\/wp-content\/uploads\/2022\/06\/LOGO_PNG.png","contentUrl":"https:\/\/balufy.com\/wp-content\/uploads\/2022\/06\/LOGO_PNG.png","width":1366,"height":768,"caption":"Balufy"},"image":{"@id":"https:\/\/balufy.com\/es\/#\/schema\/logo\/image\/"},"sameAs":["https:\/\/www.facebook.com\/Balufy-102705001596047","https:\/\/www.instagram.com\/balufy_oficial\/"]}]}},"_links":{"self":[{"href":"https:\/\/balufy.com\/de\/wp-json\/wp\/v2\/product\/3300","targetHints":{"allow":["GET"]}}],"collection":[{"href":"https:\/\/balufy.com\/de\/wp-json\/wp\/v2\/product"}],"about":[{"href":"https:\/\/balufy.com\/de\/wp-json\/wp\/v2\/types\/product"}],"version-history":[{"count":0,"href":"https:\/\/balufy.com\/de\/wp-json\/wp\/v2\/product\/3300\/revisions"}],"wp:attachment":[{"href":"https:\/\/balufy.com\/de\/wp-json\/wp\/v2\/media?parent=3300"}],"wp:term":[{"taxonomy":"product_brand","embeddable":true,"href":"https:\/\/balufy.com\/de\/wp-json\/wp\/v2\/product_brand?post=3300"},{"taxonomy":"product_cat","embeddable":true,"href":"https:\/\/balufy.com\/de\/wp-json\/wp\/v2\/product_cat?post=3300"},{"taxonomy":"product_tag","embeddable":true,"href":"https:\/\/balufy.com\/de\/wp-json\/wp\/v2\/product_tag?post=3300"}],"curies":[{"name":"wp","href":"https:\/\/api.w.org\/{rel}","templated":true}]}}