{"id":3389,"date":"2024-05-20T20:06:56","date_gmt":"2024-05-20T18:06:56","guid":{"rendered":"https:\/\/balufy.com\/product\/trimarchi-85-dylet-2\/"},"modified":"2025-04-07T06:10:36","modified_gmt":"2025-04-07T04:10:36","slug":"trimarchi-85-dylet-2","status":"publish","type":"product","link":"https:\/\/balufy.com\/de\/produkt\/trimarchi-85-dylet-2\/","title":{"rendered":"TRIMARCHI 85 DYLET"},"content":{"rendered":"<p><strong>EIGENSCHAFTEN:<\/strong><\/p>\n<p>8,5m L\u00e4nge<\/p>\n<p>9 Orte<\/p>\n<p>350 PS<\/p>\n<p><strong>PREIS:<\/strong><br \/>\n<strong>APRIL - OKTOBER :<\/strong><br \/>\n<strong>4H: 400 \u20ac<\/strong><br \/>\n<strong>8H: 640\u20ac<\/strong><br \/>\n<strong>MAI - SEPTEMBER:<\/strong><br \/>\n<strong>4H: 500\u20ac<\/strong><br \/>\n<strong>8H: 740\u20ac<\/strong><br \/>\n<strong>JUNI:\u00a0<\/strong><br \/>\n<strong>4H: 550\u20ac<\/strong><br \/>\n<strong>8H: 750\u20ac<br \/>\nJULI - AUGUST<br \/>\n4H: 550\u20ac<br \/>\n8H: 800\u20ac<\/strong><\/p>\n<p><strong>*Kraftstoff nicht inbegriffen<\/strong><\/p>\n<p>Es hat eine elektrische Ankerwinde, ger\u00e4umige Kabine, elektrische Toilette, Dusche, Musikanlage, gro\u00dfe Markise, K\u00fchlschrank, gro\u00dfes Solarium am Bug, sehr ger\u00e4umig und komfortabel. Elektrische Toilette, gro\u00dfe Kabine, gro\u00dfe Solarium Bug und Heck, Musik Dusche, gro\u00dfe Markise, Doppel-Solarium.<\/p>\n<p>&nbsp;<\/p>\n<p><strong>ACHTUNG BEI DER FAHRPLANAUSWAHL!<\/strong><\/p>\n<p><strong>DIE WAHL VON 2H:<\/strong><\/p>\n<p><strong>Die Auswahl der 2h in LOW und MEDIUM Saison kann w\u00e4hrend des ganzen Tages erfolgen, in HIGH Saison NUR SUNSET (SONNENUNTERGANG)!<\/strong><br \/>\n<strong>440\u20ac Inklusive Arbeitgeber und Benzin NUR IN DER \u00d6RTLICHEN UMGEBUNG!<\/strong><br \/>\n<strong>DIE WAHL VON 4H:<\/strong><\/p>\n<p><strong>Der Vormittag ist von 9:30 bis 13:30 Uhr vorgesehen.<\/strong><br \/>\n<strong>Die Nachmittagsstunden sind von 14:30 bis 18:30 Uhr.<\/strong><br \/>\n<strong>DIE WAHL VON 8H:<\/strong><\/p>\n<p><strong>Die \u00d6ffnungszeiten sind von 9:00 bis 17:00 Uhr - 10:00 bis 18:00 Uhr.<\/strong><br \/>\n<strong>*F\u00fcr weitere Informationen, \u00c4nderungen, Verf\u00fcgbarkeit und Reservierungen rufen Sie bitte unter +34 608 007 085 an.<\/strong><\/p>\n<p><strong>*Online-Buchungen M\u00dcSSEN TELEFONISCH ODER per WASSAPP BEST\u00c4TIGT WERDEN*.<\/strong><\/p>","protected":false},"excerpt":{"rendered":"<p>CARACTERISTICAS: 8,5m eslora 9 plazas 350 CV PRECIO: ABRIL &#8211; OCTUBRE : 4H: 400 \u20ac 8H: 640\u20ac MAYO &#8211; SEPTIEMBRE: 4H: 500\u20ac 8H: 740\u20ac JUNIO:\u00a0 4H: 550\u20ac 8H: 750\u20ac JULIO &#8211; AGOSTO 4H: 550\u20ac 8H: 800\u20ac *No incluye combustible* Dispone de molinete el\u00e9ctrico, camarote amplio, WC el\u00e9ctrico, ducha, equipo m\u00fasica, amplio toldo, nevera, amplio sol\u00e1rium [&hellip;]<\/p>","protected":false},"featured_media":0,"template":"","meta":[],"product_brand":[],"product_cat":[20],"product_tag":[],"class_list":{"0":"post-3389","1":"product","2":"type-product","3":"status-publish","5":"product_cat-listeo-booking","7":"first","8":"instock","9":"virtual","10":"sold-individually","11":"purchasable","12":"product-type-listing_booking"},"yoast_head":"<!-- This site is optimized with the Yoast SEO plugin v27.3 - https:\/\/yoast.com\/product\/yoast-seo-wordpress\/ -->\n<title>TRIMARCHI 85 DYLET - Balufy - The taste of Experience<\/title>\n<meta name=\"robots\" content=\"index, follow, max-snippet:-1, max-image-preview:large, max-video-preview:-1\" \/>\n<link rel=\"canonical\" href=\"https:\/\/balufy.com\/de\/produkt\/trimarchi-85-dylet-2\/\" \/>\n<meta property=\"og:locale\" content=\"de_DE\" \/>\n<meta property=\"og:type\" content=\"article\" \/>\n<meta property=\"og:title\" content=\"TRIMARCHI 85 DYLET - Balufy - The taste of Experience\" \/>\n<meta property=\"og:description\" content=\"CARACTERISTICAS: 8,5m eslora 9 plazas 350 CV PRECIO: ABRIL &#8211; OCTUBRE : 4H: 400 \u20ac 8H: 640\u20ac MAYO &#8211; SEPTIEMBRE: 4H: 500\u20ac 8H: 740\u20ac JUNIO:\u00a0 4H: 550\u20ac 8H: 750\u20ac JULIO &#8211; AGOSTO 4H: 550\u20ac 8H: 800\u20ac *No incluye combustible* Dispone de molinete el\u00e9ctrico, camarote amplio, WC el\u00e9ctrico, ducha, equipo m\u00fasica, amplio toldo, nevera, amplio sol\u00e1rium [&hellip;]\" \/>\n<meta property=\"og:url\" content=\"https:\/\/balufy.com\/de\/produkt\/trimarchi-85-dylet-2\/\" \/>\n<meta property=\"og:site_name\" content=\"Balufy - The taste of Experience\" \/>\n<meta property=\"article:publisher\" content=\"https:\/\/www.facebook.com\/Balufy-102705001596047\" \/>\n<meta property=\"article:modified_time\" content=\"2025-04-07T04:10:36+00:00\" \/>\n<meta name=\"twitter:card\" content=\"summary_large_image\" \/>\n<meta name=\"twitter:label1\" content=\"Gesch\u00e4tzte Lesezeit\" \/>\n\t<meta name=\"twitter:data1\" content=\"1\u00a0Minute\" \/>\n<script type=\"application\/ld+json\" class=\"yoast-schema-graph\">{\"@context\":\"https:\\\/\\\/schema.org\",\"@graph\":[{\"@type\":\"WebPage\",\"@id\":\"https:\\\/\\\/balufy.com\\\/producto\\\/trimarchi-85-dylet-2\\\/\",\"url\":\"https:\\\/\\\/balufy.com\\\/producto\\\/trimarchi-85-dylet-2\\\/\",\"name\":\"TRIMARCHI 85 DYLET - Balufy - The taste of Experience\",\"isPartOf\":{\"@id\":\"https:\\\/\\\/balufy.com\\\/es\\\/#website\"},\"datePublished\":\"2024-05-20T18:06:56+00:00\",\"dateModified\":\"2025-04-07T04:10:36+00:00\",\"breadcrumb\":{\"@id\":\"https:\\\/\\\/balufy.com\\\/producto\\\/trimarchi-85-dylet-2\\\/#breadcrumb\"},\"inLanguage\":\"de\",\"potentialAction\":[{\"@type\":\"ReadAction\",\"target\":[\"https:\\\/\\\/balufy.com\\\/producto\\\/trimarchi-85-dylet-2\\\/\"]}]},{\"@type\":\"BreadcrumbList\",\"@id\":\"https:\\\/\\\/balufy.com\\\/producto\\\/trimarchi-85-dylet-2\\\/#breadcrumb\",\"itemListElement\":[{\"@type\":\"ListItem\",\"position\":1,\"name\":\"Portada\",\"item\":\"https:\\\/\\\/balufy.com\\\/\"},{\"@type\":\"ListItem\",\"position\":2,\"name\":\"Shop\",\"item\":\"https:\\\/\\\/balufy.com\\\/es\\\/shop\\\/\"},{\"@type\":\"ListItem\",\"position\":3,\"name\":\"TRIMARCHI 85 DYLET\"}]},{\"@type\":\"WebSite\",\"@id\":\"https:\\\/\\\/balufy.com\\\/es\\\/#website\",\"url\":\"https:\\\/\\\/balufy.com\\\/es\\\/\",\"name\":\"Balufy - Taste of experience\",\"description\":\"Balufy\",\"publisher\":{\"@id\":\"https:\\\/\\\/balufy.com\\\/es\\\/#organization\"},\"potentialAction\":[{\"@type\":\"SearchAction\",\"target\":{\"@type\":\"EntryPoint\",\"urlTemplate\":\"https:\\\/\\\/balufy.com\\\/es\\\/?s={search_term_string}\"},\"query-input\":{\"@type\":\"PropertyValueSpecification\",\"valueRequired\":true,\"valueName\":\"search_term_string\"}}],\"inLanguage\":\"de\"},{\"@type\":\"Organization\",\"@id\":\"https:\\\/\\\/balufy.com\\\/es\\\/#organization\",\"name\":\"Balufy\",\"url\":\"https:\\\/\\\/balufy.com\\\/es\\\/\",\"logo\":{\"@type\":\"ImageObject\",\"inLanguage\":\"de\",\"@id\":\"https:\\\/\\\/balufy.com\\\/es\\\/#\\\/schema\\\/logo\\\/image\\\/\",\"url\":\"https:\\\/\\\/balufy.com\\\/wp-content\\\/uploads\\\/2022\\\/06\\\/LOGO_PNG.png\",\"contentUrl\":\"https:\\\/\\\/balufy.com\\\/wp-content\\\/uploads\\\/2022\\\/06\\\/LOGO_PNG.png\",\"width\":1366,\"height\":768,\"caption\":\"Balufy\"},\"image\":{\"@id\":\"https:\\\/\\\/balufy.com\\\/es\\\/#\\\/schema\\\/logo\\\/image\\\/\"},\"sameAs\":[\"https:\\\/\\\/www.facebook.com\\\/Balufy-102705001596047\",\"https:\\\/\\\/www.instagram.com\\\/balufy_oficial\\\/\"]}]}<\/script>\n<!-- \/ Yoast SEO plugin. -->","yoast_head_json":{"title":"TRIMARCHI 85 DYLET - Balufy - Der Geschmack der Erfahrung","robots":{"index":"index","follow":"follow","max-snippet":"max-snippet:-1","max-image-preview":"max-image-preview:large","max-video-preview":"max-video-preview:-1"},"canonical":"https:\/\/balufy.com\/de\/produkt\/trimarchi-85-dylet-2\/","og_locale":"de_DE","og_type":"article","og_title":"TRIMARCHI 85 DYLET - Balufy - The taste of Experience","og_description":"CARACTERISTICAS: 8,5m eslora 9 plazas 350 CV PRECIO: ABRIL &#8211; OCTUBRE : 4H: 400 \u20ac 8H: 640\u20ac MAYO &#8211; SEPTIEMBRE: 4H: 500\u20ac 8H: 740\u20ac JUNIO:\u00a0 4H: 550\u20ac 8H: 750\u20ac JULIO &#8211; AGOSTO 4H: 550\u20ac 8H: 800\u20ac *No incluye combustible* Dispone de molinete el\u00e9ctrico, camarote amplio, WC el\u00e9ctrico, ducha, equipo m\u00fasica, amplio toldo, nevera, amplio sol\u00e1rium [&hellip;]","og_url":"https:\/\/balufy.com\/de\/produkt\/trimarchi-85-dylet-2\/","og_site_name":"Balufy - The taste of Experience","article_publisher":"https:\/\/www.facebook.com\/Balufy-102705001596047","article_modified_time":"2025-04-07T04:10:36+00:00","twitter_card":"summary_large_image","twitter_misc":{"Gesch\u00e4tzte Lesezeit":"1\u00a0Minute"},"schema":{"@context":"https:\/\/schema.org","@graph":[{"@type":"WebPage","@id":"https:\/\/balufy.com\/producto\/trimarchi-85-dylet-2\/","url":"https:\/\/balufy.com\/producto\/trimarchi-85-dylet-2\/","name":"TRIMARCHI 85 DYLET - Balufy - Der Geschmack der Erfahrung","isPartOf":{"@id":"https:\/\/balufy.com\/es\/#website"},"datePublished":"2024-05-20T18:06:56+00:00","dateModified":"2025-04-07T04:10:36+00:00","breadcrumb":{"@id":"https:\/\/balufy.com\/producto\/trimarchi-85-dylet-2\/#breadcrumb"},"inLanguage":"de","potentialAction":[{"@type":"ReadAction","target":["https:\/\/balufy.com\/producto\/trimarchi-85-dylet-2\/"]}]},{"@type":"BreadcrumbList","@id":"https:\/\/balufy.com\/producto\/trimarchi-85-dylet-2\/#breadcrumb","itemListElement":[{"@type":"ListItem","position":1,"name":"Portada","item":"https:\/\/balufy.com\/"},{"@type":"ListItem","position":2,"name":"Shop","item":"https:\/\/balufy.com\/es\/shop\/"},{"@type":"ListItem","position":3,"name":"TRIMARCHI 85 DYLET"}]},{"@type":"WebSite","@id":"https:\/\/balufy.com\/es\/#website","url":"https:\/\/balufy.com\/es\/","name":"Balufy - Geschmack der Erfahrung","description":"Balufy","publisher":{"@id":"https:\/\/balufy.com\/es\/#organization"},"potentialAction":[{"@type":"SearchAction","target":{"@type":"EntryPoint","urlTemplate":"https:\/\/balufy.com\/es\/?s={search_term_string}"},"query-input":{"@type":"PropertyValueSpecification","valueRequired":true,"valueName":"search_term_string"}}],"inLanguage":"de"},{"@type":"Organization","@id":"https:\/\/balufy.com\/es\/#organization","name":"Balufy","url":"https:\/\/balufy.com\/es\/","logo":{"@type":"ImageObject","inLanguage":"de","@id":"https:\/\/balufy.com\/es\/#\/schema\/logo\/image\/","url":"https:\/\/balufy.com\/wp-content\/uploads\/2022\/06\/LOGO_PNG.png","contentUrl":"https:\/\/balufy.com\/wp-content\/uploads\/2022\/06\/LOGO_PNG.png","width":1366,"height":768,"caption":"Balufy"},"image":{"@id":"https:\/\/balufy.com\/es\/#\/schema\/logo\/image\/"},"sameAs":["https:\/\/www.facebook.com\/Balufy-102705001596047","https:\/\/www.instagram.com\/balufy_oficial\/"]}]}},"_links":{"self":[{"href":"https:\/\/balufy.com\/de\/wp-json\/wp\/v2\/product\/3389","targetHints":{"allow":["GET"]}}],"collection":[{"href":"https:\/\/balufy.com\/de\/wp-json\/wp\/v2\/product"}],"about":[{"href":"https:\/\/balufy.com\/de\/wp-json\/wp\/v2\/types\/product"}],"version-history":[{"count":0,"href":"https:\/\/balufy.com\/de\/wp-json\/wp\/v2\/product\/3389\/revisions"}],"wp:attachment":[{"href":"https:\/\/balufy.com\/de\/wp-json\/wp\/v2\/media?parent=3389"}],"wp:term":[{"taxonomy":"product_brand","embeddable":true,"href":"https:\/\/balufy.com\/de\/wp-json\/wp\/v2\/product_brand?post=3389"},{"taxonomy":"product_cat","embeddable":true,"href":"https:\/\/balufy.com\/de\/wp-json\/wp\/v2\/product_cat?post=3389"},{"taxonomy":"product_tag","embeddable":true,"href":"https:\/\/balufy.com\/de\/wp-json\/wp\/v2\/product_tag?post=3389"}],"curies":[{"name":"wp","href":"https:\/\/api.w.org\/{rel}","templated":true}]}}