{"id":3803,"date":"2024-07-09T03:14:43","date_gmt":"2024-07-09T01:14:43","guid":{"rendered":"https:\/\/balufy.com\/product\/villa-mimosa\/"},"modified":"2025-04-07T05:51:12","modified_gmt":"2025-04-07T03:51:12","slug":"villa-mimose","status":"publish","type":"product","link":"https:\/\/balufy.com\/de\/produkt\/villa-mimose\/","title":{"rendered":"Villa Mimosa"},"content":{"rendered":"<p>Sie suchen Ihren perfekten Urlaub? Villa Mimosa k\u00f6nnte genau das sein, wonach Sie suchen.<\/p>\n<p>Diese luxuri\u00f6se Villa bietet nicht nur einen atemberaubenden Blick auf den Hafen und den atemberaubenden Puerto de Andratx, sondern Sie k\u00f6nnen auch den mediterranen Lebensstil direkt vom spektakul\u00e4ren Swimmingpool aus genie\u00dfen.<\/p>\n<p>Die Villa Mimosa verf\u00fcgt \u00fcber insgesamt 6 Schlafzimmer, alle mit eigenem Bad. Es hat auch eine sch\u00f6ne moderne K\u00fcche mit allem, was Sie brauchen, um Ihre Lieblingsgerichte zuzubereiten.<\/p>\n<p>Rund um dieses wunderbare Anwesen finden Sie gro\u00dfe Sonnenterrassen und Gartenbereiche, auf denen Sie von morgens bis abends die mallorquinische Sonne genie\u00dfen k\u00f6nnen. Villa Mimosa bietet Ihnen die besten Sonnenunterg\u00e4nge auf der Insel.<\/p>\n<p>Die Villa bietet auch Zugang zu einigen sensationellen Extras wie einer Sauna, einem Fitnessraum und einem Jacuzzi - es ist definitiv f\u00fcr jeden etwas dabei!<\/p>\n<p>&nbsp;<\/p>\n<p><strong>Bitte beachten:<\/strong><br \/>\n- F\u00fcr jede Buchung wird eine Buchungsgeb\u00fchr von 150 EUR erhoben.<br \/>\n- Die balearische \u00d6kosteuer in H\u00f6he von 2,20 EUR pro Nacht und pro Person ist bei der Buchung zu entrichten.<br \/>\n- Eine r\u00fcckzahlbare Kaution, deren H\u00f6he sich nach dem Objekt richtet, wird ebenfalls bei der Buchung verlangt.<br \/>\n- Kostenloses WIFI verf\u00fcgbar<\/p>\n<p><strong>Verteilung der Schlafzimmer<\/strong><\/p>\n<p>Schlafzimmer 1: 1 Kingsize-Bett<\/p>\n<p>Schlafzimmer 2: 1 Kingsize-Bett<\/p>\n<p>Schlafzimmer 3: 1 Kingsize-Bett<\/p>\n<p>Schlafzimmer 4: 1 Kingsize-Bett<\/p>\n<p>Schlafzimmer 5: 1 Kingsize-Bett<\/p>\n<p>Schlafzimmer 6: 1 Kingsize-Bett<\/p>\n<p>Obligatorische oder eingeschlossene Dienstleistungen<br \/>\nInternetzugang: Inbegriffen<br \/>\nBuchungsgeb\u00fchr: 150,00 \u20ac\/Reservierung<br \/>\nEndreinigung: Inbegriffen<br \/>\nBettw\u00e4sche: Inklusive<br \/>\nHandt\u00fccher: Inklusive<\/p>\n<p><strong>Fakultative Dienste<\/strong><br \/>\nBeheiztes Schwimmbad: 71,43 \u20ac \/Nacht<\/p>\n<p><strong>Geb\u00fchren<\/strong><br \/>\nKurtaxe: im Gesamtpreis inbegriffen<\/p>\n<p><strong>Organisieren Sie Ihren Zeitplan<\/strong><br \/>\nCheck-in Zeiten:Jeden Tag von 16:00 bis 0:00<\/p>\n<p>Abfahrtszeit:Vor 10:00 Uhr morgens.<\/p>\n<p><strong>Kaution<\/strong> (erstattungsf\u00e4hig)<br \/>\nBetrag: 10.000,00 \u20ac\/Buchung. Zahlungsweise: Einbehaltung auf Karte bei der letzten Zahlung.<br \/>\n<strong>\u00a0Bemerkungen<\/strong><\/p>\n<p>- Haustiere sind nicht erlaubt<\/p>","protected":false},"excerpt":{"rendered":"<p>\u00bfEst\u00e1 buscando sus vacaciones perfectas? Villa Mimosa podr\u00eda ser justo lo que estaba buscando. Esta lujosa villa no s\u00f3lo ofrece unas vistas impresionantes sobre el puerto y el asombroso Puerto de Andratx, sino que tambi\u00e9n podr\u00e1 disfrutar del estilo de vida mediterr\u00e1neo directamente desde la espectacular Piscina. Villa Mimosa tiene un total de 6 dormitorios, [&hellip;]<\/p>","protected":false},"featured_media":0,"template":"","meta":[],"product_brand":[],"product_cat":[20],"product_tag":[],"class_list":{"0":"post-3803","1":"product","2":"type-product","3":"status-publish","5":"product_cat-listeo-booking","7":"first","8":"instock","9":"virtual","10":"sold-individually","11":"purchasable","12":"product-type-listing_booking"},"yoast_head":"<!-- This site is optimized with the Yoast SEO plugin v27.3 - https:\/\/yoast.com\/product\/yoast-seo-wordpress\/ -->\n<title>Villa Mimosa - Balufy - The taste of Experience<\/title>\n<meta name=\"robots\" content=\"index, follow, max-snippet:-1, max-image-preview:large, max-video-preview:-1\" \/>\n<link rel=\"canonical\" href=\"https:\/\/balufy.com\/de\/produkt\/villa-mimose\/\" \/>\n<meta property=\"og:locale\" content=\"de_DE\" \/>\n<meta property=\"og:type\" content=\"article\" \/>\n<meta property=\"og:title\" content=\"Villa Mimosa - Balufy - The taste of Experience\" \/>\n<meta property=\"og:description\" content=\"\u00bfEst\u00e1 buscando sus vacaciones perfectas? Villa Mimosa podr\u00eda ser justo lo que estaba buscando. Esta lujosa villa no s\u00f3lo ofrece unas vistas impresionantes sobre el puerto y el asombroso Puerto de Andratx, sino que tambi\u00e9n podr\u00e1 disfrutar del estilo de vida mediterr\u00e1neo directamente desde la espectacular Piscina. Villa Mimosa tiene un total de 6 dormitorios, [&hellip;]\" \/>\n<meta property=\"og:url\" content=\"https:\/\/balufy.com\/de\/produkt\/villa-mimose\/\" \/>\n<meta property=\"og:site_name\" content=\"Balufy - The taste of Experience\" \/>\n<meta property=\"article:publisher\" content=\"https:\/\/www.facebook.com\/Balufy-102705001596047\" \/>\n<meta property=\"article:modified_time\" content=\"2025-04-07T03:51:12+00:00\" \/>\n<meta name=\"twitter:card\" content=\"summary_large_image\" \/>\n<meta name=\"twitter:label1\" content=\"Gesch\u00e4tzte Lesezeit\" \/>\n\t<meta name=\"twitter:data1\" content=\"2\u00a0Minuten\" \/>\n<script type=\"application\/ld+json\" class=\"yoast-schema-graph\">{\"@context\":\"https:\\\/\\\/schema.org\",\"@graph\":[{\"@type\":\"WebPage\",\"@id\":\"https:\\\/\\\/balufy.com\\\/producto\\\/villa-mimosa\\\/\",\"url\":\"https:\\\/\\\/balufy.com\\\/producto\\\/villa-mimosa\\\/\",\"name\":\"Villa Mimosa - Balufy - The taste of Experience\",\"isPartOf\":{\"@id\":\"https:\\\/\\\/balufy.com\\\/es\\\/#website\"},\"datePublished\":\"2024-07-09T01:14:43+00:00\",\"dateModified\":\"2025-04-07T03:51:12+00:00\",\"breadcrumb\":{\"@id\":\"https:\\\/\\\/balufy.com\\\/producto\\\/villa-mimosa\\\/#breadcrumb\"},\"inLanguage\":\"de\",\"potentialAction\":[{\"@type\":\"ReadAction\",\"target\":[\"https:\\\/\\\/balufy.com\\\/producto\\\/villa-mimosa\\\/\"]}]},{\"@type\":\"BreadcrumbList\",\"@id\":\"https:\\\/\\\/balufy.com\\\/producto\\\/villa-mimosa\\\/#breadcrumb\",\"itemListElement\":[{\"@type\":\"ListItem\",\"position\":1,\"name\":\"Portada\",\"item\":\"https:\\\/\\\/balufy.com\\\/\"},{\"@type\":\"ListItem\",\"position\":2,\"name\":\"Shop\",\"item\":\"https:\\\/\\\/balufy.com\\\/es\\\/shop\\\/\"},{\"@type\":\"ListItem\",\"position\":3,\"name\":\"Villa Mimosa\"}]},{\"@type\":\"WebSite\",\"@id\":\"https:\\\/\\\/balufy.com\\\/es\\\/#website\",\"url\":\"https:\\\/\\\/balufy.com\\\/es\\\/\",\"name\":\"Balufy - Taste of experience\",\"description\":\"Balufy\",\"publisher\":{\"@id\":\"https:\\\/\\\/balufy.com\\\/es\\\/#organization\"},\"potentialAction\":[{\"@type\":\"SearchAction\",\"target\":{\"@type\":\"EntryPoint\",\"urlTemplate\":\"https:\\\/\\\/balufy.com\\\/es\\\/?s={search_term_string}\"},\"query-input\":{\"@type\":\"PropertyValueSpecification\",\"valueRequired\":true,\"valueName\":\"search_term_string\"}}],\"inLanguage\":\"de\"},{\"@type\":\"Organization\",\"@id\":\"https:\\\/\\\/balufy.com\\\/es\\\/#organization\",\"name\":\"Balufy\",\"url\":\"https:\\\/\\\/balufy.com\\\/es\\\/\",\"logo\":{\"@type\":\"ImageObject\",\"inLanguage\":\"de\",\"@id\":\"https:\\\/\\\/balufy.com\\\/es\\\/#\\\/schema\\\/logo\\\/image\\\/\",\"url\":\"https:\\\/\\\/balufy.com\\\/wp-content\\\/uploads\\\/2022\\\/06\\\/LOGO_PNG.png\",\"contentUrl\":\"https:\\\/\\\/balufy.com\\\/wp-content\\\/uploads\\\/2022\\\/06\\\/LOGO_PNG.png\",\"width\":1366,\"height\":768,\"caption\":\"Balufy\"},\"image\":{\"@id\":\"https:\\\/\\\/balufy.com\\\/es\\\/#\\\/schema\\\/logo\\\/image\\\/\"},\"sameAs\":[\"https:\\\/\\\/www.facebook.com\\\/Balufy-102705001596047\",\"https:\\\/\\\/www.instagram.com\\\/balufy_oficial\\\/\"]}]}<\/script>\n<!-- \/ Yoast SEO plugin. -->","yoast_head_json":{"title":"Villa Mimosa - Balufy - Der Geschmack der Erfahrung","robots":{"index":"index","follow":"follow","max-snippet":"max-snippet:-1","max-image-preview":"max-image-preview:large","max-video-preview":"max-video-preview:-1"},"canonical":"https:\/\/balufy.com\/de\/produkt\/villa-mimose\/","og_locale":"de_DE","og_type":"article","og_title":"Villa Mimosa - Balufy - The taste of Experience","og_description":"\u00bfEst\u00e1 buscando sus vacaciones perfectas? Villa Mimosa podr\u00eda ser justo lo que estaba buscando. Esta lujosa villa no s\u00f3lo ofrece unas vistas impresionantes sobre el puerto y el asombroso Puerto de Andratx, sino que tambi\u00e9n podr\u00e1 disfrutar del estilo de vida mediterr\u00e1neo directamente desde la espectacular Piscina. Villa Mimosa tiene un total de 6 dormitorios, [&hellip;]","og_url":"https:\/\/balufy.com\/de\/produkt\/villa-mimose\/","og_site_name":"Balufy - The taste of Experience","article_publisher":"https:\/\/www.facebook.com\/Balufy-102705001596047","article_modified_time":"2025-04-07T03:51:12+00:00","twitter_card":"summary_large_image","twitter_misc":{"Gesch\u00e4tzte Lesezeit":"2\u00a0Minuten"},"schema":{"@context":"https:\/\/schema.org","@graph":[{"@type":"WebPage","@id":"https:\/\/balufy.com\/producto\/villa-mimosa\/","url":"https:\/\/balufy.com\/producto\/villa-mimosa\/","name":"Villa Mimosa - Balufy - Der Geschmack der Erfahrung","isPartOf":{"@id":"https:\/\/balufy.com\/es\/#website"},"datePublished":"2024-07-09T01:14:43+00:00","dateModified":"2025-04-07T03:51:12+00:00","breadcrumb":{"@id":"https:\/\/balufy.com\/producto\/villa-mimosa\/#breadcrumb"},"inLanguage":"de","potentialAction":[{"@type":"ReadAction","target":["https:\/\/balufy.com\/producto\/villa-mimosa\/"]}]},{"@type":"BreadcrumbList","@id":"https:\/\/balufy.com\/producto\/villa-mimosa\/#breadcrumb","itemListElement":[{"@type":"ListItem","position":1,"name":"Portada","item":"https:\/\/balufy.com\/"},{"@type":"ListItem","position":2,"name":"Shop","item":"https:\/\/balufy.com\/es\/shop\/"},{"@type":"ListItem","position":3,"name":"Villa Mimosa"}]},{"@type":"WebSite","@id":"https:\/\/balufy.com\/es\/#website","url":"https:\/\/balufy.com\/es\/","name":"Balufy - Geschmack der Erfahrung","description":"Balufy","publisher":{"@id":"https:\/\/balufy.com\/es\/#organization"},"potentialAction":[{"@type":"SearchAction","target":{"@type":"EntryPoint","urlTemplate":"https:\/\/balufy.com\/es\/?s={search_term_string}"},"query-input":{"@type":"PropertyValueSpecification","valueRequired":true,"valueName":"search_term_string"}}],"inLanguage":"de"},{"@type":"Organization","@id":"https:\/\/balufy.com\/es\/#organization","name":"Balufy","url":"https:\/\/balufy.com\/es\/","logo":{"@type":"ImageObject","inLanguage":"de","@id":"https:\/\/balufy.com\/es\/#\/schema\/logo\/image\/","url":"https:\/\/balufy.com\/wp-content\/uploads\/2022\/06\/LOGO_PNG.png","contentUrl":"https:\/\/balufy.com\/wp-content\/uploads\/2022\/06\/LOGO_PNG.png","width":1366,"height":768,"caption":"Balufy"},"image":{"@id":"https:\/\/balufy.com\/es\/#\/schema\/logo\/image\/"},"sameAs":["https:\/\/www.facebook.com\/Balufy-102705001596047","https:\/\/www.instagram.com\/balufy_oficial\/"]}]}},"_links":{"self":[{"href":"https:\/\/balufy.com\/de\/wp-json\/wp\/v2\/product\/3803","targetHints":{"allow":["GET"]}}],"collection":[{"href":"https:\/\/balufy.com\/de\/wp-json\/wp\/v2\/product"}],"about":[{"href":"https:\/\/balufy.com\/de\/wp-json\/wp\/v2\/types\/product"}],"version-history":[{"count":0,"href":"https:\/\/balufy.com\/de\/wp-json\/wp\/v2\/product\/3803\/revisions"}],"wp:attachment":[{"href":"https:\/\/balufy.com\/de\/wp-json\/wp\/v2\/media?parent=3803"}],"wp:term":[{"taxonomy":"product_brand","embeddable":true,"href":"https:\/\/balufy.com\/de\/wp-json\/wp\/v2\/product_brand?post=3803"},{"taxonomy":"product_cat","embeddable":true,"href":"https:\/\/balufy.com\/de\/wp-json\/wp\/v2\/product_cat?post=3803"},{"taxonomy":"product_tag","embeddable":true,"href":"https:\/\/balufy.com\/de\/wp-json\/wp\/v2\/product_tag?post=3803"}],"curies":[{"name":"wp","href":"https:\/\/api.w.org\/{rel}","templated":true}]}}