{"id":621,"date":"2021-08-05T16:49:40","date_gmt":"2021-08-05T14:49:40","guid":{"rendered":"https:\/\/alquileres.pulsoweb.es\/product\/mhares-sea-club\/"},"modified":"2025-04-02T17:32:14","modified_gmt":"2025-04-02T15:32:14","slug":"mhares-sea-club","status":"publish","type":"product","link":"https:\/\/balufy.com\/de\/produkt\/mhares-sea-club\/","title":{"rendered":"MHARES SEA CLUB"},"content":{"rendered":"<p>MHARES SEA CLUB<br \/>\nAls Oase von Mallorquinern f\u00fcr Mallorca-Liebhaber bieten wir den Sea Club mit dem spektakul\u00e4rsten Swimmingpool der Insel, das Restaurant Tamarell, ein ausgezeichnetes gastronomisches Erlebnis aus der Region, und Bauxa, unseren unschlagbaren Chillout-Bereich an den Klippen mit einem unschlagbaren Sonnenuntergang.<\/p>\n<p>SEA CLUB<br \/>\nStellen Sie sich einen Ort vor, an dem der Himmel und das Meer zusammenflie\u00dfen. Ein warmer Ort unter der Sonne, gek\u00fchlt durch die mediterrane Brise. Ein Ort mit endlosem Meerblick und spektakul\u00e4ren Sonnenunterg\u00e4ngen. Stellen Sie sich unseren Sea Club vor.<br \/>\n(\u00dcber 15 Jahre alt)<\/p>\n<p>RESTAURANT TAMARELL<br \/>\nIm Tamarell treffen moderne mallorquinische K\u00fcche und spektakul\u00e4re Ausblicke auf das Mittelmeer aufeinander. Wir haben das umfassendste und aufregendste gastronomische Erlebnis auf Mallorca geschaffen, einen Ort, an dem man innovative K\u00fcche mit lokalen Produkten genie\u00dfen kann, begleitet von einem herrlichen Ambiente und den spektakul\u00e4rsten Aussichten der Insel.<\/p>\n<p>BAUXA<br \/>\nEntspannen Sie sich mit Freunden in idyllischer Umgebung. Der perfekte Cocktail, Musik, Atmosph\u00e4re und der spektakul\u00e4rste Sonnenuntergang der Insel erwarten Sie im Bauxa.<\/p>\n<p>&nbsp;<\/p>","protected":false},"excerpt":{"rendered":"<p>MHARES SEA CLUB Un oasis creado por Mallorquines para los que aman Mallorca, ofrecemos el Sea Club con la piscina junto al mar m\u00e1s espectacular de la isla, el restaurante Tamarell, una excelente experiencia gastron\u00f3mica de origen local, y Bauxa, nuestra inmejorable zona Chillout junto al acantilado y una puesta de sol inmejorable. SEA CLUB [&hellip;]<\/p>","protected":false},"featured_media":0,"template":"","meta":[],"product_brand":[],"product_cat":[20],"product_tag":[],"class_list":{"0":"post-621","1":"product","2":"type-product","3":"status-publish","5":"product_cat-listeo-booking","7":"first","8":"instock","9":"virtual","10":"sold-individually","11":"purchasable","12":"product-type-listing_booking"},"yoast_head":"<!-- This site is optimized with the Yoast SEO plugin v27.3 - https:\/\/yoast.com\/product\/yoast-seo-wordpress\/ -->\n<title>MHARES SEA CLUB - Balufy - The taste of Experience<\/title>\n<meta name=\"robots\" content=\"index, follow, max-snippet:-1, max-image-preview:large, max-video-preview:-1\" \/>\n<link rel=\"canonical\" href=\"https:\/\/balufy.com\/de\/produkt\/mhares-sea-club\/\" \/>\n<meta property=\"og:locale\" content=\"de_DE\" \/>\n<meta property=\"og:type\" content=\"article\" \/>\n<meta property=\"og:title\" content=\"MHARES SEA CLUB - Balufy - The taste of Experience\" \/>\n<meta property=\"og:description\" content=\"MHARES SEA CLUB Un oasis creado por Mallorquines para los que aman Mallorca, ofrecemos el Sea Club con la piscina junto al mar m\u00e1s espectacular de la isla, el restaurante Tamarell, una excelente experiencia gastron\u00f3mica de origen local, y Bauxa, nuestra inmejorable zona Chillout junto al acantilado y una puesta de sol inmejorable. SEA CLUB [&hellip;]\" \/>\n<meta property=\"og:url\" content=\"https:\/\/balufy.com\/de\/produkt\/mhares-sea-club\/\" \/>\n<meta property=\"og:site_name\" content=\"Balufy - The taste of Experience\" \/>\n<meta property=\"article:publisher\" content=\"https:\/\/www.facebook.com\/Balufy-102705001596047\" \/>\n<meta property=\"article:modified_time\" content=\"2025-04-02T15:32:14+00:00\" \/>\n<meta name=\"twitter:card\" content=\"summary_large_image\" \/>\n<meta name=\"twitter:label1\" content=\"Gesch\u00e4tzte Lesezeit\" \/>\n\t<meta name=\"twitter:data1\" content=\"1\u00a0Minute\" \/>\n<script type=\"application\/ld+json\" class=\"yoast-schema-graph\">{\"@context\":\"https:\\\/\\\/schema.org\",\"@graph\":[{\"@type\":\"WebPage\",\"@id\":\"https:\\\/\\\/balufy.com\\\/es\\\/producto\\\/mhares-sea-club\\\/\",\"url\":\"https:\\\/\\\/balufy.com\\\/es\\\/producto\\\/mhares-sea-club\\\/\",\"name\":\"MHARES SEA CLUB - Balufy - The taste of Experience\",\"isPartOf\":{\"@id\":\"https:\\\/\\\/balufy.com\\\/es\\\/#website\"},\"datePublished\":\"2021-08-05T14:49:40+00:00\",\"dateModified\":\"2025-04-02T15:32:14+00:00\",\"breadcrumb\":{\"@id\":\"https:\\\/\\\/balufy.com\\\/es\\\/producto\\\/mhares-sea-club\\\/#breadcrumb\"},\"inLanguage\":\"de\",\"potentialAction\":[{\"@type\":\"ReadAction\",\"target\":[\"https:\\\/\\\/balufy.com\\\/es\\\/producto\\\/mhares-sea-club\\\/\"]}]},{\"@type\":\"BreadcrumbList\",\"@id\":\"https:\\\/\\\/balufy.com\\\/es\\\/producto\\\/mhares-sea-club\\\/#breadcrumb\",\"itemListElement\":[{\"@type\":\"ListItem\",\"position\":1,\"name\":\"Portada\",\"item\":\"https:\\\/\\\/balufy.com\\\/\"},{\"@type\":\"ListItem\",\"position\":2,\"name\":\"Shop\",\"item\":\"https:\\\/\\\/balufy.com\\\/es\\\/shop\\\/\"},{\"@type\":\"ListItem\",\"position\":3,\"name\":\"MHARES SEA CLUB\"}]},{\"@type\":\"WebSite\",\"@id\":\"https:\\\/\\\/balufy.com\\\/es\\\/#website\",\"url\":\"https:\\\/\\\/balufy.com\\\/es\\\/\",\"name\":\"Balufy - Taste of experience\",\"description\":\"Balufy\",\"publisher\":{\"@id\":\"https:\\\/\\\/balufy.com\\\/es\\\/#organization\"},\"potentialAction\":[{\"@type\":\"SearchAction\",\"target\":{\"@type\":\"EntryPoint\",\"urlTemplate\":\"https:\\\/\\\/balufy.com\\\/es\\\/?s={search_term_string}\"},\"query-input\":{\"@type\":\"PropertyValueSpecification\",\"valueRequired\":true,\"valueName\":\"search_term_string\"}}],\"inLanguage\":\"de\"},{\"@type\":\"Organization\",\"@id\":\"https:\\\/\\\/balufy.com\\\/es\\\/#organization\",\"name\":\"Balufy\",\"url\":\"https:\\\/\\\/balufy.com\\\/es\\\/\",\"logo\":{\"@type\":\"ImageObject\",\"inLanguage\":\"de\",\"@id\":\"https:\\\/\\\/balufy.com\\\/es\\\/#\\\/schema\\\/logo\\\/image\\\/\",\"url\":\"https:\\\/\\\/balufy.com\\\/wp-content\\\/uploads\\\/2022\\\/06\\\/LOGO_PNG.png\",\"contentUrl\":\"https:\\\/\\\/balufy.com\\\/wp-content\\\/uploads\\\/2022\\\/06\\\/LOGO_PNG.png\",\"width\":1366,\"height\":768,\"caption\":\"Balufy\"},\"image\":{\"@id\":\"https:\\\/\\\/balufy.com\\\/es\\\/#\\\/schema\\\/logo\\\/image\\\/\"},\"sameAs\":[\"https:\\\/\\\/www.facebook.com\\\/Balufy-102705001596047\",\"https:\\\/\\\/www.instagram.com\\\/balufy_oficial\\\/\"]}]}<\/script>\n<!-- \/ Yoast SEO plugin. -->","yoast_head_json":{"title":"MHARES SEA CLUB - Balufy - Der Geschmack der Erfahrung","robots":{"index":"index","follow":"follow","max-snippet":"max-snippet:-1","max-image-preview":"max-image-preview:large","max-video-preview":"max-video-preview:-1"},"canonical":"https:\/\/balufy.com\/de\/produkt\/mhares-sea-club\/","og_locale":"de_DE","og_type":"article","og_title":"MHARES SEA CLUB - Balufy - The taste of Experience","og_description":"MHARES SEA CLUB Un oasis creado por Mallorquines para los que aman Mallorca, ofrecemos el Sea Club con la piscina junto al mar m\u00e1s espectacular de la isla, el restaurante Tamarell, una excelente experiencia gastron\u00f3mica de origen local, y Bauxa, nuestra inmejorable zona Chillout junto al acantilado y una puesta de sol inmejorable. SEA CLUB [&hellip;]","og_url":"https:\/\/balufy.com\/de\/produkt\/mhares-sea-club\/","og_site_name":"Balufy - The taste of Experience","article_publisher":"https:\/\/www.facebook.com\/Balufy-102705001596047","article_modified_time":"2025-04-02T15:32:14+00:00","twitter_card":"summary_large_image","twitter_misc":{"Gesch\u00e4tzte Lesezeit":"1\u00a0Minute"},"schema":{"@context":"https:\/\/schema.org","@graph":[{"@type":"WebPage","@id":"https:\/\/balufy.com\/es\/producto\/mhares-sea-club\/","url":"https:\/\/balufy.com\/es\/producto\/mhares-sea-club\/","name":"MHARES SEA CLUB - Balufy - Der Geschmack der Erfahrung","isPartOf":{"@id":"https:\/\/balufy.com\/es\/#website"},"datePublished":"2021-08-05T14:49:40+00:00","dateModified":"2025-04-02T15:32:14+00:00","breadcrumb":{"@id":"https:\/\/balufy.com\/es\/producto\/mhares-sea-club\/#breadcrumb"},"inLanguage":"de","potentialAction":[{"@type":"ReadAction","target":["https:\/\/balufy.com\/es\/producto\/mhares-sea-club\/"]}]},{"@type":"BreadcrumbList","@id":"https:\/\/balufy.com\/es\/producto\/mhares-sea-club\/#breadcrumb","itemListElement":[{"@type":"ListItem","position":1,"name":"Portada","item":"https:\/\/balufy.com\/"},{"@type":"ListItem","position":2,"name":"Shop","item":"https:\/\/balufy.com\/es\/shop\/"},{"@type":"ListItem","position":3,"name":"MHARES SEA CLUB"}]},{"@type":"WebSite","@id":"https:\/\/balufy.com\/es\/#website","url":"https:\/\/balufy.com\/es\/","name":"Balufy - Geschmack der Erfahrung","description":"Balufy","publisher":{"@id":"https:\/\/balufy.com\/es\/#organization"},"potentialAction":[{"@type":"SearchAction","target":{"@type":"EntryPoint","urlTemplate":"https:\/\/balufy.com\/es\/?s={search_term_string}"},"query-input":{"@type":"PropertyValueSpecification","valueRequired":true,"valueName":"search_term_string"}}],"inLanguage":"de"},{"@type":"Organization","@id":"https:\/\/balufy.com\/es\/#organization","name":"Balufy","url":"https:\/\/balufy.com\/es\/","logo":{"@type":"ImageObject","inLanguage":"de","@id":"https:\/\/balufy.com\/es\/#\/schema\/logo\/image\/","url":"https:\/\/balufy.com\/wp-content\/uploads\/2022\/06\/LOGO_PNG.png","contentUrl":"https:\/\/balufy.com\/wp-content\/uploads\/2022\/06\/LOGO_PNG.png","width":1366,"height":768,"caption":"Balufy"},"image":{"@id":"https:\/\/balufy.com\/es\/#\/schema\/logo\/image\/"},"sameAs":["https:\/\/www.facebook.com\/Balufy-102705001596047","https:\/\/www.instagram.com\/balufy_oficial\/"]}]}},"_links":{"self":[{"href":"https:\/\/balufy.com\/de\/wp-json\/wp\/v2\/product\/621","targetHints":{"allow":["GET"]}}],"collection":[{"href":"https:\/\/balufy.com\/de\/wp-json\/wp\/v2\/product"}],"about":[{"href":"https:\/\/balufy.com\/de\/wp-json\/wp\/v2\/types\/product"}],"version-history":[{"count":0,"href":"https:\/\/balufy.com\/de\/wp-json\/wp\/v2\/product\/621\/revisions"}],"wp:attachment":[{"href":"https:\/\/balufy.com\/de\/wp-json\/wp\/v2\/media?parent=621"}],"wp:term":[{"taxonomy":"product_brand","embeddable":true,"href":"https:\/\/balufy.com\/de\/wp-json\/wp\/v2\/product_brand?post=621"},{"taxonomy":"product_cat","embeddable":true,"href":"https:\/\/balufy.com\/de\/wp-json\/wp\/v2\/product_cat?post=621"},{"taxonomy":"product_tag","embeddable":true,"href":"https:\/\/balufy.com\/de\/wp-json\/wp\/v2\/product_tag?post=621"}],"curies":[{"name":"wp","href":"https:\/\/api.w.org\/{rel}","templated":true}]}}