{"id":746,"date":"2021-08-10T08:19:06","date_gmt":"2021-08-10T06:19:06","guid":{"rendered":"https:\/\/alquileres.pulsoweb.es\/product\/aicon-yacht\/"},"modified":"2025-04-07T04:04:02","modified_gmt":"2025-04-07T02:04:02","slug":"aicon-yacht","status":"publish","type":"product","link":"https:\/\/balufy.com\/de\/produkt\/aicon-yacht\/","title":{"rendered":"Aicon Yacht"},"content":{"rendered":"<p><strong>\u00dcber Aicon 72 SL - 2014<\/strong><br \/>\nManzanos II, eine Luxusyacht Modell Aicon 72 SL aus dem Jahr 2006, die Ende 2020 innen und au\u00dfen bis ins letzte Detail \u00fcberarbeitet wurde. Mit einer L\u00e4nge von 23 Metern bietet diese Yacht puren Komfort und Platz f\u00fcr 11 Personen, wenn sie nur segeln wollen und 6, wenn sie sich in ihren 3 Kabinen entspannen wollen.<\/p>\n<p>Mit einer umfangreichen Liste von Annehmlichkeiten und Spielzeug wie Paddleboard, Wasserski, Kajak und Schnorchel, ist Manzanos II ideal, um ein paar Wochen Urlaub an Bord mit Ihrer Familie zu verbringen und das Meer zu genie\u00dfen. Es verf\u00fcgt \u00fcber 3 B\u00e4der, ein sehr ger\u00e4umiges und helles Wohnzimmer mit Fernseher und Bluetooth-Sound-System, auf der Backbordseite auf dem unteren Deck, eine voll ausgestattete K\u00fcche. Drau\u00dfen finden Sie einen Tisch auf dem Achterdeck, um unglaubliche Mahlzeiten mit dem besten Blick auf das Meer und eine gro\u00dfe Chill-out zu genie\u00dfen, w\u00e4hrend Sie sich zum Sonnenbaden in der Mitte des Mittelmeers hinlegen.<\/p>\n<p>Die Yacht wird von 2 leistungsstarken 1.450-PS-Motoren angetrieben, die jeweils eine H\u00f6chstgeschwindigkeit von 33 Knoten und 26 Knoten in der Fahrt erreichen. Dar\u00fcber hinaus ist sie mit 2 Schiffsstabilisatoren (installiert im Jahr 2020) ausgestattet, die daf\u00fcr sorgen, dass die Yacht vor Anker nicht ins Schlingern ger\u00e4t, sowie mit einem Bombardier Spark Jetski, damit der Spa\u00df nicht zu kurz kommt.<\/p>\n<h3 class=\"h5 mt-3\"><strong>Einzelheiten<\/strong><\/h3>\n<div class=\"row\">\n<div class=\"col-12 mb-3\">Art der Vermietung :\u00a0<b>Gemustert<\/b>\u00a0<i class=\"fa fa-question-circle text-muted small font-weight-bold\" title=\"\" data-toggle=\"tooltip\" data-placement=\"top\" data-original-title=\"Un patr\u00f3n profesional ser\u00e1 el jefe abordo y te acompa\u00f1ar\u00e1 durante el alquiler.\"><\/i><\/div>\n<\/div>\n<div class=\"row\">\n<div class=\"col-12 mb-3\">Mietstunden :\u00a0<b>09h00 \/ 09h00<\/b><\/div>\n<\/div>\n<div class=\"row\">\n<div class=\"col-12 col-lg-6 mb-3\">Modell :\u00a0<b>Aicon - Aicon 72 SL<\/b><\/div>\n<div class=\"col-12 col-lg-6 mb-3\">Bewaffnung :\u00a0<b>K\u00fcstengew\u00e4sser<\/b><\/div>\n<div class=\"col-12 col-lg-6 mb-3\">Standort:\u00a0<b>Hafen<\/b><\/div>\n<div class=\"col-12 col-lg-6 mb-3\">L\u00e4nge (m) :\u00a0<b>23<\/b><\/div>\n<div class=\"col-12 col-lg-6 mb-3\">Breite (Meter) :\u00a0<b>5<\/b><\/div>\n<div class=\"col-12 col-lg-6 mb-3\">Tiefgang (Meter) :\u00a0<b>8<\/b><\/div>\n<div class=\"col-12 col-lg-6 mb-3\">Jahr der Errichtung :\u00a0<b>2014<\/b><\/div>\n<div class=\"col-12 col-lg-6 mb-3\">Zugelassene Kapazit\u00e4t :\u00a0<b>12<\/b><\/div>\n<div class=\"col-12 col-lg-6 mb-3\">Kaution :\u00a0<b><span class=\"text-nowrap\">1 500 \u20ac\u00a0<\/span><\/b><span class=\"text-muted\">(Wird live vom Eigent\u00fcmer verwaltet)<\/span><\/div>\n<div class=\"col-12 col-lg-6 mb-3\">Stornobedingungen:\u00a0<b>M\u00e4\u00dfig<\/b>\u00a0<i class=\"fa fa-question-circle text-muted small font-weight-bold\" title=\"\" data-toggle=\"tooltip\" data-placement=\"right\" data-original-title=\"M\u00e1s de 2 semanas antes del alquiler, se le reembolsar\u00e1 el 50% del importe del alquiler. Menos de 2 semanas antes del alquiler, no hay reembolso posible.\"><\/i><\/div>\n<div class=\"col-12 col-lg-6 mb-3\">Anzahl der Kabinen :\u00a0<b>3<\/b><\/div>\n<div class=\"col-12 col-lg-6 mb-3\">Schlafpl\u00e4tze :\u00a0<b>6<\/b><\/div>\n<div class=\"col-12 col-lg-6 mb-3\">Gesamtleistung :\u00a0<b>2900PS<\/b><\/div>\n<div class=\"col-12 col-lg-6 mb-3\">Motortyp :\u00a0<b>2 Mal<\/b><\/div>\n<div class=\"col-12 col-lg-6 mb-3\">Anzahl der Motoren :\u00a0<b>2<\/b><\/div>\n<div class=\"col-12 col-lg-6 mb-3\">Kraftstofftyp:\u00a0<b>Diesel<\/b><\/div>\n<div class=\"col-12 col-lg-6 mb-3\">Haustiere werden an Bord akzeptiert:\u00a0<b>Nein<\/b><\/div>\n<div class=\"col-12 col-lg-6 mb-3\">Benzin :\u00a0<b>Nicht enthalten<\/b><\/div>\n<\/div>\n<div class=\"row\">\n<div class=\"col-12\">\n<ul class=\"row list-unstyled m-0\">\n<li class=\"col-6 mb-3\">\n<h3 class=\"h6 font-weight-bold m-0\">Ganzt\u00e4gige Abfahrt<\/h3>\n<\/li>\n<\/ul>\n<\/div>\n<\/div>","protected":false},"excerpt":{"rendered":"<p>Acerca de Aicon 72 SL &#8211; 2014 Manzanos II, un yate de lujo modelo Aicon 72 SL de 2006 e interior y exterior reacondicionados a finales de 2020 hasta el \u00faltimo detalle. Con 23 metros de eslora, esta embarcaci\u00f3n ofrece puro confort y espacio para 11 personas si solo quieren navegar y 6 si quieren [&hellip;]<\/p>","protected":false},"featured_media":0,"template":"","meta":[],"product_brand":[],"product_cat":[20],"product_tag":[],"class_list":{"0":"post-746","1":"product","2":"type-product","3":"status-publish","5":"product_cat-listeo-booking","7":"first","8":"instock","9":"virtual","10":"sold-individually","11":"purchasable","12":"product-type-listing_booking"},"yoast_head":"<!-- This site is optimized with the Yoast SEO plugin v27.3 - https:\/\/yoast.com\/product\/yoast-seo-wordpress\/ -->\n<title>Aicon Yacht - Balufy - The taste of Experience<\/title>\n<meta name=\"robots\" content=\"index, follow, max-snippet:-1, max-image-preview:large, max-video-preview:-1\" \/>\n<link rel=\"canonical\" href=\"https:\/\/balufy.com\/de\/produkt\/aicon-yacht\/\" \/>\n<meta property=\"og:locale\" content=\"de_DE\" \/>\n<meta property=\"og:type\" content=\"article\" \/>\n<meta property=\"og:title\" content=\"Aicon Yacht - Balufy - The taste of Experience\" \/>\n<meta property=\"og:description\" content=\"Acerca de Aicon 72 SL &#8211; 2014 Manzanos II, un yate de lujo modelo Aicon 72 SL de 2006 e interior y exterior reacondicionados a finales de 2020 hasta el \u00faltimo detalle. Con 23 metros de eslora, esta embarcaci\u00f3n ofrece puro confort y espacio para 11 personas si solo quieren navegar y 6 si quieren [&hellip;]\" \/>\n<meta property=\"og:url\" content=\"https:\/\/balufy.com\/de\/produkt\/aicon-yacht\/\" \/>\n<meta property=\"og:site_name\" content=\"Balufy - The taste of Experience\" \/>\n<meta property=\"article:publisher\" content=\"https:\/\/www.facebook.com\/Balufy-102705001596047\" \/>\n<meta property=\"article:modified_time\" content=\"2025-04-07T02:04:02+00:00\" \/>\n<meta name=\"twitter:card\" content=\"summary_large_image\" \/>\n<meta name=\"twitter:label1\" content=\"Gesch\u00e4tzte Lesezeit\" \/>\n\t<meta name=\"twitter:data1\" content=\"2\u00a0Minuten\" \/>\n<script type=\"application\/ld+json\" class=\"yoast-schema-graph\">{\"@context\":\"https:\\\/\\\/schema.org\",\"@graph\":[{\"@type\":\"WebPage\",\"@id\":\"https:\\\/\\\/balufy.com\\\/producto\\\/aicon-yacht\\\/\",\"url\":\"https:\\\/\\\/balufy.com\\\/producto\\\/aicon-yacht\\\/\",\"name\":\"Aicon Yacht - Balufy - The taste of Experience\",\"isPartOf\":{\"@id\":\"https:\\\/\\\/balufy.com\\\/es\\\/#website\"},\"datePublished\":\"2021-08-10T06:19:06+00:00\",\"dateModified\":\"2025-04-07T02:04:02+00:00\",\"breadcrumb\":{\"@id\":\"https:\\\/\\\/balufy.com\\\/producto\\\/aicon-yacht\\\/#breadcrumb\"},\"inLanguage\":\"de\",\"potentialAction\":[{\"@type\":\"ReadAction\",\"target\":[\"https:\\\/\\\/balufy.com\\\/producto\\\/aicon-yacht\\\/\"]}]},{\"@type\":\"BreadcrumbList\",\"@id\":\"https:\\\/\\\/balufy.com\\\/producto\\\/aicon-yacht\\\/#breadcrumb\",\"itemListElement\":[{\"@type\":\"ListItem\",\"position\":1,\"name\":\"Portada\",\"item\":\"https:\\\/\\\/balufy.com\\\/\"},{\"@type\":\"ListItem\",\"position\":2,\"name\":\"Shop\",\"item\":\"https:\\\/\\\/balufy.com\\\/es\\\/shop\\\/\"},{\"@type\":\"ListItem\",\"position\":3,\"name\":\"Aicon Yacht\"}]},{\"@type\":\"WebSite\",\"@id\":\"https:\\\/\\\/balufy.com\\\/es\\\/#website\",\"url\":\"https:\\\/\\\/balufy.com\\\/es\\\/\",\"name\":\"Balufy - Taste of experience\",\"description\":\"Balufy\",\"publisher\":{\"@id\":\"https:\\\/\\\/balufy.com\\\/es\\\/#organization\"},\"potentialAction\":[{\"@type\":\"SearchAction\",\"target\":{\"@type\":\"EntryPoint\",\"urlTemplate\":\"https:\\\/\\\/balufy.com\\\/es\\\/?s={search_term_string}\"},\"query-input\":{\"@type\":\"PropertyValueSpecification\",\"valueRequired\":true,\"valueName\":\"search_term_string\"}}],\"inLanguage\":\"de\"},{\"@type\":\"Organization\",\"@id\":\"https:\\\/\\\/balufy.com\\\/es\\\/#organization\",\"name\":\"Balufy\",\"url\":\"https:\\\/\\\/balufy.com\\\/es\\\/\",\"logo\":{\"@type\":\"ImageObject\",\"inLanguage\":\"de\",\"@id\":\"https:\\\/\\\/balufy.com\\\/es\\\/#\\\/schema\\\/logo\\\/image\\\/\",\"url\":\"https:\\\/\\\/balufy.com\\\/wp-content\\\/uploads\\\/2022\\\/06\\\/LOGO_PNG.png\",\"contentUrl\":\"https:\\\/\\\/balufy.com\\\/wp-content\\\/uploads\\\/2022\\\/06\\\/LOGO_PNG.png\",\"width\":1366,\"height\":768,\"caption\":\"Balufy\"},\"image\":{\"@id\":\"https:\\\/\\\/balufy.com\\\/es\\\/#\\\/schema\\\/logo\\\/image\\\/\"},\"sameAs\":[\"https:\\\/\\\/www.facebook.com\\\/Balufy-102705001596047\",\"https:\\\/\\\/www.instagram.com\\\/balufy_oficial\\\/\"]}]}<\/script>\n<!-- \/ Yoast SEO plugin. -->","yoast_head_json":{"title":"Aicon Yacht - Balufy - Der Geschmack der Erfahrung","robots":{"index":"index","follow":"follow","max-snippet":"max-snippet:-1","max-image-preview":"max-image-preview:large","max-video-preview":"max-video-preview:-1"},"canonical":"https:\/\/balufy.com\/de\/produkt\/aicon-yacht\/","og_locale":"de_DE","og_type":"article","og_title":"Aicon Yacht - Balufy - The taste of Experience","og_description":"Acerca de Aicon 72 SL &#8211; 2014 Manzanos II, un yate de lujo modelo Aicon 72 SL de 2006 e interior y exterior reacondicionados a finales de 2020 hasta el \u00faltimo detalle. Con 23 metros de eslora, esta embarcaci\u00f3n ofrece puro confort y espacio para 11 personas si solo quieren navegar y 6 si quieren [&hellip;]","og_url":"https:\/\/balufy.com\/de\/produkt\/aicon-yacht\/","og_site_name":"Balufy - The taste of Experience","article_publisher":"https:\/\/www.facebook.com\/Balufy-102705001596047","article_modified_time":"2025-04-07T02:04:02+00:00","twitter_card":"summary_large_image","twitter_misc":{"Gesch\u00e4tzte Lesezeit":"2\u00a0Minuten"},"schema":{"@context":"https:\/\/schema.org","@graph":[{"@type":"WebPage","@id":"https:\/\/balufy.com\/producto\/aicon-yacht\/","url":"https:\/\/balufy.com\/producto\/aicon-yacht\/","name":"Aicon Yacht - Balufy - Der Geschmack der Erfahrung","isPartOf":{"@id":"https:\/\/balufy.com\/es\/#website"},"datePublished":"2021-08-10T06:19:06+00:00","dateModified":"2025-04-07T02:04:02+00:00","breadcrumb":{"@id":"https:\/\/balufy.com\/producto\/aicon-yacht\/#breadcrumb"},"inLanguage":"de","potentialAction":[{"@type":"ReadAction","target":["https:\/\/balufy.com\/producto\/aicon-yacht\/"]}]},{"@type":"BreadcrumbList","@id":"https:\/\/balufy.com\/producto\/aicon-yacht\/#breadcrumb","itemListElement":[{"@type":"ListItem","position":1,"name":"Portada","item":"https:\/\/balufy.com\/"},{"@type":"ListItem","position":2,"name":"Shop","item":"https:\/\/balufy.com\/es\/shop\/"},{"@type":"ListItem","position":3,"name":"Aicon Yacht"}]},{"@type":"WebSite","@id":"https:\/\/balufy.com\/es\/#website","url":"https:\/\/balufy.com\/es\/","name":"Balufy - Geschmack der Erfahrung","description":"Balufy","publisher":{"@id":"https:\/\/balufy.com\/es\/#organization"},"potentialAction":[{"@type":"SearchAction","target":{"@type":"EntryPoint","urlTemplate":"https:\/\/balufy.com\/es\/?s={search_term_string}"},"query-input":{"@type":"PropertyValueSpecification","valueRequired":true,"valueName":"search_term_string"}}],"inLanguage":"de"},{"@type":"Organization","@id":"https:\/\/balufy.com\/es\/#organization","name":"Balufy","url":"https:\/\/balufy.com\/es\/","logo":{"@type":"ImageObject","inLanguage":"de","@id":"https:\/\/balufy.com\/es\/#\/schema\/logo\/image\/","url":"https:\/\/balufy.com\/wp-content\/uploads\/2022\/06\/LOGO_PNG.png","contentUrl":"https:\/\/balufy.com\/wp-content\/uploads\/2022\/06\/LOGO_PNG.png","width":1366,"height":768,"caption":"Balufy"},"image":{"@id":"https:\/\/balufy.com\/es\/#\/schema\/logo\/image\/"},"sameAs":["https:\/\/www.facebook.com\/Balufy-102705001596047","https:\/\/www.instagram.com\/balufy_oficial\/"]}]}},"_links":{"self":[{"href":"https:\/\/balufy.com\/de\/wp-json\/wp\/v2\/product\/746","targetHints":{"allow":["GET"]}}],"collection":[{"href":"https:\/\/balufy.com\/de\/wp-json\/wp\/v2\/product"}],"about":[{"href":"https:\/\/balufy.com\/de\/wp-json\/wp\/v2\/types\/product"}],"version-history":[{"count":0,"href":"https:\/\/balufy.com\/de\/wp-json\/wp\/v2\/product\/746\/revisions"}],"wp:attachment":[{"href":"https:\/\/balufy.com\/de\/wp-json\/wp\/v2\/media?parent=746"}],"wp:term":[{"taxonomy":"product_brand","embeddable":true,"href":"https:\/\/balufy.com\/de\/wp-json\/wp\/v2\/product_brand?post=746"},{"taxonomy":"product_cat","embeddable":true,"href":"https:\/\/balufy.com\/de\/wp-json\/wp\/v2\/product_cat?post=746"},{"taxonomy":"product_tag","embeddable":true,"href":"https:\/\/balufy.com\/de\/wp-json\/wp\/v2\/product_tag?post=746"}],"curies":[{"name":"wp","href":"https:\/\/api.w.org\/{rel}","templated":true}]}}