{"id":5017,"date":"2024-12-19T14:20:03","date_gmt":"2024-12-19T12:20:03","guid":{"rendered":"https:\/\/balufy.com\/?page_id=5017"},"modified":"2025-04-30T16:43:01","modified_gmt":"2025-04-30T14:43:01","slug":"being-a-responsible-host","status":"publish","type":"page","link":"https:\/\/balufy.com\/en\/being-a-responsible-host\/","title":{"rendered":"Being a responsible host"},"content":{"rendered":"<h3 style=\"text-align: center;\"><strong>PAGE UNDER MAINTENANCE<\/strong><\/h3>","protected":false},"excerpt":{"rendered":"<p>PAGE UNDER MAINTENANCE<\/p>","protected":false},"author":31,"featured_media":0,"parent":0,"menu_order":0,"comment_status":"closed","ping_status":"closed","template":"","meta":{"footnotes":""},"class_list":["post-5017","page","type-page","status-publish","hentry"],"yoast_head":"<!-- This site is optimized with the Yoast SEO plugin v27.3 - https:\/\/yoast.com\/product\/yoast-seo-wordpress\/ -->\n<title>S\u00e9 un Anfitri\u00f3n Responsable en Balufy | Gu\u00eda Exclusiva<\/title>\n<meta name=\"description\" content=\"Aprende las mejores pr\u00e1cticas para ser un anfitri\u00f3n responsable y garantizar el m\u00e1ximo confort y exclusividad para tus hu\u00e9spedes. Balufy\" \/>\n<meta name=\"robots\" content=\"index, follow, max-snippet:-1, max-image-preview:large, max-video-preview:-1\" \/>\n<link rel=\"canonical\" href=\"https:\/\/balufy.com\/en\/being-a-responsible-host\/\" \/>\n<meta property=\"og:locale\" content=\"en_GB\" \/>\n<meta property=\"og:type\" content=\"article\" \/>\n<meta property=\"og:title\" content=\"S\u00e9 un Anfitri\u00f3n Responsable en Balufy | Gu\u00eda Exclusiva\" \/>\n<meta property=\"og:description\" content=\"Aprende las mejores pr\u00e1cticas para ser un anfitri\u00f3n responsable y garantizar el m\u00e1ximo confort y exclusividad para tus hu\u00e9spedes. Balufy\" \/>\n<meta property=\"og:url\" content=\"https:\/\/balufy.com\/en\/being-a-responsible-host\/\" \/>\n<meta property=\"og:site_name\" content=\"Balufy - The taste of Experience\" \/>\n<meta property=\"article:publisher\" content=\"https:\/\/www.facebook.com\/Balufy-102705001596047\" \/>\n<meta property=\"article:modified_time\" content=\"2025-04-30T14:43:01+00:00\" \/>\n<meta name=\"twitter:card\" content=\"summary_large_image\" \/>\n<script type=\"application\/ld+json\" class=\"yoast-schema-graph\">{\"@context\":\"https:\\\/\\\/schema.org\",\"@graph\":[{\"@type\":\"WebPage\",\"@id\":\"https:\\\/\\\/balufy.com\\\/de\\\/ein-verantwortungsvoller-gastgeber-zu-sein\\\/\",\"url\":\"https:\\\/\\\/balufy.com\\\/de\\\/ein-verantwortungsvoller-gastgeber-zu-sein\\\/\",\"name\":\"S\u00e9 un Anfitri\u00f3n Responsable en Balufy | Gu\u00eda Exclusiva\",\"isPartOf\":{\"@id\":\"https:\\\/\\\/balufy.com\\\/es\\\/#website\"},\"datePublished\":\"2024-12-19T12:20:03+00:00\",\"dateModified\":\"2025-04-30T14:43:01+00:00\",\"description\":\"Aprende las mejores pr\u00e1cticas para ser un anfitri\u00f3n responsable y garantizar el m\u00e1ximo confort y exclusividad para tus hu\u00e9spedes. Balufy\",\"breadcrumb\":{\"@id\":\"https:\\\/\\\/balufy.com\\\/de\\\/ein-verantwortungsvoller-gastgeber-zu-sein\\\/#breadcrumb\"},\"inLanguage\":\"en-GB\",\"potentialAction\":[{\"@type\":\"ReadAction\",\"target\":[\"https:\\\/\\\/balufy.com\\\/de\\\/ein-verantwortungsvoller-gastgeber-zu-sein\\\/\"]}]},{\"@type\":\"BreadcrumbList\",\"@id\":\"https:\\\/\\\/balufy.com\\\/de\\\/ein-verantwortungsvoller-gastgeber-zu-sein\\\/#breadcrumb\",\"itemListElement\":[{\"@type\":\"ListItem\",\"position\":1,\"name\":\"Portada\",\"item\":\"https:\\\/\\\/balufy.com\\\/\"},{\"@type\":\"ListItem\",\"position\":2,\"name\":\"Ser un anfitrion responsable\"}]},{\"@type\":\"WebSite\",\"@id\":\"https:\\\/\\\/balufy.com\\\/es\\\/#website\",\"url\":\"https:\\\/\\\/balufy.com\\\/es\\\/\",\"name\":\"Balufy - Taste of experience\",\"description\":\"Balufy\",\"publisher\":{\"@id\":\"https:\\\/\\\/balufy.com\\\/es\\\/#organization\"},\"potentialAction\":[{\"@type\":\"SearchAction\",\"target\":{\"@type\":\"EntryPoint\",\"urlTemplate\":\"https:\\\/\\\/balufy.com\\\/es\\\/?s={search_term_string}\"},\"query-input\":{\"@type\":\"PropertyValueSpecification\",\"valueRequired\":true,\"valueName\":\"search_term_string\"}}],\"inLanguage\":\"en-GB\"},{\"@type\":\"Organization\",\"@id\":\"https:\\\/\\\/balufy.com\\\/es\\\/#organization\",\"name\":\"Balufy\",\"url\":\"https:\\\/\\\/balufy.com\\\/es\\\/\",\"logo\":{\"@type\":\"ImageObject\",\"inLanguage\":\"en-GB\",\"@id\":\"https:\\\/\\\/balufy.com\\\/es\\\/#\\\/schema\\\/logo\\\/image\\\/\",\"url\":\"https:\\\/\\\/balufy.com\\\/wp-content\\\/uploads\\\/2022\\\/06\\\/LOGO_PNG.png\",\"contentUrl\":\"https:\\\/\\\/balufy.com\\\/wp-content\\\/uploads\\\/2022\\\/06\\\/LOGO_PNG.png\",\"width\":1366,\"height\":768,\"caption\":\"Balufy\"},\"image\":{\"@id\":\"https:\\\/\\\/balufy.com\\\/es\\\/#\\\/schema\\\/logo\\\/image\\\/\"},\"sameAs\":[\"https:\\\/\\\/www.facebook.com\\\/Balufy-102705001596047\",\"https:\\\/\\\/www.instagram.com\\\/balufy_oficial\\\/\"]}]}<\/script>\n<!-- \/ Yoast SEO plugin. -->","yoast_head_json":{"title":"Be a Responsible Host in Balufy | Exclusive Guide","description":"Learn the best practices to be a responsible host and guarantee maximum comfort and exclusivity for your guests. Balufy","robots":{"index":"index","follow":"follow","max-snippet":"max-snippet:-1","max-image-preview":"max-image-preview:large","max-video-preview":"max-video-preview:-1"},"canonical":"https:\/\/balufy.com\/en\/being-a-responsible-host\/","og_locale":"en_GB","og_type":"article","og_title":"S\u00e9 un Anfitri\u00f3n Responsable en Balufy | Gu\u00eda Exclusiva","og_description":"Aprende las mejores pr\u00e1cticas para ser un anfitri\u00f3n responsable y garantizar el m\u00e1ximo confort y exclusividad para tus hu\u00e9spedes. Balufy","og_url":"https:\/\/balufy.com\/en\/being-a-responsible-host\/","og_site_name":"Balufy - The taste of Experience","article_publisher":"https:\/\/www.facebook.com\/Balufy-102705001596047","article_modified_time":"2025-04-30T14:43:01+00:00","twitter_card":"summary_large_image","schema":{"@context":"https:\/\/schema.org","@graph":[{"@type":"WebPage","@id":"https:\/\/balufy.com\/de\/ein-verantwortungsvoller-gastgeber-zu-sein\/","url":"https:\/\/balufy.com\/de\/ein-verantwortungsvoller-gastgeber-zu-sein\/","name":"Be a Responsible Host in Balufy | Exclusive Guide","isPartOf":{"@id":"https:\/\/balufy.com\/es\/#website"},"datePublished":"2024-12-19T12:20:03+00:00","dateModified":"2025-04-30T14:43:01+00:00","description":"Learn the best practices to be a responsible host and guarantee maximum comfort and exclusivity for your guests. Balufy","breadcrumb":{"@id":"https:\/\/balufy.com\/de\/ein-verantwortungsvoller-gastgeber-zu-sein\/#breadcrumb"},"inLanguage":"en-GB","potentialAction":[{"@type":"ReadAction","target":["https:\/\/balufy.com\/de\/ein-verantwortungsvoller-gastgeber-zu-sein\/"]}]},{"@type":"BreadcrumbList","@id":"https:\/\/balufy.com\/de\/ein-verantwortungsvoller-gastgeber-zu-sein\/#breadcrumb","itemListElement":[{"@type":"ListItem","position":1,"name":"Portada","item":"https:\/\/balufy.com\/"},{"@type":"ListItem","position":2,"name":"Ser un anfitrion responsable"}]},{"@type":"WebSite","@id":"https:\/\/balufy.com\/es\/#website","url":"https:\/\/balufy.com\/es\/","name":"Balufy - Taste of experience","description":"Balufy","publisher":{"@id":"https:\/\/balufy.com\/es\/#organization"},"potentialAction":[{"@type":"SearchAction","target":{"@type":"EntryPoint","urlTemplate":"https:\/\/balufy.com\/es\/?s={search_term_string}"},"query-input":{"@type":"PropertyValueSpecification","valueRequired":true,"valueName":"search_term_string"}}],"inLanguage":"en-GB"},{"@type":"Organization","@id":"https:\/\/balufy.com\/es\/#organization","name":"Balufy","url":"https:\/\/balufy.com\/es\/","logo":{"@type":"ImageObject","inLanguage":"en-GB","@id":"https:\/\/balufy.com\/es\/#\/schema\/logo\/image\/","url":"https:\/\/balufy.com\/wp-content\/uploads\/2022\/06\/LOGO_PNG.png","contentUrl":"https:\/\/balufy.com\/wp-content\/uploads\/2022\/06\/LOGO_PNG.png","width":1366,"height":768,"caption":"Balufy"},"image":{"@id":"https:\/\/balufy.com\/es\/#\/schema\/logo\/image\/"},"sameAs":["https:\/\/www.facebook.com\/Balufy-102705001596047","https:\/\/www.instagram.com\/balufy_oficial\/"]}]}},"_links":{"self":[{"href":"https:\/\/balufy.com\/en\/wp-json\/wp\/v2\/pages\/5017","targetHints":{"allow":["GET"]}}],"collection":[{"href":"https:\/\/balufy.com\/en\/wp-json\/wp\/v2\/pages"}],"about":[{"href":"https:\/\/balufy.com\/en\/wp-json\/wp\/v2\/types\/page"}],"author":[{"embeddable":true,"href":"https:\/\/balufy.com\/en\/wp-json\/wp\/v2\/users\/31"}],"replies":[{"embeddable":true,"href":"https:\/\/balufy.com\/en\/wp-json\/wp\/v2\/comments?post=5017"}],"version-history":[{"count":0,"href":"https:\/\/balufy.com\/en\/wp-json\/wp\/v2\/pages\/5017\/revisions"}],"wp:attachment":[{"href":"https:\/\/balufy.com\/en\/wp-json\/wp\/v2\/media?parent=5017"}],"curies":[{"name":"wp","href":"https:\/\/api.w.org\/{rel}","templated":true}]}}