{"id":5059,"date":"2024-12-19T17:02:26","date_gmt":"2024-12-19T15:02:26","guid":{"rendered":"https:\/\/balufy.com\/?page_id=5059"},"modified":"2025-05-01T15:03:06","modified_gmt":"2025-05-01T13:03:06","slug":"job-offer-accounting-manager","status":"publish","type":"page","link":"https:\/\/balufy.com\/en\/employment\/job-offer-accounting-manager\/","title":{"rendered":"Job offer: Accounting Manager"},"content":{"rendered":"<h3 data-sourcepos=\"1:1-1:130\"><span style=\"color: #455b70;\"><strong>Join our team as Accounting Manager!<\/strong><\/span><\/h3>\n<p data-sourcepos=\"5:1-5:142\">Are you passionate about numbers and looking for a challenge in the accounting field? Are you organised, meticulous and have a strong sense of responsibility?<\/p>\n<p data-sourcepos=\"7:1-7:244\">At Balufy.com, we are looking for an Accounting Manager to join our team. If you have experience in accounting management, solid knowledge of accounting software and love working in a dynamic environment, this is the opportunity for you!<\/p>\n<h3><span style=\"color: #455b70;\"><b>Job description:<\/b><\/span><\/h3>\n<p>We are looking for a <b>Accounting Manager<\/b> to supervise and manage the accounting operations of the company.<\/p>\n<h3><span style=\"color: #455b70;\"><b>Responsibilities:<\/b><\/span><\/h3>\n<ul>\n<li aria-level=\"1\">Recording of financial transactions and bank reconciliations.<\/li>\n<li aria-level=\"1\">Preparation of accounting and financial reports.<\/li>\n<li aria-level=\"1\">Oversight of tax compliance.<\/li>\n<li aria-level=\"1\">Support for budget planning.<\/li>\n<\/ul>\n<h3><span style=\"color: #455b70;\"><b>Requirements:<\/b><\/span><\/h3>\n<ul>\n<li aria-level=\"1\">Degree in Accounting, Finance or related field.<\/li>\n<li aria-level=\"1\">Knowledge of accounting software (QuickBooks, SAP, or similar).<\/li>\n<li aria-level=\"1\">Minimum 2 years' experience in a similar position.<\/li>\n<\/ul>","protected":false},"excerpt":{"rendered":"<p>\u00a1\u00danete a nuestro equipo como Gestor de Contabilidad! \u00bfTe apasionan los n\u00fameros y buscas un desaf\u00edo en el \u00e1mbito contable? \u00bfEres organizado, meticuloso y con un gran sentido de la responsabilidad? En Balufy.com, estamos buscando un Gestor de Contabilidad para unirse a nuestro equipo. Si tienes experiencia en gesti\u00f3n contable, conocimientos s\u00f3lidos de software contable [&hellip;]<\/p>","protected":false},"author":31,"featured_media":5860,"parent":3829,"menu_order":0,"comment_status":"closed","ping_status":"closed","template":"","meta":{"footnotes":""},"class_list":["post-5059","page","type-page","status-publish","has-post-thumbnail","hentry"],"yoast_head":"<!-- This site is optimized with the Yoast SEO plugin v27.3 - https:\/\/yoast.com\/product\/yoast-seo-wordpress\/ -->\n<title>\u00danete a Balufy como Gestor de Contabilidad | Crecimiento seguro<\/title>\n<meta name=\"description\" content=\"Balufy busca un Gestor de Contabilidad para optimizar la gesti\u00f3n financiera. Desarrolla tu carrera en un entorno exclusivo.\" \/>\n<meta name=\"robots\" content=\"index, follow, max-snippet:-1, max-image-preview:large, max-video-preview:-1\" \/>\n<link rel=\"canonical\" href=\"https:\/\/balufy.com\/en\/employment\/job-offer-accounting-manager\/\" \/>\n<meta property=\"og:locale\" content=\"en_GB\" \/>\n<meta property=\"og:type\" content=\"article\" \/>\n<meta property=\"og:title\" content=\"\u00danete a Balufy como Gestor de Contabilidad | Crecimiento seguro\" \/>\n<meta property=\"og:description\" content=\"Balufy busca un Gestor de Contabilidad para optimizar la gesti\u00f3n financiera. Desarrolla tu carrera en un entorno exclusivo.\" \/>\n<meta property=\"og:url\" content=\"https:\/\/balufy.com\/en\/employment\/job-offer-accounting-manager\/\" \/>\n<meta property=\"og:site_name\" content=\"Balufy - The taste of Experience\" \/>\n<meta property=\"article:publisher\" content=\"https:\/\/www.facebook.com\/Balufy-102705001596047\" \/>\n<meta property=\"article:modified_time\" content=\"2025-05-01T13:03:06+00:00\" \/>\n<meta property=\"og:image\" content=\"https:\/\/balufy.com\/wp-content\/uploads\/2025\/01\/cabecera-ofertas-de-empleo-gestor-de-contabilidad.jpg\" \/>\n\t<meta property=\"og:image:width\" content=\"2560\" \/>\n\t<meta property=\"og:image:height\" content=\"675\" \/>\n\t<meta property=\"og:image:type\" content=\"image\/jpeg\" \/>\n<meta name=\"twitter:card\" content=\"summary_large_image\" \/>\n<meta name=\"twitter:label1\" content=\"Estimated reading time\" \/>\n\t<meta name=\"twitter:data1\" content=\"1 minute\" \/>\n<script type=\"application\/ld+json\" class=\"yoast-schema-graph\">{\"@context\":\"https:\\\/\\\/schema.org\",\"@graph\":[{\"@type\":\"WebPage\",\"@id\":\"https:\\\/\\\/balufy.com\\\/es\\\/empleo\\\/oferta-de-empleo-gestor-de-contabilidad\\\/\",\"url\":\"https:\\\/\\\/balufy.com\\\/es\\\/empleo\\\/oferta-de-empleo-gestor-de-contabilidad\\\/\",\"name\":\"\u00danete a Balufy como Gestor de Contabilidad | Crecimiento seguro\",\"isPartOf\":{\"@id\":\"https:\\\/\\\/balufy.com\\\/es\\\/#website\"},\"primaryImageOfPage\":{\"@id\":\"https:\\\/\\\/balufy.com\\\/es\\\/empleo\\\/oferta-de-empleo-gestor-de-contabilidad\\\/#primaryimage\"},\"image\":{\"@id\":\"https:\\\/\\\/balufy.com\\\/es\\\/empleo\\\/oferta-de-empleo-gestor-de-contabilidad\\\/#primaryimage\"},\"thumbnailUrl\":\"https:\\\/\\\/balufy.com\\\/wp-content\\\/uploads\\\/2025\\\/01\\\/cabecera-ofertas-de-empleo-gestor-de-contabilidad.jpg\",\"datePublished\":\"2024-12-19T15:02:26+00:00\",\"dateModified\":\"2025-05-01T13:03:06+00:00\",\"description\":\"Balufy busca un Gestor de Contabilidad para optimizar la gesti\u00f3n financiera. Desarrolla tu carrera en un entorno exclusivo.\",\"breadcrumb\":{\"@id\":\"https:\\\/\\\/balufy.com\\\/es\\\/empleo\\\/oferta-de-empleo-gestor-de-contabilidad\\\/#breadcrumb\"},\"inLanguage\":\"en-GB\",\"potentialAction\":[{\"@type\":\"ReadAction\",\"target\":[\"https:\\\/\\\/balufy.com\\\/es\\\/empleo\\\/oferta-de-empleo-gestor-de-contabilidad\\\/\"]}]},{\"@type\":\"ImageObject\",\"inLanguage\":\"en-GB\",\"@id\":\"https:\\\/\\\/balufy.com\\\/es\\\/empleo\\\/oferta-de-empleo-gestor-de-contabilidad\\\/#primaryimage\",\"url\":\"https:\\\/\\\/balufy.com\\\/wp-content\\\/uploads\\\/2025\\\/01\\\/cabecera-ofertas-de-empleo-gestor-de-contabilidad.jpg\",\"contentUrl\":\"https:\\\/\\\/balufy.com\\\/wp-content\\\/uploads\\\/2025\\\/01\\\/cabecera-ofertas-de-empleo-gestor-de-contabilidad.jpg\",\"width\":2560,\"height\":675},{\"@type\":\"BreadcrumbList\",\"@id\":\"https:\\\/\\\/balufy.com\\\/es\\\/empleo\\\/oferta-de-empleo-gestor-de-contabilidad\\\/#breadcrumb\",\"itemListElement\":[{\"@type\":\"ListItem\",\"position\":1,\"name\":\"Portada\",\"item\":\"https:\\\/\\\/balufy.com\\\/\"},{\"@type\":\"ListItem\",\"position\":2,\"name\":\"Empleo\",\"item\":\"https:\\\/\\\/balufy.com\\\/es\\\/empleo\\\/\"},{\"@type\":\"ListItem\",\"position\":3,\"name\":\"Oferta de empleo: Gestor de Contabilidad\"}]},{\"@type\":\"WebSite\",\"@id\":\"https:\\\/\\\/balufy.com\\\/es\\\/#website\",\"url\":\"https:\\\/\\\/balufy.com\\\/es\\\/\",\"name\":\"Balufy - Taste of experience\",\"description\":\"Balufy\",\"publisher\":{\"@id\":\"https:\\\/\\\/balufy.com\\\/es\\\/#organization\"},\"potentialAction\":[{\"@type\":\"SearchAction\",\"target\":{\"@type\":\"EntryPoint\",\"urlTemplate\":\"https:\\\/\\\/balufy.com\\\/es\\\/?s={search_term_string}\"},\"query-input\":{\"@type\":\"PropertyValueSpecification\",\"valueRequired\":true,\"valueName\":\"search_term_string\"}}],\"inLanguage\":\"en-GB\"},{\"@type\":\"Organization\",\"@id\":\"https:\\\/\\\/balufy.com\\\/es\\\/#organization\",\"name\":\"Balufy\",\"url\":\"https:\\\/\\\/balufy.com\\\/es\\\/\",\"logo\":{\"@type\":\"ImageObject\",\"inLanguage\":\"en-GB\",\"@id\":\"https:\\\/\\\/balufy.com\\\/es\\\/#\\\/schema\\\/logo\\\/image\\\/\",\"url\":\"https:\\\/\\\/balufy.com\\\/wp-content\\\/uploads\\\/2022\\\/06\\\/LOGO_PNG.png\",\"contentUrl\":\"https:\\\/\\\/balufy.com\\\/wp-content\\\/uploads\\\/2022\\\/06\\\/LOGO_PNG.png\",\"width\":1366,\"height\":768,\"caption\":\"Balufy\"},\"image\":{\"@id\":\"https:\\\/\\\/balufy.com\\\/es\\\/#\\\/schema\\\/logo\\\/image\\\/\"},\"sameAs\":[\"https:\\\/\\\/www.facebook.com\\\/Balufy-102705001596047\",\"https:\\\/\\\/www.instagram.com\\\/balufy_oficial\\\/\"]}]}<\/script>\n<!-- \/ Yoast SEO plugin. -->","yoast_head_json":{"title":"Join Balufy as Accounting Manager | Secure Growth","description":"Balufy is looking for an Accounting Manager to optimise financial management. Develop your career in an exclusive environment.","robots":{"index":"index","follow":"follow","max-snippet":"max-snippet:-1","max-image-preview":"max-image-preview:large","max-video-preview":"max-video-preview:-1"},"canonical":"https:\/\/balufy.com\/en\/employment\/job-offer-accounting-manager\/","og_locale":"en_GB","og_type":"article","og_title":"\u00danete a Balufy como Gestor de Contabilidad | Crecimiento seguro","og_description":"Balufy busca un Gestor de Contabilidad para optimizar la gesti\u00f3n financiera. Desarrolla tu carrera en un entorno exclusivo.","og_url":"https:\/\/balufy.com\/en\/employment\/job-offer-accounting-manager\/","og_site_name":"Balufy - The taste of Experience","article_publisher":"https:\/\/www.facebook.com\/Balufy-102705001596047","article_modified_time":"2025-05-01T13:03:06+00:00","og_image":[{"width":2560,"height":675,"url":"https:\/\/balufy.com\/wp-content\/uploads\/2025\/01\/cabecera-ofertas-de-empleo-gestor-de-contabilidad.jpg","type":"image\/jpeg"}],"twitter_card":"summary_large_image","twitter_misc":{"Estimated reading time":"1 minute"},"schema":{"@context":"https:\/\/schema.org","@graph":[{"@type":"WebPage","@id":"https:\/\/balufy.com\/es\/empleo\/oferta-de-empleo-gestor-de-contabilidad\/","url":"https:\/\/balufy.com\/es\/empleo\/oferta-de-empleo-gestor-de-contabilidad\/","name":"Join Balufy as Accounting Manager | Secure Growth","isPartOf":{"@id":"https:\/\/balufy.com\/es\/#website"},"primaryImageOfPage":{"@id":"https:\/\/balufy.com\/es\/empleo\/oferta-de-empleo-gestor-de-contabilidad\/#primaryimage"},"image":{"@id":"https:\/\/balufy.com\/es\/empleo\/oferta-de-empleo-gestor-de-contabilidad\/#primaryimage"},"thumbnailUrl":"https:\/\/balufy.com\/wp-content\/uploads\/2025\/01\/cabecera-ofertas-de-empleo-gestor-de-contabilidad.jpg","datePublished":"2024-12-19T15:02:26+00:00","dateModified":"2025-05-01T13:03:06+00:00","description":"Balufy is looking for an Accounting Manager to optimise financial management. Develop your career in an exclusive environment.","breadcrumb":{"@id":"https:\/\/balufy.com\/es\/empleo\/oferta-de-empleo-gestor-de-contabilidad\/#breadcrumb"},"inLanguage":"en-GB","potentialAction":[{"@type":"ReadAction","target":["https:\/\/balufy.com\/es\/empleo\/oferta-de-empleo-gestor-de-contabilidad\/"]}]},{"@type":"ImageObject","inLanguage":"en-GB","@id":"https:\/\/balufy.com\/es\/empleo\/oferta-de-empleo-gestor-de-contabilidad\/#primaryimage","url":"https:\/\/balufy.com\/wp-content\/uploads\/2025\/01\/cabecera-ofertas-de-empleo-gestor-de-contabilidad.jpg","contentUrl":"https:\/\/balufy.com\/wp-content\/uploads\/2025\/01\/cabecera-ofertas-de-empleo-gestor-de-contabilidad.jpg","width":2560,"height":675},{"@type":"BreadcrumbList","@id":"https:\/\/balufy.com\/es\/empleo\/oferta-de-empleo-gestor-de-contabilidad\/#breadcrumb","itemListElement":[{"@type":"ListItem","position":1,"name":"Portada","item":"https:\/\/balufy.com\/"},{"@type":"ListItem","position":2,"name":"Empleo","item":"https:\/\/balufy.com\/es\/empleo\/"},{"@type":"ListItem","position":3,"name":"Oferta de empleo: Gestor de Contabilidad"}]},{"@type":"WebSite","@id":"https:\/\/balufy.com\/es\/#website","url":"https:\/\/balufy.com\/es\/","name":"Balufy - Taste of experience","description":"Balufy","publisher":{"@id":"https:\/\/balufy.com\/es\/#organization"},"potentialAction":[{"@type":"SearchAction","target":{"@type":"EntryPoint","urlTemplate":"https:\/\/balufy.com\/es\/?s={search_term_string}"},"query-input":{"@type":"PropertyValueSpecification","valueRequired":true,"valueName":"search_term_string"}}],"inLanguage":"en-GB"},{"@type":"Organization","@id":"https:\/\/balufy.com\/es\/#organization","name":"Balufy","url":"https:\/\/balufy.com\/es\/","logo":{"@type":"ImageObject","inLanguage":"en-GB","@id":"https:\/\/balufy.com\/es\/#\/schema\/logo\/image\/","url":"https:\/\/balufy.com\/wp-content\/uploads\/2022\/06\/LOGO_PNG.png","contentUrl":"https:\/\/balufy.com\/wp-content\/uploads\/2022\/06\/LOGO_PNG.png","width":1366,"height":768,"caption":"Balufy"},"image":{"@id":"https:\/\/balufy.com\/es\/#\/schema\/logo\/image\/"},"sameAs":["https:\/\/www.facebook.com\/Balufy-102705001596047","https:\/\/www.instagram.com\/balufy_oficial\/"]}]}},"_links":{"self":[{"href":"https:\/\/balufy.com\/en\/wp-json\/wp\/v2\/pages\/5059","targetHints":{"allow":["GET"]}}],"collection":[{"href":"https:\/\/balufy.com\/en\/wp-json\/wp\/v2\/pages"}],"about":[{"href":"https:\/\/balufy.com\/en\/wp-json\/wp\/v2\/types\/page"}],"author":[{"embeddable":true,"href":"https:\/\/balufy.com\/en\/wp-json\/wp\/v2\/users\/31"}],"replies":[{"embeddable":true,"href":"https:\/\/balufy.com\/en\/wp-json\/wp\/v2\/comments?post=5059"}],"version-history":[{"count":0,"href":"https:\/\/balufy.com\/en\/wp-json\/wp\/v2\/pages\/5059\/revisions"}],"up":[{"embeddable":true,"href":"https:\/\/balufy.com\/en\/wp-json\/wp\/v2\/pages\/3829"}],"wp:featuredmedia":[{"embeddable":true,"href":"https:\/\/balufy.com\/en\/wp-json\/wp\/v2\/media\/5860"}],"wp:attachment":[{"href":"https:\/\/balufy.com\/en\/wp-json\/wp\/v2\/media?parent=5059"}],"curies":[{"name":"wp","href":"https:\/\/api.w.org\/{rel}","templated":true}]}}