{"id":5068,"date":"2024-12-19T17:21:51","date_gmt":"2024-12-19T15:21:51","guid":{"rendered":"https:\/\/balufy.com\/?page_id=5068"},"modified":"2025-05-01T14:44:34","modified_gmt":"2025-05-01T12:44:34","slug":"job-offer-property-acquisition","status":"publish","type":"page","link":"https:\/\/balufy.com\/en\/employment\/job-offer-property-acquisition\/","title":{"rendered":"Job offer: Property Acquisition"},"content":{"rendered":"<h3 data-sourcepos=\"5:1-5:68\"><span style=\"color: #455b70;\"><strong>Join our team as a Property Acquisition Agent!<\/strong><\/span><\/h3>\n<p data-sourcepos=\"7:1-7:136\">Are you passionate about real estate and do you have commercial skills? Are you a proactive person with excellent communication skills?<\/p>\n<p data-sourcepos=\"9:1-9:244\">At Balufy.com, we are looking for a Property Acquisition Agent to expand our portfolio. If you have a solid network of contacts, are able to build trust and enjoy negotiating, we invite you to join our team!<\/p>\n<p data-sourcepos=\"11:1-11:506\">In this role, you will be responsible for identifying and contacting landlords interested in selling or renting their properties. You will use your negotiation skills to close deals and build long-term relationships with our clients. In addition, you will be responsible for carrying out property valuations, preparing the necessary documentation and promoting our services. We offer a dynamic work environment with an attractive compensation plan and opportunities for professional growth.<\/p>\n<h3><span style=\"color: #455b70;\"><b>Job description:<\/b><\/span><\/h3>\n<p><b><\/b>We are looking for a <b>Property Recruiter<\/b><br \/>\nto expand our portfolio of exclusive accommodation.<\/p>\n<h3><span style=\"color: #455b70;\"><b>Responsibilities:<\/b><\/span><\/h3>\n<ul>\n<li aria-level=\"1\">Identifying and attracting new properties with tourism potential.<\/li>\n<li aria-level=\"1\">Negotiate contracts with landlords.<\/li>\n<li aria-level=\"1\">Maintaining strong customer relationships.<\/li>\n<li aria-level=\"1\">Analyse the market to identify opportunities.<\/li>\n<\/ul>\n<h3><span style=\"color: #455b70;\"><b>Requirements:<\/b><\/span><\/h3>\n<ul>\n<li aria-level=\"1\">Experience in sales or real estate.<\/li>\n<li aria-level=\"1\">Knowledge of the local tourist rental market.<\/li>\n<li aria-level=\"1\">Negotiation and persuasion skills.<\/li>\n<\/ul>","protected":false},"excerpt":{"rendered":"<p>\u00a1\u00danete a nuestro equipo como Agente de Captaci\u00f3n de Propiedades! \u00bfTe apasiona el mundo inmobiliario y tienes dotes comerciales? \u00bfEres una persona proactiva y con excelentes habilidades de comunicaci\u00f3n? En Balufy.com, buscamos un Agente de Captaci\u00f3n de Propiedades para ampliar nuestro portafolio. Si tienes una red de contactos s\u00f3lida, eres capaz de generar confianza y [&hellip;]<\/p>","protected":false},"author":31,"featured_media":5797,"parent":3829,"menu_order":0,"comment_status":"closed","ping_status":"closed","template":"","meta":{"footnotes":""},"class_list":["post-5068","page","type-page","status-publish","has-post-thumbnail","hentry"],"yoast_head":"<!-- This site is optimized with the Yoast SEO plugin v27.3 - https:\/\/yoast.com\/product\/yoast-seo-wordpress\/ -->\n<title>\u00danete a Balufy como Captador de Propiedades | Tu oportunidad.<\/title>\n<meta name=\"description\" content=\"Balufy busca expertos en captaci\u00f3n de propiedades para expandir su ofertas de lujo. Desarrolla tu carrera en un entorno din\u00e1mico y exclusivo.\" \/>\n<meta name=\"robots\" content=\"index, follow, max-snippet:-1, max-image-preview:large, max-video-preview:-1\" \/>\n<link rel=\"canonical\" href=\"https:\/\/balufy.com\/en\/employment\/job-offer-property-acquisition\/\" \/>\n<meta property=\"og:locale\" content=\"en_GB\" \/>\n<meta property=\"og:type\" content=\"article\" \/>\n<meta property=\"og:title\" content=\"\u00danete a Balufy como Captador de Propiedades | Tu oportunidad.\" \/>\n<meta property=\"og:description\" content=\"Balufy busca expertos en captaci\u00f3n de propiedades para expandir su ofertas de lujo. Desarrolla tu carrera en un entorno din\u00e1mico y exclusivo.\" \/>\n<meta property=\"og:url\" content=\"https:\/\/balufy.com\/en\/employment\/job-offer-property-acquisition\/\" \/>\n<meta property=\"og:site_name\" content=\"Balufy - The taste of Experience\" \/>\n<meta property=\"article:publisher\" content=\"https:\/\/www.facebook.com\/Balufy-102705001596047\" \/>\n<meta property=\"article:modified_time\" content=\"2025-05-01T12:44:34+00:00\" \/>\n<meta property=\"og:image\" content=\"https:\/\/balufy.com\/wp-content\/uploads\/2025\/01\/cabecera-ofertas-de-empleo-captacion-de-propiedades-mallorca.jpg\" \/>\n\t<meta property=\"og:image:width\" content=\"2560\" \/>\n\t<meta property=\"og:image:height\" content=\"675\" \/>\n\t<meta property=\"og:image:type\" content=\"image\/jpeg\" \/>\n<meta name=\"twitter:card\" content=\"summary_large_image\" \/>\n<meta name=\"twitter:label1\" content=\"Estimated reading time\" \/>\n\t<meta name=\"twitter:data1\" content=\"1 minute\" \/>\n<script type=\"application\/ld+json\" class=\"yoast-schema-graph\">{\"@context\":\"https:\\\/\\\/schema.org\",\"@graph\":[{\"@type\":\"WebPage\",\"@id\":\"https:\\\/\\\/balufy.com\\\/de\\\/beschaftigung\\\/stellenangebot-immobilienerwerb\\\/\",\"url\":\"https:\\\/\\\/balufy.com\\\/de\\\/beschaftigung\\\/stellenangebot-immobilienerwerb\\\/\",\"name\":\"\u00danete a Balufy como Captador de Propiedades | Tu oportunidad.\",\"isPartOf\":{\"@id\":\"https:\\\/\\\/balufy.com\\\/es\\\/#website\"},\"primaryImageOfPage\":{\"@id\":\"https:\\\/\\\/balufy.com\\\/de\\\/beschaftigung\\\/stellenangebot-immobilienerwerb\\\/#primaryimage\"},\"image\":{\"@id\":\"https:\\\/\\\/balufy.com\\\/de\\\/beschaftigung\\\/stellenangebot-immobilienerwerb\\\/#primaryimage\"},\"thumbnailUrl\":\"https:\\\/\\\/balufy.com\\\/wp-content\\\/uploads\\\/2025\\\/01\\\/cabecera-ofertas-de-empleo-captacion-de-propiedades-mallorca.jpg\",\"datePublished\":\"2024-12-19T15:21:51+00:00\",\"dateModified\":\"2025-05-01T12:44:34+00:00\",\"description\":\"Balufy busca expertos en captaci\u00f3n de propiedades para expandir su ofertas de lujo. Desarrolla tu carrera en un entorno din\u00e1mico y exclusivo.\",\"breadcrumb\":{\"@id\":\"https:\\\/\\\/balufy.com\\\/de\\\/beschaftigung\\\/stellenangebot-immobilienerwerb\\\/#breadcrumb\"},\"inLanguage\":\"en-GB\",\"potentialAction\":[{\"@type\":\"ReadAction\",\"target\":[\"https:\\\/\\\/balufy.com\\\/de\\\/beschaftigung\\\/stellenangebot-immobilienerwerb\\\/\"]}]},{\"@type\":\"ImageObject\",\"inLanguage\":\"en-GB\",\"@id\":\"https:\\\/\\\/balufy.com\\\/de\\\/beschaftigung\\\/stellenangebot-immobilienerwerb\\\/#primaryimage\",\"url\":\"https:\\\/\\\/balufy.com\\\/wp-content\\\/uploads\\\/2025\\\/01\\\/cabecera-ofertas-de-empleo-captacion-de-propiedades-mallorca.jpg\",\"contentUrl\":\"https:\\\/\\\/balufy.com\\\/wp-content\\\/uploads\\\/2025\\\/01\\\/cabecera-ofertas-de-empleo-captacion-de-propiedades-mallorca.jpg\",\"width\":2560,\"height\":675},{\"@type\":\"BreadcrumbList\",\"@id\":\"https:\\\/\\\/balufy.com\\\/de\\\/beschaftigung\\\/stellenangebot-immobilienerwerb\\\/#breadcrumb\",\"itemListElement\":[{\"@type\":\"ListItem\",\"position\":1,\"name\":\"Portada\",\"item\":\"https:\\\/\\\/balufy.com\\\/\"},{\"@type\":\"ListItem\",\"position\":2,\"name\":\"Empleo\",\"item\":\"https:\\\/\\\/balufy.com\\\/es\\\/empleo\\\/\"},{\"@type\":\"ListItem\",\"position\":3,\"name\":\"Oferta de empleo: Captaci\u00f3n de Propiedades\"}]},{\"@type\":\"WebSite\",\"@id\":\"https:\\\/\\\/balufy.com\\\/es\\\/#website\",\"url\":\"https:\\\/\\\/balufy.com\\\/es\\\/\",\"name\":\"Balufy - Taste of experience\",\"description\":\"Balufy\",\"publisher\":{\"@id\":\"https:\\\/\\\/balufy.com\\\/es\\\/#organization\"},\"potentialAction\":[{\"@type\":\"SearchAction\",\"target\":{\"@type\":\"EntryPoint\",\"urlTemplate\":\"https:\\\/\\\/balufy.com\\\/es\\\/?s={search_term_string}\"},\"query-input\":{\"@type\":\"PropertyValueSpecification\",\"valueRequired\":true,\"valueName\":\"search_term_string\"}}],\"inLanguage\":\"en-GB\"},{\"@type\":\"Organization\",\"@id\":\"https:\\\/\\\/balufy.com\\\/es\\\/#organization\",\"name\":\"Balufy\",\"url\":\"https:\\\/\\\/balufy.com\\\/es\\\/\",\"logo\":{\"@type\":\"ImageObject\",\"inLanguage\":\"en-GB\",\"@id\":\"https:\\\/\\\/balufy.com\\\/es\\\/#\\\/schema\\\/logo\\\/image\\\/\",\"url\":\"https:\\\/\\\/balufy.com\\\/wp-content\\\/uploads\\\/2022\\\/06\\\/LOGO_PNG.png\",\"contentUrl\":\"https:\\\/\\\/balufy.com\\\/wp-content\\\/uploads\\\/2022\\\/06\\\/LOGO_PNG.png\",\"width\":1366,\"height\":768,\"caption\":\"Balufy\"},\"image\":{\"@id\":\"https:\\\/\\\/balufy.com\\\/es\\\/#\\\/schema\\\/logo\\\/image\\\/\"},\"sameAs\":[\"https:\\\/\\\/www.facebook.com\\\/Balufy-102705001596047\",\"https:\\\/\\\/www.instagram.com\\\/balufy_oficial\\\/\"]}]}<\/script>\n<!-- \/ Yoast SEO plugin. -->","yoast_head_json":{"title":"Join Balufy as a Property Recruiter - Your opportunity.","description":"Balufy is looking for property acquisition experts to expand its luxury offerings. Develop your career in a dynamic and exclusive environment.","robots":{"index":"index","follow":"follow","max-snippet":"max-snippet:-1","max-image-preview":"max-image-preview:large","max-video-preview":"max-video-preview:-1"},"canonical":"https:\/\/balufy.com\/en\/employment\/job-offer-property-acquisition\/","og_locale":"en_GB","og_type":"article","og_title":"\u00danete a Balufy como Captador de Propiedades | Tu oportunidad.","og_description":"Balufy busca expertos en captaci\u00f3n de propiedades para expandir su ofertas de lujo. Desarrolla tu carrera en un entorno din\u00e1mico y exclusivo.","og_url":"https:\/\/balufy.com\/en\/employment\/job-offer-property-acquisition\/","og_site_name":"Balufy - The taste of Experience","article_publisher":"https:\/\/www.facebook.com\/Balufy-102705001596047","article_modified_time":"2025-05-01T12:44:34+00:00","og_image":[{"width":2560,"height":675,"url":"https:\/\/balufy.com\/wp-content\/uploads\/2025\/01\/cabecera-ofertas-de-empleo-captacion-de-propiedades-mallorca.jpg","type":"image\/jpeg"}],"twitter_card":"summary_large_image","twitter_misc":{"Estimated reading time":"1 minute"},"schema":{"@context":"https:\/\/schema.org","@graph":[{"@type":"WebPage","@id":"https:\/\/balufy.com\/de\/beschaftigung\/stellenangebot-immobilienerwerb\/","url":"https:\/\/balufy.com\/de\/beschaftigung\/stellenangebot-immobilienerwerb\/","name":"Join Balufy as a Property Recruiter - Your opportunity.","isPartOf":{"@id":"https:\/\/balufy.com\/es\/#website"},"primaryImageOfPage":{"@id":"https:\/\/balufy.com\/de\/beschaftigung\/stellenangebot-immobilienerwerb\/#primaryimage"},"image":{"@id":"https:\/\/balufy.com\/de\/beschaftigung\/stellenangebot-immobilienerwerb\/#primaryimage"},"thumbnailUrl":"https:\/\/balufy.com\/wp-content\/uploads\/2025\/01\/cabecera-ofertas-de-empleo-captacion-de-propiedades-mallorca.jpg","datePublished":"2024-12-19T15:21:51+00:00","dateModified":"2025-05-01T12:44:34+00:00","description":"Balufy is looking for property acquisition experts to expand its luxury offerings. Develop your career in a dynamic and exclusive environment.","breadcrumb":{"@id":"https:\/\/balufy.com\/de\/beschaftigung\/stellenangebot-immobilienerwerb\/#breadcrumb"},"inLanguage":"en-GB","potentialAction":[{"@type":"ReadAction","target":["https:\/\/balufy.com\/de\/beschaftigung\/stellenangebot-immobilienerwerb\/"]}]},{"@type":"ImageObject","inLanguage":"en-GB","@id":"https:\/\/balufy.com\/de\/beschaftigung\/stellenangebot-immobilienerwerb\/#primaryimage","url":"https:\/\/balufy.com\/wp-content\/uploads\/2025\/01\/cabecera-ofertas-de-empleo-captacion-de-propiedades-mallorca.jpg","contentUrl":"https:\/\/balufy.com\/wp-content\/uploads\/2025\/01\/cabecera-ofertas-de-empleo-captacion-de-propiedades-mallorca.jpg","width":2560,"height":675},{"@type":"BreadcrumbList","@id":"https:\/\/balufy.com\/de\/beschaftigung\/stellenangebot-immobilienerwerb\/#breadcrumb","itemListElement":[{"@type":"ListItem","position":1,"name":"Portada","item":"https:\/\/balufy.com\/"},{"@type":"ListItem","position":2,"name":"Empleo","item":"https:\/\/balufy.com\/es\/empleo\/"},{"@type":"ListItem","position":3,"name":"Oferta de empleo: Captaci\u00f3n de Propiedades"}]},{"@type":"WebSite","@id":"https:\/\/balufy.com\/es\/#website","url":"https:\/\/balufy.com\/es\/","name":"Balufy - Taste of experience","description":"Balufy","publisher":{"@id":"https:\/\/balufy.com\/es\/#organization"},"potentialAction":[{"@type":"SearchAction","target":{"@type":"EntryPoint","urlTemplate":"https:\/\/balufy.com\/es\/?s={search_term_string}"},"query-input":{"@type":"PropertyValueSpecification","valueRequired":true,"valueName":"search_term_string"}}],"inLanguage":"en-GB"},{"@type":"Organization","@id":"https:\/\/balufy.com\/es\/#organization","name":"Balufy","url":"https:\/\/balufy.com\/es\/","logo":{"@type":"ImageObject","inLanguage":"en-GB","@id":"https:\/\/balufy.com\/es\/#\/schema\/logo\/image\/","url":"https:\/\/balufy.com\/wp-content\/uploads\/2022\/06\/LOGO_PNG.png","contentUrl":"https:\/\/balufy.com\/wp-content\/uploads\/2022\/06\/LOGO_PNG.png","width":1366,"height":768,"caption":"Balufy"},"image":{"@id":"https:\/\/balufy.com\/es\/#\/schema\/logo\/image\/"},"sameAs":["https:\/\/www.facebook.com\/Balufy-102705001596047","https:\/\/www.instagram.com\/balufy_oficial\/"]}]}},"_links":{"self":[{"href":"https:\/\/balufy.com\/en\/wp-json\/wp\/v2\/pages\/5068","targetHints":{"allow":["GET"]}}],"collection":[{"href":"https:\/\/balufy.com\/en\/wp-json\/wp\/v2\/pages"}],"about":[{"href":"https:\/\/balufy.com\/en\/wp-json\/wp\/v2\/types\/page"}],"author":[{"embeddable":true,"href":"https:\/\/balufy.com\/en\/wp-json\/wp\/v2\/users\/31"}],"replies":[{"embeddable":true,"href":"https:\/\/balufy.com\/en\/wp-json\/wp\/v2\/comments?post=5068"}],"version-history":[{"count":0,"href":"https:\/\/balufy.com\/en\/wp-json\/wp\/v2\/pages\/5068\/revisions"}],"up":[{"embeddable":true,"href":"https:\/\/balufy.com\/en\/wp-json\/wp\/v2\/pages\/3829"}],"wp:featuredmedia":[{"embeddable":true,"href":"https:\/\/balufy.com\/en\/wp-json\/wp\/v2\/media\/5797"}],"wp:attachment":[{"href":"https:\/\/balufy.com\/en\/wp-json\/wp\/v2\/media?parent=5068"}],"curies":[{"name":"wp","href":"https:\/\/api.w.org\/{rel}","templated":true}]}}