{"id":1095,"date":"2021-08-17T19:37:21","date_gmt":"2021-08-17T17:37:21","guid":{"rendered":"https:\/\/alquileres.pulsoweb.es\/product\/can-xanet\/"},"modified":"2025-04-02T17:09:10","modified_gmt":"2025-04-02T15:09:10","slug":"can-xanet","status":"publish","type":"product","link":"https:\/\/balufy.com\/en\/product\/can-xanet\/","title":{"rendered":"Can Xanet"},"content":{"rendered":"<p>Composition: kitchen, 13x bedroom, 10x bathroom Equipment: terrace, air conditioning, heating, swimming pool, bed linen and towels, free parking, WiFi, double bed, kitchen utensils and utensils, crockery and cutlery, iron and ironing board, washing machine. - Washing machine, grill, microwave, fridge\/freezer, fridge, gas\/electric cooker Can Xenet is located on the outskirts of the beautiful town of Pollensa in the north of Mallorca and is 400 years old, rich in history and magnificent.<\/p>\n<p>This Mallorcan finca is a holiday adventure that only a few can experience.<\/p>\n<p>Can Xenet has been tastefully renovated and transformed into a magnificent villa with all the comforts you would expect, whilst retaining old world charm. Can Xenet be the perfect venue for a wedding, birthday party or anniversary? The establishment has a licence for an event that can accommodate up to 100 people (additional fees apply for the organisation of the event).<\/p>\n<p>Take a look at the charming holiday villa and see all before you have no less than 25 acres of private land that belongs to you at all times.<\/p>\n<p>Lush fields of fig and almond trees, forests and pastures near palm trees, beautiful Tramuntana mountains in the distance and the bay of Pollensa in 15 minutes.<\/p>\n<p>Anyone who has a creative outlook on life or values art will love Can Xenet.<\/p>\n<p>These adjectives describe this place as charming, romantic and inspiring.<\/p>\n<p>The house is decorated in an authentic rustic Majorcan style, with wooden beams, traditional stone walls, tiled floors and real antique furniture.<\/p>\n<p>Magnificent antique Elizabethan furniture fills the house and there are flowers everywhere.<\/p>\n<p>On the wall you will find many paintings (Can Xenet is a popular resting place for groups of artists), and the traditional stone fireplace with chimney is really impressive.<\/p>\n<p>The living room is so comfortable that you are tempted to read a good book and relax.<\/p>\n<p>However, Can Xenet offers not only old-world charm, but also satellite TV, DVD player, WiFi air conditioning and central heating.<\/p>\n<p>If you want a song, there's even a piano! As you enter Can Xenet, you can't miss the two huge antique doors that open onto the sunburnt front terrace and the shaded cobbled courtyard.<\/p>\n<p>The main living area has a beautiful sitting room, a lovely dining room with a long table seating 16 people and a fully equipped rustic style kitchen with a large gas cooker, three refrigerators, two dishwashers and a micro-wave. (Large groups can dine in a large barn with a traditional barbecue to enjoy authentic Spanish cuisine). In total, there are thirteen beautiful air-conditioned rooms, many of which have en-suite bathrooms.<\/p>\n<p>Flexibility is the order of the day here, as many of them can be used as double or twin beds when necessary.<\/p>\n<p>On the ground floor there are 6 bedrooms overlooking the lawn.<\/p>\n<p>There are 4 single beds, 1 single bed and 1 double bed.<\/p>\n<p>All have en-suite bathrooms with shower.<\/p>\n<p>There is also a separate extension with a bedroom with two single beds and a bathroom in the courtyard.<\/p>\n<p>On the first floor there are 6 bedrooms, 2 bedrooms with en-suite bathrooms, one is a full bathroom and the other is a bathroom with shower.<\/p>\n<p>The other 4 bedrooms have a shower and a shared bathroom with a bathtub.<\/p>\n<p>Besides Can Xenet, he is just as friendly.<\/p>\n<p>The beautiful saltwater swimming pool has an entry staircase and is ideal for cooling off on a hot day.<\/p>\n<p>It is surrounded by sun-drenched walls covered with magnificent bougainvillea.<\/p>\n<p>Sun loungers and parasols invite you to have a cocktail or two by the pool.<\/p>\n<p>There is a beautiful vine-covered terrace and even a hammock in the garden if you're feeling a little decadent.<\/p>\n<p>There is a large barn for meetings and a dining table for 22 people.<\/p>\n<p>However, if you are feeling active, you can use the all-weather tennis court or go hiking in the nearby hills.<\/p>\n<p>Can Xenet is a traditional and romantic country house that has been transformed into a 13-bedroom villa near Pollensa, in the north of Mallorca.<\/p>\n<p>This really is a fantastic property to rent, so early booking is recommended. * Please note that the owner of this property reserves the right to use the room in a separate annexe, which has a separate entrance in the north wing of the main building and does not violate the privacy of guests. * PRICE NOTES * Prices quoted apply to a maximum of 12 persons in each price period.<\/p>\n<p>The minimum stay is 3 nights in March, April, May and October. 4 nights in June and September. 5 nights in July and August divided by 7 nights to reach the daily rate.<\/p>\n<p>In total, additional persons can accommodate up to 22 people.<\/p>\n<p>From November to the end of April, the property can accommodate a maximum of 12 people staying in the main building only.<\/p>\n<p>Pets Allowed: Pets: On request<br \/>\nSmoking allowed: no<br \/>\nLicence number: ETV\/7715<\/p>","protected":false},"excerpt":{"rendered":"<p>Composici\u00f3n: cocina, 13x habitaci\u00f3n, 10x ba\u00f1o Equipamiento: terraza, aire acondicionado, calefacci\u00f3n, piscina, s\u00e1banas y toallas, parking gratuito, WiFi, cama doble, utensilios y utensilios de cocina, vajilla y cuberter\u00eda, plancha y tabla de planchar, lavadora. &#8211; lavadora, grill, microondas, nevera \/ congelador, nevera, cocina a gas \/ el\u00e9ctrica Can Xenet se encuentra en las afueras de [&hellip;]<\/p>","protected":false},"featured_media":0,"template":"","meta":[],"product_brand":[],"product_cat":[20],"product_tag":[],"class_list":{"0":"post-1095","1":"product","2":"type-product","3":"status-publish","5":"product_cat-listeo-booking","7":"first","8":"instock","9":"virtual","10":"sold-individually","11":"purchasable","12":"product-type-listing_booking"},"yoast_head":"<!-- This site is optimized with the Yoast SEO plugin v27.3 - https:\/\/yoast.com\/product\/yoast-seo-wordpress\/ -->\n<title>Can Xanet - Balufy - The taste of Experience<\/title>\n<meta name=\"robots\" content=\"index, follow, max-snippet:-1, max-image-preview:large, max-video-preview:-1\" \/>\n<link rel=\"canonical\" href=\"https:\/\/balufy.com\/en\/product\/can-xanet\/\" \/>\n<meta property=\"og:locale\" content=\"en_GB\" \/>\n<meta property=\"og:type\" content=\"article\" \/>\n<meta property=\"og:title\" content=\"Can Xanet - Balufy - The taste of Experience\" \/>\n<meta property=\"og:description\" content=\"Composici\u00f3n: cocina, 13x habitaci\u00f3n, 10x ba\u00f1o Equipamiento: terraza, aire acondicionado, calefacci\u00f3n, piscina, s\u00e1banas y toallas, parking gratuito, WiFi, cama doble, utensilios y utensilios de cocina, vajilla y cuberter\u00eda, plancha y tabla de planchar, lavadora. &#8211; lavadora, grill, microondas, nevera \/ congelador, nevera, cocina a gas \/ el\u00e9ctrica Can Xenet se encuentra en las afueras de [&hellip;]\" \/>\n<meta property=\"og:url\" content=\"https:\/\/balufy.com\/en\/product\/can-xanet\/\" \/>\n<meta property=\"og:site_name\" content=\"Balufy - The taste of Experience\" \/>\n<meta property=\"article:publisher\" content=\"https:\/\/www.facebook.com\/Balufy-102705001596047\" \/>\n<meta property=\"article:modified_time\" content=\"2025-04-02T15:09:10+00:00\" \/>\n<meta name=\"twitter:card\" content=\"summary_large_image\" \/>\n<meta name=\"twitter:label1\" content=\"Estimated reading time\" \/>\n\t<meta name=\"twitter:data1\" content=\"5 minutes\" \/>\n<script type=\"application\/ld+json\" class=\"yoast-schema-graph\">{\"@context\":\"https:\\\/\\\/schema.org\",\"@graph\":[{\"@type\":\"WebPage\",\"@id\":\"https:\\\/\\\/balufy.com\\\/es\\\/producto\\\/can-xanet\\\/\",\"url\":\"https:\\\/\\\/balufy.com\\\/es\\\/producto\\\/can-xanet\\\/\",\"name\":\"Can Xanet - Balufy - The taste of Experience\",\"isPartOf\":{\"@id\":\"https:\\\/\\\/balufy.com\\\/es\\\/#website\"},\"datePublished\":\"2021-08-17T17:37:21+00:00\",\"dateModified\":\"2025-04-02T15:09:10+00:00\",\"breadcrumb\":{\"@id\":\"https:\\\/\\\/balufy.com\\\/es\\\/producto\\\/can-xanet\\\/#breadcrumb\"},\"inLanguage\":\"en-GB\",\"potentialAction\":[{\"@type\":\"ReadAction\",\"target\":[\"https:\\\/\\\/balufy.com\\\/es\\\/producto\\\/can-xanet\\\/\"]}]},{\"@type\":\"BreadcrumbList\",\"@id\":\"https:\\\/\\\/balufy.com\\\/es\\\/producto\\\/can-xanet\\\/#breadcrumb\",\"itemListElement\":[{\"@type\":\"ListItem\",\"position\":1,\"name\":\"Portada\",\"item\":\"https:\\\/\\\/balufy.com\\\/\"},{\"@type\":\"ListItem\",\"position\":2,\"name\":\"Shop\",\"item\":\"https:\\\/\\\/balufy.com\\\/es\\\/shop\\\/\"},{\"@type\":\"ListItem\",\"position\":3,\"name\":\"Can Xanet\"}]},{\"@type\":\"WebSite\",\"@id\":\"https:\\\/\\\/balufy.com\\\/es\\\/#website\",\"url\":\"https:\\\/\\\/balufy.com\\\/es\\\/\",\"name\":\"Balufy - Taste of experience\",\"description\":\"Balufy\",\"publisher\":{\"@id\":\"https:\\\/\\\/balufy.com\\\/es\\\/#organization\"},\"potentialAction\":[{\"@type\":\"SearchAction\",\"target\":{\"@type\":\"EntryPoint\",\"urlTemplate\":\"https:\\\/\\\/balufy.com\\\/es\\\/?s={search_term_string}\"},\"query-input\":{\"@type\":\"PropertyValueSpecification\",\"valueRequired\":true,\"valueName\":\"search_term_string\"}}],\"inLanguage\":\"en-GB\"},{\"@type\":\"Organization\",\"@id\":\"https:\\\/\\\/balufy.com\\\/es\\\/#organization\",\"name\":\"Balufy\",\"url\":\"https:\\\/\\\/balufy.com\\\/es\\\/\",\"logo\":{\"@type\":\"ImageObject\",\"inLanguage\":\"en-GB\",\"@id\":\"https:\\\/\\\/balufy.com\\\/es\\\/#\\\/schema\\\/logo\\\/image\\\/\",\"url\":\"https:\\\/\\\/balufy.com\\\/wp-content\\\/uploads\\\/2022\\\/06\\\/LOGO_PNG.png\",\"contentUrl\":\"https:\\\/\\\/balufy.com\\\/wp-content\\\/uploads\\\/2022\\\/06\\\/LOGO_PNG.png\",\"width\":1366,\"height\":768,\"caption\":\"Balufy\"},\"image\":{\"@id\":\"https:\\\/\\\/balufy.com\\\/es\\\/#\\\/schema\\\/logo\\\/image\\\/\"},\"sameAs\":[\"https:\\\/\\\/www.facebook.com\\\/Balufy-102705001596047\",\"https:\\\/\\\/www.instagram.com\\\/balufy_oficial\\\/\"]}]}<\/script>\n<!-- \/ Yoast SEO plugin. -->","yoast_head_json":{"title":"Can Xanet - Balufy - The taste of Experience","robots":{"index":"index","follow":"follow","max-snippet":"max-snippet:-1","max-image-preview":"max-image-preview:large","max-video-preview":"max-video-preview:-1"},"canonical":"https:\/\/balufy.com\/en\/product\/can-xanet\/","og_locale":"en_GB","og_type":"article","og_title":"Can Xanet - Balufy - The taste of Experience","og_description":"Composici\u00f3n: cocina, 13x habitaci\u00f3n, 10x ba\u00f1o Equipamiento: terraza, aire acondicionado, calefacci\u00f3n, piscina, s\u00e1banas y toallas, parking gratuito, WiFi, cama doble, utensilios y utensilios de cocina, vajilla y cuberter\u00eda, plancha y tabla de planchar, lavadora. &#8211; lavadora, grill, microondas, nevera \/ congelador, nevera, cocina a gas \/ el\u00e9ctrica Can Xenet se encuentra en las afueras de [&hellip;]","og_url":"https:\/\/balufy.com\/en\/product\/can-xanet\/","og_site_name":"Balufy - The taste of Experience","article_publisher":"https:\/\/www.facebook.com\/Balufy-102705001596047","article_modified_time":"2025-04-02T15:09:10+00:00","twitter_card":"summary_large_image","twitter_misc":{"Estimated reading time":"5 minutes"},"schema":{"@context":"https:\/\/schema.org","@graph":[{"@type":"WebPage","@id":"https:\/\/balufy.com\/es\/producto\/can-xanet\/","url":"https:\/\/balufy.com\/es\/producto\/can-xanet\/","name":"Can Xanet - Balufy - The taste of Experience","isPartOf":{"@id":"https:\/\/balufy.com\/es\/#website"},"datePublished":"2021-08-17T17:37:21+00:00","dateModified":"2025-04-02T15:09:10+00:00","breadcrumb":{"@id":"https:\/\/balufy.com\/es\/producto\/can-xanet\/#breadcrumb"},"inLanguage":"en-GB","potentialAction":[{"@type":"ReadAction","target":["https:\/\/balufy.com\/es\/producto\/can-xanet\/"]}]},{"@type":"BreadcrumbList","@id":"https:\/\/balufy.com\/es\/producto\/can-xanet\/#breadcrumb","itemListElement":[{"@type":"ListItem","position":1,"name":"Portada","item":"https:\/\/balufy.com\/"},{"@type":"ListItem","position":2,"name":"Shop","item":"https:\/\/balufy.com\/es\/shop\/"},{"@type":"ListItem","position":3,"name":"Can Xanet"}]},{"@type":"WebSite","@id":"https:\/\/balufy.com\/es\/#website","url":"https:\/\/balufy.com\/es\/","name":"Balufy - Taste of experience","description":"Balufy","publisher":{"@id":"https:\/\/balufy.com\/es\/#organization"},"potentialAction":[{"@type":"SearchAction","target":{"@type":"EntryPoint","urlTemplate":"https:\/\/balufy.com\/es\/?s={search_term_string}"},"query-input":{"@type":"PropertyValueSpecification","valueRequired":true,"valueName":"search_term_string"}}],"inLanguage":"en-GB"},{"@type":"Organization","@id":"https:\/\/balufy.com\/es\/#organization","name":"Balufy","url":"https:\/\/balufy.com\/es\/","logo":{"@type":"ImageObject","inLanguage":"en-GB","@id":"https:\/\/balufy.com\/es\/#\/schema\/logo\/image\/","url":"https:\/\/balufy.com\/wp-content\/uploads\/2022\/06\/LOGO_PNG.png","contentUrl":"https:\/\/balufy.com\/wp-content\/uploads\/2022\/06\/LOGO_PNG.png","width":1366,"height":768,"caption":"Balufy"},"image":{"@id":"https:\/\/balufy.com\/es\/#\/schema\/logo\/image\/"},"sameAs":["https:\/\/www.facebook.com\/Balufy-102705001596047","https:\/\/www.instagram.com\/balufy_oficial\/"]}]}},"_links":{"self":[{"href":"https:\/\/balufy.com\/en\/wp-json\/wp\/v2\/product\/1095","targetHints":{"allow":["GET"]}}],"collection":[{"href":"https:\/\/balufy.com\/en\/wp-json\/wp\/v2\/product"}],"about":[{"href":"https:\/\/balufy.com\/en\/wp-json\/wp\/v2\/types\/product"}],"version-history":[{"count":0,"href":"https:\/\/balufy.com\/en\/wp-json\/wp\/v2\/product\/1095\/revisions"}],"wp:attachment":[{"href":"https:\/\/balufy.com\/en\/wp-json\/wp\/v2\/media?parent=1095"}],"wp:term":[{"taxonomy":"product_brand","embeddable":true,"href":"https:\/\/balufy.com\/en\/wp-json\/wp\/v2\/product_brand?post=1095"},{"taxonomy":"product_cat","embeddable":true,"href":"https:\/\/balufy.com\/en\/wp-json\/wp\/v2\/product_cat?post=1095"},{"taxonomy":"product_tag","embeddable":true,"href":"https:\/\/balufy.com\/en\/wp-json\/wp\/v2\/product_tag?post=1095"}],"curies":[{"name":"wp","href":"https:\/\/api.w.org\/{rel}","templated":true}]}}