{"id":1218,"date":"2021-08-22T13:33:10","date_gmt":"2021-08-22T11:33:10","guid":{"rendered":"https:\/\/alquileres.pulsoweb.es\/product\/alojamiento-portals-nous\/"},"modified":"2025-04-02T17:07:00","modified_gmt":"2025-04-02T15:07:00","slug":"accommodation-portals-nous","status":"publish","type":"product","link":"https:\/\/balufy.com\/en\/product\/accommodation-portals-nous\/","title":{"rendered":"Accommodation Portals Nous"},"content":{"rendered":"<p>The sleek contemporary architecture is a counterpoint to the captivating sea views at Villa Maria. The sober lines of this Mallorca holiday rental create an ambience of simple luxury, just as its location in the charming area of Portals Nous makes for a simply relaxing holiday. Spend your stay soaking up the Mediterranean sun on the terrace or taking a short drive to the beach.<br \/>\nThe heart of Villa Maria is its expansive terrace, which is surrounded by lush landscaping and a glass balustrade for a sense of privacy and panoramic sea views. Recline on a lounger by the infinity pool, sip refreshments in the shaded section of an umbrella or retreat to the covered outdoor kitchen and dining area, where you can barbecue in the shade. Inside, you'll find a TV and Wi-Fi ready to help you unwind in the evenings.<br \/>\nWhile the pool terrace is at ground level, the villa's great room is located one floor higher for even better views. The open-plan living room, dining room and fully equipped kitchen overlook the surrounding hills through several sets of doors, which link the space to a full-width balcony. Throughout the room, neutral tones, clean lines and vibrant artwork create a sleek, modern look.<br \/>\nEach of Villa Maria's three bedrooms has a queen bed and en suite bathroom. Larger groups can also opt to use the staff room, which has its own queen bed and access to a bathroom in the hallway.<br \/>\nWhether you're travelling with friends, family or even on honeymoon, you'll find plenty to enjoy in the popular resort town of Portals Nous. Take a short drive to the sandy beach of Puerto Portals during the day, then settle into a beachfront restaurant or bar for the evening.<br \/>\nCopyright \u00a9 BALUFY. All rights reserved.<br \/>\nLicence number<br \/>\nETV 4730<\/p>\n<p><strong>BEDROOM BATHROOM<\/strong><br \/>\nBedroom 1: double bed, en-suite bathroom with separate shower<br \/>\nBedroom 2: double bed, en-suite bathroom with separate shower<br \/>\nBedroom 3 - Master: Queen size bed, en-suite bathroom with separate shower, double vanity, terrace, safety box<br \/>\nAdditional bed linen<br \/>\nStaff room: Queen-size bed, access to corridor bathroom<\/p>\n<p><strong>FEATURES AND AMENITIES<\/strong><br \/>\nFully equipped kitchen<br \/>\nEspresso machine<br \/>\nFormal dining room with seating for 6 persons<br \/>\nTelevision<br \/>\nWifi<br \/>\nAir conditioning<br \/>\nHeated floors<br \/>\nWasher dryer<\/p>\n<p><strong>EXTERNAL FEATURES<\/strong><br \/>\nOutdoor dining<br \/>\nBarbecue<br \/>\nTerrace<br \/>\nParking<br \/>\nView of the sea<br \/>\nsun loungers<\/p>\n<p><strong>PERSONNEL AND SERVICES<\/strong><br \/>\nIncluding:<br \/>\nSmall mid-week cleaning<br \/>\nChange of towels (once a week)<br \/>\nAdditional cleaning, change of sheets and towels (once a week for stays longer than 1 week).<br \/>\nUtilities (April to October)<br \/>\nAdditional cost (advance notice may be required):<br \/>\nTourist tax (compulsory)<br \/>\nVillage pre-storage<br \/>\nAirport transfer<br \/>\nActivities and excursions<br \/>\nCots (120 x 60cm) and high chairs: 100 \u20ac \/ week<\/p>\n<p>&nbsp;<\/p>","protected":false},"excerpt":{"rendered":"<p>La elegante arquitectura contempor\u00e1nea es un contrapunto a las cautivadoras vistas al mar en Villa Maria. Las l\u00edneas sobrias de este alquiler de vacaciones en Mallorca crean un ambiente de lujo simple, al igual que su ubicaci\u00f3n en la encantadora zona de Portals Nous lo convierte en unas vacaciones simplemente relajantes. Pase su estancia tomando [&hellip;]<\/p>","protected":false},"featured_media":0,"template":"","meta":[],"product_brand":[],"product_cat":[20],"product_tag":[],"class_list":{"0":"post-1218","1":"product","2":"type-product","3":"status-publish","5":"product_cat-listeo-booking","7":"first","8":"instock","9":"virtual","10":"sold-individually","11":"purchasable","12":"product-type-listing_booking"},"yoast_head":"<!-- This site is optimized with the Yoast SEO plugin v27.3 - https:\/\/yoast.com\/product\/yoast-seo-wordpress\/ -->\n<title>Alojamiento Portals Nous - Balufy - The taste of Experience<\/title>\n<meta name=\"robots\" content=\"index, follow, max-snippet:-1, max-image-preview:large, max-video-preview:-1\" \/>\n<link rel=\"canonical\" href=\"https:\/\/balufy.com\/en\/product\/accommodation-portals-nous\/\" \/>\n<meta property=\"og:locale\" content=\"en_GB\" \/>\n<meta property=\"og:type\" content=\"article\" \/>\n<meta property=\"og:title\" content=\"Alojamiento Portals Nous - Balufy - The taste of Experience\" \/>\n<meta property=\"og:description\" content=\"La elegante arquitectura contempor\u00e1nea es un contrapunto a las cautivadoras vistas al mar en Villa Maria. Las l\u00edneas sobrias de este alquiler de vacaciones en Mallorca crean un ambiente de lujo simple, al igual que su ubicaci\u00f3n en la encantadora zona de Portals Nous lo convierte en unas vacaciones simplemente relajantes. Pase su estancia tomando [&hellip;]\" \/>\n<meta property=\"og:url\" content=\"https:\/\/balufy.com\/en\/product\/accommodation-portals-nous\/\" \/>\n<meta property=\"og:site_name\" content=\"Balufy - The taste of Experience\" \/>\n<meta property=\"article:publisher\" content=\"https:\/\/www.facebook.com\/Balufy-102705001596047\" \/>\n<meta property=\"article:modified_time\" content=\"2025-04-02T15:07:00+00:00\" \/>\n<meta name=\"twitter:card\" content=\"summary_large_image\" \/>\n<meta name=\"twitter:label1\" content=\"Estimated reading time\" \/>\n\t<meta name=\"twitter:data1\" content=\"3 minutes\" \/>\n<script type=\"application\/ld+json\" class=\"yoast-schema-graph\">{\"@context\":\"https:\\\/\\\/schema.org\",\"@graph\":[{\"@type\":\"WebPage\",\"@id\":\"https:\\\/\\\/balufy.com\\\/de\\\/produkt\\\/unterkunft-portale-nous\\\/\",\"url\":\"https:\\\/\\\/balufy.com\\\/de\\\/produkt\\\/unterkunft-portale-nous\\\/\",\"name\":\"Alojamiento Portals Nous - Balufy - The taste of Experience\",\"isPartOf\":{\"@id\":\"https:\\\/\\\/balufy.com\\\/es\\\/#website\"},\"datePublished\":\"2021-08-22T11:33:10+00:00\",\"dateModified\":\"2025-04-02T15:07:00+00:00\",\"breadcrumb\":{\"@id\":\"https:\\\/\\\/balufy.com\\\/de\\\/produkt\\\/unterkunft-portale-nous\\\/#breadcrumb\"},\"inLanguage\":\"en-GB\",\"potentialAction\":[{\"@type\":\"ReadAction\",\"target\":[\"https:\\\/\\\/balufy.com\\\/de\\\/produkt\\\/unterkunft-portale-nous\\\/\"]}]},{\"@type\":\"BreadcrumbList\",\"@id\":\"https:\\\/\\\/balufy.com\\\/de\\\/produkt\\\/unterkunft-portale-nous\\\/#breadcrumb\",\"itemListElement\":[{\"@type\":\"ListItem\",\"position\":1,\"name\":\"Portada\",\"item\":\"https:\\\/\\\/balufy.com\\\/\"},{\"@type\":\"ListItem\",\"position\":2,\"name\":\"Shop\",\"item\":\"https:\\\/\\\/balufy.com\\\/es\\\/shop\\\/\"},{\"@type\":\"ListItem\",\"position\":3,\"name\":\"Alojamiento Portals Nous\"}]},{\"@type\":\"WebSite\",\"@id\":\"https:\\\/\\\/balufy.com\\\/es\\\/#website\",\"url\":\"https:\\\/\\\/balufy.com\\\/es\\\/\",\"name\":\"Balufy - Taste of experience\",\"description\":\"Balufy\",\"publisher\":{\"@id\":\"https:\\\/\\\/balufy.com\\\/es\\\/#organization\"},\"potentialAction\":[{\"@type\":\"SearchAction\",\"target\":{\"@type\":\"EntryPoint\",\"urlTemplate\":\"https:\\\/\\\/balufy.com\\\/es\\\/?s={search_term_string}\"},\"query-input\":{\"@type\":\"PropertyValueSpecification\",\"valueRequired\":true,\"valueName\":\"search_term_string\"}}],\"inLanguage\":\"en-GB\"},{\"@type\":\"Organization\",\"@id\":\"https:\\\/\\\/balufy.com\\\/es\\\/#organization\",\"name\":\"Balufy\",\"url\":\"https:\\\/\\\/balufy.com\\\/es\\\/\",\"logo\":{\"@type\":\"ImageObject\",\"inLanguage\":\"en-GB\",\"@id\":\"https:\\\/\\\/balufy.com\\\/es\\\/#\\\/schema\\\/logo\\\/image\\\/\",\"url\":\"https:\\\/\\\/balufy.com\\\/wp-content\\\/uploads\\\/2022\\\/06\\\/LOGO_PNG.png\",\"contentUrl\":\"https:\\\/\\\/balufy.com\\\/wp-content\\\/uploads\\\/2022\\\/06\\\/LOGO_PNG.png\",\"width\":1366,\"height\":768,\"caption\":\"Balufy\"},\"image\":{\"@id\":\"https:\\\/\\\/balufy.com\\\/es\\\/#\\\/schema\\\/logo\\\/image\\\/\"},\"sameAs\":[\"https:\\\/\\\/www.facebook.com\\\/Balufy-102705001596047\",\"https:\\\/\\\/www.instagram.com\\\/balufy_oficial\\\/\"]}]}<\/script>\n<!-- \/ Yoast SEO plugin. -->","yoast_head_json":{"title":"Accommodation Portals Nous - Balufy - The taste of Experience","robots":{"index":"index","follow":"follow","max-snippet":"max-snippet:-1","max-image-preview":"max-image-preview:large","max-video-preview":"max-video-preview:-1"},"canonical":"https:\/\/balufy.com\/en\/product\/accommodation-portals-nous\/","og_locale":"en_GB","og_type":"article","og_title":"Alojamiento Portals Nous - Balufy - The taste of Experience","og_description":"La elegante arquitectura contempor\u00e1nea es un contrapunto a las cautivadoras vistas al mar en Villa Maria. Las l\u00edneas sobrias de este alquiler de vacaciones en Mallorca crean un ambiente de lujo simple, al igual que su ubicaci\u00f3n en la encantadora zona de Portals Nous lo convierte en unas vacaciones simplemente relajantes. Pase su estancia tomando [&hellip;]","og_url":"https:\/\/balufy.com\/en\/product\/accommodation-portals-nous\/","og_site_name":"Balufy - The taste of Experience","article_publisher":"https:\/\/www.facebook.com\/Balufy-102705001596047","article_modified_time":"2025-04-02T15:07:00+00:00","twitter_card":"summary_large_image","twitter_misc":{"Estimated reading time":"3 minutes"},"schema":{"@context":"https:\/\/schema.org","@graph":[{"@type":"WebPage","@id":"https:\/\/balufy.com\/de\/produkt\/unterkunft-portale-nous\/","url":"https:\/\/balufy.com\/de\/produkt\/unterkunft-portale-nous\/","name":"Accommodation Portals Nous - Balufy - The taste of Experience","isPartOf":{"@id":"https:\/\/balufy.com\/es\/#website"},"datePublished":"2021-08-22T11:33:10+00:00","dateModified":"2025-04-02T15:07:00+00:00","breadcrumb":{"@id":"https:\/\/balufy.com\/de\/produkt\/unterkunft-portale-nous\/#breadcrumb"},"inLanguage":"en-GB","potentialAction":[{"@type":"ReadAction","target":["https:\/\/balufy.com\/de\/produkt\/unterkunft-portale-nous\/"]}]},{"@type":"BreadcrumbList","@id":"https:\/\/balufy.com\/de\/produkt\/unterkunft-portale-nous\/#breadcrumb","itemListElement":[{"@type":"ListItem","position":1,"name":"Portada","item":"https:\/\/balufy.com\/"},{"@type":"ListItem","position":2,"name":"Shop","item":"https:\/\/balufy.com\/es\/shop\/"},{"@type":"ListItem","position":3,"name":"Alojamiento Portals Nous"}]},{"@type":"WebSite","@id":"https:\/\/balufy.com\/es\/#website","url":"https:\/\/balufy.com\/es\/","name":"Balufy - Taste of experience","description":"Balufy","publisher":{"@id":"https:\/\/balufy.com\/es\/#organization"},"potentialAction":[{"@type":"SearchAction","target":{"@type":"EntryPoint","urlTemplate":"https:\/\/balufy.com\/es\/?s={search_term_string}"},"query-input":{"@type":"PropertyValueSpecification","valueRequired":true,"valueName":"search_term_string"}}],"inLanguage":"en-GB"},{"@type":"Organization","@id":"https:\/\/balufy.com\/es\/#organization","name":"Balufy","url":"https:\/\/balufy.com\/es\/","logo":{"@type":"ImageObject","inLanguage":"en-GB","@id":"https:\/\/balufy.com\/es\/#\/schema\/logo\/image\/","url":"https:\/\/balufy.com\/wp-content\/uploads\/2022\/06\/LOGO_PNG.png","contentUrl":"https:\/\/balufy.com\/wp-content\/uploads\/2022\/06\/LOGO_PNG.png","width":1366,"height":768,"caption":"Balufy"},"image":{"@id":"https:\/\/balufy.com\/es\/#\/schema\/logo\/image\/"},"sameAs":["https:\/\/www.facebook.com\/Balufy-102705001596047","https:\/\/www.instagram.com\/balufy_oficial\/"]}]}},"_links":{"self":[{"href":"https:\/\/balufy.com\/en\/wp-json\/wp\/v2\/product\/1218","targetHints":{"allow":["GET"]}}],"collection":[{"href":"https:\/\/balufy.com\/en\/wp-json\/wp\/v2\/product"}],"about":[{"href":"https:\/\/balufy.com\/en\/wp-json\/wp\/v2\/types\/product"}],"version-history":[{"count":0,"href":"https:\/\/balufy.com\/en\/wp-json\/wp\/v2\/product\/1218\/revisions"}],"wp:attachment":[{"href":"https:\/\/balufy.com\/en\/wp-json\/wp\/v2\/media?parent=1218"}],"wp:term":[{"taxonomy":"product_brand","embeddable":true,"href":"https:\/\/balufy.com\/en\/wp-json\/wp\/v2\/product_brand?post=1218"},{"taxonomy":"product_cat","embeddable":true,"href":"https:\/\/balufy.com\/en\/wp-json\/wp\/v2\/product_cat?post=1218"},{"taxonomy":"product_tag","embeddable":true,"href":"https:\/\/balufy.com\/en\/wp-json\/wp\/v2\/product_tag?post=1218"}],"curies":[{"name":"wp","href":"https:\/\/api.w.org\/{rel}","templated":true}]}}